{"id":1547,"date":"2021-12-27T08:05:11","date_gmt":"2021-12-27T08:05:11","guid":{"rendered":"https:\/\/charcoalplant.com\/?p=1547"},"modified":"2023-04-14T09:25:21","modified_gmt":"2023-04-14T01:25:21","slug":"charcoal-shredder","status":"publish","type":"product","link":"https:\/\/charcoalplant.com\/es\/product\/charcoal-shredder\/","title":{"rendered":"Trituradora de carb\u00f3n | maquina trituradora de carbon"},"content":{"rendered":"<div class=\"kk-star-ratings kksr-auto kksr-align-left kksr-valign-top\"     data-payload='{&quot;align&quot;:&quot;left&quot;,&quot;id&quot;:&quot;1547&quot;,&quot;slug&quot;:&quot;default&quot;,&quot;valign&quot;:&quot;top&quot;,&quot;ignore&quot;:&quot;&quot;,&quot;reference&quot;:&quot;auto&quot;,&quot;class&quot;:&quot;&quot;,&quot;count&quot;:&quot;27&quot;,&quot;legendonly&quot;:&quot;&quot;,&quot;readonly&quot;:&quot;&quot;,&quot;score&quot;:&quot;4.7&quot;,&quot;starsonly&quot;:&quot;&quot;,&quot;best&quot;:&quot;5&quot;,&quot;gap&quot;:&quot;5&quot;,&quot;greet&quot;:&quot;Rate this product&quot;,&quot;legend&quot;:&quot;4.7\\\/5 - (27 votos)&quot;,&quot;size&quot;:&quot;24&quot;,&quot;title&quot;:&quot;Charcoal Shredder | Coal Grinder Machine&quot;,&quot;width&quot;:&quot;133.8&quot;,&quot;_legend&quot;:&quot;{score}\\\/{best} - ({count} {votes})&quot;,&quot;font_factor&quot;:&quot;1.25&quot;}'>              <div class=\"kksr-stars\">      <div class=\"kksr-stars-inactive\">             <div class=\"kksr-star\" data-star=\"1\" style=\"padding-right: 5px\">               <div class=\"kksr-icon\" style=\"width: 24px; height: 24px;\"><\/div>         <\/div>             <div class=\"kksr-star\" data-star=\"2\" style=\"padding-right: 5px\">               <div class=\"kksr-icon\" style=\"width: 24px; height: 24px;\"><\/div>         <\/div>             <div class=\"kksr-star\" data-star=\"3\" style=\"padding-right: 5px\">               <div class=\"kksr-icon\" style=\"width: 24px; height: 24px;\"><\/div>         <\/div>             <div class=\"kksr-star\" data-star=\"4\" style=\"padding-right: 5px\">               <div class=\"kksr-icon\" style=\"width: 24px; height: 24px;\"><\/div>         <\/div>             <div class=\"kksr-star\" data-star=\"5\" style=\"padding-right: 5px\">               <div class=\"kksr-icon\" style=\"width: 24px; height: 24px;\"><\/div>         <\/div>     <\/div>      <div class=\"kksr-stars-active\" style=\"width: 133.8px;\">             <div class=\"kksr-star\" style=\"padding-right: 5px\">               <div class=\"kksr-icon\" style=\"width: 24px; height: 24px;\"><\/div>         <\/div>             <div class=\"kksr-star\" style=\"padding-right: 5px\">               <div class=\"kksr-icon\" style=\"width: 24px; height: 24px;\"><\/div>         <\/div>             <div class=\"kksr-star\" style=\"padding-right: 5px\">               <div class=\"kksr-icon\" style=\"width: 24px; height: 24px;\"><\/div>         <\/div>             <div class=\"kksr-star\" style=\"padding-right: 5px\">               <div class=\"kksr-icon\" style=\"width: 24px; height: 24px;\"><\/div>         <\/div>             <div class=\"kksr-star\" style=\"padding-right: 5px\">               <div class=\"kksr-icon\" style=\"width: 24px; height: 24px;\"><\/div>         <\/div>     <\/div> <\/div>                   <div class=\"kksr-legend\" style=\"font-size: 19.2px;\">             4,7\/5 - (27 votos)    <\/div>     <\/div>  <p class=\"translation-block\"><strong>Triturador de carb\u00f3n<\/strong> y m\u00e1quina de trituraci\u00f3n de carb\u00f3n a menudo aparecen en la <strong><a href=\"https:\/\/charcoalplant.com\/es\/charcoal-briquettes-production-line\/\">l\u00ednea de producci\u00f3n de briquetas de carb\u00f3n<\/a><\/strong>. Su uso har\u00e1 que la operaci\u00f3n de toda la l\u00ednea de producci\u00f3n de carb\u00f3n sea m\u00e1s suave. Shuliy Machinery produce todo tipo de equipos de procesamiento de carb\u00f3n. Si desea saber sobre nuestra <em>crusher<\/em> machine, p\u00f3ngase en contacto con nosotros de inmediato. Y obtendr\u00e1 informaci\u00f3n de precio y par\u00e1metros del equipo.<\/p>    <h2 class=\"wp-block-heading\" id=\"h-type-1-charcoal-shredder-machine\"><strong>Tipo 1:<\/strong> <strong>Trituradora de carb\u00f3n<\/strong> <strong>m\u00e1quina<\/strong><\/h2>    <p>La m\u00e1quina de polvo de carb\u00f3n tambi\u00e9n se llama trituradora de paja, m\u00e1quina trituradora de tallos de ma\u00edz. Tambi\u00e9n es un nuevo tipo de equipo de protecci\u00f3n ambiental. Porque incluye principalmente la estructura del puerto de alimentaci\u00f3n, martillo, cuchilla, criba y puerto de descarga. Por lo tanto, su principio de funcionamiento es utilizar una cuchilla para picar primero las materias primas. Luego es golpeado repetidamente por el martillo. Finalmente, los materiales calificados caer\u00e1n a trav\u00e9s de la pantalla.<\/p>    <figure class=\"wp-block-gallery has-nested-images columns-default is-cropped wp-block-gallery-2 is-layout-flex wp-block-gallery-is-layout-flex\"> <figure class=\"wp-block-image size-large\"><img loading=\"lazy\" decoding=\"async\" width=\"720\" height=\"540\" data-id=\"1555\" src=\"https:\/\/charcoalplant.com\/wp-content\/uploads\/2021\/12\/Charcoal-shredder-2-1.jpg\" alt=\"Trituradora de carb\u00f3n\" class=\"wp-image-1555\" srcset=\"https:\/\/charcoalplant.com\/wp-content\/uploads\/2021\/12\/Charcoal-shredder-2-1.jpg 720w, https:\/\/charcoalplant.com\/wp-content\/uploads\/2021\/12\/Charcoal-shredder-2-1-300x225.jpg 300w\" sizes=\"auto, (max-width: 720px) 100vw, 720px\" \/><figcaption class=\"wp-element-caption\">Trituradora de carb\u00f3n<\/figcaption><\/figure>    <figure class=\"wp-block-image size-large\"><img loading=\"lazy\" decoding=\"async\" width=\"720\" height=\"540\" data-id=\"1861\" src=\"https:\/\/charcoalplant.com\/wp-content\/uploads\/2021\/12\/charcoal-shredder-machine-plant.jpg\" alt=\"planta trituradora de carb\u00f3n\" class=\"wp-image-1861\" srcset=\"https:\/\/charcoalplant.com\/wp-content\/uploads\/2021\/12\/charcoal-shredder-machine-plant.jpg 720w, https:\/\/charcoalplant.com\/wp-content\/uploads\/2021\/12\/charcoal-shredder-machine-plant-300x225.jpg 300w\" sizes=\"auto, (max-width: 720px) 100vw, 720px\" \/><figcaption class=\"wp-element-caption\">planta trituradora de carb\u00f3n<\/figcaption><\/figure> <\/figure>    <h3 class=\"wp-block-heading\" id=\"h-application-of-charcoal-powder-machine\"><strong>Aplicaciones del carb\u00f3n vegetal<\/strong> <strong>m\u00e1quina trituradora<\/strong><\/h3>    <p>Las materias primas de la peque\u00f1a trituradora de carb\u00f3n son extensas. No solo puede triturar paja, paja, madera, materiales medicinales chinos, especias, bamb\u00fa y otras materias primas. El material triturado se puede utilizar para producir diversos productos terminados. Como s\u00e1ndalo, espirales antimosquitos, fertilizantes de biomasa, combustible de biomasa, carb\u00f3n vegetal elaborado a m\u00e1quina, tableros de part\u00edculas y otros productos terminados. De hecho, el medio utilizado para cultivar setas ostra, setas shiitake, hongos, etc. tambi\u00e9n son estos materiales de desecho reciclados.<\/p>    <figure class=\"wp-block-image aligncenter size-full\"><img loading=\"lazy\" decoding=\"async\" width=\"720\" height=\"540\" src=\"https:\/\/charcoalplant.com\/wp-content\/uploads\/2021\/12\/Charcoal-crusher-crushing-effect-1.jpg\" alt=\"Efecto-triturador-triturador-de-carb\u00f3n\" class=\"wp-image-1556\" srcset=\"https:\/\/charcoalplant.com\/wp-content\/uploads\/2021\/12\/Charcoal-crusher-crushing-effect-1.jpg 720w, https:\/\/charcoalplant.com\/wp-content\/uploads\/2021\/12\/Charcoal-crusher-crushing-effect-1-300x225.jpg 300w\" sizes=\"auto, (max-width: 720px) 100vw, 720px\" \/><figcaption class=\"wp-element-caption\">Efecto-triturador-triturador-de-carb\u00f3n<\/figcaption><\/figure>    <h3 class=\"wp-block-heading\"><strong>Par\u00e1metro de la m\u00e1quina trituradora de carb\u00f3n<\/strong>s<\/h3>    <figure class=\"wp-block-table is-style-stripes\"><table><tbody><tr><td>Modelo<\/td><td>SL-HM60<\/td><td>SL-HM70<\/td><td>SL-HM80<\/td><td>SL-HM90<\/td><td>SL-HM1000<\/td><td>SL-HM1300<\/td><\/tr><tr><td>Potencia (kilovatios)<\/td><td>22<\/td><td>30<\/td><td>37<\/td><td>55<\/td><td>75<\/td><td>90<\/td><\/tr><tr><td>Martillos (uds.)<\/td><td>30<\/td><td>40<\/td><td>50<\/td><td>50<\/td><td>105<\/td><td>105<\/td><\/tr><tr><td>Ventilador (kilovatios)<\/td><td>&nbsp;<\/td><td>&nbsp;<\/td><td>7.5<\/td><td>7.5<\/td><td>11<\/td><td>22<\/td><\/tr><tr><td>Removedor de polvo (piezas)<\/td><td>5<\/td><td>5<\/td><td>5<\/td><td>5<\/td><td>14<\/td><td>14<\/td><\/tr><tr><td>Di\u00e1metro del cicl\u00f3n (m)<\/td><td>1<\/td><td>1<\/td><td>1<\/td><td>1<\/td><td>1<\/td><td>1<\/td><\/tr><tr><td>Capacidad (t\/h)<\/td><td>0.6-0.8<\/td><td>1-1.2<\/td><td>1.2-1.5<\/td><td>1.5-3<\/td><td>3-4<\/td><td>4-5<\/td><\/tr><\/tbody><\/table><\/figure>    <p>SL-HM 60 y SL-HM70 son nuestros m\u00e1s vendidos. Por su peque\u00f1o tama\u00f1o y bajo coste. SL-HM 1300 es el m\u00e1s com\u00fan.<\/p>    <h3 class=\"wp-block-heading\"><strong>Video de trituradora de carb\u00f3n. <\/strong><\/h3>    <p>El siguiente video muestra la capacidad de la m\u00e1quina para fabricar carb\u00f3n en polvo para triturar una variedad de materias primas. Por ejemplo, carb\u00f3n, paja, papel, troncos, etc.<\/p>    <figure class=\"wp-block-embed is-type-video is-provider-youtube wp-block-embed-youtube wp-embed-aspect-16-9 wp-has-aspect-ratio\"><div class=\"wp-block-embed__wrapper\"> <iframe loading=\"lazy\" title=\"Molino de martillos de c\u00e1scara de coco de venta caliente | Trituradora de paja para f\u00e1brica de piensos #biomasa#carb\u00f3ncrushing\" width=\"500\" height=\"281\" src=\"https:\/\/www.youtube.com\/embed\/Jvb6txakGeQ?feature=oembed\" frameborder=\"0\" allow=\"accelerometer; autoplay; clipboard-write; encrypted-media; gyroscope; picture-in-picture; web-share\" referrerpolicy=\"strict-origin-when-cross-origin\" allowfullscreen><\/iframe> <\/div><\/figure>    <h2 class=\"wp-block-heading\" id=\"h-type-2-coal-grinder-machine\"><strong>Tipo 2:<\/strong> <strong>maquina trituradora de carbon<\/strong><\/h2>    <p>La trituradora de carb\u00f3n se conoce como trituradora compuesta vertical. Tambi\u00e9n se le conoce como pulverizador de piedra y trituradora compuesta. No s\u00f3lo adopta inteligentemente el principio de funcionamiento de piedra golpeando piedra. Adem\u00e1s, tambi\u00e9n tiene dos funciones: trituraci\u00f3n fina y trituraci\u00f3n gruesa. Su estructura incluye principalmente un dispositivo de transmisi\u00f3n, eje principal, cilindro, cubierta superior y base. <\/p>    <p>Su principio de funcionamiento es que el carb\u00f3n primero cae verticalmente desde la parte superior de la m\u00e1quina hacia el impulsor giratorio de alta velocidad. Luego, los materiales se trituran despu\u00e9s de golpearse repetidamente entre s\u00ed. Finalmente, se descarga directamente desde abajo. Hay equipos de cribado para controlar y lograr el tama\u00f1o de part\u00edcula requerido del producto terminado.<\/p>    <figure class=\"wp-block-gallery has-nested-images columns-default is-cropped wp-block-gallery-3 is-layout-flex wp-block-gallery-is-layout-flex\"> <figure class=\"wp-block-image size-large\"><img loading=\"lazy\" decoding=\"async\" width=\"720\" height=\"540\" data-id=\"1863\" src=\"https:\/\/charcoalplant.com\/wp-content\/uploads\/2021\/12\/Charcoal-shredder.jpg\" alt=\"Trituradora de carb\u00f3n\" class=\"wp-image-1863\" srcset=\"https:\/\/charcoalplant.com\/wp-content\/uploads\/2021\/12\/Charcoal-shredder.jpg 720w, https:\/\/charcoalplant.com\/wp-content\/uploads\/2021\/12\/Charcoal-shredder-300x225.jpg 300w\" sizes=\"auto, (max-width: 720px) 100vw, 720px\" \/><figcaption class=\"wp-element-caption\">Trituradora de carb\u00f3n<\/figcaption><\/figure>    <figure class=\"wp-block-image size-large\"><img loading=\"lazy\" decoding=\"async\" width=\"720\" height=\"540\" data-id=\"1862\" src=\"https:\/\/charcoalplant.com\/wp-content\/uploads\/2021\/12\/crusher-plant-2.jpg\" alt=\"maquina trituradora de carbon\" class=\"wp-image-1862\" srcset=\"https:\/\/charcoalplant.com\/wp-content\/uploads\/2021\/12\/crusher-plant-2.jpg 720w, https:\/\/charcoalplant.com\/wp-content\/uploads\/2021\/12\/crusher-plant-2-300x225.jpg 300w\" sizes=\"auto, (max-width: 720px) 100vw, 720px\" \/><figcaption class=\"wp-element-caption\">maquina trituradora de carbon<\/figcaption><\/figure> <\/figure>    <h3 class=\"wp-block-heading\" id=\"h-application-of-coal-powder-machine\"><strong>Aplicaci\u00f3n de la m\u00e1quina de polvo de carb\u00f3n.<\/strong><\/h3>    <p>La trituradora de carb\u00f3n se abrevia como trituradora compuesta. Y es uno de los equipos comunes en las l\u00edneas de producci\u00f3n de trituraci\u00f3n y l\u00edneas de producci\u00f3n de arena. Dado que la trituradora de carb\u00f3n no tiene barras de criba, no hay necesidad de preocuparse por la obstrucci\u00f3n del material. <\/p>    <p>Adem\u00e1s, el pulverizador compuesto puede ajustar la finura de trituraci\u00f3n. Puede triturar materiales a granel como dolomita, piedras preciosas de coque, mineral de plomo y zinc, piedra caliza, carb\u00f3n, etc. Por lo tanto, tambi\u00e9n aparece a menudo en los equipos de procesamiento de trituraci\u00f3n fina de materias primas y clinker en las plantas de cemento. Tambi\u00e9n es especialmente adecuado para el procesamiento y trituraci\u00f3n de arena artificial o asfalto como piedra caliza dura y dolomita.<\/p>    <figure class=\"wp-block-image aligncenter size-full\"><img loading=\"lazy\" decoding=\"async\" width=\"720\" height=\"540\" src=\"https:\/\/charcoalplant.com\/wp-content\/uploads\/2021\/12\/coal-shredder-shredding-effect-2.jpg\" alt=\"efecto-trituraci\u00f3n-trituradora-de-carb\u00f3n\" class=\"wp-image-1557\" srcset=\"https:\/\/charcoalplant.com\/wp-content\/uploads\/2021\/12\/coal-shredder-shredding-effect-2.jpg 720w, https:\/\/charcoalplant.com\/wp-content\/uploads\/2021\/12\/coal-shredder-shredding-effect-2-300x225.jpg 300w\" sizes=\"auto, (max-width: 720px) 100vw, 720px\" \/><figcaption class=\"wp-element-caption\"> efecto-trituraci\u00f3n-trituradora-de-carb\u00f3n<\/figcaption><\/figure>    <h3 class=\"wp-block-heading\"><strong>Par\u00e1metro de la m\u00e1quina para fabricar polvo de carb\u00f3n<\/strong>s<\/h3>    <figure class=\"wp-block-table is-style-stripes\"><table><tbody><tr><td>Tipo<\/td><td>SL-CC800<\/td><td>SL-CC1000<\/td><td>SL-CC1250<\/td><td>SL-CC1500<\/td><td>SL-CC1750<\/td><\/tr><tr><td>Di\u00e1metro de la rueda (mm)<\/td><td>650<\/td><td>800<\/td><td>1000<\/td><td>1250<\/td><td>1560<\/td><\/tr><tr><td>Altura del cilindro (mm)<\/td><td>800<\/td><td>850<\/td><td>850<\/td><td>1000<\/td><td>1410<\/td><\/tr><tr><td>Velocidad del husillo (r\/min)<\/td><td>1350<\/td><td>970<\/td><td>740<\/td><td>650<\/td><td>600<\/td><\/tr><tr><td>Tama\u00f1o de la materia prima (mm)<\/td><td>50<\/td><td>70<\/td><td>100<\/td><td>100<\/td><td>100<\/td><\/tr><tr><td>Tama\u00f1o de descarga (mm)<\/td><td>0-5<\/td><td>0-5<\/td><td>0-5<\/td><td>0-5<\/td><td>0-5<\/td><\/tr><tr><td>Capacidad de procesamiento (t\/h)<\/td><td>5-15<\/td><td>10-30<\/td><td>20-60<\/td><td>30-80<\/td><td>40-100<\/td><\/tr><tr><td>Potencia del motor (kilovatios)<\/td><td>30<\/td><td>50<\/td><td>75<\/td><td>110<\/td><td>132<\/td><\/tr><tr><td>Peso (t)<\/td><td>2.3<\/td><td>4.5<\/td><td>9.73<\/td><td>18.1<\/td><td>26.61<\/td><\/tr><\/tbody><\/table><\/figure>    <h3 class=\"wp-block-heading\"><strong>Video de la m\u00e1quina trituradora de carb\u00f3n.<\/strong><\/h3>    <figure class=\"wp-block-embed is-type-video is-provider-youtube wp-block-embed-youtube wp-embed-aspect-16-9 wp-has-aspect-ratio\"><div class=\"wp-block-embed__wrapper\"> <iframe loading=\"lazy\" title=\"M\u00e1quina trituradora de carb\u00f3n | Planta de equipos de polvo de carb\u00f3n#trituradora#trituradora#l\u00ednea de producci\u00f3n de carb\u00f3n\" width=\"500\" height=\"281\" src=\"https:\/\/www.youtube.com\/embed\/kgaT_lhmgkE?feature=oembed\" frameborder=\"0\" allow=\"accelerometer; autoplay; clipboard-write; encrypted-media; gyroscope; picture-in-picture; web-share\" referrerpolicy=\"strict-origin-when-cross-origin\" allowfullscreen><\/iframe> <\/div><\/figure>    <h2 class=\"wp-block-heading\" id=\"h-sale-of-charcoal-pulverizer\"><strong>Venta de pulverizador de carbon<\/strong><\/h2>    <p class=\"translation-block\">La trituradora de carb\u00f3n fabricada en nuestra f\u00e1brica tambi\u00e9n est\u00e1 equipada con un dispositivo de eliminaci\u00f3n de polvo. Como resultado, es inevitable la generaci\u00f3n de polvo durante el periodo de trituraci\u00f3n. Por lo tanto, el dispositivo de eliminaci\u00f3n de polvo no solo mejora la pureza del material. Adem\u00e1s, tambi\u00e9n purifica el ambiente de trabajo de los empleados. Adem\u00e1s de vender m\u00e1quinas de trituraci\u00f3n de carb\u00f3n y trituradoras compuestas de carb\u00f3n, tambi\u00e9n vendemos equipos de procesamiento como <strong><a href=\"https:\/\/charcoalplant.com\/es\/charcoal-raymond-mill\/\">muelas de Raymond<\/a><\/strong>s y <strong>mezcladores de polvo de carb\u00f3n<\/strong>s. Si es necesario, consulte. Le proporcionaremos precios asequibles.<\/p>    <figure class=\"wp-block-gallery has-nested-images columns-default is-cropped wp-block-gallery-4 is-layout-flex wp-block-gallery-is-layout-flex\"> <figure class=\"wp-block-image size-full\"><img loading=\"lazy\" decoding=\"async\" width=\"720\" height=\"540\" data-id=\"2123\" src=\"https:\/\/charcoalplant.com\/wp-content\/uploads\/2022\/01\/Shipping-in-wooden-cases.jpg\" alt=\"Env\u00edo en cajas de madera\" class=\"wp-image-2123\"\/><figcaption class=\"wp-element-caption\">Env\u00edo en cajas de madera<\/figcaption><\/figure>    <figure class=\"wp-block-image size-large\"><img loading=\"lazy\" decoding=\"async\" width=\"720\" height=\"540\" data-id=\"2567\" src=\"https:\/\/charcoalplant.com\/wp-content\/uploads\/2022\/03\/shippment.jpg\" alt=\"env\u00edo\" class=\"wp-image-2567\"\/><figcaption class=\"wp-element-caption\">env\u00edo<\/figcaption><\/figure> <\/figure>    <p><\/p>","protected":false},"excerpt":{"rendered":"<p>La trituradora de carb\u00f3n es un equipo de trituraci\u00f3n de materiales multifuncional. Puede triturar paja, paja, bamb\u00fa, carb\u00f3n, etc. <\/p>","protected":false},"author":1,"featured_media":1714,"parent":0,"template":"","tags":[62],"product-type":[42],"class_list":["post-1547","product","type-product","status-publish","has-post-thumbnail","hentry","tag-grinder-and-mixer","product-type-grinder-and-mixer"],"_links":{"self":[{"href":"https:\/\/charcoalplant.com\/es\/wp-json\/wp\/v2\/product\/1547","targetHints":{"allow":["GET"]}}],"collection":[{"href":"https:\/\/charcoalplant.com\/es\/wp-json\/wp\/v2\/product"}],"about":[{"href":"https:\/\/charcoalplant.com\/es\/wp-json\/wp\/v2\/types\/product"}],"author":[{"embeddable":true,"href":"https:\/\/charcoalplant.com\/es\/wp-json\/wp\/v2\/users\/1"}],"wp:featuredmedia":[{"embeddable":true,"href":"https:\/\/charcoalplant.com\/es\/wp-json\/wp\/v2\/media\/1714"}],"wp:attachment":[{"href":"https:\/\/charcoalplant.com\/es\/wp-json\/wp\/v2\/media?parent=1547"}],"wp:term":[{"taxonomy":"post_tag","embeddable":true,"href":"https:\/\/charcoalplant.com\/es\/wp-json\/wp\/v2\/tags?post=1547"},{"taxonomy":"product-type","embeddable":true,"href":"https:\/\/charcoalplant.com\/es\/wp-json\/wp\/v2\/product-type?post=1547"}],"curies":[{"name":"wp","href":"https:\/\/api.w.org\/{rel}","templated":true}]}}