{"id":1661,"date":"2021-12-31T06:31:43","date_gmt":"2021-12-31T06:31:43","guid":{"rendered":"https:\/\/charcoalplant.com\/?page_id=1661"},"modified":"2023-01-29T11:00:38","modified_gmt":"2023-01-29T03:00:38","slug":"charcoal-briquettes-production-line","status":"publish","type":"product","link":"https:\/\/charcoalplant.com\/es\/charcoal-briquettes-production-line\/","title":{"rendered":"L\u00ednea de producci\u00f3n de briquetas de carb\u00f3n"},"content":{"rendered":"<div class=\"kk-star-ratings kksr-auto kksr-align-left kksr-valign-top\"     data-payload='{&quot;align&quot;:&quot;left&quot;,&quot;id&quot;:&quot;1661&quot;,&quot;slug&quot;:&quot;default&quot;,&quot;valign&quot;:&quot;top&quot;,&quot;ignore&quot;:&quot;&quot;,&quot;reference&quot;:&quot;auto&quot;,&quot;class&quot;:&quot;&quot;,&quot;count&quot;:&quot;24&quot;,&quot;legendonly&quot;:&quot;&quot;,&quot;readonly&quot;:&quot;&quot;,&quot;score&quot;:&quot;4.6&quot;,&quot;starsonly&quot;:&quot;&quot;,&quot;best&quot;:&quot;5&quot;,&quot;gap&quot;:&quot;5&quot;,&quot;greet&quot;:&quot;Rate this product&quot;,&quot;legend&quot;:&quot;4.6\\\/5 - (24 votos)&quot;,&quot;size&quot;:&quot;24&quot;,&quot;title&quot;:&quot;Charcoal Briquettes Production Line&quot;,&quot;width&quot;:&quot;130.9&quot;,&quot;_legend&quot;:&quot;{score}\\\/{best} - ({count} {votes})&quot;,&quot;font_factor&quot;:&quot;1.25&quot;}'>              <div class=\"kksr-stars\">      <div class=\"kksr-stars-inactive\">             <div class=\"kksr-star\" data-star=\"1\" style=\"padding-right: 5px\">               <div class=\"kksr-icon\" style=\"width: 24px; height: 24px;\"><\/div>         <\/div>             <div class=\"kksr-star\" data-star=\"2\" style=\"padding-right: 5px\">               <div class=\"kksr-icon\" style=\"width: 24px; height: 24px;\"><\/div>         <\/div>             <div class=\"kksr-star\" data-star=\"3\" style=\"padding-right: 5px\">               <div class=\"kksr-icon\" style=\"width: 24px; height: 24px;\"><\/div>         <\/div>             <div class=\"kksr-star\" data-star=\"4\" style=\"padding-right: 5px\">               <div class=\"kksr-icon\" style=\"width: 24px; height: 24px;\"><\/div>         <\/div>             <div class=\"kksr-star\" data-star=\"5\" style=\"padding-right: 5px\">               <div class=\"kksr-icon\" style=\"width: 24px; height: 24px;\"><\/div>         <\/div>     <\/div>      <div class=\"kksr-stars-active\" style=\"width: 130.9px;\">             <div class=\"kksr-star\" style=\"padding-right: 5px\">               <div class=\"kksr-icon\" style=\"width: 24px; height: 24px;\"><\/div>         <\/div>             <div class=\"kksr-star\" style=\"padding-right: 5px\">               <div class=\"kksr-icon\" style=\"width: 24px; height: 24px;\"><\/div>         <\/div>             <div class=\"kksr-star\" style=\"padding-right: 5px\">               <div class=\"kksr-icon\" style=\"width: 24px; height: 24px;\"><\/div>         <\/div>             <div class=\"kksr-star\" style=\"padding-right: 5px\">               <div class=\"kksr-icon\" style=\"width: 24px; height: 24px;\"><\/div>         <\/div>             <div class=\"kksr-star\" style=\"padding-right: 5px\">               <div class=\"kksr-icon\" style=\"width: 24px; height: 24px;\"><\/div>         <\/div>     <\/div> <\/div>                   <div class=\"kksr-legend\" style=\"font-size: 19.2px;\">             4,6\/5 - (24 votos)    <\/div>     <\/div>  <p class=\"translation-block\">La <strong>l\u00ednea de producci\u00f3n de briquetas de carb\u00f3n vegetal<\/strong> es una planta para la fabricaci\u00f3n de carb\u00f3n vegetal para barbacoa, carb\u00f3n para cachimba, carb\u00f3n, carb\u00f3n de aserr\u00edn, carb\u00f3n de coco, etc. Y la materia prima de la m\u00e1quina de fabricaci\u00f3n de carb\u00f3n vegetal puede ser variada, como bamb\u00fa, troncos, c\u00e1scara de coco, c\u00e1scara de arroz, aserr\u00edn, etc. Por lo tanto, los clientes que invierten en la l\u00ednea de producci\u00f3n de m\u00e1quinas moldeadoras de carb\u00f3n vegetal no necesitan preocuparse demasiado por la adquisici\u00f3n de materias primas. Debido a su amplia gama de materias primas y bajos precios. <\/p>    <p>Como proveedor profesional de equipos de carb\u00f3n, podemos brindarle sugerencias razonables para su producci\u00f3n de carb\u00f3n para ayudarlo a lograr una producci\u00f3n eficiente. En conclusi\u00f3n, estamos dispuestos a ayudarlo a iniciar su negocio de fabricaci\u00f3n de briquetas de carb\u00f3n lo antes posible. Y le daremos un precio favorable.<\/p>    <figure class=\"wp-block-image aligncenter size-full\"><img loading=\"lazy\" decoding=\"async\" width=\"720\" height=\"540\" src=\"https:\/\/charcoalplant.com\/wp-content\/uploads\/2021\/12\/charcoal-briquettes-production-line-price-2.jpg\" alt=\"Precio de la l\u00ednea de producci\u00f3n de briquetas de carb\u00f3n.\" class=\"wp-image-2862\"\/><figcaption class=\"wp-element-caption\">L\u00ednea de producci\u00f3n de briquetas de carb\u00f3n para la venta.<\/figcaption><\/figure>    <h2 class=\"wp-block-heading\"><strong>Materia prima de la l\u00ednea de producci\u00f3n de briquetas de carb\u00f3n.<\/strong><\/h2>    <p class=\"translation-block\">Las materias primas para la l\u00ednea de producci\u00f3n de carb\u00f3n vegetal son muy amplias. Puede ser no solo troncos, bamb\u00fa, madera frutal, sino tambi\u00e9n aserr\u00edn, c\u00e1scara de arroz, c\u00e1scara de cacahuete, c\u00e1scara de coco, c\u00e1scara de nuez, etc. Las caracter\u00edsticas de estas materias primas son que contienen mucha lignina. Por lo tanto, el carb\u00f3n vegetal se forma despu\u00e9s de la pir\u00f3lisis. El carb\u00f3n vegetal necesita ser pulverizado hasta obtener un polvo de carb\u00f3n de 3 mm con un pulverizador de carb\u00f3n antes de la aglomeraci\u00f3n. El polvo de carb\u00f3n, el aglutinante y el agua se mezclan a fondo en un <strong><a href=\"https:\/\/charcoalplant.com\/es\/product\/charcoal-powder-mixer\/\">mezclador de polvo de carb\u00f3n<\/a><\/strong>. El polvo de carb\u00f3n tratado de esta manera es liso y pegajoso.<\/p>    <figure class=\"wp-block-image aligncenter size-full\"><img loading=\"lazy\" decoding=\"async\" width=\"720\" height=\"540\" src=\"https:\/\/charcoalplant.com\/wp-content\/uploads\/2022\/03\/raw-materials-of-shisha-charcoal-production-line-1-1.jpg\" alt=\"\" class=\"wp-image-2848\"\/><\/figure>    <h2 class=\"wp-block-heading\" id=\"h-charcoal-briquettes-production-line-structure\"><strong>Estructura de la l\u00ednea de producci\u00f3n de briquetas de carb\u00f3n.<\/strong><\/h2>    <p class=\"translation-block\">De hecho, la estructura de una l\u00ednea de producci\u00f3n de carb\u00f3n vegetal es muy similar a la de una <strong><a href=\"https:\/\/charcoalplant.com\/es\/shisha-charcoal-production-line\/\">l\u00ednea de producci\u00f3n de carb\u00f3n para cachimba<\/a><\/strong>. Su estructura es carbonizaci\u00f3n, <strong><a href=\"https:\/\/charcoalplant.com\/es\/product\/charcoal-shredder\/\">trituraci\u00f3n<\/a><\/strong>, mezcla, aglomeraci\u00f3n, secado y empaquetado. Los pasos de operaci\u00f3n de toda la l\u00ednea de producci\u00f3n de aglomeraci\u00f3n de polvo de carb\u00f3n son simples y seguros. Debido a los diferentes productos terminados, existen grandes diferencias en algunos detalles espec\u00edficos. A continuaci\u00f3n, se muestra un dibujo de una l\u00ednea de producci\u00f3n de carb\u00f3n vegetal para barbacoa (solo como referencia).<\/p>    <figure class=\"wp-block-image aligncenter size-full\"><img loading=\"lazy\" decoding=\"async\" width=\"720\" height=\"540\" src=\"https:\/\/charcoalplant.com\/wp-content\/uploads\/2022\/03\/3D-Charcoal-briquettes-production-line.jpg\" alt=\"L\u00ednea de producci\u00f3n de briquetas de carb\u00f3n modelo 3d\" class=\"wp-image-2864\"\/><figcaption class=\"wp-element-caption\">L\u00ednea de producci\u00f3n de briquetas de carb\u00f3n modelo 3d<\/figcaption><\/figure>    <h2 class=\"wp-block-heading\" id=\"h-how-to-choose-a-suitable-bbq-charcoal-production-line\"><strong>Partes principales de una l\u00ednea de producci\u00f3n de briquetas de carb\u00f3n<\/strong><\/h2>    <p class=\"translation-block\">Las partes principales de una l\u00ednea de fabricaci\u00f3n de briquetas de carb\u00f3n vegetal incluyen una <a href=\"https:\/\/charcoalplant.com\/es\/product\/carbonization-furnace\/\">m\u00e1quina de carbonizaci\u00f3n<\/a>, una m\u00e1quina de briquetas de carb\u00f3n vegetal, una m\u00e1quina secadora de carb\u00f3n vegetal y una m\u00e1quina de empaquetado de carb\u00f3n vegetal. Aqu\u00ed hay informaci\u00f3n detallada sobre cada m\u00e1quina. <\/p>    <div class=\"wp-block-columns has-background is-layout-flex wp-container-core-columns-is-layout-28f84493 wp-block-columns-is-layout-flex\" style=\"background-color:#f1f1f1\"> <div class=\"wp-block-column is-layout-flow wp-block-column-is-layout-flow\" style=\"flex-basis:66.66%\"> <figure class=\"wp-block-gallery has-nested-images columns-default is-cropped wp-block-gallery-2 is-layout-flex wp-block-gallery-is-layout-flex\"> <figure class=\"wp-block-image size-large\"><img loading=\"lazy\" decoding=\"async\" width=\"720\" height=\"540\" data-id=\"1045\" src=\"https:\/\/charcoalplant.com\/wp-content\/uploads\/2021\/12\/Vertical-carbonization-furnace-Production-line-2.jpg\" alt=\"L\u00ednea de producci\u00f3n de horno de carbonizaci\u00f3n vertical.\" class=\"wp-image-1045\" srcset=\"https:\/\/charcoalplant.com\/wp-content\/uploads\/2021\/12\/Vertical-carbonization-furnace-Production-line-2.jpg 720w, https:\/\/charcoalplant.com\/wp-content\/uploads\/2021\/12\/Vertical-carbonization-furnace-Production-line-2-300x225.jpg 300w\" sizes=\"auto, (max-width: 720px) 100vw, 720px\" \/><figcaption class=\"wp-element-caption\">L\u00ednea de producci\u00f3n de horno de carbonizaci\u00f3n vertical.<\/figcaption><\/figure> <\/figure> <\/div>    <div class=\"wp-block-column is-vertically-aligned-center is-layout-flow wp-block-column-is-layout-flow\" style=\"flex-basis:33.33%\"> <p class=\"translation-block\">De hecho, la elecci\u00f3n del equipo tiene mucho que ver con las materias primas del cliente. Por ejemplo, si desea utilizar troncos o bamb\u00fa para fabricar briquetas de carb\u00f3n vegetal con forma. Necesita utilizar un <strong><a data-type=\"URL\" data-id=\"https:\/\/charcoalplant.com\/vertical-carbonization-furnace\/\" href=\"https:\/\/charcoalplant.com\/es\/vertical-carbonization-furnace\/\">horno de carbonizaci\u00f3n de elevaci\u00f3n<\/a><\/strong> para carbonizar materiales a granel. Pero si sus materias primas son materiales peque\u00f1os como aserr\u00edn o c\u00e1scara de coco, necesita elegir un horno de carbonizaci\u00f3n continuo.<\/p> <\/div> <\/div>    <div class=\"wp-block-columns has-background is-layout-flex wp-container-core-columns-is-layout-28f84493 wp-block-columns-is-layout-flex\" style=\"background-color:#f1f1f1\"> <div class=\"wp-block-column is-vertically-aligned-center is-layout-flow wp-block-column-is-layout-flow\" style=\"flex-basis:33.33%\"> <p class=\"translation-block\">En segundo lugar, para la m\u00e1quina formadora de carb\u00f3n vegetal, puede elegir una m\u00e1quina de barras de carb\u00f3n y una <strong><a href=\"https:\/\/charcoalplant.com\/es\/product\/charcoal-ball-press-machine\/\">m\u00e1quina de prensado de bolas de carb\u00f3n<\/a><\/strong>. La m\u00e1quina de barras de carb\u00f3n puede producir barras de carb\u00f3n poligonales huecas. Sin embargo, la m\u00e1quina de aglomeraci\u00f3n tiene una mayor producci\u00f3n.<\/p> <\/div>    <div class=\"wp-block-column is-layout-flow wp-block-column-is-layout-flow\"><\/div>    <div class=\"wp-block-column is-layout-flow wp-block-column-is-layout-flow\" style=\"flex-basis:66.66%\"> <figure class=\"wp-block-gallery has-nested-images columns-default is-cropped wp-block-gallery-3 is-layout-flex wp-block-gallery-is-layout-flex\"> <figure class=\"wp-block-image size-full\"><img loading=\"lazy\" decoding=\"async\" width=\"720\" height=\"540\" data-id=\"1197\" src=\"https:\/\/charcoalplant.com\/wp-content\/uploads\/2021\/12\/charcoal-powder-briquette-machine-price-1.jpg\" alt=\"precio de la m\u00e1quina de briquetas de carb\u00f3n en polvo\" class=\"wp-image-1197\" srcset=\"https:\/\/charcoalplant.com\/wp-content\/uploads\/2021\/12\/charcoal-powder-briquette-machine-price-1.jpg 720w, https:\/\/charcoalplant.com\/wp-content\/uploads\/2021\/12\/charcoal-powder-briquette-machine-price-1-300x225.jpg 300w\" sizes=\"auto, (max-width: 720px) 100vw, 720px\" \/><figcaption class=\"wp-element-caption\">precio de la m\u00e1quina de briquetas de carb\u00f3n en polvo<\/figcaption><\/figure> <\/figure> <\/div> <\/div>    <div class=\"wp-block-columns are-vertically-aligned-center has-background is-layout-flex wp-container-core-columns-is-layout-28f84493 wp-block-columns-is-layout-flex\" style=\"background-color:#f1f1f1\"> <div class=\"wp-block-column is-vertically-aligned-center is-layout-flow wp-block-column-is-layout-flow\" style=\"flex-basis:66.66%\"> <figure class=\"wp-block-gallery has-nested-images columns-default is-cropped wp-block-gallery-4 is-layout-flex wp-block-gallery-is-layout-flex\"> <figure class=\"wp-block-image size-full\"><img loading=\"lazy\" decoding=\"async\" width=\"720\" height=\"540\" data-id=\"1492\" src=\"https:\/\/charcoalplant.com\/wp-content\/uploads\/2021\/12\/shaisha-charcoal-drying-room-1.jpg\" alt=\"cuarto de secado de carb\u00f3n shaisha\" class=\"wp-image-1492\" srcset=\"https:\/\/charcoalplant.com\/wp-content\/uploads\/2021\/12\/shaisha-charcoal-drying-room-1.jpg 720w, https:\/\/charcoalplant.com\/wp-content\/uploads\/2021\/12\/shaisha-charcoal-drying-room-1-300x225.jpg 300w\" sizes=\"auto, (max-width: 720px) 100vw, 720px\" \/><figcaption class=\"wp-element-caption\">cuarto de secado de carb\u00f3n shaisha<\/figcaption><\/figure> <\/figure> <\/div>    <div class=\"wp-block-column is-vertically-aligned-center is-layout-flow wp-block-column-is-layout-flow\" style=\"flex-basis:33.33%\"> <p class=\"translation-block\">En tercer lugar, elija el equipo adecuado seg\u00fan el tama\u00f1o de su sitio de f\u00e1brica. Para algunos equipos con la misma funci\u00f3n, debido a la gran diferencia en la estructura del equipo, el modelo de la m\u00e1quina ser\u00e1 demasiado grande. Esta m\u00e1quina no es adecuada para la colocaci\u00f3n en f\u00e1brica. Entonces puede elegir alternativas similares. Por ejemplo, ofrecemos dos equipos de secado: <strong><a data-type=\"URL\" data-id=\"https:\/\/charcoalplant.com\/charcoal-briquette-dryer\/\" href=\"https:\/\/charcoalplant.com\/es\/charcoal-briquette-dryer\/\">sala de secado y secador de cinta de malla<\/a><\/strong>. El tama\u00f1o de la sala de secado se puede personalizar y la instalaci\u00f3n es flexible. El secador de cinta de malla es un modelo grande, pero la producci\u00f3n es grande.<\/p> <\/div> <\/div>    <div class=\"wp-block-columns are-vertically-aligned-center has-background is-layout-flex wp-container-core-columns-is-layout-28f84493 wp-block-columns-is-layout-flex\" style=\"background-color:#f1f1f1\"> <div class=\"wp-block-column is-vertically-aligned-center is-layout-flow wp-block-column-is-layout-flow\" style=\"flex-basis:33.33%\"> <p class=\"translation-block\">Finalmente, elija la <strong><a href=\"https:\/\/charcoalplant.com\/es\/product\/charcoal-briquettes-packing-machine\/\">m\u00e1quina de empaquetado<\/a><\/strong> seg\u00fan el tipo de producto terminado y la demanda del mercado. Para evitar la humedad y facilitar el transporte, generalmente se utiliza una m\u00e1quina de sellado y corte para empaquetar carb\u00f3n vegetal para barbacoa en el mercado.<\/p> <\/div>    <div class=\"wp-block-column is-vertically-aligned-center is-layout-flow wp-block-column-is-layout-flow\" style=\"flex-basis:66.66%\"> <figure class=\"wp-block-gallery has-nested-images columns-default is-cropped wp-block-gallery-5 is-layout-flex wp-block-gallery-is-layout-flex\"> <figure class=\"wp-block-image size-large\"><img loading=\"lazy\" decoding=\"async\" width=\"720\" height=\"540\" data-id=\"2874\" src=\"https:\/\/charcoalplant.com\/wp-content\/uploads\/2022\/03\/charcoal-briket-bagging-machine.jpg\" alt=\"m\u00e1quina-embolsadora-de-briquetas-de-carb\u00f3n\" class=\"wp-image-2874\"\/><figcaption class=\"wp-element-caption\">m\u00e1quina-embolsadora-de-briquetas-de-carb\u00f3n<\/figcaption><\/figure> <\/figure> <\/div> <\/div>    <h2 class=\"wp-block-heading\"><strong>Producto final de la m\u00e1quina briquetadora de carb\u00f3n<\/strong><\/h2>    <figure class=\"wp-block-image aligncenter size-full\"><img loading=\"lazy\" decoding=\"async\" width=\"720\" height=\"540\" src=\"https:\/\/charcoalplant.com\/wp-content\/uploads\/2022\/03\/coconut-shell-charcoal-briquette.jpg\" alt=\"\" class=\"wp-image-2875\"\/><\/figure>    <h2 class=\"wp-block-heading\" id=\"h-related-equipment-for-charcoal-briquettes-project-line\"><strong>Equipos relacionados para la l\u00ednea de fabricaci\u00f3n de briquetas de carb\u00f3n<\/strong><\/h2>    <p class=\"translation-block\"><strong>Cortador<\/strong><strong><\/strong><\/p>    <p class=\"translation-block\">La <strong><a href=\"https:\/\/charcoalplant.com\/es\/product\/charcoal-powder-briquette-machine\/\">m\u00e1quina de barras de carb\u00f3n<\/a><\/strong> puede producir briquetas de varias formas. Los clientes pueden usar cortadores para cortar barras de carb\u00f3n de diferentes longitudes. Nuestra f\u00e1brica proporciona cortadores de metros, cortadores de inducci\u00f3n infrarroja y fresas.<\/p>    <p class=\"translation-block\"><strong>Silo<\/strong><strong><\/strong><\/p>    <p>El silo puede almacenar carb\u00f3n en polvo, lo que tambi\u00e9n garantiza la producci\u00f3n continua de la planta de procesamiento de briquetas de carb\u00f3n. Proporcionamos silos de almacenamiento de carb\u00f3n en polvo, silos de pesaje y subsilos de carb\u00f3n en polvo. Cada silo tiene sus propias caracter\u00edsticas.<\/p>    <p class=\"translation-block\"><strong>Transportador<\/strong><strong><\/strong><\/p>    <p>La raz\u00f3n por la que la l\u00ednea de producci\u00f3n ahorra mano de obra se debe a la alimentaci\u00f3n autom\u00e1tica del transportador. Los dispositivos de transporte comunes son el transporte por tornillo y el transporte por cinta transportadora. Para el polvo, elige el primero. Para el bloque, elige este \u00faltimo.<\/p>    <figure class=\"wp-block-image aligncenter size-full\"><img loading=\"lazy\" decoding=\"async\" width=\"720\" height=\"540\" src=\"https:\/\/charcoalplant.com\/wp-content\/uploads\/2021\/12\/briquetting-machine-project-1-2.jpg\" alt=\"proyecto-m\u00e1quina-briquetadora-\" class=\"wp-image-1415\" srcset=\"https:\/\/charcoalplant.com\/wp-content\/uploads\/2021\/12\/briquetting-machine-project-1-2.jpg 720w, https:\/\/charcoalplant.com\/wp-content\/uploads\/2021\/12\/briquetting-machine-project-1-2-300x225.jpg 300w\" sizes=\"auto, (max-width: 720px) 100vw, 720px\" \/><figcaption class=\"wp-element-caption\">proyecto-m\u00e1quina-briquetadora<\/figcaption><\/figure>    <h2 class=\"wp-block-heading\" id=\"h-briquetting-machine-price\"><strong>\u00bfQu\u00e9 es el carb\u00f3n?<\/strong> <strong>precio de la m\u00e1quina de briquetas<\/strong>? <\/h2>    <p>Fabricamos una variedad de m\u00e1quinas briquetadoras de carb\u00f3n. Como prensa de carb\u00f3n pulverizado, prensa de bolas de carb\u00f3n pulverizado, m\u00e1quina de carb\u00f3n Honeycomb, etc. El precio de una m\u00e1quina independiente o de una l\u00ednea de producci\u00f3n se ver\u00e1 afectado por varios factores. De hecho, la calidad es la consideraci\u00f3n principal para los clientes. El segundo es el precio. Pero no se preocupe, le ofreceremos precios competitivos seg\u00fan la cantidad y la intenci\u00f3n de compra.<\/p>    <h2 class=\"wp-block-heading\" id=\"h-benefits-of-charcoal-briket\"><strong>Beneficios de las briquetas de carb\u00f3n<\/strong> <\/h2>    <p>Con el avance de la ciencia, la tecnolog\u00eda y la civilizaci\u00f3n de las personas, prestamos cada vez m\u00e1s atenci\u00f3n al medio ambiente y la salud. Al ser un carb\u00f3n de barbacoa muy buscado, tiene las siguientes caracter\u00edsticas:<\/p>    <p>1. Renovable, sin contaminaci\u00f3n.<\/p>    <p>2. Es resistente a la quema y no se agrieta.<\/p>    <p>3. Tiene buena apariencia y tiene varias formas.<\/p>    <p>4. No fuma los ojos, f\u00e1cil de encender.<\/p>    <p>5. Seguro y barato.<\/p>    <figure class=\"wp-block-image aligncenter size-full\"><img loading=\"lazy\" decoding=\"async\" width=\"720\" height=\"540\" src=\"https:\/\/charcoalplant.com\/wp-content\/uploads\/2021\/12\/Charcoal-briquettes-production-line-manufacturer.jpg\" alt=\"Fabricante de l\u00ednea de producci\u00f3n de briquetas de carb\u00f3n.\" class=\"wp-image-2876\"\/><figcaption class=\"wp-element-caption\">Fabricante de l\u00ednea de producci\u00f3n de briquetas de carb\u00f3n.<\/figcaption><\/figure>","protected":false},"excerpt":{"rendered":"<p>Charcoal briquettes\u00a0production line is a plant for manufacturing bbq charcoal, shisha charcoal, coal, sawdust charcoal, coconut charcoal, etc. And the raw material of the charcoal making machine can be various such as bamboo, log, coconut shell, rice husk, sawdust, etc. Therefore, customers who invest in charcoal molding machine production line needs not worry too much [&hellip;]<\/p>\n","protected":false},"author":1,"featured_media":2862,"parent":0,"template":"","tags":[59],"product-type":[53],"class_list":["post-1661","product","type-product","status-publish","has-post-thumbnail","hentry","tag-charcoal-briquetting-machine","product-type-product-line"],"_links":{"self":[{"href":"https:\/\/charcoalplant.com\/es\/wp-json\/wp\/v2\/product\/1661","targetHints":{"allow":["GET"]}}],"collection":[{"href":"https:\/\/charcoalplant.com\/es\/wp-json\/wp\/v2\/product"}],"about":[{"href":"https:\/\/charcoalplant.com\/es\/wp-json\/wp\/v2\/types\/product"}],"author":[{"embeddable":true,"href":"https:\/\/charcoalplant.com\/es\/wp-json\/wp\/v2\/users\/1"}],"wp:featuredmedia":[{"embeddable":true,"href":"https:\/\/charcoalplant.com\/es\/wp-json\/wp\/v2\/media\/2862"}],"wp:attachment":[{"href":"https:\/\/charcoalplant.com\/es\/wp-json\/wp\/v2\/media?parent=1661"}],"wp:term":[{"taxonomy":"post_tag","embeddable":true,"href":"https:\/\/charcoalplant.com\/es\/wp-json\/wp\/v2\/tags?post=1661"},{"taxonomy":"product-type","embeddable":true,"href":"https:\/\/charcoalplant.com\/es\/wp-json\/wp\/v2\/product-type?post=1661"}],"curies":[{"name":"wp","href":"https:\/\/api.w.org\/{rel}","templated":true}]}}