{"id":1715,"date":"2022-01-04T10:11:54","date_gmt":"2022-01-04T10:11:54","guid":{"rendered":"https:\/\/charcoalplant.com\/"},"modified":"2023-03-31T15:03:07","modified_gmt":"2023-03-31T07:03:07","slug":"log-saw-mill-machine","status":"publish","type":"product","link":"https:\/\/charcoalplant.com\/es\/product\/log-saw-mill-machine\/","title":{"rendered":"M\u00e1quina de aserradero de troncos | Sierra de cinta autom\u00e1tica para madera"},"content":{"rendered":"<div class=\"kk-star-ratings kksr-auto kksr-align-left kksr-valign-top\"     data-payload='{&quot;align&quot;:&quot;left&quot;,&quot;id&quot;:&quot;1715&quot;,&quot;slug&quot;:&quot;default&quot;,&quot;valign&quot;:&quot;top&quot;,&quot;ignore&quot;:&quot;&quot;,&quot;reference&quot;:&quot;auto&quot;,&quot;class&quot;:&quot;&quot;,&quot;count&quot;:&quot;15&quot;,&quot;legendonly&quot;:&quot;&quot;,&quot;readonly&quot;:&quot;&quot;,&quot;score&quot;:&quot;4.8&quot;,&quot;starsonly&quot;:&quot;&quot;,&quot;best&quot;:&quot;5&quot;,&quot;gap&quot;:&quot;5&quot;,&quot;greet&quot;:&quot;Rate this product&quot;,&quot;legend&quot;:&quot;4.8\\\/5 - (15 votos)&quot;,&quot;size&quot;:&quot;24&quot;,&quot;title&quot;:&quot;Log Saw Mill Machine| Automatic Wood Band Saw&quot;,&quot;width&quot;:&quot;136.7&quot;,&quot;_legend&quot;:&quot;{score}\\\/{best} - ({count} {votes})&quot;,&quot;font_factor&quot;:&quot;1.25&quot;}'>              <div class=\"kksr-stars\">      <div class=\"kksr-stars-inactive\">             <div class=\"kksr-star\" data-star=\"1\" style=\"padding-right: 5px\">               <div class=\"kksr-icon\" style=\"width: 24px; height: 24px;\"><\/div>         <\/div>             <div class=\"kksr-star\" data-star=\"2\" style=\"padding-right: 5px\">               <div class=\"kksr-icon\" style=\"width: 24px; height: 24px;\"><\/div>         <\/div>             <div class=\"kksr-star\" data-star=\"3\" style=\"padding-right: 5px\">               <div class=\"kksr-icon\" style=\"width: 24px; height: 24px;\"><\/div>         <\/div>             <div class=\"kksr-star\" data-star=\"4\" style=\"padding-right: 5px\">               <div class=\"kksr-icon\" style=\"width: 24px; height: 24px;\"><\/div>         <\/div>             <div class=\"kksr-star\" data-star=\"5\" style=\"padding-right: 5px\">               <div class=\"kksr-icon\" style=\"width: 24px; height: 24px;\"><\/div>         <\/div>     <\/div>      <div class=\"kksr-stars-active\" style=\"width: 136.7px;\">             <div class=\"kksr-star\" style=\"padding-right: 5px\">               <div class=\"kksr-icon\" style=\"width: 24px; height: 24px;\"><\/div>         <\/div>             <div class=\"kksr-star\" style=\"padding-right: 5px\">               <div class=\"kksr-icon\" style=\"width: 24px; height: 24px;\"><\/div>         <\/div>             <div class=\"kksr-star\" style=\"padding-right: 5px\">               <div class=\"kksr-icon\" style=\"width: 24px; height: 24px;\"><\/div>         <\/div>             <div class=\"kksr-star\" style=\"padding-right: 5px\">               <div class=\"kksr-icon\" style=\"width: 24px; height: 24px;\"><\/div>         <\/div>             <div class=\"kksr-star\" style=\"padding-right: 5px\">               <div class=\"kksr-icon\" style=\"width: 24px; height: 24px;\"><\/div>         <\/div>     <\/div> <\/div>                   <div class=\"kksr-legend\" style=\"font-size: 19.2px;\">             4,8\/5 - (15 votos)    <\/div>     <\/div>  <p class=\"translation-block\">La <strong>m\u00e1quina de sierra de troncos<\/strong> es una nueva herramienta de corte de madera que integra hojas de sierra, reglas de medici\u00f3n y rieles. Adem\u00e1s, la nueva sierra incorpora un dise\u00f1o que elimina el pulido y reduce la p\u00e9rdida de madera. En nuestra f\u00e1brica se producen tres tipos de sierras para madera: <strong>sierra de mesa deslizante para troncos<\/strong>, sierra de cinta vertical y sierra de cinta horizontal totalmente autom\u00e1tica.<\/a> <\/p>    <p>La siguiente es una breve introducci\u00f3n a los tres tipos de aserraderos de nuestra f\u00e1brica. Bienvenido a consultarnos sobre precios de m\u00e1quinas, accesorios, etc. Y esperamos ampliar nuestra comunicaci\u00f3n con usted. <\/p>    <h2 class=\"wp-block-heading\" id=\"raw-materials-of-log-saw-mill-machine\"><strong>Materias primas<\/strong> <strong>de la m\u00e1quina de aserradero de troncos<\/strong><\/h2>    <p class=\"translation-block\">Las materias primas de la serrer\u00eda de madera son varios troncos (caoba, abedul, roble, pino, etc.), madera cuadrada, tablones, <strong>madera pelada<\/strong>. Su materia prima tambi\u00e9n puede ser tableros sint\u00e9ticos como aglomerado, tablero s\u00e1ndwich de madera maciza o tablero de PVC. Adem\u00e1s, puede cortar aleaciones de aluminio, plexigl\u00e1s, caucho, etc.<\/p>    <figure class=\"wp-block-gallery has-nested-images columns-2 is-cropped wp-block-gallery-2 is-layout-flex wp-block-gallery-is-layout-flex\"> <figure class=\"wp-block-image size-large\"><img loading=\"lazy\" decoding=\"async\" width=\"720\" height=\"540\" data-id=\"2205\" src=\"https:\/\/charcoalplant.com\/wp-content\/uploads\/2022\/01\/log-1.jpg\" alt=\"\" class=\"wp-image-2205\"\/><\/figure>    <figure class=\"wp-block-image size-large\"><img loading=\"lazy\" decoding=\"async\" width=\"720\" height=\"540\" data-id=\"2206\" src=\"https:\/\/charcoalplant.com\/wp-content\/uploads\/2022\/01\/particle-board.jpg\" alt=\"\" class=\"wp-image-2206\"\/><\/figure>    <figure class=\"wp-block-image size-large\"><img loading=\"lazy\" decoding=\"async\" width=\"720\" height=\"540\" data-id=\"2204\" src=\"https:\/\/charcoalplant.com\/wp-content\/uploads\/2022\/01\/rubber.jpg\" alt=\"\" class=\"wp-image-2204\"\/><\/figure>    <figure class=\"wp-block-image size-large\"><img loading=\"lazy\" decoding=\"async\" width=\"720\" height=\"540\" data-id=\"2203\" src=\"https:\/\/charcoalplant.com\/wp-content\/uploads\/2022\/01\/wood-materials.jpg\" alt=\"\" class=\"wp-image-2203\"\/><\/figure> <\/figure>    <h2 class=\"wp-block-heading\" id=\"h-log-saw-mill-machine\"><strong>Tipo 1<\/strong>: <strong>Aserradero de troncos<\/strong> <strong>m\u00e1quina<\/strong> <strong>en venta<\/strong> <\/h2>    <p>El cuerpo de la sierra de mesa de empuje Shuliy est\u00e1 soldado con placas de acero con un espesor de 5-6 mm. No s\u00f3lo la estructura es estable sino que tambi\u00e9n la apariencia es hermosa. Es una sierra todo en uno. En otras palabras, se puede utilizar directamente sin instalaci\u00f3n. Adem\u00e1s, es compacto y ocupa poco espacio.<\/p>    <figure class=\"wp-block-gallery has-nested-images columns-3 is-cropped wp-block-gallery-3 is-layout-flex wp-block-gallery-is-layout-flex\"> <figure class=\"wp-block-image size-large\"><img loading=\"lazy\" decoding=\"async\" width=\"720\" height=\"540\" data-id=\"1718\" src=\"https:\/\/charcoalplant.com\/wp-content\/uploads\/2022\/01\/movable-log-sawmill-for-sale-2.jpg\" alt=\"Se vende aserradero de troncos m\u00f3vil\" class=\"wp-image-1718\" srcset=\"https:\/\/charcoalplant.com\/wp-content\/uploads\/2022\/01\/movable-log-sawmill-for-sale-2.jpg 720w, https:\/\/charcoalplant.com\/wp-content\/uploads\/2022\/01\/movable-log-sawmill-for-sale-2-300x225.jpg 300w\" sizes=\"auto, (max-width: 720px) 100vw, 720px\" \/><figcaption class=\"wp-element-caption\">Se vende aserradero de troncos m\u00f3vil<\/figcaption><\/figure>    <figure class=\"wp-block-image size-large\"><img loading=\"lazy\" decoding=\"async\" width=\"720\" height=\"540\" data-id=\"1721\" src=\"https:\/\/charcoalplant.com\/wp-content\/uploads\/2022\/01\/woodland-sawmill.jpg\" alt=\"aserradero del bosque\" class=\"wp-image-1721\" srcset=\"https:\/\/charcoalplant.com\/wp-content\/uploads\/2022\/01\/woodland-sawmill.jpg 720w, https:\/\/charcoalplant.com\/wp-content\/uploads\/2022\/01\/woodland-sawmill-300x225.jpg 300w\" sizes=\"auto, (max-width: 720px) 100vw, 720px\" \/><figcaption class=\"wp-element-caption\">aserradero del bosque<\/figcaption><\/figure>    <figure class=\"wp-block-image size-large\"><img loading=\"lazy\" decoding=\"async\" width=\"720\" height=\"540\" data-id=\"1720\" src=\"https:\/\/charcoalplant.com\/wp-content\/uploads\/2022\/01\/wooden-board.jpg\" alt=\"tabla de madera\" class=\"wp-image-1720\" srcset=\"https:\/\/charcoalplant.com\/wp-content\/uploads\/2022\/01\/wooden-board.jpg 720w, https:\/\/charcoalplant.com\/wp-content\/uploads\/2022\/01\/wooden-board-300x225.jpg 300w\" sizes=\"auto, (max-width: 720px) 100vw, 720px\" \/><figcaption class=\"wp-element-caption\">tabla de madera<\/figcaption><\/figure> <\/figure>    <h3 class=\"wp-block-heading\" id=\"structural-features-of-double-blades-log-sawmill\"><strong>Caracter\u00edsticas estructurales del aserradero de troncos de doble hoja.<\/strong><\/h3>    <ul class=\"wp-block-list\"> <li>Las hojas hechas de material de aleaci\u00f3n son m\u00e1s duraderas y el arco de dientes de sierra es suave y tiene un corte de alta calidad.<\/li>    <li>Las dos hojas de sierra son accionadas por dos motores y funcionan suavemente.<\/li>    <li>La rueda de ajuste puede ajustar la distancia entre la madera y el deflector. Por tanto, el espesor del tablero se puede controlar de forma flexible.<\/li>    <li>La longitud de la pista de la sierra para troncos se puede personalizar seg\u00fan las necesidades del cliente.<\/li> <\/ul>    <figure class=\"wp-block-gallery has-nested-images columns-default is-cropped wp-block-gallery-4 is-layout-flex wp-block-gallery-is-layout-flex\"> <figure class=\"wp-block-image size-large\"><img loading=\"lazy\" decoding=\"async\" width=\"720\" height=\"540\" data-id=\"1722\" src=\"https:\/\/charcoalplant.com\/wp-content\/uploads\/2022\/01\/blade-saw.jpg\" alt=\"sierra de hoja\" class=\"wp-image-1722\" srcset=\"https:\/\/charcoalplant.com\/wp-content\/uploads\/2022\/01\/blade-saw.jpg 720w, https:\/\/charcoalplant.com\/wp-content\/uploads\/2022\/01\/blade-saw-300x225.jpg 300w\" sizes=\"auto, (max-width: 720px) 100vw, 720px\" \/><figcaption class=\"wp-element-caption\">sierra de hoja<\/figcaption><\/figure>    <figure class=\"wp-block-image size-large\"><img loading=\"lazy\" decoding=\"async\" width=\"720\" height=\"540\" data-id=\"2207\" src=\"https:\/\/charcoalplant.com\/wp-content\/uploads\/2022\/01\/double-blades-log-sawmill-for-sale.jpg\" alt=\"\" class=\"wp-image-2207\"\/><\/figure> <\/figure>    <h3 class=\"wp-block-heading\" id=\"video-of-log-sawmill-machine\"><strong>Aserradero de troncos<\/strong> <strong>m\u00e1quina<\/strong> <strong>v\u00eddeo de trabajo <\/strong><\/h3>    <figure class=\"wp-block-embed is-type-video is-provider-youtube wp-block-embed-youtube wp-embed-aspect-16-9 wp-has-aspect-ratio\"><div class=\"wp-block-embed__wrapper\"> <iframe loading=\"lazy\" title=\"Aserradero de troncos m\u00f3vil | Eficacia alta del equipo de madera de la cortadora de la cuchilla del oscilaci\u00f3n\" width=\"500\" height=\"281\" src=\"https:\/\/www.youtube.com\/embed\/ckPnOwcinBo?feature=oembed\" frameborder=\"0\" allow=\"accelerometer; autoplay; clipboard-write; encrypted-media; gyroscope; picture-in-picture; web-share\" referrerpolicy=\"strict-origin-when-cross-origin\" allowfullscreen><\/iframe> <\/div><\/figure>    <h3 class=\"wp-block-heading has-luminous-vivid-orange-color has-text-color\" id=\"h-parameters-of-log-cutting-machine\"><strong>cortadora de troncos<\/strong> <strong>par\u00e1metros<\/strong> <\/h3>    <figure class=\"wp-block-table is-style-stripes\"><table><tbody><tr><td><strong>Modelo 500<\/strong><strong><\/strong><\/td><td><strong>1 metro<\/strong><\/td><td><strong>1,5 m<\/strong><\/td><td><strong>2m<\/strong><\/td><td><strong>2,5 m<\/strong><\/td><td><strong>3m<\/strong><\/td><td><strong>4m<\/strong><\/td><\/tr><tr><td><strong>Longitud de alimentaci\u00f3n<\/strong><strong><\/strong><\/td><td>0-100cm<\/td><td>0-150cm<\/td><td>0-200cm<\/td><td>0-250cm<\/td><td>0-300cm<\/td><td>0-400cm<\/td><\/tr><tr><td><strong>Di\u00e1metro de alimentaci\u00f3n<\/strong><strong><\/strong><\/td><td>0-500 mm<\/td><td>0-500 mm<\/td><td>0-500 mm<\/td><td>0-500 mm<\/td><td>0-500 mm<\/td><td>0-500 mm<\/td><\/tr><tr><td><strong>Fuerza de motor<\/strong><strong><\/strong><\/td><td>11Kw*2<\/td><td>11Kw*2<\/td><td>11Kw*2<\/td><td>11Kw*2<\/td><td>11Kw*2<\/td><td>11Kw*2<\/td><\/tr><tr><td><strong>Peso total<\/strong><strong><\/strong><\/td><td>500<\/td><td>550<\/td><td>600<\/td><td>650<\/td><td>700<\/td><td>750<\/td><\/tr><\/tbody><\/table><\/figure>    <h2 class=\"wp-block-heading\" id=\"h-vertical-band-saw\"><strong>Tipo 2: Sierra de cinta vertical<\/strong> <strong>en venta<\/strong> <\/h2>    <p>Las sierras de cinta verticales tambi\u00e9n utilizan rieles para mover la madera fija hacia adelante. Luego, la madera se corta en tablas lisas. Su hoja de sierra tiene bandas. Adem\u00e1s, la hoja de sierra est\u00e1 enrollada sobre la rueda m\u00f3vil. Por tanto, la hoja de sierra funciona con la rotaci\u00f3n de la rueda. Pero las sierras de cinta verticales cortan m\u00e1s r\u00e1pido, producen m\u00e1s y son m\u00e1s rentables.<\/p>    <figure class=\"wp-block-gallery has-nested-images columns-default is-cropped wp-block-gallery-5 is-layout-flex wp-block-gallery-is-layout-flex\"> <figure class=\"wp-block-image size-large\"><img loading=\"lazy\" decoding=\"async\" width=\"720\" height=\"540\" data-id=\"1726\" src=\"https:\/\/charcoalplant.com\/wp-content\/uploads\/2022\/01\/vertical-wood-saw-show.jpg\" alt=\"espect\u00e1culo-de-sierra-para-madera-vertical\" class=\"wp-image-1726\" srcset=\"https:\/\/charcoalplant.com\/wp-content\/uploads\/2022\/01\/vertical-wood-saw-show.jpg 720w, https:\/\/charcoalplant.com\/wp-content\/uploads\/2022\/01\/vertical-wood-saw-show-300x225.jpg 300w\" sizes=\"auto, (max-width: 720px) 100vw, 720px\" \/><figcaption class=\"wp-element-caption\">espect\u00e1culo-de-sierra-para-madera-vertical<\/figcaption><\/figure> <\/figure>    <h3 class=\"wp-block-heading\" id=\"structural-features-of-vertical-band-sawmill\"><strong>Caracter\u00edsticas estructurales del aserradero de cinta vertical.<\/strong><\/h3>    <ul class=\"wp-block-list\"> <li>La pista se desliza autom\u00e1ticamente. Y la velocidad se puede ajustar mediante operaci\u00f3n de control el\u00e9ctrico o num\u00e9rico.<\/li>    <li>La sierra de cinta puede procesar madera de gran di\u00e1metro con un alto rendimiento.<\/li>    <li>La hoja de sierra se coloca en las ruedas de sierra superior e inferior y el grosor de la hoja de sierra es ajustable.<\/li>    <li>Existen 3 m\u00e9todos para asegurar troncos con ganchos: manual, neum\u00e1tico e hidr\u00e1ulico.<\/li>    <li>F\u00e1cil instalaci\u00f3n, ahorro de mano de obra, ahorro de energ\u00eda, descarga continua.<\/li> <\/ul>    <figure class=\"wp-block-gallery has-nested-images columns-2 is-cropped wp-block-gallery-6 is-layout-flex wp-block-gallery-is-layout-flex\"> <figure class=\"wp-block-image size-large\"><img loading=\"lazy\" decoding=\"async\" width=\"720\" height=\"540\" data-id=\"1723\" src=\"https:\/\/charcoalplant.com\/wp-content\/uploads\/2022\/01\/band-saw.jpg\" alt=\"Sierra de banda\" class=\"wp-image-1723\" srcset=\"https:\/\/charcoalplant.com\/wp-content\/uploads\/2022\/01\/band-saw.jpg 720w, https:\/\/charcoalplant.com\/wp-content\/uploads\/2022\/01\/band-saw-300x225.jpg 300w\" sizes=\"auto, (max-width: 720px) 100vw, 720px\" \/><figcaption class=\"wp-element-caption\">Sierra de banda<\/figcaption><\/figure>    <figure class=\"wp-block-image size-full\"><img loading=\"lazy\" decoding=\"async\" width=\"720\" height=\"540\" data-id=\"2213\" src=\"https:\/\/charcoalplant.com\/wp-content\/uploads\/2022\/01\/track-of-log-saw-mill-machine-.jpg\" alt=\"Pista de la m\u00e1quina de aserradero de troncos\" class=\"wp-image-2213\"\/><figcaption class=\"wp-element-caption\">Pista de la m\u00e1quina de aserradero de troncos<\/figcaption><\/figure>    <figure class=\"wp-block-image size-large\"><img loading=\"lazy\" decoding=\"async\" width=\"720\" height=\"540\" data-id=\"1725\" src=\"https:\/\/charcoalplant.com\/wp-content\/uploads\/2022\/01\/track.jpg\" alt=\"pista\" class=\"wp-image-1725\" srcset=\"https:\/\/charcoalplant.com\/wp-content\/uploads\/2022\/01\/track.jpg 720w, https:\/\/charcoalplant.com\/wp-content\/uploads\/2022\/01\/track-300x225.jpg 300w\" sizes=\"auto, (max-width: 720px) 100vw, 720px\" \/><figcaption class=\"wp-element-caption\">pista<\/figcaption><\/figure>    <figure class=\"wp-block-image size-full\"><img loading=\"lazy\" decoding=\"async\" width=\"720\" height=\"540\" data-id=\"2212\" src=\"https:\/\/charcoalplant.com\/wp-content\/uploads\/2022\/01\/log-saw-mill-machine-for-sale-.jpg\" alt=\"aserradero-de-troncos-maquina-para-la-venta\" class=\"wp-image-2212\"\/><figcaption class=\"wp-element-caption\">aserradero-de-troncos-maquina-para-la-venta<\/figcaption><\/figure> <\/figure>    <h3 class=\"wp-block-heading\" id=\"video-of-log-band-sawmill-machine\"><strong>Aserradero de cinta para troncos<\/strong> <strong>v\u00eddeo de trabajo<\/strong><\/h3>    <figure class=\"wp-block-embed is-type-video is-provider-youtube wp-block-embed-youtube wp-embed-aspect-16-9 wp-has-aspect-ratio\"><div class=\"wp-block-embed__wrapper\"> <iframe loading=\"lazy\" title=\"Sierra de cinta vertical para troncos | Fabricante de m\u00e1quinas cortadoras de madera forestal#tableros de madera#muebles\" width=\"500\" height=\"281\" src=\"https:\/\/www.youtube.com\/embed\/M8i0EjIuRLk?feature=oembed\" frameborder=\"0\" allow=\"accelerometer; autoplay; clipboard-write; encrypted-media; gyroscope; picture-in-picture; web-share\" referrerpolicy=\"strict-origin-when-cross-origin\" allowfullscreen><\/iframe> <\/div><\/figure>    <h3 class=\"wp-block-heading has-luminous-vivid-orange-color has-text-color\" id=\"h-parameters-of-vertical-wood-saw-mill\"><strong>Aserradero vertical para madera<\/strong> <strong>par\u00e1metros <\/strong><\/h3>    <figure class=\"wp-block-table is-style-stripes\"><table><tbody><tr><td>Modelo<\/td><td>SL-3000<\/td><td>SL-5000<\/td><\/tr><tr><td>Di\u00e1metro de la rueda de sierra<\/td><td>1600 mm<\/td><td>1250 mm<\/td><\/tr><tr><td>Di\u00e1metro m\u00e1ximo de madera para aserrar<\/td><td>800 mm<\/td><td>1000 mm<\/td><\/tr><tr><td>Fuerza de motor<\/td><td>30kW<\/td><td>45kW<\/td><\/tr><tr><td>Ajuste del espesor de aserrado<\/td><td>CNC<\/td><td>CNC<\/td><\/tr><tr><td>Modelo de sujeci\u00f3n de madera<\/td><td>El\u00e9ctrico<\/td><td>Hidr\u00e1ulico<\/td><\/tr><tr><td>Longitud m\u00e1xima de aserrado de madera<\/td><td>4000mm<\/td><td>6000 mm<\/td><\/tr><\/tbody><\/table><\/figure>    <p><\/p>    <h2 class=\"wp-block-heading\" id=\"h-automatic-wood-band-saw\"><strong>Tipo 3<\/strong>: <strong>Sierra de cinta para madera autom\u00e1tica<\/strong> <strong>en venta<\/strong> <\/h2>    <p class=\"translation-block\">Sierras de banda horizontales pueden manejar di\u00e1metros mayores de madera. Adem\u00e1s, la diferencia entre la sierra de p\u00f3rtico horizontal CNC y las dos sierras anteriores es el movimiento de la hoja de sierra y la madera. La hoja de la sierra de una sierra de madera grande se mueve hacia adelante y hacia atr\u00e1s, pero la madera no se mueve. <strong><a href=\"https:\/\/charcoalplant.com\/es\/about\/\">Shuliy\u00a0Machinery<\/a><\/strong> vende sierra de banda horizontal totalmente autom\u00e1tica de gasolina y sierra de banda horizontal totalmente autom\u00e1tica di\u00e9sel. Nuestra f\u00e1brica tambi\u00e9n fabrica herramientas para reparar hojas de sierra, para evitar la mayor inversi\u00f3n de reemplazo de la hoja de sierra debido al desgaste de la hoja de sierra.<\/p>    <figure class=\"wp-block-gallery has-nested-images columns-2 is-cropped wp-block-gallery-7 is-layout-flex wp-block-gallery-is-layout-flex\"> <figure class=\"wp-block-image size-large\"><img loading=\"lazy\" decoding=\"async\" width=\"720\" height=\"540\" data-id=\"1727\" src=\"https:\/\/charcoalplant.com\/wp-content\/uploads\/2022\/01\/board-for-furniture.jpg\" alt=\"tablero para muebles\" class=\"wp-image-1727\" srcset=\"https:\/\/charcoalplant.com\/wp-content\/uploads\/2022\/01\/board-for-furniture.jpg 720w, https:\/\/charcoalplant.com\/wp-content\/uploads\/2022\/01\/board-for-furniture-300x225.jpg 300w\" sizes=\"auto, (max-width: 720px) 100vw, 720px\" \/><figcaption class=\"wp-element-caption\">tablero para muebles<\/figcaption><\/figure>    <figure class=\"wp-block-image size-large\"><img loading=\"lazy\" decoding=\"async\" width=\"720\" height=\"540\" data-id=\"1730\" src=\"https:\/\/charcoalplant.com\/wp-content\/uploads\/2022\/01\/Wood-placement.jpg\" alt=\"Colocaci\u00f3n de madera\" class=\"wp-image-1730\" srcset=\"https:\/\/charcoalplant.com\/wp-content\/uploads\/2022\/01\/Wood-placement.jpg 720w, https:\/\/charcoalplant.com\/wp-content\/uploads\/2022\/01\/Wood-placement-300x225.jpg 300w\" sizes=\"auto, (max-width: 720px) 100vw, 720px\" \/><figcaption class=\"wp-element-caption\">Colocaci\u00f3n de madera<\/figcaption><\/figure> <\/figure>    <h3 class=\"wp-block-heading\" id=\"structural-features-of-automatic-log-sawmill\"><strong>Caracter\u00edsticas estructurales del aserradero autom\u00e1tico de troncos.<\/strong><\/h3>    <ul class=\"wp-block-list\"> <li>Reduce los errores provocados por el movimiento de troncos redondos y cuadrados. <\/li> <\/ul>    <ul class=\"wp-block-list\"> <li>La tabla de madera cortada se retrae mediante el gancho y no es necesaria la extracci\u00f3n manual. <\/li> <\/ul>    <ul class=\"wp-block-list\"> <li>Este proceso se opera completamente mec\u00e1nicamente para lograr el deseo de una descarga autom\u00e1tica y continua. <\/li> <\/ul>    <figure class=\"wp-block-gallery has-nested-images columns-default is-cropped wp-block-gallery-8 is-layout-flex wp-block-gallery-is-layout-flex\"> <figure class=\"wp-block-image size-full\"><img loading=\"lazy\" decoding=\"async\" width=\"720\" height=\"540\" data-id=\"2262\" src=\"https:\/\/charcoalplant.com\/wp-content\/uploads\/2022\/02\/large-automatic-wood-band-saw.jpg\" alt=\"sierra-de-cinta-para-madera-autom\u00e1tica-grande\" class=\"wp-image-2262\"\/><figcaption class=\"wp-element-caption\">sierra-de-cinta-para-madera-autom\u00e1tica-grande<\/figcaption><\/figure> <\/figure>    <h3 class=\"wp-block-heading\" id=\"video-of-automatic-wood-bandsaw\"><strong>Sierra de cinta para madera autom\u00e1tica<\/strong> <strong>v\u00eddeo de trabajo<\/strong><\/h3>    <figure class=\"wp-block-embed is-type-video is-provider-youtube wp-block-embed-youtube wp-embed-aspect-16-9 wp-has-aspect-ratio\"><div class=\"wp-block-embed__wrapper\"> <iframe loading=\"lazy\" title=\"Sierra de cinta horizontal completamente autom\u00e1tica | Woodland Lumber Mills #aserradero #tableros de madera #m\u00e1quina cortadora de madera\" width=\"500\" height=\"281\" src=\"https:\/\/www.youtube.com\/embed\/5mhbYQ5ghls?feature=oembed\" frameborder=\"0\" allow=\"accelerometer; autoplay; clipboard-write; encrypted-media; gyroscope; picture-in-picture; web-share\" referrerpolicy=\"strict-origin-when-cross-origin\" allowfullscreen><\/iframe> <\/div><\/figure>    <h3 class=\"wp-block-heading has-luminous-vivid-orange-color has-text-color\" id=\"h-parameters-of-mobile-log-saw\"><strong>Par\u00e1metros de la sierra de troncos m\u00f3vil<\/strong><\/h3>    <figure class=\"wp-block-table is-style-stripes\"><table><tbody><tr><td>Modelo<\/td><td>SL-1500<\/td><td>SL-2500<\/td><\/tr><tr><td>Di\u00e1metro de la rueda de sierra<\/td><td>1000 mm<\/td><td>1070 mm<\/td><\/tr><tr><td>Di\u00e1metro m\u00e1ximo de madera para aserrar<\/td><td>1500 mm<\/td><td>2500 mm<\/td><\/tr><tr><td>Fuerza de motor<\/td><td>37kW<\/td><td>55kW<\/td><\/tr><tr><td>Ajuste del espesor de aserrado<\/td><td>350 mm<\/td><td>450 mm<\/td><\/tr><tr><td>Longitud m\u00e1xima de aserrado de madera<\/td><td>6000 mm<\/td><td>6000 mm<\/td><\/tr><tr><td>Peso<\/td><td>4500 kilos<\/td><td>5500 kilos<\/td><\/tr><\/tbody><\/table><\/figure>","protected":false},"excerpt":{"rendered":"<p>La m\u00e1quina aserradora de troncos es un equipo de corte de madera. Incluye escuadradoras para troncos, sierras de cinta verticales y sierras de cinta horizontales.<\/p>","protected":false},"author":1,"featured_media":1716,"parent":0,"template":"","tags":[64],"product-type":[3],"class_list":["post-1715","product","type-product","status-publish","has-post-thumbnail","hentry","tag-wood-wastes-recycling-machine","product-type-wood-wastes-recycling-machine"],"_links":{"self":[{"href":"https:\/\/charcoalplant.com\/es\/wp-json\/wp\/v2\/product\/1715","targetHints":{"allow":["GET"]}}],"collection":[{"href":"https:\/\/charcoalplant.com\/es\/wp-json\/wp\/v2\/product"}],"about":[{"href":"https:\/\/charcoalplant.com\/es\/wp-json\/wp\/v2\/types\/product"}],"author":[{"embeddable":true,"href":"https:\/\/charcoalplant.com\/es\/wp-json\/wp\/v2\/users\/1"}],"wp:featuredmedia":[{"embeddable":true,"href":"https:\/\/charcoalplant.com\/es\/wp-json\/wp\/v2\/media\/1716"}],"wp:attachment":[{"href":"https:\/\/charcoalplant.com\/es\/wp-json\/wp\/v2\/media?parent=1715"}],"wp:term":[{"taxonomy":"post_tag","embeddable":true,"href":"https:\/\/charcoalplant.com\/es\/wp-json\/wp\/v2\/tags?post=1715"},{"taxonomy":"product-type","embeddable":true,"href":"https:\/\/charcoalplant.com\/es\/wp-json\/wp\/v2\/product-type?post=1715"}],"curies":[{"name":"wp","href":"https:\/\/api.w.org\/{rel}","templated":true}]}}