{"id":1909,"date":"2022-01-11T09:01:53","date_gmt":"2022-01-11T09:01:53","guid":{"rendered":"https:\/\/charcoalplant.com\/"},"modified":"2022-06-10T02:25:52","modified_gmt":"2022-06-10T02:25:52","slug":"rotary-hookah-tablet-press","status":"publish","type":"product","link":"https:\/\/charcoalplant.com\/es\/product\/rotary-hookah-tablet-press\/","title":{"rendered":"Prensa giratoria para tabletas de cachimba | M\u00e1quina para fabricar carb\u00f3n para shisha"},"content":{"rendered":"<div class=\"kk-star-ratings kksr-auto kksr-align-left kksr-valign-top\"     data-payload='{&quot;align&quot;:&quot;left&quot;,&quot;id&quot;:&quot;1909&quot;,&quot;slug&quot;:&quot;default&quot;,&quot;valign&quot;:&quot;top&quot;,&quot;ignore&quot;:&quot;&quot;,&quot;reference&quot;:&quot;auto&quot;,&quot;class&quot;:&quot;&quot;,&quot;count&quot;:&quot;8&quot;,&quot;legendonly&quot;:&quot;&quot;,&quot;readonly&quot;:&quot;&quot;,&quot;score&quot;:&quot;4.8&quot;,&quot;starsonly&quot;:&quot;&quot;,&quot;best&quot;:&quot;5&quot;,&quot;gap&quot;:&quot;5&quot;,&quot;greet&quot;:&quot;Rate this product&quot;,&quot;legend&quot;:&quot;4.8\\\/5 - (8 votos)&quot;,&quot;size&quot;:&quot;24&quot;,&quot;title&quot;:&quot;Rotary Hookah Tablet Press | Shisha Charcoal Making Machine&quot;,&quot;width&quot;:&quot;136.7&quot;,&quot;_legend&quot;:&quot;{score}\\\/{best} - ({count} {votes})&quot;,&quot;font_factor&quot;:&quot;1.25&quot;}'>              <div class=\"kksr-stars\">      <div class=\"kksr-stars-inactive\">             <div class=\"kksr-star\" data-star=\"1\" style=\"padding-right: 5px\">               <div class=\"kksr-icon\" style=\"width: 24px; height: 24px;\"><\/div>         <\/div>             <div class=\"kksr-star\" data-star=\"2\" style=\"padding-right: 5px\">               <div class=\"kksr-icon\" style=\"width: 24px; height: 24px;\"><\/div>         <\/div>             <div class=\"kksr-star\" data-star=\"3\" style=\"padding-right: 5px\">               <div class=\"kksr-icon\" style=\"width: 24px; height: 24px;\"><\/div>         <\/div>             <div class=\"kksr-star\" data-star=\"4\" style=\"padding-right: 5px\">               <div class=\"kksr-icon\" style=\"width: 24px; height: 24px;\"><\/div>         <\/div>             <div class=\"kksr-star\" data-star=\"5\" style=\"padding-right: 5px\">               <div class=\"kksr-icon\" style=\"width: 24px; height: 24px;\"><\/div>         <\/div>     <\/div>      <div class=\"kksr-stars-active\" style=\"width: 136.7px;\">             <div class=\"kksr-star\" style=\"padding-right: 5px\">               <div class=\"kksr-icon\" style=\"width: 24px; height: 24px;\"><\/div>         <\/div>             <div class=\"kksr-star\" style=\"padding-right: 5px\">               <div class=\"kksr-icon\" style=\"width: 24px; height: 24px;\"><\/div>         <\/div>             <div class=\"kksr-star\" style=\"padding-right: 5px\">               <div class=\"kksr-icon\" style=\"width: 24px; height: 24px;\"><\/div>         <\/div>             <div class=\"kksr-star\" style=\"padding-right: 5px\">               <div class=\"kksr-icon\" style=\"width: 24px; height: 24px;\"><\/div>         <\/div>             <div class=\"kksr-star\" style=\"padding-right: 5px\">               <div class=\"kksr-icon\" style=\"width: 24px; height: 24px;\"><\/div>         <\/div>     <\/div> <\/div>                   <div class=\"kksr-legend\" style=\"font-size: 19.2px;\">             4,8\/5 - (8 votos)    <\/div>     <\/div>  <p class=\"translation-block\"><strong>Prensa de tabletas de carb\u00f3n de hookah rotatorio<\/strong> es una m\u00e1quina de fabricaci\u00f3n de carb\u00f3n para shisha de alta eficiencia. En comparaci\u00f3n con la m\u00e1quina ordinaria de briquetas de carb\u00f3n para shisha, la producci\u00f3n de la prensa rotativa de tabletas es 3 veces la de la tipo ordinario. Es decir, es equivalente a 2-3 prensas de tabletas de polvo de carb\u00f3n de tipo normal. Por lo tanto, la m\u00e1quina de tableteado de carb\u00f3n para hookah rotatorio tiene <strong><a href=\"https:\/\/charcoalplant.com\/es\/news\/why-are-the-new-shisha-charcoal-presses-more-high-end\/\">un gran valor econ\u00f3mico<\/a><\/strong>. Shuliy La maquinaria no solo puede crear el plan de producci\u00f3n adecuado para usted. Adem\u00e1s, ofrecemos un servicio de personalizaci\u00f3n de maquinaria. Si desea obtener el precio del producto, d\u00e9jenos un mensaje. Y responderemos lo antes posible.<\/p>    <div class=\"wp-block-image\"><figure class=\"aligncenter size-full\"><img loading=\"lazy\" decoding=\"async\" width=\"720\" height=\"540\" src=\"https:\/\/charcoalplant.com\/wp-content\/uploads\/2022\/02\/rotary-hookah-coal-tablet-press-for-sale.jpg\" alt=\"prensa-de-tabletas-de-carb\u00f3n-para-narguile-rotativa-para-la-venta\" class=\"wp-image-2480\"\/><figcaption>prensa-de-tabletas-de-carb\u00f3n-para-narguile-rotativa-para-la-venta<\/figcaption><\/figure><\/div>    <h2 class=\"wp-block-heading\" id=\"h-raw-materials-of-rotary-hookah-charcoal-tablet-machine\">Materias primas de la m\u00e1quina rotatoria de tabletas de carb\u00f3n para narguile<\/h2>    <p class=\"translation-block\">Las materias primas de la <strong><a href=\"https:\/\/charcoalplant.com\/es\/shisha-charcoal-production-line\/\">l\u00ednea de producci\u00f3n de carb\u00f3n para hookah<\/a><\/strong> son varios polvos de carbono. Por ejemplo, <strong><a href=\"https:\/\/charcoalplant.com\/es\/info\/what-are-the-uses-of-coconut-shells\/\">polvo de carb\u00f3n de c\u00e1scara de coco<\/a><\/strong>, polvo de carb\u00f3n de fruta, polvo de carb\u00f3n de bamb\u00fa, polvo de carb\u00f3n, etc. La m\u00e1quina de carb\u00f3n para hookah rotativa presiona estos polvos de carbono en hojas de carb\u00f3n para hookah de varias formas. Adem\u00e1s de presionar tabletas redondas, tambi\u00e9n puede presionar tabletas de formas especiales, tabletas especiales, tabletas cuadradas, tabletas en anillo, etc. La producci\u00f3n de carb\u00f3n para hookah no solo es ajustable en di\u00e1metro. Y el tama\u00f1o, la resistencia y la dureza de las hojas de carb\u00f3n se producen de acuerdo con los requisitos del cliente.<\/p>    <div class=\"wp-block-image\"><figure class=\"aligncenter size-full\"><img loading=\"lazy\" decoding=\"async\" width=\"720\" height=\"540\" src=\"https:\/\/charcoalplant.com\/wp-content\/uploads\/2022\/02\/round-quick-light-shisha-hookahcoal.jpg\" alt=\"shisha-hookah-de-encendido-r\u00e1pido-redonda-carb\u00f3n\" class=\"wp-image-2474\"\/><figcaption>carb\u00f3n-narguile-shisha-encendido-r\u00e1pido-redondo<\/figcaption><\/figure><\/div>    <h2 class=\"wp-block-heading\">Principio b\u00e1sico de la m\u00e1quina para fabricar carb\u00f3n para shisha<strong> <\/strong><\/h2>    <p>La raz\u00f3n por la cual la m\u00e1quina prensadora de carb\u00f3n para narguile rotativa es eficiente y de alta calidad. Debido a su exclusivo sistema de formaci\u00f3n de carb\u00f3n para cachimba. Abandona audazmente la forma tradicional de golpear hacia arriba y hacia abajo. Utiliza inteligentemente golpes superiores e inferiores a lo largo de la pista curva para apretar de forma natural en los puntos altos y bajos. La ventaja de este dise\u00f1o es que cada trozo de carb\u00f3n para shisha puede soportar la misma presi\u00f3n. Esta es tambi\u00e9n la parte m\u00e1s valiosa de la reforma de la m\u00e1quina para fabricar carb\u00f3n para narguile.<\/p>    <figure class=\"wp-block-gallery has-nested-images columns-default is-cropped wp-block-gallery-2 is-layout-flex wp-block-gallery-is-layout-flex\"> <figure class=\"wp-block-image size-large\"><img loading=\"lazy\" decoding=\"async\" width=\"720\" height=\"540\" data-id=\"1910\" src=\"https:\/\/charcoalplant.com\/wp-content\/uploads\/2022\/01\/Shisha-Charcoal-Receiving-Tray-and-outlet_.jpg\" alt=\"Shisha-carb\u00f3n-bandeja-receptora-y-salida\" class=\"wp-image-1910\"\/><figcaption>Shisha-carb\u00f3n-bandeja-receptora-y-salida<\/figcaption><\/figure> <\/figure>    <h2 class=\"wp-block-heading\" id=\"h-structure-of-rotary-hookah-tablet-press\">Estructura de la prensa rotatoria para tabletas de narguile.<\/h2>    <p>Su estructura incluye un puerto de alimentaci\u00f3n, un puerto de descarga, un molde (superior, medio e inferior), un motor, un motor de desaceleraci\u00f3n, un rodillo de presi\u00f3n y una bandeja receptora. Su central el\u00e9ctrica est\u00e1 encerrada debajo de la carrocer\u00eda. La m\u00e1quina de prueba y el mantenimiento diario necesitan verificar el motor y se puede verificar con la llave. El dise\u00f1o de la estructura de toda la m\u00e1quina prensadora de tabletas rotativa es muy compacto y ahorra espacio.<\/p>    <div class=\"wp-block-columns is-layout-flex wp-container-core-columns-is-layout-28f84493 wp-block-columns-is-layout-flex\"> <div class=\"wp-block-column is-layout-flow wp-block-column-is-layout-flow\" style=\"flex-basis:66.66%\"> <figure class=\"wp-block-gallery has-nested-images columns-default is-cropped wp-block-gallery-3 is-layout-flex wp-block-gallery-is-layout-flex\"> <figure class=\"wp-block-image size-large\"><img loading=\"lazy\" decoding=\"async\" width=\"720\" height=\"540\" data-id=\"1912\" src=\"https:\/\/charcoalplant.com\/wp-content\/uploads\/2022\/01\/mould.jpg\" alt=\"moho\" class=\"wp-image-1912\"\/><figcaption>moho<\/figcaption><\/figure> <\/figure> <\/div>    <div class=\"wp-block-column is-layout-flow wp-block-column-is-layout-flow\" style=\"flex-basis:33.33%\"> <p class=\"translation-block\"><strong>Mold <\/strong><\/p>    <p>El di\u00e1metro del molde, el patr\u00f3n y el texto se pueden personalizar. Por lo tanto, el carb\u00f3n para shisha producido es m\u00e1s distintivo y al mismo tiempo tiene un p\u00fablico m\u00e1s amplio. El cuerpo de la m\u00e1quina y el material del molde son de acero inoxidable duradero. Por lo tanto, casi no tiene piezas de desgaste y tiene una vida \u00fatil de 8 a 10 a\u00f1os.<\/p> <\/div> <\/div>    <div class=\"wp-block-columns is-layout-flex wp-container-core-columns-is-layout-28f84493 wp-block-columns-is-layout-flex\"> <div class=\"wp-block-column is-layout-flow wp-block-column-is-layout-flow\" style=\"flex-basis:33.33%\"> <p class=\"translation-block\"><strong>Entrada<\/strong><\/p>    <p>La imagen de la derecha muestra la entrada de alimentaci\u00f3n y el bot\u00f3n de preparaci\u00f3n de la m\u00e1quina formadora de casco de carb\u00f3n. La posici\u00f3n del puerto de alimentaci\u00f3n de la m\u00e1quina de carb\u00f3n para narguile es muy adecuada. Por lo tanto, es muy conveniente para los operadores utilizarlo y detectarlo. Y los botones en el costado de la m\u00e1quina pueden ajustar la presi\u00f3n y el n\u00famero de llenados.<\/p> <\/div>    <div class=\"wp-block-column is-layout-flow wp-block-column-is-layout-flow\" style=\"flex-basis:66.66%\"> <figure class=\"wp-block-gallery has-nested-images columns-default is-cropped wp-block-gallery-4 is-layout-flex wp-block-gallery-is-layout-flex\"> <figure class=\"wp-block-image size-large\"><img loading=\"lazy\" decoding=\"async\" width=\"720\" height=\"540\" data-id=\"2475\" src=\"https:\/\/charcoalplant.com\/wp-content\/uploads\/2022\/02\/details-of-hully-charcoal-machine-.jpg\" alt=\"\" class=\"wp-image-2475\"\/><\/figure> <\/figure> <\/div> <\/div>    <div class=\"wp-block-columns is-layout-flex wp-container-core-columns-is-layout-28f84493 wp-block-columns-is-layout-flex\"> <div class=\"wp-block-column is-layout-flow wp-block-column-is-layout-flow\" style=\"flex-basis:66.66%\"> <figure class=\"wp-block-gallery has-nested-images columns-default is-cropped wp-block-gallery-5 is-layout-flex wp-block-gallery-is-layout-flex\"> <figure class=\"wp-block-image size-large\"><img loading=\"lazy\" decoding=\"async\" width=\"720\" height=\"540\" data-id=\"2476\" src=\"https:\/\/charcoalplant.com\/wp-content\/uploads\/2022\/02\/outlet-1.jpg\" alt=\"\" class=\"wp-image-2476\"\/><\/figure> <\/figure> <\/div>    <div class=\"wp-block-column is-layout-flow wp-block-column-is-layout-flow\" style=\"flex-basis:33.33%\"> <p class=\"translation-block\"><strong>Salida<\/strong><\/p>    <p class=\"translation-block\">Hay una placa de baffle en la salida. para que el carb\u00f3n para hookah se recoja de manera ordenada. Adem\u00e1s, equipamos a nuestros clientes con una bandeja de recogida. Facilita la operaci\u00f3n de la parte de <strong><a href=\"https:\/\/charcoalplant.com\/es\/drying-machine\/charcoal-briquette-dryer\/\">secado<\/a><\/strong> del hookah y la operaci\u00f3n de la <strong><a href=\"https:\/\/charcoalplant.com\/es\/briquettes-packing-machine\/charcoal-briquettes-packing-machine\/\">m\u00e1quina de clasificaci\u00f3n de carb\u00f3n para hookah<\/a><\/strong> en forma de anillo.<br><\/p> <\/div> <\/div>    <h2 class=\"wp-block-heading\" id=\"h-parameters-of-rotary-hookah-tablet-press\">Par\u00e1metros de la prensa rotatoria de tabletas para cachimba.<\/h2>    <p>Fabricamos varios modelos de prensas para tabletas de carb\u00f3n para shisha. El punz\u00f3n 21 es uno de nuestros m\u00e1s vendidos. A continuaci\u00f3n se muestran los par\u00e1metros de la m\u00e1quina para tabletas con 21 perforaciones y 30 mm de di\u00e1metro.<\/p>    <figure class=\"wp-block-table is-style-stripes\"><table><tbody><tr><td><strong>Modelo<\/strong><strong><\/strong><\/td><td><strong>SL-RS21<\/strong><\/td><\/tr><tr><td><strong>Cantidad de punzones (juegos)<\/strong><strong><\/strong><\/td><td><strong>21<\/strong><strong><\/strong><\/td><\/tr><tr><td><strong>Presi\u00f3n m\u00e1xima de la tableta (kn)<\/strong><strong><\/strong><\/td><td><strong>120<\/strong><strong><\/strong><\/td><\/tr><tr><td><strong>Profundidad m\u00e1xima de llenado (mm)<\/strong><strong><\/strong><\/td><td><strong>16-28<\/strong><strong><\/strong><\/td><\/tr><tr><td><strong>Grosor m\u00e1ximo de la tableta (mm)<\/strong><strong><\/strong><\/td><td><strong>8-15<\/strong><strong><\/strong><\/td><\/tr><tr><td><strong>Velocidad de rotaci\u00f3n de la torreta (r\/min)<\/strong><strong><\/strong><\/td><td><strong>30<\/strong><strong><\/strong><\/td><\/tr><tr><td><strong>Salida m\u00e1xima (piezas\/h)<\/strong><strong><\/strong><\/td><td><strong>30000-40000<\/strong><strong><\/strong><\/td><\/tr><tr><td><strong>Potencia del motor (kilovatios)<\/strong><strong><\/strong><\/td><td><strong>7.5<\/strong><strong><\/strong><\/td><\/tr><tr><td><strong>Tama\u00f1o total (mm)<\/strong><strong><\/strong><\/td><td><strong>800*900*1650<\/strong><strong><\/strong><\/td><\/tr><tr><td><strong>Peso de la m\u00e1quina (kg)<\/strong><strong><\/strong><\/td><td><strong>1500<\/strong><strong><\/strong><\/td><\/tr><\/tbody><\/table><\/figure>    <h2 class=\"wp-block-heading\" id=\"h-video-of-best-coconut-charcoal-shisha-tablet\">V\u00eddeo de la mejor tableta para shisha de carb\u00f3n de coco.<\/h2>    <p>A trav\u00e9s del v\u00eddeo a continuaci\u00f3n, puede comprender claramente el proceso de producci\u00f3n y envasado del carb\u00f3n para shisha.<\/p>    <figure class=\"wp-block-embed is-type-video is-provider-youtube wp-block-embed-youtube wp-embed-aspect-16-9 wp-has-aspect-ratio\"><div class=\"wp-block-embed__wrapper\"> <iframe loading=\"lazy\" title=\"La mejor tableta para shisha de carb\u00f3n de coco | Planta rotatoria de fabricaci\u00f3n de tabletas para cachimba#shishacharcoal#Arab\" width=\"500\" height=\"281\" src=\"https:\/\/www.youtube.com\/embed\/SCr3JOp5PN8?feature=oembed\" frameborder=\"0\" allow=\"accelerometer; autoplay; clipboard-write; encrypted-media; gyroscope; picture-in-picture; web-share\" referrerpolicy=\"strict-origin-when-cross-origin\" allowfullscreen><\/iframe> <\/div><\/figure>    <h2 class=\"wp-block-heading\">\u00bfCu\u00e1les son los beneficios de una prensa de tabletas de carb\u00f3n para shisha?<\/h2>    <ul class=\"wp-block-list\" id=\"block-4a8c5a9a-482a-49f4-b4de-51d981b5b640\"><li>Adopte el panel de control inteligente PLC. El grosor de la pastilla de carb\u00f3n para narguile se puede ajustar f\u00e1cilmente ajustando la velocidad.<\/li><li>El dispositivo de llenado autom\u00e1tico de la m\u00e1quina para fabricar carb\u00f3n para narguile puede controlar f\u00e1cilmente la velocidad.<\/li><li>Toda la m\u00e1quina est\u00e1 hecha de acero inoxidable, es f\u00e1cil de limpiar y tiene una larga vida \u00fatil.<\/li><li>La pendiente del puerto de descarga est\u00e1 dise\u00f1ada razonablemente para que el carb\u00f3n de shisha se deslice hacia abajo de forma natural sin da\u00f1ar la l\u00e1mina de carb\u00f3n de narguile.<\/li><li>El carb\u00f3n para shisha se coloca plano sobre el alimentador de acero inoxidable. No s\u00f3lo es conveniente para secar sino tambi\u00e9n para <strong><a href=\"https:\/\/charcoalplant.com\/es\/briquettes-packing-machine\/charcoal-briquettes-packing-machine\/\">Envolvedora de carb\u00f3n para shisha<\/a><\/strong> embalaje.<\/li><li>Cuando est\u00e1 en funcionamiento, el ruido es peque\u00f1o, la presi\u00f3n es grande y la sobrepresi\u00f3n se detiene para evitar da\u00f1os a la m\u00e1quina.<\/li><\/ul>    <div class=\"wp-block-image\"><figure class=\"aligncenter size-full\"><img loading=\"lazy\" decoding=\"async\" width=\"720\" height=\"540\" src=\"https:\/\/charcoalplant.com\/wp-content\/uploads\/2022\/01\/rotary-tablet-press-plant-tuya_\u7ed3\u679c.jpg\" alt=\"planta-de-prensa-de-tabletas-para-narguile-rotativa\" class=\"wp-image-1918\"\/><figcaption>planta-de-prensa-de-tabletas-para-narguile-rotativa<\/figcaption><\/figure><\/div>    <div class=\"wp-block-image\"><figure class=\"aligncenter size-full\"><img loading=\"lazy\" decoding=\"async\" width=\"720\" height=\"540\" src=\"https:\/\/charcoalplant.com\/wp-content\/uploads\/2022\/02\/rotary-hookah-coal-tablet-press-plant-.jpg\" alt=\"Planta rotativa de prensado de tabletas de carb\u00f3n para narguile\" class=\"wp-image-2482\"\/><figcaption>Planta rotativa de prensado de tabletas de carb\u00f3n para narguile<\/figcaption><\/figure><\/div>    <h2 class=\"wp-block-heading\">Pantalla de l\u00ednea de carb\u00f3n de narguile<\/h2>    <div class=\"wp-block-columns is-layout-flex wp-container-core-columns-is-layout-28f84493 wp-block-columns-is-layout-flex\"> <div class=\"wp-block-column is-layout-flow wp-block-column-is-layout-flow\"> <figure class=\"wp-block-gallery has-nested-images columns-default is-cropped wp-block-gallery-6 is-layout-flex wp-block-gallery-is-layout-flex\"> <figure class=\"wp-block-image size-large\"><img loading=\"lazy\" decoding=\"async\" width=\"720\" height=\"540\" data-id=\"2483\" src=\"https:\/\/charcoalplant.com\/wp-content\/uploads\/2022\/02\/hookah-charcoal-forming-machine.jpg\" alt=\"m\u00e1quina-formadora-de-carb\u00f3n-para-narguile\" class=\"wp-image-2483\"\/><figcaption>m\u00e1quina-formadora-de-carb\u00f3n-para-narguile<\/figcaption><\/figure> <\/figure> <\/div>    <div class=\"wp-block-column is-layout-flow wp-block-column-is-layout-flow\"> <figure class=\"wp-block-gallery has-nested-images columns-default is-cropped wp-block-gallery-7 is-layout-flex wp-block-gallery-is-layout-flex\"> <figure class=\"wp-block-image size-large\"><img loading=\"lazy\" decoding=\"async\" width=\"720\" height=\"540\" data-id=\"2484\" src=\"https:\/\/charcoalplant.com\/wp-content\/uploads\/2022\/02\/dryer-1.jpg\" alt=\"secadora\" class=\"wp-image-2484\"\/><figcaption>secadora<\/figcaption><\/figure> <\/figure> <\/div>    <div class=\"wp-block-column is-layout-flow wp-block-column-is-layout-flow\"> <figure class=\"wp-block-gallery has-nested-images columns-default is-cropped wp-block-gallery-8 is-layout-flex wp-block-gallery-is-layout-flex\"> <figure class=\"wp-block-image size-large\"><img loading=\"lazy\" decoding=\"async\" width=\"720\" height=\"540\" data-id=\"2485\" src=\"https:\/\/charcoalplant.com\/wp-content\/uploads\/2022\/02\/Equipment-for-sorting-shisha-charcoal.jpg\" alt=\"equipo-para-clasificar-carbon-shisha\" class=\"wp-image-2485\"\/><figcaption>equipo-para-clasificar-carbon-shisha<\/figcaption><\/figure> <\/figure> <\/div> <\/div>    <div class=\"wp-block-columns is-layout-flex wp-container-core-columns-is-layout-28f84493 wp-block-columns-is-layout-flex\"> <div class=\"wp-block-column is-layout-flow wp-block-column-is-layout-flow\"> <figure class=\"wp-block-gallery has-nested-images columns-default is-cropped wp-block-gallery-9 is-layout-flex wp-block-gallery-is-layout-flex\"> <figure class=\"wp-block-image size-large\"><img loading=\"lazy\" decoding=\"async\" width=\"720\" height=\"540\" data-id=\"2486\" src=\"https:\/\/charcoalplant.com\/wp-content\/uploads\/2022\/02\/hookah-packing-machine.jpg\" alt=\"maquina-empaquetadora-de-narguile\" class=\"wp-image-2486\"\/><figcaption>maquina-empaquetadora-de-narguile<\/figcaption><\/figure> <\/figure> <\/div>    <div class=\"wp-block-column is-layout-flow wp-block-column-is-layout-flow\"> <figure class=\"wp-block-gallery has-nested-images columns-default is-cropped wp-block-gallery-10 is-layout-flex wp-block-gallery-is-layout-flex\"> <figure class=\"wp-block-image size-large\"><img loading=\"lazy\" decoding=\"async\" width=\"720\" height=\"540\" data-id=\"2487\" src=\"https:\/\/charcoalplant.com\/wp-content\/uploads\/2022\/02\/heat-shrink-sealer.jpg\" alt=\"sellador termorretr\u00e1ctil\" class=\"wp-image-2487\"\/><figcaption>sellador termorretr\u00e1ctil<\/figcaption><\/figure> <\/figure> <\/div>    <div class=\"wp-block-column is-layout-flow wp-block-column-is-layout-flow\"> <figure class=\"wp-block-gallery has-nested-images columns-default is-cropped wp-block-gallery-11 is-layout-flex wp-block-gallery-is-layout-flex\"> <figure class=\"wp-block-image size-large\"><img loading=\"lazy\" decoding=\"async\" width=\"720\" height=\"540\" data-id=\"2488\" src=\"https:\/\/charcoalplant.com\/wp-content\/uploads\/2022\/02\/finish-product.jpg\" alt=\"producto terminado\" class=\"wp-image-2488\"\/><figcaption>producto terminado<\/figcaption><\/figure> <\/figure> <\/div> <\/div>    <p><\/p>","protected":false},"excerpt":{"rendered":"<p>La prensa rotativa de tabletas para cachimba es una m\u00e1quina para fabricar carb\u00f3n para shisha de alta gama. Su producci\u00f3n por hora es de 30.000 a 40.000 piezas.<\/p>","protected":false},"author":1,"featured_media":1920,"parent":0,"template":"","tags":[59],"product-type":[44],"class_list":["post-1909","product","type-product","status-publish","has-post-thumbnail","hentry","tag-charcoal-briquetting-machine","product-type-charcoal-briquetting-machine"],"_links":{"self":[{"href":"https:\/\/charcoalplant.com\/es\/wp-json\/wp\/v2\/product\/1909","targetHints":{"allow":["GET"]}}],"collection":[{"href":"https:\/\/charcoalplant.com\/es\/wp-json\/wp\/v2\/product"}],"about":[{"href":"https:\/\/charcoalplant.com\/es\/wp-json\/wp\/v2\/types\/product"}],"author":[{"embeddable":true,"href":"https:\/\/charcoalplant.com\/es\/wp-json\/wp\/v2\/users\/1"}],"wp:featuredmedia":[{"embeddable":true,"href":"https:\/\/charcoalplant.com\/es\/wp-json\/wp\/v2\/media\/1920"}],"wp:attachment":[{"href":"https:\/\/charcoalplant.com\/es\/wp-json\/wp\/v2\/media?parent=1909"}],"wp:term":[{"taxonomy":"post_tag","embeddable":true,"href":"https:\/\/charcoalplant.com\/es\/wp-json\/wp\/v2\/tags?post=1909"},{"taxonomy":"product-type","embeddable":true,"href":"https:\/\/charcoalplant.com\/es\/wp-json\/wp\/v2\/product-type?post=1909"}],"curies":[{"name":"wp","href":"https:\/\/api.w.org\/{rel}","templated":true}]}}