{"id":1976,"date":"2022-01-14T10:13:10","date_gmt":"2022-01-14T10:13:10","guid":{"rendered":"https:\/\/charcoalplant.com\/?page_id=1976"},"modified":"2023-01-13T16:46:31","modified_gmt":"2023-01-13T08:46:31","slug":"bbq-coal-production-line","status":"publish","type":"product","link":"https:\/\/charcoalplant.com\/es\/bbq-coal-production-line\/","title":{"rendered":"L\u00ednea de producci\u00f3n de carb\u00f3n para barbacoa"},"content":{"rendered":"<div class=\"kk-star-ratings kksr-auto kksr-align-left kksr-valign-top\"     data-payload='{&quot;align&quot;:&quot;left&quot;,&quot;id&quot;:&quot;1976&quot;,&quot;slug&quot;:&quot;default&quot;,&quot;valign&quot;:&quot;top&quot;,&quot;ignore&quot;:&quot;&quot;,&quot;reference&quot;:&quot;auto&quot;,&quot;class&quot;:&quot;&quot;,&quot;count&quot;:&quot;13&quot;,&quot;legendonly&quot;:&quot;&quot;,&quot;readonly&quot;:&quot;&quot;,&quot;score&quot;:&quot;4.9&quot;,&quot;starsonly&quot;:&quot;&quot;,&quot;best&quot;:&quot;5&quot;,&quot;gap&quot;:&quot;5&quot;,&quot;greet&quot;:&quot;Rate this product&quot;,&quot;legend&quot;:&quot;4.9\\\/5 - (13 votos)&quot;,&quot;size&quot;:&quot;24&quot;,&quot;title&quot;:&quot;BBQ Coal Production Line&quot;,&quot;width&quot;:&quot;139.6&quot;,&quot;_legend&quot;:&quot;{score}\\\/{best} - ({count} {votes})&quot;,&quot;font_factor&quot;:&quot;1.25&quot;}'>              <div class=\"kksr-stars\">      <div class=\"kksr-stars-inactive\">             <div class=\"kksr-star\" data-star=\"1\" style=\"padding-right: 5px\">               <div class=\"kksr-icon\" style=\"width: 24px; height: 24px;\"><\/div>         <\/div>             <div class=\"kksr-star\" data-star=\"2\" style=\"padding-right: 5px\">               <div class=\"kksr-icon\" style=\"width: 24px; height: 24px;\"><\/div>         <\/div>             <div class=\"kksr-star\" data-star=\"3\" style=\"padding-right: 5px\">               <div class=\"kksr-icon\" style=\"width: 24px; height: 24px;\"><\/div>         <\/div>             <div class=\"kksr-star\" data-star=\"4\" style=\"padding-right: 5px\">               <div class=\"kksr-icon\" style=\"width: 24px; height: 24px;\"><\/div>         <\/div>             <div class=\"kksr-star\" data-star=\"5\" style=\"padding-right: 5px\">               <div class=\"kksr-icon\" style=\"width: 24px; height: 24px;\"><\/div>         <\/div>     <\/div>      <div class=\"kksr-stars-active\" style=\"width: 139.6px;\">             <div class=\"kksr-star\" style=\"padding-right: 5px\">               <div class=\"kksr-icon\" style=\"width: 24px; height: 24px;\"><\/div>         <\/div>             <div class=\"kksr-star\" style=\"padding-right: 5px\">               <div class=\"kksr-icon\" style=\"width: 24px; height: 24px;\"><\/div>         <\/div>             <div class=\"kksr-star\" style=\"padding-right: 5px\">               <div class=\"kksr-icon\" style=\"width: 24px; height: 24px;\"><\/div>         <\/div>             <div class=\"kksr-star\" style=\"padding-right: 5px\">               <div class=\"kksr-icon\" style=\"width: 24px; height: 24px;\"><\/div>         <\/div>             <div class=\"kksr-star\" style=\"padding-right: 5px\">               <div class=\"kksr-icon\" style=\"width: 24px; height: 24px;\"><\/div>         <\/div>     <\/div> <\/div>                   <div class=\"kksr-legend\" style=\"font-size: 19.2px;\">             4,9\/5 - (13 votos)    <\/div>     <\/div>  <p class=\"translation-block\"><strong>La l\u00ednea de producci\u00f3n de carb\u00f3n para BBQ<\/strong> es una herramienta profesional para la fabricaci\u00f3n de briquetas de carb\u00f3n. Adem\u00e1s, no solo se puede hacer en forma de bolas, sino tambi\u00e9n en forma de almohadas, pan y \u00f3valos para satisfacer las necesidades del cliente. Debido a que el carb\u00f3n para barbacoa reemplaza el combustible biom\u00e1sico tradicional y el carb\u00f3n crudo, es una forma efectiva de lograr ahorro de energ\u00eda y reducci\u00f3n de emisiones. Adem\u00e1s, la m\u00e1quina para hacer briquetas de carb\u00f3n puede resolver f\u00e1cilmente los problemas de transporte inconveniente y manejo dif\u00edcil del carb\u00f3n triturado. Por lo tanto, es el proyecto de inversi\u00f3n preferido para las plantas de procesamiento de carb\u00f3n. Si est\u00e1 interesado en la l\u00ednea de producci\u00f3n de carb\u00f3n para barbacoa Shuliy, cont\u00e1ctenos inmediatamente.<\/p>    <h2 class=\"wp-block-heading\" id=\"h-process-of-bbq-coal-production-line\"><strong>Proceso de la l\u00ednea de producci\u00f3n de carb\u00f3n para barbacoa.<\/strong><\/h2>    <p>En pocas palabras, toda la l\u00ednea de producci\u00f3n de briquetas de carb\u00f3n es el proceso desde los trozos de carb\u00f3n hasta el carb\u00f3n en polvo y el carb\u00f3n para barbacoa. Todo el proceso incluye trituraci\u00f3n, agitaci\u00f3n, distribuci\u00f3n, formaci\u00f3n, secado y envasado. Finalmente se obtendr\u00e1 una briqueta limpia con alto poder calor\u00edfico, gran demanda y transporte conveniente.<\/p>    <figure class=\"wp-block-gallery has-nested-images columns-3 is-cropped wp-block-gallery-2 is-layout-flex wp-block-gallery-is-layout-flex\"> <figure class=\"wp-block-image size-large\"><img loading=\"lazy\" decoding=\"async\" width=\"720\" height=\"540\" data-id=\"1980\" src=\"https:\/\/charcoalplant.com\/wp-content\/uploads\/2022\/01\/coal.jpg\" alt=\"carb\u00f3n\" class=\"wp-image-1980\"\/><figcaption class=\"wp-element-caption\">carb\u00f3n<\/figcaption><\/figure>    <figure class=\"wp-block-image size-large\"><img loading=\"lazy\" decoding=\"async\" width=\"720\" height=\"540\" data-id=\"1979\" src=\"https:\/\/charcoalplant.com\/wp-content\/uploads\/2022\/01\/coal-powder.jpg\" alt=\"polvo de carb\u00f3n\" class=\"wp-image-1979\"\/><figcaption class=\"wp-element-caption\">polvo de carb\u00f3n<\/figcaption><\/figure>    <figure class=\"wp-block-image size-full\"><img loading=\"lazy\" decoding=\"async\" width=\"720\" height=\"540\" data-id=\"2842\" src=\"https:\/\/charcoalplant.com\/wp-content\/uploads\/2022\/03\/coal-briket-bag.jpg\" alt=\"bolsa-briket-de-carb\u00f3n\" class=\"wp-image-2842\"\/><figcaption class=\"wp-element-caption\">bolsa-briket-de-carb\u00f3n<\/figcaption><\/figure> <\/figure>    <figure class=\"wp-block-image aligncenter size-full\"><img loading=\"lazy\" decoding=\"async\" width=\"720\" height=\"540\" src=\"https:\/\/charcoalplant.com\/wp-content\/uploads\/2022\/01\/BBQ-coal-production-line.jpg\" alt=\"L\u00ednea de producci\u00f3n de carb\u00f3n para barbacoa\" class=\"wp-image-1978\"\/><figcaption class=\"wp-element-caption\">L\u00ednea de producci\u00f3n de carb\u00f3n para barbacoa<\/figcaption><\/figure>    <h2 class=\"wp-block-heading\" id=\"h-what-equipment-does-coal-powder-briquetting-production-line-include\"><strong>\u00bfQu\u00e9 m\u00e1quinas incluye la l\u00ednea de producci\u00f3n de briquetas de carb\u00f3n en polvo?<\/strong><\/h2>    <p class=\"translation-block\">El equipo principal de la l\u00ednea de producci\u00f3n de carb\u00f3n para barbacoa se compone de un silo de carb\u00f3n, <strong><a href=\"https:\/\/charcoalplant.com\/es\/grinder-and-mixer\/charcoal-shredder\/\">pulverizador de carb\u00f3n<\/a><\/strong>, mezclador de polvo de carb\u00f3n, molino de rueda, m\u00e1quina de briquetado de carb\u00f3n, secador de carb\u00f3n para barbacoa y m\u00e1quina de envasado. Entre ellos, el mezclador de doble eje, la m\u00e1quina de briquetado de carb\u00f3n pulverizado y el secador de briquetas de carb\u00f3n son las piezas de equipo m\u00e1s importantes en la l\u00ednea de producci\u00f3n de carb\u00f3n para barbacoa.<\/p>    <div class=\"wp-block-columns has-background is-layout-flex wp-container-core-columns-is-layout-28f84493 wp-block-columns-is-layout-flex\" style=\"background-color:#f1f1f1\"> <div class=\"wp-block-column is-vertically-aligned-center is-layout-flow wp-block-column-is-layout-flow\" style=\"flex-basis:33.33%\"> <h3 class=\"wp-block-heading\"><strong>Mezclador de carb\u00f3n pulverizado<\/strong><\/h3>    <p class=\"translation-block\">Debido a que la formaci\u00f3n de briquetas de carb\u00f3n requiere est\u00e1ndares muy estrictos sobre la calidad del aglutinante y la estructura de la m\u00e1quina de mezclado. Por lo tanto, la l\u00ednea de producci\u00f3n de moldeo de carb\u00f3n pulverizado est\u00e1 principalmente equipada con un <strong>mezclador de doble eje<\/strong> y un tanque de mezcla de aglutinante. As\u00ed que solo necesitas saber cu\u00e1nta cantidad de aglutinante se necesita por una tonelada de carb\u00f3n, y puedes a\u00f1adirlo de forma cuantitativa. El mezclador de cenizas de carb\u00f3n puede garantizar la mezcla uniforme de polvo de carb\u00f3n y aglutinante.<\/p> <\/div>    <div class=\"wp-block-column is-layout-flow wp-block-column-is-layout-flow\" style=\"flex-basis:66.66%\"> <figure class=\"wp-block-image size-full\"><img loading=\"lazy\" decoding=\"async\" width=\"720\" height=\"540\" src=\"https:\/\/charcoalplant.com\/wp-content\/uploads\/2022\/03\/coal-mixer.jpg\" alt=\"\" class=\"wp-image-2844\"\/><\/figure> <\/div> <\/div>    <div class=\"wp-block-columns has-background is-layout-flex wp-container-core-columns-is-layout-28f84493 wp-block-columns-is-layout-flex\" style=\"background-color:#f1f1f1\"> <div class=\"wp-block-column is-layout-flow wp-block-column-is-layout-flow\" style=\"flex-basis:66.66%\"> <figure class=\"wp-block-gallery has-nested-images columns-default is-cropped wp-block-gallery-3 is-layout-flex wp-block-gallery-is-layout-flex\"> <figure class=\"wp-block-image size-large\"><img loading=\"lazy\" decoding=\"async\" width=\"720\" height=\"540\" data-id=\"1982\" src=\"https:\/\/charcoalplant.com\/wp-content\/uploads\/2022\/01\/charcoal-ball-press-machine-manufacturer.jpg\" alt=\"fabricante-de-m\u00e1quina-de-prensa-de-bolas-de-carb\u00f3n\" class=\"wp-image-1982\"\/><figcaption class=\"wp-element-caption\">fabricante-de-m\u00e1quina-de-prensa-de-bolas-de-carb\u00f3n<\/figcaption><\/figure> <\/figure> <\/div>    <div class=\"wp-block-column is-vertically-aligned-center is-layout-flow wp-block-column-is-layout-flow\" style=\"flex-basis:33.33%\"> <h3 class=\"wp-block-heading\"><strong>M\u00e1quina de briquetas de carb\u00f3n para barbacoa<\/strong><\/h3>    <p class=\"translation-block\"><strong><a href=\"https:\/\/charcoalplant.com\/es\/charcoal-briquetting-machine\/charcoal-ball-press-machine\/\">La m\u00e1quina de prensado de bolas de polvo de carb\u00f3n<\/a><\/strong> es el equipo central en la l\u00ednea de producci\u00f3n de carb\u00f3n para barbacoa. Al mismo tiempo, tambi\u00e9n es el determinante de la resistencia de formaci\u00f3n de pellets y la tasa de esferoidizaci\u00f3n. La m\u00e1quina de moldeo de polvo de carb\u00f3n Shuliy tiene una tasa de formaci\u00f3n de bolas de m\u00e1s del 98%.<\/p> <\/div> <\/div>    <div class=\"wp-block-columns has-background is-layout-flex wp-container-core-columns-is-layout-28f84493 wp-block-columns-is-layout-flex\" style=\"background-color:#f1f1f1\"> <div class=\"wp-block-column is-vertically-aligned-center is-layout-flow wp-block-column-is-layout-flow\" style=\"flex-basis:33.33%\"> <h3 class=\"wp-block-heading\"><strong>Secadora de briquetas de carb\u00f3n<\/strong><\/h3>    <p class=\"translation-block\"><strong><a href=\"https:\/\/charcoalplant.com\/es\/drying-machine\/charcoal-briquette-dryer\/\">Secador de carb\u00f3n para barbacoa<\/a><\/strong> es una m\u00e1quina especial para secar pellets de carbono. Lo que recomendamos para usted es el secador de banda de malla. Su estructura de transmisi\u00f3n de cadena de correa en varias capas en forma de S. No solo puede reducir el espacio ocupado por el equipo sino tambi\u00e9n mejorar la tasa de utilizaci\u00f3n de la energ\u00eda t\u00e9rmica. Adem\u00e1s, adopta una estructura de transmisi\u00f3n tipo placa de cadena, que no se deforma en un entorno de secado de alta humedad. Este dise\u00f1o no solo evita el impacto de los materiales. Y la calidad del carb\u00f3n tras el secado es particularmente buena.<\/p> <\/div>    <div class=\"wp-block-column is-layout-flow wp-block-column-is-layout-flow\"><\/div>    <div class=\"wp-block-column is-layout-flow wp-block-column-is-layout-flow\" style=\"flex-basis:66.66%\"> <figure class=\"wp-block-gallery has-nested-images columns-default is-cropped wp-block-gallery-4 is-layout-flex wp-block-gallery-is-layout-flex\"> <figure class=\"wp-block-image size-large\"><img loading=\"lazy\" decoding=\"async\" width=\"720\" height=\"540\" data-id=\"2847\" src=\"https:\/\/charcoalplant.com\/wp-content\/uploads\/2022\/03\/coal-drying-machine.jpg\" alt=\"\" class=\"wp-image-2847\"\/><\/figure> <\/figure> <\/div> <\/div>    <h3 class=\"wp-block-heading\"><strong>Empaquetadora de carb\u00f3n para barbacoa<\/strong><\/h3>    <p>La l\u00ednea de producci\u00f3n de briquetas de carb\u00f3n se puede empacar mediante una m\u00e1quina llenadora y selladora de carb\u00f3n. Las especificaciones de embalaje habituales en el mercado son 5 kg, 10 kg, 15 kg y 50 kg. Al ser un sistema CNC, el peso del paquete es ajustable. Como fabricante l\u00edder, podemos ofrecer a los clientes una f\u00e1brica de dise\u00f1o para bolsas de embalaje de carb\u00f3n para barbacoa.<\/p>    <figure class=\"wp-block-gallery has-nested-images columns-default is-cropped wp-block-gallery-5 is-layout-flex wp-block-gallery-is-layout-flex\"> <figure class=\"wp-block-image size-large\"><img loading=\"lazy\" decoding=\"async\" width=\"720\" height=\"540\" data-id=\"2851\" src=\"https:\/\/charcoalplant.com\/wp-content\/uploads\/2022\/03\/BBQ-coal-production-line-for-sale.jpg\" alt=\"L\u00ednea-de-producci\u00f3n-de-carb\u00f3n-para-barbacoas-en-venta\" class=\"wp-image-2851\"\/><figcaption class=\"wp-element-caption\">envasadora de carb\u00f3n para barbacoa<\/figcaption><\/figure>    <figure class=\"wp-block-image size-large\"><img loading=\"lazy\" decoding=\"async\" width=\"720\" height=\"540\" data-id=\"2850\" src=\"https:\/\/charcoalplant.com\/wp-content\/uploads\/2022\/03\/bagged-charcoal-.jpg\" alt=\"carb\u00f3n en bolsas\" class=\"wp-image-2850\"\/><figcaption class=\"wp-element-caption\">carb\u00f3n en bolsas<\/figcaption><\/figure> <\/figure>    <h2 class=\"wp-block-heading\" id=\"h-why-is-the-bbq-coal-production-line-profitable\"><strong>\u00bfPor qu\u00e9 es rentable la l\u00ednea de producci\u00f3n de carb\u00f3n para barbacoas?<\/strong><strong><\/strong><\/h2>    <p>Con el r\u00e1pido desarrollo de la ciencia y la tecnolog\u00eda, la l\u00ednea de producci\u00f3n de briquetas de carb\u00f3n tambi\u00e9n se ha embarcado en el camino de la automatizaci\u00f3n. Adem\u00e1s, la instalaci\u00f3n y operaci\u00f3n del equipo contar\u00e1 con orientaci\u00f3n t\u00e9cnica por parte del personal de f\u00e1brica. En la etapa posterior, cuatro o cinco personas en una l\u00ednea de producci\u00f3n de varios cientos de metros son completamente competentes en todo el proceso de fabricaci\u00f3n de briquetas. La l\u00ednea de producci\u00f3n de carb\u00f3n para barbacoa totalmente automatizada puede reducir mucha mano de obra y mejorar la eficiencia del trabajo. Por tanto, el coste operativo de la empresa se reduce considerablemente.<\/p>    <figure class=\"wp-block-gallery has-nested-images columns-default is-cropped wp-block-gallery-6 is-layout-flex wp-block-gallery-is-layout-flex\"> <figure class=\"wp-block-image size-large\"><img loading=\"lazy\" decoding=\"async\" width=\"1024\" height=\"768\" data-id=\"2855\" src=\"https:\/\/charcoalplant.com\/wp-content\/uploads\/2022\/03\/application-of-bbq-coal.png\" alt=\"aplicaci\u00f3n-de-carbon-barbacoa\" class=\"wp-image-2855\"\/><figcaption class=\"wp-element-caption\">aplicaci\u00f3n-de-carbon-barbacoa<\/figcaption><\/figure>    <figure class=\"wp-block-image size-large\"><img loading=\"lazy\" decoding=\"async\" width=\"720\" height=\"540\" data-id=\"2854\" src=\"https:\/\/charcoalplant.com\/wp-content\/uploads\/2022\/03\/bbq-fule.jpg\" alt=\"barbacoa-fule\" class=\"wp-image-2854\"\/><figcaption class=\"wp-element-caption\">barbacoa-fule<\/figcaption><\/figure> <\/figure>    <h2 class=\"wp-block-heading\" id=\"h-coal-briquettes-machine-plant-for-sale\">barbacoa <strong>l\u00ednea de producci\u00f3n de carb\u00f3n para la venta<\/strong><\/h2>    <p class=\"translation-block\">Somos un fabricante especializado en todo tipo de l\u00edneas de producci\u00f3n de m\u00e1quinas de carb\u00f3n. Vendemos <strong><a href=\"https:\/\/charcoalplant.com\/es\/briquettes-packing-machine\/charcoal-briquettes-packing-machine\/\">m\u00e1quinas de envasado de carb\u00f3n de shisha<\/a><\/strong>, molinos de rueda de polvo de carb\u00f3n, <strong><a href=\"https:\/\/charcoalplant.com\/es\/grinder-and-mixer\/charcoal-shredder\/\">pulverizadores de carb\u00f3n<\/a>,<\/strong> y otros equipos. Nuestra planta tambi\u00e9n ofrece servicios de personalizaci\u00f3n de m\u00e1quinas y soluciones de l\u00edneas de producci\u00f3n plan para usted de forma gratuita. Y, p\u00f3ngase en contacto con nosotros ahora, obtendr\u00e1 m\u00e1s servicios, como precio del producto, im\u00e1genes, videos de producci\u00f3n, etc.<\/p>    <figure class=\"wp-block-gallery has-nested-images columns-2 is-cropped wp-block-gallery-7 is-layout-flex wp-block-gallery-is-layout-flex\"> <figure class=\"wp-block-image size-full\"><img loading=\"lazy\" decoding=\"async\" width=\"720\" height=\"540\" data-id=\"2857\" src=\"https:\/\/charcoalplant.com\/wp-content\/uploads\/2022\/03\/coal-press-ball-machine-for-sale.jpg\" alt=\"maquina de bolas de prensa de carbon para la venta\" class=\"wp-image-2857\"\/><figcaption class=\"wp-element-caption\">maquina de bolas de prensa de carbon para la venta<\/figcaption><\/figure>    <figure class=\"wp-block-image size-large\"><img loading=\"lazy\" decoding=\"async\" width=\"720\" height=\"540\" data-id=\"2858\" src=\"https:\/\/charcoalplant.com\/wp-content\/uploads\/2022\/03\/bbq-coal-production-line-show.jpg\" alt=\"L\u00ednea de producci\u00f3n de carb\u00f3n para barbacoa.\" class=\"wp-image-2858\"\/><figcaption class=\"wp-element-caption\">L\u00ednea de producci\u00f3n de carb\u00f3n para barbacoa.<\/figcaption><\/figure>    <figure class=\"wp-block-image size-large\"><img loading=\"lazy\" decoding=\"async\" width=\"720\" height=\"540\" data-id=\"2859\" src=\"https:\/\/charcoalplant.com\/wp-content\/uploads\/2022\/03\/coal-briquette-machine-plant-shipping.jpg\" alt=\"env\u00edo de la planta de la m\u00e1quina de briquetas de carb\u00f3n\" class=\"wp-image-2859\"\/><figcaption class=\"wp-element-caption\">env\u00edo de la planta de la m\u00e1quina de briquetas de carb\u00f3n<\/figcaption><\/figure>    <figure class=\"wp-block-image size-large\"><img loading=\"lazy\" decoding=\"async\" width=\"720\" height=\"540\" data-id=\"2860\" src=\"https:\/\/charcoalplant.com\/wp-content\/uploads\/2022\/03\/shippment-1.jpg\" alt=\"env\u00edo\" class=\"wp-image-2860\"\/><figcaption class=\"wp-element-caption\">env\u00edo<\/figcaption><\/figure> <\/figure>","protected":false},"excerpt":{"rendered":"<p>BBQ coal production line is a professional tool for coal briquette making. Moreover, it can not only be made into balls, but also into the pillow, bread, and oval shapes to meet customer needs. Because barbecue coal replaces traditional biomass fuel and raw coal, it is an effective way to achieve energy-saving and emission reduction. [&hellip;]<\/p>\n","protected":false},"author":1,"featured_media":1978,"parent":0,"template":"","tags":[59],"product-type":[53],"class_list":["post-1976","product","type-product","status-publish","has-post-thumbnail","hentry","tag-charcoal-briquetting-machine","product-type-product-line"],"_links":{"self":[{"href":"https:\/\/charcoalplant.com\/es\/wp-json\/wp\/v2\/product\/1976","targetHints":{"allow":["GET"]}}],"collection":[{"href":"https:\/\/charcoalplant.com\/es\/wp-json\/wp\/v2\/product"}],"about":[{"href":"https:\/\/charcoalplant.com\/es\/wp-json\/wp\/v2\/types\/product"}],"author":[{"embeddable":true,"href":"https:\/\/charcoalplant.com\/es\/wp-json\/wp\/v2\/users\/1"}],"wp:featuredmedia":[{"embeddable":true,"href":"https:\/\/charcoalplant.com\/es\/wp-json\/wp\/v2\/media\/1978"}],"wp:attachment":[{"href":"https:\/\/charcoalplant.com\/es\/wp-json\/wp\/v2\/media?parent=1976"}],"wp:term":[{"taxonomy":"post_tag","embeddable":true,"href":"https:\/\/charcoalplant.com\/es\/wp-json\/wp\/v2\/tags?post=1976"},{"taxonomy":"product-type","embeddable":true,"href":"https:\/\/charcoalplant.com\/es\/wp-json\/wp\/v2\/product-type?post=1976"}],"curies":[{"name":"wp","href":"https:\/\/api.w.org\/{rel}","templated":true}]}}