{"id":1994,"date":"2022-01-17T09:13:40","date_gmt":"2022-01-17T09:13:40","guid":{"rendered":"https:\/\/charcoalplant.com\/?page_id=1994"},"modified":"2023-01-13T11:50:46","modified_gmt":"2023-01-13T03:50:46","slug":"coconut-charcoal-briquette-plant","status":"publish","type":"product","link":"https:\/\/charcoalplant.com\/es\/coconut-charcoal-briquette-plant\/","title":{"rendered":"Planta de briquetas de carb\u00f3n de coco"},"content":{"rendered":"<div class=\"kk-star-ratings kksr-auto kksr-align-left kksr-valign-top\"     data-payload='{&quot;align&quot;:&quot;left&quot;,&quot;id&quot;:&quot;1994&quot;,&quot;slug&quot;:&quot;default&quot;,&quot;valign&quot;:&quot;top&quot;,&quot;ignore&quot;:&quot;&quot;,&quot;reference&quot;:&quot;auto&quot;,&quot;class&quot;:&quot;&quot;,&quot;count&quot;:&quot;20&quot;,&quot;legendonly&quot;:&quot;&quot;,&quot;readonly&quot;:&quot;&quot;,&quot;score&quot;:&quot;4.3&quot;,&quot;starsonly&quot;:&quot;&quot;,&quot;best&quot;:&quot;5&quot;,&quot;gap&quot;:&quot;5&quot;,&quot;greet&quot;:&quot;Rate this product&quot;,&quot;legend&quot;:&quot;4.3\\\/5 - (20 votos)&quot;,&quot;size&quot;:&quot;24&quot;,&quot;title&quot;:&quot;Coconut Charcoal Briquette Plant&quot;,&quot;width&quot;:&quot;122.2&quot;,&quot;_legend&quot;:&quot;{score}\\\/{best} - ({count} {votes})&quot;,&quot;font_factor&quot;:&quot;1.25&quot;}'>              <div class=\"kksr-stars\">      <div class=\"kksr-stars-inactive\">             <div class=\"kksr-star\" data-star=\"1\" style=\"padding-right: 5px\">               <div class=\"kksr-icon\" style=\"width: 24px; height: 24px;\"><\/div>         <\/div>             <div class=\"kksr-star\" data-star=\"2\" style=\"padding-right: 5px\">               <div class=\"kksr-icon\" style=\"width: 24px; height: 24px;\"><\/div>         <\/div>             <div class=\"kksr-star\" data-star=\"3\" style=\"padding-right: 5px\">               <div class=\"kksr-icon\" style=\"width: 24px; height: 24px;\"><\/div>         <\/div>             <div class=\"kksr-star\" data-star=\"4\" style=\"padding-right: 5px\">               <div class=\"kksr-icon\" style=\"width: 24px; height: 24px;\"><\/div>         <\/div>             <div class=\"kksr-star\" data-star=\"5\" style=\"padding-right: 5px\">               <div class=\"kksr-icon\" style=\"width: 24px; height: 24px;\"><\/div>         <\/div>     <\/div>      <div class=\"kksr-stars-active\" style=\"width: 122.2px;\">             <div class=\"kksr-star\" style=\"padding-right: 5px\">               <div class=\"kksr-icon\" style=\"width: 24px; height: 24px;\"><\/div>         <\/div>             <div class=\"kksr-star\" style=\"padding-right: 5px\">               <div class=\"kksr-icon\" style=\"width: 24px; height: 24px;\"><\/div>         <\/div>             <div class=\"kksr-star\" style=\"padding-right: 5px\">               <div class=\"kksr-icon\" style=\"width: 24px; height: 24px;\"><\/div>         <\/div>             <div class=\"kksr-star\" style=\"padding-right: 5px\">               <div class=\"kksr-icon\" style=\"width: 24px; height: 24px;\"><\/div>         <\/div>             <div class=\"kksr-star\" style=\"padding-right: 5px\">               <div class=\"kksr-icon\" style=\"width: 24px; height: 24px;\"><\/div>         <\/div>     <\/div> <\/div>                   <div class=\"kksr-legend\" style=\"font-size: 19.2px;\">             4.3\/5 - (20 votos)    <\/div>     <\/div>  <p class=\"translation-block\"><strong>La planta de briquetas de carb\u00f3n de coco<\/strong> es una instalaci\u00f3n que produce briquetas ecol\u00f3gicas hechas de c\u00e1scaras de coco. Entre ellas, la m\u00e1quina de briquetas de c\u00e1scara de coco es el equipo de formaci\u00f3n en la l\u00ednea de producci\u00f3n. Puede prensar todo tipo de materiales en polvo en bloques. Los m\u00e1s comunes son, por ejemplo, <strong><a href=\"https:\/\/charcoalplant.com\/es\/charcoal-briquetting-machine\/honeycomb-coal-press-machine\/\">moldeo de polvo de carb\u00f3n<\/a><\/strong>, moldeo de polvo mineral, moldeo de yeso desulfurado, moldeo de polvo de coque, virutas de hierro, moldeo de varios desechos met\u00e1licos, etc. La l\u00ednea de fabricaci\u00f3n de briquetas de carb\u00f3n de coco tiene caracter\u00edsticas de f\u00e1cil operaci\u00f3n, bajo costo y alto retorno. Si est\u00e1 interesado en este proyecto, cont\u00e1ctenos y haremos nuestro mejor esfuerzo para impulsar su negocio de carb\u00f3n. <\/p>    <h2 class=\"wp-block-heading\">Materia prima de la l\u00ednea de producci\u00f3n de briquetas de carb\u00f3n.<\/h2>    <p class=\"translation-block\">La materia prima de la <strong><a href=\"https:\/\/charcoalplant.com\/es\/product\/charcoal-briquetting-machine\/\">m\u00e1quina de briquetas de carb\u00f3n<\/a><\/strong> puede ser polvo de c\u00e1scara de coco, polvo de aserr\u00edn, polvo de c\u00e1scara de arroz, polvo de carb\u00f3n, etc. La carga se refiere a los minerales y otros materiales catal\u00edticos a\u00f1adidos al horno de fundici\u00f3n. El mineral de hierro, los lingotes, el arrabio, las empresas de reciclaje de chatarra de hierro, la chatarra de hierro y acero, los finos de mineral, el carb\u00f3n coquizable, el coque y los ferroaleaciones pertenecen todos a la carga.<\/p>    <figure class=\"wp-block-image aligncenter size-full\"><img loading=\"lazy\" decoding=\"async\" width=\"993\" height=\"205\" src=\"https:\/\/charcoalplant.com\/wp-content\/uploads\/2022\/01\/raw-materials-1.jpg\" alt=\"planta-de-briquetas-de-polvo-de-coco-materias-1\" class=\"wp-image-2005\"\/><\/figure>    <h2 class=\"wp-block-heading\" id=\"h-equipment-types-of-coconut-charcoal-briquette-plant\">Partes principales de la planta de briquetas de carb\u00f3n de coco.<\/h2>    <p class=\"translation-block\">La l\u00ednea de producci\u00f3n de briquetas de carb\u00f3n de c\u00e1scara de coco incluye un <strong><a href=\"https:\/\/charcoalplant.com\/es\/grinder-and-mixer\/charcoal-shredder\/\">molino de martillos<\/a><\/strong>, un contenedor de almacenamiento, un molino de rueda de polvo de carbono, un contenedor de distribuci\u00f3n, una m\u00e1quina de briquetas de polvo de carbono, un secador de cinta malla continua, <strong><a href=\"https:\/\/charcoalplant.com\/es\/briquettes-packing-machine\/charcoal-briquettes-packing-machine\/\">m\u00e1quina de envasado<\/a><\/strong>. Adem\u00e1s, el dispositivo de transporte intermedio tambi\u00e9n es esencial. A continuaci\u00f3n, me centrar\u00e9 en el molino de rueda de toner, la m\u00e1quina de briquetado de polvo de carbono y el secador. Porque son un factor importante que afecta la calidad de la bola.<\/p>    <figure class=\"wp-block-image aligncenter size-full\"><img loading=\"lazy\" decoding=\"async\" width=\"720\" height=\"540\" src=\"https:\/\/charcoalplant.com\/wp-content\/uploads\/2022\/03\/Coconut-Charcoal-Briquette-Plant-3D-show.jpg\" alt=\"Planta de briquetas de carb\u00f3n de coco, espect\u00e1culo 3D.\" class=\"wp-image-2882\"\/><figcaption class=\"wp-element-caption\">Planta de briquetas de carb\u00f3n de coco, espect\u00e1culo 3D.<\/figcaption><\/figure>    <div class=\"wp-block-columns has-background is-layout-flex wp-container-core-columns-is-layout-28f84493 wp-block-columns-is-layout-flex\" style=\"background-color:#f1f1f1\"> <div class=\"wp-block-column is-vertically-aligned-center is-layout-flow wp-block-column-is-layout-flow\" style=\"flex-basis:33.33%\"> <p><strong><a href=\"https:\/\/charcoalplant.com\/es\/product\/charcoal-powder-mixer\/\">Mezclador de polvo de carb\u00f3n de coco<\/a><\/strong><\/p>    <p>Generalmente, el carb\u00f3n vegetal puede obtener unos 3 mm de polvo de carb\u00f3n despu\u00e9s de pasar por el molino de martillos. Sin embargo, cuanto mayor sea la finura del polvo de carb\u00f3n, mejor ser\u00e1 el efecto de formaci\u00f3n de la briqueta de carb\u00f3n de coco. Por tanto, por un lado, el uso de un molino de rueda de polvo de carb\u00f3n puede hacer que el material sea m\u00e1s delicado y ayudar a darle forma. Por otro lado, despu\u00e9s de que el polvo de carb\u00f3n, el aglutinante y el agua se agitan mediante laminaci\u00f3n, el material puede bloquear completamente el agua y mejorar la viscosidad interna de la mol\u00e9cula.<\/p> <\/div>    <div class=\"wp-block-column is-layout-flow wp-block-column-is-layout-flow\" style=\"flex-basis:66.66%\"> <figure class=\"wp-block-gallery has-nested-images columns-default is-cropped wp-block-gallery-2 is-layout-flex wp-block-gallery-is-layout-flex\"> <figure class=\"wp-block-image size-large\"><img loading=\"lazy\" decoding=\"async\" width=\"720\" height=\"540\" data-id=\"1534\" src=\"https:\/\/charcoalplant.com\/wp-content\/uploads\/2021\/12\/charcoal-powder-mixer-plant-2.jpg\" alt=\"planta mezcladora de polvo de carb\u00f3n\" class=\"wp-image-1534\" srcset=\"https:\/\/charcoalplant.com\/wp-content\/uploads\/2021\/12\/charcoal-powder-mixer-plant-2.jpg 720w, https:\/\/charcoalplant.com\/wp-content\/uploads\/2021\/12\/charcoal-powder-mixer-plant-2-300x225.jpg 300w\" sizes=\"auto, (max-width: 720px) 100vw, 720px\" \/><figcaption class=\"wp-element-caption\">planta mezcladora de polvo de carb\u00f3n<\/figcaption><\/figure> <\/figure> <\/div> <\/div>    <div class=\"wp-block-columns has-background is-layout-flex wp-container-core-columns-is-layout-28f84493 wp-block-columns-is-layout-flex\" style=\"background-color:#f1f1f1\"> <div class=\"wp-block-column is-layout-flow wp-block-column-is-layout-flow\" style=\"flex-basis:66.66%\"> <figure class=\"wp-block-gallery has-nested-images columns-default is-cropped wp-block-gallery-3 is-layout-flex wp-block-gallery-is-layout-flex\"> <figure class=\"wp-block-image size-large\"><img loading=\"lazy\" decoding=\"async\" width=\"720\" height=\"540\" data-id=\"1982\" src=\"https:\/\/charcoalplant.com\/wp-content\/uploads\/2022\/01\/charcoal-ball-press-machine-manufacturer.jpg\" alt=\"fabricante-de-m\u00e1quina-de-prensa-de-bolas-de-carb\u00f3n\" class=\"wp-image-1982\"\/><figcaption class=\"wp-element-caption\">fabricante-de-m\u00e1quina-de-prensa-de-bolas-de-carb\u00f3n<\/figcaption><\/figure> <\/figure> <\/div>    <div class=\"wp-block-column is-vertically-aligned-center is-layout-flow wp-block-column-is-layout-flow\" style=\"flex-basis:33.33%\"> <p><strong><a href=\"https:\/\/charcoalplant.com\/es\/product\/charcoal-ball-press-machine\/\">M\u00e1quina de bolas de prensa de carb\u00f3n<\/a><\/strong><\/p>    <p>La m\u00e1quina formadora de polvo de carb\u00f3n de coco es el equipo principal de toda la l\u00ednea de producci\u00f3n. Utiliza el principio de movimiento relativo de los rodillos para extruir las materias primas. Adem\u00e1s, se puede personalizar el di\u00e1metro y el tipo de revestimiento del rollo. La briqueta formada se puede recoger y secar directamente sobre la cinta transportadora en la parte inferior de la m\u00e1quina.<\/p> <\/div> <\/div>    <h3 class=\"wp-block-heading\" id=\"h-mesh-belt-dryer-for-shaped-charcoal-plant\">Secador de cinta de malla para planta de carb\u00f3n perfilada<\/h3>    <p class=\"translation-block\">Debido al alto contenido de agua del briquete de polvo de carbono reci\u00e9n hecho, no puede cumplir con los requisitos de uso. Por lo tanto, recomendamos usar un secador de cinta malla para el secado. El secador de cinta malla utiliza una cinta transportadora de malla met\u00e1lica para lograr un secado integral de las bolas de carb\u00f3n. Adem\u00e1s, el <strong><a href=\"https:\/\/charcoalplant.com\/es\/product\/charcoal-briquette-dryer\/\">secador de malla de m\u00faltiples capas<\/a><\/strong> se seca por flujo rec\u00edproco para lograr una operaci\u00f3n continua de 24 horas.<\/p>    <figure class=\"wp-block-image aligncenter size-full\"><img loading=\"lazy\" decoding=\"async\" width=\"720\" height=\"540\" src=\"https:\/\/charcoalplant.com\/wp-content\/uploads\/2022\/03\/belt-drying-machine.jpg\" alt=\"\" class=\"wp-image-2883\"\/><\/figure>    <h2 class=\"wp-block-heading\">Aplicaciones y beneficios del carb\u00f3n de coco<\/h2>    <p>El carb\u00f3n de coco, tambi\u00e9n conocido como carb\u00f3n de c\u00e1scara de coco, tiene numerosas aplicaciones y beneficios. Algunos de los m\u00e1s notables incluyen:<\/p>    <ol class=\"wp-block-list\"> <li><strong>Combustible para barbacoa:<\/strong> El carb\u00f3n de coco es un combustible popular para barbacoas y parrilladas debido a su alta producci\u00f3n de calor y su largo tiempo de combusti\u00f3n.<\/li>    <li><strong>Filtraci\u00f3n de agua: <\/strong>El carb\u00f3n de coco se utiliza a menudo en sistemas de filtraci\u00f3n de agua debido a su capacidad para eliminar impurezas y mejorar el sabor del agua.<\/li>    <li><strong>Purificaci\u00f3n de aire: <\/strong>El carb\u00f3n de coco tambi\u00e9n se puede utilizar en sistemas de purificaci\u00f3n de aire para eliminar impurezas y mejorar la calidad del aire.<\/li>    <li><strong>Agricultura:<\/strong> El carb\u00f3n de coco tambi\u00e9n se utiliza como acondicionador y fertilizante del suelo, ya que puede mejorar la estructura del suelo, la aireaci\u00f3n y la capacidad de retenci\u00f3n de agua.<\/li>    <li><strong>Procesos industriales:<\/strong> El carb\u00f3n de coco se utiliza en diversos procesos industriales como la metalurgia, la industria qu\u00edmica y la industria azucarera.<\/li>    <li><strong>Fuente de carb\u00f3n para carb\u00f3n activado:<\/strong> El carb\u00f3n de coco es una fuente de carb\u00f3n activado que se utiliza para la purificaci\u00f3n, el descafeinado, la purificaci\u00f3n de gases y la purificaci\u00f3n de agua.<\/li>    <li><strong>Renovable y sostenible:<\/strong> El carb\u00f3n de coco es una fuente de combustible renovable y sostenible, ya que se elabora a partir de un producto de desecho (c\u00e1scaras de coco) y no contribuye a la deforestaci\u00f3n.<\/li>    <li><strong>Menos ceniza:<\/strong> El carb\u00f3n de coco tiene menos cenizas en comparaci\u00f3n con otros tipos de carb\u00f3n, lo que hace que su uso sea m\u00e1s limpio.<\/li>    <li><strong>Amigable con el medio ambiente:<\/strong> Las briquetas de carb\u00f3n de coco se consideran un combustible ecol\u00f3gico ya que emiten menos di\u00f3xido de carbono, metano y otros gases de efecto invernadero.<\/li> <\/ol>    <div class=\"wp-block-columns is-layout-flex wp-container-core-columns-is-layout-28f84493 wp-block-columns-is-layout-flex\"> <div class=\"wp-block-column is-layout-flow wp-block-column-is-layout-flow\"> <figure class=\"wp-block-image size-full\"><img loading=\"lazy\" decoding=\"async\" width=\"720\" height=\"540\" src=\"https:\/\/charcoalplant.com\/wp-content\/uploads\/2022\/01\/coconut-shell.jpg\" alt=\"cascara de coco\" class=\"wp-image-2089\"\/><figcaption class=\"wp-element-caption\">cascara de coco<\/figcaption><\/figure> <\/div>    <div class=\"wp-block-column is-layout-flow wp-block-column-is-layout-flow\"> <figure class=\"wp-block-image size-full\"><img loading=\"lazy\" decoding=\"async\" width=\"720\" height=\"540\" src=\"https:\/\/charcoalplant.com\/wp-content\/uploads\/2022\/02\/coconut-shell-charcoal-briquette.jpg\" alt=\"briquetas de carb\u00f3n de c\u00e1scara de coco\" class=\"wp-image-2501\"\/><figcaption class=\"wp-element-caption\">briquetas de carb\u00f3n de c\u00e1scara de coco<\/figcaption><\/figure> <\/div> <\/div>    <h2 class=\"wp-block-heading\" id=\"h-mineral-powder-forming-machine-production-line\">M\u00e1quina formadora de polvo mineral versus m\u00e1quina briquetadora de c\u00e1scara de coco<\/h2>    <p>La m\u00e1quina briquetadora de polvo mineral es una transformaci\u00f3n basada en la m\u00e1quina briquetadora de carb\u00f3n de coco. Entonces su estructura b\u00e1sica y principio son los mismos. Tambi\u00e9n en la planta de briquetas de carb\u00f3n en polvo, la m\u00e1quina formadora de polvo de carb\u00f3n desempe\u00f1a la funci\u00f3n de extruir el polvo de mineral que se forma. El equipo principal de su l\u00ednea de producci\u00f3n es una trituradora compuesta, un alimentador, un molino de ruedas, una m\u00e1quina briquetadora de carb\u00f3n en polvo y una m\u00e1quina secadora. <\/p>    <ul class=\"wp-block-list\"> <li>El proceso de producci\u00f3n de toda la l\u00ednea de producci\u00f3n de briquetas de carb\u00f3n en polvo consiste en que la trituradora compuesta primero tritura el carb\u00f3n. <\/li>    <li>En segundo lugar, el polvo mineral se introduce en el mezclador de polvo mineral a trav\u00e9s del alimentador y se mezcla con el aglutinante y el agua de manera uniforme. <\/li>    <li>En tercer lugar, el polvo mineral procesado se prensa en bolas mediante una m\u00e1quina de briquetas de polvo mineral. <\/li>    <li>Finalmente, las bolas de polvo mineral se secan mediante una secadora. <\/li> <\/ul>    <div class=\"wp-block-columns is-layout-flex wp-container-core-columns-is-layout-28f84493 wp-block-columns-is-layout-flex\"> <div class=\"wp-block-column is-layout-flow wp-block-column-is-layout-flow\"> <figure class=\"wp-block-image size-full is-style-default\"><img loading=\"lazy\" decoding=\"async\" width=\"720\" height=\"540\" src=\"https:\/\/charcoalplant.com\/wp-content\/uploads\/2022\/01\/mineral-powder-ball-press-machine.jpg\" alt=\"m\u00e1quina de prensa de bolas de polvo mineral\" class=\"wp-image-2004\"\/><figcaption class=\"wp-element-caption\">m\u00e1quina de prensa de bolas de polvo mineral<\/figcaption><\/figure> <\/div>    <div class=\"wp-block-column is-layout-flow wp-block-column-is-layout-flow\"> <figure class=\"wp-block-image size-full\"><img loading=\"lazy\" decoding=\"async\" width=\"720\" height=\"540\" src=\"https:\/\/charcoalplant.com\/wp-content\/uploads\/2022\/01\/mineral-powder-briquettes.jpg\" alt=\"briquetas de carb\u00f3n en polvo\" class=\"wp-image-2006\"\/><figcaption class=\"wp-element-caption\">briquetas de carb\u00f3n en polvo<\/figcaption><\/figure> <\/div> <\/div>    <h2 class=\"wp-block-heading\">Planta de briquetas de carb\u00f3n de coco a la venta<\/h2>    <p class=\"translation-block\">Shuliy La maquinaria produce todo tipo de equipos para la producci\u00f3n de carb\u00f3n. Adem\u00e1s de vender l\u00edneas de producci\u00f3n de briquetas de polvo de carbono, tambi\u00e9n vendemos <strong><a href=\"https:\/\/charcoalplant.com\/es\/charcoal-making-machine-3\/\">l\u00edneas de producci\u00f3n de m\u00e1quinas de carb\u00f3n<\/a><\/strong>, <strong><a href=\"https:\/\/charcoalplant.com\/es\/shisha-charcoal-production-line\/\">l\u00edneas de producci\u00f3n de carb\u00f3n para hookah<\/a><\/strong>, l\u00edneas de producci\u00f3n de carb\u00f3n pulverizado, etc. Le proporcionaremos soluciones de producci\u00f3n adecuadas que beneficiar\u00e1n enormemente su proyecto. Cont\u00e1ctenos para m\u00e1s detalles y el mejor precio.<\/p>    <figure class=\"wp-block-gallery has-nested-images columns-2 is-cropped wp-block-gallery-4 is-layout-flex wp-block-gallery-is-layout-flex\"> <figure class=\"wp-block-image size-large\"><img loading=\"lazy\" decoding=\"async\" width=\"720\" height=\"540\" data-id=\"2857\" src=\"https:\/\/charcoalplant.com\/wp-content\/uploads\/2022\/03\/coal-press-ball-machine-for-sale.jpg\" alt=\"maquina de bolas de prensa de carbon para la venta\" class=\"wp-image-2857\"\/><figcaption class=\"wp-element-caption\">maquina de bolas de prensa de carbon para la venta<\/figcaption><\/figure>    <figure class=\"wp-block-image size-large\"><img loading=\"lazy\" decoding=\"async\" width=\"720\" height=\"540\" data-id=\"2892\" src=\"https:\/\/charcoalplant.com\/wp-content\/uploads\/2022\/03\/carbon-dust-mixing-machine-2.jpg\" alt=\"mezcladora de polvo de carb\u00f3n\" class=\"wp-image-2892\"\/><figcaption class=\"wp-element-caption\">mezcladora de polvo de carb\u00f3n<\/figcaption><\/figure>    <figure class=\"wp-block-image size-large\"><img loading=\"lazy\" decoding=\"async\" width=\"720\" height=\"540\" data-id=\"2893\" src=\"https:\/\/charcoalplant.com\/wp-content\/uploads\/2022\/03\/bbq-coal-production-line-show-1.jpg\" alt=\"L\u00ednea de producci\u00f3n de carb\u00f3n para barbacoa.\" class=\"wp-image-2893\"\/><figcaption class=\"wp-element-caption\">L\u00ednea de producci\u00f3n de carb\u00f3n para barbacoa.<\/figcaption><\/figure>    <figure class=\"wp-block-image size-large\"><img loading=\"lazy\" decoding=\"async\" width=\"720\" height=\"540\" data-id=\"2895\" src=\"https:\/\/charcoalplant.com\/wp-content\/uploads\/2022\/03\/shippment-2.jpg\" alt=\"env\u00edo\" class=\"wp-image-2895\"\/><figcaption class=\"wp-element-caption\">env\u00edo<\/figcaption><\/figure> <\/figure>    <h2 class=\"wp-block-heading\">\u00bfC\u00f3mo hacer briquetas de carb\u00f3n de coco? <\/h2>    <p>Para hacer briquetas de carb\u00f3n con c\u00e1scara de coco, necesitar\u00e1 c\u00e1scaras de coco, una prensa para briquetas de carb\u00f3n y un aglutinante (como almid\u00f3n de ma\u00edz o harina de yuca). Estos son los pasos b\u00e1sicos para hacer briquetas de carb\u00f3n:<\/p>    <ol class=\"wp-block-list\"> <li>Triture las c\u00e1scaras de coco en trozos peque\u00f1os con un martillo o una m\u00e1quina.<\/li>    <li>Seque las c\u00e1scaras de coco al sol o en un deshidratador para eliminar la humedad.<\/li>    <li>Muele las c\u00e1scaras de coco secas hasta obtener un polvo fino con un molinillo.<\/li>    <li>Mezclar el polvo de c\u00e1scara de coco con una peque\u00f1a cantidad de aglutinante (aproximadamente 5% del peso total del polvo) hasta obtener una consistencia similar a una masa.<\/li>    <li>Utilice la m\u00e1quina de briquetas de c\u00e1scara de coco para darle forma de briquetas a la mezcla.<\/li>    <li>Secar las briquetas al sol o en un deshidratador hasta que est\u00e9n completamente secas.<\/li>    <li>Sus briquetas de carb\u00f3n de c\u00e1scara de coco ya est\u00e1n listas para usar.<\/li> <\/ol>    <p>Es importante tener en cuenta que la fabricaci\u00f3n de carb\u00f3n vegetal es un proceso peligroso y debe realizarse con las precauciones de seguridad adecuadas y orientaci\u00f3n profesional. Shuliy Machinery es un fabricante de plantas de briquetas de carb\u00f3n de coco con amplia experiencia y gran capacidad. Si desea iniciar su negocio de fabricaci\u00f3n de carb\u00f3n de coco, comun\u00edquese con nosotros para obtener m\u00e1s detalles. <\/p>","protected":false},"excerpt":{"rendered":"<p>Coconut charcoal briquette plant is a facility that produces eco-friendly briquettes made from coconut shells. Among them, the coconut shell briquette machine is the forming equipment in the production line. It can press all kinds of powdery materials into blocks. The most common ones are, for example, coal powder molding, ore powder molding, desulfurization gypsum [&hellip;]<\/p>\n","protected":false},"author":1,"featured_media":1996,"parent":0,"template":"","tags":[66],"product-type":[53],"class_list":["post-1994","product","type-product","status-publish","has-post-thumbnail","hentry","tag-biomass-briquette-machine","product-type-product-line"],"_links":{"self":[{"href":"https:\/\/charcoalplant.com\/es\/wp-json\/wp\/v2\/product\/1994","targetHints":{"allow":["GET"]}}],"collection":[{"href":"https:\/\/charcoalplant.com\/es\/wp-json\/wp\/v2\/product"}],"about":[{"href":"https:\/\/charcoalplant.com\/es\/wp-json\/wp\/v2\/types\/product"}],"author":[{"embeddable":true,"href":"https:\/\/charcoalplant.com\/es\/wp-json\/wp\/v2\/users\/1"}],"wp:featuredmedia":[{"embeddable":true,"href":"https:\/\/charcoalplant.com\/es\/wp-json\/wp\/v2\/media\/1996"}],"wp:attachment":[{"href":"https:\/\/charcoalplant.com\/es\/wp-json\/wp\/v2\/media?parent=1994"}],"wp:term":[{"taxonomy":"post_tag","embeddable":true,"href":"https:\/\/charcoalplant.com\/es\/wp-json\/wp\/v2\/tags?post=1994"},{"taxonomy":"product-type","embeddable":true,"href":"https:\/\/charcoalplant.com\/es\/wp-json\/wp\/v2\/product-type?post=1994"}],"curies":[{"name":"wp","href":"https:\/\/api.w.org\/{rel}","templated":true}]}}