{"id":2304,"date":"2022-02-14T01:37:54","date_gmt":"2022-02-13T17:37:54","guid":{"rendered":"https:\/\/charcoalplant.com\/"},"modified":"2023-01-07T10:49:35","modified_gmt":"2023-01-07T02:49:35","slug":"new-charcoal-making-machine","status":"publish","type":"product","link":"https:\/\/charcoalplant.com\/es\/product\/new-charcoal-making-machine\/","title":{"rendered":"Nueva m\u00e1quina para fabricar carb\u00f3n vegetal | Horno de carbonizaci\u00f3n continua"},"content":{"rendered":"<div class=\"kk-star-ratings kksr-auto kksr-align-left kksr-valign-top\"     data-payload='{&quot;align&quot;:&quot;left&quot;,&quot;id&quot;:&quot;2304&quot;,&quot;slug&quot;:&quot;default&quot;,&quot;valign&quot;:&quot;top&quot;,&quot;ignore&quot;:&quot;&quot;,&quot;reference&quot;:&quot;auto&quot;,&quot;class&quot;:&quot;&quot;,&quot;count&quot;:&quot;9&quot;,&quot;legendonly&quot;:&quot;&quot;,&quot;readonly&quot;:&quot;&quot;,&quot;score&quot;:&quot;4.6&quot;,&quot;starsonly&quot;:&quot;&quot;,&quot;best&quot;:&quot;5&quot;,&quot;gap&quot;:&quot;5&quot;,&quot;greet&quot;:&quot;Rate this product&quot;,&quot;legend&quot;:&quot;4.6\\\/5 - (9 votos)&quot;,&quot;size&quot;:&quot;24&quot;,&quot;title&quot;:&quot;New Charcoal Making Machine | Continuous Carbonization Furnace&quot;,&quot;width&quot;:&quot;130.9&quot;,&quot;_legend&quot;:&quot;{score}\\\/{best} - ({count} {votes})&quot;,&quot;font_factor&quot;:&quot;1.25&quot;}'>              <div class=\"kksr-stars\">      <div class=\"kksr-stars-inactive\">             <div class=\"kksr-star\" data-star=\"1\" style=\"padding-right: 5px\">               <div class=\"kksr-icon\" style=\"width: 24px; height: 24px;\"><\/div>         <\/div>             <div class=\"kksr-star\" data-star=\"2\" style=\"padding-right: 5px\">               <div class=\"kksr-icon\" style=\"width: 24px; height: 24px;\"><\/div>         <\/div>             <div class=\"kksr-star\" data-star=\"3\" style=\"padding-right: 5px\">               <div class=\"kksr-icon\" style=\"width: 24px; height: 24px;\"><\/div>         <\/div>             <div class=\"kksr-star\" data-star=\"4\" style=\"padding-right: 5px\">               <div class=\"kksr-icon\" style=\"width: 24px; height: 24px;\"><\/div>         <\/div>             <div class=\"kksr-star\" data-star=\"5\" style=\"padding-right: 5px\">               <div class=\"kksr-icon\" style=\"width: 24px; height: 24px;\"><\/div>         <\/div>     <\/div>      <div class=\"kksr-stars-active\" style=\"width: 130.9px;\">             <div class=\"kksr-star\" style=\"padding-right: 5px\">               <div class=\"kksr-icon\" style=\"width: 24px; height: 24px;\"><\/div>         <\/div>             <div class=\"kksr-star\" style=\"padding-right: 5px\">               <div class=\"kksr-icon\" style=\"width: 24px; height: 24px;\"><\/div>         <\/div>             <div class=\"kksr-star\" style=\"padding-right: 5px\">               <div class=\"kksr-icon\" style=\"width: 24px; height: 24px;\"><\/div>         <\/div>             <div class=\"kksr-star\" style=\"padding-right: 5px\">               <div class=\"kksr-icon\" style=\"width: 24px; height: 24px;\"><\/div>         <\/div>             <div class=\"kksr-star\" style=\"padding-right: 5px\">               <div class=\"kksr-icon\" style=\"width: 24px; height: 24px;\"><\/div>         <\/div>     <\/div> <\/div>                   <div class=\"kksr-legend\" style=\"font-size: 19.2px;\">             4.6\/5 - (9 votos)    <\/div>     <\/div>  <p class=\"translation-block\"><strong>La nueva m\u00e1quina de fabricaci\u00f3n de carb\u00f3n<\/strong>\u00a0es un horno de carbonizaci\u00f3n continuo especialmente desarrollado para carbonizar varios materiales de biomasa. El nuevo dise\u00f1o del horno de carbonizaci\u00f3n no solo es hermoso en apariencia y atm\u00f3sfera. Y su consola ha agregado un panel de control num\u00e9rico inteligente. Adem\u00e1s, la tasa de carbonizaci\u00f3n de las materias primas tambi\u00e9n ha aumentado del 75% original al 95%. En resumen, la nueva <strong><a href=\"https:\/\/charcoalplant.com\/es\/charcoal-making-machine-3\/\">m\u00e1quina de carb\u00f3n<\/a><\/strong>\u00a0es un equipo de protecci\u00f3n ambiental de bajo carbono con alto rendimiento de costo y una alta tasa de retorno. Cont\u00e1ctenos ahora para la \u00faltima consulta sobre ello. Por ejemplo, precio, <strong><a href=\"https:\/\/charcoalplant.com\/es\/news\/new-charcoal-machine-production-line-sent-to-japan\/\">env\u00edo<\/a><\/strong>. Esperamos una cooperaci\u00f3n agradable con usted.<\/p>    <figure class=\"wp-block-gallery has-nested-images columns-default is-cropped wp-block-gallery-2 is-layout-flex wp-block-gallery-is-layout-flex\"> <figure class=\"wp-block-image size-large\"><img loading=\"lazy\" decoding=\"async\" width=\"720\" height=\"540\" data-id=\"2307\" src=\"https:\/\/charcoalplant.com\/wp-content\/uploads\/2022\/02\/Export-of-charcoal-making-machine.jpg\" alt=\"\" class=\"wp-image-2307\"\/><\/figure> <\/figure>    <h2 class=\"wp-block-heading\" id=\"h-raw-materials-for-new-charcoal-making-machines\"><strong>Materias primas para la m\u00e1quina para fabricar carb\u00f3n vegetal de nuevo dise\u00f1o.<\/strong><\/h2>    <p class=\"translation-block\">Puede procesar materias primas de biomasa con un tama\u00f1o de menos de 10 cm. Sus materias primas son residuos agr\u00edcolas y forestales (c\u00e1scara de arroz, pellets de madera, pellets de paja, corteza), c\u00e1scara de fruta (<strong><a href=\"https:\/\/charcoalplant.com\/es\/info\/what-are-the-uses-of-coconut-shells\/\">c\u00e1scara de coco<\/a><\/strong>, fruta de oliva, c\u00e1scara de palma, c\u00e1scara de casta\u00f1a, c\u00e1scara de longan), y otros (esti\u00e9rcol de vaca, hueso de vaca, lodo), etc. A medida que la humedad de la materia prima es menor, la tasa de carbonizaci\u00f3n es m\u00e1s alta. Por lo tanto, recomendamos a los clientes elegir un secador rotativo para secar las materias primas. El secador puede mantener la humedad de la materia prima en aproximadamente 8%.<\/p>    <figure class=\"wp-block-gallery has-nested-images columns-2 is-cropped wp-block-gallery-3 is-layout-flex wp-block-gallery-is-layout-flex\"> <figure class=\"wp-block-image size-large\"><img loading=\"lazy\" decoding=\"async\" width=\"720\" height=\"540\" data-id=\"2313\" src=\"https:\/\/charcoalplant.com\/wp-content\/uploads\/2022\/02\/coconut-shell-2.jpg\" alt=\"\" class=\"wp-image-2313\"\/><\/figure>    <figure class=\"wp-block-image size-large\"><img loading=\"lazy\" decoding=\"async\" width=\"720\" height=\"540\" data-id=\"2314\" src=\"https:\/\/charcoalplant.com\/wp-content\/uploads\/2022\/02\/palm-shell-.jpg\" alt=\"\" class=\"wp-image-2314\"\/><\/figure>    <figure class=\"wp-block-image size-large\"><img loading=\"lazy\" decoding=\"async\" width=\"720\" height=\"540\" data-id=\"2315\" src=\"https:\/\/charcoalplant.com\/wp-content\/uploads\/2022\/02\/peanut-shell.jpg\" alt=\"\" class=\"wp-image-2315\"\/><\/figure>    <figure class=\"wp-block-image size-large\"><img loading=\"lazy\" decoding=\"async\" width=\"720\" height=\"540\" data-id=\"2316\" src=\"https:\/\/charcoalplant.com\/wp-content\/uploads\/2022\/02\/rice-husk.jpg\" alt=\"\" class=\"wp-image-2316\"\/><\/figure> <\/figure>    <h2 class=\"wp-block-heading\" id=\"h-structure-of-the-new-charcoal-machine\"><strong>Estructura de la nueva m\u00e1quina para fabricar carb\u00f3n vegetal.<\/strong><\/h2>    <div class=\"wp-block-columns has-background is-layout-flex wp-container-core-columns-is-layout-28f84493 wp-block-columns-is-layout-flex\" style=\"background-color:#f1f1f1\"> <div class=\"wp-block-column is-vertically-aligned-center is-layout-flow wp-block-column-is-layout-flow\" style=\"flex-basis:33.33%\"> <p class=\"translation-block\"><strong>Horno principal doble<\/strong><\/p>    <p>El cuerpo principal de carbonizaci\u00f3n del horno de carbonizaci\u00f3n adopta una estructura de doble cilindro. Este dise\u00f1o hace que el material caiga desde el horno interior al horno exterior en un c\u00edrculo. Es decir, la entrada y salida del horno de carbonizaci\u00f3n de c\u00e1scara de coco est\u00e1n del mismo lado.<\/p> <\/div>    <div class=\"wp-block-column is-layout-flow wp-block-column-is-layout-flow\" style=\"flex-basis:66.66%\"> <figure class=\"wp-block-gallery has-nested-images columns-default is-cropped wp-block-gallery-4 is-layout-flex wp-block-gallery-is-layout-flex\"> <figure class=\"wp-block-image size-large\"><img loading=\"lazy\" decoding=\"async\" width=\"720\" height=\"540\" data-id=\"2310\" src=\"https:\/\/charcoalplant.com\/wp-content\/uploads\/2022\/02\/Rice-husk-carbonization-furnace-structure.jpg\" alt=\"\" class=\"wp-image-2310\"\/><\/figure> <\/figure> <\/div> <\/div>    <div class=\"wp-block-columns has-background is-layout-flex wp-container-core-columns-is-layout-28f84493 wp-block-columns-is-layout-flex\" style=\"background-color:#f1f1f1\"> <div class=\"wp-block-column is-layout-flow wp-block-column-is-layout-flow\" style=\"flex-basis:66.66%\"> <figure class=\"wp-block-gallery has-nested-images columns-default is-cropped wp-block-gallery-5 is-layout-flex wp-block-gallery-is-layout-flex\"> <figure class=\"wp-block-image size-large\"><img loading=\"lazy\" decoding=\"async\" width=\"720\" height=\"540\" data-id=\"2312\" src=\"https:\/\/charcoalplant.com\/wp-content\/uploads\/2022\/02\/Burn.jpg\" alt=\"\" class=\"wp-image-2312\"\/><\/figure> <\/figure> <\/div>    <div class=\"wp-block-column is-vertically-aligned-center is-layout-flow wp-block-column-is-layout-flow\" style=\"flex-basis:33.33%\"> <p class=\"translation-block\"><strong>C\u00e1mara de combusti\u00f3n<\/strong><\/p>    <p>La c\u00e1mara de combusti\u00f3n est\u00e1 aislada con lana de roca aislante t\u00e9rmica. Tambi\u00e9n es un cuerpo de horno cerrado. Por lo tanto, la hermeticidad de toda la m\u00e1quina es buena y la eficiencia de carbonizaci\u00f3n es alta. El material de calentamiento del horno de carbonizaci\u00f3n de c\u00e1scara de arroz puede ser carb\u00f3n vegetal, madera, di\u00e9sel, gas natural, gas licuado de petr\u00f3leo, biomasa, etc.<\/p> <\/div> <\/div>    <div class=\"wp-block-columns has-background is-layout-flex wp-container-core-columns-is-layout-28f84493 wp-block-columns-is-layout-flex\" style=\"background-color:#f1f1f1\"> <div class=\"wp-block-column is-vertically-aligned-center is-layout-flow wp-block-column-is-layout-flow\" style=\"flex-basis:33.33%\"> <p class=\"translation-block\"><strong>Panel de control PLC<\/strong><\/p>    <p>Se cambi\u00f3 el sistema de arranque y control del gabinete de distribuci\u00f3n de energ\u00eda anterior al modo de pantalla t\u00e1ctil plc. Los clientes pueden configurar la velocidad, temperatura, tiempo, etc. a trav\u00e9s de la computadora.<\/p> <\/div>    <div class=\"wp-block-column is-layout-flow wp-block-column-is-layout-flow\" style=\"flex-basis:66.66%\"> <figure class=\"wp-block-gallery has-nested-images columns-default is-cropped wp-block-gallery-6 is-layout-flex wp-block-gallery-is-layout-flex\"> <figure class=\"wp-block-image size-large\"><img loading=\"lazy\" decoding=\"async\" width=\"720\" height=\"540\" data-id=\"2309\" src=\"https:\/\/charcoalplant.com\/wp-content\/uploads\/2022\/02\/PLC.jpg\" alt=\"\" class=\"wp-image-2309\"\/><\/figure> <\/figure> <\/div> <\/div>    <div class=\"wp-block-columns has-background is-layout-flex wp-container-core-columns-is-layout-28f84493 wp-block-columns-is-layout-flex\" style=\"background-color:#f1f1f1\"> <div class=\"wp-block-column is-layout-flow wp-block-column-is-layout-flow\" style=\"flex-basis:66.66%\"> <figure class=\"wp-block-gallery has-nested-images columns-default is-cropped wp-block-gallery-7 is-layout-flex wp-block-gallery-is-layout-flex\"> <figure class=\"wp-block-image size-large\"><img loading=\"lazy\" decoding=\"async\" width=\"720\" height=\"540\" data-id=\"2308\" src=\"https:\/\/charcoalplant.com\/wp-content\/uploads\/2022\/02\/new-charcoal-making-machine-for-sale.jpg\" alt=\"\" class=\"wp-image-2308\"\/><\/figure> <\/figure> <\/div>    <div class=\"wp-block-column is-vertically-aligned-center is-layout-flow wp-block-column-is-layout-flow\" style=\"flex-basis:33.33%\"> <p class=\"translation-block\"><strong>Refuerzo del horno<\/strong><\/p>    <p>La superficie del cuerpo del horno est\u00e1 reforzada con metal de acero al carbono horizontal y vertical. El cuerpo del horno est\u00e1 envuelto en una carcasa de acero inoxidable. Por lo tanto, el uso de la nueva m\u00e1quina para fabricar carb\u00f3n de c\u00e1scara de coco no es f\u00e1cil de deformar y tiene una vida \u00fatil m\u00e1s larga.<\/p> <\/div> <\/div>    <h2 class=\"wp-block-heading\" id=\"h-video-of-biomass-carbonization-furnace\"><strong>V\u00eddeo de horno de carbonizaci\u00f3n continua de biomasa.<\/strong><\/h2>    <p class=\"translation-block\">A continuaci\u00f3n, se muestra un video de procesamiento de varios insumos con un <strong><a href=\"https:\/\/charcoalplant.com\/es\/carbonization-furnace\/rotary-carbonization-furnace\/\">horno de carbonizaci\u00f3n<\/a><\/strong> de biomasa. Puede ver su carbonizaci\u00f3n eficiente y de alta calidad en el video.<\/p>    <figure class=\"wp-block-embed is-type-video is-provider-youtube wp-block-embed-youtube wp-embed-aspect-16-9 wp-has-aspect-ratio\"><div class=\"wp-block-embed__wrapper\"> <iframe loading=\"lazy\" title=\"2023 Nuevo negocio de m\u00e1quinas para fabricar carb\u00f3n con horno de carbonizaci\u00f3n continua de nuevo dise\u00f1o\" width=\"500\" height=\"281\" src=\"https:\/\/www.youtube.com\/embed\/sb92A1yTXFA?feature=oembed\" frameborder=\"0\" allow=\"accelerometer; autoplay; clipboard-write; encrypted-media; gyroscope; picture-in-picture; web-share\" referrerpolicy=\"strict-origin-when-cross-origin\" allowfullscreen><\/iframe> <\/div><\/figure>    <h2 class=\"wp-block-heading\" id=\"h-parameters-of-the-new-charcoal-making-machine\"><strong>Par\u00e1metros de la m\u00e1quina para fabricar carb\u00f3n vegetal de nuevo dise\u00f1o.<\/strong><\/h2>    <p>El tiempo y la temperatura de carbonizaci\u00f3n de diferentes materias primas son diferentes. Por lo tanto, los siguientes datos son s\u00f3lo de referencia.<\/p>    <figure class=\"wp-block-table is-style-stripes\"><table><tbody><tr><td>Modelo<\/td><td>SL-05<\/td><td>SL-10<\/td><td>SL-30<\/td><td>SL-50<\/td><\/tr><tr><td>Capacidad<\/td><td>0,3-0,5 t\/h<\/td><td>0,8-1 t\/h<\/td><td>2,5-3t\/h<\/td><td>4,5-5t\/h<\/td><\/tr><tr><td>M\u00e9todo de trabajo<\/td><td>Totalmente continuo<\/td><\/tr><tr><td>Tama\u00f1o del reactor<\/td><td>820 mm<\/td><td>1000 mm<\/td><td>1300 mm<\/td><td>1700 mm<\/td><\/tr><tr><td>Consumo de energ\u00eda<\/td><td>45kw\/h<\/td><td>65kw\/h<\/td><td>90 kw\/h<\/td><td>125 kw\/h<\/td><\/tr><tr><td>Dimensiones<\/td><td>28m*10m*6m<\/td><td>33m*13m*7m<\/td><td>40m*15m*8m<\/td><td>50m*16m*10m<\/td><\/tr><tr><td>Peso<\/td><td>28 toneladas<\/td><td>35 toneladas<\/td><td>45 toneladas<\/td><td>54 toneladas<\/td><\/tr><tr><td>Presi\u00f3n operacional<\/td><td>Ligera presi\u00f3n negativa<\/td><\/tr><tr><td>Vida de servicio<\/td><td>5-8 a\u00f1os<\/td><\/tr><\/tbody><\/table><\/figure>    <h2 class=\"wp-block-heading\" id=\"h-application-of-bio-charcoal\"><strong>Productos terminados de biocarb\u00f3n.<\/strong><\/h2>    <p>Los productos finales de este excelente horno de carbonizaci\u00f3n continua pueden ser diversos, como carb\u00f3n de c\u00e1scara de coco, carb\u00f3n de aserr\u00edn, carb\u00f3n de c\u00e1scara de palmiste, carb\u00f3n de bamb\u00fa, carb\u00f3n de c\u00e1scara de arroz y carb\u00f3n de c\u00e1scara de nuez, etc. <\/p>    <figure class=\"wp-block-gallery has-nested-images columns-2 is-cropped wp-block-gallery-8 is-layout-flex wp-block-gallery-is-layout-flex\"> <figure class=\"wp-block-image size-large\"><img loading=\"lazy\" decoding=\"async\" width=\"720\" height=\"540\" data-id=\"2317\" src=\"https:\/\/charcoalplant.com\/wp-content\/uploads\/2022\/02\/sawdust-charcoal.jpg\" alt=\"\" class=\"wp-image-2317\"\/><\/figure>    <figure class=\"wp-block-image size-large\"><img loading=\"lazy\" decoding=\"async\" width=\"720\" height=\"540\" data-id=\"2318\" src=\"https:\/\/charcoalplant.com\/wp-content\/uploads\/2022\/02\/corncob-charcoal.jpg\" alt=\"\" class=\"wp-image-2318\"\/><\/figure>    <figure class=\"wp-block-image size-large\"><img loading=\"lazy\" decoding=\"async\" width=\"720\" height=\"540\" data-id=\"2319\" src=\"https:\/\/charcoalplant.com\/wp-content\/uploads\/2022\/02\/nut-shell-charcoal.jpg\" alt=\"\" class=\"wp-image-2319\"\/><\/figure>    <figure class=\"wp-block-image size-large\"><img loading=\"lazy\" decoding=\"async\" width=\"720\" height=\"540\" data-id=\"2320\" src=\"https:\/\/charcoalplant.com\/wp-content\/uploads\/2022\/02\/palm-shell-charcoal.jpg\" alt=\"\" class=\"wp-image-2320\"\/><\/figure> <\/figure>    <h2 class=\"wp-block-heading\">Principio de funcionamiento del horno de carbonizaci\u00f3n de carb\u00f3n.<\/h2>    <p>El proceso de carbonizaci\u00f3n implica calentar el material org\u00e1nico en un ambiente con ox\u00edgeno limitado. A medida que el material se calienta, comienza a descomponerse y a liberar gases vol\u00e1tiles. Estos gases luego se queman, dejando un residuo s\u00f3lido de carbono, conocido como carb\u00f3n vegetal.<\/p>    <h2 class=\"wp-block-heading\">Aplicaciones del horno de carbonizaci\u00f3n continua.<\/h2>    <p>Los hornos de carbonizaci\u00f3n continua de carb\u00f3n se utilizan com\u00fanmente en la producci\u00f3n de carb\u00f3n activado, que es una forma de carb\u00f3n que ha sido tratado para aumentar su superficie y hacerlo m\u00e1s poroso. El carb\u00f3n activado tiene una amplia gama de aplicaciones, incluido el tratamiento de agua, la purificaci\u00f3n del aire y la separaci\u00f3n qu\u00edmica.<\/p>    <p>Adem\u00e1s de su uso en la producci\u00f3n de carb\u00f3n activado, los hornos de carbonizaci\u00f3n continua de carb\u00f3n tambi\u00e9n se utilizan en una variedad de otras industrias, incluida la producci\u00f3n de combustible, la fabricaci\u00f3n de productos qu\u00edmicos y el tratamiento de materiales de desecho.<\/p>    <h2 class=\"wp-block-heading\">Conclusi\u00f3n <\/h2>    <p>En general, el horno de carbonizaci\u00f3n continua es un equipo esencial que desempe\u00f1a un papel clave en la producci\u00f3n de carb\u00f3n activado y otras formas de carb\u00f3n vegetal. Su capacidad para operar continuamente permite una producci\u00f3n eficiente y confiable, lo que la convierte en una herramienta importante en una amplia gama de industrias.<\/p>    <p class=\"translation-block\"><a href=\"https:\/\/charcoalplant.com\/es\/\">Shuliy group<\/a> es un fabricante profesional de hornos de carbonizaci\u00f3n de carb\u00f3n. Proporcionamos una gama completa de m\u00e1quinas de carbonizaci\u00f3n para satisfacer sus requisitos espec\u00edficos. Bienvenido a ponerse en contacto con nuestros expertos para iniciar su negocio lo antes posible. <\/p>","protected":false},"excerpt":{"rendered":"<p>La nueva m\u00e1quina de carb\u00f3n es una versi\u00f3n mejorada del horno de carbonizaci\u00f3n continua. Tiene el mejor efecto de carbonizaci\u00f3n.<\/p>","protected":false},"author":1,"featured_media":2306,"parent":0,"template":"","tags":[65],"product-type":[4],"class_list":["post-2304","product","type-product","status-publish","has-post-thumbnail","hentry","tag-carbonization-furnace","product-type-carbonization-furnace"],"_links":{"self":[{"href":"https:\/\/charcoalplant.com\/es\/wp-json\/wp\/v2\/product\/2304","targetHints":{"allow":["GET"]}}],"collection":[{"href":"https:\/\/charcoalplant.com\/es\/wp-json\/wp\/v2\/product"}],"about":[{"href":"https:\/\/charcoalplant.com\/es\/wp-json\/wp\/v2\/types\/product"}],"author":[{"embeddable":true,"href":"https:\/\/charcoalplant.com\/es\/wp-json\/wp\/v2\/users\/1"}],"wp:featuredmedia":[{"embeddable":true,"href":"https:\/\/charcoalplant.com\/es\/wp-json\/wp\/v2\/media\/2306"}],"wp:attachment":[{"href":"https:\/\/charcoalplant.com\/es\/wp-json\/wp\/v2\/media?parent=2304"}],"wp:term":[{"taxonomy":"post_tag","embeddable":true,"href":"https:\/\/charcoalplant.com\/es\/wp-json\/wp\/v2\/tags?post=2304"},{"taxonomy":"product-type","embeddable":true,"href":"https:\/\/charcoalplant.com\/es\/wp-json\/wp\/v2\/product-type?post=2304"}],"curies":[{"name":"wp","href":"https:\/\/api.w.org\/{rel}","templated":true}]}}