{"id":2322,"date":"2022-02-14T09:42:26","date_gmt":"2022-02-14T01:42:26","guid":{"rendered":"https:\/\/charcoalplant.com\/"},"modified":"2023-01-13T10:21:19","modified_gmt":"2023-01-13T02:21:19","slug":"wood-pallet-block-making-machine","status":"publish","type":"product","link":"https:\/\/charcoalplant.com\/es\/product\/wood-pallet-block-making-machine\/","title":{"rendered":"M\u00e1quina para fabricar bloques de paletas de madera | M\u00e1quina para fabricar bloques de aserr\u00edn"},"content":{"rendered":"<div class=\"kk-star-ratings kksr-auto kksr-align-left kksr-valign-top\"     data-payload='{&quot;align&quot;:&quot;left&quot;,&quot;id&quot;:&quot;2322&quot;,&quot;slug&quot;:&quot;default&quot;,&quot;valign&quot;:&quot;top&quot;,&quot;ignore&quot;:&quot;&quot;,&quot;reference&quot;:&quot;auto&quot;,&quot;class&quot;:&quot;&quot;,&quot;count&quot;:&quot;13&quot;,&quot;legendonly&quot;:&quot;&quot;,&quot;readonly&quot;:&quot;&quot;,&quot;score&quot;:&quot;4.8&quot;,&quot;starsonly&quot;:&quot;&quot;,&quot;best&quot;:&quot;5&quot;,&quot;gap&quot;:&quot;5&quot;,&quot;greet&quot;:&quot;Rate this product&quot;,&quot;legend&quot;:&quot;4.8\\\/5 - (13 votos)&quot;,&quot;size&quot;:&quot;24&quot;,&quot;title&quot;:&quot;Wood Pallet Block Making Machine | Sawdust Block Making Machine&quot;,&quot;width&quot;:&quot;136.7&quot;,&quot;_legend&quot;:&quot;{score}\\\/{best} - ({count} {votes})&quot;,&quot;font_factor&quot;:&quot;1.25&quot;}'>              <div class=\"kksr-stars\">      <div class=\"kksr-stars-inactive\">             <div class=\"kksr-star\" data-star=\"1\" style=\"padding-right: 5px\">               <div class=\"kksr-icon\" style=\"width: 24px; height: 24px;\"><\/div>         <\/div>             <div class=\"kksr-star\" data-star=\"2\" style=\"padding-right: 5px\">               <div class=\"kksr-icon\" style=\"width: 24px; height: 24px;\"><\/div>         <\/div>             <div class=\"kksr-star\" data-star=\"3\" style=\"padding-right: 5px\">               <div class=\"kksr-icon\" style=\"width: 24px; height: 24px;\"><\/div>         <\/div>             <div class=\"kksr-star\" data-star=\"4\" style=\"padding-right: 5px\">               <div class=\"kksr-icon\" style=\"width: 24px; height: 24px;\"><\/div>         <\/div>             <div class=\"kksr-star\" data-star=\"5\" style=\"padding-right: 5px\">               <div class=\"kksr-icon\" style=\"width: 24px; height: 24px;\"><\/div>         <\/div>     <\/div>      <div class=\"kksr-stars-active\" style=\"width: 136.7px;\">             <div class=\"kksr-star\" style=\"padding-right: 5px\">               <div class=\"kksr-icon\" style=\"width: 24px; height: 24px;\"><\/div>         <\/div>             <div class=\"kksr-star\" style=\"padding-right: 5px\">               <div class=\"kksr-icon\" style=\"width: 24px; height: 24px;\"><\/div>         <\/div>             <div class=\"kksr-star\" style=\"padding-right: 5px\">               <div class=\"kksr-icon\" style=\"width: 24px; height: 24px;\"><\/div>         <\/div>             <div class=\"kksr-star\" style=\"padding-right: 5px\">               <div class=\"kksr-icon\" style=\"width: 24px; height: 24px;\"><\/div>         <\/div>             <div class=\"kksr-star\" style=\"padding-right: 5px\">               <div class=\"kksr-icon\" style=\"width: 24px; height: 24px;\"><\/div>         <\/div>     <\/div> <\/div>                   <div class=\"kksr-legend\" style=\"font-size: 19.2px;\">             4,8\/5 - (13 votos)    <\/div>     <\/div>  <p class=\"translation-block\"><strong>M\u00e1quina para fabricar bloques de tarimas de madera<\/strong> es un dispositivo para producir <strong><a href=\"https:\/\/charcoalplant.com\/es\/news\/what-is-a-sawdust-pallet-block\/\">pies de carga de tarimas<\/a><\/strong>. Se puede utilizar en las industrias de embalaje y log\u00edstica (transporte). Debido a que la materia prima de los pies de tarimas de madera es serr\u00edn y virutas de madera. Por lo tanto, el bloque de madera producido tiene las caracter\u00edsticas de no contaminar, ser seguro y f\u00e1cil de manejar. Muchos fabricantes de tarimas de madera utilizar\u00e1n una m\u00e1quina de bloques de virutas de madera para fabricar pies de tarimas. Nuestra f\u00e1brica produce bloques de virutas de madera est\u00e1ndar americano como 75*75 mm, 90*90 mm y 100*100 mm, y bloques de virutas de madera est\u00e1ndar europeo como 100*110 mm y 145*145 mm. Por lo tanto, ofrecemos servicios de personalizaci\u00f3n de maquinaria.<\/p>    <figure class=\"wp-block-gallery has-nested-images columns-default is-cropped wp-block-gallery-2 is-layout-flex wp-block-gallery-is-layout-flex\"> <figure class=\"wp-block-image size-large\"><img loading=\"lazy\" decoding=\"async\" width=\"720\" height=\"540\" data-id=\"2335\" src=\"https:\/\/charcoalplant.com\/wp-content\/uploads\/2022\/02\/sawdust-pallet-block-.jpg\" alt=\"bloque de paleta de aserr\u00edn\" class=\"wp-image-2335\"\/><figcaption class=\"wp-element-caption\">bloque de paleta de aserr\u00edn<\/figcaption><\/figure>    <figure class=\"wp-block-image size-full\"><img loading=\"lazy\" decoding=\"async\" width=\"720\" height=\"540\" data-id=\"2325\" src=\"https:\/\/charcoalplant.com\/wp-content\/uploads\/2022\/02\/wood-block-machine-plant.jpg\" alt=\"plano-de-m\u00e1quina-de-madera\" class=\"wp-image-2325\"\/><figcaption class=\"wp-element-caption\">plano-de-m\u00e1quina-de-madera<\/figcaption><\/figure> <\/figure>    <h2 class=\"wp-block-heading\" id=\"h-raw-materials-for-wood-block-machine\"><strong>Materias primas para la m\u00e1quina para fabricar bloques de paletas de aserr\u00edn<\/strong><\/h2>    <p class=\"translation-block\">La materia prima de la m\u00e1quina fabricadora de bloques de tarimas de madera es serr\u00edn de 6-8 mm. Por lo tanto, el serr\u00edn que no cumple con el tama\u00f1o de la materia prima necesita ser reprocesado con una <strong><a href=\"https:\/\/charcoalplant.com\/es\/wood-wastes-recycling-machine\/wood-crusher-machine\/\">trituradora de madera<\/a><\/strong>. De hecho, tiene muchas materias primas. Como bloques de madera, virutas de madera, madera de desecho, tarimas de desecho, etc. Adem\u00e1s, cabe se\u00f1alar que la producci\u00f3n de bloques de tarimas requiere agregar pegamento como resina de urea-formaldeh\u00eddo a las materias primas.<\/p>    <figure class=\"wp-block-image aligncenter size-full\"><img loading=\"lazy\" decoding=\"async\" width=\"720\" height=\"540\" src=\"https:\/\/charcoalplant.com\/wp-content\/uploads\/2022\/02\/raw-materials-of-pallet-feet-block-machine-.jpg\" alt=\"\" class=\"wp-image-2347\"\/><\/figure>    <h2 class=\"wp-block-heading\" id=\"application-of-wood-blocks\"><strong>Aplicaci\u00f3n de bloques de madera para palets.<\/strong><\/h2>    <ul class=\"wp-block-list\"> <li>Los bloques para paletas de madera se utilizan com\u00fanmente en la industria del transporte y la log\u00edstica para soportar y transportar mercanc\u00edas.<\/li>    <li>Tambi\u00e9n se utilizan en las industrias de la construcci\u00f3n y la fabricaci\u00f3n para diversos fines, como soportar maquinaria o formar la base de una estructura temporal.<\/li> <\/ul>    <figure class=\"wp-block-gallery has-nested-images columns-default is-cropped wp-block-gallery-3 is-layout-flex wp-block-gallery-is-layout-flex\"> <figure class=\"wp-block-image size-large\"><img loading=\"lazy\" decoding=\"async\" width=\"720\" height=\"540\" data-id=\"2356\" src=\"https:\/\/charcoalplant.com\/wp-content\/uploads\/2022\/02\/wood-block-1.jpg\" alt=\"\" class=\"wp-image-2356\"\/><\/figure>    <figure class=\"wp-block-image size-large\"><img loading=\"lazy\" decoding=\"async\" width=\"720\" height=\"540\" data-id=\"2355\" src=\"https:\/\/charcoalplant.com\/wp-content\/uploads\/2022\/02\/wood-pallet.jpg\" alt=\"\" class=\"wp-image-2355\"\/><\/figure> <\/figure>    <h2 class=\"wp-block-heading\" id=\"workflow-of-wood-pallet-block-making-machine\"><strong>Flujo de trabajo de la m\u00e1quina para fabricar bloques de paletas de madera<\/strong><\/h2>    <div class=\"wp-block-columns has-background is-layout-flex wp-container-core-columns-is-layout-28f84493 wp-block-columns-is-layout-flex\" style=\"background-color:#f1f1f1\"> <div class=\"wp-block-column is-vertically-aligned-center is-layout-flow wp-block-column-is-layout-flow\" style=\"flex-basis:33.33%\"> <p class=\"has-text-align-left translation-block\"><strong>En primer lugar, el procesamiento de las materias primas.<\/strong><\/p>    <p class=\"has-text-align-left\">Las materias primas deben mezclarse bien con la resina de urea-formaldeh\u00eddo con una mezcladora de pegamento.<\/p> <\/div>    <div class=\"wp-block-column is-layout-flow wp-block-column-is-layout-flow\" style=\"flex-basis:66.66%\"> <figure class=\"wp-block-gallery has-nested-images columns-default is-cropped wp-block-gallery-4 is-layout-flex wp-block-gallery-is-layout-flex\"> <figure class=\"wp-block-image size-full\"><img loading=\"lazy\" decoding=\"async\" width=\"720\" height=\"540\" data-id=\"2352\" src=\"https:\/\/charcoalplant.com\/wp-content\/uploads\/2022\/02\/glue-mixer-2.jpg\" alt=\"\" class=\"wp-image-2352\"\/><\/figure> <\/figure> <\/div> <\/div>    <div class=\"wp-block-columns has-background is-layout-flex wp-container-core-columns-is-layout-28f84493 wp-block-columns-is-layout-flex\" style=\"background-color:#f1f1f1\"> <div class=\"wp-block-column is-layout-flow wp-block-column-is-layout-flow\" style=\"flex-basis:66.66%\"> <figure class=\"wp-block-gallery has-nested-images columns-default is-cropped wp-block-gallery-5 is-layout-flex wp-block-gallery-is-layout-flex\"> <figure class=\"wp-block-image size-large\"><img loading=\"lazy\" decoding=\"async\" width=\"720\" height=\"540\" data-id=\"2350\" src=\"https:\/\/charcoalplant.com\/wp-content\/uploads\/2022\/02\/feed.jpg\" alt=\"\" class=\"wp-image-2350\"\/><\/figure> <\/figure> <\/div>    <div class=\"wp-block-column is-vertically-aligned-center is-layout-flow wp-block-column-is-layout-flow\" style=\"flex-basis:33.33%\"> <p class=\"translation-block\"><strong>En segundo lugar, la alimentaci\u00f3n.<\/strong><\/p>    <p>Las materias primas mezcladas se pueden alimentar a trav\u00e9s del puerto de alimentaci\u00f3n de la m\u00e1quina bloquera de madera. Adem\u00e1s, el puerto de alimentaci\u00f3n de la m\u00e1quina tiene un dise\u00f1o de agitaci\u00f3n y supresi\u00f3n. Por lo tanto, los clientes no tienen que preocuparse por el problema del bloqueo de material.<\/p> <\/div> <\/div>    <div class=\"wp-block-columns has-background is-layout-flex wp-container-core-columns-is-layout-28f84493 wp-block-columns-is-layout-flex\" style=\"background-color:#f1f1f1\"> <div class=\"wp-block-column is-vertically-aligned-center is-layout-flow wp-block-column-is-layout-flow\" style=\"flex-basis:33.33%\"> <p class=\"translation-block\"><strong>En tercer lugar, la descarga.<\/strong><\/p>    <p>Las astillas de madera se ven obligadas a moldearse y extruirse despu\u00e9s de pasar por la alta presi\u00f3n del cilindro hidr\u00e1ulico de la m\u00e1quina bloquera de paletas de madera y la alta temperatura del anillo calefactor.<\/p> <\/div>    <div class=\"wp-block-column is-layout-flow wp-block-column-is-layout-flow\" style=\"flex-basis:66.66%\"> <figure class=\"wp-block-gallery has-nested-images columns-default is-cropped wp-block-gallery-6 is-layout-flex wp-block-gallery-is-layout-flex\"> <figure class=\"wp-block-image size-large\"><img loading=\"lazy\" decoding=\"async\" width=\"720\" height=\"540\" data-id=\"2330\" src=\"https:\/\/charcoalplant.com\/wp-content\/uploads\/2022\/02\/double-head-pallet-block-machine-1.jpg\" alt=\"m\u00e1quina-bloqueadora-de-palets-de-doble cabezal\" class=\"wp-image-2330\"\/><figcaption class=\"wp-element-caption\">m\u00e1quina-bloqueadora-de-palets-de-doble cabezal<\/figcaption><\/figure> <\/figure> <\/div> <\/div>    <div class=\"wp-block-columns has-background is-layout-flex wp-container-core-columns-is-layout-28f84493 wp-block-columns-is-layout-flex\" style=\"background-color:#f1f1f1\"> <div class=\"wp-block-column is-layout-flow wp-block-column-is-layout-flow\" style=\"flex-basis:66.66%\"> <figure class=\"wp-block-gallery has-nested-images columns-default is-cropped wp-block-gallery-7 is-layout-flex wp-block-gallery-is-layout-flex\"> <figure class=\"wp-block-image size-large\"><img loading=\"lazy\" decoding=\"async\" width=\"720\" height=\"540\" data-id=\"2351\" src=\"https:\/\/charcoalplant.com\/wp-content\/uploads\/2022\/02\/sawdust-blocks.jpg\" alt=\"\" class=\"wp-image-2351\"\/><\/figure> <\/figure> <\/div>    <div class=\"wp-block-column is-vertically-aligned-center is-layout-flow wp-block-column-is-layout-flow\" style=\"flex-basis:33.33%\"> <p class=\"translation-block\"><strong>En cuarto lugar, el corte de bloques de madera.<\/strong><\/p>    <p>Formaron largos bloques de madera cortados en longitudes uniformes con una sierra en el puerto de descarga.<\/p> <\/div> <\/div>    <h2 class=\"wp-block-heading\" id=\"parameters-of-wood-pallet-block-machine\"><strong>Par\u00e1metros de la m\u00e1quina para fabricar bloques de paletas de madera.<\/strong><\/h2>    <p>Nuestra m\u00e1quina para fabricar bloques de aserr\u00edn produce bloques de madera perforados y no porosos. Y se pueden personalizar el n\u00famero y las especificaciones de las aberturas de descarga de la m\u00e1quina.<\/p>    <figure class=\"wp-block-table is-style-stripes\"><table><tbody><tr><td>Modelo<\/td><td>SL-WB100<\/td><\/tr><tr><td>Poder total<\/td><td>15kW<\/td><\/tr><tr><td>Capacidad<\/td><td>4-5m3\/24h<\/td><\/tr><tr><td>Densidad de bloques<\/td><td>550-600kg\/m3<\/td><\/tr><tr><td>Dimensi\u00f3n<\/td><td>4800*760*1300mm<\/td><\/tr><tr><td>Peso<\/td><td>1200 kilos<\/td><\/tr><\/tbody><\/table><\/figure>    <figure class=\"wp-block-image aligncenter size-full\"><img loading=\"lazy\" decoding=\"async\" width=\"720\" height=\"540\" src=\"https:\/\/charcoalplant.com\/wp-content\/uploads\/2022\/02\/Three-head-wood-pallet-block-machine.jpg\" alt=\"M\u00e1quina-paleta-de-madera-de-tres-cabezales\" class=\"wp-image-2328\"\/><figcaption class=\"wp-element-caption\">M\u00e1quina-paleta-de-madera-de-tres-cabezales<\/figcaption><\/figure>    <h2 class=\"wp-block-heading\" id=\"video-of-wood-pallet-block-machine\"><strong>V\u00eddeo de la m\u00e1quina para fabricar bloques de paletas de madera.<\/strong><\/h2>    <p>La m\u00e1quina para fabricar bloques de paletas de madera se utiliza ampliamente en el extranjero. Puede ver la calidad del bloque de madera y la comodidad de aserrado en el v\u00eddeo a continuaci\u00f3n. Finalmente, espero que disfrutes de nuestros videos. Y puede contactarnos para consultar sobre el precio de la m\u00e1quina para fabricar bloques de paletas de aserr\u00edn.<\/p>    <figure class=\"wp-block-embed is-type-video is-provider-youtube wp-block-embed-youtube wp-embed-aspect-16-9 wp-has-aspect-ratio\"><div class=\"wp-block-embed__wrapper\"> <iframe loading=\"lazy\" title=\"M\u00e1quina autom\u00e1tica para fabricar bloques de paletas de madera | Equipo de corte de bloques de aserr\u00edn#bloque de paletas#bloque de afeitado\" width=\"500\" height=\"281\" src=\"https:\/\/www.youtube.com\/embed\/RqVTaF_3GCw?feature=oembed\" frameborder=\"0\" allow=\"accelerometer; autoplay; clipboard-write; encrypted-media; gyroscope; picture-in-picture; web-share\" referrerpolicy=\"strict-origin-when-cross-origin\" allowfullscreen><\/iframe> <\/div><\/figure>    <h2 class=\"wp-block-heading\" id=\"sawdust-blocks-extruder-machine-for-sale\"><strong>M\u00e1quina para fabricar bloques de aserr\u00edn <\/strong>enviado a Malasia<\/h2>    <figure class=\"wp-block-gallery has-nested-images columns-default is-cropped wp-block-gallery-8 is-layout-flex wp-block-gallery-is-layout-flex\"> <figure class=\"wp-block-image size-large\"><img loading=\"lazy\" decoding=\"async\" width=\"720\" height=\"540\" data-id=\"2331\" src=\"https:\/\/charcoalplant.com\/wp-content\/uploads\/2022\/02\/shippment.jpg\" alt=\"env\u00edo\" class=\"wp-image-2331\"\/><figcaption class=\"wp-element-caption\">env\u00edo<\/figcaption><\/figure>    <figure class=\"wp-block-image size-large\"><img loading=\"lazy\" decoding=\"async\" width=\"720\" height=\"540\" data-id=\"2332\" src=\"https:\/\/charcoalplant.com\/wp-content\/uploads\/2022\/02\/Wood-pallet-block-machine-shippment.jpg\" alt=\"Env\u00edo-m\u00e1quina-de-bloques-de-palets-de-madera\" class=\"wp-image-2332\"\/><figcaption class=\"wp-element-caption\">Env\u00edo-m\u00e1quina-de-bloques-de-palets-de-madera<\/figcaption><\/figure> <\/figure>    <p>La m\u00e1quina para fabricar bloques de paletas de madera producida por nuestra f\u00e1brica es un art\u00edculo de gran venta en el mercado. Recientemente recibimos una consulta de una f\u00e1brica de paletas de madera en Malasia. Y estamos felices de trabajar juntos. Hemos vendido m\u00faltiples m\u00e1quinas bloqueras de madera de cabezales m\u00faltiples a nuestros clientes. Y les dimos a nuestros clientes un gran descuento.<\/p>    <h2 class=\"wp-block-heading\">C\u00f3mo funciona una m\u00e1quina para fabricar bloques de paletas de madera <\/h2>    <ul class=\"wp-block-list\"> <li>La m\u00e1quina consta de un bastidor, un molde y un sistema hidr\u00e1ulico.<\/li>    <li>Para utilizar la m\u00e1quina, se introducen astillas de madera o aserr\u00edn en el molde.<\/li>    <li>El sistema hidr\u00e1ulico se activa para aplicar presi\u00f3n al material, compact\u00e1ndolo en un bloque.<\/li>    <li>A continuaci\u00f3n, el bloque se expulsa del molde y queda listo para su uso.<\/li> <\/ul>    <h2 class=\"wp-block-heading\">Ventajas de utilizar una m\u00e1quina para fabricar bloques de madera<\/h2>    <ul class=\"wp-block-list\"> <li><strong>Eficiencia:<\/strong> La m\u00e1quina puede producir una gran cantidad de bloques en un corto per\u00edodo de tiempo, lo que la hace m\u00e1s eficiente que los m\u00e9todos de producci\u00f3n manual.<\/li>    <li><strong>Calidad:<\/strong> Los bloques producidos por la m\u00e1quina son m\u00e1s uniformes en tama\u00f1o y forma, lo que da como resultado un producto de mayor calidad.<\/li>    <li><strong>Costo:<\/strong> Usar una m\u00e1quina para fabricar bloques para paletas de madera puede ser m\u00e1s rentable que comprar bloques prefabricados o construirlos manualmente.<\/li> <\/ul>    <h2 class=\"wp-block-heading\">Conclusi\u00f3n <\/h2>    <p class=\"translation-block\">Una m\u00e1quina para fabricar bloques de palets de madera es una herramienta valiosa para producir bloques de palets de alta calidad de manera eficiente y rentable. Tiene una amplia gama de aplicaciones en diversas industrias, lo que la convierte en un activo valioso para cualquier negocio. <a href=\"https:\/\/charcoalplant.com\/es\/\">Shuliy group<\/a> proporciona una <a href=\"https:\/\/charcoalplant.com\/es\/wood-pallet-blocks-production-line\/\">l\u00ednea de producci\u00f3n de bloques de palets de madera<\/a> completa, tambi\u00e9n llamada l\u00ednea de producci\u00f3n de bloques de aserr\u00edn. La materia prima puede ser variada, como madera, bamb\u00fa, aserr\u00edn, virutas, etc. Y consta principalmente de una <a href=\"https:\/\/charcoalplant.com\/es\/product\/wood-crusher-machine\/\">m\u00e1quina trituradora de madera<\/a>, <a href=\"https:\/\/charcoalplant.com\/es\/product\/rice-husk-dryer\/\">m\u00e1quina secadora de aserr\u00edn<\/a>, mezcladora de pegamento y una m\u00e1quina para fabricar bloques de madera. Si quieres comenzar tu negocio de fabricaci\u00f3n de palets, no dudes en contactar a nuestros expertos para obtener orientaci\u00f3n profesional. <\/p>","protected":false},"excerpt":{"rendered":"<p>La m\u00e1quina bloquera de paletas de madera es un dispositivo para producir pies de carga. Se puede utilizar en industrias de embalaje y log\u00edstica (transporte).<\/p>","protected":false},"author":1,"featured_media":2337,"parent":0,"template":"","tags":[66],"product-type":[43,3],"class_list":["post-2322","product","type-product","status-publish","has-post-thumbnail","hentry","tag-biomass-briquette-machine","product-type-biomass-briquette-machine","product-type-wood-wastes-recycling-machine"],"_links":{"self":[{"href":"https:\/\/charcoalplant.com\/es\/wp-json\/wp\/v2\/product\/2322","targetHints":{"allow":["GET"]}}],"collection":[{"href":"https:\/\/charcoalplant.com\/es\/wp-json\/wp\/v2\/product"}],"about":[{"href":"https:\/\/charcoalplant.com\/es\/wp-json\/wp\/v2\/types\/product"}],"author":[{"embeddable":true,"href":"https:\/\/charcoalplant.com\/es\/wp-json\/wp\/v2\/users\/1"}],"wp:featuredmedia":[{"embeddable":true,"href":"https:\/\/charcoalplant.com\/es\/wp-json\/wp\/v2\/media\/2337"}],"wp:attachment":[{"href":"https:\/\/charcoalplant.com\/es\/wp-json\/wp\/v2\/media?parent=2322"}],"wp:term":[{"taxonomy":"post_tag","embeddable":true,"href":"https:\/\/charcoalplant.com\/es\/wp-json\/wp\/v2\/tags?post=2322"},{"taxonomy":"product-type","embeddable":true,"href":"https:\/\/charcoalplant.com\/es\/wp-json\/wp\/v2\/product-type?post=2322"}],"curies":[{"name":"wp","href":"https:\/\/api.w.org\/{rel}","templated":true}]}}