{"id":2505,"date":"2022-02-25T10:09:19","date_gmt":"2022-02-25T10:09:19","guid":{"rendered":"https:\/\/charcoalplant.com\/?page_id=2505"},"modified":"2023-01-07T14:38:58","modified_gmt":"2023-01-07T06:38:58","slug":"wood-pallet-block-production-line","status":"publish","type":"product","link":"https:\/\/charcoalplant.com\/es\/wood-pallet-block-production-line\/","title":{"rendered":"L\u00ednea de producci\u00f3n de bloques de paletas de madera"},"content":{"rendered":"<div class=\"kk-star-ratings kksr-auto kksr-align-left kksr-valign-top\"     data-payload='{&quot;align&quot;:&quot;left&quot;,&quot;id&quot;:&quot;2505&quot;,&quot;slug&quot;:&quot;default&quot;,&quot;valign&quot;:&quot;top&quot;,&quot;ignore&quot;:&quot;&quot;,&quot;reference&quot;:&quot;auto&quot;,&quot;class&quot;:&quot;&quot;,&quot;count&quot;:&quot;17&quot;,&quot;legendonly&quot;:&quot;&quot;,&quot;readonly&quot;:&quot;&quot;,&quot;score&quot;:&quot;4.7&quot;,&quot;starsonly&quot;:&quot;&quot;,&quot;best&quot;:&quot;5&quot;,&quot;gap&quot;:&quot;5&quot;,&quot;greet&quot;:&quot;Rate this product&quot;,&quot;legend&quot;:&quot;4.7\\\/5 - (17 votos)&quot;,&quot;size&quot;:&quot;24&quot;,&quot;title&quot;:&quot;Wood Pallet Block Production Line&quot;,&quot;width&quot;:&quot;133.8&quot;,&quot;_legend&quot;:&quot;{score}\\\/{best} - ({count} {votes})&quot;,&quot;font_factor&quot;:&quot;1.25&quot;}'>              <div class=\"kksr-stars\">      <div class=\"kksr-stars-inactive\">             <div class=\"kksr-star\" data-star=\"1\" style=\"padding-right: 5px\">               <div class=\"kksr-icon\" style=\"width: 24px; height: 24px;\"><\/div>         <\/div>             <div class=\"kksr-star\" data-star=\"2\" style=\"padding-right: 5px\">               <div class=\"kksr-icon\" style=\"width: 24px; height: 24px;\"><\/div>         <\/div>             <div class=\"kksr-star\" data-star=\"3\" style=\"padding-right: 5px\">               <div class=\"kksr-icon\" style=\"width: 24px; height: 24px;\"><\/div>         <\/div>             <div class=\"kksr-star\" data-star=\"4\" style=\"padding-right: 5px\">               <div class=\"kksr-icon\" style=\"width: 24px; height: 24px;\"><\/div>         <\/div>             <div class=\"kksr-star\" data-star=\"5\" style=\"padding-right: 5px\">               <div class=\"kksr-icon\" style=\"width: 24px; height: 24px;\"><\/div>         <\/div>     <\/div>      <div class=\"kksr-stars-active\" style=\"width: 133.8px;\">             <div class=\"kksr-star\" style=\"padding-right: 5px\">               <div class=\"kksr-icon\" style=\"width: 24px; height: 24px;\"><\/div>         <\/div>             <div class=\"kksr-star\" style=\"padding-right: 5px\">               <div class=\"kksr-icon\" style=\"width: 24px; height: 24px;\"><\/div>         <\/div>             <div class=\"kksr-star\" style=\"padding-right: 5px\">               <div class=\"kksr-icon\" style=\"width: 24px; height: 24px;\"><\/div>         <\/div>             <div class=\"kksr-star\" style=\"padding-right: 5px\">               <div class=\"kksr-icon\" style=\"width: 24px; height: 24px;\"><\/div>         <\/div>             <div class=\"kksr-star\" style=\"padding-right: 5px\">               <div class=\"kksr-icon\" style=\"width: 24px; height: 24px;\"><\/div>         <\/div>     <\/div> <\/div>                   <div class=\"kksr-legend\" style=\"font-size: 19.2px;\">             4,7\/5 - (17 votos)    <\/div>     <\/div>  <p class=\"translation-block\">La <strong>l\u00ednea de producci\u00f3n de bloques para tarimas de madera<\/strong> es una serie de m\u00e1quinas y equipos que se utilizan para producir bloques para tarimas de madera a gran escala. La l\u00ednea de producci\u00f3n incluye t\u00edpicamente una trituradora de madera, una secadora, una mezcladora y una m\u00e1quina para fabricar bloques de madera. La <strong>m\u00e1quina para fabricar bloques para tarimas de madera<\/strong> es uno de los equipos clave de la l\u00ednea de producci\u00f3n de bloques para tarimas de madera. La materia prima de su l\u00ednea de producci\u00f3n es principalmente madera de desecho. De hecho, toda una l\u00ednea de producci\u00f3n est\u00e1 altamente automatizada. Por lo tanto, toda su operaci\u00f3n requiere solo 4-5 miembros de la familia. Se puede ver que la l\u00ednea de producci\u00f3n de bloques para tarimas es un proyecto rentable. Si est\u00e1 interesado en este proyecto, cont\u00e1ctenos.<\/p>    <figure class=\"wp-block-image aligncenter size-full\"><img loading=\"lazy\" decoding=\"async\" width=\"720\" height=\"540\" src=\"https:\/\/charcoalplant.com\/wp-content\/uploads\/2022\/02\/Wood-Pallet-Blocks-Production-Line-1.jpg\" alt=\"L\u00ednea de producci\u00f3n de bloques de paletas de madera.\" class=\"wp-image-2510\"\/><figcaption class=\"wp-element-caption\">L\u00ednea de producci\u00f3n de bloques de paletas de madera.<\/figcaption><\/figure>    <h2 class=\"wp-block-heading\" id=\"h-raw-materials-for-sawdust-block-production-line\">Materias primas para la l\u00ednea de fabricaci\u00f3n de bloques de aserr\u00edn.<\/h2>    <p>Los bloques de paletas de madera est\u00e1n hechos principalmente de aserr\u00edn, virutas, desechos de madera, desechos de bamb\u00fa, desechos de plataformas de madera y otros materiales como materia prima. Por lo tanto, la l\u00ednea de producci\u00f3n de bloques para paletas de madera tiene las caracter\u00edsticas de baja inversi\u00f3n. S\u00f3lo la viscosidad entre las mol\u00e9culas de la materia prima es m\u00e1s fuerte. Los bloques de aserr\u00edn pueden desempe\u00f1ar una buena funci\u00f3n de carga. Por lo tanto, las materias primas deben mezclarse con pegamento en una determinada proporci\u00f3n.<\/p>    <figure class=\"wp-block-gallery has-nested-images columns-default is-cropped wp-block-gallery-2 is-layout-flex wp-block-gallery-is-layout-flex\"> <figure class=\"wp-block-image size-large\"><img loading=\"lazy\" decoding=\"async\" width=\"720\" height=\"540\" data-id=\"2528\" src=\"https:\/\/charcoalplant.com\/wp-content\/uploads\/2022\/02\/sawdust-3.jpg\" alt=\"serr\u00edn\" class=\"wp-image-2528\"\/><figcaption class=\"wp-element-caption\">serr\u00edn<\/figcaption><\/figure>    <figure class=\"wp-block-image size-large\"><img loading=\"lazy\" decoding=\"async\" width=\"720\" height=\"540\" data-id=\"2529\" src=\"https:\/\/charcoalplant.com\/wp-content\/uploads\/2022\/02\/wood-shavings-1.jpg\" alt=\"virutas de madera\" class=\"wp-image-2529\"\/><figcaption class=\"wp-element-caption\">virutas de madera<\/figcaption><\/figure> <\/figure>    <h2 class=\"wp-block-heading\">Estructura de la l\u00ednea de producci\u00f3n de bloques de paletas de madera.<\/h2>    <p><br>La l\u00ednea de producci\u00f3n de bloques para paletas de madera consta de una trituradora de madera, un secador de aserr\u00edn, una mezcladora de pegamento, una m\u00e1quina para fabricar bloques de madera y una m\u00e1quina cortadora autom\u00e1tica. (Solo como referencia, la estructura espec\u00edfica debe determinarse seg\u00fan las materias primas). A continuaci\u00f3n presentar\u00e9 estos dispositivos uno por uno.<\/p>    <div class=\"wp-block-columns has-background is-layout-flex wp-container-core-columns-is-layout-28f84493 wp-block-columns-is-layout-flex\" style=\"background-color:#f1f1f1\"> <div class=\"wp-block-column is-vertically-aligned-center is-layout-flow wp-block-column-is-layout-flow\" style=\"flex-basis:33.33%\"> <p class=\"translation-block\"><strong>Trituradora de madera<\/strong><\/p>    <p class=\"translation-block\">Si la materia prima del cliente es madera en bloque, necesita usar un <strong>pulverizador de madera<\/strong> o una <strong>m\u00e1quina de virutas de madera<\/strong> para pulverizar la materia prima a 6-8 mm. Porque este tama\u00f1o de part\u00edculas de madera es f\u00e1cil de moldear. O usar directamente serr\u00edn o virutas que cumplan con el tama\u00f1o de las materias primas.<\/p> <\/div>    <div class=\"wp-block-column is-layout-flow wp-block-column-is-layout-flow\" style=\"flex-basis:66.66%\"> <figure class=\"wp-block-gallery has-nested-images columns-default is-cropped wp-block-gallery-3 is-layout-flex wp-block-gallery-is-layout-flex\"> <figure class=\"wp-block-image size-large\"><img loading=\"lazy\" decoding=\"async\" width=\"720\" height=\"540\" data-id=\"1898\" src=\"https:\/\/charcoalplant.com\/wp-content\/uploads\/2022\/01\/electric-wood-crushing-machine-for-sale.jpg\" alt=\"trituradora-de-madera-electrica-para-la-venta\" class=\"wp-image-1898\" srcset=\"https:\/\/charcoalplant.com\/wp-content\/uploads\/2022\/01\/electric-wood-crushing-machine-for-sale.jpg 720w, https:\/\/charcoalplant.com\/wp-content\/uploads\/2022\/01\/electric-wood-crushing-machine-for-sale-300x225.jpg 300w\" sizes=\"auto, (max-width: 720px) 100vw, 720px\" \/><figcaption class=\"wp-element-caption\">trituradora-de-madera-electrica-para-la-venta<\/figcaption><\/figure> <\/figure> <\/div> <\/div>    <div class=\"wp-block-columns has-background is-layout-flex wp-container-core-columns-is-layout-28f84493 wp-block-columns-is-layout-flex\" style=\"background-color:#f1f1f1\"> <div class=\"wp-block-column is-layout-flow wp-block-column-is-layout-flow\" style=\"flex-basis:66.66%\"> <figure class=\"wp-block-gallery has-nested-images columns-default is-cropped wp-block-gallery-4 is-layout-flex wp-block-gallery-is-layout-flex\"> <figure class=\"wp-block-image size-large\"><img loading=\"lazy\" decoding=\"async\" width=\"720\" height=\"540\" data-id=\"968\" src=\"https:\/\/charcoalplant.com\/wp-content\/uploads\/2021\/11\/Roller-1.jpg\" alt=\"Rodillo\" class=\"wp-image-968\" srcset=\"https:\/\/charcoalplant.com\/wp-content\/uploads\/2021\/11\/Roller-1.jpg 720w, https:\/\/charcoalplant.com\/wp-content\/uploads\/2021\/11\/Roller-1-300x225.jpg 300w\" sizes=\"auto, (max-width: 720px) 100vw, 720px\" \/><figcaption class=\"wp-element-caption\">Rodillo<\/figcaption><\/figure> <\/figure> <\/div>    <div class=\"wp-block-column is-vertically-aligned-center is-layout-flow wp-block-column-is-layout-flow\" style=\"flex-basis:33.33%\"> <p class=\"translation-block\"><strong>Secadora de serr\u00edn<\/strong><\/p>    <p class=\"translation-block\">La humedad del serr\u00edn o las virutas de madera debe mantenerse por debajo del 12%. Por lo tanto, si el contenido de humedad de la materia prima es superior al 12%, el cliente necesita usar la <strong>secadora de serr\u00edn<\/strong> para secar la materia prima. (El n\u00famero de secadoras se determina seg\u00fan la humedad de las materias primas y se puede aumentar apropiadamente)<\/p> <\/div> <\/div>    <div class=\"wp-block-columns has-background is-layout-flex wp-container-core-columns-is-layout-28f84493 wp-block-columns-is-layout-flex\" style=\"background-color:#f1f1f1\"> <div class=\"wp-block-column is-vertically-aligned-center is-layout-flow wp-block-column-is-layout-flow\" style=\"flex-basis:33.33%\"> <p class=\"translation-block\"><strong>Mezcladora de pegamento<\/strong><\/p>    <p>Coloque las materias primas en la m\u00e1quina mezcladora de pegamento y revuelva continuamente con una cierta proporci\u00f3n de pegamento a trav\u00e9s del equipo. Despu\u00e9s de 15 a 20 minutos, se completa la mezcla y el material se descarga desde el fondo del mezclador de pegamento.<\/p> <\/div>    <div class=\"wp-block-column is-layout-flow wp-block-column-is-layout-flow\" style=\"flex-basis:66.66%\"> <figure class=\"wp-block-gallery has-nested-images columns-default is-cropped wp-block-gallery-5 is-layout-flex wp-block-gallery-is-layout-flex\"> <figure class=\"wp-block-image size-full\"><img loading=\"lazy\" decoding=\"async\" width=\"720\" height=\"540\" data-id=\"2349\" src=\"https:\/\/charcoalplant.com\/wp-content\/uploads\/2022\/02\/glue-mixer-1.jpg\" alt=\"mezclador de pegamento\" class=\"wp-image-2349\"\/><figcaption class=\"wp-element-caption\">mezclador de pegamento<\/figcaption><\/figure> <\/figure> <\/div> <\/div>    <div class=\"wp-block-columns has-background is-layout-flex wp-container-core-columns-is-layout-28f84493 wp-block-columns-is-layout-flex\" style=\"background-color:#f1f1f1\"> <div class=\"wp-block-column is-layout-flow wp-block-column-is-layout-flow\" style=\"flex-basis:66.66%\"> <figure class=\"wp-block-gallery has-nested-images columns-default is-cropped wp-block-gallery-6 is-layout-flex wp-block-gallery-is-layout-flex\"> <figure class=\"wp-block-image size-large\"><img loading=\"lazy\" decoding=\"async\" width=\"720\" height=\"540\" data-id=\"2325\" src=\"https:\/\/charcoalplant.com\/wp-content\/uploads\/2022\/02\/wood-block-machine-plant.jpg\" alt=\"planta-m\u00e1quina-de-madera\" class=\"wp-image-2325\"\/><figcaption class=\"wp-element-caption\">planta-m\u00e1quina-de-madera<\/figcaption><\/figure> <\/figure> <\/div>    <div class=\"wp-block-column is-vertically-aligned-center is-layout-flow wp-block-column-is-layout-flow\" style=\"flex-basis:33.33%\"> <p><strong><a href=\"https:\/\/charcoalplant.com\/es\/product\/wood-pallet-block-making-machine\/\">M\u00e1quina para fabricar bloques de madera<\/a><\/strong><\/p>    <p>Las materias primas procesadas se prensan en caliente mediante una m\u00e1quina bloquera de madera para formar bloques de paletas de madera. Generalmente, una l\u00ednea de producci\u00f3n est\u00e1 equipada con cuatro prensas t\u00e9rmicas. Por lo tanto, los clientes pueden elegir m\u00faltiples m\u00e1quinas para fabricar bloques de madera en la l\u00ednea de producci\u00f3n.<\/p> <\/div> <\/div>    <h2 class=\"wp-block-heading\">Tipos de m\u00e1quina cortadora de bloques comprimidos<\/h2>    <p class=\"translation-block\"><strong>bloques para tarimas de madera para sierra de una sola hoja<\/strong><br>Este tipo de sierra generalmente se coloca en el puerto de descarga de la m\u00e1quina de bloques de virutas. Y tambi\u00e9n tiene manual y autom\u00e1tico. Su funci\u00f3n principal es cortar los bloques de serr\u00edn extruidos en longitudes uniformes para su venta o apilamiento. Adem\u00e1s, nuestra f\u00e1brica puede equipar a los clientes con varias m\u00e1quinas de corte de bloques de serr\u00edn.<\/p>    <figure class=\"wp-block-gallery has-nested-images columns-default is-cropped wp-block-gallery-7 is-layout-flex wp-block-gallery-is-layout-flex\"> <figure class=\"wp-block-image size-large\"><img loading=\"lazy\" decoding=\"async\" width=\"720\" height=\"540\" data-id=\"2520\" src=\"https:\/\/charcoalplant.com\/wp-content\/uploads\/2022\/02\/sigle-blade-saw-1.jpg\" alt=\"sierra de una sola hoja\" class=\"wp-image-2520\"\/><figcaption class=\"wp-element-caption\">sierra de una sola hoja<\/figcaption><\/figure>    <figure class=\"wp-block-image size-large\"><img loading=\"lazy\" decoding=\"async\" width=\"720\" height=\"540\" data-id=\"2519\" src=\"https:\/\/charcoalplant.com\/wp-content\/uploads\/2022\/02\/wood-block-production-line.jpg\" alt=\"l\u00ednea de producci\u00f3n de bloques de madera\" class=\"wp-image-2519\"\/><figcaption class=\"wp-element-caption\">l\u00ednea de producci\u00f3n de bloques de madera<\/figcaption><\/figure> <\/figure>    <p class=\"translation-block\"><strong>bloques para tarimas de madera para sierra autom\u00e1tica de varias hojas<\/strong><\/p>    <p>Cortadora de bloques de paletas de madera (modelo multicuchilla), se puede utilizar para cortar bloques de paletas de part\u00edculas, madera maciza, madera multicapa, madera contrachapada. La m\u00e1quina tiene las ventajas de menos polvo, operaci\u00f3n estable, alta eficiencia y operaci\u00f3n simple. Por lo tanto, es un equipo de procesamiento indispensable para la l\u00ednea de producci\u00f3n de bloques para paletas de madera.<\/p>    <figure class=\"wp-block-gallery has-nested-images columns-default is-cropped wp-block-gallery-8 is-layout-flex wp-block-gallery-is-layout-flex\"> <figure class=\"wp-block-image size-large\"><img loading=\"lazy\" decoding=\"async\" width=\"720\" height=\"540\" data-id=\"2521\" src=\"https:\/\/charcoalplant.com\/wp-content\/uploads\/2022\/02\/multi-blade-saw.jpg\" alt=\"sierra multihoja\" class=\"wp-image-2521\"\/><figcaption class=\"wp-element-caption\">sierra multihoja<\/figcaption><\/figure>    <figure class=\"wp-block-image size-large\"><img loading=\"lazy\" decoding=\"async\" width=\"720\" height=\"540\" data-id=\"2522\" src=\"https:\/\/charcoalplant.com\/wp-content\/uploads\/2022\/02\/wood-pallet-block-.jpg\" alt=\"bloque-palet-de-madera\" class=\"wp-image-2522\"\/><figcaption class=\"wp-element-caption\">bloque-palet-de-madera<\/figcaption><\/figure> <\/figure>    <h2 class=\"wp-block-heading\">L\u00ednea de producci\u00f3n de bloques de paletas de madera a la venta.<\/h2>    <p class=\"translation-block\"><a href=\"https:\/\/charcoalplant.com\/es\/\">Shuliy Machinery<\/a> ofrece a los clientes soluciones para l\u00edneas de producci\u00f3n de bloques de palets de madera. Adem\u00e1s, soy un dispositivo directo de f\u00e1brica. Por lo tanto, ofrecemos un servicio de piezas de repuesto de por vida. Adem\u00e1s de la producci\u00f3n de m\u00e1quinas de bloques de madera, tambi\u00e9n producimos varios equipos de procesamiento de madera. En resumen, tenga la seguridad de que nuestro personal se encargar\u00e1 de los servicios de env\u00edo e instalaci\u00f3n. No dude en contactarnos para m\u00e1s detalles.<\/p>    <figure class=\"wp-block-gallery has-nested-images columns-2 is-cropped wp-block-gallery-9 is-layout-flex wp-block-gallery-is-layout-flex\"> <figure class=\"wp-block-image size-large\"><img loading=\"lazy\" decoding=\"async\" width=\"720\" height=\"540\" data-id=\"2525\" src=\"https:\/\/charcoalplant.com\/wp-content\/uploads\/2022\/02\/saw.jpg\" alt=\"sierra\" class=\"wp-image-2525\"\/><figcaption class=\"wp-element-caption\">sierra<\/figcaption><\/figure>    <figure class=\"wp-block-image size-large\"><img loading=\"lazy\" decoding=\"async\" width=\"720\" height=\"540\" data-id=\"2524\" src=\"https:\/\/charcoalplant.com\/wp-content\/uploads\/2022\/02\/shippment-4.jpg\" alt=\"env\u00edo\" class=\"wp-image-2524\"\/><figcaption class=\"wp-element-caption\">env\u00edo<\/figcaption><\/figure>    <figure class=\"wp-block-image size-large\"><img loading=\"lazy\" decoding=\"async\" width=\"720\" height=\"540\" data-id=\"2526\" src=\"https:\/\/charcoalplant.com\/wp-content\/uploads\/2022\/02\/wood-pallet-blocks-production-line-show.jpg\" alt=\"L\u00ednea de producci\u00f3n de bloques de paletas de madera.\" class=\"wp-image-2526\"\/><figcaption class=\"wp-element-caption\">L\u00ednea de producci\u00f3n de bloques de paletas de madera.<\/figcaption><\/figure>    <figure class=\"wp-block-image size-large\"><img loading=\"lazy\" decoding=\"async\" width=\"720\" height=\"540\" data-id=\"2527\" src=\"https:\/\/charcoalplant.com\/wp-content\/uploads\/2022\/02\/wood-pallet-blocks-plant-shipping.jpg\" alt=\"env\u00edo de plantas de bloques de paletas de madera\" class=\"wp-image-2527\"\/><figcaption class=\"wp-element-caption\">env\u00edo de plantas de bloques de paletas de madera<\/figcaption><\/figure> <\/figure>    <h2 class=\"wp-block-heading\">Espect\u00e1culo de bloques de aserr\u00edn<\/h2>    <figure class=\"wp-block-image aligncenter size-full\"><img loading=\"lazy\" decoding=\"async\" width=\"720\" height=\"540\" src=\"https:\/\/charcoalplant.com\/wp-content\/uploads\/2022\/02\/sawdust-pallet-block.jpg\" alt=\"bloque de paleta de aserr\u00edn\" class=\"wp-image-2531\"\/><figcaption class=\"wp-element-caption\">bloque de paleta de aserr\u00edn<\/figcaption><\/figure>    <h2 class=\"wp-block-heading\">Conclusi\u00f3n <\/h2>    <p>La l\u00ednea de producci\u00f3n de bloques para paletas de madera est\u00e1 automatizada para garantizar un proceso de producci\u00f3n consistente y eficiente. El producto final de la l\u00ednea de fabricaci\u00f3n de bloques de madera son bloques para paletas de madera que est\u00e1n listos para su uso en diversas industrias. Proporcionamos excelentes m\u00e1quinas para fabricar bloques de madera y orientaci\u00f3n para satisfacer sus necesidades. Bienvenido a contactarnos para obtener el mejor precio.<\/p>","protected":false},"excerpt":{"rendered":"<p>Wood pallet block production line is a series of machines and equipment that are used to produce wooden pallet blocks on a large scale. The production line typically includes a wood crusher, a dryer, a mixer, and a wood block making machine. Wood pallet block making machine is one of the key pieces of equipment [&hellip;]<\/p>\n","protected":false},"author":1,"featured_media":2508,"parent":0,"template":"","tags":[64],"product-type":[53],"class_list":["post-2505","product","type-product","status-publish","has-post-thumbnail","hentry","tag-wood-wastes-recycling-machine","product-type-product-line"],"_links":{"self":[{"href":"https:\/\/charcoalplant.com\/es\/wp-json\/wp\/v2\/product\/2505","targetHints":{"allow":["GET"]}}],"collection":[{"href":"https:\/\/charcoalplant.com\/es\/wp-json\/wp\/v2\/product"}],"about":[{"href":"https:\/\/charcoalplant.com\/es\/wp-json\/wp\/v2\/types\/product"}],"author":[{"embeddable":true,"href":"https:\/\/charcoalplant.com\/es\/wp-json\/wp\/v2\/users\/1"}],"wp:featuredmedia":[{"embeddable":true,"href":"https:\/\/charcoalplant.com\/es\/wp-json\/wp\/v2\/media\/2508"}],"wp:attachment":[{"href":"https:\/\/charcoalplant.com\/es\/wp-json\/wp\/v2\/media?parent=2505"}],"wp:term":[{"taxonomy":"post_tag","embeddable":true,"href":"https:\/\/charcoalplant.com\/es\/wp-json\/wp\/v2\/tags?post=2505"},{"taxonomy":"product-type","embeddable":true,"href":"https:\/\/charcoalplant.com\/es\/wp-json\/wp\/v2\/product-type?post=2505"}],"curies":[{"name":"wp","href":"https:\/\/api.w.org\/{rel}","templated":true}]}}