{"id":2947,"date":"2022-03-21T10:40:58","date_gmt":"2022-03-21T10:40:58","guid":{"rendered":"https:\/\/charcoalplant.com\/?post_type=product&#038;p=2947"},"modified":"2023-01-16T15:21:47","modified_gmt":"2023-01-16T07:21:47","slug":"dry-lime-powder-briquetting-machine","status":"publish","type":"product","link":"https:\/\/charcoalplant.com\/es\/product\/dry-lime-powder-briquetting-machine-iron-dust-ball-for-smelting-plant\/","title":{"rendered":"M\u00e1quina briquetadora de polvo de cal seca | Bola de polvo de hierro para planta de fundici\u00f3n"},"content":{"rendered":"<div class=\"kk-star-ratings kksr-auto kksr-align-left kksr-valign-top\"     data-payload='{&quot;align&quot;:&quot;left&quot;,&quot;id&quot;:&quot;2947&quot;,&quot;slug&quot;:&quot;default&quot;,&quot;valign&quot;:&quot;top&quot;,&quot;ignore&quot;:&quot;&quot;,&quot;reference&quot;:&quot;auto&quot;,&quot;class&quot;:&quot;&quot;,&quot;count&quot;:&quot;5&quot;,&quot;legendonly&quot;:&quot;&quot;,&quot;readonly&quot;:&quot;&quot;,&quot;score&quot;:&quot;4.8&quot;,&quot;starsonly&quot;:&quot;&quot;,&quot;best&quot;:&quot;5&quot;,&quot;gap&quot;:&quot;5&quot;,&quot;greet&quot;:&quot;Rate this product&quot;,&quot;legend&quot;:&quot;4.8\\\/5 - (5 votos)&quot;,&quot;size&quot;:&quot;24&quot;,&quot;title&quot;:&quot;Dry Lime Powder Briquetting Machine | Iron Dust Ball for Smelting Plant&quot;,&quot;width&quot;:&quot;136.7&quot;,&quot;_legend&quot;:&quot;{score}\\\/{best} - ({count} {votes})&quot;,&quot;font_factor&quot;:&quot;1.25&quot;}'>              <div class=\"kksr-stars\">      <div class=\"kksr-stars-inactive\">             <div class=\"kksr-star\" data-star=\"1\" style=\"padding-right: 5px\">               <div class=\"kksr-icon\" style=\"width: 24px; height: 24px;\"><\/div>         <\/div>             <div class=\"kksr-star\" data-star=\"2\" style=\"padding-right: 5px\">               <div class=\"kksr-icon\" style=\"width: 24px; height: 24px;\"><\/div>         <\/div>             <div class=\"kksr-star\" data-star=\"3\" style=\"padding-right: 5px\">               <div class=\"kksr-icon\" style=\"width: 24px; height: 24px;\"><\/div>         <\/div>             <div class=\"kksr-star\" data-star=\"4\" style=\"padding-right: 5px\">               <div class=\"kksr-icon\" style=\"width: 24px; height: 24px;\"><\/div>         <\/div>             <div class=\"kksr-star\" data-star=\"5\" style=\"padding-right: 5px\">               <div class=\"kksr-icon\" style=\"width: 24px; height: 24px;\"><\/div>         <\/div>     <\/div>      <div class=\"kksr-stars-active\" style=\"width: 136.7px;\">             <div class=\"kksr-star\" style=\"padding-right: 5px\">               <div class=\"kksr-icon\" style=\"width: 24px; height: 24px;\"><\/div>         <\/div>             <div class=\"kksr-star\" style=\"padding-right: 5px\">               <div class=\"kksr-icon\" style=\"width: 24px; height: 24px;\"><\/div>         <\/div>             <div class=\"kksr-star\" style=\"padding-right: 5px\">               <div class=\"kksr-icon\" style=\"width: 24px; height: 24px;\"><\/div>         <\/div>             <div class=\"kksr-star\" style=\"padding-right: 5px\">               <div class=\"kksr-icon\" style=\"width: 24px; height: 24px;\"><\/div>         <\/div>             <div class=\"kksr-star\" style=\"padding-right: 5px\">               <div class=\"kksr-icon\" style=\"width: 24px; height: 24px;\"><\/div>         <\/div>     <\/div> <\/div>                   <div class=\"kksr-legend\" style=\"font-size: 19.2px;\">             4,8\/5 - (5 votos)    <\/div>     <\/div>  <p class=\"translation-block\"><strong>La m\u00e1quina de briqueteado de polvo seco<\/strong> puede comprimir materiales en polvo granular en briquetas de diferentes formas. Por ejemplo, cil\u00edndricas, ovaladas, esf\u00e9ricas, cuadradas, etc. Y se diferencia de la <strong><a href=\"https:\/\/charcoalplant.com\/es\/product\/charcoal-ball-press-machine\/\">m\u00e1quina de formaci\u00f3n de polvo de carb\u00f3n ordinaria<\/a><\/strong> en que tiene las caracter\u00edsticas de alta presi\u00f3n y un buen efecto de moldeo. Por lo tanto, se utiliza principalmente para prensar materiales en polvo que son dif\u00edciles de formar. Como polvo de carb\u00f3n; polvo mineral; yeso de desulfuraci\u00f3n; polvo de coque; virutas de hierro y diversos escorias met\u00e1licas. Adem\u00e1s, el uso de m\u00e1quinas de briqueteado de polvo de cal seca puede reducir el polvo industrial, controlar la densidad a granel y facilitar la recuperaci\u00f3n y el transporte. Nos especializamos en fabricar todo tipo de equipos de reciclaje. Si est\u00e1 interesado, cont\u00e1ctenos ahora.<\/p>    <figure class=\"wp-block-image aligncenter size-full\"><img loading=\"lazy\" decoding=\"async\" width=\"720\" height=\"540\" src=\"https:\/\/charcoalplant.com\/wp-content\/uploads\/2022\/03\/dry-powder-briquettebriquetting-machine-for-sale.jpg\" alt=\"briquetadora de briquetas de polvo seco a la venta\" class=\"wp-image-2949\"\/><figcaption class=\"wp-element-caption\">m\u00e1quina de briquetas de polvo seco para la venta<\/figcaption><\/figure>    <h2 class=\"wp-block-heading\" id=\"h-raw-materials-for-dry-lime-powder-briquetting-machine\"><strong>Materias primas para secar.<\/strong><strong>\u00a0cal<\/strong><strong>\u00a0m\u00e1quina de briquetas de polvo<\/strong><\/h2>    <p>Las fuentes de materias primas que pueden ser procesadas por la m\u00e1quina briquetadora de polvo de hierro incluyen residuos de sitios de construcci\u00f3n, residuos de fundiciones, residuos de plantas qu\u00edmicas, etc. Por ejemplo, polvo de carb\u00f3n, polvo de aluminio, ganga de carb\u00f3n, relaves, polvo de coque, \u00f3xido de hierro. , virutas de magnesio, cal viva en polvo, lodos, grafito, fertilizantes, etc.<\/p>    <figure class=\"wp-block-image aligncenter size-full is-resized\"><img loading=\"lazy\" decoding=\"async\" src=\"https:\/\/charcoalplant.com\/wp-content\/uploads\/2022\/03\/dry-lime-powder-briquetting-machine-raw-material-1.png\" alt=\"Materia prima de la m\u00e1quina briquetadora de polvo de cal seca\" class=\"wp-image-2951\" width=\"658\" height=\"493\"\/><figcaption class=\"wp-element-caption\">Materia prima de la m\u00e1quina briquetadora de polvo de cal seca<\/figcaption><\/figure>    <h2 class=\"wp-block-heading\" id=\"h-structure-of-iron-dust-ball-press\"><strong>S<\/strong><strong>estructura de hierro <\/strong><strong>polvo<\/strong><strong>&nbsp;prensa de pelota<\/strong><strong><\/strong><\/h2>    <div class=\"wp-block-columns has-background is-layout-flex wp-container-core-columns-is-layout-28f84493 wp-block-columns-is-layout-flex\" style=\"background-color:#f1f1f1\"> <div class=\"wp-block-column is-vertically-aligned-center is-layout-flow wp-block-column-is-layout-flow\" style=\"flex-basis:33.33%\"> <p class=\"translation-block\"><strong>Puerto de alimentaci\u00f3n forzada<\/strong><\/p>    <p>El puerto de alimentaci\u00f3n de la m\u00e1quina de moldeo de polvo seco tiene un dispositivo de alimentaci\u00f3n por tornillo. Debido al peque\u00f1o peso espec\u00edfico de las materias primas en polvo. Por lo tanto, es necesario agitar para evitar la obstrucci\u00f3n del equipo o una alimentaci\u00f3n desigual.<\/p> <\/div>    <div class=\"wp-block-column is-layout-flow wp-block-column-is-layout-flow\" style=\"flex-basis:66.66%\"> <figure class=\"wp-block-image size-full\"><img loading=\"lazy\" decoding=\"async\" width=\"720\" height=\"540\" src=\"https:\/\/charcoalplant.com\/wp-content\/uploads\/2022\/03\/sew-feeding.jpg\" alt=\"\" class=\"wp-image-2959\"\/><\/figure> <\/div> <\/div>    <div class=\"wp-block-columns has-background is-layout-flex wp-container-core-columns-is-layout-28f84493 wp-block-columns-is-layout-flex\" style=\"background-color:#f1f1f1\"> <div class=\"wp-block-column is-layout-flow wp-block-column-is-layout-flow\" style=\"flex-basis:66.66%\"> <figure class=\"wp-block-image size-full\"><img loading=\"lazy\" decoding=\"async\" width=\"720\" height=\"540\" src=\"https:\/\/charcoalplant.com\/wp-content\/uploads\/2022\/03\/mould.jpg\" alt=\"\" class=\"wp-image-2960\"\/><\/figure> <\/div>    <div class=\"wp-block-column is-vertically-aligned-center is-layout-flow wp-block-column-is-layout-flow\" style=\"flex-basis:33.33%\"> <p class=\"translation-block\"><strong>Rodillo de presi\u00f3n<\/strong><\/p>    <p>La m\u00e1quina briquetadora de polvo seco tiene rodillos estrechos y un \u00e1rea de contacto peque\u00f1a. Por tanto, la presi\u00f3n sobre la cal y el polvo met\u00e1lico, etc. es m\u00e1s concentrada y la presi\u00f3n es mayor.<\/p> <\/div> <\/div>    <div class=\"wp-block-columns has-background is-layout-flex wp-container-core-columns-is-layout-28f84493 wp-block-columns-is-layout-flex\" style=\"background-color:#f1f1f1\"> <div class=\"wp-block-column is-vertically-aligned-center is-layout-flow wp-block-column-is-layout-flow\" style=\"flex-basis:33.33%\"> <p class=\"translation-block\"><strong>Dispositivo de presi\u00f3n hidr\u00e1ulica<\/strong><\/p>    <p>Su funci\u00f3n es controlar el espacio entre los rodillos. De hecho, tambi\u00e9n act\u00faa indirectamente como presurizador.<\/p> <\/div>    <div class=\"wp-block-column is-layout-flow wp-block-column-is-layout-flow\" style=\"flex-basis:66.66%\"> <figure class=\"wp-block-gallery has-nested-images columns-default is-cropped wp-block-gallery-2 is-layout-flex wp-block-gallery-is-layout-flex\"> <figure class=\"wp-block-image size-large\"><img loading=\"lazy\" decoding=\"async\" width=\"720\" height=\"540\" data-id=\"2961\" src=\"https:\/\/charcoalplant.com\/wp-content\/uploads\/2022\/03\/hydraulic.jpg\" alt=\"\" class=\"wp-image-2961\"\/><\/figure> <\/figure> <\/div> <\/div>    <h2 class=\"wp-block-heading\" id=\"h-dry-powder-lime-briquetting-machine-mould\"><strong>Molde de m\u00e1quina briquetadora de cal en polvo seco<\/strong><strong><\/strong><\/h2>    <p>Para satisfacer las necesidades de los clientes, nuestra f\u00e1brica brinda un servicio personalizado para moldes de prensa de bolas. Incluyendo el tama\u00f1o, forma, patr\u00f3n, texto, etc. de la piel del rodillo. Hay varios tipos de revestimientos de rodillos que se muestran a continuaci\u00f3n (como referencia).<\/p>    <figure class=\"wp-block-gallery has-nested-images columns-2 is-cropped wp-block-gallery-3 is-layout-flex wp-block-gallery-is-layout-flex\"> <figure class=\"wp-block-image size-large\"><img loading=\"lazy\" decoding=\"async\" width=\"720\" height=\"540\" data-id=\"2964\" src=\"https:\/\/charcoalplant.com\/wp-content\/uploads\/2022\/03\/cylindrical.jpg\" alt=\"cil\u00edndrico\" class=\"wp-image-2964\"\/><figcaption class=\"wp-element-caption\">cil\u00edndrico<\/figcaption><\/figure>    <figure class=\"wp-block-image size-large\"><img loading=\"lazy\" decoding=\"async\" width=\"720\" height=\"540\" data-id=\"2965\" src=\"https:\/\/charcoalplant.com\/wp-content\/uploads\/2022\/03\/iron-powder-mold.jpg\" alt=\"molde-de-polvo-de-hierro\" class=\"wp-image-2965\"\/><figcaption class=\"wp-element-caption\">molde-de-polvo-de-hierro<\/figcaption><\/figure>    <figure class=\"wp-block-image size-large\"><img loading=\"lazy\" decoding=\"async\" width=\"720\" height=\"540\" data-id=\"2962\" src=\"https:\/\/charcoalplant.com\/wp-content\/uploads\/2022\/03\/mold-with-a-diameter-of-6cm.jpg\" alt=\"molde-con-un-diametro-de-6cm\" class=\"wp-image-2962\"\/><figcaption class=\"wp-element-caption\">molde-con-un-diametro-de-6cm<\/figcaption><\/figure>    <figure class=\"wp-block-image size-large\"><img loading=\"lazy\" decoding=\"async\" width=\"720\" height=\"540\" data-id=\"2963\" src=\"https:\/\/charcoalplant.com\/wp-content\/uploads\/2022\/03\/pillow-shape.jpg\" alt=\"forma de almohada\" class=\"wp-image-2963\"\/><figcaption class=\"wp-element-caption\">forma de almohada<\/figcaption><\/figure> <\/figure>    <h2 class=\"wp-block-heading\" id=\"h-iron-dust-ball-for-smelting-plant\"><strong>Bola de polvo de hierro para planta de fundici\u00f3n.<\/strong><\/h2>    <p>La m\u00e1quina briquetadora de polvo de hierro es una m\u00e1quina multiuso. Puede recuperar tan diversos polvos met\u00e1licos. Las bolas de polvo mental se pueden derretir para volver a fabricar piezas mec\u00e1nicas o bastidores. Las fundiciones tambi\u00e9n suelen reciclar escoria met\u00e1lica de desecho industrial para su reprocesamiento. De esta forma, los recursos met\u00e1licos que el mundo puede ahorrar cada a\u00f1o son inconmensurables.<\/p>    <figure class=\"wp-block-gallery has-nested-images columns-default is-cropped wp-block-gallery-4 is-layout-flex wp-block-gallery-is-layout-flex\"> <figure class=\"wp-block-image size-large\"><img loading=\"lazy\" decoding=\"async\" width=\"720\" height=\"540\" data-id=\"2972\" src=\"https:\/\/charcoalplant.com\/wp-content\/uploads\/2022\/03\/iron-ball-melting.jpg\" alt=\"\" class=\"wp-image-2972\"\/><\/figure>    <figure class=\"wp-block-image size-large\"><img loading=\"lazy\" decoding=\"async\" width=\"720\" height=\"540\" data-id=\"2971\" src=\"https:\/\/charcoalplant.com\/wp-content\/uploads\/2022\/03\/Foundry.jpg\" alt=\"\" class=\"wp-image-2971\"\/><\/figure> <\/figure>    <h2 class=\"wp-block-heading\">Nuestra f\u00e1brica<\/h2>    <figure class=\"wp-block-image aligncenter size-full\"><img loading=\"lazy\" decoding=\"async\" width=\"691\" height=\"482\" src=\"https:\/\/charcoalplant.com\/wp-content\/uploads\/2022\/03\/machine-show-1.png\" alt=\"\" class=\"wp-image-2970\"\/><\/figure>    <figure class=\"wp-block-gallery has-nested-images columns-default is-cropped wp-block-gallery-5 is-layout-flex wp-block-gallery-is-layout-flex\"> <figure class=\"wp-block-image size-full\"><img loading=\"lazy\" decoding=\"async\" width=\"720\" height=\"540\" data-id=\"2969\" src=\"https:\/\/charcoalplant.com\/wp-content\/uploads\/2022\/03\/dryer-powder-machine-plant-2.jpg\" alt=\"\" class=\"wp-image-2969\"\/><\/figure>    <figure class=\"wp-block-image size-large\"><img loading=\"lazy\" decoding=\"async\" width=\"720\" height=\"540\" data-id=\"2967\" src=\"https:\/\/charcoalplant.com\/wp-content\/uploads\/2022\/03\/iron-dust-molding-machine-for-sale.jpg\" alt=\"\" class=\"wp-image-2967\"\/><\/figure> <\/figure>","protected":false},"excerpt":{"rendered":"<p>La m\u00e1quina briquetadora de polvo seco puede comprimir materiales en polvo granulares en briquetas de diferentes formas. <\/p>","protected":false},"author":1,"featured_media":2949,"parent":0,"template":"","tags":[59],"product-type":[44],"class_list":["post-2947","product","type-product","status-publish","has-post-thumbnail","hentry","tag-charcoal-briquetting-machine","product-type-charcoal-briquetting-machine"],"_links":{"self":[{"href":"https:\/\/charcoalplant.com\/es\/wp-json\/wp\/v2\/product\/2947","targetHints":{"allow":["GET"]}}],"collection":[{"href":"https:\/\/charcoalplant.com\/es\/wp-json\/wp\/v2\/product"}],"about":[{"href":"https:\/\/charcoalplant.com\/es\/wp-json\/wp\/v2\/types\/product"}],"author":[{"embeddable":true,"href":"https:\/\/charcoalplant.com\/es\/wp-json\/wp\/v2\/users\/1"}],"wp:featuredmedia":[{"embeddable":true,"href":"https:\/\/charcoalplant.com\/es\/wp-json\/wp\/v2\/media\/2949"}],"wp:attachment":[{"href":"https:\/\/charcoalplant.com\/es\/wp-json\/wp\/v2\/media?parent=2947"}],"wp:term":[{"taxonomy":"post_tag","embeddable":true,"href":"https:\/\/charcoalplant.com\/es\/wp-json\/wp\/v2\/tags?post=2947"},{"taxonomy":"product-type","embeddable":true,"href":"https:\/\/charcoalplant.com\/es\/wp-json\/wp\/v2\/product-type?post=2947"}],"curies":[{"name":"wp","href":"https:\/\/api.w.org\/{rel}","templated":true}]}}