{"id":580,"date":"2021-11-20T09:56:14","date_gmt":"2021-11-20T09:56:14","guid":{"rendered":"https:\/\/charcoalplant.com\/?p=580"},"modified":"2023-01-14T15:08:17","modified_gmt":"2023-01-14T07:08:17","slug":"log-chipper","status":"publish","type":"product","link":"https:\/\/charcoalplant.com\/es\/product\/log-chipper\/","title":{"rendered":"Astilladora de troncos | M\u00e1quina cortadora de astillas de madera"},"content":{"rendered":"<div class=\"kk-star-ratings kksr-auto kksr-align-left kksr-valign-top\"     data-payload='{&quot;align&quot;:&quot;left&quot;,&quot;id&quot;:&quot;580&quot;,&quot;slug&quot;:&quot;default&quot;,&quot;valign&quot;:&quot;top&quot;,&quot;ignore&quot;:&quot;&quot;,&quot;reference&quot;:&quot;auto&quot;,&quot;class&quot;:&quot;&quot;,&quot;count&quot;:&quot;17&quot;,&quot;legendonly&quot;:&quot;&quot;,&quot;readonly&quot;:&quot;&quot;,&quot;score&quot;:&quot;4.5&quot;,&quot;starsonly&quot;:&quot;&quot;,&quot;best&quot;:&quot;5&quot;,&quot;gap&quot;:&quot;5&quot;,&quot;greet&quot;:&quot;Rate this product&quot;,&quot;legend&quot;:&quot;4.5\\\/5 - (17 votos)&quot;,&quot;size&quot;:&quot;24&quot;,&quot;title&quot;:&quot;Log Chipper | Wood Chips Cutting Machine&quot;,&quot;width&quot;:&quot;128&quot;,&quot;_legend&quot;:&quot;{score}\\\/{best} - ({count} {votes})&quot;,&quot;font_factor&quot;:&quot;1.25&quot;}'>              <div class=\"kksr-stars\">      <div class=\"kksr-stars-inactive\">             <div class=\"kksr-star\" data-star=\"1\" style=\"padding-right: 5px\">               <div class=\"kksr-icon\" style=\"width: 24px; height: 24px;\"><\/div>         <\/div>             <div class=\"kksr-star\" data-star=\"2\" style=\"padding-right: 5px\">               <div class=\"kksr-icon\" style=\"width: 24px; height: 24px;\"><\/div>         <\/div>             <div class=\"kksr-star\" data-star=\"3\" style=\"padding-right: 5px\">               <div class=\"kksr-icon\" style=\"width: 24px; height: 24px;\"><\/div>         <\/div>             <div class=\"kksr-star\" data-star=\"4\" style=\"padding-right: 5px\">               <div class=\"kksr-icon\" style=\"width: 24px; height: 24px;\"><\/div>         <\/div>             <div class=\"kksr-star\" data-star=\"5\" style=\"padding-right: 5px\">               <div class=\"kksr-icon\" style=\"width: 24px; height: 24px;\"><\/div>         <\/div>     <\/div>      <div class=\"kksr-stars-active\" style=\"width: 128px;\">             <div class=\"kksr-star\" style=\"padding-right: 5px\">               <div class=\"kksr-icon\" style=\"width: 24px; height: 24px;\"><\/div>         <\/div>             <div class=\"kksr-star\" style=\"padding-right: 5px\">               <div class=\"kksr-icon\" style=\"width: 24px; height: 24px;\"><\/div>         <\/div>             <div class=\"kksr-star\" style=\"padding-right: 5px\">               <div class=\"kksr-icon\" style=\"width: 24px; height: 24px;\"><\/div>         <\/div>             <div class=\"kksr-star\" style=\"padding-right: 5px\">               <div class=\"kksr-icon\" style=\"width: 24px; height: 24px;\"><\/div>         <\/div>             <div class=\"kksr-star\" style=\"padding-right: 5px\">               <div class=\"kksr-icon\" style=\"width: 24px; height: 24px;\"><\/div>         <\/div>     <\/div> <\/div>                   <div class=\"kksr-legend\" style=\"font-size: 19.2px;\">             4,5\/5 - (17 votos)    <\/div>     <\/div>  <p class=\"translation-block\">El <strong>triturador de troncos<\/strong> es una m\u00e1quina importante en la l\u00ednea de producci\u00f3n de madera y el proceso de reprocesamiento de madera. Su funci\u00f3n es cortar la madera, las ramas y el bamb\u00fa en trozos del mismo grosor y tama\u00f1o con el cuchillo giratorio y el cuchillo fijo. Estas astillas de madera se utilizan en la fabricaci\u00f3n de papel, la combusti\u00f3n de combustible, etc., y tienen una gran demanda. Ofrecemos a los clientes m\u00e1quinas trituradoras de madera de alta calidad, de bajo consumo y f\u00e1ciles de usar. Bienvenido a consultarnos, le ofreceremos <strong><a href=\"https:\/\/charcoalplant.com\/es\/news\/how-much-is-a-log-shredder\/\">precios asequibles<\/a><\/strong>.<\/p>    <h2 class=\"wp-block-heading\" id=\"working-principle-of-log-chipper\">Principio de funcionamiento de la trituradora de troncos.<\/h2>    <p class=\"translation-block\">El corte de madera es un paso importante en el <strong><a href=\"https:\/\/charcoalplant.com\/es\/wood-crusher-machine\/\">reprocesamiento o trituraci\u00f3n de madera<\/a><\/strong>. Las materias primas como troncos, bamb\u00fa y tableros de madera se introducen en el puerto de alimentaci\u00f3n. Luego, el motor acciona la correa para hacer girar el cabezal de corte para astillar. La alimentaci\u00f3n y la descarga son casi sincr\u00f3nicas. Finalmente, se pueden obtener astillas de madera de grosor uniforme y forma regular.<\/p>    <figure class=\"wp-block-embed is-type-video is-provider-youtube wp-block-embed-youtube wp-embed-aspect-16-9 wp-has-aspect-ratio\"><div class=\"wp-block-embed__wrapper\"> <iframe loading=\"lazy\" title=\"Astilladora de troncos di\u00e9sel | Fabricante de m\u00e1quinas trituradoras de madera #Erritadora de madera el\u00e9ctrica#aserr\u00edn\" width=\"500\" height=\"281\" src=\"https:\/\/www.youtube.com\/embed\/8J7778sPzp4?feature=oembed\" frameborder=\"0\" allow=\"accelerometer; autoplay; clipboard-write; encrypted-media; gyroscope; picture-in-picture; web-share\" referrerpolicy=\"strict-origin-when-cross-origin\" allowfullscreen><\/iframe> <\/div><\/figure>    <h2 class=\"wp-block-heading\" id=\"raw-material-of-wood-chips-cutting-machine\">Materia prima de la m\u00e1quina trituradora de madera.<\/h2>    <p>La trituradora de madera comercial puede procesar pino, madera diversa, \u00e1lamo, abeto, bamb\u00fa en bruto, tuber\u00eda de ppr, etc. Las materias primas seleccionadas deben ser lo m\u00e1s regulares posible y el efecto de producir astillas de madera ser\u00e1 mejor. <\/p>    <figure class=\"wp-block-gallery has-nested-images columns-2 is-cropped wp-block-gallery-2 is-layout-flex wp-block-gallery-is-layout-flex\"> <figure class=\"wp-block-image size-large\"><img loading=\"lazy\" decoding=\"async\" width=\"720\" height=\"540\" data-id=\"2056\" src=\"https:\/\/charcoalplant.com\/wp-content\/uploads\/2022\/01\/raw-materials-2.jpg\" alt=\"materias primas\" class=\"wp-image-2056\"\/><figcaption class=\"wp-element-caption\">materias primas<\/figcaption><\/figure>    <figure class=\"wp-block-image size-large\"><img loading=\"lazy\" decoding=\"async\" width=\"720\" height=\"540\" data-id=\"2058\" src=\"https:\/\/charcoalplant.com\/wp-content\/uploads\/2022\/01\/different-sizes-wood-chips-1-2.jpg\" alt=\"astillas de madera de diferentes tama\u00f1os\" class=\"wp-image-2058\"\/><figcaption class=\"wp-element-caption\">astillas de madera de diferentes tama\u00f1os<\/figcaption><\/figure> <figcaption class=\"blocks-gallery-caption wp-element-caption\"> Las materias primas de la trituradora de ramas son troncos, bamb\u00fa, tableros, tubos de ppr y una pantalla de astillas de madera de 2-3 cm.<\/figcaption><\/figure>    <h2 class=\"wp-block-heading\" id=\"h-structure-of-the-log-chipper\">Estructura de la trituradora de troncos<\/h2>    <p>La trituradora de madera se compone principalmente de un cabezal cortador, una polea, un marco de husillo, un puerto de alimentaci\u00f3n, una cubierta y un sistema de control el\u00e9ctrico. Su estructura general es compacta y ahorra espacio. Pero esto no afecta sus caracter\u00edsticas como mayor rendimiento, ahorro de energ\u00eda, operaci\u00f3n segura y conveniente. <\/p>    <figure class=\"wp-block-gallery has-nested-images columns-default is-cropped wp-block-gallery-3 is-layout-flex wp-block-gallery-is-layout-flex\"> <figure class=\"wp-block-image size-large\"><img loading=\"lazy\" decoding=\"async\" width=\"720\" height=\"540\" data-id=\"1817\" src=\"https:\/\/charcoalplant.com\/wp-content\/uploads\/2022\/01\/garden-branch-chipper.jpg\" alt=\"trituradora de ramas de jard\u00edn\" class=\"wp-image-1817\" srcset=\"https:\/\/charcoalplant.com\/wp-content\/uploads\/2022\/01\/garden-branch-chipper.jpg 720w, https:\/\/charcoalplant.com\/wp-content\/uploads\/2022\/01\/garden-branch-chipper-300x225.jpg 300w\" sizes=\"auto, (max-width: 720px) 100vw, 720px\" \/><figcaption class=\"wp-element-caption\">trituradora de ramas de jard\u00edn<\/figcaption><\/figure>    <figure class=\"wp-block-image size-large\"><img loading=\"lazy\" decoding=\"async\" width=\"720\" height=\"540\" data-id=\"2044\" src=\"https:\/\/charcoalplant.com\/wp-content\/uploads\/2022\/01\/small-diesel-log-chipper-plant.jpg\" alt=\"peque\u00f1a planta trituradora de troncos diesel\" class=\"wp-image-2044\"\/><figcaption class=\"wp-element-caption\">peque\u00f1a planta trituradora de troncos diesel<\/figcaption><\/figure> <\/figure>    <h3 class=\"wp-block-heading\" id=\"adjustable-blades\">Cuchillas ajustables<\/h3>    <p class=\"translation-block\">El cambio de grosor de las astillas de madera se puede realizar ajustando el \u00e1ngulo de la cuchilla. Adem\u00e1s, cada cuchilla tiene al menos tres tornillos para fijarla y no es f\u00e1cil que se afloje. Si la cuchilla est\u00e1 desgastada, se puede fijar f\u00e1cilmente con un <strong>afilador de cuchillas<\/strong>.<\/p>    <figure class=\"wp-block-gallery has-nested-images columns-2 is-cropped wp-block-gallery-4 is-layout-flex wp-block-gallery-is-layout-flex\"> <figure class=\"wp-block-image size-large\"><img loading=\"lazy\" decoding=\"async\" width=\"720\" height=\"540\" data-id=\"2039\" src=\"https:\/\/charcoalplant.com\/wp-content\/uploads\/2022\/01\/blade.jpg\" alt=\"cuchilla\" class=\"wp-image-2039\"\/><figcaption class=\"wp-element-caption\">cuchilla<\/figcaption><\/figure>    <figure class=\"wp-block-image size-large\"><img loading=\"lazy\" decoding=\"async\" width=\"720\" height=\"540\" data-id=\"2040\" src=\"https:\/\/charcoalplant.com\/wp-content\/uploads\/2022\/01\/blade-disc..jpg\" alt=\"disco-cuchilla.\" class=\"wp-image-2040\"\/><figcaption class=\"wp-element-caption\">disco-cuchilla.<\/figcaption><\/figure> <\/figure>    <h3 class=\"wp-block-heading\" id=\"cutter-disc\">Disco cortador<\/h3>    <p>El disco de cuchillas de la trituradora de madera puede contener varias cuchillas. Adem\u00e1s, los diferentes modelos de trituradoras de troncos tienen diferentes di\u00e1metros de cabezales de corte. El n\u00famero de palas tambi\u00e9n var\u00eda.<\/p>    <figure class=\"wp-block-gallery has-nested-images columns-default is-cropped wp-block-gallery-5 is-layout-flex wp-block-gallery-is-layout-flex\"> <figure class=\"wp-block-image size-large\"><img loading=\"lazy\" decoding=\"async\" width=\"720\" height=\"540\" data-id=\"2041\" src=\"https:\/\/charcoalplant.com\/wp-content\/uploads\/2022\/01\/cutter-head.jpg\" alt=\"Cabezal de corte con m\u00faltiples cuchillas\" class=\"wp-image-2041\"\/><figcaption class=\"wp-element-caption\">Cabezal de corte con m\u00faltiples cuchillas<\/figcaption><\/figure>    <figure class=\"wp-block-image size-large\"><img loading=\"lazy\" decoding=\"async\" width=\"720\" height=\"540\" data-id=\"667\" src=\"https:\/\/charcoalplant.com\/wp-content\/uploads\/2021\/11\/cutter-head-1.jpg\" alt=\"cabezal de corte\" class=\"wp-image-667\" srcset=\"https:\/\/charcoalplant.com\/wp-content\/uploads\/2021\/11\/cutter-head-1.jpg 720w, https:\/\/charcoalplant.com\/wp-content\/uploads\/2021\/11\/cutter-head-1-300x225.jpg 300w\" sizes=\"auto, (max-width: 720px) 100vw, 720px\" \/><figcaption class=\"wp-element-caption\">cabezal de corte<\/figcaption><\/figure> <\/figure>    <h2 class=\"wp-block-heading\" id=\"h-branch-chipper-machine-for-sale\">La mejor m\u00e1quina trituradora de madera comercial a la venta<\/h2>    <p>Vendemos biotrituradoras de madera el\u00e9ctricas y biotrituradoras di\u00e9sel. Debido al diverso entorno de trabajo de los clientes, los requisitos de producci\u00f3n son diferentes. Es por eso que hemos mejorado varias astilladoras de madera especiales. Como el que tiene ruedas, la salida inferior y la salida superior, la entrada inclinada, etc.<\/p>    <h3 class=\"wp-block-heading\" id=\"electric-wood-chipper-parameters\">Par\u00e1metros de la trituradora de madera el\u00e9ctrica<\/h3>    <figure class=\"wp-block-table is-style-stripes\"><table><tbody><tr><td>MODELO<\/td><td>CAPACIDAD<\/td><td>TAMA\u00d1O DE ENTRADA<\/td><td>TAMA\u00d1O DE SALIDA<\/td><td>ENERGIA ELECTRICA<\/td><\/tr><tr><td>SL-420<\/td><td>500 kg\/h<\/td><td>150*150MM<\/td><td>2-5cm<\/td><td>11kw<\/td><\/tr><tr><td>SL-600<\/td><td>1500 kg\/h<\/td><td>180*150MM<\/td><td>2-5cm<\/td><td>18,5 kw<\/td><\/tr><tr><td>SL-800<\/td><td>3000 kg\/h<\/td><td>200*200MM<\/td><td>2-5cm<\/td><td>30kw<\/td><\/tr><tr><td>SL-950<\/td><td>4000 kg\/h<\/td><td>230*250MM<\/td><td>2-5cm<\/td><td>37kw<\/td><\/tr><tr><td>SL-1200<\/td><td>5000 kg\/h<\/td><td>330*300MM<\/td><td>2-5cm<\/td><td>55kw<\/td><\/tr><tr><td>SL-1400<\/td><td>7000-8000 kg\/h<\/td><td>400*400MM<\/td><td>2-5cm<\/td><td>90kw<\/td><\/tr><\/tbody><\/table><figcaption class=\"wp-element-caption\">El 420 y el 600 son los dos modelos de trituradoras de madera m\u00e1s populares. Se denominan seg\u00fan el di\u00e1metro del cabezal cortador. Los dispositivos 800 y m\u00e1s grandes son un est\u00e1ndar diferente. Equipamos grandes equipos con armarios de distribuci\u00f3n y cintas transportadoras.<\/figcaption><\/figure>    <figure class=\"wp-block-gallery has-nested-images columns-default is-cropped wp-block-gallery-6 is-layout-flex wp-block-gallery-is-layout-flex\"> <figure class=\"wp-block-image size-large\"><img loading=\"lazy\" decoding=\"async\" width=\"720\" height=\"540\" data-id=\"1811\" src=\"https:\/\/charcoalplant.com\/wp-content\/uploads\/2021\/11\/samll-movable-log-chipper-.jpg\" alt=\"peque\u00f1a trituradora de troncos m\u00f3vil\" class=\"wp-image-1811\" srcset=\"https:\/\/charcoalplant.com\/wp-content\/uploads\/2021\/11\/samll-movable-log-chipper-.jpg 720w, https:\/\/charcoalplant.com\/wp-content\/uploads\/2021\/11\/samll-movable-log-chipper--300x225.jpg 300w\" sizes=\"auto, (max-width: 720px) 100vw, 720px\" \/><figcaption class=\"wp-element-caption\">peque\u00f1a trituradora de troncos m\u00f3vil<\/figcaption><\/figure> <\/figure>    <h3 class=\"wp-block-heading\" id=\"diesel-wood-chipper-parameters\">Par\u00e1metros de la trituradora de madera di\u00e9sel <\/h3>    <figure class=\"wp-block-table is-style-stripes\"><table><tbody><tr><td>MODELO<\/td><td>CAPACIDAD<\/td><td>TAMA\u00d1O DE ENTRADA<\/td><td>TAMA\u00d1O DE SALIDA<\/td><td>POTENCIA DIESEL<\/td><\/tr><tr><td>SL-420<\/td><td>500 kg\/h<\/td><td>150*150MM<\/td><td>2-5cm<\/td><td>15 CV<\/td><\/tr><tr><td>SL-600<\/td><td>1500 kg\/h<\/td><td>180*150MM<\/td><td>2-5cm<\/td><td>22 CV<\/td><\/tr><tr><td>SL-800<\/td><td>3000 kg\/h<\/td><td>200*200MM<\/td><td>2-5cm<\/td><td>40 CV<\/td><\/tr><tr><td>SL-950<\/td><td>4000 kg\/h<\/td><td>230*250MM<\/td><td>2-5cm<\/td><td>60 CV<\/td><\/tr><tr><td>SL-1200<\/td><td>5000 kg\/h<\/td><td>330*300MM<\/td><td>2-5cm<\/td><td>55kw<\/td><\/tr><tr><td>SL-1400<\/td><td>7000-8000 kg\/h<\/td><td>400*400MM<\/td><td>2-5cm<\/td><td>90kw<\/td><\/tr><\/tbody><\/table><figcaption class=\"wp-element-caption\">Las astilladoras de madera con ruedas di\u00e9sel no son s\u00f3lo para uso en interiores. Es m\u00e1s adecuado para trabajos al aire libre.<\/figcaption><\/figure>    <figure class=\"wp-block-gallery has-nested-images columns-2 is-cropped wp-block-gallery-7 is-layout-flex wp-block-gallery-is-layout-flex\"> <figure class=\"wp-block-image size-large\"><img loading=\"lazy\" decoding=\"async\" width=\"720\" height=\"540\" data-id=\"729\" src=\"https:\/\/charcoalplant.com\/wp-content\/uploads\/2021\/11\/manufacturer-of-diesel-wood-chippers-1-1.jpg\" alt=\"fabricante de trituradoras de madera diesel\" class=\"wp-image-729\" srcset=\"https:\/\/charcoalplant.com\/wp-content\/uploads\/2021\/11\/manufacturer-of-diesel-wood-chippers-1-1.jpg 720w, https:\/\/charcoalplant.com\/wp-content\/uploads\/2021\/11\/manufacturer-of-diesel-wood-chippers-1-1-300x225.jpg 300w\" sizes=\"auto, (max-width: 720px) 100vw, 720px\" \/><figcaption class=\"wp-element-caption\">fabricante de trituradoras de madera diesel<\/figcaption><\/figure>    <figure class=\"wp-block-image size-large\"><img loading=\"lazy\" decoding=\"async\" width=\"720\" height=\"540\" data-id=\"845\" src=\"https:\/\/charcoalplant.com\/wp-content\/uploads\/2021\/11\/wooden-chips-1-1.jpg\" alt=\"astillas de madera\" class=\"wp-image-845\" srcset=\"https:\/\/charcoalplant.com\/wp-content\/uploads\/2021\/11\/wooden-chips-1-1.jpg 720w, https:\/\/charcoalplant.com\/wp-content\/uploads\/2021\/11\/wooden-chips-1-1-300x225.jpg 300w\" sizes=\"auto, (max-width: 720px) 100vw, 720px\" \/><figcaption class=\"wp-element-caption\">astillas de madera<\/figcaption><\/figure> <\/figure>    <h2 class=\"wp-block-heading\" id=\"h-how-to-mass-produce-wood-chips\">\u00bfC\u00f3mo producir astillas de madera de manera eficiente?<\/h2>    <p class=\"translation-block\">\u00bfC\u00f3mo elegir una m\u00e1quina para producir un gran n\u00famero de astillas de madera? Primero, puede elegir las trituradoras de astillas de madera SL-800 y modelos m\u00e1s grandes. Por un lado, el equipo a gran escala tiene una gran producci\u00f3n y, por otro lado, se puede conectar a la cinta transportadora para ahorrar tiempo y mano de obra. Segundo, puede elegir m\u00faltiples trituradoras de astillas de disco SL-600 para lograr el mismo efecto. Tercero, puede elegir una <strong><a href=\"https:\/\/charcoalplant.com\/es\/wood-wastes-recycling-machine\/drum-chipper\/\">trituradora de tambor<\/a><\/strong>. Es un equipo industrial de astillado de madera, por lo que la producci\u00f3n es muy grande.<\/p>    <figure class=\"wp-block-gallery has-nested-images columns-default is-cropped wp-block-gallery-8 is-layout-flex wp-block-gallery-is-layout-flex\"> <figure class=\"wp-block-image size-large\"><img loading=\"lazy\" decoding=\"async\" width=\"720\" height=\"540\" data-id=\"1812\" src=\"https:\/\/charcoalplant.com\/wp-content\/uploads\/2022\/01\/diesel-wood-chipper-shredder-plant-.jpg\" alt=\"Planta trituradora trituradora de madera di\u00e9sel\" class=\"wp-image-1812\" srcset=\"https:\/\/charcoalplant.com\/wp-content\/uploads\/2022\/01\/diesel-wood-chipper-shredder-plant-.jpg 720w, https:\/\/charcoalplant.com\/wp-content\/uploads\/2022\/01\/diesel-wood-chipper-shredder-plant--300x225.jpg 300w\" sizes=\"auto, (max-width: 720px) 100vw, 720px\" \/><figcaption class=\"wp-element-caption\">Planta trituradora trituradora de madera di\u00e9sel<\/figcaption><\/figure>    <figure class=\"wp-block-image size-large\"><img loading=\"lazy\" decoding=\"async\" width=\"720\" height=\"540\" data-id=\"1810\" src=\"https:\/\/charcoalplant.com\/wp-content\/uploads\/2022\/01\/electric-wood-chipper-.jpg\" alt=\"trituradora de madera el\u00e9ctrica\" class=\"wp-image-1810\" srcset=\"https:\/\/charcoalplant.com\/wp-content\/uploads\/2022\/01\/electric-wood-chipper-.jpg 720w, https:\/\/charcoalplant.com\/wp-content\/uploads\/2022\/01\/electric-wood-chipper--300x225.jpg 300w\" sizes=\"auto, (max-width: 720px) 100vw, 720px\" \/><figcaption class=\"wp-element-caption\">trituradora de madera el\u00e9ctrica<\/figcaption><\/figure> <\/figure>    <h3 class=\"wp-block-heading\" id=\"video-of-large-log-chipper\">Video de una gran trituradora de troncos.<\/h3>    <figure class=\"wp-block-embed is-type-video is-provider-youtube wp-block-embed-youtube wp-embed-aspect-16-9 wp-has-aspect-ratio\"><div class=\"wp-block-embed__wrapper\"> <iframe loading=\"lazy\" title=\"Trituradora de madera de disco el\u00e9ctrico | Astillas de bamb\u00fa en Myanmar#dieselwoodchippingequipment#coconutchip\" width=\"500\" height=\"281\" src=\"https:\/\/www.youtube.com\/embed\/UZxMlI7kX_4?feature=oembed\" frameborder=\"0\" allow=\"accelerometer; autoplay; clipboard-write; encrypted-media; gyroscope; picture-in-picture; web-share\" referrerpolicy=\"strict-origin-when-cross-origin\" allowfullscreen><\/iframe> <\/div><\/figure>    <h2 class=\"wp-block-heading\" id=\"h-application-of-branch-chips\">Aplicaci\u00f3n de chips de rama.<\/h2>    <ol class=\"wp-block-list\"> <li>Las astillas de madera pueden venderse directamente o enviarse a una f\u00e1brica de papel para su reprocesamiento. Para mejorar la calidad de las astillas de madera, debe elegir madera normal o <strong><a href=\"https:\/\/charcoalplant.com\/es\/wood-wastes-recycling-machine\/wood-peeling-machine\/\">madera descortezada<\/a><\/strong> para reducir la aparici\u00f3n de impurezas.<\/li>    <li>Puede utilizar las astillas de ramas cortadas como combustible bioenerg\u00e9tico. No se necesitan madera ni \u00e1rboles, siempre que se puedan quemar, se pueden enviar a la planta de bioenerg\u00eda.<\/li>    <li>Las astillas de madera tambi\u00e9n se pueden carbonizar para obtener carb\u00f3n vegetal en forma continua. <strong><a href=\"https:\/\/charcoalplant.com\/es\/carbonization-furnace\/rotary-carbonization-furnace\/\">horno de carbonizaci\u00f3n<\/a><\/strong>.<\/li> <\/ol>    <h2 class=\"wp-block-heading\" id=\"h-shuliy-wood-chipper-machine-advantages\">Ventajas de la m\u00e1quina trituradora de madera Shuliy<\/h2>    <p class=\"translation-block\">Nos hemos dedicado a la fabricaci\u00f3n de equipos de reciclaje de madera durante muchos a\u00f1os y tenemos <strong><a href=\"https:\/\/charcoalplant.com\/es\/news\/transaction-case-of-a-wood-chipper-for-indonesian-customer\/\">rica experiencia<\/a><\/strong>. Como su fuerte proveedor, nuestra trituradora de ramas di\u00e9sel tiene las siguientes ventajas:<\/p>    <ol class=\"wp-block-list\" type=\"1\"> <li>Estructura compacta, apariencia exquisita, accesorios sofisticados y duraderos.<\/li>    <li>Proporcionar soluciones y servicios personalizados.<\/li>    <li>Operaci\u00f3n segura y conveniente.<\/li>    <li>Amplia gama de aplicaciones y precio competitivo.<\/li>    <li>Bajo consumo, alto rendimiento.<\/li> <\/ol>    <figure class=\"wp-block-gallery has-nested-images columns-default is-cropped wp-block-gallery-9 is-layout-flex wp-block-gallery-is-layout-flex\"> <figure class=\"wp-block-image size-large\"><img loading=\"lazy\" decoding=\"async\" width=\"720\" height=\"540\" data-id=\"2043\" src=\"https:\/\/charcoalplant.com\/wp-content\/uploads\/2022\/01\/eletric-wood-chipper-for-sale.jpg\" alt=\"Se vende trituradora de madera el\u00e9ctrica\" class=\"wp-image-2043\"\/><figcaption class=\"wp-element-caption\">Se vende trituradora de madera el\u00e9ctrica<\/figcaption><\/figure>    <figure class=\"wp-block-image size-large\"><img loading=\"lazy\" decoding=\"async\" width=\"720\" height=\"540\" data-id=\"697\" src=\"https:\/\/charcoalplant.com\/wp-content\/uploads\/2021\/11\/shipment-of-wood-chips-cutting-machine-1-1.jpg\" alt=\"env\u00edo de m\u00e1quina cortadora de astillas de madera\" class=\"wp-image-697\" srcset=\"https:\/\/charcoalplant.com\/wp-content\/uploads\/2021\/11\/shipment-of-wood-chips-cutting-machine-1-1.jpg 720w, https:\/\/charcoalplant.com\/wp-content\/uploads\/2021\/11\/shipment-of-wood-chips-cutting-machine-1-1-300x225.jpg 300w\" sizes=\"auto, (max-width: 720px) 100vw, 720px\" \/><figcaption class=\"wp-element-caption\">env\u00edo de m\u00e1quina cortadora de astillas de madera<\/figcaption><\/figure> <\/figure>    <h2 class=\"wp-block-heading\">Conclusi\u00f3n <\/h2>    <p class=\"translation-block\">Las astilladoras de madera son una forma efectiva de deshacerse de ramas de \u00e1rboles, troncos y otros desechos de madera. Tambi\u00e9n se pueden usar para procesar desechos de madera de aserraderos y otras operaciones de carpinter\u00eda. Las astilladoras de madera son generalmente seguras de usar, pero es importante seguir las instrucciones del fabricante y tomar las debidas precauciones de seguridad, como usar protecci\u00f3n para los o\u00eddos y los ojos. <a href=\"https:\/\/charcoalplant.com\/es\/\">Shuliy Machinery<\/a> es una f\u00e1brica integral de m\u00e1quinas de reciclaje de madera, si est\u00e1 interesado en una m\u00e1quina astilladora de madera, contacte a nuestro experto para iniciar su proyecto lo antes posible. <\/p>","protected":false},"excerpt":{"rendered":"<p> La trituradora de troncos puede triturar bamb\u00fa, ra\u00edces, etc. Shuliy brinda servicios personalizados a los clientes. Ll\u00e1menos para obtener precios y par\u00e1metros.<\/p>","protected":false},"author":1,"featured_media":924,"parent":0,"template":"","tags":[64],"product-type":[3],"class_list":["post-580","product","type-product","status-publish","has-post-thumbnail","hentry","tag-wood-wastes-recycling-machine","product-type-wood-wastes-recycling-machine"],"_links":{"self":[{"href":"https:\/\/charcoalplant.com\/es\/wp-json\/wp\/v2\/product\/580","targetHints":{"allow":["GET"]}}],"collection":[{"href":"https:\/\/charcoalplant.com\/es\/wp-json\/wp\/v2\/product"}],"about":[{"href":"https:\/\/charcoalplant.com\/es\/wp-json\/wp\/v2\/types\/product"}],"author":[{"embeddable":true,"href":"https:\/\/charcoalplant.com\/es\/wp-json\/wp\/v2\/users\/1"}],"wp:featuredmedia":[{"embeddable":true,"href":"https:\/\/charcoalplant.com\/es\/wp-json\/wp\/v2\/media\/924"}],"wp:attachment":[{"href":"https:\/\/charcoalplant.com\/es\/wp-json\/wp\/v2\/media?parent=580"}],"wp:term":[{"taxonomy":"post_tag","embeddable":true,"href":"https:\/\/charcoalplant.com\/es\/wp-json\/wp\/v2\/tags?post=580"},{"taxonomy":"product-type","embeddable":true,"href":"https:\/\/charcoalplant.com\/es\/wp-json\/wp\/v2\/product-type?post=580"}],"curies":[{"name":"wp","href":"https:\/\/api.w.org\/{rel}","templated":true}]}}