{"id":584,"date":"2021-11-24T02:49:55","date_gmt":"2021-11-24T02:49:55","guid":{"rendered":"https:\/\/charcoalplant.com\/?p=584"},"modified":"2023-03-01T17:13:34","modified_gmt":"2023-03-01T09:13:34","slug":"wood-shaving-machine","status":"publish","type":"product","link":"https:\/\/charcoalplant.com\/es\/product\/wood-shaving-machine\/","title":{"rendered":"M\u00e1quina de afeitar para madera | Virutas de troncos para lechos de animales"},"content":{"rendered":"<div class=\"kk-star-ratings kksr-auto kksr-align-left kksr-valign-top\"     data-payload='{&quot;align&quot;:&quot;left&quot;,&quot;id&quot;:&quot;584&quot;,&quot;slug&quot;:&quot;default&quot;,&quot;valign&quot;:&quot;top&quot;,&quot;ignore&quot;:&quot;&quot;,&quot;reference&quot;:&quot;auto&quot;,&quot;class&quot;:&quot;&quot;,&quot;count&quot;:&quot;14&quot;,&quot;legendonly&quot;:&quot;&quot;,&quot;readonly&quot;:&quot;&quot;,&quot;score&quot;:&quot;4.8&quot;,&quot;starsonly&quot;:&quot;&quot;,&quot;best&quot;:&quot;5&quot;,&quot;gap&quot;:&quot;5&quot;,&quot;greet&quot;:&quot;Rate this product&quot;,&quot;legend&quot;:&quot;4.8\\\/5 - (14 votos)&quot;,&quot;size&quot;:&quot;24&quot;,&quot;title&quot;:&quot;Wood Shaving Machine | Log Shavings For Animal Bedding&quot;,&quot;width&quot;:&quot;136.7&quot;,&quot;_legend&quot;:&quot;{score}\\\/{best} - ({count} {votes})&quot;,&quot;font_factor&quot;:&quot;1.25&quot;}'>              <div class=\"kksr-stars\">      <div class=\"kksr-stars-inactive\">             <div class=\"kksr-star\" data-star=\"1\" style=\"padding-right: 5px\">               <div class=\"kksr-icon\" style=\"width: 24px; height: 24px;\"><\/div>         <\/div>             <div class=\"kksr-star\" data-star=\"2\" style=\"padding-right: 5px\">               <div class=\"kksr-icon\" style=\"width: 24px; height: 24px;\"><\/div>         <\/div>             <div class=\"kksr-star\" data-star=\"3\" style=\"padding-right: 5px\">               <div class=\"kksr-icon\" style=\"width: 24px; height: 24px;\"><\/div>         <\/div>             <div class=\"kksr-star\" data-star=\"4\" style=\"padding-right: 5px\">               <div class=\"kksr-icon\" style=\"width: 24px; height: 24px;\"><\/div>         <\/div>             <div class=\"kksr-star\" data-star=\"5\" style=\"padding-right: 5px\">               <div class=\"kksr-icon\" style=\"width: 24px; height: 24px;\"><\/div>         <\/div>     <\/div>      <div class=\"kksr-stars-active\" style=\"width: 136.7px;\">             <div class=\"kksr-star\" style=\"padding-right: 5px\">               <div class=\"kksr-icon\" style=\"width: 24px; height: 24px;\"><\/div>         <\/div>             <div class=\"kksr-star\" style=\"padding-right: 5px\">               <div class=\"kksr-icon\" style=\"width: 24px; height: 24px;\"><\/div>         <\/div>             <div class=\"kksr-star\" style=\"padding-right: 5px\">               <div class=\"kksr-icon\" style=\"width: 24px; height: 24px;\"><\/div>         <\/div>             <div class=\"kksr-star\" style=\"padding-right: 5px\">               <div class=\"kksr-icon\" style=\"width: 24px; height: 24px;\"><\/div>         <\/div>             <div class=\"kksr-star\" style=\"padding-right: 5px\">               <div class=\"kksr-icon\" style=\"width: 24px; height: 24px;\"><\/div>         <\/div>     <\/div> <\/div>                   <div class=\"kksr-legend\" style=\"font-size: 19.2px;\">             4,8\/5 - (14 votos)    <\/div>     <\/div>  <p class=\"translation-block\"><strong>La m\u00e1quina de astillas de madera<\/strong> es una m\u00e1quina que se utiliza para raspar la madera en astillas delgadas. Utiliza troncos, tablas de madera maciza y ramas como materias primas. Las astillas no solo se pueden utilizar para <strong><a href=\"https:\/\/charcoalplant.com\/es\/wood-wastes-recycling-machine\/wood-crusher-machine\/\">fabricaci\u00f3n de papel, medio de cultivo de plantas<\/a><\/strong> sino tambi\u00e9n como material para cama de animales. Como relleno de embalaje y la cama de nidos de animales como caballos, conejos, perros y pollos. La m\u00e1quina de astillas de madera Shuliy en venta es de alta calidad, est\u00e1 llena de caracter\u00edsticas y es asequible. Por lo tanto, es su proyecto de inversi\u00f3n ideal. Y esperamos sinceramente comenzar una cooperaci\u00f3n a largo plazo con usted.<\/p>    <h2 class=\"wp-block-heading\" id=\"h-raw-materials-for-wood-shaving-machine\"><strong>Materias primas para afeitadoras de madera.<\/strong><\/h2>    <p>Muchos clientes saben que la m\u00e1quina afeitadora de madera puede producir virutas a partir de troncos y ramas. De hecho, los tableros de madera maciza tambi\u00e9n se pueden utilizar directamente como materia prima para las virutas. La fabricaci\u00f3n de virutas de troncos con madera pelada da como resultado virutas m\u00e1s limpias y m\u00e1s caras.<\/p>    <figure class=\"wp-block-gallery has-nested-images columns-2 is-cropped wp-block-gallery-2 is-layout-flex wp-block-gallery-is-layout-flex\"> <figure class=\"wp-block-image size-large\"><img loading=\"lazy\" decoding=\"async\" width=\"720\" height=\"540\" data-id=\"2130\" src=\"https:\/\/charcoalplant.com\/wp-content\/uploads\/2021\/11\/wood-board.jpg\" alt=\"Tabla de madera\" class=\"wp-image-2130\"\/><figcaption class=\"wp-element-caption\">Tabla de madera<\/figcaption><\/figure>    <figure class=\"wp-block-image size-large\"><img loading=\"lazy\" decoding=\"async\" width=\"720\" height=\"540\" data-id=\"2131\" src=\"https:\/\/charcoalplant.com\/wp-content\/uploads\/2022\/01\/peeled-log.jpg\" alt=\"tronco pelado\" class=\"wp-image-2131\"\/><figcaption class=\"wp-element-caption\">tronco pelado<\/figcaption><\/figure> <\/figure>    <h2 class=\"wp-block-heading\" id=\"h-features-of-log-shaver\"><strong>Caracter\u00edsticas de la m\u00e1quina de afeitar para madera.<\/strong><\/h2>    <p>Las herramientas de afeitado siempre han existido. Aunque las herramientas de afeitar tradicionales y las m\u00e1quinas de afeitar son herramientas para hacer virutas de troncos. Pero siguen siendo muy diferentes en t\u00e9rminos de eficiencia, seguridad y calidad del afeitado. Ahora la m\u00e1quina afeitadora de troncos mejorada tiene las siguientes caracter\u00edsticas:<\/p>    <p class=\"translation-block\"><strong>1. Operaci\u00f3n simple<\/strong><\/p>    <p>En comparaci\u00f3n con las m\u00e1quinas de afeitar tradicionales y no mejoradas, esta m\u00e1quina es m\u00e1s sencilla de operar. Por lo tanto, no requiere que el operador tenga ninguna habilidad en el proceso de uso de la m\u00e1quina de afeitar.<\/p>    <figure class=\"wp-block-gallery has-nested-images columns-default is-cropped wp-block-gallery-3 is-layout-flex wp-block-gallery-is-layout-flex\"> <figure class=\"wp-block-image size-large\"><img loading=\"lazy\" decoding=\"async\" width=\"720\" height=\"540\" data-id=\"2136\" src=\"https:\/\/charcoalplant.com\/wp-content\/uploads\/2022\/01\/traditional-wood-shaver-1.jpg\" alt=\"afeitadora-de-madera-tradicional\" class=\"wp-image-2136\"\/><figcaption class=\"wp-element-caption\">afeitadora-de-madera-tradicional<\/figcaption><\/figure>    <figure class=\"wp-block-image size-large\"><img loading=\"lazy\" decoding=\"async\" width=\"720\" height=\"540\" data-id=\"2134\" src=\"https:\/\/charcoalplant.com\/wp-content\/uploads\/2022\/01\/electric-wood-shaving-machine-manufacturer.jpg\" alt=\"fabricante de m\u00e1quinas de afeitar el\u00e9ctricas para madera\" class=\"wp-image-2134\"\/><figcaption class=\"wp-element-caption\">fabricante de m\u00e1quinas de afeitar el\u00e9ctricas para madera<\/figcaption><\/figure> <\/figure>    <p class=\"translation-block\"><strong>2. Alta eficiencia<\/strong><\/p>    <p class=\"translation-block\">En realidad, funcionan de la misma manera. Ambos controlan el grosor de las virutas ajustando la distancia entre la <strong><a href=\"https:\/\/charcoalplant.com\/es\/news\/common-faults-of-wood-shaving-machines\/\">cuchilla y el deflector<\/a><\/strong>. Pero el n\u00famero de cuchillas de la trituradora de madera se puede aumentar. Por lo tanto, se puede obtener una gran cantidad de virutas de madera r\u00e1pidamente con una m\u00e1quina de virutas de madera.<\/p>    <p class=\"translation-block\"><strong>3. Seguro<\/strong><\/p>    <p>El cuerpo de la m\u00e1quina para fabricar escamas tiene una cubierta met\u00e1lica que cubre las partes cortantes. Por lo tanto, el aserr\u00edn no se salpicar\u00e1. Adem\u00e1s, los clientes est\u00e1n muy seguros durante toda la operaci\u00f3n.<\/p>    <figure class=\"wp-block-gallery has-nested-images columns-default is-cropped wp-block-gallery-4 is-layout-flex wp-block-gallery-is-layout-flex\"> <figure class=\"wp-block-image size-large\"><img loading=\"lazy\" decoding=\"async\" width=\"720\" height=\"540\" data-id=\"2137\" src=\"https:\/\/charcoalplant.com\/wp-content\/uploads\/2022\/01\/blade-2.jpg\" alt=\"cuchilla-\" class=\"wp-image-2137\"\/><figcaption class=\"wp-element-caption\">cuchilla<\/figcaption><\/figure>    <figure class=\"wp-block-image size-large\"><img loading=\"lazy\" decoding=\"async\" width=\"720\" height=\"540\" data-id=\"2138\" src=\"https:\/\/charcoalplant.com\/wp-content\/uploads\/2022\/01\/shavings-machine-show.jpg\" alt=\"show-maquina-virutas\" class=\"wp-image-2138\"\/><figcaption class=\"wp-element-caption\">show-maquina-virutas<\/figcaption><\/figure> <\/figure>    <p class=\"translation-block\"><strong>4. Diversidad de virutas<\/strong><\/p>    <p>En primer lugar, el grosor de las virutas se puede conseguir ajustando el \u00e1ngulo de la cuchilla. En segundo lugar, el tama\u00f1o de las virutas se puede lograr instalando martillos. De esta manera se puede producir una variedad de virutas adecuadas para las necesidades de m\u00faltiples campos.<\/p>    <figure class=\"wp-block-gallery has-nested-images columns-default is-cropped wp-block-gallery-5 is-layout-flex wp-block-gallery-is-layout-flex\"> <figure class=\"wp-block-image size-large\"><img loading=\"lazy\" decoding=\"async\" width=\"1024\" height=\"768\" data-id=\"2132\" src=\"https:\/\/charcoalplant.com\/wp-content\/uploads\/2022\/01\/wood-shavings.jpg\" alt=\"virutas de madera\" class=\"wp-image-2132\"\/><figcaption class=\"wp-element-caption\">virutas de madera<\/figcaption><\/figure>    <figure class=\"wp-block-image size-large\"><img loading=\"lazy\" decoding=\"async\" width=\"750\" height=\"666\" data-id=\"2139\" src=\"https:\/\/charcoalplant.com\/wp-content\/uploads\/2022\/01\/wood-shaving-machine-with-hammer.jpg\" alt=\"afeitadora de madera con martillo\" class=\"wp-image-2139\"\/><figcaption class=\"wp-element-caption\">afeitadora de madera con martillo<\/figcaption><\/figure> <\/figure>    <h2 class=\"wp-block-heading\" id=\"h-wood-shaving-machine-for-sale\"><strong>Peque\u00f1o<\/strong> <strong>Se vende maquina de afeitar para madera<\/strong><\/h2>    <p>Como fabricante reconocido en China, Shuliy Machinery recibe pedidos de clientes en Filipinas, Malasia, Indonesia, Canad\u00e1, Australia, Congo, Nigeria, Sud\u00e1n, Arabia Saudita, Estados Unidos, India, Rusia, Mongolia, Kazajst\u00e1n y otros. pa\u00edses. La m\u00e1quina afeitadora de madera que vendemos cuenta con equipos el\u00e9ctricos y di\u00e9sel para satisfacer las diferentes condiciones de producci\u00f3n de los clientes. Adem\u00e1s, tambi\u00e9n proporcionamos dispositivos m\u00f3viles adecuados para la agricultura y la silvicultura y transportadores para alimentaci\u00f3n y descarga.<\/p>    <figure class=\"wp-block-gallery has-nested-images columns-default is-cropped wp-block-gallery-6 is-layout-flex wp-block-gallery-is-layout-flex\"> <figure class=\"wp-block-image size-large\"><img loading=\"lazy\" decoding=\"async\" width=\"720\" height=\"540\" data-id=\"2140\" src=\"https:\/\/charcoalplant.com\/wp-content\/uploads\/2022\/01\/shippment.jpg\" alt=\"env\u00edo\" class=\"wp-image-2140\"\/><figcaption class=\"wp-element-caption\">env\u00edo<\/figcaption><\/figure> <\/figure>    <p>Brindamos servicios de personalizaci\u00f3n de equipos. Y as\u00ed puedes dejarnos un mensaje o llamarnos para consultarnos sobre la m\u00e1quina afeitadora de madera y los accesorios que necesitas.<\/p>    <h2 class=\"wp-block-heading\" id=\"h-log-sawdust-for-animal-bedding-specification\"><strong>La mejor especificaci\u00f3n de m\u00e1quina de afeitar de madera comercial<\/strong><\/h2>    <p>Las astilladoras de madera SL-WS420, SL-WS600 y SL-WS800 son nuestros tres modelos m\u00e1s populares. Y para satisfacer las necesidades de equipos a gran escala, proporcionaremos a los clientes cintas transportadoras y gabinetes de control. Si necesita informaci\u00f3n sobre equipos a gran escala, cont\u00e1ctenos ahora. Obtendr\u00e1 im\u00e1genes de productos, precios y videos.<\/p>    <figure class=\"wp-block-table is-style-stripes\"><table><tbody><tr><td>MODELO<\/td><td>CAPACIDAD<\/td><td>TAMA\u00d1O DE ENTRADA<\/td><td>FUERZA<\/td><\/tr><tr><td>SL-WS420<\/td><td>300 kg\/h<\/td><td>6cm<\/td><td>7,5 kw<\/td><\/tr><tr><td>SL-WS600<\/td><td>500 kg\/h<\/td><td>12cm<\/td><td>15kW<\/td><\/tr><tr><td>SL-WS800<\/td><td>1000 kg\/h<\/td><td>16cm<\/td><td>30kw<\/td><\/tr><tr><td>SL-WS1000<\/td><td>1500 kg\/h<\/td><td>20 cent\u00edmetros<\/td><td>55kw<\/td><\/tr><tr><td>SL-WS1200<\/td><td>2000 kg\/h<\/td><td>24cm<\/td><td>55kw<\/td><\/tr><tr><td>SL-WS1500<\/td><td>2500 kg\/h<\/td><td>32cm<\/td><td>75kw<\/td><\/tr><\/tbody><\/table><\/figure>    <h2 class=\"wp-block-heading\" id=\"video-of-wood-shavings-making-machine\"><strong>V\u00eddeo de la m\u00e1quina para fabricar virutas de madera.<\/strong><\/h2>    <p>El proceso de elaboraci\u00f3n de las virutas es muy descompresivo. Porque no produce mucho polvo. El siguiente es el video relevante filmado por nuestra f\u00e1brica, bienvenido a verlo.<\/p>    <figure class=\"wp-block-embed is-type-video is-provider-youtube wp-block-embed-youtube wp-embed-aspect-16-9 wp-has-aspect-ratio\"><div class=\"wp-block-embed__wrapper\"> <iframe loading=\"lazy\" title=\"M\u00e1quina para fabricar virutas de madera | Virutas para Camas de Animales1TP5Virutas de Madera 1TP5Ropa de Cama para Caballos\" width=\"500\" height=\"281\" src=\"https:\/\/www.youtube.com\/embed\/kjd66dyTixY?feature=oembed\" frameborder=\"0\" allow=\"accelerometer; autoplay; clipboard-write; encrypted-media; gyroscope; picture-in-picture; web-share\" referrerpolicy=\"strict-origin-when-cross-origin\" allowfullscreen><\/iframe> <\/div><\/figure>    <h2 class=\"wp-block-heading\" id=\"h-how-much-is-an-animal-bedding-shaving-machine\"><strong>\u00bfCu\u00e1nto cuesta una m\u00e1quina de afeitar para madera?<\/strong><\/h2>    <p>Los diferentes fabricantes de m\u00e1quinas peladoras de madera ofrecer\u00e1n precios diferentes. Podemos garantizarle precios competitivos y al mismo tiempo garantizar la calidad del producto de alta gama y un buen servicio. Los precios de los productos tambi\u00e9n se ven afectados por condiciones como los m\u00e9todos de transporte, las especificaciones de la m\u00e1quina y las piezas de repuesto. Si desea conocer el precio espec\u00edfico, comun\u00edquese con nosotros de inmediato y obtendr\u00e1 la lista de precios m\u00e1s reciente de las m\u00e1quinas afeitadoras de madera.<\/p>    <figure class=\"wp-block-gallery has-nested-images columns-default is-cropped wp-block-gallery-7 is-layout-flex wp-block-gallery-is-layout-flex\"> <figure class=\"wp-block-image size-large\"><img loading=\"lazy\" decoding=\"async\" width=\"720\" height=\"540\" data-id=\"2141\" src=\"https:\/\/charcoalplant.com\/wp-content\/uploads\/2022\/01\/large-sawdust-machine-show.jpg\" alt=\"gran-exposici\u00f3n-de-m\u00e1quinas-de-aserr\u00edn\" class=\"wp-image-2141\"\/><figcaption class=\"wp-element-caption\">gran-exposici\u00f3n-de-m\u00e1quinas-de-aserr\u00edn<\/figcaption><\/figure>    <figure class=\"wp-block-image size-large\"><img loading=\"lazy\" decoding=\"async\" width=\"720\" height=\"540\" data-id=\"2142\" src=\"https:\/\/charcoalplant.com\/wp-content\/uploads\/2022\/01\/wood-shaver-chipper-for-sale.jpg\" alt=\"trituradora-de-madera-en-venta\" class=\"wp-image-2142\"\/><figcaption class=\"wp-element-caption\">trituradora-de-madera-en-venta<\/figcaption><\/figure> <\/figure>    <h2 class=\"wp-block-heading\" id=\"h-what-is-a-good-use-for-wood-shavings\"><strong>\u00bfCu\u00e1l es un buen uso para las virutas de madera?<\/strong><strong><\/strong><\/h2>    <p>Las caracter\u00edsticas originales de las virutas de madera las hacen muy \u00fatiles y muy pr\u00e1cticas. Echemos un vistazo a sus aplicaciones espec\u00edficas.<\/p>    <p class=\"translation-block\"><strong>1. Relleno de embalaje<\/strong><strong><\/strong><\/p>    <p>Las virutas de madera son suaves y respetuosas con el medio ambiente, lo que resulta muy adecuado para envasar y rellenar productos fr\u00e1giles. Tambi\u00e9n existen en el mercado materiales de relleno como pl\u00e1stico y espuma, pero en realidad las virutas de madera son las m\u00e1s populares. No s\u00f3lo es econ\u00f3mico y respetuoso con el medio ambiente, sino que tambi\u00e9n elimina la humedad y lo mantiene fresco. Es de muy alta gama.<\/p>    <figure class=\"wp-block-gallery has-nested-images columns-default is-cropped wp-block-gallery-8 is-layout-flex wp-block-gallery-is-layout-flex\"> <figure class=\"wp-block-image size-large\"><img loading=\"lazy\" decoding=\"async\" width=\"720\" height=\"540\" data-id=\"748\" src=\"https:\/\/charcoalplant.com\/wp-content\/uploads\/2021\/11\/Stuffing-and-packaging-1.jpg\" alt=\"Relleno y embalaje\" class=\"wp-image-748\" srcset=\"https:\/\/charcoalplant.com\/wp-content\/uploads\/2021\/11\/Stuffing-and-packaging-1.jpg 720w, https:\/\/charcoalplant.com\/wp-content\/uploads\/2021\/11\/Stuffing-and-packaging-1-300x225.jpg 300w\" sizes=\"auto, (max-width: 720px) 100vw, 720px\" \/><figcaption class=\"wp-element-caption\">Relleno y embalaje<\/figcaption><\/figure>    <figure class=\"wp-block-image size-large\"><img loading=\"lazy\" decoding=\"async\" width=\"720\" height=\"540\" data-id=\"2145\" src=\"https:\/\/charcoalplant.com\/wp-content\/uploads\/2022\/01\/flake-1.jpg\" alt=\"escama\" class=\"wp-image-2145\"\/><figcaption class=\"wp-element-caption\">escama<\/figcaption><\/figure> <\/figure>    <p class=\"translation-block\"><strong>2. Cama para animales<\/strong><strong><\/strong><\/p>    <p>El nido peque\u00f1o de h\u00e1mster m\u00e1s com\u00fan tiene muchas astillas de madera. De hecho, es muy \u00fatil. En primer lugar, mant\u00e9ngase abrigado. Todos sabemos que los h\u00e1msters tienen miedo al fr\u00edo, por lo que colocar algunas virutas en el nido puede mantenerlos calientes. En segundo lugar, deshumidificaci\u00f3n y desodorizaci\u00f3n. El h\u00e1mster defecar\u00e1 por todas partes y no es f\u00e1cil de limpiar. En este momento, simplemente limpie los contaminados y rellene algunos nuevos. En tercer lugar, la seguridad y la salud. El aserr\u00edn se elabora originalmente a partir de \u00e1rboles. Los animales anhelan la naturaleza y este diario tambi\u00e9n lo refleja.<\/p>    <figure class=\"wp-block-gallery has-nested-images columns-default is-cropped wp-block-gallery-9 is-layout-flex wp-block-gallery-is-layout-flex\"> <figure class=\"wp-block-image size-large\"><img loading=\"lazy\" decoding=\"async\" width=\"720\" height=\"540\" data-id=\"739\" src=\"https:\/\/charcoalplant.com\/wp-content\/uploads\/2021\/11\/shaver-for-hamsters-bedding-1.jpg\" alt=\"afeitadora-para-hamsters-ropa de cama\" class=\"wp-image-739\" srcset=\"https:\/\/charcoalplant.com\/wp-content\/uploads\/2021\/11\/shaver-for-hamsters-bedding-1.jpg 720w, https:\/\/charcoalplant.com\/wp-content\/uploads\/2021\/11\/shaver-for-hamsters-bedding-1-300x225.jpg 300w\" sizes=\"auto, (max-width: 720px) 100vw, 720px\" \/><figcaption class=\"wp-element-caption\">afeitadora-para-hamsters-ropa de cama<\/figcaption><\/figure>    <figure class=\"wp-block-image size-large\"><img loading=\"lazy\" decoding=\"async\" width=\"720\" height=\"540\" data-id=\"740\" src=\"https:\/\/charcoalplant.com\/wp-content\/uploads\/2021\/11\/shaver-for-chicken-bedding-1.jpg\" alt=\"afeitadora para cama de pollo\" class=\"wp-image-740\" srcset=\"https:\/\/charcoalplant.com\/wp-content\/uploads\/2021\/11\/shaver-for-chicken-bedding-1.jpg 720w, https:\/\/charcoalplant.com\/wp-content\/uploads\/2021\/11\/shaver-for-chicken-bedding-1-300x225.jpg 300w\" sizes=\"auto, (max-width: 720px) 100vw, 720px\" \/><figcaption class=\"wp-element-caption\">afeitadora para cama de pollo<\/figcaption><\/figure> <\/figure>    <p class=\"translation-block\"><strong>3. Medio de cultivo de plantas<\/strong><strong><\/strong><\/p>    <p>Encontraremos astillas de madera en las macetas peque\u00f1as. Desempe\u00f1a un papel en la retenci\u00f3n de agua y mejora la suavidad del suelo.<\/p>    <figure class=\"wp-block-gallery has-nested-images columns-default is-cropped wp-block-gallery-10 is-layout-flex wp-block-gallery-is-layout-flex\"> <figure class=\"wp-block-image size-large\"><img loading=\"lazy\" decoding=\"async\" width=\"756\" height=\"228\" data-id=\"2143\" src=\"https:\/\/charcoalplant.com\/wp-content\/uploads\/2022\/01\/medium.jpg\" alt=\"medio\" class=\"wp-image-2143\"\/><figcaption class=\"wp-element-caption\">medio<\/figcaption><\/figure> <\/figure>    <h2 class=\"wp-block-heading\">Beneficios de usar una m\u00e1quina de afeitar para madera<\/h2>    <ul class=\"wp-block-list\"> <li><strong>Mayor velocidad y eficiencia:<\/strong> Las m\u00e1quinas de afeitar para madera pueden producir un gran volumen de virutas en poco tiempo, lo que las hace eficientes para quienes necesitan procesar mucha madera con regularidad.<\/li>    <li><strong>Mayor precisi\u00f3n:<\/strong> Las m\u00e1quinas de afeitar para madera son m\u00e1s precisas que las afeitadoras de madera port\u00e1tiles, lo que las hace buenas para cortes o formas precisas.<\/li>    <li><strong>M\u00e1s f\u00e1cil de usar:<\/strong> Las m\u00e1quinas de afeitar para madera son generalmente m\u00e1s f\u00e1ciles de usar que las afeitadoras de madera port\u00e1tiles, lo que las convierte en una buena opci\u00f3n para quienes son nuevos en el trabajo de la madera o tienen poca experiencia con herramientas manuales.<\/li> <\/ul>","protected":false},"excerpt":{"rendered":"<p>La m\u00e1quina afeitadora de madera es una herramienta importante para fabricar virutas de camas para animales, materiales de relleno para productos fr\u00e1giles y medios de cultivo de plantas.<\/p>","protected":false},"author":1,"featured_media":2133,"parent":0,"template":"","tags":[64],"product-type":[3],"class_list":["post-584","product","type-product","status-publish","has-post-thumbnail","hentry","tag-wood-wastes-recycling-machine","product-type-wood-wastes-recycling-machine"],"_links":{"self":[{"href":"https:\/\/charcoalplant.com\/es\/wp-json\/wp\/v2\/product\/584","targetHints":{"allow":["GET"]}}],"collection":[{"href":"https:\/\/charcoalplant.com\/es\/wp-json\/wp\/v2\/product"}],"about":[{"href":"https:\/\/charcoalplant.com\/es\/wp-json\/wp\/v2\/types\/product"}],"author":[{"embeddable":true,"href":"https:\/\/charcoalplant.com\/es\/wp-json\/wp\/v2\/users\/1"}],"wp:featuredmedia":[{"embeddable":true,"href":"https:\/\/charcoalplant.com\/es\/wp-json\/wp\/v2\/media\/2133"}],"wp:attachment":[{"href":"https:\/\/charcoalplant.com\/es\/wp-json\/wp\/v2\/media?parent=584"}],"wp:term":[{"taxonomy":"post_tag","embeddable":true,"href":"https:\/\/charcoalplant.com\/es\/wp-json\/wp\/v2\/tags?post=584"},{"taxonomy":"product-type","embeddable":true,"href":"https:\/\/charcoalplant.com\/es\/wp-json\/wp\/v2\/product-type?post=584"}],"curies":[{"name":"wp","href":"https:\/\/api.w.org\/{rel}","templated":true}]}}