{"id":589,"date":"2021-11-24T02:51:39","date_gmt":"2021-11-24T02:51:39","guid":{"rendered":"https:\/\/charcoalplant.com\/?p=589"},"modified":"2022-06-10T02:17:47","modified_gmt":"2022-06-10T02:17:47","slug":"hammer-mill","status":"publish","type":"product","link":"https:\/\/charcoalplant.com\/es\/product\/hammer-mill\/","title":{"rendered":"Molino de martillos | Molinillo de residuos de madera"},"content":{"rendered":"<div class=\"kk-star-ratings kksr-auto kksr-align-left kksr-valign-top\"     data-payload='{&quot;align&quot;:&quot;left&quot;,&quot;id&quot;:&quot;589&quot;,&quot;slug&quot;:&quot;default&quot;,&quot;valign&quot;:&quot;top&quot;,&quot;ignore&quot;:&quot;&quot;,&quot;reference&quot;:&quot;auto&quot;,&quot;class&quot;:&quot;&quot;,&quot;count&quot;:&quot;21&quot;,&quot;legendonly&quot;:&quot;&quot;,&quot;readonly&quot;:&quot;&quot;,&quot;score&quot;:&quot;4.6&quot;,&quot;starsonly&quot;:&quot;&quot;,&quot;best&quot;:&quot;5&quot;,&quot;gap&quot;:&quot;5&quot;,&quot;greet&quot;:&quot;Rate this product&quot;,&quot;legend&quot;:&quot;4.6\\\/5 - (21 votos)&quot;,&quot;size&quot;:&quot;24&quot;,&quot;title&quot;:&quot;Hammer Mill | Wood Wastes Grinder&quot;,&quot;width&quot;:&quot;130.9&quot;,&quot;_legend&quot;:&quot;{score}\\\/{best} - ({count} {votes})&quot;,&quot;font_factor&quot;:&quot;1.25&quot;}'>              <div class=\"kksr-stars\">      <div class=\"kksr-stars-inactive\">             <div class=\"kksr-star\" data-star=\"1\" style=\"padding-right: 5px\">               <div class=\"kksr-icon\" style=\"width: 24px; height: 24px;\"><\/div>         <\/div>             <div class=\"kksr-star\" data-star=\"2\" style=\"padding-right: 5px\">               <div class=\"kksr-icon\" style=\"width: 24px; height: 24px;\"><\/div>         <\/div>             <div class=\"kksr-star\" data-star=\"3\" style=\"padding-right: 5px\">               <div class=\"kksr-icon\" style=\"width: 24px; height: 24px;\"><\/div>         <\/div>             <div class=\"kksr-star\" data-star=\"4\" style=\"padding-right: 5px\">               <div class=\"kksr-icon\" style=\"width: 24px; height: 24px;\"><\/div>         <\/div>             <div class=\"kksr-star\" data-star=\"5\" style=\"padding-right: 5px\">               <div class=\"kksr-icon\" style=\"width: 24px; height: 24px;\"><\/div>         <\/div>     <\/div>      <div class=\"kksr-stars-active\" style=\"width: 130.9px;\">             <div class=\"kksr-star\" style=\"padding-right: 5px\">               <div class=\"kksr-icon\" style=\"width: 24px; height: 24px;\"><\/div>         <\/div>             <div class=\"kksr-star\" style=\"padding-right: 5px\">               <div class=\"kksr-icon\" style=\"width: 24px; height: 24px;\"><\/div>         <\/div>             <div class=\"kksr-star\" style=\"padding-right: 5px\">               <div class=\"kksr-icon\" style=\"width: 24px; height: 24px;\"><\/div>         <\/div>             <div class=\"kksr-star\" style=\"padding-right: 5px\">               <div class=\"kksr-icon\" style=\"width: 24px; height: 24px;\"><\/div>         <\/div>             <div class=\"kksr-star\" style=\"padding-right: 5px\">               <div class=\"kksr-icon\" style=\"width: 24px; height: 24px;\"><\/div>         <\/div>     <\/div> <\/div>                   <div class=\"kksr-legend\" style=\"font-size: 19.2px;\">             4,6\/5 - (21 votos)    <\/div>     <\/div>  <p class=\"translation-block\"><strong>El molino de martillos<\/strong> es una versi\u00f3n mejorada del <strong><a href=\"https:\/\/charcoalplant.com\/es\/wood-crusher-machine\/\">triturador de madera<\/a><\/strong>. Porque puede procesar las materias primas de manera muy delicada. M\u00e1s importante a\u00fan, puede manejar una amplia gama de materias primas. Como papel, c\u00e1scaras de coco, ramitas, materiales medicinales, pl\u00e1sticos, etc. Por lo tanto, es una m\u00e1quina imprescindible en algunas l\u00edneas de producci\u00f3n de reciclaje. Al mismo tiempo, tambi\u00e9n es uno de los proyectos m\u00e1s rentables. Shuliy <strong><a href=\"https:\/\/charcoalplant.com\/es\/info\/complete-set-of-animal-feed-making-machines-exported-to-saudi-arabia\/\">m\u00e1quina de molino de martillos<\/a><\/strong> tiene las caracter\u00edsticas de alta calidad, buen rendimiento, alta eficiencia y ahorro de energ\u00eda, y una amplia gama de aplicaciones. Comienza tu negocio ahora y te daremos un gran descuento.<\/p>    <h2 class=\"wp-block-heading\" id=\"h-raw-materials-for-hammer-mill\"><strong>Materias primas para molino de martillos.<\/strong><\/h2>    <p>Los molinos de martillos comerciales se utilizan m\u00e1s ampliamente que las trituradoras de madera comunes, con mayor rendimiento y m\u00e1s tipos de productos terminados. Las materias primas que puede manejar se pueden dividir en las siguientes categor\u00edas. <\/p>    <ul class=\"wp-block-list\"><li>Materiales de madera: troncos, astillas de madera, tableros de madera, ramas, bamb\u00fa, \u00e1lamo, \u00e1rboles frutales, etc. <\/li><li>Granos: ma\u00edz, trigo, sorgo, trigo sarraceno, soja, etc. <\/li><li>Carb\u00f3n: carb\u00f3n crudo, carb\u00f3n de bamb\u00fa, carb\u00f3n de frutas, carb\u00f3n de c\u00e1scara de coco, etc. <\/li><li>Fibras: paja de arroz, paja, paja de trigo, paja de algod\u00f3n y c\u00e1\u00f1amo, etc. <\/li><li>Otros: cajas de cart\u00f3n, c\u00e1scaras de coco, hierbas medicinales chinas, forrajes, etc.  <\/li><\/ul>    <figure class=\"wp-block-gallery has-nested-images columns-4 is-cropped wp-block-gallery-2 is-layout-flex wp-block-gallery-is-layout-flex\"> <figure class=\"wp-block-image size-large\"><img loading=\"lazy\" decoding=\"async\" width=\"720\" height=\"540\" data-id=\"2063\" src=\"https:\/\/charcoalplant.com\/wp-content\/uploads\/2021\/11\/bamboo.jpg\" alt=\"bamb\u00fa\" class=\"wp-image-2063\"\/><figcaption>bamb\u00fa<\/figcaption><\/figure>    <figure class=\"wp-block-image size-large\"><img loading=\"lazy\" decoding=\"async\" width=\"720\" height=\"540\" data-id=\"2064\" src=\"https:\/\/charcoalplant.com\/wp-content\/uploads\/2021\/11\/Chinese-herbal-medicine.jpg\" alt=\"medicina herbaria china\" class=\"wp-image-2064\"\/><figcaption>medicina herbaria china<\/figcaption><\/figure>    <figure class=\"wp-block-image size-large\"><img loading=\"lazy\" decoding=\"async\" width=\"720\" height=\"540\" data-id=\"2066\" src=\"https:\/\/charcoalplant.com\/wp-content\/uploads\/2021\/11\/wastes-wood-chips.jpg\" alt=\"residuos de astillas de madera\" class=\"wp-image-2066\"\/><figcaption>residuos de astillas de madera<\/figcaption><\/figure>    <figure class=\"wp-block-image size-large\"><img loading=\"lazy\" decoding=\"async\" width=\"720\" height=\"540\" data-id=\"2087\" src=\"https:\/\/charcoalplant.com\/wp-content\/uploads\/2022\/01\/carton-box.jpg\" alt=\"caja de carton\" class=\"wp-image-2087\"\/><figcaption>caja de carton<\/figcaption><\/figure>    <figure class=\"wp-block-image size-large\"><img loading=\"lazy\" decoding=\"async\" width=\"720\" height=\"540\" data-id=\"2088\" src=\"https:\/\/charcoalplant.com\/wp-content\/uploads\/2022\/01\/charcoal.jpg\" alt=\"carb\u00f3n\" class=\"wp-image-2088\"\/><figcaption>carb\u00f3n<\/figcaption><\/figure>    <figure class=\"wp-block-image size-large\"><img loading=\"lazy\" decoding=\"async\" width=\"720\" height=\"540\" data-id=\"2089\" src=\"https:\/\/charcoalplant.com\/wp-content\/uploads\/2022\/01\/coconut-shell.jpg\" alt=\"cascara de coco\" class=\"wp-image-2089\"\/><figcaption>cascara de coco<\/figcaption><\/figure>    <figure class=\"wp-block-image size-large\"><img loading=\"lazy\" decoding=\"async\" width=\"720\" height=\"540\" data-id=\"2090\" src=\"https:\/\/charcoalplant.com\/wp-content\/uploads\/2022\/01\/corn-and-bean.jpg\" alt=\"ma\u00edz y frijol\" class=\"wp-image-2090\"\/><figcaption>ma\u00edz y frijol<\/figcaption><\/figure> <\/figure>    <h2 class=\"wp-block-heading\" id=\"h-operating-principle-of-wood-wastes-grinder\"><strong>Principio de funcionamiento de la trituradora de residuos de madera. <\/strong><\/h2>    <p>El principio de funcionamiento principal del molino de martillos es que el rotor giratorio de alta velocidad impulsa el martillo del eje principal para que gire a alta velocidad. Una vez que la materia prima pase por el martillo, ser\u00e1 triturada inmediatamente. Por tanto, es un dispositivo triturador que funciona de forma sostenible.<\/p>    <figure class=\"wp-block-gallery has-nested-images columns-default is-cropped wp-block-gallery-3 is-layout-flex wp-block-gallery-is-layout-flex\"> <figure class=\"wp-block-image size-large\"><img loading=\"lazy\" decoding=\"async\" width=\"720\" height=\"540\" data-id=\"2068\" src=\"https:\/\/charcoalplant.com\/wp-content\/uploads\/2022\/01\/HM1300-wood-crusher.jpg\" alt=\"HM1300-trituradora-de-madera\" class=\"wp-image-2068\"\/><figcaption>HM1300-trituradora-de-madera<\/figcaption><\/figure>    <figure class=\"wp-block-image size-large\"><img loading=\"lazy\" decoding=\"async\" width=\"720\" height=\"540\" data-id=\"2069\" src=\"https:\/\/charcoalplant.com\/wp-content\/uploads\/2022\/01\/large-campcity-hammer-mill.jpg\" alt=\"molino-de-martillos-gran-campamento\" class=\"wp-image-2069\"\/><figcaption>molino-de-martillos-gran-campamento<\/figcaption><\/figure> <\/figure>    <h2 class=\"wp-block-heading\" id=\"video-of-hammer-crusher-crushing\"><strong>Video<\/strong> <strong>de<\/strong> <strong>trituradora de martillo <\/strong><\/h2>    <p>Hammermill tiene una poderosa fuerza aplastante. Por lo tanto, puede procesar a\u00fan m\u00e1s la trituradora de madera y la trituradora de madera terminadas. A trav\u00e9s del v\u00eddeo se puede ver claramente las ventajas de su alta eficiencia y f\u00e1cil funcionamiento.<\/p>    <figure class=\"wp-block-embed is-type-video is-provider-youtube wp-block-embed-youtube wp-embed-aspect-16-9 wp-has-aspect-ratio\"><div class=\"wp-block-embed__wrapper\"> <iframe loading=\"lazy\" title=\"Molino de martillos de c\u00e1scara de coco de venta caliente | Trituradora de paja para f\u00e1brica de piensos #biomasa#carb\u00f3ncrushing\" width=\"500\" height=\"281\" src=\"https:\/\/www.youtube.com\/embed\/Jvb6txakGeQ?feature=oembed\" frameborder=\"0\" allow=\"accelerometer; autoplay; clipboard-write; encrypted-media; gyroscope; picture-in-picture; web-share\" referrerpolicy=\"strict-origin-when-cross-origin\" allowfullscreen><\/iframe> <\/div><\/figure>    <h2 class=\"wp-block-heading\" id=\"h-composition-of-hammer-mill\"><strong>Composici\u00f3n del molino de martillos.<\/strong><\/h2>    <p>El molino de martillos para madera es una m\u00e1quina trituradora de alta velocidad. Incluye principalmente accesorios como juntas, martillos, ventiladores de tiro inducido y rejillas.<\/p>    <h3 class=\"wp-block-heading\" id=\"screen-and-hammer\"><strong>Pantalla y martillo<\/strong><strong><\/strong><\/h3>    <p>El n\u00famero de martillos del triturador de residuos de madera determina la cantidad de alimento, es decir, el tama\u00f1o del modelo. El di\u00e1metro de la malla de la criba determina la finura del material final. <\/p>    <figure class=\"wp-block-gallery has-nested-images columns-default is-cropped wp-block-gallery-4 is-layout-flex wp-block-gallery-is-layout-flex\"> <figure class=\"wp-block-image size-large\"><img loading=\"lazy\" decoding=\"async\" width=\"720\" height=\"540\" data-id=\"754\" src=\"https:\/\/charcoalplant.com\/wp-content\/uploads\/2021\/11\/hammer-and-screen-1.jpg\" alt=\"martillo y pantalla\" class=\"wp-image-754\" srcset=\"https:\/\/charcoalplant.com\/wp-content\/uploads\/2021\/11\/hammer-and-screen-1.jpg 720w, https:\/\/charcoalplant.com\/wp-content\/uploads\/2021\/11\/hammer-and-screen-1-300x225.jpg 300w\" sizes=\"auto, (max-width: 720px) 100vw, 720px\" \/><figcaption>martillo y pantalla<\/figcaption><\/figure>    <figure class=\"wp-block-image size-large\"><img loading=\"lazy\" decoding=\"async\" width=\"720\" height=\"540\" data-id=\"755\" src=\"https:\/\/charcoalplant.com\/wp-content\/uploads\/2021\/11\/Various-screens-1.jpg\" alt=\"varias pantallas\" class=\"wp-image-755\" srcset=\"https:\/\/charcoalplant.com\/wp-content\/uploads\/2021\/11\/Various-screens-1.jpg 720w, https:\/\/charcoalplant.com\/wp-content\/uploads\/2021\/11\/Various-screens-1-300x225.jpg 300w\" sizes=\"auto, (max-width: 720px) 100vw, 720px\" \/><figcaption>varias pantallas<\/figcaption><\/figure> <figcaption class=\"blocks-gallery-caption\">El n\u00famero de martillos est\u00e1 relacionado con el modelo de la m\u00e1quina. El tama\u00f1o de la pantalla tambi\u00e9n es variado. Por tanto, todos ellos son personalizables seg\u00fan las necesidades del cliente.<\/figcaption><\/figure>    <h3 class=\"wp-block-heading\" id=\"discharging-device\"><strong>Dispositivo de descarga<\/strong><\/h3>    <p>El molino de martillos tiene dos tipos de dispositivos de descarga: descarga de tornillo y descarga Shaclon. Y la combinaci\u00f3n de los dos puede mejorar la calidad del resultado.<\/p>    <figure class=\"wp-block-gallery has-nested-images columns-default is-cropped wp-block-gallery-5 is-layout-flex wp-block-gallery-is-layout-flex\"> <figure class=\"wp-block-image size-large\"><img loading=\"lazy\" decoding=\"async\" width=\"720\" height=\"540\" data-id=\"2070\" src=\"https:\/\/charcoalplant.com\/wp-content\/uploads\/2022\/01\/hammer-milling-machine-plant.jpg\" alt=\"planta-fresadora-de-martillos\" class=\"wp-image-2070\"\/><figcaption>planta-fresadora-de-martillos<\/figcaption><\/figure> <figcaption class=\"blocks-gallery-caption\">El colector de polvo est\u00e1 equipado con un reductor para reducir la velocidad de corte. Y puede equiparse con algunos dispositivos de eliminaci\u00f3n de polvo para reducir la composici\u00f3n del polvo del producto terminado. Y garantizar un entorno de trabajo limpio.<\/figcaption><\/figure>    <h2 class=\"wp-block-heading\" id=\"finished-product-of-various-sizes\"><strong>Producto terminado de varios tama\u00f1os.<\/strong><\/h2>    <p>Los molinos de martillos pueden producir diferentes tama\u00f1os de finura. Generalmente, el molino de martillos puede alimentar el polvo y luego descargarlo, lo que puede producirse continuamente en grandes cantidades. La madera se procesa m\u00e1s com\u00fanmente hasta un tama\u00f1o de aserr\u00edn de 3 mm. Tambi\u00e9n hay astillas de madera procesadas de 6 a 8 mm para su reprocesamiento y venta. Y el carb\u00f3n vegetal generalmente se procesa hasta obtener un polvo de carb\u00f3n de 3 mm.<\/p>    <figure class=\"wp-block-gallery has-nested-images columns-default is-cropped wp-block-gallery-6 is-layout-flex wp-block-gallery-is-layout-flex\"> <figure class=\"wp-block-image size-large\"><img loading=\"lazy\" decoding=\"async\" width=\"720\" height=\"540\" data-id=\"2075\" src=\"https:\/\/charcoalplant.com\/wp-content\/uploads\/2022\/01\/Finished-products-of-different-fineness.jpg\" alt=\"Productos-terminados-de-diferente-finura\" class=\"wp-image-2075\"\/><figcaption>Productos-terminados-de-diferente-finura<\/figcaption><\/figure> <\/figure>    <h2 class=\"wp-block-heading\" id=\"application-of-industrial-hammer-milling-machine\"><strong>Aplicaci\u00f3n de la fresadora de martillos industrial. <\/strong><\/h2>    <ol class=\"wp-block-list\"><li>L\u00ednea de producci\u00f3n de carb\u00f3n<br>Los molinos de martillos se utilizan ampliamente en <strong><a href=\"https:\/\/charcoalplant.com\/es\/charcoal-making-machine-3\/\">l\u00edneas de producci\u00f3n de carb\u00f3n<\/a><\/strong>. Proporcionar materias primas para la producci\u00f3n de <strong><a href=\"https:\/\/charcoalplant.com\/es\/biomass-briquette-machine\/sawdust-briquette-machine\/\">briquetas de biomasa<\/a><\/strong>. Tambi\u00e9n puede triturar carb\u00f3n directamente para producir briquetas de carb\u00f3n.<\/li><li><strong><a href=\"https:\/\/charcoalplant.com\/es\/info\/hammermill-for-animal-feed-factory\/\">Alimentaci\u00f3n animal<\/a><\/strong><br>Martilla el forraje y el grano hasta convertirlo en polvo. Para que los clientes puedan utilizar estos materiales como alimento.<\/li><li>Nutrientes<br>El aserr\u00edn se utiliza como fertilizante del suelo para aumentar la fertilidad del suelo. Adem\u00e1s, tambi\u00e9n se puede utilizar como medio para cultivar hongos.<\/li><li>fabricaci\u00f3n de papel<br>Una vez que la trituradora de madera tritura el papel, se puede reutilizar para fabricar papel.<\/li><\/ol>    <figure class=\"wp-block-gallery has-nested-images columns-default is-cropped wp-block-gallery-7 is-layout-flex wp-block-gallery-is-layout-flex\"> <figure class=\"wp-block-image size-large\"><img loading=\"lazy\" decoding=\"async\" width=\"720\" height=\"540\" data-id=\"2076\" src=\"https:\/\/charcoalplant.com\/wp-content\/uploads\/2022\/01\/hammer-crusher-plant.jpg\" alt=\"planta trituradora de martillos\" class=\"wp-image-2076\"\/><figcaption>planta trituradora de martillos<\/figcaption><\/figure>    <figure class=\"wp-block-image size-large\"><img loading=\"lazy\" decoding=\"async\" width=\"720\" height=\"540\" data-id=\"2078\" src=\"https:\/\/charcoalplant.com\/wp-content\/uploads\/2022\/01\/wood-crusher-production-line.jpg\" alt=\"l\u00ednea-de-producci\u00f3n-de-trituradora-de-madera\" class=\"wp-image-2078\"\/><figcaption>l\u00ednea-de-producci\u00f3n-de-trituradora-de-madera<\/figcaption><\/figure> <\/figure>    <h2 class=\"wp-block-heading\" id=\"h-wood-waste-grinder-for-sale\"><strong>Vendo trituradora de residuos de madera<\/strong><\/h2>    <p>Shuliy Machinery Equipment Co., Ltd. es el principal fabricante de equipos de reciclaje de madera en China. Vendemos trituradoras de desechos de madera el\u00e9ctricas, trituradoras de martillos di\u00e9sel y trituradoras de desechos de madera h\u00edbridas di\u00e9sel el\u00e9ctricas. Esta trituradora de martillos es vers\u00e1til y puede manejar diferentes materias primas. Para que puedas elegir diferentes modelos con valent\u00eda. Tambi\u00e9n personalizaremos el puerto de alimentaci\u00f3n, el m\u00e9todo de descarga y la movilidad del equipo. Ll\u00e1menos o env\u00edenos un correo electr\u00f3nico para obtener m\u00e1s informaci\u00f3n sobre el producto.<\/p>    <figure class=\"wp-block-gallery has-nested-images columns-2 is-cropped wp-block-gallery-8 is-layout-flex wp-block-gallery-is-layout-flex\"> <figure class=\"wp-block-image size-large\"><img loading=\"lazy\" decoding=\"async\" width=\"720\" height=\"540\" data-id=\"2071\" src=\"https:\/\/charcoalplant.com\/wp-content\/uploads\/2022\/01\/diesel-hammermill.jpg\" alt=\"\" class=\"wp-image-2071\"\/><figcaption>Molino-de-martillos-diesel-en-venta<\/figcaption><\/figure>    <figure class=\"wp-block-image size-large\"><img loading=\"lazy\" decoding=\"async\" width=\"720\" height=\"540\" data-id=\"2072\" src=\"https:\/\/charcoalplant.com\/wp-content\/uploads\/2022\/01\/movable-wood-hammermilling.jpg\" alt=\"fresadora-de-martillo-movible-para-madera\" class=\"wp-image-2072\"\/><figcaption>fresadora-de-martillo-movible-para-madera<\/figcaption><\/figure>    <figure class=\"wp-block-image size-large\"><img loading=\"lazy\" decoding=\"async\" width=\"720\" height=\"540\" data-id=\"2073\" src=\"https:\/\/charcoalplant.com\/wp-content\/uploads\/2022\/01\/Double-feed-port-hammer-mill.jpg\" alt=\"Molino de martillos de doble puerto de alimentaci\u00f3n\" class=\"wp-image-2073\"\/><figcaption>Molino de martillos de doble puerto de alimentaci\u00f3n<\/figcaption><\/figure>    <figure class=\"wp-block-image size-large\"><img loading=\"lazy\" decoding=\"async\" width=\"720\" height=\"540\" data-id=\"2074\" src=\"https:\/\/charcoalplant.com\/wp-content\/uploads\/2022\/01\/wood-crusher-with-dust-equipment.jpg\" alt=\"trituradora-de-madera-con-equipo-para-polvo\" class=\"wp-image-2074\"\/><figcaption>trituradora-de-madera-con-equipo-para-polvo<\/figcaption><\/figure> <figcaption class=\"blocks-gallery-caption\">La trituradora de martillos con doble puerto de alimentaci\u00f3n puede realizar la funci\u00f3n de trituradora de madera m\u00e1s trituradora de martillos. Tambi\u00e9n hay disponibles molinos de martillos di\u00e9sel y de ruedas para comodidad de los clientes que trabajan al aire libre.<\/figcaption><\/figure>    <h2 class=\"wp-block-heading\" id=\"hammer-crushing-machine-parameters\"><strong>Par\u00e1metros de la m\u00e1quina trituradora de martillos<\/strong><\/h2>    <figure class=\"wp-block-table is-style-stripes\"><table><tbody><tr><td>Modelo<\/td><td>SL-HM60<\/td><td>SL-HM70<\/td><td>SL-HM80<\/td><td>SL-HM90<\/td><td>SL-HM1000<\/td><td>SL-HM1300<\/td><\/tr><tr><td>Potencia (kilovatios)<\/td><td>22<\/td><td>30<\/td><td>37<\/td><td>55<\/td><td>75<\/td><td>90<\/td><\/tr><tr><td>Martillos (uds.)<\/td><td>30<\/td><td>40<\/td><td>50<\/td><td>50<\/td><td>105<\/td><td>105<\/td><\/tr><tr><td>Ventilador (kilovatios)<\/td><td>&nbsp;<\/td><td>&nbsp;<\/td><td>7.5<\/td><td>7.5<\/td><td>11<\/td><td>22<\/td><\/tr><tr><td>Removedor de polvo (piezas)<\/td><td>5<\/td><td>5<\/td><td>5<\/td><td>5<\/td><td>14<\/td><td>14<\/td><\/tr><tr><td>Di\u00e1metro del cicl\u00f3n (m)<\/td><td>1<\/td><td>1<\/td><td>1<\/td><td>1<\/td><td>1<\/td><td>1<\/td><\/tr><tr><td>Capacidad (t\/h)<\/td><td>0.6-0.8<\/td><td>1-1.2<\/td><td>1.2-1.5<\/td><td>1.5-3<\/td><td>3-4<\/td><td>4-5<\/td><\/tr><\/tbody><\/table><figcaption>SL-HM 60 y SL-HM70 son nuestros m\u00e1s vendidos. Por su peque\u00f1o tama\u00f1o y bajo coste. SL-HM 1300 es el m\u00e1s utilizado en l\u00edneas de producci\u00f3n.<\/figcaption><\/figure>    <h2 class=\"wp-block-heading\" id=\"h-the-difference-between-hammer-mill-and-wood-crusher\"><strong>La diferencia entre molino de martillos y madera.<\/strong><strong>&nbsp;trituradora <\/strong><strong><\/strong><\/h2>    <p>En primer lugar, las materias primas.<\/p>    <p class=\"translation-block\">Las materias primas procesadas por el hammer mill son amplias y peque\u00f1as. La materia prima del <strong><a href=\"https:\/\/charcoalplant.com\/es\/wood-wastes-recycling-machine\/wood-crusher-machine\/\">wood crusher<\/a><\/strong> es \u00fanica y grande.<\/p>    <p>En segundo lugar, la estructura.<\/p>    <p>La estructura del primero se compone principalmente de juntas, martillos y rejillas. Esta \u00faltima estructura consta principalmente de un cabezal cortador, un cabezal de martillo y una criba.<\/p>    <p>En tercer lugar, fuerza rota.<\/p>    <p>La fuerza aplastante del primero es mayor que la del segundo. Se puede decir que se trata de un tratamiento refinado del producto terminado de este \u00faltimo.<\/p>","protected":false},"excerpt":{"rendered":"<p>El molino de martillos puede triturar astillas de madera, paja, cartones, etc. Nuestras cribas con di\u00e1metros de 1 mm, 4 mm, 6 mm\u2026 pueden satisfacer las necesidades de producci\u00f3n del cliente.<\/p>","protected":false},"author":1,"featured_media":919,"parent":0,"template":"","tags":[64],"product-type":[3],"class_list":["post-589","product","type-product","status-publish","has-post-thumbnail","hentry","tag-wood-wastes-recycling-machine","product-type-wood-wastes-recycling-machine"],"_links":{"self":[{"href":"https:\/\/charcoalplant.com\/es\/wp-json\/wp\/v2\/product\/589","targetHints":{"allow":["GET"]}}],"collection":[{"href":"https:\/\/charcoalplant.com\/es\/wp-json\/wp\/v2\/product"}],"about":[{"href":"https:\/\/charcoalplant.com\/es\/wp-json\/wp\/v2\/types\/product"}],"author":[{"embeddable":true,"href":"https:\/\/charcoalplant.com\/es\/wp-json\/wp\/v2\/users\/1"}],"wp:featuredmedia":[{"embeddable":true,"href":"https:\/\/charcoalplant.com\/es\/wp-json\/wp\/v2\/media\/919"}],"wp:attachment":[{"href":"https:\/\/charcoalplant.com\/es\/wp-json\/wp\/v2\/media?parent=589"}],"wp:term":[{"taxonomy":"post_tag","embeddable":true,"href":"https:\/\/charcoalplant.com\/es\/wp-json\/wp\/v2\/tags?post=589"},{"taxonomy":"product-type","embeddable":true,"href":"https:\/\/charcoalplant.com\/es\/wp-json\/wp\/v2\/product-type?post=589"}],"curies":[{"name":"wp","href":"https:\/\/api.w.org\/{rel}","templated":true}]}}