{"id":783,"date":"2021-11-24T05:33:50","date_gmt":"2021-11-24T05:33:50","guid":{"rendered":"https:\/\/charcoalplant.com\/?p=783"},"modified":"2023-06-01T10:02:38","modified_gmt":"2023-06-01T02:02:38","slug":"waste-wooden-pallet-grinder","status":"publish","type":"product","link":"https:\/\/charcoalplant.com\/es\/product\/waste-wooden-pallet-grinder\/","title":{"rendered":"Trituradora de residuos de paletas de madera | Trituradora de madera industrial"},"content":{"rendered":"<div class=\"kk-star-ratings kksr-auto kksr-align-left kksr-valign-top\"     data-payload='{&quot;align&quot;:&quot;left&quot;,&quot;id&quot;:&quot;783&quot;,&quot;slug&quot;:&quot;default&quot;,&quot;valign&quot;:&quot;top&quot;,&quot;ignore&quot;:&quot;&quot;,&quot;reference&quot;:&quot;auto&quot;,&quot;class&quot;:&quot;&quot;,&quot;count&quot;:&quot;30&quot;,&quot;legendonly&quot;:&quot;&quot;,&quot;readonly&quot;:&quot;&quot;,&quot;score&quot;:&quot;4.6&quot;,&quot;starsonly&quot;:&quot;&quot;,&quot;best&quot;:&quot;5&quot;,&quot;gap&quot;:&quot;5&quot;,&quot;greet&quot;:&quot;Rate this product&quot;,&quot;legend&quot;:&quot;4.6\\\/5 - (30 votos)&quot;,&quot;size&quot;:&quot;24&quot;,&quot;title&quot;:&quot;Waste Wooden Pallet Grinder | Industrial Wood Shredder&quot;,&quot;width&quot;:&quot;130.9&quot;,&quot;_legend&quot;:&quot;{score}\\\/{best} - ({count} {votes})&quot;,&quot;font_factor&quot;:&quot;1.25&quot;}'>              <div class=\"kksr-stars\">      <div class=\"kksr-stars-inactive\">             <div class=\"kksr-star\" data-star=\"1\" style=\"padding-right: 5px\">               <div class=\"kksr-icon\" style=\"width: 24px; height: 24px;\"><\/div>         <\/div>             <div class=\"kksr-star\" data-star=\"2\" style=\"padding-right: 5px\">               <div class=\"kksr-icon\" style=\"width: 24px; height: 24px;\"><\/div>         <\/div>             <div class=\"kksr-star\" data-star=\"3\" style=\"padding-right: 5px\">               <div class=\"kksr-icon\" style=\"width: 24px; height: 24px;\"><\/div>         <\/div>             <div class=\"kksr-star\" data-star=\"4\" style=\"padding-right: 5px\">               <div class=\"kksr-icon\" style=\"width: 24px; height: 24px;\"><\/div>         <\/div>             <div class=\"kksr-star\" data-star=\"5\" style=\"padding-right: 5px\">               <div class=\"kksr-icon\" style=\"width: 24px; height: 24px;\"><\/div>         <\/div>     <\/div>      <div class=\"kksr-stars-active\" style=\"width: 130.9px;\">             <div class=\"kksr-star\" style=\"padding-right: 5px\">               <div class=\"kksr-icon\" style=\"width: 24px; height: 24px;\"><\/div>         <\/div>             <div class=\"kksr-star\" style=\"padding-right: 5px\">               <div class=\"kksr-icon\" style=\"width: 24px; height: 24px;\"><\/div>         <\/div>             <div class=\"kksr-star\" style=\"padding-right: 5px\">               <div class=\"kksr-icon\" style=\"width: 24px; height: 24px;\"><\/div>         <\/div>             <div class=\"kksr-star\" style=\"padding-right: 5px\">               <div class=\"kksr-icon\" style=\"width: 24px; height: 24px;\"><\/div>         <\/div>             <div class=\"kksr-star\" style=\"padding-right: 5px\">               <div class=\"kksr-icon\" style=\"width: 24px; height: 24px;\"><\/div>         <\/div>     <\/div> <\/div>                   <div class=\"kksr-legend\" style=\"font-size: 19.2px;\">             4,6\/5 - (30 votos)    <\/div>     <\/div>  <p class=\"translation-block\">La trituradora de palets de madera de desecho es adecuada para triturar materiales de forma especial y puede cortar directamente materiales m\u00e1s largos. Puede triturar troncos irregulares, bamb\u00fa, ramas, <strong> <\/strong>palets de madera y metales ligeros. La trituradora de madera industrial Shuliy es ampliamente utilizada, con alta producci\u00f3n, fuerte y duradera, y ruido bajo. En resumen, es muy adecuada para el procesamiento continuo por lotes de madera. Es un dispositivo <strong><a href=\"https:\/\/charcoalplant.com\/es\/news\/how-to-make-money-from-waste-wood-doors-and-windows\/\">rentable<\/a><\/strong>. Adem\u00e1s, creemos que cooperaremos contigo felizmente.<\/p>    <h2 class=\"wp-block-heading\" id=\"raw-materials-of-industrial-wood-shredder\"><strong>Materias primas de trituradora de madera industrial.<\/strong><\/h2>    <p>La trituradora de madera industrial tambi\u00e9n se llama trituradora integral. Porque puede manejar una amplia variedad de materiales de madera. En un breve resumen, las materias primas de la trituradora de paletas de madera residual se dividen en dos categor\u00edas: materias primas ordinarias y materias primas con metal.<\/p>    <ul class=\"wp-block-list\"> <li>Materias primas comunes: troncos, ramas, tablas de madera, bamb\u00fa, restos de carpinter\u00eda, mazorcas de ma\u00edz, <a href=\"https:\/\/charcoalplant.com\/es\/info\/what-are-the-uses-of-coconut-shells\/\">c\u00e1scaras de coco<\/a>, tabaco, hierbas medicinales chinas, etc.<\/li> <\/ul>    <figure class=\"wp-block-gallery has-nested-images columns-4 is-cropped wp-block-gallery-2 is-layout-flex wp-block-gallery-is-layout-flex\"> <figure class=\"wp-block-image size-large\"><img loading=\"lazy\" decoding=\"async\" width=\"720\" height=\"540\" data-id=\"2179\" src=\"https:\/\/charcoalplant.com\/wp-content\/uploads\/2022\/01\/corn-cob.jpg\" alt=\"\" class=\"wp-image-2179\"\/><\/figure>    <figure class=\"wp-block-image size-large\"><img loading=\"lazy\" decoding=\"async\" width=\"720\" height=\"540\" data-id=\"2180\" src=\"https:\/\/charcoalplant.com\/wp-content\/uploads\/2022\/01\/raw-coconut-shell.jpg\" alt=\"\" class=\"wp-image-2180\"\/><\/figure>    <figure class=\"wp-block-image size-large\"><img loading=\"lazy\" decoding=\"async\" width=\"720\" height=\"540\" data-id=\"2178\" src=\"https:\/\/charcoalplant.com\/wp-content\/uploads\/2022\/01\/scrapwood.jpg\" alt=\"\" class=\"wp-image-2178\"\/><\/figure>    <figure class=\"wp-block-image size-large\"><img loading=\"lazy\" decoding=\"async\" width=\"720\" height=\"540\" data-id=\"2181\" src=\"https:\/\/charcoalplant.com\/wp-content\/uploads\/2022\/01\/tree-branch.jpg\" alt=\"\" class=\"wp-image-2181\"\/><\/figure> <\/figure>    <ul class=\"wp-block-list\"> <li> Materias primas con metal: residuos de palets de madera, residuos de muebles, puertas y ventanas con clavos y cajas de madera, etc.<\/li> <\/ul>    <figure class=\"wp-block-gallery has-nested-images columns-4 is-cropped wp-block-gallery-3 is-layout-flex wp-block-gallery-is-layout-flex\"> <figure class=\"wp-block-image size-large\"><img loading=\"lazy\" decoding=\"async\" width=\"720\" height=\"540\" data-id=\"2182\" src=\"https:\/\/charcoalplant.com\/wp-content\/uploads\/2022\/01\/doors.jpg\" alt=\"\" class=\"wp-image-2182\"\/><\/figure>    <figure class=\"wp-block-image size-large\"><img loading=\"lazy\" decoding=\"async\" width=\"720\" height=\"540\" data-id=\"2183\" src=\"https:\/\/charcoalplant.com\/wp-content\/uploads\/2022\/01\/Wood-pallet.jpg\" alt=\"\" class=\"wp-image-2183\"\/><\/figure>    <figure class=\"wp-block-image size-large\"><img loading=\"lazy\" decoding=\"async\" width=\"720\" height=\"540\" data-id=\"2184\" src=\"https:\/\/charcoalplant.com\/wp-content\/uploads\/2022\/01\/boxes.jpg\" alt=\"\" class=\"wp-image-2184\"\/><\/figure>    <figure class=\"wp-block-image size-large\"><img loading=\"lazy\" decoding=\"async\" width=\"720\" height=\"540\" data-id=\"2185\" src=\"https:\/\/charcoalplant.com\/wp-content\/uploads\/2022\/01\/chair.jpg\" alt=\"\" class=\"wp-image-2185\"\/><\/figure> <\/figure>    <h2 class=\"wp-block-heading\" id=\"structure-of-waste-wooden-pallet-grinder\"><strong>Estructura de la trituradora de paletas de madera de desecho.<\/strong><\/h2>    <p class=\"has-text-align-left translation-block\">El triturador integral puede procesar madera ordinaria y materiales duros con metal. Su estructura es compleja y su seguridad operativa y capacidad de manejo de materiales son muy altas. Incluye principalmente <strong>rodillos de presi\u00f3n, cintas transportadoras, sierras de garra de tigre, sierras de cuchillas, bombas hidr\u00e1ulicas, rodillos magn\u00e9ticos, cribas y otros accesorios<\/strong>.<\/p>    <figure class=\"wp-block-gallery has-nested-images columns-2 is-cropped wp-block-gallery-4 is-layout-flex wp-block-gallery-is-layout-flex\"> <figure class=\"wp-block-image size-large\"><img loading=\"lazy\" decoding=\"async\" width=\"720\" height=\"540\" data-id=\"803\" src=\"https:\/\/charcoalplant.com\/wp-content\/uploads\/2021\/11\/Inlet-2.jpg\" alt=\"Entrada\" class=\"wp-image-803\" srcset=\"https:\/\/charcoalplant.com\/wp-content\/uploads\/2021\/11\/Inlet-2.jpg 720w, https:\/\/charcoalplant.com\/wp-content\/uploads\/2021\/11\/Inlet-2-300x225.jpg 300w\" sizes=\"auto, (max-width: 720px) 100vw, 720px\" \/><figcaption class=\"wp-element-caption\">Entrada<\/figcaption><\/figure>    <figure class=\"wp-block-image size-large\"><img loading=\"lazy\" decoding=\"async\" width=\"720\" height=\"540\" data-id=\"806\" src=\"https:\/\/charcoalplant.com\/wp-content\/uploads\/2021\/11\/screen-1.jpg\" alt=\"Pantalla\" class=\"wp-image-806\" srcset=\"https:\/\/charcoalplant.com\/wp-content\/uploads\/2021\/11\/screen-1.jpg 720w, https:\/\/charcoalplant.com\/wp-content\/uploads\/2021\/11\/screen-1-300x225.jpg 300w\" sizes=\"auto, (max-width: 720px) 100vw, 720px\" \/><figcaption class=\"wp-element-caption\">Pantalla<\/figcaption><\/figure>    <figure class=\"wp-block-image size-full\"><img loading=\"lazy\" decoding=\"async\" width=\"720\" height=\"540\" data-id=\"807\" src=\"https:\/\/charcoalplant.com\/wp-content\/uploads\/2021\/11\/Tiger-Claw-Saw-1.jpg\" alt=\"Sierra de garra de tigre\" class=\"wp-image-807\" srcset=\"https:\/\/charcoalplant.com\/wp-content\/uploads\/2021\/11\/Tiger-Claw-Saw-1.jpg 720w, https:\/\/charcoalplant.com\/wp-content\/uploads\/2021\/11\/Tiger-Claw-Saw-1-300x225.jpg 300w\" sizes=\"auto, (max-width: 720px) 100vw, 720px\" \/><figcaption class=\"wp-element-caption\">Sierra de garra de tigre<\/figcaption><\/figure>    <figure class=\"wp-block-image size-full\"><img loading=\"lazy\" decoding=\"async\" width=\"720\" height=\"540\" data-id=\"1820\" src=\"https:\/\/charcoalplant.com\/wp-content\/uploads\/2021\/11\/Magnetic-Roller.jpg\" alt=\"Rodillo magn\u00e9tico\" class=\"wp-image-1820\" srcset=\"https:\/\/charcoalplant.com\/wp-content\/uploads\/2021\/11\/Magnetic-Roller.jpg 720w, https:\/\/charcoalplant.com\/wp-content\/uploads\/2021\/11\/Magnetic-Roller-300x225.jpg 300w\" sizes=\"auto, (max-width: 720px) 100vw, 720px\" \/><figcaption class=\"wp-element-caption\">Rodillo magn\u00e9tico<\/figcaption><\/figure> <\/figure>    <h2 class=\"wp-block-heading\" id=\"h-working-principle-of-industrial-wood-crusher\"><strong>Principio de funcionamiento de la trituradora de madera industrial.<\/strong><\/h2>    <p>En primer lugar, los pal\u00e9s de madera son transportados a los rodillos de presi\u00f3n mediante una cinta transportadora de cadena. El rodillo de presi\u00f3n se utiliza para alimentaci\u00f3n forzada. Luego, la paleta de madera llega a la sierra de garra de tigre (sierra de cuchilla para madera com\u00fan) y es cortada y triturada por el cortador giratorio. Finalmente, cuando la especificaci\u00f3n del material cumple con la apertura de la criba, los pellets de madera se descargan por el puerto de descarga. Si hay clavos en el aserr\u00edn, los rodillos magn\u00e9ticos de la salida pueden separar el metal.<\/p>    <figure class=\"wp-block-gallery has-nested-images columns-default is-cropped wp-block-gallery-5 is-layout-flex wp-block-gallery-is-layout-flex\"> <figure class=\"wp-block-image size-full\"><img loading=\"lazy\" decoding=\"async\" width=\"720\" height=\"540\" data-id=\"2196\" src=\"https:\/\/charcoalplant.com\/wp-content\/uploads\/2021\/11\/wood-pallet-grinder-plant.jpg\" alt=\"planta trituradora de paletas de madera\" class=\"wp-image-2196\"\/><figcaption class=\"wp-element-caption\">planta trituradora de paletas de madera<\/figcaption><\/figure> <\/figure>    <h2 class=\"wp-block-heading\" id=\"video-of-waste-wooden-pallet-shredder\"><strong>V\u00eddeo de trituradora de residuos de palets de madera.<\/strong><\/h2>    <p>La trituradora de paletas de madera es un equipo de trituraci\u00f3n integral a gran escala. Adem\u00e1s, es muy sencillo de operar. Echemos un vistazo a su asombrosa capacidad aplastante.<\/p>    <figure class=\"wp-block-embed is-type-video is-provider-youtube wp-block-embed-youtube wp-embed-aspect-16-9 wp-has-aspect-ratio\"><div class=\"wp-block-embed__wrapper\"> <iframe loading=\"lazy\" title=\"Trituradora de residuos de paletas de madera | Fabricante de trituradoras de madera industriales #woodpallet #scrapwood\" width=\"500\" height=\"281\" src=\"https:\/\/www.youtube.com\/embed\/ivqMxGKKbVs?feature=oembed\" frameborder=\"0\" allow=\"accelerometer; autoplay; clipboard-write; encrypted-media; gyroscope; picture-in-picture; web-share\" referrerpolicy=\"strict-origin-when-cross-origin\" allowfullscreen><\/iframe> <\/div><\/figure>    <h2 class=\"wp-block-heading\" id=\"parameters-of-waste-wooden-pallet-grinder\"><strong>Par\u00e1metros de la trituradora de paletas de madera de desecho.<\/strong><\/h2>    <p>El transporte de alimentaci\u00f3n del pulverizador de madera industrial es generalmente de 6 m y el transporte de descarga es generalmente de 8 m. Adem\u00e1s, disponemos de armarios de distribuci\u00f3n de energ\u00eda para trituradoras de madera. Por tanto, todo el proceso operativo no s\u00f3lo ser\u00e1 sencillo sino tambi\u00e9n seguro.<\/p>    <figure class=\"wp-block-table is-style-stripes\"><table><tbody><tr><td>Modelo<\/td><td>SL-C1300<\/td><td>SL-C1400<\/td><td>SL-C1600<\/td><\/tr><tr><td>Tama\u00f1o de entrada de alimentaci\u00f3n<\/td><td>1300*500mm<\/td><td>1400*800mm<\/td><td>1600*800mm<\/td><\/tr><tr><td>Di\u00e1metro m\u00e1ximo de alimentaci\u00f3n<\/td><td>400 mm<\/td><td>500 mm<\/td><td>600 mm<\/td><\/tr><tr><td>Tama\u00f1o de salida<\/td><td>menos de 100 mm<\/td><td>menos de 100 mm<\/td><td>menos de 100 mm<\/td><\/tr><tr><td>Transportador de entrada<\/td><td>6m<\/td><td>6m<\/td><td>6m<\/td><\/tr><tr><td>Transportador de salida<\/td><td>8m<\/td><td>10m<\/td><td>10m<\/td><\/tr><tr><td>Cuchillas<\/td><td>20 piezas<\/td><td>32 piezas<\/td><td>66 piezas<\/td><\/tr><tr><td>Capacidad<\/td><td>8-10 t\/h<\/td><td>10-15t\/h<\/td><td>20-30t\/h<\/td><\/tr><tr><td>Poder total<\/td><td>156,5 kw<\/td><td>213,5 kw<\/td><td>233,5 kw<\/td><\/tr><tr><td>Tama\u00f1o global<\/td><td>8600*2000*2300mm<\/td><td>9600*2400*3300mm<\/td><td>12500*2800*3200mm<\/td><\/tr><\/tbody><\/table><\/figure>    <h2 class=\"wp-block-heading\" id=\"advantages-of-shuliy-wood-pallet-crusher\"><strong>Ventajas de la trituradora de paletas de madera Shuliy<\/strong><\/h2>    <ol class=\"wp-block-list\"> <li>Sus materias primas no s\u00f3lo incluyen las materias primas de otros equipos de procesamiento de madera (como <strong><a href=\"https:\/\/charcoalplant.com\/es\/wood-wastes-recycling-machine\/wood-crusher-machine\/\">m\u00e1quinas para fabricar aserr\u00edn<\/a><\/strong>y trituradoras de madera). Adem\u00e1s, puede manipular madera con metal.<\/li>    <li>Por un lado, el uso del armario de distribuci\u00f3n de energ\u00eda hace que la operaci\u00f3n sea m\u00e1s segura y c\u00f3moda. Por otro lado, la trituradora integral es f\u00e1cil de mantener y limpiar.<\/li>    <li>Debido a su alto puerto de alimentaci\u00f3n, se puede utilizar para alimentaci\u00f3n por control remoto (ahorrando mano de obra).<\/li> <\/ol>    <figure class=\"wp-block-gallery has-nested-images columns-default is-cropped wp-block-gallery-6 is-layout-flex wp-block-gallery-is-layout-flex\"> <figure class=\"wp-block-image size-full\"><img loading=\"lazy\" decoding=\"async\" width=\"720\" height=\"540\" data-id=\"1825\" src=\"https:\/\/charcoalplant.com\/wp-content\/uploads\/2022\/01\/mobile-wood-crushing-machine.jpg\" alt=\"maquina trituradora de madera movil\" class=\"wp-image-1825\" srcset=\"https:\/\/charcoalplant.com\/wp-content\/uploads\/2022\/01\/mobile-wood-crushing-machine.jpg 720w, https:\/\/charcoalplant.com\/wp-content\/uploads\/2022\/01\/mobile-wood-crushing-machine-300x225.jpg 300w\" sizes=\"auto, (max-width: 720px) 100vw, 720px\" \/><figcaption class=\"wp-element-caption\">maquina trituradora de madera movil<\/figcaption><\/figure>    <figure class=\"wp-block-image size-full\"><img loading=\"lazy\" decoding=\"async\" width=\"720\" height=\"540\" data-id=\"1826\" src=\"https:\/\/charcoalplant.com\/wp-content\/uploads\/2022\/01\/wood-chips-1.jpg\" alt=\"astillas de madera\" class=\"wp-image-1826\" srcset=\"https:\/\/charcoalplant.com\/wp-content\/uploads\/2022\/01\/wood-chips-1.jpg 720w, https:\/\/charcoalplant.com\/wp-content\/uploads\/2022\/01\/wood-chips-1-300x225.jpg 300w\" sizes=\"auto, (max-width: 720px) 100vw, 720px\" \/><figcaption class=\"wp-element-caption\">astillas de madera<\/figcaption><\/figure> <\/figure>    <h2 class=\"wp-block-heading\" id=\"h-wood-shredder-price\">Industrial <strong>precio de la trituradora de madera<\/strong><\/h2>    <p class=\"translation-block\">La maquinaria Shuliy proporciona varios accesorios para trituradoras de palets de madera. Adem\u00e1s, los precios de los accesorios con diferentes materiales y especificaciones tambi\u00e9n son diferentes. No solo podemos proporcionar trituradoras de palets de madera con motor diesel y ruedas integradas, sino que tambi\u00e9n podemos modificar la estructura de la m\u00e1quina para los requisitos espec\u00edficos de los clientes. Hay muchos factores que afectan el precio. Si est\u00e1 optimista con nuestro equipo, p\u00f3ngase en contacto con nosotros y h\u00e1ganoslo saber. Le proporcionamos el plan adecuado y le damos un precio asequible.<\/p>    <figure class=\"wp-block-gallery has-nested-images columns-default is-cropped wp-block-gallery-7 is-layout-flex wp-block-gallery-is-layout-flex\"> <figure class=\"wp-block-image size-full\"><img loading=\"lazy\" decoding=\"async\" width=\"720\" height=\"540\" data-id=\"2194\" src=\"https:\/\/charcoalplant.com\/wp-content\/uploads\/2022\/01\/wood-shredder-1.jpg\" alt=\"trituradora de madera\" class=\"wp-image-2194\"\/><figcaption class=\"wp-element-caption\">trituradora de madera<\/figcaption><\/figure>    <figure class=\"wp-block-image size-full\"><img loading=\"lazy\" decoding=\"async\" width=\"720\" height=\"540\" data-id=\"2195\" src=\"https:\/\/charcoalplant.com\/wp-content\/uploads\/2022\/01\/waste-wooden-pallet-grinder-for-sale.jpg\" alt=\"trituradora de paletas de madera para la venta\" class=\"wp-image-2195\"\/><figcaption class=\"wp-element-caption\">trituradora de paletas de madera para la venta<\/figcaption><\/figure> <\/figure>    <h2 class=\"wp-block-heading\" id=\"h-how-to-make-money-with-a-comprehensive-crusher\"><strong>\u00bfC\u00f3mo ganar dinero con una trituradora de madera integral?<\/strong><\/h2>    <p class=\"translation-block\">La m\u00e1quina trituradora de palets de madera puede triturar madera en diferentes grados. Adem\u00e1s, estos serrines de madera o<strong> <a href=\"https:\/\/charcoalplant.com\/es\/log-chipper\/\">astillas de madera<\/a><\/strong> se pueden utilizar para fabricar papel en f\u00e1bricas de papel, varillas de carb\u00f3n en plantas de carb\u00f3n, fertilizantes en plantas de fertilizantes, etc. Las f\u00e1bricas tambi\u00e9n pueden utilizarlos para calefacci\u00f3n con combustible. Por lo tanto, puede invertir en una m\u00e1quina trituradora integral espec\u00edficamente para proporcionar pellets de madera o colocarlos en la l\u00ednea de producci\u00f3n para alimentaci\u00f3n directa.<\/p>    <figure class=\"wp-block-gallery has-nested-images columns-default is-cropped wp-block-gallery-8 is-layout-flex wp-block-gallery-is-layout-flex\"> <figure class=\"wp-block-image size-large\"><img loading=\"lazy\" decoding=\"async\" width=\"720\" height=\"540\" data-id=\"2192\" src=\"https:\/\/charcoalplant.com\/wp-content\/uploads\/2022\/01\/wood-pellets-1.jpg\" alt=\"pellets de madera\" class=\"wp-image-2192\"\/><figcaption class=\"wp-element-caption\">pellets de madera<\/figcaption><\/figure> <\/figure>    <p><\/p>","protected":false},"excerpt":{"rendered":"<p>La trituradora de paletas de madera residual es un equipo de reciclaje de madera con gran capacidad y alta resistencia al aplastamiento.<\/p>","protected":false},"author":1,"featured_media":914,"parent":0,"template":"","tags":[64],"product-type":[3],"class_list":["post-783","product","type-product","status-publish","has-post-thumbnail","hentry","tag-wood-wastes-recycling-machine","product-type-wood-wastes-recycling-machine"],"_links":{"self":[{"href":"https:\/\/charcoalplant.com\/es\/wp-json\/wp\/v2\/product\/783","targetHints":{"allow":["GET"]}}],"collection":[{"href":"https:\/\/charcoalplant.com\/es\/wp-json\/wp\/v2\/product"}],"about":[{"href":"https:\/\/charcoalplant.com\/es\/wp-json\/wp\/v2\/types\/product"}],"author":[{"embeddable":true,"href":"https:\/\/charcoalplant.com\/es\/wp-json\/wp\/v2\/users\/1"}],"wp:featuredmedia":[{"embeddable":true,"href":"https:\/\/charcoalplant.com\/es\/wp-json\/wp\/v2\/media\/914"}],"wp:attachment":[{"href":"https:\/\/charcoalplant.com\/es\/wp-json\/wp\/v2\/media?parent=783"}],"wp:term":[{"taxonomy":"post_tag","embeddable":true,"href":"https:\/\/charcoalplant.com\/es\/wp-json\/wp\/v2\/tags?post=783"},{"taxonomy":"product-type","embeddable":true,"href":"https:\/\/charcoalplant.com\/es\/wp-json\/wp\/v2\/product-type?post=783"}],"curies":[{"name":"wp","href":"https:\/\/api.w.org\/{rel}","templated":true}]}}