{"id":786,"date":"2021-11-24T05:30:57","date_gmt":"2021-11-24T05:30:57","guid":{"rendered":"https:\/\/charcoalplant.com\/?p=786"},"modified":"2023-04-03T10:59:08","modified_gmt":"2023-04-03T02:59:08","slug":"drum-chipper","status":"publish","type":"product","link":"https:\/\/charcoalplant.com\/es\/product\/drum-chipper\/","title":{"rendered":"Astilladora de tambor | La mejor m\u00e1quina trituradora de madera"},"content":{"rendered":"<div class=\"kk-star-ratings kksr-auto kksr-align-left kksr-valign-top\"     data-payload='{&quot;align&quot;:&quot;left&quot;,&quot;id&quot;:&quot;786&quot;,&quot;slug&quot;:&quot;default&quot;,&quot;valign&quot;:&quot;top&quot;,&quot;ignore&quot;:&quot;&quot;,&quot;reference&quot;:&quot;auto&quot;,&quot;class&quot;:&quot;&quot;,&quot;count&quot;:&quot;8&quot;,&quot;legendonly&quot;:&quot;&quot;,&quot;readonly&quot;:&quot;&quot;,&quot;score&quot;:&quot;4.5&quot;,&quot;starsonly&quot;:&quot;&quot;,&quot;best&quot;:&quot;5&quot;,&quot;gap&quot;:&quot;5&quot;,&quot;greet&quot;:&quot;Rate this product&quot;,&quot;legend&quot;:&quot;4.5\\\/5 - (8 votos)&quot;,&quot;size&quot;:&quot;24&quot;,&quot;title&quot;:&quot;Drum Chipper | Best Wood Chipper Machine&quot;,&quot;width&quot;:&quot;128&quot;,&quot;_legend&quot;:&quot;{score}\\\/{best} - ({count} {votes})&quot;,&quot;font_factor&quot;:&quot;1.25&quot;}'>              <div class=\"kksr-stars\">      <div class=\"kksr-stars-inactive\">             <div class=\"kksr-star\" data-star=\"1\" style=\"padding-right: 5px\">               <div class=\"kksr-icon\" style=\"width: 24px; height: 24px;\"><\/div>         <\/div>             <div class=\"kksr-star\" data-star=\"2\" style=\"padding-right: 5px\">               <div class=\"kksr-icon\" style=\"width: 24px; height: 24px;\"><\/div>         <\/div>             <div class=\"kksr-star\" data-star=\"3\" style=\"padding-right: 5px\">               <div class=\"kksr-icon\" style=\"width: 24px; height: 24px;\"><\/div>         <\/div>             <div class=\"kksr-star\" data-star=\"4\" style=\"padding-right: 5px\">               <div class=\"kksr-icon\" style=\"width: 24px; height: 24px;\"><\/div>         <\/div>             <div class=\"kksr-star\" data-star=\"5\" style=\"padding-right: 5px\">               <div class=\"kksr-icon\" style=\"width: 24px; height: 24px;\"><\/div>         <\/div>     <\/div>      <div class=\"kksr-stars-active\" style=\"width: 128px;\">             <div class=\"kksr-star\" style=\"padding-right: 5px\">               <div class=\"kksr-icon\" style=\"width: 24px; height: 24px;\"><\/div>         <\/div>             <div class=\"kksr-star\" style=\"padding-right: 5px\">               <div class=\"kksr-icon\" style=\"width: 24px; height: 24px;\"><\/div>         <\/div>             <div class=\"kksr-star\" style=\"padding-right: 5px\">               <div class=\"kksr-icon\" style=\"width: 24px; height: 24px;\"><\/div>         <\/div>             <div class=\"kksr-star\" style=\"padding-right: 5px\">               <div class=\"kksr-icon\" style=\"width: 24px; height: 24px;\"><\/div>         <\/div>             <div class=\"kksr-star\" style=\"padding-right: 5px\">               <div class=\"kksr-icon\" style=\"width: 24px; height: 24px;\"><\/div>         <\/div>     <\/div> <\/div>                   <div class=\"kksr-legend\" style=\"font-size: 19.2px;\">             4,5\/5 - (8 votos)    <\/div>     <\/div>  <p class=\"translation-block\"><strong>Trituradora de tambor<\/strong> es una astilladora de madera de alto rendimiento, alta eficiencia y alta productividad. Y a menudo aparece en el procesamiento preliminar de materias primas en varias l\u00edneas de producci\u00f3n. Por lo tanto, es un <strong><a href=\"https:\/\/charcoalplant.com\/es\/wood-wastes-recycling-machine\/industrial-comprehensive-crusher\/\">equipo de trituraci\u00f3n de madera<\/a><\/strong> con una cinta transportadora y un panel de control. Adem\u00e1s, tiene un sistema de alimentaci\u00f3n hidr\u00e1ulico que controla la alimentaci\u00f3n segura de trozos grandes de madera. En resumen, la m\u00e1quina astilladora de madera de tambor tiene las caracter\u00edsticas de amplia aplicaci\u00f3n, seguridad, baja inversi\u00f3n y retorno r\u00e1pido. Si tiene mucha madera para procesar, \u00bfpor qu\u00e9 no considerarla? Esperamos sinceramente cooperar con usted.<\/p>    <h2 class=\"wp-block-heading\" id=\"raw-material-for-drum-chipper\"><strong>Materia prima para trituradora de tambor.<\/strong> <strong>m\u00e1quina<\/strong><\/h2>    <p>Las materias primas de la trituradora de bamb\u00fa de tambor incluyen materias primas de madera y materias primas no madereras. Las materias primas de madera incluyen troncos, bamb\u00fa, chapa de desecho, ra\u00edces de \u00e1rboles, ramas, etc. Materias primas no madereras: c\u00e1scara de coco, tallo de algod\u00f3n, ca\u00f1a, paja, etc. Adem\u00e1s, puede procesar directamente materias primas de gran tama\u00f1o y procesar r\u00e1pidamente materias primas regulares. , astillas de madera limpias.<\/p>    <figure class=\"wp-block-gallery has-nested-images columns-1 is-cropped wp-block-gallery-2 is-layout-flex wp-block-gallery-is-layout-flex\"> <figure class=\"wp-block-image size-large\"><img loading=\"lazy\" decoding=\"async\" width=\"900\" height=\"219\" data-id=\"2094\" src=\"https:\/\/charcoalplant.com\/wp-content\/uploads\/2022\/01\/log\uff0cbamboo-woodboard.jpg\" alt=\"tronco, bamb\u00fa, tablero de madera\" class=\"wp-image-2094\"\/><figcaption class=\"wp-element-caption\">tronco, bamb\u00fa, tablero de madera<\/figcaption><\/figure>    <figure class=\"wp-block-image size-large\"><img loading=\"lazy\" decoding=\"async\" width=\"918\" height=\"232\" data-id=\"2093\" src=\"https:\/\/charcoalplant.com\/wp-content\/uploads\/2022\/01\/coconutshell-cotton-stalk-straw-.jpg\" alt=\"c\u00e1scara-de-coco-tallos-de-algod\u00f3n\" class=\"wp-image-2093\"\/><figcaption class=\"wp-element-caption\">c\u00e1scara-de-coco-tallos-de-algod\u00f3n<\/figcaption><\/figure> <\/figure>    <h2 class=\"wp-block-heading\" id=\"h-structure-of-drum-coconut-shell-chipper\"><strong>Estructura de la trituradora de madera de tambor.<\/strong><\/h2>    <p>La trituradora de madera estilo tambor es en realidad una trituradora de madera grande. Es m\u00e1s, su estructura es m\u00e1s sofisticada. El cuerpo de la m\u00e1quina est\u00e1 soldado con un material de placa de acero resistente para proporcionar un soporte s\u00f3lido para toda la m\u00e1quina. Sus componentes principales: cuerpo de la m\u00e1quina, rodillo de cuchillas, criba, alimentaci\u00f3n superior e inferior, sistema hidr\u00e1ulico, dispositivo de transporte, gabinete de accesorios y otras partes. <\/p>    <figure class=\"wp-block-gallery has-nested-images columns-default is-cropped wp-block-gallery-3 is-layout-flex wp-block-gallery-is-layout-flex\"> <figure class=\"wp-block-image size-large\"><img loading=\"lazy\" decoding=\"async\" width=\"720\" height=\"540\" data-id=\"838\" src=\"https:\/\/charcoalplant.com\/wp-content\/uploads\/2021\/11\/drum-wood-chipper-machine-1.jpg\" alt=\"trituradora-de-madera-de-tambor\" class=\"wp-image-838\" srcset=\"https:\/\/charcoalplant.com\/wp-content\/uploads\/2021\/11\/drum-wood-chipper-machine-1.jpg 720w, https:\/\/charcoalplant.com\/wp-content\/uploads\/2021\/11\/drum-wood-chipper-machine-1-300x225.jpg 300w\" sizes=\"auto, (max-width: 720px) 100vw, 720px\" \/><figcaption class=\"wp-element-caption\">trituradora-de-madera-de-tambor<\/figcaption><\/figure>    <figure class=\"wp-block-image size-large\"><img loading=\"lazy\" decoding=\"async\" width=\"720\" height=\"540\" data-id=\"848\" src=\"https:\/\/charcoalplant.com\/wp-content\/uploads\/2021\/11\/drum-wood-chippers-machine-for-sale-1-1.jpg\" alt=\"M\u00e1quina de astillas de madera de tambor a la venta\" class=\"wp-image-848\" srcset=\"https:\/\/charcoalplant.com\/wp-content\/uploads\/2021\/11\/drum-wood-chippers-machine-for-sale-1-1.jpg 720w, https:\/\/charcoalplant.com\/wp-content\/uploads\/2021\/11\/drum-wood-chippers-machine-for-sale-1-1-300x225.jpg 300w\" sizes=\"auto, (max-width: 720px) 100vw, 720px\" \/><figcaption class=\"wp-element-caption\">M\u00e1quina de astillas de madera de tambor a la venta<\/figcaption><\/figure> <\/figure>    <h2 class=\"wp-block-heading\" id=\"h-safety-system-of-drum-chipping-machine\"><strong>Sistema de seguridad de la m\u00e1quina trituradora de madera de tambor.<\/strong><\/h2>    <p>La trituradora de \u00e1rboles de tambor Shuliy no solo aumenta el rendimiento pr\u00e1ctico del equipo, sino que tambi\u00e9n tiene en cuenta el rendimiento de seguridad del equipo. El dispositivo de seguridad de esta m\u00e1quina fabricadora de virutas de tambor est\u00e1 incorporado principalmente en el sistema hidr\u00e1ulico y el gabinete de control.<\/p>    <h3 class=\"wp-block-heading\" id=\"hydraulic-system\"><strong>Sistema hidr\u00e1ulico<\/strong><\/h3>    <p>En este proceso, el sistema hidr\u00e1ulico act\u00faa como un amortiguador y puede controlar autom\u00e1ticamente el puerto de alimentaci\u00f3n para subir y bajar a una velocidad constante. Al mismo tiempo, tambi\u00e9n protege la gran trituradora de madera y mejora la vida \u00fatil del equipo.<\/p>    <figure class=\"wp-block-gallery has-nested-images columns-default is-cropped wp-block-gallery-4 is-layout-flex wp-block-gallery-is-layout-flex\"> <figure class=\"wp-block-image size-large\"><img loading=\"lazy\" decoding=\"async\" width=\"720\" height=\"540\" data-id=\"2095\" src=\"https:\/\/charcoalplant.com\/wp-content\/uploads\/2022\/01\/drum-chipper-inlet.jpg\" alt=\"\" class=\"wp-image-2095\"\/><\/figure>    <figure class=\"wp-block-image size-large\"><img loading=\"lazy\" decoding=\"async\" width=\"720\" height=\"540\" data-id=\"2097\" src=\"https:\/\/charcoalplant.com\/wp-content\/uploads\/2021\/11\/prevent-wood-jam.jpg\" alt=\"prevenir atascos de madera\" class=\"wp-image-2097\"\/><figcaption class=\"wp-element-caption\">prevenir atascos de madera<\/figcaption><\/figure> <\/figure>    <h3 class=\"wp-block-heading\" id=\"control-cabinet\"><strong>Cabina de control<\/strong><strong><\/strong><\/h3>    <p>La trituradora de madera estilo tambor es un equipo de gran escala, su estructura es complicada y est\u00e1 equipada con 3 motores. El prop\u00f3sito de esto tambi\u00e9n es reducir el voltaje y distribuir el suministro de energ\u00eda de manera razonable. Hay varios botones en el gabinete de control que pueden controlar toda la m\u00e1quina de manera flexible. De esta manera es simple, eficiente y segura.<\/p>    <figure class=\"wp-block-gallery has-nested-images columns-default is-cropped wp-block-gallery-5 is-layout-flex wp-block-gallery-is-layout-flex\"> <figure class=\"wp-block-image size-large\"><img loading=\"lazy\" decoding=\"async\" width=\"720\" height=\"540\" data-id=\"2098\" src=\"https:\/\/charcoalplant.com\/wp-content\/uploads\/2022\/01\/drum-type-wood-chipper-for-sale.jpg\" alt=\"trituradora-de-madera-tipo-tambor-en-venta\" class=\"wp-image-2098\"\/><figcaption class=\"wp-element-caption\">trituradora-de-madera-tipo-tambor-en-venta<\/figcaption><\/figure>    <figure class=\"wp-block-image size-large\"><img loading=\"lazy\" decoding=\"async\" width=\"720\" height=\"540\" data-id=\"2099\" src=\"https:\/\/charcoalplant.com\/wp-content\/uploads\/2022\/01\/Inside-of-power-distribution-cabinet.jpg\" alt=\"Dentro del gabinete de distribuci\u00f3n de energ\u00eda\" class=\"wp-image-2099\"\/><figcaption class=\"wp-element-caption\">Dentro del gabinete de distribuci\u00f3n de energ\u00eda<\/figcaption><\/figure> <\/figure>    <h2 class=\"wp-block-heading\" id=\"video-of-drum-type-chipper\"><strong>Video de astilladora estilo tambor<\/strong><\/h2>    <p>El tama\u00f1o habitual de la madera o el bamb\u00fa tratados con \u00e9l es de 5 mm. Tambi\u00e9n puede manejar materia prima de hasta 2-3 mm. Bienvenido al v\u00eddeo. Y disponemos de un servicio de consulta gratuito.<\/p>    <figure class=\"wp-block-embed is-type-video is-provider-youtube wp-block-embed-youtube wp-embed-aspect-16-9 wp-has-aspect-ratio\"><div class=\"wp-block-embed__wrapper\"> <iframe loading=\"lazy\" title=\"Trituradora trituradora de troncos nuevo dise\u00f1o | Funcionamiento industrial de la cortadora de los pedazos de madera del tambor buen\" width=\"500\" height=\"281\" src=\"https:\/\/www.youtube.com\/embed\/mUQ0J9ha5xA?feature=oembed\" frameborder=\"0\" allow=\"accelerometer; autoplay; clipboard-write; encrypted-media; gyroscope; picture-in-picture; web-share\" referrerpolicy=\"strict-origin-when-cross-origin\" allowfullscreen><\/iframe> <\/div><\/figure>    <h2 class=\"wp-block-heading\" id=\"h-uses-of-wood-chips\"><strong>Usos de las astillas de madera<\/strong><\/h2>    <ol class=\"wp-block-list\"> <li>El producto final producido por la trituradora de c\u00e1scaras de coco tiene una forma regular y un espesor uniforme. Puedes elegir un <strong><a href=\"https:\/\/charcoalplant.com\/es\/wood-wastes-recycling-machine\/wood-peeling-machine\/\">pelador de madera<\/a><\/strong> para procesar y luego chip. Estas astillas de madera se pueden vender directamente y quemar.<\/li>    <li>La trituradora de madera de tambor tambi\u00e9n se puede utilizar junto con la <strong><a href=\"https:\/\/charcoalplant.com\/es\/wood-wastes-recycling-machine\/hammer-mill\/\">molino de martillos<\/a><\/strong> en la l\u00ednea de producci\u00f3n de carb\u00f3n vegetal y en la l\u00ednea de producci\u00f3n de aserr\u00edn.<\/li>    <li>Estas astillas de madera se pueden utilizar para la creaci\u00f3n art\u00edstica en la industria del arte.<\/li> <\/ol>    <figure class=\"wp-block-gallery has-nested-images columns-default is-cropped wp-block-gallery-6 is-layout-flex wp-block-gallery-is-layout-flex\"> <figure class=\"wp-block-image size-large\"><img loading=\"lazy\" decoding=\"async\" width=\"720\" height=\"540\" data-id=\"2102\" src=\"https:\/\/charcoalplant.com\/wp-content\/uploads\/2022\/01\/waste-wood-chips.jpg\" alt=\"astillas de madera de desecho\" class=\"wp-image-2102\"\/><figcaption class=\"wp-element-caption\">astillas de madera de desecho<\/figcaption><\/figure> <\/figure>    <h2 class=\"wp-block-heading\" id=\"large-wood-chipper-parameters\"><strong>Par\u00e1metros de la trituradora de madera grande<\/strong><\/h2>    <figure class=\"wp-block-table is-style-stripes\"><table><tbody><tr><td>Modelo<\/td><td>SL-DW218<\/td><td>SL-DW216<\/td><\/tr><tr><td>Cantidad de cuchillos<\/td><td>2\/4<\/td><td>2\/4<\/td><\/tr><tr><td>Tama\u00f1o de alimentaci\u00f3n<\/td><td>300*680\u00a0mil\u00edmetro<\/td><td>230*500 mil\u00edmetros<\/td><\/tr><tr><td>Capacidad<\/td><td>10-15 t\/h<\/td><td>5-8t\/h<\/td><\/tr><tr><td>Dimensi\u00f3n de la materia prima<\/td><td>\u2264300 mm<\/td><td>\u2264230\u00a0mm<\/td><\/tr><tr><td>Tama\u00f1o de astillas de madera<\/td><td>25 mm (ajustable)<\/td><td>25mm (ajustable)<\/td><\/tr><tr><td>Poder principal<\/td><td>110kw<\/td><td>55kw<\/td><\/tr><tr><td>Peso<\/td><td>8600 kilos<\/td><td>5600 kilogramos<\/td><\/tr><tr><td>Transportador de entrada de alimentaci\u00f3n<\/td><td>6 metros<\/td><td>6 metros<\/td><\/tr><tr><td>Transportador de salida<\/td><td>8 metros<\/td><td>8 metros<\/td><\/tr><tr><td>Tama\u00f1o<\/td><td>3105*2300*1650\u00a0mil\u00edmetro<\/td><td>2735*2200*1200 mil\u00edmetros<\/td><\/tr><\/tbody><\/table><figcaption class=\"wp-element-caption\">Los rollos de cuchillas de ambas astilladoras de tambor pueden contener de 2 a 4 cuchillas. El rodillo de cuchillas de 4 cuchillas tritura las astillas de madera en tama\u00f1os m\u00e1s finos y regulares.<\/figcaption><\/figure>    <h2 class=\"wp-block-heading\" id=\"difference-between-drum-chipper-and-disc-wood-chipper\"><strong>Diferencia entre astilladora de tambor y astilladora de disco<\/strong><\/h2>    <ol class=\"wp-block-list\"> <li>El tama\u00f1o de avance de la m\u00e1quina para fabricar astillas de madera grandes es grande. Y puede manipular madera de hasta 35 cm de di\u00e1metro.<\/li>    <li>El <strong><a href=\"https:\/\/charcoalplant.com\/es\/wood-wastes-recycling-machine\/log-chipper\/\">trituradora de madera de disco<\/a><\/strong> maneja la misma cantidad de materia prima que la trituradora de bamb\u00fa grande y la trituradora de tambor consume menos energ\u00eda.<\/li>    <li>La trituradora de madera com\u00fan es de tama\u00f1o peque\u00f1o. Las astilladoras de tambor de gran volumen con cintas transportadoras son voluminosas y costosas de transportar.<\/li> <\/ol>    <figure class=\"wp-block-gallery has-nested-images columns-default is-cropped wp-block-gallery-7 is-layout-flex wp-block-gallery-is-layout-flex\"> <figure class=\"wp-block-image size-large\"><img loading=\"lazy\" decoding=\"async\" width=\"720\" height=\"540\" data-id=\"2105\" src=\"https:\/\/charcoalplant.com\/wp-content\/uploads\/2022\/01\/bamboo-chipper-plant.jpg\" alt=\"planta-trituradora-de-bambu\" class=\"wp-image-2105\"\/><figcaption class=\"wp-element-caption\">planta-trituradora-de-bambu<\/figcaption><\/figure> <\/figure>    <h2 class=\"wp-block-heading\" id=\"h-faq-for-drum-chips-cutting-machine\"><strong>Preguntas m\u00e1s frecuentes<\/strong> <strong>para cortadora de virutas de tambor<\/strong><\/h2>   <div id=\"rank-math-faq\" class=\"rank-math-block\"> <div class=\"rank-math-list\"> <div id=\"faq-question-1673252653718\" class=\"rank-math-list-item\"> <h3 class=\"rank-math-question\"><strong>\u00bfEnviar\u00e1 al ingeniero para que gu\u00ede la instalaci\u00f3n?<\/strong><\/h3> <div class=\"rank-math-answer\">  <p>S\u00ed, seg\u00fan los requisitos del cliente, enviaremos ingenieros para guiar la instalaci\u00f3n y capacitar sobre el funcionamiento de las m\u00e1quinas.<\/p>  <\/div> <\/div> <div id=\"faq-question-1673252663679\" class=\"rank-math-list-item\"> <h3 class=\"rank-math-question\"><strong>\u00bfC\u00f3mo s\u00e9 la calidad de su m\u00e1quina?<\/strong><\/h3> <div class=\"rank-math-answer\">  <p>Puede enviarnos sus materiales de desecho de muestra y probaremos la m\u00e1quina por usted sin cobrar tarifas. Y podemos enviarle el v\u00eddeo de prueba de la m\u00e1quina. Tambi\u00e9n le damos una calurosa bienvenida a visitar nuestra f\u00e1brica para probar nuestra m\u00e1quina personalmente.<\/p>  <\/div> <\/div> <div id=\"faq-question-1673252682871\" class=\"rank-math-list-item\"> <h3 class=\"rank-math-question\"><strong>\u00bfLa instalaci\u00f3n de la trituradora de tambor requiere una base?<\/strong><\/h3> <div class=\"rank-math-answer\">  <p>No, hay equipos de transporte y descarga debajo de la m\u00e1quina.<\/p>  <\/div> <\/div> <\/div> <\/div>   <h2 class=\"wp-block-heading\" id=\"h-large-wood-chipper-manufacturer\"><strong>Gran fabricante de trituradoras de madera<\/strong><\/h2>    <figure class=\"wp-block-gallery has-nested-images columns-default is-cropped wp-block-gallery-8 is-layout-flex wp-block-gallery-is-layout-flex\"> <figure class=\"wp-block-image size-large\"><img loading=\"lazy\" decoding=\"async\" width=\"720\" height=\"540\" data-id=\"2103\" src=\"https:\/\/charcoalplant.com\/wp-content\/uploads\/2022\/01\/our-plant-.jpg\" alt=\"Nuestra planta\" class=\"wp-image-2103\"\/><figcaption class=\"wp-element-caption\">Nuestra planta<\/figcaption><\/figure>    <figure class=\"wp-block-image size-large\"><img loading=\"lazy\" decoding=\"async\" width=\"720\" height=\"540\" data-id=\"2104\" src=\"https:\/\/charcoalplant.com\/wp-content\/uploads\/2022\/01\/parts.jpg\" alt=\"partes\" class=\"wp-image-2104\"\/><figcaption class=\"wp-element-caption\">partes<\/figcaption><\/figure> <\/figure>    <p class=\"translation-block\">Shuliy Machinery Equipment Co., Ltd. ha estado involucrada en la <strong><a href=\"https:\/\/charcoalplant.com\/es\/industrial-comprehensive-crusher\/\">industria de reciclaje de madera<\/a><\/strong> durante muchos a\u00f1os. Por lo tanto hemos cooperado con muchos pa\u00edses con \u00e9xito. Esto sent\u00f3 las bases para el actual buen desarrollo de nuestra empresa. Las piezas de equipo que hemos seleccionado cumplen con los indicadores de uso internacional, y la maquinaria es fina y duradera y ha recibido elogios un\u00e1nimes de los clientes. Bienvenido a visitar nuestra f\u00e1brica. Cont\u00e1ctenos ahora para informaci\u00f3n sobre precios de productos.&nbsp;<\/p>","protected":false},"excerpt":{"rendered":"<p>La trituradora de tambor es una trituradora de madera grande y de alta gama, que est\u00e1 equipada con un dispositivo hidr\u00e1ulico para procesar r\u00e1pidamente materiales de gran di\u00e1metro.<\/p>","protected":false},"author":1,"featured_media":946,"parent":0,"template":"","tags":[64],"product-type":[3],"class_list":["post-786","product","type-product","status-publish","has-post-thumbnail","hentry","tag-wood-wastes-recycling-machine","product-type-wood-wastes-recycling-machine"],"_links":{"self":[{"href":"https:\/\/charcoalplant.com\/es\/wp-json\/wp\/v2\/product\/786","targetHints":{"allow":["GET"]}}],"collection":[{"href":"https:\/\/charcoalplant.com\/es\/wp-json\/wp\/v2\/product"}],"about":[{"href":"https:\/\/charcoalplant.com\/es\/wp-json\/wp\/v2\/types\/product"}],"author":[{"embeddable":true,"href":"https:\/\/charcoalplant.com\/es\/wp-json\/wp\/v2\/users\/1"}],"wp:featuredmedia":[{"embeddable":true,"href":"https:\/\/charcoalplant.com\/es\/wp-json\/wp\/v2\/media\/946"}],"wp:attachment":[{"href":"https:\/\/charcoalplant.com\/es\/wp-json\/wp\/v2\/media?parent=786"}],"wp:term":[{"taxonomy":"post_tag","embeddable":true,"href":"https:\/\/charcoalplant.com\/es\/wp-json\/wp\/v2\/tags?post=786"},{"taxonomy":"product-type","embeddable":true,"href":"https:\/\/charcoalplant.com\/es\/wp-json\/wp\/v2\/product-type?post=786"}],"curies":[{"name":"wp","href":"https:\/\/api.w.org\/{rel}","templated":true}]}}