{"id":789,"date":"2021-11-24T07:05:55","date_gmt":"2021-11-24T07:05:55","guid":{"rendered":"https:\/\/charcoalplant.com\/?p=789"},"modified":"2026-02-11T10:52:06","modified_gmt":"2026-02-11T02:52:06","slug":"wood-peeling-machine","status":"publish","type":"product","link":"https:\/\/charcoalplant.com\/es\/product\/wood-peeling-machine\/","title":{"rendered":"Peladora de madera | Descortezadora de troncos vertical y de artesa"},"content":{"rendered":"<div class=\"kk-star-ratings kksr-auto kksr-align-left kksr-valign-top\"     data-payload='{&quot;align&quot;:&quot;left&quot;,&quot;id&quot;:&quot;789&quot;,&quot;slug&quot;:&quot;default&quot;,&quot;valign&quot;:&quot;top&quot;,&quot;ignore&quot;:&quot;&quot;,&quot;reference&quot;:&quot;auto&quot;,&quot;class&quot;:&quot;&quot;,&quot;count&quot;:&quot;7&quot;,&quot;legendonly&quot;:&quot;&quot;,&quot;readonly&quot;:&quot;&quot;,&quot;score&quot;:&quot;4.5&quot;,&quot;starsonly&quot;:&quot;&quot;,&quot;best&quot;:&quot;5&quot;,&quot;gap&quot;:&quot;5&quot;,&quot;greet&quot;:&quot;Rate this product&quot;,&quot;legend&quot;:&quot;4.5\\\/5 - (7 votos)&quot;,&quot;size&quot;:&quot;24&quot;,&quot;title&quot;:&quot;Wood Peeling Machine | Vertical \\u0026amp; Trough Log Debarker&quot;,&quot;width&quot;:&quot;128&quot;,&quot;_legend&quot;:&quot;{score}\\\/{best} - ({count} {votes})&quot;,&quot;font_factor&quot;:&quot;1.25&quot;}'>              <div class=\"kksr-stars\">      <div class=\"kksr-stars-inactive\">             <div class=\"kksr-star\" data-star=\"1\" style=\"padding-right: 5px\">               <div class=\"kksr-icon\" style=\"width: 24px; height: 24px;\"><\/div>         <\/div>             <div class=\"kksr-star\" data-star=\"2\" style=\"padding-right: 5px\">               <div class=\"kksr-icon\" style=\"width: 24px; height: 24px;\"><\/div>         <\/div>             <div class=\"kksr-star\" data-star=\"3\" style=\"padding-right: 5px\">               <div class=\"kksr-icon\" style=\"width: 24px; height: 24px;\"><\/div>         <\/div>             <div class=\"kksr-star\" data-star=\"4\" style=\"padding-right: 5px\">               <div class=\"kksr-icon\" style=\"width: 24px; height: 24px;\"><\/div>         <\/div>             <div class=\"kksr-star\" data-star=\"5\" style=\"padding-right: 5px\">               <div class=\"kksr-icon\" style=\"width: 24px; height: 24px;\"><\/div>         <\/div>     <\/div>      <div class=\"kksr-stars-active\" style=\"width: 128px;\">             <div class=\"kksr-star\" style=\"padding-right: 5px\">               <div class=\"kksr-icon\" style=\"width: 24px; height: 24px;\"><\/div>         <\/div>             <div class=\"kksr-star\" style=\"padding-right: 5px\">               <div class=\"kksr-icon\" style=\"width: 24px; height: 24px;\"><\/div>         <\/div>             <div class=\"kksr-star\" style=\"padding-right: 5px\">               <div class=\"kksr-icon\" style=\"width: 24px; height: 24px;\"><\/div>         <\/div>             <div class=\"kksr-star\" style=\"padding-right: 5px\">               <div class=\"kksr-icon\" style=\"width: 24px; height: 24px;\"><\/div>         <\/div>             <div class=\"kksr-star\" style=\"padding-right: 5px\">               <div class=\"kksr-icon\" style=\"width: 24px; height: 24px;\"><\/div>         <\/div>     <\/div> <\/div>                   <div class=\"kksr-legend\" style=\"font-size: 19.2px;\">             4,5\/5 - (7 votos)    <\/div>     <\/div>  <p class=\"translation-block\"><strong>La m\u00e1quina peladora de madera<\/strong> es un equipo necesario para algunas industrias de reciclaje de madera. Puede pelar la piel de manera autom\u00e1tica y eficiente, logrando una tasa de pelado de 95%. La m\u00e1quina desbarkadora de troncos producida por Shuliy fabricante de maquinaria incluye <strong><a href=\"https:\/\/charcoalplant.com\/es\/info\/ukrainian-furniture-factory-purchased-a-tree-peeling-machine\/\">m\u00e1quinas desbarkadoras de troncos verticales<\/a><\/strong>, m\u00e1quinas desbarkadoras de troncos en canal y m\u00e1quinas peladoras horizontales. Los siguientes son los primeros dos tipos de m\u00e1quinas peladoras de madera. Bienvenido a revisar, si est\u00e1 interesado en nuestro equipo, por favor cont\u00e1ctenos a tiempo. Y le proporcionaremos precios competitivos.<\/p>    <figure class=\"wp-block-embed is-type-video is-provider-youtube wp-block-embed-youtube wp-embed-aspect-16-9 wp-has-aspect-ratio\"><div class=\"wp-block-embed__wrapper\"> <iframe loading=\"lazy\" title=\"M\u00e1quina de descortezar madera de alta resistencia \u2013 Funciona para troncos de hasta 70 cm de di\u00e1metro\" width=\"500\" height=\"281\" src=\"https:\/\/www.youtube.com\/embed\/dvOIuDBpmCs?feature=oembed\" frameborder=\"0\" allow=\"accelerometer; autoplay; clipboard-write; encrypted-media; gyroscope; picture-in-picture; web-share\" referrerpolicy=\"strict-origin-when-cross-origin\" allowfullscreen><\/iframe> <\/div><\/figure>    <h2 class=\"wp-block-heading\" id=\"h-vertical-wood-peeling-machine\"><strong>Tipo 1<\/strong>:<strong>peladora de madera vertical<\/strong> <strong>en venta<\/strong><\/h2>    <p>Las m\u00e1quinas peladoras de madera verticales pueden procesar eucaliptos, \u00e1rboles frutales, acacia, aliso, pino, algarrobo, haya y troncos de acacia. Si la madera est\u00e1 recta y libre de nudos. La m\u00e1quina peladora de madera dura puede alcanzar una velocidad de pelado de m\u00e1s de 98%.<\/p>    <figure class=\"wp-block-gallery has-nested-images columns-default is-cropped wp-block-gallery-2 is-layout-flex wp-block-gallery-is-layout-flex\"> <figure class=\"wp-block-image size-large\"><img loading=\"lazy\" decoding=\"async\" width=\"720\" height=\"540\" data-id=\"2152\" src=\"https:\/\/charcoalplant.com\/wp-content\/uploads\/2022\/01\/log.jpg\" alt=\"\" class=\"wp-image-2152\"\/><figcaption class=\"wp-element-caption\">registro<\/figcaption><\/figure>    <figure class=\"wp-block-image size-large\"><img loading=\"lazy\" decoding=\"async\" width=\"720\" height=\"540\" data-id=\"2153\" src=\"https:\/\/charcoalplant.com\/wp-content\/uploads\/2022\/01\/wood.jpg\" alt=\"madera\" class=\"wp-image-2153\"\/><figcaption class=\"wp-element-caption\">madera<\/figcaption><\/figure> <\/figure>    <h3 class=\"wp-block-heading\" id=\"h-structure-of-vertical-wood-peeling-machine\"><strong>Estructura de la m\u00e1quina peladora de madera vertical.<\/strong><strong><\/strong><\/h3>    <p>Es una m\u00e1quina peladora de madera con una estructura simple, que se compone principalmente de un rodillo prensador, un cabezal cortador y un marco. Hay un total de 8 rodillos de presi\u00f3n, 4 rodillos de presi\u00f3n cada uno en el puerto de alimentaci\u00f3n y en el puerto de descarga. Las cuchillas tienen forma de abanico, estrechas en la parte inferior y anchas en la parte superior, y se pueden instalar 4 o 6 cuchillas en el cabezal de corte. El n\u00famero de herramientas instaladas se puede ajustar adecuadamente.<\/p>    <figure class=\"wp-block-gallery has-nested-images columns-2 is-cropped wp-block-gallery-3 is-layout-flex wp-block-gallery-is-layout-flex\"> <figure class=\"wp-block-image size-full\"><img loading=\"lazy\" decoding=\"async\" width=\"720\" height=\"540\" data-id=\"2158\" src=\"https:\/\/charcoalplant.com\/wp-content\/uploads\/2022\/01\/bend-blade-1.jpg\" alt=\"hoja curva\" class=\"wp-image-2158\"\/><figcaption class=\"wp-element-caption\">hoja curva<\/figcaption><\/figure>    <figure class=\"wp-block-image size-large\"><img loading=\"lazy\" decoding=\"async\" width=\"720\" height=\"540\" data-id=\"2155\" src=\"https:\/\/charcoalplant.com\/wp-content\/uploads\/2022\/01\/Infeed-and-Outfeed-Rollers-\u526f\u672c.jpg\" alt=\"Rodillos de entrada y salida\" class=\"wp-image-2155\"\/><figcaption class=\"wp-element-caption\">Rodillos de entrada y salida<\/figcaption><\/figure> <\/figure>    <h3 class=\"wp-block-heading\" id=\"h-working-principle-of-vertical-log-debarker\"><strong>W.<\/strong><strong>principio de funcionamiento de la vertical <\/strong><strong>descortezador de troncos<\/strong><strong><\/strong><\/h3>    <p>La madera de eucalipto o pino se introduce en el puerto de alimentaci\u00f3n manualmente o mediante una cinta transportadora, y el rodillo de presi\u00f3n en el puerto de alimentaci\u00f3n gira para enrollar la madera en la m\u00e1quina. El cabezal de corte utiliza el principio retr\u00e1ctil para pelar madera de diferentes di\u00e1metros. La madera pelada sale suavemente mediante el rodillo de presi\u00f3n en el puerto de descarga. Los rodillos de presi\u00f3n en la parte delantera y trasera de la m\u00e1quina tienen resortes de desaceleraci\u00f3n que pueden levantar y dejar caer la madera.<\/p>    <figure class=\"wp-block-gallery has-nested-images columns-default is-cropped wp-block-gallery-4 is-layout-flex wp-block-gallery-is-layout-flex\"> <figure class=\"wp-block-image size-large is-style-default\"><img loading=\"lazy\" decoding=\"async\" width=\"720\" height=\"540\" data-id=\"2159\" src=\"https:\/\/charcoalplant.com\/wp-content\/uploads\/2022\/01\/log-peeler-machine-show.jpg\" alt=\"m\u00e1quina-peladora-de-troncos-show\" class=\"wp-image-2159\"\/><figcaption class=\"wp-element-caption\">m\u00e1quina-peladora-de-troncos-show<\/figcaption><\/figure> <\/figure>    <h3 class=\"wp-block-heading\" id=\"video-of-log-debarker\"><strong>V\u00eddeo del descortezador de troncos.<\/strong><\/h3>    <p>Este v\u00eddeo le mostrar\u00e1 el sorprendente efecto exfoliante del pelador de corteza. Si te gusta dale me gusta y suscr\u00edbete.<\/p>    <figure class=\"wp-block-embed is-type-video is-provider-youtube wp-block-embed-youtube wp-embed-aspect-16-9 wp-has-aspect-ratio\"><div class=\"wp-block-embed__wrapper\"> <iframe loading=\"lazy\" title=\"Descortezador de troncos | Equipos de pelado y reciclaje de madera#m\u00e1quina peladora de madera#logrecyclingplant\" width=\"500\" height=\"281\" src=\"https:\/\/www.youtube.com\/embed\/WxfVBov0gY4?feature=oembed\" frameborder=\"0\" allow=\"accelerometer; autoplay; clipboard-write; encrypted-media; gyroscope; picture-in-picture; web-share\" referrerpolicy=\"strict-origin-when-cross-origin\" allowfullscreen><\/iframe> <\/div><\/figure>    <h3 class=\"wp-block-heading\" id=\"h-features-of-vertical-wood-peeling-machine\"><strong>Caracter\u00edstica<\/strong><strong>s de peladora vertical de madera<\/strong><strong><\/strong><\/h3>    <p>1. Puede manipular madera de gran di\u00e1metro (5-35 cm).<\/p>    <p>2. Su velocidad de procesamiento es r\u00e1pida, 10 m\/min.<\/p>    <p>3. Puede pelar la piel limpiamente y no da\u00f1a la madera.<\/p>    <figure class=\"wp-block-gallery has-nested-images columns-default is-cropped wp-block-gallery-5 is-layout-flex wp-block-gallery-is-layout-flex\"> <figure class=\"wp-block-image size-large\"><img loading=\"lazy\" decoding=\"async\" width=\"720\" height=\"540\" data-id=\"2161\" src=\"https:\/\/charcoalplant.com\/wp-content\/uploads\/2022\/01\/peeled-tree.jpg\" alt=\"\u00e1rbol pelado\" class=\"wp-image-2161\"\/><figcaption class=\"wp-element-caption\">\u00e1rbol pelado<\/figcaption><\/figure>    <figure class=\"wp-block-image size-full\"><img loading=\"lazy\" decoding=\"async\" width=\"720\" height=\"540\" data-id=\"863\" src=\"https:\/\/charcoalplant.com\/wp-content\/uploads\/2021\/11\/Finished-product-display-1.jpg\" alt=\"Exhibici\u00f3n de producto terminado\" class=\"wp-image-863\" srcset=\"https:\/\/charcoalplant.com\/wp-content\/uploads\/2021\/11\/Finished-product-display-1.jpg 720w, https:\/\/charcoalplant.com\/wp-content\/uploads\/2021\/11\/Finished-product-display-1-300x225.jpg 300w\" sizes=\"auto, (max-width: 720px) 100vw, 720px\" \/><figcaption class=\"wp-element-caption\">Exhibici\u00f3n de producto terminado<\/figcaption><\/figure> <\/figure>    <p>4. Tiene una estructura compacta y ocupa poco espacio. Por lo que el env\u00edo cuesta bajo.<\/p>    <figure class=\"wp-block-gallery has-nested-images columns-default is-cropped wp-block-gallery-6 is-layout-flex wp-block-gallery-is-layout-flex\"> <figure class=\"wp-block-image size-large\"><img loading=\"lazy\" decoding=\"async\" width=\"720\" height=\"540\" data-id=\"1870\" src=\"https:\/\/charcoalplant.com\/wp-content\/uploads\/2022\/01\/movable-log-debarker.jpg\" alt=\"descortezadora-de-troncos-movil\" class=\"wp-image-1870\" srcset=\"https:\/\/charcoalplant.com\/wp-content\/uploads\/2022\/01\/movable-log-debarker.jpg 720w, https:\/\/charcoalplant.com\/wp-content\/uploads\/2022\/01\/movable-log-debarker-300x225.jpg 300w\" sizes=\"auto, (max-width: 720px) 100vw, 720px\" \/><figcaption class=\"wp-element-caption\">descortezadora-de-troncos-movil<\/figcaption><\/figure>    <figure class=\"wp-block-image size-large\"><img loading=\"lazy\" decoding=\"async\" width=\"720\" height=\"540\" data-id=\"871\" src=\"https:\/\/charcoalplant.com\/wp-content\/uploads\/2021\/11\/Wooden-box-shipment-1.jpg\" alt=\"Env\u00edo en caja de madera\" class=\"wp-image-871\" srcset=\"https:\/\/charcoalplant.com\/wp-content\/uploads\/2021\/11\/Wooden-box-shipment-1.jpg 720w, https:\/\/charcoalplant.com\/wp-content\/uploads\/2021\/11\/Wooden-box-shipment-1-300x225.jpg 300w\" sizes=\"auto, (max-width: 720px) 100vw, 720px\" \/><figcaption class=\"wp-element-caption\">Env\u00edo en caja de madera<\/figcaption><\/figure> <\/figure>    <h3 class=\"wp-block-heading\" id=\"vertical-tree-peeling-machine-parameters\"><strong>Par\u00e1metros de la m\u00e1quina peladora de \u00e1rboles vertical.<\/strong><\/h3>    <figure class=\"wp-block-table is-style-stripes\"><table><tbody><tr><td><strong>Modelo<\/strong><\/td><td><strong>SL-WP320<\/strong><\/td><td><strong>SL-WP370<\/strong><\/td><\/tr><tr><td><strong>Fuerza<\/strong><\/td><td>7,5+2,2 kw<\/td><td>7,5+2,2 kw<\/td><\/tr><tr><td><strong>Velocidad de trabajo<\/strong><\/td><td>10 m\/min<\/td><td>10 m\/min<\/td><\/tr><tr><td><strong>Di\u00e1metro de madera aplicable<\/strong><\/td><td>50-320 mm<\/td><td>80-350 mm<\/td><\/tr><tr><td><strong>Tama\u00f1o de la m\u00e1quina<\/strong><\/td><td>2450*1400*1700mm<\/td><td>2450*1400*1700mm<\/td><\/tr><\/tbody><\/table><\/figure>    <h2 class=\"wp-block-heading\" id=\"h-trough-log-debarker\"><strong>Tipo 2:<\/strong> <strong>descortezadora de troncos en canal<\/strong><\/h2>    <p>La m\u00e1quina peladora de artesa puede manejar m\u00e1s tipos de madera, incluidas ramas, eucaliptos, \u00e1lamos, \u00e1rboles frutales, pinos, madera de langosta, etc. No importa si la longitud de la madera es diferente, la curvatura es diferente y la humedad es diferente, Puedes pelarlo en la m\u00e1quina.<\/p>    <figure class=\"wp-block-gallery has-nested-images columns-default is-cropped wp-block-gallery-7 is-layout-flex wp-block-gallery-is-layout-flex\"> <figure class=\"wp-block-image size-full\"><img loading=\"lazy\" decoding=\"async\" width=\"591\" height=\"422\" data-id=\"2166\" src=\"https:\/\/charcoalplant.com\/wp-content\/uploads\/2022\/01\/small-log.png\" alt=\"tronco peque\u00f1o\" class=\"wp-image-2166\"\/><figcaption class=\"wp-element-caption\">tronco peque\u00f1o<\/figcaption><\/figure>    <figure class=\"wp-block-image size-full\"><img loading=\"lazy\" decoding=\"async\" width=\"720\" height=\"540\" data-id=\"2167\" src=\"https:\/\/charcoalplant.com\/wp-content\/uploads\/2022\/01\/lot-of-wood-1.jpg\" alt=\"mucha madera\" class=\"wp-image-2167\"\/><figcaption class=\"wp-element-caption\">mucha madera<\/figcaption><\/figure> <\/figure>    <h3 class=\"wp-block-heading\" id=\"h-structure-of-tree-bark-peeling-machine\"><strong>Estructura de la m\u00e1quina peladora de troncos.<\/strong><\/h3>    <p>La m\u00e1quina descortezadora de artesa consta de cinco partes: rodillo descortezador, entrada de alimento, salida de descortezado, salida de madera y dispositivo de transmisi\u00f3n de potencia. Adopta un pelado tipo rodillo, una estructura simple y resistente, una gran rigidez, una baja tasa de fallas y una larga vida \u00fatil.<\/p>    <figure class=\"wp-block-gallery has-nested-images columns-default is-cropped wp-block-gallery-8 is-layout-flex wp-block-gallery-is-layout-flex\"> <figure class=\"wp-block-image size-full\"><img loading=\"lazy\" decoding=\"async\" width=\"720\" height=\"540\" data-id=\"867\" src=\"https:\/\/charcoalplant.com\/wp-content\/uploads\/2021\/11\/Export-1.jpg\" alt=\"salida de la peladora de madera\" class=\"wp-image-867\" srcset=\"https:\/\/charcoalplant.com\/wp-content\/uploads\/2021\/11\/Export-1.jpg 720w, https:\/\/charcoalplant.com\/wp-content\/uploads\/2021\/11\/Export-1-300x225.jpg 300w\" sizes=\"auto, (max-width: 720px) 100vw, 720px\" \/><figcaption class=\"wp-element-caption\">salida de la peladora de madera<\/figcaption><\/figure>    <figure class=\"wp-block-image size-large\"><img loading=\"lazy\" decoding=\"async\" width=\"720\" height=\"540\" data-id=\"2170\" src=\"https:\/\/charcoalplant.com\/wp-content\/uploads\/2022\/01\/Internal-structure-of-wood-peeling-machine.jpg\" alt=\"Estructura-interna-de-la-peladora-de-madera\" class=\"wp-image-2170\"\/><figcaption class=\"wp-element-caption\">Estructura-interna-de-la-peladora-de-madera<\/figcaption><\/figure> <\/figure>    <h3 class=\"wp-block-heading\" id=\"h-working-principle-of-trough-log-debarker\"><strong>Principio de funcionamiento del comedero. <\/strong><strong>descortezador de troncos<\/strong><strong><\/strong><\/h3>    <p>La m\u00e1quina peladora de madera en artesa utiliza la fuerza generada por el rotor con dientes de pelado escalonados para hacer que la secci\u00f3n de madera circule en la artesa. La madera del comedero salta de forma irregular. Por lo tanto, la fricci\u00f3n y el impacto a largo plazo entre la secci\u00f3n de madera y los dientes, la secci\u00f3n de madera y la secci\u00f3n de madera, y la secci\u00f3n de madera y el canal del silo hacen que la corteza y el tronco se descompongan y pelen r\u00e1pidamente, para lograr el pelado. .<\/p>    <figure class=\"wp-block-gallery has-nested-images columns-2 is-cropped wp-block-gallery-9 is-layout-flex wp-block-gallery-is-layout-flex\"> <figure class=\"wp-block-image size-full\"><img loading=\"lazy\" decoding=\"async\" width=\"720\" height=\"540\" data-id=\"876\" src=\"https:\/\/charcoalplant.com\/wp-content\/uploads\/2021\/11\/Trough-log-debarker-1.jpg\" alt=\"Descortezador de troncos de artesa\" class=\"wp-image-876\" srcset=\"https:\/\/charcoalplant.com\/wp-content\/uploads\/2021\/11\/Trough-log-debarker-1.jpg 720w, https:\/\/charcoalplant.com\/wp-content\/uploads\/2021\/11\/Trough-log-debarker-1-300x225.jpg 300w\" sizes=\"auto, (max-width: 720px) 100vw, 720px\" \/><figcaption class=\"wp-element-caption\">Descortezador de troncos de artesa<\/figcaption><\/figure> <\/figure>    <h3 class=\"wp-block-heading\" id=\"h-features-of-trough-peeling-machine\"><strong>Caracter\u00edsticas de la m\u00e1quina peladora de artesa.<\/strong><\/h3>    <p>1. Manipulaci\u00f3n de madera de peque\u00f1o tama\u00f1o; el di\u00e1metro m\u00e1ximo de la madera no supera los 30 cm.<\/p>    <p>2. Se puede procesar una gran cantidad de madera a la vez; se puede procesar madera de diferentes tama\u00f1os al mismo tiempo.<\/p>    <p>3. La roller de la m\u00e1quina peladora no es f\u00e1cil de da\u00f1ar, no tiene accesorios y tiene una larga vida \u00fatil.<\/p>    <p>4.\u00a0Los modelos de tanques comunes son de 5 m, 6 m y 12 m; se pueden alargar.<\/p>    <h3 class=\"wp-block-heading\" id=\"trough-peeling-machine-parameters\"><strong>Peladora de troncos<\/strong> <strong>par\u00e1metros<\/strong><\/h3>    <figure class=\"wp-block-table is-style-stripes\"><table><tbody><tr><td><strong>Modelo<\/strong><\/td><td>6m (un solo rodillo)<\/td><td>6m (rodillos dobles)<\/td><td>9m (rodillos dobles)<\/td><td>rodillos dobles de 12m<\/td><\/tr><tr><td><strong>Capacidad<\/strong><\/td><td>3-7t\/h<\/td><td>7-15t\/h<\/td><td>15-25t\/h<\/td><td>25-30t\/h<\/td><\/tr><tr><td><strong>Fuerza<\/strong><\/td><td>7,5 kw<\/td><td>7,5+2kw<\/td><td>7,5+2kw<\/td><td>7,5+2kw<\/td><\/tr><tr><td><strong>Longitud<\/strong><\/td><td>6300 mm<\/td><td>6300 mm<\/td><td>9000mm<\/td><td>12600 mm<\/td><\/tr><tr><td><strong>Ancho<\/strong><\/td><td>1200 mm<\/td><td>1310 mm<\/td><td>1500 mm<\/td><td>1550 mm<\/td><\/tr><tr><td><strong>Altura<\/strong><\/td><td>1500 mm<\/td><td>1550 mm<\/td><td>1600 mm<\/td><td>1650 mm<\/td><\/tr><\/tbody><\/table><\/figure>    <h2 class=\"wp-block-heading\" id=\"application-of-peeled-wood\"><strong>Aplicaci\u00f3n de madera pelada<\/strong><\/h2>    <p>La madera pelada se puede utilizar en una variedad de aplicaciones, incluidos usos decorativos y funcionales. Algunos usos comunes de la madera pelada incluyen:<\/p>    <ol class=\"wp-block-list\"> <li><strong>Muebles r\u00fasticos:<\/strong> La madera pelada se puede utilizar para crear muebles r\u00fasticos y de aspecto natural, como mesas de caf\u00e9, mesas de comedor y bancos.<\/li>    <li><strong>Revestimientos de paredes:<\/strong> La madera pelada se puede utilizar para crear un aspecto natural y r\u00fastico en las paredes, ya sea como elemento decorativo o como forma funcional de ocultar imperfecciones.<\/li>    <li><strong>Borde de jard\u00edn:<\/strong> La madera pelada se puede utilizar para crear un borde de aspecto natural alrededor de un jard\u00edn o parterre de flores.<\/li>    <li><strong>Esgrima:<\/strong> La madera pelada se puede utilizar para crear una cerca de aspecto r\u00fastico y natural, ya sea como elemento decorativo o para marcar los l\u00edmites de una propiedad.<\/li>    <li><strong>Proyectos artesanales:<\/strong> La madera pelada se puede utilizar en una variedad de proyectos artesanales, como la creaci\u00f3n de letreros o decoraciones r\u00fasticas.<\/li>    <li><strong>Paisajismo:<\/strong> La madera pelada se puede utilizar en proyectos de paisajismo para crear elementos de aspecto natural, como muros de contenci\u00f3n o parterres elevados.<\/li> <\/ol>    <div class=\"wp-block-columns is-layout-flex wp-container-core-columns-is-layout-28f84493 wp-block-columns-is-layout-flex\"> <div class=\"wp-block-column is-layout-flow wp-block-column-is-layout-flow\"> <p class=\"translation-block\"><strong>Fabricar estacas<\/strong><\/p>    <figure class=\"wp-block-gallery has-nested-images columns-default is-cropped wp-block-gallery-10 is-layout-flex wp-block-gallery-is-layout-flex\"> <figure class=\"wp-block-image size-large\"><img loading=\"lazy\" decoding=\"async\" width=\"720\" height=\"540\" data-id=\"2171\" src=\"https:\/\/charcoalplant.com\/wp-content\/uploads\/2022\/01\/wood-stakes.jpg\" alt=\"\" class=\"wp-image-2171\"\/><\/figure> <\/figure> <\/div>    <div class=\"wp-block-column is-layout-flow wp-block-column-is-layout-flow\"> <p class=\"translation-block\"><strong>Fabricar materiales de construcci\u00f3n para casas de madera<\/strong><\/p>    <figure class=\"wp-block-gallery has-nested-images columns-default is-cropped wp-block-gallery-11 is-layout-flex wp-block-gallery-is-layout-flex\"> <figure class=\"wp-block-image size-large\"><img loading=\"lazy\" decoding=\"async\" width=\"720\" height=\"540\" data-id=\"2172\" src=\"https:\/\/charcoalplant.com\/wp-content\/uploads\/2022\/01\/houses.jpg\" alt=\"\" class=\"wp-image-2172\"\/><\/figure> <\/figure> <\/div> <\/div>    <div class=\"wp-block-columns is-layout-flex wp-container-core-columns-is-layout-28f84493 wp-block-columns-is-layout-flex\"> <div class=\"wp-block-column is-layout-flow wp-block-column-is-layout-flow\"> <p><strong><a href=\"https:\/\/charcoalplant.com\/es\/wood-wastes-recycling-machine\/movable-log-sawmill\/\">Usa una sierra para hacer tablas.<\/a><\/strong><\/p>    <figure class=\"wp-block-gallery has-nested-images columns-default is-cropped wp-block-gallery-12 is-layout-flex wp-block-gallery-is-layout-flex\"> <figure class=\"wp-block-image size-large\"><img loading=\"lazy\" decoding=\"async\" width=\"720\" height=\"540\" data-id=\"2173\" src=\"https:\/\/charcoalplant.com\/wp-content\/uploads\/2022\/01\/wood-board-2.jpg\" alt=\"\" class=\"wp-image-2173\"\/><\/figure> <\/figure> <\/div>    <div class=\"wp-block-column is-layout-flow wp-block-column-is-layout-flow\"> <p><strong><a href=\"https:\/\/charcoalplant.com\/es\/wood-wastes-recycling-machine\/log-chipper\/\">Trituraci\u00f3n y reprocesamiento de trituradoras de madera<\/a><\/strong><\/p>    <figure class=\"wp-block-gallery has-nested-images columns-default is-cropped wp-block-gallery-13 is-layout-flex wp-block-gallery-is-layout-flex\"> <figure class=\"wp-block-image size-large\"><img loading=\"lazy\" decoding=\"async\" width=\"720\" height=\"540\" data-id=\"2175\" src=\"https:\/\/charcoalplant.com\/wp-content\/uploads\/2022\/01\/wooden-pellet-1.jpg\" alt=\"\" class=\"wp-image-2175\"\/><\/figure> <\/figure> <\/div> <\/div>    <h2 class=\"wp-block-heading\" id=\"h-how-to-choose-the-right-wood-peeling-machine\"><strong>\u00bfC\u00f3mo elegir la peladora de madera adecuada?<\/strong><\/h2>    <p>La m\u00e1quina peladora de madera vertical tiene mayores requisitos de materias primas. Si dispone de muchos recursos de madera de buena calidad (caracter\u00edsticas de la madera: recta, sin tartamudeos, nudos y ramas), puede optar por una m\u00e1quina descortezadora vertical. Los productos terminados que procesa se pueden convertir en estacas, artesan\u00edas de alta gama o venderse directamente.<\/p>    <p>La m\u00e1quina peladora de madera en canal es adecuada para varios tipos de madera, y es m\u00e1s adecuada para madera delgada y ramas con un di\u00e1metro de menos de 30 cm. Las materias primas est\u00e1n m\u00e1s disponibles. Los productos terminados que procesa se utilizan principalmente en el reprocesamiento de madera y en plantas de fabricaci\u00f3n que tienen mayores requisitos de productos reciclados, como f\u00e1bricas de papel que requieren calidad de papel, f\u00e1bricas de carb\u00f3n avanzadas, etc.<\/p>","protected":false},"excerpt":{"rendered":"<p>La m\u00e1quina peladora de madera puede pelar la madera autom\u00e1ticamente. Shuliy Machinery vende m\u00e1quinas descortezadoras verticales y descortezadoras de artesa.<\/p>","protected":false},"author":1,"featured_media":944,"parent":0,"template":"","tags":[64],"product-type":[3],"class_list":["post-789","product","type-product","status-publish","has-post-thumbnail","hentry","tag-wood-wastes-recycling-machine","product-type-wood-wastes-recycling-machine"],"_links":{"self":[{"href":"https:\/\/charcoalplant.com\/es\/wp-json\/wp\/v2\/product\/789","targetHints":{"allow":["GET"]}}],"collection":[{"href":"https:\/\/charcoalplant.com\/es\/wp-json\/wp\/v2\/product"}],"about":[{"href":"https:\/\/charcoalplant.com\/es\/wp-json\/wp\/v2\/types\/product"}],"author":[{"embeddable":true,"href":"https:\/\/charcoalplant.com\/es\/wp-json\/wp\/v2\/users\/1"}],"wp:featuredmedia":[{"embeddable":true,"href":"https:\/\/charcoalplant.com\/es\/wp-json\/wp\/v2\/media\/944"}],"wp:attachment":[{"href":"https:\/\/charcoalplant.com\/es\/wp-json\/wp\/v2\/media?parent=789"}],"wp:term":[{"taxonomy":"post_tag","embeddable":true,"href":"https:\/\/charcoalplant.com\/es\/wp-json\/wp\/v2\/tags?post=789"},{"taxonomy":"product-type","embeddable":true,"href":"https:\/\/charcoalplant.com\/es\/wp-json\/wp\/v2\/product-type?post=789"}],"curies":[{"name":"wp","href":"https:\/\/api.w.org\/{rel}","templated":true}]}}