{"id":958,"date":"2021-11-25T10:11:39","date_gmt":"2021-11-25T10:11:39","guid":{"rendered":"https:\/\/charcoalplant.com\/?p=958"},"modified":"2023-01-14T14:25:49","modified_gmt":"2023-01-14T06:25:49","slug":"rice-husk-dryer","status":"publish","type":"product","link":"https:\/\/charcoalplant.com\/es\/product\/rice-husk-dryer\/","title":{"rendered":"Secador de c\u00e1scara de arroz | Secadora de biomasa"},"content":{"rendered":"<div class=\"kk-star-ratings kksr-auto kksr-align-left kksr-valign-top\"     data-payload='{&quot;align&quot;:&quot;left&quot;,&quot;id&quot;:&quot;958&quot;,&quot;slug&quot;:&quot;default&quot;,&quot;valign&quot;:&quot;top&quot;,&quot;ignore&quot;:&quot;&quot;,&quot;reference&quot;:&quot;auto&quot;,&quot;class&quot;:&quot;&quot;,&quot;count&quot;:&quot;23&quot;,&quot;legendonly&quot;:&quot;&quot;,&quot;readonly&quot;:&quot;&quot;,&quot;score&quot;:&quot;4.6&quot;,&quot;starsonly&quot;:&quot;&quot;,&quot;best&quot;:&quot;5&quot;,&quot;gap&quot;:&quot;5&quot;,&quot;greet&quot;:&quot;Rate this product&quot;,&quot;legend&quot;:&quot;4.6\\\/5 - (23 votos)&quot;,&quot;size&quot;:&quot;24&quot;,&quot;title&quot;:&quot;Rice Husk Dryer | Biomass Drying Machine&quot;,&quot;width&quot;:&quot;130.9&quot;,&quot;_legend&quot;:&quot;{score}\\\/{best} - ({count} {votes})&quot;,&quot;font_factor&quot;:&quot;1.25&quot;}'>              <div class=\"kksr-stars\">      <div class=\"kksr-stars-inactive\">             <div class=\"kksr-star\" data-star=\"1\" style=\"padding-right: 5px\">               <div class=\"kksr-icon\" style=\"width: 24px; height: 24px;\"><\/div>         <\/div>             <div class=\"kksr-star\" data-star=\"2\" style=\"padding-right: 5px\">               <div class=\"kksr-icon\" style=\"width: 24px; height: 24px;\"><\/div>         <\/div>             <div class=\"kksr-star\" data-star=\"3\" style=\"padding-right: 5px\">               <div class=\"kksr-icon\" style=\"width: 24px; height: 24px;\"><\/div>         <\/div>             <div class=\"kksr-star\" data-star=\"4\" style=\"padding-right: 5px\">               <div class=\"kksr-icon\" style=\"width: 24px; height: 24px;\"><\/div>         <\/div>             <div class=\"kksr-star\" data-star=\"5\" style=\"padding-right: 5px\">               <div class=\"kksr-icon\" style=\"width: 24px; height: 24px;\"><\/div>         <\/div>     <\/div>      <div class=\"kksr-stars-active\" style=\"width: 130.9px;\">             <div class=\"kksr-star\" style=\"padding-right: 5px\">               <div class=\"kksr-icon\" style=\"width: 24px; height: 24px;\"><\/div>         <\/div>             <div class=\"kksr-star\" style=\"padding-right: 5px\">               <div class=\"kksr-icon\" style=\"width: 24px; height: 24px;\"><\/div>         <\/div>             <div class=\"kksr-star\" style=\"padding-right: 5px\">               <div class=\"kksr-icon\" style=\"width: 24px; height: 24px;\"><\/div>         <\/div>             <div class=\"kksr-star\" style=\"padding-right: 5px\">               <div class=\"kksr-icon\" style=\"width: 24px; height: 24px;\"><\/div>         <\/div>             <div class=\"kksr-star\" style=\"padding-right: 5px\">               <div class=\"kksr-icon\" style=\"width: 24px; height: 24px;\"><\/div>         <\/div>     <\/div> <\/div>                   <div class=\"kksr-legend\" style=\"font-size: 19.2px;\">             4,6\/5 - (23 votos)    <\/div>     <\/div>  <p class=\"translation-block\"><strong>Secador de c\u00e1scara de arroz<\/strong> es un equipo de secado importante en la l\u00ednea de producci\u00f3n de carb\u00f3n vegetal. Puede secar aserr\u00edn h\u00famedo, virutas de madera h\u00famedas, bamb\u00fa h\u00famedo y otros materiales en bruto. Por lo tanto, puede ser utilizado en metalurgia, materiales de construcci\u00f3n, productos qu\u00edmicos, lavado de carb\u00f3n, fertilizantes, mineral, arena y otros campos. Producimos secadores de tambor rotativo y secadores de flujo de aire. Tienen caracter\u00edsticas de ahorro de energ\u00eda, buen efecto de secado y operaci\u00f3n simple. Puede llamarnos o enviarnos un correo electr\u00f3nico, y le daremos un precio competitivo.<\/p>    <h2 class=\"wp-block-heading\" id=\"h-what-are-the-types-of-rice-husk-dryers\">\u00bfCu\u00e1les son los tipos de secadores de cascarilla de arroz?<\/h2>    <p class=\"translation-block\">Los secadores industriales se dividen en secadores rotativos horizontales y secadores de flujo de aire verticales. De hecho, ambos secadores pueden secar <strong><a href=\"https:\/\/charcoalplant.com\/es\/wood-wastes-recycling-machine\/waste-wooden-pallet-grinder\/\">aserr\u00edn<\/a><\/strong>, astillas de madera, arena, fertilizantes, piedras y m\u00e1s. Y el efecto de secado tambi\u00e9n es bueno. Entonces, \u00bfcu\u00e1l es la diferencia entre ellos? \u00bfC\u00f3mo deber\u00edas elegir un secador? Podemos discutir estos temas a continuaci\u00f3n.<\/p>    <h2 class=\"wp-block-heading\"><strong>Tipo 1<\/strong>: secador rotativo horizontal<\/h2>    <p>La m\u00e1quina secadora rotativa de c\u00e1scara de arroz puede secar minerales, arcilla, arena, polvo y otros materiales. Lo importante es que su efecto de secado puede alcanzar m\u00e1s de 95%. El secador rotativo es el m\u00e1s pedido por nuestros clientes. En otras palabras, es el mejor equipo de secado que se vende.<\/p>    <figure class=\"wp-block-image aligncenter size-full\"><img loading=\"lazy\" decoding=\"async\" width=\"720\" height=\"540\" src=\"https:\/\/charcoalplant.com\/wp-content\/uploads\/2021\/11\/Rice-husk-dryer-1.jpg\" alt=\"Secador de cascarilla de arroz\" class=\"wp-image-960\" srcset=\"https:\/\/charcoalplant.com\/wp-content\/uploads\/2021\/11\/Rice-husk-dryer-1.jpg 720w, https:\/\/charcoalplant.com\/wp-content\/uploads\/2021\/11\/Rice-husk-dryer-1-300x225.jpg 300w\" sizes=\"auto, (max-width: 720px) 100vw, 720px\" \/><figcaption class=\"wp-element-caption\">Secador de cascarilla de arroz<\/figcaption><\/figure>    <h2 class=\"wp-block-heading\">Estructura de la secadora de aserr\u00edn.<\/h2>    <p class=\"translation-block\">Su estructura caracter\u00edstica principal es un rodillo horizontal. Los tambores tienen diferentes di\u00e1metros para lograr diferentes salidas. Hay muchas placas elevadoras dentro del tambor. Cuando el tambor rota, los materiales en bruto pueden ser transferidos de manera uniforme. En segundo lugar, el motor con engranaje y el engranaje fuera del barril. La rotaci\u00f3n del tambor depende de los engranajes, y el control de velocidad depende de un <strong><a href=\"https:\/\/charcoalplant.com\/es\/industrial-comprehensive-crusher\/\">motor con engranaje.<\/a><\/strong><\/p>    <figure class=\"wp-block-image aligncenter size-full\"><img loading=\"lazy\" decoding=\"async\" width=\"696\" height=\"409\" src=\"https:\/\/charcoalplant.com\/wp-content\/uploads\/2022\/03\/sawdust-drying-machine.jpg\" alt=\"secadora de aserr\u00edn\" class=\"wp-image-2597\"\/><figcaption class=\"wp-element-caption\">secadora de aserr\u00edn<\/figcaption><\/figure>    <div class=\"wp-block-columns has-background is-layout-flex wp-container-core-columns-is-layout-28f84493 wp-block-columns-is-layout-flex\" style=\"background-color:#f1f1f1\"> <div class=\"wp-block-column is-layout-flow wp-block-column-is-layout-flow\" style=\"flex-basis:66.66%\"> <figure class=\"wp-block-gallery has-nested-images columns-default is-cropped wp-block-gallery-2 is-layout-flex wp-block-gallery-is-layout-flex\"> <figure class=\"wp-block-image size-large\"><img loading=\"lazy\" decoding=\"async\" width=\"720\" height=\"540\" data-id=\"968\" src=\"https:\/\/charcoalplant.com\/wp-content\/uploads\/2021\/11\/Roller-1.jpg\" alt=\"Rodillo\" class=\"wp-image-968\" srcset=\"https:\/\/charcoalplant.com\/wp-content\/uploads\/2021\/11\/Roller-1.jpg 720w, https:\/\/charcoalplant.com\/wp-content\/uploads\/2021\/11\/Roller-1-300x225.jpg 300w\" sizes=\"auto, (max-width: 720px) 100vw, 720px\" \/><figcaption class=\"wp-element-caption\">Rodillo<\/figcaption><\/figure> <\/figure> <\/div>    <div class=\"wp-block-column is-vertically-aligned-center is-layout-flow wp-block-column-is-layout-flow\" style=\"flex-basis:33.33%\"> <p class=\"translation-block\"><strong>Cuerpo principal<\/strong><\/p>    <p>Su principal estructura caracter\u00edstica es un rodillo horizontal. Los tambores tienen diferentes di\u00e1metros para lograr diferentes rendimientos. Hay muchas placas elevadoras dentro del tambor.<\/p> <\/div> <\/div>    <div class=\"wp-block-columns has-background is-layout-flex wp-container-core-columns-is-layout-28f84493 wp-block-columns-is-layout-flex\" style=\"background-color:#f1f1f1\"> <div class=\"wp-block-column is-vertically-aligned-center is-layout-flow wp-block-column-is-layout-flow\" style=\"flex-basis:33.33%\"> <p class=\"translation-block\"><strong>Caja de control el\u00e9ctrico<\/strong><\/p>    <p>El gabinete de distribuci\u00f3n de energ\u00eda puede controlar f\u00e1cilmente la temperatura y la velocidad del reductor. Por tanto, tambi\u00e9n desempe\u00f1a un papel de seguridad.<\/p> <\/div>    <div class=\"wp-block-column is-layout-flow wp-block-column-is-layout-flow\" style=\"flex-basis:66.66%\"> <figure class=\"wp-block-gallery has-nested-images columns-default is-cropped wp-block-gallery-3 is-layout-flex wp-block-gallery-is-layout-flex\"> <figure class=\"wp-block-image size-large\"><img loading=\"lazy\" decoding=\"async\" width=\"720\" height=\"540\" data-id=\"2604\" src=\"https:\/\/charcoalplant.com\/wp-content\/uploads\/2022\/03\/electric-box.jpg\" alt=\"\" class=\"wp-image-2604\"\/><\/figure> <\/figure> <\/div> <\/div>    <h2 class=\"wp-block-heading\">Par\u00e1metros de la m\u00e1quina secadora de aserr\u00edn.<\/h2>    <figure class=\"wp-block-table is-style-stripes\"><table><tbody><tr><td>Modelo<\/td><td>Capacidad<\/td><td>Fuerza<\/td><td>Di\u00e1metro rotatorio<\/td><\/tr><tr><td>SL-RD800<\/td><td>400-600kg\/hora<\/td><td>4kW<\/td><td>0,8 m de di\u00e1metro, longitud 8 m<\/td><\/tr><tr><td>SL-RD1000<\/td><td>800-1000kg\/h<\/td><td>5,5+5,5 kw<\/td><td>1m de di\u00e1metro, longitud 10m<\/td><\/tr><tr><td>SL-RD1200<\/td><td>1000-1200kg\/hora<\/td><td>7,5+7,5 kw<\/td><td>1,2 m de di\u00e1metro, longitud 12 m<\/td><\/tr><tr><td>SL-RD1500<\/td><td>1500-2000kg\/h<\/td><td>15+15kw<\/td><td>1,5 m de di\u00e1metro, longitud 12 m<\/td><\/tr><\/tbody><\/table><\/figure>    <h2 class=\"wp-block-heading\">Video de secadora de aserr\u00edn industrial.<\/h2>    <figure class=\"wp-block-embed is-type-video is-provider-youtube wp-block-embed-youtube wp-embed-aspect-16-9 wp-has-aspect-ratio\"><div class=\"wp-block-embed__wrapper\"> <iframe loading=\"lazy\" title=\"Maravillosa secadora de aserr\u00edn | L\u00ednea de producci\u00f3n de secadora SL-800 instalada en Indonesia#sawdustdrying\" width=\"500\" height=\"281\" src=\"https:\/\/www.youtube.com\/embed\/qOxIQAGlh44?feature=oembed\" frameborder=\"0\" allow=\"accelerometer; autoplay; clipboard-write; encrypted-media; gyroscope; picture-in-picture; web-share\" referrerpolicy=\"strict-origin-when-cross-origin\" allowfullscreen><\/iframe> <\/div><\/figure>    <h2 class=\"wp-block-heading\"><strong>Tipo 2<\/strong>: secador de flujo de aire vertical<\/h2>    <p>El secador de flujo de aire es m\u00e1s adecuado para secar materiales livianos, como c\u00e1scara de arroz, polvo, aserr\u00edn, part\u00edculas de madera, etc. Su capacidad de deshumidificaci\u00f3n tambi\u00e9n es muy buena. Pero es necesario calcular la altura de la planta, por lo que la producci\u00f3n es limitada.<\/p>    <figure class=\"wp-block-image aligncenter size-full\"><img loading=\"lazy\" decoding=\"async\" width=\"720\" height=\"540\" src=\"https:\/\/charcoalplant.com\/wp-content\/uploads\/2022\/03\/rice-husk-dryer-machine.jpg\" alt=\"\" class=\"wp-image-2600\"\/><\/figure>    <h2 class=\"wp-block-heading\">Estructura de la secadora de flujo de aire.<\/h2>    <p>La estructura del secador de c\u00e1scara de arroz incluye principalmente un horno de fuente de calor, un ventilador de tiro inducido, una c\u00e1mara de secado, una entrada, una salida, etc.<\/p>    <figure class=\"wp-block-image aligncenter size-full is-resized\"><img loading=\"lazy\" decoding=\"async\" src=\"https:\/\/charcoalplant.com\/wp-content\/uploads\/2022\/03\/rice-husk-dryer-show.png\" alt=\"espect\u00e1culo-secador-de-cascarilla-de-arroz\" class=\"wp-image-2599\" width=\"697\" height=\"336\"\/><figcaption class=\"wp-element-caption\">espect\u00e1culo-secador-de-cascarilla-de-arroz<\/figcaption><\/figure>    <div class=\"wp-block-columns has-background is-layout-flex wp-container-core-columns-is-layout-28f84493 wp-block-columns-is-layout-flex\" style=\"background-color:#f1f1f1\"> <div class=\"wp-block-column is-layout-flow wp-block-column-is-layout-flow\" style=\"flex-basis:66.66%\"> <figure class=\"wp-block-gallery has-nested-images columns-default is-cropped wp-block-gallery-4 is-layout-flex wp-block-gallery-is-layout-flex\"> <figure class=\"wp-block-image size-large\"><img loading=\"lazy\" decoding=\"async\" width=\"720\" height=\"540\" data-id=\"967\" src=\"https:\/\/charcoalplant.com\/wp-content\/uploads\/2021\/11\/Heat-source-furnace-for-airflow-dryer-1.jpg\" alt=\"Horno-fuente-de-calor-para-secador-de-flujo-de-aire\" class=\"wp-image-967\" srcset=\"https:\/\/charcoalplant.com\/wp-content\/uploads\/2021\/11\/Heat-source-furnace-for-airflow-dryer-1.jpg 720w, https:\/\/charcoalplant.com\/wp-content\/uploads\/2021\/11\/Heat-source-furnace-for-airflow-dryer-1-300x225.jpg 300w\" sizes=\"auto, (max-width: 720px) 100vw, 720px\" \/><figcaption class=\"wp-element-caption\">Horno-fuente-de-calor-para-secador-de-flujo-de-aire<\/figcaption><\/figure> <\/figure> <\/div>    <div class=\"wp-block-column is-vertically-aligned-center is-layout-flow wp-block-column-is-layout-flow\" style=\"flex-basis:33.33%\"> <p class=\"translation-block\"><strong>Quemador<\/strong><\/p>    <p>Proporciona una fuente de calor al quemar el horno. Adem\u00e1s, no se requieren sus materias primas.<\/p> <\/div> <\/div>    <div class=\"wp-block-columns has-background is-layout-flex wp-container-core-columns-is-layout-28f84493 wp-block-columns-is-layout-flex\" style=\"background-color:#f1f1f1\"> <div class=\"wp-block-column is-vertically-aligned-center is-layout-flow wp-block-column-is-layout-flow\" style=\"flex-basis:33.33%\"> <p class=\"translation-block\"><strong>Tubo<\/strong><\/p>    <p>La estructura y apariencia de la c\u00e1mara de secado de los dos secadores de c\u00e1scara de arroz son diferentes. Utiliza un silo vertical. Por tanto, ocupa un espacio horizontal menor. Pero es necesario calcular la altura de la planta, por lo que la producci\u00f3n es limitada.<\/p> <\/div>    <div class=\"wp-block-column is-layout-flow wp-block-column-is-layout-flow\" style=\"flex-basis:66.66%\"> <figure class=\"wp-block-gallery has-nested-images columns-default is-cropped wp-block-gallery-5 is-layout-flex wp-block-gallery-is-layout-flex\"> <figure class=\"wp-block-image size-large\"><img loading=\"lazy\" decoding=\"async\" width=\"720\" height=\"540\" data-id=\"2605\" src=\"https:\/\/charcoalplant.com\/wp-content\/uploads\/2022\/03\/airflow-dryer-for-sale.jpg\" alt=\"\" class=\"wp-image-2605\"\/><\/figure> <\/figure> <\/div> <\/div>    <h2 class=\"wp-block-heading\">Par\u00e1metros de la m\u00e1quina secadora de flujo de aire.<\/h2>    <figure class=\"wp-block-table is-style-stripes\"><table><tbody><tr><td>Tipo<\/td><td>Capacidad<\/td><td>Fuerza<\/td><\/tr><tr><td>SL-AD320<\/td><td>500-600kg\/hora<\/td><td>7,5 kw<\/td><\/tr><tr><td>SL-AD219<\/td><td>300-400kg\/h<\/td><td>5,5 kw<\/td><\/tr><\/tbody><\/table><\/figure>    <h2 class=\"wp-block-heading\" id=\"h-related-accessories-of-rice-husk-drying-machine\">Accesorios relacionados de la secadora de c\u00e1scara de arroz.<\/h2>    <p>Ambos tipos de m\u00e1quinas secadoras de aserr\u00edn dependen del horno de fuente de calor para proporcionar la fuente de calor y luego mezclar el material con el aire caliente a trav\u00e9s del ventilador de tiro inducido. La temperatura del producto final ronda los 50 grados.<\/p>    <p>Por lo tanto, para garantizar la seguridad de los operadores, generalmente recomendamos que los clientes instalen dispositivos de refrigeraci\u00f3n y eliminaci\u00f3n de polvo. Por un lado, la refrigeraci\u00f3n por aire puede enfriar el aserr\u00edn a alta temperatura hasta 20 grados. Por otro lado, el dispositivo de eliminaci\u00f3n de polvo puede recolectar polvo para garantizar la pureza del producto y la higiene de la f\u00e1brica.<\/p>    <figure class=\"wp-block-image aligncenter size-full\"><img loading=\"lazy\" decoding=\"async\" width=\"720\" height=\"540\" src=\"https:\/\/charcoalplant.com\/wp-content\/uploads\/2022\/03\/dust-romovel-machine.jpg\" alt=\"\" class=\"wp-image-2606\"\/><\/figure>    <h2 class=\"wp-block-heading\" id=\"h-rice-husk-dryer-for-sale\">Se vende secador de cascarilla de arroz<\/h2>    <p class=\"translation-block\">Hay dos tipos de secadores de c\u00e1scara de arroz que vendemos: secadores de tambor y secadores de flujo de aire. Y puedes poner una <strong><a href=\"https:\/\/charcoalplant.com\/es\/biomass-briquette-machine\/sawdust-briquette-machine\/\">m\u00e1quina de briquetas de biomasa<\/a><\/strong> detr\u00e1s de la m\u00e1quina. Producimos di\u00e1metros de rodillo de 800 mm, 1000 mm y 1200 mm. Si necesitas un di\u00e1metro de rodillo m\u00e1s grande, podemos personalizarlo para ti. La longitud del tambor tambi\u00e9n es flexible. Las especificaciones del silo del secador de flujo de aire tambi\u00e9n son diversas. Cont\u00e1ctanos lo antes posible, te proporcionaremos los par\u00e1metros detallados de la m\u00e1quina para hacer c\u00e1scara de arroz.<\/p>    <figure class=\"wp-block-gallery has-nested-images columns-2 is-cropped wp-block-gallery-6 is-layout-flex wp-block-gallery-is-layout-flex\"> <figure class=\"wp-block-image size-large\"><img loading=\"lazy\" decoding=\"async\" width=\"720\" height=\"540\" data-id=\"972\" src=\"https:\/\/charcoalplant.com\/wp-content\/uploads\/2021\/11\/Shipment-of-rice-husk-dryer-1.jpg\" alt=\"Env\u00edo de secador de c\u00e1scara de arroz.\" class=\"wp-image-972\" srcset=\"https:\/\/charcoalplant.com\/wp-content\/uploads\/2021\/11\/Shipment-of-rice-husk-dryer-1.jpg 720w, https:\/\/charcoalplant.com\/wp-content\/uploads\/2021\/11\/Shipment-of-rice-husk-dryer-1-300x225.jpg 300w\" sizes=\"auto, (max-width: 720px) 100vw, 720px\" \/><figcaption class=\"wp-element-caption\">Env\u00edo de secador de c\u00e1scara de arroz.<\/figcaption><\/figure>    <figure class=\"wp-block-image size-full\"><img loading=\"lazy\" decoding=\"async\" width=\"720\" height=\"540\" data-id=\"2607\" src=\"https:\/\/charcoalplant.com\/wp-content\/uploads\/2022\/03\/rice-husk-dryer-shipping.jpg\" alt=\"Env\u00edo del secador de c\u00e1scara de arroz.\" class=\"wp-image-2607\"\/><figcaption class=\"wp-element-caption\">Env\u00edo del secador de c\u00e1scara de arroz.<\/figcaption><\/figure> <\/figure>","protected":false},"excerpt":{"rendered":"<p>El secador de c\u00e1scara de arroz puede secar aserr\u00edn h\u00famedo, bagazo h\u00famedo, arena h\u00fameda, etc. Puede reducir el contenido de humedad a aproximadamente 8%.<\/p>","protected":false},"author":1,"featured_media":960,"parent":0,"template":"","tags":[60],"product-type":[45],"class_list":["post-958","product","type-product","status-publish","has-post-thumbnail","hentry","tag-drying-machine","product-type-drying-machine"],"_links":{"self":[{"href":"https:\/\/charcoalplant.com\/es\/wp-json\/wp\/v2\/product\/958","targetHints":{"allow":["GET"]}}],"collection":[{"href":"https:\/\/charcoalplant.com\/es\/wp-json\/wp\/v2\/product"}],"about":[{"href":"https:\/\/charcoalplant.com\/es\/wp-json\/wp\/v2\/types\/product"}],"author":[{"embeddable":true,"href":"https:\/\/charcoalplant.com\/es\/wp-json\/wp\/v2\/users\/1"}],"wp:featuredmedia":[{"embeddable":true,"href":"https:\/\/charcoalplant.com\/es\/wp-json\/wp\/v2\/media\/960"}],"wp:attachment":[{"href":"https:\/\/charcoalplant.com\/es\/wp-json\/wp\/v2\/media?parent=958"}],"wp:term":[{"taxonomy":"post_tag","embeddable":true,"href":"https:\/\/charcoalplant.com\/es\/wp-json\/wp\/v2\/tags?post=958"},{"taxonomy":"product-type","embeddable":true,"href":"https:\/\/charcoalplant.com\/es\/wp-json\/wp\/v2\/product-type?post=958"}],"curies":[{"name":"wp","href":"https:\/\/api.w.org\/{rel}","templated":true}]}}