{"id":999,"date":"2021-11-30T02:53:43","date_gmt":"2021-11-30T02:53:43","guid":{"rendered":"https:\/\/charcoalplant.com\/?p=999"},"modified":"2026-01-15T17:41:46","modified_gmt":"2026-01-15T09:41:46","slug":"sawdust-briquette-machine","status":"publish","type":"product","link":"https:\/\/charcoalplant.com\/es\/product\/sawdust-briquette-machine\/","title":{"rendered":"M\u00e1quina de briquetas de aserr\u00edn | M\u00e1quina para fabricar carb\u00f3n de aserr\u00edn"},"content":{"rendered":"<div class=\"kk-star-ratings kksr-auto kksr-align-left kksr-valign-top\"     data-payload='{&quot;align&quot;:&quot;left&quot;,&quot;id&quot;:&quot;999&quot;,&quot;slug&quot;:&quot;default&quot;,&quot;valign&quot;:&quot;top&quot;,&quot;ignore&quot;:&quot;&quot;,&quot;reference&quot;:&quot;auto&quot;,&quot;class&quot;:&quot;&quot;,&quot;count&quot;:&quot;68&quot;,&quot;legendonly&quot;:&quot;&quot;,&quot;readonly&quot;:&quot;&quot;,&quot;score&quot;:&quot;4.8&quot;,&quot;starsonly&quot;:&quot;&quot;,&quot;best&quot;:&quot;5&quot;,&quot;gap&quot;:&quot;5&quot;,&quot;greet&quot;:&quot;Rate this product&quot;,&quot;legend&quot;:&quot;4.8\\\/5 - (68 votos)&quot;,&quot;size&quot;:&quot;24&quot;,&quot;title&quot;:&quot;Sawdust Briquette Machine | Sawdust Charcoal Making Machine&quot;,&quot;width&quot;:&quot;136.7&quot;,&quot;_legend&quot;:&quot;{score}\\\/{best} - ({count} {votes})&quot;,&quot;font_factor&quot;:&quot;1.25&quot;}'>              <div class=\"kksr-stars\">      <div class=\"kksr-stars-inactive\">             <div class=\"kksr-star\" data-star=\"1\" style=\"padding-right: 5px\">               <div class=\"kksr-icon\" style=\"width: 24px; height: 24px;\"><\/div>         <\/div>             <div class=\"kksr-star\" data-star=\"2\" style=\"padding-right: 5px\">               <div class=\"kksr-icon\" style=\"width: 24px; height: 24px;\"><\/div>         <\/div>             <div class=\"kksr-star\" data-star=\"3\" style=\"padding-right: 5px\">               <div class=\"kksr-icon\" style=\"width: 24px; height: 24px;\"><\/div>         <\/div>             <div class=\"kksr-star\" data-star=\"4\" style=\"padding-right: 5px\">               <div class=\"kksr-icon\" style=\"width: 24px; height: 24px;\"><\/div>         <\/div>             <div class=\"kksr-star\" data-star=\"5\" style=\"padding-right: 5px\">               <div class=\"kksr-icon\" style=\"width: 24px; height: 24px;\"><\/div>         <\/div>     <\/div>      <div class=\"kksr-stars-active\" style=\"width: 136.7px;\">             <div class=\"kksr-star\" style=\"padding-right: 5px\">               <div class=\"kksr-icon\" style=\"width: 24px; height: 24px;\"><\/div>         <\/div>             <div class=\"kksr-star\" style=\"padding-right: 5px\">               <div class=\"kksr-icon\" style=\"width: 24px; height: 24px;\"><\/div>         <\/div>             <div class=\"kksr-star\" style=\"padding-right: 5px\">               <div class=\"kksr-icon\" style=\"width: 24px; height: 24px;\"><\/div>         <\/div>             <div class=\"kksr-star\" style=\"padding-right: 5px\">               <div class=\"kksr-icon\" style=\"width: 24px; height: 24px;\"><\/div>         <\/div>             <div class=\"kksr-star\" style=\"padding-right: 5px\">               <div class=\"kksr-icon\" style=\"width: 24px; height: 24px;\"><\/div>         <\/div>     <\/div> <\/div>                   <div class=\"kksr-legend\" style=\"font-size: 19.2px;\">             4,8\/5 - (68 votos)    <\/div>     <\/div>  <p class=\"translation-block\">La <strong>m\u00e1quina briquetadora de serr\u00edn<\/strong> es un tipo de equipo que utiliza diversos serrines de biomasa como materia prima para fabricar palos de biomasa. Y no necesita a\u00f1adir ning\u00fan aglutinante durante su procesamiento. Debido a las caracter\u00edsticas ecol\u00f3gicas y de resistencia a la quema del <strong><a href=\"https:\/\/charcoalplant.com\/es\/news\/biomass-briquette-fuel-and-biomass-fuel\/\">carb\u00f3n vegetal fabricado por m\u00e1quinas<\/a><\/strong>, existe una gran demanda en los mercados nacionales y extranjeros. Por lo tanto, las principales f\u00e1bricas de carb\u00f3n vegetal se apresuraron a comprar m\u00faltiples m\u00e1quinas briquetadoras de serr\u00edn para el procesamiento de <a href=\"https:\/\/charcoalplant.com\/es\/charcoal-making-machine-3\/\"><strong>l\u00edneas de producci\u00f3n de carb\u00f3n vegetal<\/strong>.<\/a> Cont\u00e1ctenos ahora para obtener la informaci\u00f3n m\u00e1s reciente del mercado sobre m\u00e1quinas de carb\u00f3n vegetal.<\/p>    <h2 class=\"wp-block-heading\" id=\"h-what-is-sawdust-briquette-machine\">\u00bfQu\u00e9 es la m\u00e1quina briquetadora de aserr\u00edn?<\/h2>    <p>La m\u00e1quina briquetadora de aserr\u00edn es uno de los equipos importantes para la l\u00ednea de producci\u00f3n de m\u00e1quinas de carb\u00f3n. Por lo general, la m\u00e1quina para fabricar carb\u00f3n de aserr\u00edn y la secadora se colocan frente a la m\u00e1quina de carb\u00f3n. El objetivo es dotarlo de materias primas secas. La nueva m\u00e1quina para fabricar varillas de aserr\u00edn de carb\u00f3n que ahorra energ\u00eda adopta la tecnolog\u00eda de fabricaci\u00f3n de varillas mediante calentamiento por inducci\u00f3n electromagn\u00e9tica y prensado de tornillos. Como resultado, se obtienen briquetas de aserr\u00edn m\u00e1s densas y duras.<\/p>    <figure class=\"wp-block-image aligncenter size-full\"><img loading=\"lazy\" decoding=\"async\" width=\"720\" height=\"540\" src=\"https:\/\/charcoalplant.com\/wp-content\/uploads\/2022\/02\/sawdust-briquette-machine.jpg\" alt=\"m\u00e1quina de briquetas de aserr\u00edn\" class=\"wp-image-2377\"\/><figcaption class=\"wp-element-caption\">m\u00e1quina de briquetas de aserr\u00edn<\/figcaption><\/figure>    <h2 class=\"wp-block-heading\" id=\"h-raw-material-for-sawdust-briquette-machine\">Materia prima para la m\u00e1quina briquetadora de aserr\u00edn<\/h2>    <p>De hecho, la m\u00e1quina para fabricar briquetas de aserr\u00edn es muy respetuosa con el medio ambiente. Al mismo tiempo, tambi\u00e9n procesa equipos de alto valor econ\u00f3mico. Sus materias primas son principalmente pellets de aserr\u00edn con un contenido de humedad inferior a 12% y un tama\u00f1o inferior a 6 mm. Por ejemplo, aserr\u00edn, c\u00e1scaras de arroz, paja, astillas de bamb\u00fa, tallos de colza, c\u00e1scaras de man\u00ed, tallos de algod\u00f3n, etc. Otros desechos dom\u00e9sticos comunes. Como caf\u00e9 molido, bagazo, c\u00e1scaras de semillas de t\u00e9, etc. (Nota: los materiales que no cumplan con el tama\u00f1o de alimentaci\u00f3n deben triturarse primero).<\/p>    <figure class=\"wp-block-gallery has-nested-images columns-default is-cropped wp-block-gallery-2 is-layout-flex wp-block-gallery-is-layout-flex\"> <figure class=\"wp-block-image size-large\"><img loading=\"lazy\" decoding=\"async\" width=\"720\" height=\"540\" data-id=\"2364\" src=\"https:\/\/charcoalplant.com\/wp-content\/uploads\/2022\/02\/bamboo.jpg\" alt=\"bamb\u00fa\" class=\"wp-image-2364\"\/><figcaption class=\"wp-element-caption\">bamb\u00fa<\/figcaption><\/figure>    <figure class=\"wp-block-image size-large\"><img loading=\"lazy\" decoding=\"async\" width=\"600\" height=\"400\" data-id=\"2361\" src=\"https:\/\/charcoalplant.com\/wp-content\/uploads\/2022\/02\/coffee-grounds.jpg\" alt=\"granos de caf\u00e9\" class=\"wp-image-2361\"\/><figcaption class=\"wp-element-caption\">granos de caf\u00e9<\/figcaption><\/figure>    <figure class=\"wp-block-image size-large\"><img loading=\"lazy\" decoding=\"async\" width=\"720\" height=\"540\" data-id=\"2365\" src=\"https:\/\/charcoalplant.com\/wp-content\/uploads\/2022\/02\/cotton-stalk-1.jpg\" alt=\"tallo de algodon\" class=\"wp-image-2365\"\/><figcaption class=\"wp-element-caption\">tallo de algodon<\/figcaption><\/figure>    <figure class=\"wp-block-image size-large\"><img loading=\"lazy\" decoding=\"async\" width=\"720\" height=\"540\" data-id=\"2362\" src=\"https:\/\/charcoalplant.com\/wp-content\/uploads\/2022\/02\/peanut-shell-1.jpg\" alt=\"c\u00e1scara de man\u00ed\" class=\"wp-image-2362\"\/><figcaption class=\"wp-element-caption\">c\u00e1scara de man\u00ed<\/figcaption><\/figure>    <figure class=\"wp-block-image size-large\"><img loading=\"lazy\" decoding=\"async\" width=\"720\" height=\"540\" data-id=\"2363\" src=\"https:\/\/charcoalplant.com\/wp-content\/uploads\/2022\/02\/rice-husk-1.jpg\" alt=\"c\u00e1scara de arroz\" class=\"wp-image-2363\"\/><figcaption class=\"wp-element-caption\">c\u00e1scara de arroz<\/figcaption><\/figure>    <figure class=\"wp-block-image size-large\"><img loading=\"lazy\" decoding=\"async\" width=\"720\" height=\"540\" data-id=\"2366\" src=\"https:\/\/charcoalplant.com\/wp-content\/uploads\/2022\/02\/sawdust-2.jpg\" alt=\"serr\u00edn\" class=\"wp-image-2366\"\/><figcaption class=\"wp-element-caption\">serr\u00edn<\/figcaption><\/figure> <\/figure>    <h2 class=\"wp-block-heading\" id=\"h-structure-of-biomass-briquetting-machine\">Estructura de la m\u00e1quina para fabricar briquetas de aserr\u00edn<\/h2>    <p>La estructura principal de la m\u00e1quina briquetadora de aserr\u00edn incluye la entrada, la salida, el gabinete de distribuci\u00f3n de energ\u00eda, la polea, el motor, etc. Sus accesorios relacionados son un anillo calefactor, una h\u00e9lice de tornillo y un cojinete. La estructura general de la extrusora de briquetas de aserr\u00edn es compacta y de hermosa apariencia.<\/p>    <figure class=\"wp-block-image aligncenter size-full\"><img loading=\"lazy\" decoding=\"async\" width=\"720\" height=\"540\" src=\"https:\/\/charcoalplant.com\/wp-content\/uploads\/2022\/02\/sawdust-biomass-briquette-machine.jpg\" alt=\"\" class=\"wp-image-2380\"\/><\/figure>    <div class=\"wp-block-columns has-background is-layout-flex wp-container-core-columns-is-layout-28f84493 wp-block-columns-is-layout-flex\" style=\"background-color:#f1f1f1\"> <div class=\"wp-block-column is-layout-flow wp-block-column-is-layout-flow\" style=\"flex-basis:66.66%\"> <figure class=\"wp-block-gallery has-nested-images columns-default is-cropped wp-block-gallery-3 is-layout-flex wp-block-gallery-is-layout-flex\"> <figure class=\"wp-block-image size-large\"><img loading=\"lazy\" decoding=\"async\" width=\"720\" height=\"540\" data-id=\"1005\" src=\"https:\/\/charcoalplant.com\/wp-content\/uploads\/2021\/11\/Metal-heating-ring-1.jpg\" alt=\"Anillo calefactor de metal\" class=\"wp-image-1005\" srcset=\"https:\/\/charcoalplant.com\/wp-content\/uploads\/2021\/11\/Metal-heating-ring-1.jpg 720w, https:\/\/charcoalplant.com\/wp-content\/uploads\/2021\/11\/Metal-heating-ring-1-300x225.jpg 300w\" sizes=\"auto, (max-width: 720px) 100vw, 720px\" \/><figcaption class=\"wp-element-caption\">Anillo calefactor de metal<\/figcaption><\/figure> <\/figure> <\/div>    <div class=\"wp-block-column is-vertically-aligned-center is-layout-flow wp-block-column-is-layout-flow\" style=\"flex-basis:33.33%\"> <p class=\"translation-block\"><strong>Anillo calefactor de metal<\/strong><\/p>    <p>El dispositivo de calentamiento el\u00e9ctrico de control totalmente autom\u00e1tico dise\u00f1ado no solo puede ajustar la humedad seca del material de forma aleatoria. Adem\u00e1s, garantiza la estabilidad de la descarga y la formaci\u00f3n y mejora la eficiencia del trabajo.<\/p> <\/div> <\/div>    <div class=\"wp-block-columns has-background is-layout-flex wp-container-core-columns-is-layout-28f84493 wp-block-columns-is-layout-flex\" style=\"background-color:#f1f1f1\"> <div class=\"wp-block-column is-vertically-aligned-center is-layout-flow wp-block-column-is-layout-flow\" style=\"flex-basis:33.33%\"> <p class=\"translation-block\"><strong>H\u00e9lice de tornillo<\/strong><\/p>    <p>La parte de la h\u00e9lice de la m\u00e1quina para fabricar varillas adopta procesamiento de materiales, lo que aumenta el tiempo de producci\u00f3n y prolonga la vida \u00fatil.<\/p> <\/div>    <div class=\"wp-block-column is-layout-flow wp-block-column-is-layout-flow\" style=\"flex-basis:66.66%\"> <figure class=\"wp-block-gallery has-nested-images columns-default is-cropped wp-block-gallery-4 is-layout-flex wp-block-gallery-is-layout-flex\"> <figure class=\"wp-block-image size-large\"><img loading=\"lazy\" decoding=\"async\" width=\"720\" height=\"540\" data-id=\"1008\" src=\"https:\/\/charcoalplant.com\/wp-content\/uploads\/2021\/11\/Screw-propeller-1.jpg\" alt=\"h\u00e9lice de tornillo\" class=\"wp-image-1008\" srcset=\"https:\/\/charcoalplant.com\/wp-content\/uploads\/2021\/11\/Screw-propeller-1.jpg 720w, https:\/\/charcoalplant.com\/wp-content\/uploads\/2021\/11\/Screw-propeller-1-300x225.jpg 300w\" sizes=\"auto, (max-width: 720px) 100vw, 720px\" \/><figcaption class=\"wp-element-caption\">h\u00e9lice de tornillo<\/figcaption><\/figure> <\/figure> <\/div> <\/div>    <div class=\"wp-block-columns has-background is-layout-flex wp-container-core-columns-is-layout-28f84493 wp-block-columns-is-layout-flex\" style=\"background-color:#f1f1f1\"> <div class=\"wp-block-column is-layout-flow wp-block-column-is-layout-flow\" style=\"flex-basis:66.66%\"> <figure class=\"wp-block-gallery has-nested-images columns-default is-cropped wp-block-gallery-5 is-layout-flex wp-block-gallery-is-layout-flex\"> <figure class=\"wp-block-image size-large\"><img loading=\"lazy\" decoding=\"async\" width=\"720\" height=\"540\" data-id=\"2368\" src=\"https:\/\/charcoalplant.com\/wp-content\/uploads\/2022\/02\/mould.jpg\" alt=\"\" class=\"wp-image-2368\"\/><\/figure> <\/figure> <\/div>    <div class=\"wp-block-column is-vertically-aligned-center is-layout-flow wp-block-column-is-layout-flow\" style=\"flex-basis:33.33%\"> <p class=\"translation-block\"><strong>Mold <\/strong><\/p>    <p>Los moldes para m\u00e1quinas para fabricar varillas de aserr\u00edn son diversos. Por lo tanto, puede producir briquetas de aserr\u00edn poligonales como cuadril\u00e1teras, hexagonales, etc.<\/p> <\/div> <\/div>    <h2 class=\"wp-block-heading\" id=\"parameters-of-sawdust-briquette-making-machine\">Par\u00e1metros de la m\u00e1quina para fabricar briquetas de aserr\u00edn<\/h2>    <figure class=\"wp-block-table is-style-stripes\"><table><tbody><tr><td>Modelo<\/td><td>SL-WB50<\/td><\/tr><tr><td>Capacidad<\/td><td>250-350 kg por hora<\/td><\/tr><tr><td>Fuerza<\/td><td>18,5 kw\/22 kw<\/td><\/tr><tr><td>Dimensi\u00f3n<\/td><td>1,7*0,7*1,4 m<\/td><\/tr><tr><td>Peso<\/td><td>700 kilos<\/td><\/tr><\/tbody><\/table><\/figure>    <h2 class=\"wp-block-heading\" id=\"video-of-biomass-briket-forming-machine\">Video de la m\u00e1quina briquetadora de biomasa de aserr\u00edn<\/h2>    <figure class=\"wp-block-embed is-type-video is-provider-youtube wp-block-embed-youtube wp-embed-aspect-16-9 wp-has-aspect-ratio\"><div class=\"wp-block-embed__wrapper\"> <iframe loading=\"lazy\" title=\"Fabricante de m\u00e1quinas briquetadoras de aserr\u00edn | Planta briquetadora de biomasa #biomassdust#sawdust#scrapbamboo\" width=\"500\" height=\"281\" src=\"https:\/\/www.youtube.com\/embed\/XAOrW47NuvA?feature=oembed\" frameborder=\"0\" allow=\"accelerometer; autoplay; clipboard-write; encrypted-media; gyroscope; picture-in-picture; web-share\" referrerpolicy=\"strict-origin-when-cross-origin\" allowfullscreen><\/iframe> <\/div><figcaption class=\"wp-element-caption\">fabricante de m\u00e1quinas de briquetas de aserr\u00edn<\/figcaption><\/figure>    <h2 class=\"wp-block-heading\" id=\"h-features-of-sawdust-briquetting-equipment\">Caracter\u00edsticas de la m\u00e1quina para fabricar briquetas de aserr\u00edn <\/h2>    <p class=\"translation-block\">Somos un fabricante especializado de l\u00edneas de producci\u00f3n de m\u00e1quinas de carb\u00f3n vegetal. Tenemos una rica experiencia en la fabricaci\u00f3n de m\u00e1quinas para fabricar varillas de serr\u00edn, <strong><a href=\"https:\/\/charcoalplant.com\/es\/carbonization-furnace\/vertical-carbonization-furnace\/\">hornos de carbonizaci\u00f3n<\/a><\/strong> y trituradoras. Por lo tanto, nuestra m\u00e1quina prensadora de briquetas de serr\u00edn tiene las siguientes caracter\u00edsticas:<\/p>    <h3 class=\"wp-block-heading\">1. Seguridad<\/h3>    <p>El dise\u00f1o de la cubierta met\u00e1lica del equipo y del gabinete de distribuci\u00f3n de energ\u00eda incorpora plenamente las caracter\u00edsticas de seguridad.<\/p>    <h3 class=\"wp-block-heading\">2. Inteligente<\/h3>    <p>Hay varios botones en el gabinete de distribuci\u00f3n de energ\u00eda, algunos para controlar la temperatura y otros para mostrar el voltaje. Inicio con una sola tecla, no es necesario operar demasiado.<\/p>    <h3 class=\"wp-block-heading\">3. Buena calidad<\/h3>    <p>Nuestra f\u00e1brica utiliza materiales met\u00e1licos que cumplen con los est\u00e1ndares internacionales. En otras palabras, todas las m\u00e1quinas para fabricar varillas de biomasa que producimos est\u00e1n certificadas internacionalmente.<\/p>    <h3 class=\"wp-block-heading\">4. Fuerte presi\u00f3n<\/h3>    <p>La alta presi\u00f3n de la m\u00e1quina briquetadora de aserr\u00edn puede producir varillas de biomasa de alta densidad. Debido a que la densidad de las varillas de biomasa es mayor, el tiempo de combusti\u00f3n ser\u00e1 mayor. Entonces el efecto de combusti\u00f3n ser\u00e1 mejor.<\/p>    <figure class=\"wp-block-image aligncenter size-full\"><img loading=\"lazy\" decoding=\"async\" width=\"720\" height=\"540\" src=\"https:\/\/charcoalplant.com\/wp-content\/uploads\/2022\/01\/biomass-briquette-extruder-plant.jpg\" alt=\"Planta extrusora de briquetas de biomasa.\" class=\"wp-image-1787\" srcset=\"https:\/\/charcoalplant.com\/wp-content\/uploads\/2022\/01\/biomass-briquette-extruder-plant.jpg 720w, https:\/\/charcoalplant.com\/wp-content\/uploads\/2022\/01\/biomass-briquette-extruder-plant-300x225.jpg 300w\" sizes=\"auto, (max-width: 720px) 100vw, 720px\" \/><figcaption class=\"wp-element-caption\">Planta extrusora de briquetas de biomasa.<\/figcaption><\/figure>    <h2 class=\"wp-block-heading\" id=\"h-how-to-use-screw-biomass-briquette-press-machine\">\u00bfC\u00f3mo utilizar la m\u00e1quina prensadora de briquetas de biomasa de tornillo?<\/h2>    <p>Cabe destacar aqu\u00ed que la m\u00e1quina briquetadora de aserr\u00edn debe depurarse antes de su uso. Porque si las piezas de la m\u00e1quina de palos de madera no se instalan correctamente, producir\u00e1n palos de madera de mala calidad. Los siguientes son los pasos para utilizar una m\u00e1quina para fabricar varillas de aserr\u00edn:<\/p>    <p>1. Encienda el bot\u00f3n del interruptor y deje que la m\u00e1quina se caliente hasta 380 grados.<\/p>    <p>2. Vierta aserr\u00edn en la entrada de alimentaci\u00f3n.<\/p>    <p>3. Observa el color y el brillo del palo de madera.<\/p>    <p>La superficie de la varilla de biomasa es lisa y marr\u00f3n, lo que indica que la m\u00e1quina para fabricar varillas de aserr\u00edn se puede utilizar directamente. De lo contrario, es necesario depurar el equipo.<\/p>    <figure class=\"wp-block-image aligncenter size-full\"><img loading=\"lazy\" decoding=\"async\" width=\"720\" height=\"540\" src=\"https:\/\/charcoalplant.com\/wp-content\/uploads\/2022\/02\/biomass-briquetting-machine-forsale.jpg\" alt=\"\" class=\"wp-image-2370\"\/><\/figure>    <h2 class=\"wp-block-heading\" id=\"h-biomass-briquette-machine-for-sale\">M\u00e1quina briquetadora de biomasa a la venta<\/h2>    <p class=\"translation-block\">Shuliy Machinery Equipment Co., Ltd. es un excelente fabricante de m\u00e1quinas de carb\u00f3n. Vendemos trituradoras de paja, <a href=\"https:\/\/charcoalplant.com\/es\/rice-husk-dryer\/\"><strong>secadoras de c\u00e1scara de arroz<\/strong><\/a>, <strong><a href=\"https:\/\/charcoalplant.com\/es\/log-chipper\/\">astilladoras de troncos<\/a><\/strong>, etc. A trav\u00e9s de una investigaci\u00f3n continua del mercado de m\u00e1quinas de briquetas de aserr\u00edn, hemos realizado mejoras razonables en el equipo. La apariencia es m\u00e1s concisa que antes. Estructuralmente, es m\u00e1s f\u00e1cil reparar y reemplazar piezas que antes. As\u00ed que cont\u00e1ctenos ahora para obtener la lista de precios del \u00faltimo producto.<\/p>    <figure class=\"wp-block-gallery has-nested-images columns-default is-cropped wp-block-gallery-6 is-layout-flex wp-block-gallery-is-layout-flex\"> <figure class=\"wp-block-image size-full\"><img loading=\"lazy\" decoding=\"async\" width=\"720\" height=\"540\" data-id=\"2371\" src=\"https:\/\/charcoalplant.com\/wp-content\/uploads\/2022\/02\/sawdust-briquette-machine-plant.jpg\" alt=\"\" class=\"wp-image-2371\"\/><figcaption class=\"wp-element-caption\">extrusora-de-briquetas-de-aserr\u00edn<\/figcaption><\/figure>    <figure class=\"wp-block-image size-full\"><img loading=\"lazy\" decoding=\"async\" width=\"720\" height=\"540\" data-id=\"2372\" src=\"https:\/\/charcoalplant.com\/wp-content\/uploads\/2022\/02\/shippment-1.jpg\" alt=\"\" class=\"wp-image-2372\"\/><figcaption class=\"wp-element-caption\">Mejorado<\/figcaption><\/figure> <\/figure>    <h2 class=\"wp-block-heading\" id=\"h-application-of-sawdust-briquetting-extruder-machine\">Aplicaci\u00f3n de la m\u00e1quina extrusora de briquetas de aserr\u00edn <\/h2>    <p>La varilla de biomasa producida por la extrusora de briquetas de aserr\u00edn est\u00e1 hueca. Estos productos terminados no s\u00f3lo se pueden utilizar directamente para la combusti\u00f3n de calderas. Tambi\u00e9n es adecuado que las plantas de carb\u00f3n produzcan carb\u00f3n vegetal despu\u00e9s del procesamiento. En definitiva, actualmente es un material de combusti\u00f3n muy popular.<\/p>    <figure class=\"wp-block-gallery has-nested-images columns-default is-cropped wp-block-gallery-7 is-layout-flex wp-block-gallery-is-layout-flex\"> <figure class=\"wp-block-image size-large\"><img loading=\"lazy\" decoding=\"async\" width=\"720\" height=\"540\" data-id=\"1791\" src=\"https:\/\/charcoalplant.com\/wp-content\/uploads\/2022\/01\/biomass-rod-.jpg\" alt=\"varilla de biomasa\" class=\"wp-image-1791\" srcset=\"https:\/\/charcoalplant.com\/wp-content\/uploads\/2022\/01\/biomass-rod-.jpg 720w, https:\/\/charcoalplant.com\/wp-content\/uploads\/2022\/01\/biomass-rod--300x225.jpg 300w\" sizes=\"auto, (max-width: 720px) 100vw, 720px\" \/><figcaption class=\"wp-element-caption\">varilla de biomasa<\/figcaption><\/figure>    <figure class=\"wp-block-image size-full\"><img loading=\"lazy\" decoding=\"async\" width=\"720\" height=\"540\" data-id=\"1788\" src=\"https:\/\/charcoalplant.com\/wp-content\/uploads\/2022\/01\/packed-sawdust-briquette.jpg\" alt=\"briquetas de aserr\u00edn empaquetado\" class=\"wp-image-1788\" srcset=\"https:\/\/charcoalplant.com\/wp-content\/uploads\/2022\/01\/packed-sawdust-briquette.jpg 720w, https:\/\/charcoalplant.com\/wp-content\/uploads\/2022\/01\/packed-sawdust-briquette-300x225.jpg 300w\" sizes=\"auto, (max-width: 720px) 100vw, 720px\" \/><figcaption class=\"wp-element-caption\">briquetas de aserr\u00edn empaquetado<\/figcaption><\/figure> <\/figure>","protected":false},"excerpt":{"rendered":"<p>La m\u00e1quina briquetadora de aserr\u00edn es una herramienta importante para fabricar varillas de biomasa. Los palos tienen una alta velocidad de combusti\u00f3n, lo que es muy popular.<\/p>","protected":false},"author":1,"featured_media":1973,"parent":0,"template":"","tags":[66],"product-type":[43],"class_list":["post-999","product","type-product","status-publish","has-post-thumbnail","hentry","tag-biomass-briquette-machine","product-type-biomass-briquette-machine"],"_links":{"self":[{"href":"https:\/\/charcoalplant.com\/es\/wp-json\/wp\/v2\/product\/999","targetHints":{"allow":["GET"]}}],"collection":[{"href":"https:\/\/charcoalplant.com\/es\/wp-json\/wp\/v2\/product"}],"about":[{"href":"https:\/\/charcoalplant.com\/es\/wp-json\/wp\/v2\/types\/product"}],"author":[{"embeddable":true,"href":"https:\/\/charcoalplant.com\/es\/wp-json\/wp\/v2\/users\/1"}],"wp:featuredmedia":[{"embeddable":true,"href":"https:\/\/charcoalplant.com\/es\/wp-json\/wp\/v2\/media\/1973"}],"wp:attachment":[{"href":"https:\/\/charcoalplant.com\/es\/wp-json\/wp\/v2\/media?parent=999"}],"wp:term":[{"taxonomy":"post_tag","embeddable":true,"href":"https:\/\/charcoalplant.com\/es\/wp-json\/wp\/v2\/tags?post=999"},{"taxonomy":"product-type","embeddable":true,"href":"https:\/\/charcoalplant.com\/es\/wp-json\/wp\/v2\/product-type?post=999"}],"curies":[{"name":"wp","href":"https:\/\/api.w.org\/{rel}","templated":true}]}}