{"id":45,"date":"2021-12-28T09:51:03","date_gmt":"2021-12-28T09:51:03","guid":{"rendered":"http:\/\/charcoalplant.local\/?page_id=45"},"modified":"2024-03-29T15:17:15","modified_gmt":"2024-03-29T07:17:15","slug":"first-purchase-consultation","status":"publish","type":"page","link":"https:\/\/charcoalplant.com\/fr\/first-purchase-consultation\/","title":{"rendered":"Conseil premier achat"},"content":{"rendered":"<p class=\"has-normal-font-size translation-block\">Bienvenue chez <strong>Shuliy Machinery <\/strong>Equipment Co., Ltd. Pour une meilleure exp\u00e9rience d'achat, nous avons pr\u00e9par\u00e9 pour vous un guide d'achat d\u00e9taill\u00e9. <\/p>    <p class=\"has-normal-font-size translation-block\">Permettez-moi de vous pr\u00e9senter certains de nos produits sp\u00e9ciaux. Tels que le four de carbonisation, la machine \u00e0 charbon de coque de noix de coco, la machine \u00e0 briquettes de charbon, et la machine \u00e0 briquettes de sciure de bois. D'autres produits sont \u00e9galement bons, y compris la machine \u00e0 \u00e9corcer le bois, la machine \u00e0 copeaux de bois, la d\u00e9chiqueteuse de bois, la d\u00e9chiqueteuse de bois, et ainsi de suite. <\/p>    <p class=\"has-normal-font-size translation-block\">Notre site Web a une riche gamme de produits. Vous pouvez \u00e9galement contacter le service client pour consultation. Si vous ne connaissez pas le nom de la machine, vous pouvez nous dire quelles sont vos mati\u00e8res premi\u00e8res, quels produits vous pr\u00e9voyez de fabriquer, quel est votre budget, et ainsi de suite. Nous vous recommanderons des solutions adapt\u00e9es.<\/p>    <h2 class=\"wp-block-heading\" id=\"h-popular-products\">Produits populaires<\/h2>    <div class=\"wp-block-columns is-layout-flex wp-container-core-columns-is-layout-28f84493 wp-block-columns-is-layout-flex\"> <div class=\"wp-block-column is-layout-flow wp-block-column-is-layout-flow\"> <p><a href=\"https:\/\/charcoalplant.com\/fr\/carbonization-furnace\/vertical-carbonization-furnace\/\">Four de carbonisation vertical | Usine de four de carbonisation de b\u00fbches<\/a><\/p>    <figure class=\"wp-block-gallery has-nested-images columns-default is-cropped wp-block-gallery-2 is-layout-flex wp-block-gallery-is-layout-flex\"> <figure class=\"wp-block-image size-large\"><img loading=\"lazy\" decoding=\"async\" width=\"720\" height=\"540\" data-id=\"1112\" src=\"https:\/\/charcoalplant.com\/wp-content\/uploads\/2021\/12\/Vertical-carbonization-furnace-Production-line-1-1.jpg\" alt=\"Ligne de production de four de carbonisation vertical\" class=\"wp-image-1112\" srcset=\"https:\/\/charcoalplant.com\/wp-content\/uploads\/2021\/12\/Vertical-carbonization-furnace-Production-line-1-1.jpg 720w, https:\/\/charcoalplant.com\/wp-content\/uploads\/2021\/12\/Vertical-carbonization-furnace-Production-line-1-1-300x225.jpg 300w\" sizes=\"auto, (max-width: 720px) 100vw, 720px\" \/><figcaption class=\"wp-element-caption\">Ligne de production de four de carbonisation vertical<\/figcaption><\/figure> <\/figure> <\/div>    <div class=\"wp-block-column is-layout-flow wp-block-column-is-layout-flow\"> <p><a href=\"https:\/\/charcoalplant.com\/fr\/biomass-briquette-machine\/sawdust-briquette-machine\/\">Machine \u00e0 briquettes de sciure de bois | Machine \u00e0 briquettes de biomasse \u00e0 vendre<\/a><\/p>    <figure class=\"wp-block-gallery has-nested-images columns-default is-cropped wp-block-gallery-3 is-layout-flex wp-block-gallery-is-layout-flex\"> <figure class=\"wp-block-image size-large\"><img loading=\"lazy\" decoding=\"async\" width=\"720\" height=\"540\" data-id=\"1001\" src=\"https:\/\/charcoalplant.com\/wp-content\/uploads\/2021\/11\/\u5c01\u9762-1.jpg\" alt=\"Machine \u00e0 briquettes de sciure de bois\" class=\"wp-image-1001\" srcset=\"https:\/\/charcoalplant.com\/wp-content\/uploads\/2021\/11\/\u5c01\u9762-1.jpg 720w, https:\/\/charcoalplant.com\/wp-content\/uploads\/2021\/11\/\u5c01\u9762-1-300x225.jpg 300w\" sizes=\"auto, (max-width: 720px) 100vw, 720px\" \/><figcaption class=\"wp-element-caption\">Machine \u00e0 briquettes de sciure de bois<\/figcaption><\/figure> <\/figure> <\/div> <\/div>    <div class=\"wp-block-columns is-layout-flex wp-container-core-columns-is-layout-28f84493 wp-block-columns-is-layout-flex\"> <div class=\"wp-block-column is-layout-flow wp-block-column-is-layout-flow\"> <p><a href=\"https:\/\/charcoalplant.com\/fr\/charcoal-briquetting-machine\/charcoal-powder-briquette-machine\/\">Machine \u00e0 briquettes de poudre de charbon de bois | Fabricant de presse \u00e0 charbon<\/a><\/p>    <figure class=\"wp-block-gallery has-nested-images columns-default is-cropped wp-block-gallery-4 is-layout-flex wp-block-gallery-is-layout-flex\"> <figure class=\"wp-block-image size-large\"><img loading=\"lazy\" decoding=\"async\" width=\"720\" height=\"540\" data-id=\"1197\" src=\"https:\/\/charcoalplant.com\/wp-content\/uploads\/2021\/12\/charcoal-powder-briquette-machine-price-1.jpg\" alt=\"Prix \u200b\u200bde la machine \u00e0 briquettes de poudre de charbon de bois\" class=\"wp-image-1197\" srcset=\"https:\/\/charcoalplant.com\/wp-content\/uploads\/2021\/12\/charcoal-powder-briquette-machine-price-1.jpg 720w, https:\/\/charcoalplant.com\/wp-content\/uploads\/2021\/12\/charcoal-powder-briquette-machine-price-1-300x225.jpg 300w\" sizes=\"auto, (max-width: 720px) 100vw, 720px\" \/><figcaption class=\"wp-element-caption\">Prix \u200b\u200bde la machine \u00e0 briquettes de poudre de charbon de bois<\/figcaption><\/figure> <\/figure> <\/div>    <div class=\"wp-block-column is-layout-flow wp-block-column-is-layout-flow\"> <p><a href=\"https:\/\/charcoalplant.com\/fr\/charcoal-briquetting-machine\/best-shisha-charcoal-machine\/\">Meilleure machine \u00e0 charbon de chicha | Presse \u00e0 comprim\u00e9s de charbon de coco<\/a><\/p>    <figure class=\"wp-block-gallery has-nested-images columns-default is-cropped wp-block-gallery-5 is-layout-flex wp-block-gallery-is-layout-flex\"> <figure class=\"wp-block-image size-large\"><img loading=\"lazy\" decoding=\"async\" width=\"720\" height=\"540\" data-id=\"1356\" src=\"https:\/\/charcoalplant.com\/wp-content\/uploads\/2021\/12\/best-shisha-charcoal-machine-supplier-1.jpg\" alt=\"meilleur fournisseur de machine \u00e0 charbon de chicha\" class=\"wp-image-1356\" srcset=\"https:\/\/charcoalplant.com\/wp-content\/uploads\/2021\/12\/best-shisha-charcoal-machine-supplier-1.jpg 720w, https:\/\/charcoalplant.com\/wp-content\/uploads\/2021\/12\/best-shisha-charcoal-machine-supplier-1-300x225.jpg 300w\" sizes=\"auto, (max-width: 720px) 100vw, 720px\" \/><figcaption class=\"wp-element-caption\">meilleur fournisseur de machine \u00e0 charbon de chicha<\/figcaption><\/figure> <\/figure> <\/div> <\/div>    <h2 class=\"wp-block-heading\">produits recommand\u00e9s<\/h2>    <div class=\"wp-block-columns is-layout-flex wp-container-core-columns-is-layout-28f84493 wp-block-columns-is-layout-flex\"> <div class=\"wp-block-column is-layout-flow wp-block-column-is-layout-flow\"> <p><a href=\"https:\/\/charcoalplant.com\/fr\/drying-machine\/rice-husk-dryer\/\">S\u00e9choir \u00e0 balles de riz | Fabricant de machines de s\u00e9chage<\/a><\/p>    <figure class=\"wp-block-gallery has-nested-images columns-default is-cropped wp-block-gallery-6 is-layout-flex wp-block-gallery-is-layout-flex\"> <figure class=\"wp-block-image size-large\"><img loading=\"lazy\" decoding=\"async\" width=\"720\" height=\"540\" data-id=\"960\" src=\"https:\/\/charcoalplant.com\/wp-content\/uploads\/2021\/11\/Rice-husk-dryer-1.jpg\" alt=\"S\u00e9choir \u00e0 balles de riz\" class=\"wp-image-960\" srcset=\"https:\/\/charcoalplant.com\/wp-content\/uploads\/2021\/11\/Rice-husk-dryer-1.jpg 720w, https:\/\/charcoalplant.com\/wp-content\/uploads\/2021\/11\/Rice-husk-dryer-1-300x225.jpg 300w\" sizes=\"auto, (max-width: 720px) 100vw, 720px\" \/><figcaption class=\"wp-element-caption\">S\u00e9choir \u00e0 balles de riz<\/figcaption><\/figure> <\/figure> <\/div>    <div class=\"wp-block-column is-layout-flow wp-block-column-is-layout-flow\"> <p class=\"translation-block\"><a href=\"https:\/\/charcoalplant.com\/fr\/product\/charcoal-briquettes-packing-machine\/\"><a href=\"https:\/\/charcoalplant.com\/fr\/briquettes-packing-machine\/charcoal-briquettes-packing-machine\/\">Machine d'emballage de briquettes de charbon | Enveloppeuse de charbon<\/a><\/a><\/p>    <figure class=\"wp-block-gallery has-nested-images columns-default is-cropped wp-block-gallery-7 is-layout-flex wp-block-gallery-is-layout-flex\"> <figure class=\"wp-block-image size-large\"><img loading=\"lazy\" decoding=\"async\" width=\"720\" height=\"540\" data-id=\"1503\" src=\"https:\/\/charcoalplant.com\/wp-content\/uploads\/2021\/12\/Shisha-Charcoal-Packing-Machine-1.jpg\" alt=\"Machine d&#039;emballage de charbon de bois pour chicha\" class=\"wp-image-1503\" srcset=\"https:\/\/charcoalplant.com\/wp-content\/uploads\/2021\/12\/Shisha-Charcoal-Packing-Machine-1.jpg 720w, https:\/\/charcoalplant.com\/wp-content\/uploads\/2021\/12\/Shisha-Charcoal-Packing-Machine-1-300x225.jpg 300w\" sizes=\"auto, (max-width: 720px) 100vw, 720px\" \/><figcaption class=\"wp-element-caption\">Machine d'emballage de charbon de bois pour chicha<\/figcaption><\/figure> <\/figure> <\/div>    <div class=\"wp-block-column is-layout-flow wp-block-column-is-layout-flow\"> <p><a href=\"https:\/\/charcoalplant.com\/fr\/grinder-and-mixer\/charcoal-shredder\/\">Broyeur de charbon de bois | Machine de concassage composite de charbon<\/a><\/p>    <figure class=\"wp-block-gallery has-nested-images columns-default is-cropped wp-block-gallery-8 is-layout-flex wp-block-gallery-is-layout-flex\"> <figure class=\"wp-block-image size-large\"><img loading=\"lazy\" decoding=\"async\" width=\"720\" height=\"540\" data-id=\"1714\" src=\"https:\/\/charcoalplant.com\/wp-content\/uploads\/2021\/12\/charcoal-shredder-manufacturer-1.jpg\" alt=\"fabricant de broyeur de charbon de bois\" class=\"wp-image-1714\" srcset=\"https:\/\/charcoalplant.com\/wp-content\/uploads\/2021\/12\/charcoal-shredder-manufacturer-1.jpg 720w, https:\/\/charcoalplant.com\/wp-content\/uploads\/2021\/12\/charcoal-shredder-manufacturer-1-300x225.jpg 300w\" sizes=\"auto, (max-width: 720px) 100vw, 720px\" \/><figcaption class=\"wp-element-caption\">fabricant de broyeur de charbon de bois<\/figcaption><\/figure> <\/figure> <\/div> <\/div>","protected":false},"excerpt":{"rendered":"<p>Welcome to Shuliy Machinery Equipment Co., Ltd. For your better shopping experience, we have prepared a detailed buying guide for you. Here let me introduce to you some of our company&#8217;s special products. Such as carbonization furnace, coconut shell charcoal machine, coal briket machine, and sawdust briquette machine. Other products are also good, including wood [&hellip;]<\/p>\n","protected":false},"author":1,"featured_media":985,"parent":0,"menu_order":0,"comment_status":"closed","ping_status":"closed","template":"","meta":{"footnotes":""},"class_list":["post-45","page","type-page","status-publish","has-post-thumbnail","hentry"],"_links":{"self":[{"href":"https:\/\/charcoalplant.com\/fr\/wp-json\/wp\/v2\/pages\/45","targetHints":{"allow":["GET"]}}],"collection":[{"href":"https:\/\/charcoalplant.com\/fr\/wp-json\/wp\/v2\/pages"}],"about":[{"href":"https:\/\/charcoalplant.com\/fr\/wp-json\/wp\/v2\/types\/page"}],"author":[{"embeddable":true,"href":"https:\/\/charcoalplant.com\/fr\/wp-json\/wp\/v2\/users\/1"}],"replies":[{"embeddable":true,"href":"https:\/\/charcoalplant.com\/fr\/wp-json\/wp\/v2\/comments?post=45"}],"version-history":[{"count":0,"href":"https:\/\/charcoalplant.com\/fr\/wp-json\/wp\/v2\/pages\/45\/revisions"}],"wp:featuredmedia":[{"embeddable":true,"href":"https:\/\/charcoalplant.com\/fr\/wp-json\/wp\/v2\/media\/985"}],"wp:attachment":[{"href":"https:\/\/charcoalplant.com\/fr\/wp-json\/wp\/v2\/media?parent=45"}],"curies":[{"name":"wp","href":"https:\/\/api.w.org\/{rel}","templated":true}]}}