{"id":8,"date":"2021-12-28T05:28:32","date_gmt":"2021-12-28T05:28:32","guid":{"rendered":"http:\/\/charcoalplant.local\/?page_id=8"},"modified":"2023-01-10T16:03:19","modified_gmt":"2023-01-10T08:03:19","slug":"about","status":"publish","type":"page","link":"https:\/\/charcoalplant.com\/fr\/about-us\/","title":{"rendered":"\u00c0 propos de Shuli"},"content":{"rendered":"<figure class=\"wp-block-image aligncenter size-full is-resized\"><img loading=\"lazy\" decoding=\"async\" src=\"https:\/\/charcoalplant.com\/wp-content\/uploads\/2022\/01\/shuliy-machinery.png\" alt=\"\" class=\"wp-image-1753\" width=\"776\" height=\"323\" srcset=\"https:\/\/charcoalplant.com\/wp-content\/uploads\/2022\/01\/shuliy-machinery.png 1024w, https:\/\/charcoalplant.com\/wp-content\/uploads\/2022\/01\/shuliy-machinery-300x125.png 300w, https:\/\/charcoalplant.com\/wp-content\/uploads\/2022\/01\/shuliy-machinery-768x320.png 768w\" sizes=\"auto, (max-width: 776px) 100vw, 776px\" \/><\/figure>    <ul class=\"wp-block-list\"> <li>Fabricant et exportateur de machines \u00e0 charbon depuis plus de 10 ans.<\/li>    <li>Avec pr\u00e8s de 200 \u00e9quipes de R&amp;D, de fabrication et de vente.<\/li>    <li>Concentrez-vous sur la fourniture de solutions globales en mati\u00e8re de charbon de bois pour r\u00e9aliser les activit\u00e9s de charbon de bois des clients.<\/li>    <li>Assurez-vous que chaque machine \u00e0 charbon vendue peut cr\u00e9er des avantages pour les clients.<\/li> <\/ul>    <h2 class=\"has-black-color has-text-color wp-block-heading\" id=\"h-composition-of-shuliy\" style=\"margin-top:30px;margin-bottom:30px\">Composition de Shuliy<\/h2>    <figure class=\"wp-block-image aligncenter size-full is-resized\"><img loading=\"lazy\" decoding=\"async\" src=\"https:\/\/charcoalplant.com\/wp-content\/uploads\/2022\/01\/shuliy-company-1.png\" alt=\"\" class=\"wp-image-1755\" width=\"799\" height=\"327\" srcset=\"https:\/\/charcoalplant.com\/wp-content\/uploads\/2022\/01\/shuliy-company-1.png 789w, https:\/\/charcoalplant.com\/wp-content\/uploads\/2022\/01\/shuliy-company-1-300x123.png 300w, https:\/\/charcoalplant.com\/wp-content\/uploads\/2022\/01\/shuliy-company-1-768x314.png 768w\" sizes=\"auto, (max-width: 799px) 100vw, 799px\" \/><\/figure>    <p class=\"translation-block\"><strong>\u00c9quipe de R&amp;D et d'\u00e9tudes de march\u00e9<\/strong><\/p>    <p>Les \u00e9quipes de R&amp;D et d'\u00e9tudes de march\u00e9 sur les \u00e9quipements de l'usine de Shuliy sont toutes des ing\u00e9nieurs en m\u00e9canique avec 5 \u00e0 10 ans d'exp\u00e9rience professionnelle et poss\u00e8dent une exp\u00e9rience tr\u00e8s riche dans la mise \u00e0 jour et l'am\u00e9lioration des \u00e9quipements.<\/p>    <p class=\"translation-block\"><strong>\u00c9quipe de fabrication et de contr\u00f4le qualit\u00e9<\/strong><\/p>    <p>L'\u00e9quipe de fabrication d'\u00e9quipements de charbon de bois et d'inspection de la qualit\u00e9 constitue le d\u00e9partement principal de l'usine de Shuliy. Ce sont tous des travailleurs professionnels bien r\u00e9mun\u00e9r\u00e9s, dot\u00e9s d\u2019une riche exp\u00e9rience et d\u2019un travail s\u00e9rieux. Le service d'inspection de la qualit\u00e9 effectuera des inspections strictes sur les produits \u00e0 exp\u00e9dier.<\/p>    <p class=\"translation-block\"><strong>\u00c9quipe de vente et de service apr\u00e8s-vente<\/strong><\/p>    <p>Le personnel de vente international et du service apr\u00e8s-vente de l'usine Shuliy est compos\u00e9 de talents modernes dipl\u00f4m\u00e9s d'\u00e9coles prestigieuses. Ils peuvent communiquer avec des clients de diff\u00e9rents pays sans barri\u00e8res.<\/p>    <h2 class=\"wp-block-heading\">Avis des clients<\/h2>    <div class=\"wp-block-columns has-background is-layout-flex wp-container-core-columns-is-layout-28f84493 wp-block-columns-is-layout-flex\" style=\"background-color:#f1f1f1\"> <div class=\"wp-block-column is-layout-flow wp-block-column-is-layout-flow\"> <figure class=\"wp-block-image aligncenter size-full is-resized\"><img loading=\"lazy\" decoding=\"async\" src=\"https:\/\/charcoalplant.com\/wp-content\/uploads\/2022\/03\/Ghana-customer-1-1.jpg\" alt=\"\" class=\"wp-image-2728\" width=\"402\" height=\"301\"\/><\/figure> <\/div>    <div class=\"wp-block-column is-vertically-aligned-center is-layout-flow wp-block-column-is-layout-flow\"> <p>\u00ab Coop\u00e9rer avec la soci\u00e9t\u00e9 Shuliy est une chose tr\u00e8s agr\u00e9able ! Lorsque j\u2019ai visit\u00e9 l\u2019usine Shuliy, j\u2019ai aussi mang\u00e9 de la nourriture traditionnelle chinoise : du Zongzi !<\/p>    <p>\u2013 Ahmed Essa<\/p> <\/div> <\/div>    <div class=\"wp-block-columns has-background is-layout-flex wp-container-core-columns-is-layout-28f84493 wp-block-columns-is-layout-flex\" style=\"background-color:#f1f1f1\"> <div class=\"wp-block-column is-vertically-aligned-center is-layout-flow wp-block-column-is-layout-flow\"> <p>\u00ab Le four de carbonisation que j'ai achet\u00e9 pour l'usine du Nigeria a d\u00e9j\u00e0 \u00e9t\u00e9 livr\u00e9. Le mat\u00e9riel a \u00e9t\u00e9 emball\u00e9 en bon \u00e9tat sans aucun dommage. L'usine Shuliy a \u00e9galement fourni gratuitement de nombreux accessoires et des instructions d'installation d\u00e9taill\u00e9es, ce qui m'a surpris !<\/p>    <p>\u2013 Mahmut Tepebasi<\/p> <\/div>    <div class=\"wp-block-column is-layout-flow wp-block-column-is-layout-flow\"> <figure class=\"wp-block-image aligncenter size-full is-resized\"><img loading=\"lazy\" decoding=\"async\" src=\"https:\/\/charcoalplant.com\/wp-content\/uploads\/2022\/03\/Saudi-customer-1.jpg\" alt=\"\" class=\"wp-image-2725\" width=\"371\" height=\"279\"\/><\/figure> <\/div> <\/div>    <div class=\"wp-block-columns has-background is-layout-flex wp-container-core-columns-is-layout-28f84493 wp-block-columns-is-layout-flex\" style=\"background-color:#f1f1f1\"> <div class=\"wp-block-column is-layout-flow wp-block-column-is-layout-flow\"> <figure class=\"wp-block-image aligncenter size-full is-resized\"><img loading=\"lazy\" decoding=\"async\" src=\"https:\/\/charcoalplant.com\/wp-content\/uploads\/2022\/03\/Filipino-customers-1.jpg\" alt=\"\" class=\"wp-image-2719\" width=\"416\" height=\"312\"\/><\/figure> <\/div>    <div class=\"wp-block-column is-vertically-aligned-center is-layout-flow wp-block-column-is-layout-flow\"> <p>\u00ab\u00a0Mon partenaire et moi sommes tr\u00e8s satisfaits de l'\u00e9quipement de traitement du charbon de narguil\u00e9 de Shuliy\u00a0! Le rendement de la ligne de production compl\u00e8te est d'environ 500 kg\/h, ce qui est conforme \u00e0 nos attentes.<\/p>    <p>\u2013 Kyrien<\/p> <\/div> <\/div>    <div class=\"wp-block-columns has-background is-layout-flex wp-container-core-columns-is-layout-28f84493 wp-block-columns-is-layout-flex\" style=\"background-color:#f1f1f1\"> <div class=\"wp-block-column is-vertically-aligned-center is-layout-flow wp-block-column-is-layout-flow\"> <p>\u00ab Je suis tr\u00e8s heureux de coop\u00e9rer avec l'usine Shuliy, la machine \u00e0 briquettes de charbon de bois que j'ai achet\u00e9e a \u00e9t\u00e9 exp\u00e9di\u00e9e \u00e0 temps. Merci beaucoup pour la vid\u00e9o d'instructions de fonctionnement de la machine que vous avez r\u00e9alis\u00e9e pour nous, cela m'a beaucoup aid\u00e9 !<\/p>    <p>\u2013 Ben Lmeogu<\/p> <\/div>    <div class=\"wp-block-column is-layout-flow wp-block-column-is-layout-flow\"> <figure class=\"wp-block-image aligncenter size-full is-resized\"><img loading=\"lazy\" decoding=\"async\" src=\"https:\/\/charcoalplant.com\/wp-content\/uploads\/2022\/03\/British-customers-1.jpg\" alt=\"\" class=\"wp-image-2722\" width=\"389\" height=\"292\"\/><\/figure> <\/div> <\/div>    <p><\/p>","protected":false},"excerpt":{"rendered":"<p>Composition of Shuliy R&amp;D and market research team The equipment R&amp;D and market research teams in the Shuliy factory are all mechanical engineers with 5-10 years of work experience, and they have very rich experience in equipment updates and improvement. Manufacturing and quality inspection team The charcoal equipment manufacturing and quality inspection team is the [&hellip;]<\/p>\n","protected":false},"author":1,"featured_media":0,"parent":0,"menu_order":0,"comment_status":"closed","ping_status":"closed","template":"","meta":{"footnotes":""},"class_list":["post-8","page","type-page","status-publish","hentry"],"_links":{"self":[{"href":"https:\/\/charcoalplant.com\/fr\/wp-json\/wp\/v2\/pages\/8","targetHints":{"allow":["GET"]}}],"collection":[{"href":"https:\/\/charcoalplant.com\/fr\/wp-json\/wp\/v2\/pages"}],"about":[{"href":"https:\/\/charcoalplant.com\/fr\/wp-json\/wp\/v2\/types\/page"}],"author":[{"embeddable":true,"href":"https:\/\/charcoalplant.com\/fr\/wp-json\/wp\/v2\/users\/1"}],"replies":[{"embeddable":true,"href":"https:\/\/charcoalplant.com\/fr\/wp-json\/wp\/v2\/comments?post=8"}],"version-history":[{"count":0,"href":"https:\/\/charcoalplant.com\/fr\/wp-json\/wp\/v2\/pages\/8\/revisions"}],"wp:attachment":[{"href":"https:\/\/charcoalplant.com\/fr\/wp-json\/wp\/v2\/media?parent=8"}],"curies":[{"name":"wp","href":"https:\/\/api.w.org\/{rel}","templated":true}]}}