{"id":1042,"date":"2021-12-01T03:47:15","date_gmt":"2021-12-01T03:47:15","guid":{"rendered":"https:\/\/charcoalplant.com\/?p=1042"},"modified":"2023-01-06T16:54:05","modified_gmt":"2023-01-06T08:54:05","slug":"vertical-carbonization-furnace","status":"publish","type":"product","link":"https:\/\/charcoalplant.com\/fr\/product\/vertical-carbonization-furnace\/","title":{"rendered":"Four de carbonisation vertical | Petite machine de fabrication de charbon de bois"},"content":{"rendered":"<div class=\"kk-star-ratings kksr-auto kksr-align-left kksr-valign-top\"     data-payload='{&quot;align&quot;:&quot;left&quot;,&quot;id&quot;:&quot;1042&quot;,&quot;slug&quot;:&quot;default&quot;,&quot;valign&quot;:&quot;top&quot;,&quot;ignore&quot;:&quot;&quot;,&quot;reference&quot;:&quot;auto&quot;,&quot;class&quot;:&quot;&quot;,&quot;count&quot;:&quot;10&quot;,&quot;legendonly&quot;:&quot;&quot;,&quot;readonly&quot;:&quot;&quot;,&quot;score&quot;:&quot;4.9&quot;,&quot;starsonly&quot;:&quot;&quot;,&quot;best&quot;:&quot;5&quot;,&quot;gap&quot;:&quot;5&quot;,&quot;greet&quot;:&quot;Rate this product&quot;,&quot;legend&quot;:&quot;4.9\\\/5 - (10 votes)&quot;,&quot;size&quot;:&quot;24&quot;,&quot;title&quot;:&quot;Vertical Carbonization Furnace | Small Charcoal Making Machine&quot;,&quot;width&quot;:&quot;139.6&quot;,&quot;_legend&quot;:&quot;{score}\\\/{best} - ({count} {votes})&quot;,&quot;font_factor&quot;:&quot;1.25&quot;}'>              <div class=\"kksr-stars\">      <div class=\"kksr-stars-inactive\">             <div class=\"kksr-star\" data-star=\"1\" style=\"padding-right: 5px\">               <div class=\"kksr-icon\" style=\"width: 24px; height: 24px;\"><\/div>         <\/div>             <div class=\"kksr-star\" data-star=\"2\" style=\"padding-right: 5px\">               <div class=\"kksr-icon\" style=\"width: 24px; height: 24px;\"><\/div>         <\/div>             <div class=\"kksr-star\" data-star=\"3\" style=\"padding-right: 5px\">               <div class=\"kksr-icon\" style=\"width: 24px; height: 24px;\"><\/div>         <\/div>             <div class=\"kksr-star\" data-star=\"4\" style=\"padding-right: 5px\">               <div class=\"kksr-icon\" style=\"width: 24px; height: 24px;\"><\/div>         <\/div>             <div class=\"kksr-star\" data-star=\"5\" style=\"padding-right: 5px\">               <div class=\"kksr-icon\" style=\"width: 24px; height: 24px;\"><\/div>         <\/div>     <\/div>      <div class=\"kksr-stars-active\" style=\"width: 139.6px;\">             <div class=\"kksr-star\" style=\"padding-right: 5px\">               <div class=\"kksr-icon\" style=\"width: 24px; height: 24px;\"><\/div>         <\/div>             <div class=\"kksr-star\" style=\"padding-right: 5px\">               <div class=\"kksr-icon\" style=\"width: 24px; height: 24px;\"><\/div>         <\/div>             <div class=\"kksr-star\" style=\"padding-right: 5px\">               <div class=\"kksr-icon\" style=\"width: 24px; height: 24px;\"><\/div>         <\/div>             <div class=\"kksr-star\" style=\"padding-right: 5px\">               <div class=\"kksr-icon\" style=\"width: 24px; height: 24px;\"><\/div>         <\/div>             <div class=\"kksr-star\" style=\"padding-right: 5px\">               <div class=\"kksr-icon\" style=\"width: 24px; height: 24px;\"><\/div>         <\/div>     <\/div> <\/div>                   <div class=\"kksr-legend\" style=\"font-size: 19.2px;\">             4,9\/5 - (10 votes)    <\/div>     <\/div>  <p class=\"translation-block\">Le <strong>four de carbonisation vertical<\/strong> est une petite machine de fabrication de charbon de bois. Il est \u00e9galement appel\u00e9 four de carbonisation \u00e0 levage. C'est un four de carbonisation \u00e0 flux d'air \u00e9conome en \u00e9nergie nouvellement d\u00e9velopp\u00e9. De plus, il utilise un dispositif de grue de levage t\u00e9l\u00e9command\u00e9. Par cons\u00e9quent, l'op\u00e9rateur peut facilement accomplir la t\u00e2che de chargement et de d\u00e9chargement. Ce four de carbonisation de b\u00fbches occupe peu d'espace. Il convient \u00e0 la production de masse de charbon de bois dans une <strong><a href=\"https:\/\/charcoalplant.com\/fr\/charcoal-making-machine-3\/\">ligne de production de charbon de bois<\/a><\/strong>. C'est donc un \u00e9quipement id\u00e9al pour les fabricants de charbon de bois. Appelez-nous d\u00e8s maintenant pour obtenir les meilleures informations sur les prix.<\/p>    <h2 class=\"wp-block-heading\" id=\"h-raw-materials-of-vertical-carbonization-furnace\">Mati\u00e8res premi\u00e8res du four de carbonisation vertical<\/h2>    <p>Les fours \u00e0 briquettes de sciure de bois peuvent carboniser les b\u00fbches, les briquettes de sciure de bois, les brindilles, les bois durs, les coquilles de noix de coco, les coquilles de noix, les coquilles de palmier, le bambou et d'autres mat\u00e9riaux. Ces charbons de bois carbonis\u00e9s sont de nouveaux mat\u00e9riaux de combustion et de chauffage modernes, non toxiques et inoffensifs.<\/p>    <figure class=\"wp-block-gallery has-nested-images columns-default is-cropped wp-block-gallery-2 is-layout-flex wp-block-gallery-is-layout-flex\"> <figure class=\"wp-block-image size-full\"><img loading=\"lazy\" decoding=\"async\" width=\"1192\" height=\"228\" data-id=\"2253\" src=\"https:\/\/charcoalplant.com\/wp-content\/uploads\/2022\/02\/carbonization-furnace-raw-matarials-1-1.jpg\" alt=\"\" class=\"wp-image-2253\"\/><\/figure> <\/figure>    <p>Compar\u00e9 au charbon de bois natif ordinaire, le charbon de bois fabriqu\u00e9 \u00e0 la machine pr\u00e9sente les avantages d'une longue dur\u00e9e de combustion, d'une teneur \u00e9lev\u00e9e en carbone, d'un pouvoir calorifique \u00e9lev\u00e9, d'une faible teneur en cendres et d'un go\u00fbt insipide.<\/p>    <figure class=\"wp-block-gallery has-nested-images columns-default is-cropped wp-block-gallery-3 is-layout-flex wp-block-gallery-is-layout-flex\"> <figure class=\"wp-block-image size-large\"><img loading=\"lazy\" decoding=\"async\" width=\"1190\" height=\"228\" data-id=\"2255\" src=\"https:\/\/charcoalplant.com\/wp-content\/uploads\/2022\/02\/coconut-shell-charcoal-1.jpg\" alt=\"\" class=\"wp-image-2255\"\/><\/figure> <\/figure>    <h2 class=\"wp-block-heading\" id=\"h-structure-of-vertical-carbonization-furnace\">Structure du four de carbonisation vertical<\/h2>    <p class=\"translation-block\">Cette petite machine de fabrication de charbon de bois comprend principalement un corps de four, un couvercle de four, une chambre de chauffage, un tuyau d'\u00e9chappement, un <strong><a href=\"https:\/\/charcoalplant.com\/fr\/info\/how-does-the-sawdust-briquetting-carbonizer-work\/\">r\u00e9servoir int\u00e9rieur<\/a><\/strong>, un r\u00e9servoir ext\u00e9rieur et d'autres structures. <\/p>    <figure class=\"wp-block-gallery has-nested-images columns-default is-cropped wp-block-gallery-4 is-layout-flex wp-block-gallery-is-layout-flex\"> <figure class=\"wp-block-image size-full\"><img loading=\"lazy\" decoding=\"async\" width=\"720\" height=\"540\" data-id=\"2270\" src=\"https:\/\/charcoalplant.com\/wp-content\/uploads\/2021\/12\/hoisting-carbonization-furnace-manufacturer-2.jpg\" alt=\"fabricant-de-fours-de-carbonisation-de-levage\" class=\"wp-image-2270\"\/><figcaption class=\"wp-element-caption\">fabricant-de-fours-de-carbonisation-de-levage<\/figcaption><\/figure> <\/figure>    <p class=\"translation-block\">En raison du <strong><a href=\"https:\/\/charcoalplant.com\/fr\/info\/how-does-the-sawdust-briquetting-carbonizer-work\/\">r\u00e9servoir int\u00e9rieur<\/a><\/strong>, il y a un cadre annulaire sur le bord sup\u00e9rieur de la doublure. Le diam\u00e8tre du r\u00e9servoir int\u00e9rieur plus la largeur du cadre est sup\u00e9rieur au diam\u00e8tre du r\u00e9servoir ext\u00e9rieur. Ainsi, le r\u00e9servoir int\u00e9rieur peut se tenir en l'air.<\/p>    <div class=\"wp-block-columns has-background is-layout-flex wp-container-core-columns-is-layout-28f84493 wp-block-columns-is-layout-flex\" style=\"background-color:#f1f1f1\"> <div class=\"wp-block-column is-vertically-aligned-center is-layout-flow wp-block-column-is-layout-flow\" style=\"flex-basis:33.33%\"> <p class=\"translation-block\"><strong>Couvercle<\/strong><\/p>    <p class=\"translation-block\">L'\u00e9tuve int\u00e9rieure et le couvercle du four sont \u00e9quip\u00e9s d'oreilles de suspension qui peuvent \u00eatre accroch\u00e9es. Par cons\u00e9quent, il est pratique de mettre \u00e0 niveau les accessoires li\u00e9s lors de <strong><a href=\"https:\/\/charcoalplant.com\/fr\/info\/how-does-the-sawdust-briquetting-carbonizer-work\/\">l'op\u00e9ration<\/a><\/strong>.<\/p> <\/div>    <div class=\"wp-block-column is-layout-flow wp-block-column-is-layout-flow\" style=\"flex-basis:66.66%\"> <figure class=\"wp-block-gallery has-nested-images columns-default is-cropped wp-block-gallery-5 is-layout-flex wp-block-gallery-is-layout-flex\"> <figure class=\"wp-block-image size-full\"><img loading=\"lazy\" decoding=\"async\" width=\"720\" height=\"540\" data-id=\"1064\" src=\"https:\/\/charcoalplant.com\/wp-content\/uploads\/2021\/12\/cover-2.jpg\" alt=\"couverture\" class=\"wp-image-1064\" srcset=\"https:\/\/charcoalplant.com\/wp-content\/uploads\/2021\/12\/cover-2.jpg 720w, https:\/\/charcoalplant.com\/wp-content\/uploads\/2021\/12\/cover-2-300x225.jpg 300w\" sizes=\"auto, (max-width: 720px) 100vw, 720px\" \/><figcaption class=\"wp-element-caption\">couverture<\/figcaption><\/figure> <\/figure> <\/div> <\/div>    <div class=\"wp-block-columns has-background is-layout-flex wp-container-core-columns-is-layout-28f84493 wp-block-columns-is-layout-flex\" style=\"background-color:#f1f1f1\"> <div class=\"wp-block-column is-layout-flow wp-block-column-is-layout-flow\" style=\"flex-basis:66.66%\"> <figure class=\"wp-block-gallery has-nested-images columns-default is-cropped wp-block-gallery-6 is-layout-flex wp-block-gallery-is-layout-flex\"> <figure class=\"wp-block-image size-large\"><img loading=\"lazy\" decoding=\"async\" width=\"720\" height=\"540\" data-id=\"1065\" src=\"https:\/\/charcoalplant.com\/wp-content\/uploads\/2021\/12\/Pipes-that-produce-combustible-gas-1.jpg\" alt=\"Tuyaux-qui-produisent-du-gaz-combustible\" class=\"wp-image-1065\" srcset=\"https:\/\/charcoalplant.com\/wp-content\/uploads\/2021\/12\/Pipes-that-produce-combustible-gas-1.jpg 720w, https:\/\/charcoalplant.com\/wp-content\/uploads\/2021\/12\/Pipes-that-produce-combustible-gas-1-300x225.jpg 300w\" sizes=\"auto, (max-width: 720px) 100vw, 720px\" \/><figcaption class=\"wp-element-caption\">Tuyaux-qui-produisent-du-gaz-combustible<\/figcaption><\/figure> <\/figure> <\/div>    <div class=\"wp-block-column is-vertically-aligned-center is-layout-flow wp-block-column-is-layout-flow\" style=\"flex-basis:33.33%\"> <p class=\"translation-block\"><strong>Four de combustion<\/strong><\/p>    <p>Le pr\u00e9chauffage du four de carbonisation des b\u00fbches n\u00e9cessite la combustion de combustible de biomasse pour le chauffage. Le four de carbonisation qui remplit l'espace entre les briques r\u00e9fractaires avec de la colle \u00e0 haute temp\u00e9rature est plus solide et stable. De plus, les performances d'\u00e9tanch\u00e9it\u00e9 \u00e0 l'int\u00e9rieur du four et l'effet d'isolation thermique \u00e0 l'ext\u00e9rieur du four sont \u00e9galement consid\u00e9rablement am\u00e9lior\u00e9s.<\/p> <\/div> <\/div>    <div class=\"wp-block-columns has-background is-layout-flex wp-container-core-columns-is-layout-28f84493 wp-block-columns-is-layout-flex\" style=\"background-color:#f1f1f1\"> <div class=\"wp-block-column is-vertically-aligned-center is-layout-flow wp-block-column-is-layout-flow\" style=\"flex-basis:33.33%\"> <p class=\"translation-block\"><strong>Chariot<\/strong><\/p>    <p>Le cadre en fer peut contenir des b\u00fbches et les mettre dans le r\u00e9servoir int\u00e9rieur du po\u00eale \u00e0 charbon. Une fois la carbonisation termin\u00e9e, il est facile de le sortir pour le chargement et le d\u00e9chargement.<\/p> <\/div>    <div class=\"wp-block-column is-layout-flow wp-block-column-is-layout-flow\" style=\"flex-basis:66.66%\"> <figure class=\"wp-block-gallery has-nested-images columns-default is-cropped wp-block-gallery-7 is-layout-flex wp-block-gallery-is-layout-flex\"> <figure class=\"wp-block-image size-large\"><img loading=\"lazy\" decoding=\"async\" width=\"720\" height=\"540\" data-id=\"1055\" src=\"https:\/\/charcoalplant.com\/wp-content\/uploads\/2021\/12\/Log-or-stick-carrying-tool-1.jpg\" alt=\"Outil de transport de b\u00fbches ou de b\u00e2tons\" class=\"wp-image-1055\" srcset=\"https:\/\/charcoalplant.com\/wp-content\/uploads\/2021\/12\/Log-or-stick-carrying-tool-1.jpg 720w, https:\/\/charcoalplant.com\/wp-content\/uploads\/2021\/12\/Log-or-stick-carrying-tool-1-300x225.jpg 300w\" sizes=\"auto, (max-width: 720px) 100vw, 720px\" \/><figcaption class=\"wp-element-caption\">Outil de transport de b\u00fbches ou de b\u00e2tons<\/figcaption><\/figure> <\/figure> <\/div> <\/div>    <h2 class=\"wp-block-heading\" id=\"log-carbonization-furnace-plant-operation-process\">Processus de fonctionnement de la machine de fabrication de charbon de bois de sciure de bois<\/h2>    <ul class=\"wp-block-list\"> <li>Ouvrez le couvercle du four.<\/li> <\/ul>    <ul class=\"wp-block-list\"> <li>Soulevez le r\u00e9servoir int\u00e9rieur, remplissez-le de mati\u00e8res premi\u00e8res et remettez-le dans le r\u00e9servoir int\u00e9rieur.<\/li> <\/ul>    <ul class=\"wp-block-list\"> <li>Pr\u00e9chauffage (40min-1h). Ouvrir la vanne pour la carbonisation (6-8h).<\/li> <\/ul>    <ul class=\"wp-block-list\"> <li> Terminez la carbonisation, retirez le r\u00e9servoir int\u00e9rieur et laissez refroidir (6-8h).<\/li> <\/ul>    <figure class=\"wp-block-gallery has-nested-images columns-2 is-cropped wp-block-gallery-8 is-layout-flex wp-block-gallery-is-layout-flex\"> <figure class=\"wp-block-image size-full\"><img loading=\"lazy\" decoding=\"async\" width=\"720\" height=\"540\" data-id=\"2267\" src=\"https:\/\/charcoalplant.com\/wp-content\/uploads\/2022\/02\/Vertical-log-carbonization-furnace-plant-.jpg\" alt=\"\" class=\"wp-image-2267\"\/><figcaption class=\"wp-element-caption\">four \u00e0 charbon de bois<\/figcaption><\/figure>    <figure class=\"wp-block-image size-full\"><img loading=\"lazy\" decoding=\"async\" width=\"720\" height=\"540\" data-id=\"1062\" src=\"https:\/\/charcoalplant.com\/wp-content\/uploads\/2021\/12\/Hoisting-outer-tank-of-carbonization-furnace-1.jpg\" alt=\"Levage-cuve-ext\u00e9rieure-du-four-de-carbonisation\" class=\"wp-image-1062\" srcset=\"https:\/\/charcoalplant.com\/wp-content\/uploads\/2021\/12\/Hoisting-outer-tank-of-carbonization-furnace-1.jpg 720w, https:\/\/charcoalplant.com\/wp-content\/uploads\/2021\/12\/Hoisting-outer-tank-of-carbonization-furnace-1-300x225.jpg 300w\" sizes=\"auto, (max-width: 720px) 100vw, 720px\" \/><figcaption class=\"wp-element-caption\">Levage-cuve-ext\u00e9rieure-du-four-de-carbonisation<\/figcaption><\/figure> <\/figure>    <h2 class=\"wp-block-heading\" id=\"video-of-log-charcoal-furnace\">Vid\u00e9o du four de carbonisation de charbon de bois de sciure<\/h2>    <p>Shuliy Machinery est un excellent fabricant de lignes de production de machines \u00e0 charbon de bois en Chine. Nous avons la capacit\u00e9 professionnelle de fournir des solutions aux clients. Bienvenue pour regarder nos vid\u00e9os. Et si vous souhaitez acheter un four vertical \u00e0 charbon de bambou, veuillez nous contacter.<\/p>    <figure class=\"wp-block-embed is-type-video is-provider-youtube wp-block-embed-youtube wp-embed-aspect-16-9 wp-has-aspect-ratio\"><div class=\"wp-block-embed__wrapper\"> <iframe loading=\"lazy\" title=\"Four de carbonisation vertical 800KG\/Four | Usine de transformation de charbon de bois en rondins#bois#charbon de bambou\" width=\"500\" height=\"281\" src=\"https:\/\/www.youtube.com\/embed\/6zU44iT7e2c?feature=oembed\" frameborder=\"0\" allow=\"accelerometer; autoplay; clipboard-write; encrypted-media; gyroscope; picture-in-picture; web-share\" referrerpolicy=\"strict-origin-when-cross-origin\" allowfullscreen><\/iframe> <\/div><\/figure>    <h2 class=\"wp-block-heading\" id=\"hoist-carbonization-furnace-parameters\">Param\u00e8tres du four de carbonisation de type vertical<\/h2>    <p>Le diam\u00e8tre int\u00e9rieur du four de carbonisation de levage est diff\u00e9rent. Par cons\u00e9quent, nous pouvons personnaliser diff\u00e9rents types de fours \u00e0 charbon de bois. De plus, nous mettons \u00e0 disposition de nos clients une grue \u00e9l\u00e9vatrice d\u2019une capacit\u00e9 de charge de 3t. Voici les param\u00e8tres du four de carbonisation de b\u00fbches de levage SL-C1500.<\/p>    <figure class=\"wp-block-table is-style-stripes\"><table><tbody><tr><td>Mod\u00e8le<\/td><td>SL-C1500<\/td><\/tr><tr><td>Capacit\u00e9 de sortie<\/td><td>2500-3000kg\/24 heures (d\u00e9pend de vos mati\u00e8res premi\u00e8res)<\/td><\/tr><tr><td>Capacit\u00e9 de chargement<\/td><td>2600-3000kg\/par 8 heures<\/td><\/tr><tr><td>Temps de carbonisation une fois<\/td><td>8 heures<\/td><\/tr><tr><td>Dimension<\/td><td>1940*1900*1900mm<\/td><\/tr><tr><td>\u00c9paisseur de l'acier<\/td><td>6 mm (personnalisable)<\/td><\/tr><tr><td>Taille du po\u00eale int\u00e9rieur<\/td><td>1,5*1,5m<\/td><\/tr><tr><td>Poids<\/td><td>2,8 tonnes<\/td><\/tr><tr><td>Y compris les pi\u00e8ces<\/td><td>Une machine comprend 3 po\u00eales<\/td><\/tr><tr><td>Puissance \u00e9lectrique<\/td><td>Pas besoin de puissance suppl\u00e9mentaire<\/td><\/tr><tr><td>Co\u00fbt de la biomasse pour le chauffage\u00a0par 8\u00a0heures<\/td><td>50 \u00e0 80 kg de biomasse r\u00e9siduelle par 8 heures<\/td><\/tr><\/tbody><\/table><\/figure>    <h2 class=\"wp-block-heading\" id=\"h-working-features-of-log-charcoal-factory\">Caract\u00e9ristiques de fonctionnement de l'usine de charbon de bois de sciure<\/h2>    <p class=\"translation-block\"><strong>Premi\u00e8rement,<\/strong> lorsque le four de carbonisation vertical est en cours de carbonisation, le temps pour chaque r\u00e9servoir de mati\u00e8re premi\u00e8re de charbon de bois carbonis\u00e9 et de charbon de bois fabriqu\u00e9 \u00e0 la machine est de 6 \u00e0 8 heures ; le temps de refroidissement est \u00e9galement de 6 \u00e0 8 heures.<\/p>    <p class=\"translation-block\"><strong>Deuxi\u00e8mement,<\/strong> les \u00e9tapes du processus d'exploitation sont simples.<\/p>    <p class=\"translation-block\"><strong>Troisi\u00e8mement,<\/strong> la performance globale de s\u00e9curit\u00e9 de l'\u00e9quipement est \u00e9lev\u00e9e et l'efficacit\u00e9 de la production est \u00e9lev\u00e9e.<\/p>    <p class=\"translation-block\"><strong>Quatri\u00e8mement,<\/strong> \u00e9conome en \u00e9nergie et sans consommation d'\u00e9nergie.<\/p>    <p>La consommation principale du four \u00e0 charbon vertical est le carburant, mais il n'est pas n\u00e9cessaire d'ajouter du carburant apr\u00e8s le pr\u00e9chauffage. La source de chaleur qui en r\u00e9sulte provient de la combustion du gaz combustible produit par la mati\u00e8re premi\u00e8re.<\/p>    <p class=\"translation-block\"><strong>Cinqui\u00e8mement,<\/strong> une bonne \u00e9tanch\u00e9it\u00e9 permet au flux d'air de jouer pleinement son r\u00f4le.<\/p>    <figure class=\"wp-block-gallery has-nested-images columns-default is-cropped wp-block-gallery-9 is-layout-flex wp-block-gallery-is-layout-flex\"> <figure class=\"wp-block-image size-full\"><img loading=\"lazy\" decoding=\"async\" width=\"720\" height=\"540\" data-id=\"2265\" src=\"https:\/\/charcoalplant.com\/wp-content\/uploads\/2021\/12\/Vertical-carbonization-furnace-.jpg\" alt=\"Four de carbonisation vertical\" class=\"wp-image-2265\"\/><figcaption class=\"wp-element-caption\">Four de carbonisation vertical<\/figcaption><\/figure> <\/figure>    <h2 class=\"wp-block-heading\" id=\"h-vertical-hoisting-carbonization-furnace-for-sale\">Four de carbonisation de levage vertical\u00a0\u00e0 vendre<\/h2>    <p class=\"translation-block\">Nous vendons diff\u00e9rents types de fours de carbonisation de sciure de bois. En plus du r\u00e9servoir de r\u00e9cup\u00e9ration de fum\u00e9e de la machine elle-m\u00eame, nous avons \u00e9galement un dispositif de purification des gaz de fum\u00e9e avec \u00e9lectricit\u00e9 statique \u00e0 haute tension. Nous fournissons \u00e9galement des br\u00fbleurs aux clients. Notre usine vend \u00e9galement des <strong><a href=\"https:\/\/charcoalplant.com\/fr\/carbonization-furnace\/rotary-carbonization-furnace\/\">fours de carbonisation continus<\/a><\/strong> et des <strong><a href=\"https:\/\/charcoalplant.com\/fr\/carbonization-furnace\/horizontal-carbonization-furnace\/\">fours de carbonisation horizontaux<\/a><\/strong>. Si n\u00e9cessaire, bienvenue \u00e0 consulter.<\/p>    <figure class=\"wp-block-gallery has-nested-images columns-default is-cropped wp-block-gallery-10 is-layout-flex wp-block-gallery-is-layout-flex\"> <figure class=\"wp-block-image size-large\"><img loading=\"lazy\" decoding=\"async\" width=\"720\" height=\"540\" data-id=\"1054\" src=\"https:\/\/charcoalplant.com\/wp-content\/uploads\/2021\/12\/High-voltage-static-electricity-of-vertical-carbonization-furnace-1.jpg\" alt=\"\u00c9lectricit\u00e9-statique-haute tension-du-four-de-carbonisation-vertical\" class=\"wp-image-1054\" srcset=\"https:\/\/charcoalplant.com\/wp-content\/uploads\/2021\/12\/High-voltage-static-electricity-of-vertical-carbonization-furnace-1.jpg 720w, https:\/\/charcoalplant.com\/wp-content\/uploads\/2021\/12\/High-voltage-static-electricity-of-vertical-carbonization-furnace-1-300x225.jpg 300w\" sizes=\"auto, (max-width: 720px) 100vw, 720px\" \/><figcaption class=\"wp-element-caption\">\u00c9lectricit\u00e9-statique-haute tension-du-four-de-carbonisation-vertical<\/figcaption><\/figure>    <figure class=\"wp-block-image size-full\"><img loading=\"lazy\" decoding=\"async\" width=\"720\" height=\"540\" data-id=\"2271\" src=\"https:\/\/charcoalplant.com\/wp-content\/uploads\/2022\/02\/natural-gas-burner.jpg\" alt=\"br\u00fbleur-\u00e0-gaz naturel\" class=\"wp-image-2271\"\/><figcaption class=\"wp-element-caption\">br\u00fbleur-\u00e0-gaz naturel<\/figcaption><\/figure> <\/figure>","protected":false},"excerpt":{"rendered":"<p>Le four de carbonisation vertical est un \u00e9quipement de carbonisation avec un fonctionnement simple, une structure compacte et une carbonisation pratique.<\/p>","protected":false},"author":1,"featured_media":1112,"parent":0,"template":"","tags":[65],"product-type":[4],"class_list":["post-1042","product","type-product","status-publish","has-post-thumbnail","hentry","tag-carbonization-furnace","product-type-carbonization-furnace"],"_links":{"self":[{"href":"https:\/\/charcoalplant.com\/fr\/wp-json\/wp\/v2\/product\/1042","targetHints":{"allow":["GET"]}}],"collection":[{"href":"https:\/\/charcoalplant.com\/fr\/wp-json\/wp\/v2\/product"}],"about":[{"href":"https:\/\/charcoalplant.com\/fr\/wp-json\/wp\/v2\/types\/product"}],"author":[{"embeddable":true,"href":"https:\/\/charcoalplant.com\/fr\/wp-json\/wp\/v2\/users\/1"}],"wp:featuredmedia":[{"embeddable":true,"href":"https:\/\/charcoalplant.com\/fr\/wp-json\/wp\/v2\/media\/1112"}],"wp:attachment":[{"href":"https:\/\/charcoalplant.com\/fr\/wp-json\/wp\/v2\/media?parent=1042"}],"wp:term":[{"taxonomy":"post_tag","embeddable":true,"href":"https:\/\/charcoalplant.com\/fr\/wp-json\/wp\/v2\/tags?post=1042"},{"taxonomy":"product-type","embeddable":true,"href":"https:\/\/charcoalplant.com\/fr\/wp-json\/wp\/v2\/product-type?post=1042"}],"curies":[{"name":"wp","href":"https:\/\/api.w.org\/{rel}","templated":true}]}}