{"id":1084,"date":"2021-12-02T08:02:11","date_gmt":"2021-12-02T08:02:11","guid":{"rendered":"https:\/\/charcoalplant.com\/?p=1084"},"modified":"2023-02-15T10:06:48","modified_gmt":"2023-02-15T02:06:48","slug":"horizontal-carbonization-furnace","status":"publish","type":"product","link":"https:\/\/charcoalplant.com\/fr\/product\/horizontal-carbonization-furnace\/","title":{"rendered":"Four de carbonisation horizontal | Machine de fabrication de charbon de bois"},"content":{"rendered":"<div class=\"kk-star-ratings kksr-auto kksr-align-left kksr-valign-top\"     data-payload='{&quot;align&quot;:&quot;left&quot;,&quot;id&quot;:&quot;1084&quot;,&quot;slug&quot;:&quot;default&quot;,&quot;valign&quot;:&quot;top&quot;,&quot;ignore&quot;:&quot;&quot;,&quot;reference&quot;:&quot;auto&quot;,&quot;class&quot;:&quot;&quot;,&quot;count&quot;:&quot;21&quot;,&quot;legendonly&quot;:&quot;&quot;,&quot;readonly&quot;:&quot;&quot;,&quot;score&quot;:&quot;4.5&quot;,&quot;starsonly&quot;:&quot;&quot;,&quot;best&quot;:&quot;5&quot;,&quot;gap&quot;:&quot;5&quot;,&quot;greet&quot;:&quot;Rate this product&quot;,&quot;legend&quot;:&quot;4.5\\\/5 - (21 votes)&quot;,&quot;size&quot;:&quot;24&quot;,&quot;title&quot;:&quot;Horizontal Carbonization Furnace | Wood Charcoal Making Machine&quot;,&quot;width&quot;:&quot;128&quot;,&quot;_legend&quot;:&quot;{score}\\\/{best} - ({count} {votes})&quot;,&quot;font_factor&quot;:&quot;1.25&quot;}'>              <div class=\"kksr-stars\">      <div class=\"kksr-stars-inactive\">             <div class=\"kksr-star\" data-star=\"1\" style=\"padding-right: 5px\">               <div class=\"kksr-icon\" style=\"width: 24px; height: 24px;\"><\/div>         <\/div>             <div class=\"kksr-star\" data-star=\"2\" style=\"padding-right: 5px\">               <div class=\"kksr-icon\" style=\"width: 24px; height: 24px;\"><\/div>         <\/div>             <div class=\"kksr-star\" data-star=\"3\" style=\"padding-right: 5px\">               <div class=\"kksr-icon\" style=\"width: 24px; height: 24px;\"><\/div>         <\/div>             <div class=\"kksr-star\" data-star=\"4\" style=\"padding-right: 5px\">               <div class=\"kksr-icon\" style=\"width: 24px; height: 24px;\"><\/div>         <\/div>             <div class=\"kksr-star\" data-star=\"5\" style=\"padding-right: 5px\">               <div class=\"kksr-icon\" style=\"width: 24px; height: 24px;\"><\/div>         <\/div>     <\/div>      <div class=\"kksr-stars-active\" style=\"width: 128px;\">             <div class=\"kksr-star\" style=\"padding-right: 5px\">               <div class=\"kksr-icon\" style=\"width: 24px; height: 24px;\"><\/div>         <\/div>             <div class=\"kksr-star\" style=\"padding-right: 5px\">               <div class=\"kksr-icon\" style=\"width: 24px; height: 24px;\"><\/div>         <\/div>             <div class=\"kksr-star\" style=\"padding-right: 5px\">               <div class=\"kksr-icon\" style=\"width: 24px; height: 24px;\"><\/div>         <\/div>             <div class=\"kksr-star\" style=\"padding-right: 5px\">               <div class=\"kksr-icon\" style=\"width: 24px; height: 24px;\"><\/div>         <\/div>             <div class=\"kksr-star\" style=\"padding-right: 5px\">               <div class=\"kksr-icon\" style=\"width: 24px; height: 24px;\"><\/div>         <\/div>     <\/div> <\/div>                   <div class=\"kksr-legend\" style=\"font-size: 19.2px;\">             4,5\/5 - (21 votes)    <\/div>     <\/div>  <p class=\"translation-block\">Le <strong>four de carbonisation horizontal<\/strong> est \u00e9galement appel\u00e9 machine \u00e0 fabriquer du charbon de bois. C'est un \u00e9quipement de carbonisation \u00e0 haut volume. Il peut fabriquer efficacement du charbon de bois, du charbon de bambou, du charbon de sciure, du charbon de coque de noix de coco et d'autres produits en une seule fois. <\/p>    <p class=\"translation-block\">En tant que machine de carbonisation, l'argument de vente du <strong><a href=\"https:\/\/charcoalplant.com\/fr\/operation-steps-of-hardwood-charcoal-furnace\/\">four de carbonisation pour bois dur<\/a><\/strong> r\u00e9side dans ses caract\u00e9ristiques de protection de l'environnement et d'\u00e9conomie d'\u00e9nergie. Nous sommes impatients d'\u00e9tablir une coop\u00e9ration commerciale avec vous. Nous esp\u00e9rons donc recevoir votre consultation d\u00e8s que possible.<\/p>    <h2 class=\"wp-block-heading\" id=\"raw-materials-for-horizontal-carbonization-furnace\"><strong>Mati\u00e8res premi\u00e8res pour four de carbonisation horizontal<\/strong><\/h2>    <p>Le four de carbonisation du bois dur peut carboniser des mati\u00e8res premi\u00e8res telles que des branches de d\u00e9chets, des n\u0153uds de bambou, des tubes de bambou, du bois fruitier, du ch\u00eane, des coquilles de noix de coco, des coquilles de palmier, etc. La qualit\u00e9 du charbon de bois n'est pas seulement li\u00e9e \u00e0 la temp\u00e9rature, mais aussi \u00e0 l'humidit\u00e9 du bois brut. mat\u00e9riaux. L'humidit\u00e9 du charbon de bois est trop \u00e9lev\u00e9e, ce qui prolongera d'une part le temps de carbonisation. En revanche, lorsque le bois est pyrolys\u00e9, un grand nombre de substances nocives sont produites. Par cons\u00e9quent, plus l\u2019humidit\u00e9 du bois est faible, meilleur est l\u2019effet de carbonisation.<\/p>    <figure class=\"wp-block-gallery has-nested-images columns-default is-cropped wp-block-gallery-2 is-layout-flex wp-block-gallery-is-layout-flex\"> <figure class=\"wp-block-image size-large\"><img loading=\"lazy\" decoding=\"async\" width=\"512\" height=\"1560\" data-id=\"2278\" src=\"https:\/\/charcoalplant.com\/wp-content\/uploads\/2022\/02\/raw-material.jpg\" alt=\"\" class=\"wp-image-2278\"\/><\/figure>    <figure class=\"wp-block-image size-large\"><img loading=\"lazy\" decoding=\"async\" width=\"512\" height=\"1560\" data-id=\"2279\" src=\"https:\/\/charcoalplant.com\/wp-content\/uploads\/2022\/02\/finished-product.jpg\" alt=\"\" class=\"wp-image-2279\"\/><\/figure> <figcaption class=\"blocks-gallery-caption wp-element-caption\">Charbon de bois, charbon de bambou, charbon de briquettes de sciure de bois et charbon de bois de palme<\/figcaption><\/figure>    <h2 class=\"wp-block-heading\" id=\"h-principle-of-horizontal-carbonization-furnace\"><strong>Fonctionnement<\/strong> <strong>Principe du four de carbonisation horizontal<\/strong><\/h2>    <p class=\"translation-block\">En fait, le principe de fonctionnement du four de carbonisation pour bois dur et du <strong><a href=\"https:\/\/charcoalplant.com\/fr\/vertical-carbonization-furnace\/\">four de carbonisation vertical<\/a><\/strong> sont tr\u00e8s similaires. Ils utilisent tous des m\u00e9thodes de carbonisation par distillation s\u00e8che et de carbonisation par flux d'air. En chauffant et en d\u00e9composant le bois dans des conditions sans oxyg\u00e8ne ou \u00e0 faible teneur en oxyg\u00e8ne, le bois produit du vinaigre de bois, du goudron de bois et d'autres ingr\u00e9dients. De plus, le tuyau d'\u00e9vacuation du four de carbonisation \u00e0 flux d'air horizontal peut collecter les gaz de combustion \u00e0 temps et d\u00e9poser les substances nocives.<\/p>    <figure class=\"wp-block-gallery has-nested-images columns-default is-cropped wp-block-gallery-3 is-layout-flex wp-block-gallery-is-layout-flex\"> <figure class=\"wp-block-image size-large\"><img loading=\"lazy\" decoding=\"async\" width=\"720\" height=\"540\" data-id=\"2280\" src=\"https:\/\/charcoalplant.com\/wp-content\/uploads\/2022\/02\/bamboo-carbonization-furnace-for-sale.jpg\" alt=\"four-de-carbonisation-en-bambou-\u00e0-vendre\" class=\"wp-image-2280\"\/><figcaption class=\"wp-element-caption\">Four de carbonisation en bambou \u00e0 vendre<\/figcaption><\/figure> <\/figure>    <h2 class=\"wp-block-heading\" id=\"structure-of-horizontal-log-charcoal-furnace\"><strong>Structure de la machine horizontale de fabrication de charbon de bois<\/strong><\/h2>    <div class=\"wp-block-columns has-background is-layout-flex wp-container-core-columns-is-layout-28f84493 wp-block-columns-is-layout-flex\" style=\"background-color:#f1f1f1\"> <div class=\"wp-block-column is-vertically-aligned-center is-layout-flow wp-block-column-is-layout-flow\" style=\"flex-basis:33.33%\"> <p class=\"translation-block\"><strong>Laine de roche d'isolation thermique<\/strong><\/p>    <p><br>Le couvercle et le corps du four \u00e0 charbon de bambou ont des surfaces rocheuses isolantes thermiquement. Par cons\u00e9quent, l\u2019\u00e9tanch\u00e9it\u00e9 globale et l\u2019isolation thermique du four de carbonisation sont tr\u00e8s solides.<\/p> <\/div>    <div class=\"wp-block-column is-layout-flow wp-block-column-is-layout-flow\" style=\"flex-basis:66.66%\"> <figure class=\"wp-block-gallery has-nested-images columns-default is-cropped wp-block-gallery-4 is-layout-flex wp-block-gallery-is-layout-flex\"> <figure class=\"wp-block-image size-large\"><img loading=\"lazy\" decoding=\"async\" width=\"720\" height=\"540\" data-id=\"1288\" src=\"https:\/\/charcoalplant.com\/wp-content\/uploads\/2021\/12\/horizontal-carbonization-furnace-cover-1-1.jpg\" alt=\"couvercle horizontal du four de carbonisation\" class=\"wp-image-1288\" srcset=\"https:\/\/charcoalplant.com\/wp-content\/uploads\/2021\/12\/horizontal-carbonization-furnace-cover-1-1.jpg 720w, https:\/\/charcoalplant.com\/wp-content\/uploads\/2021\/12\/horizontal-carbonization-furnace-cover-1-1-300x225.jpg 300w\" sizes=\"auto, (max-width: 720px) 100vw, 720px\" \/><figcaption class=\"wp-element-caption\">couvercle horizontal du four de carbonisation<\/figcaption><\/figure> <\/figure> <\/div> <\/div>    <div class=\"wp-block-columns has-background is-layout-flex wp-container-core-columns-is-layout-28f84493 wp-block-columns-is-layout-flex\" style=\"background-color:#f1f1f1\"> <div class=\"wp-block-column is-layout-flow wp-block-column-is-layout-flow\" style=\"flex-basis:66.66%\"> <figure class=\"wp-block-gallery has-nested-images columns-default is-cropped wp-block-gallery-5 is-layout-flex wp-block-gallery-is-layout-flex\"> <figure class=\"wp-block-image size-large\"><img loading=\"lazy\" decoding=\"async\" width=\"720\" height=\"540\" data-id=\"1094\" src=\"https:\/\/charcoalplant.com\/wp-content\/uploads\/2021\/12\/Smoke-removal-system-1.jpg\" alt=\"Syst\u00e8me de d\u00e9senfumage\" class=\"wp-image-1094\" srcset=\"https:\/\/charcoalplant.com\/wp-content\/uploads\/2021\/12\/Smoke-removal-system-1.jpg 720w, https:\/\/charcoalplant.com\/wp-content\/uploads\/2021\/12\/Smoke-removal-system-1-300x225.jpg 300w\" sizes=\"auto, (max-width: 720px) 100vw, 720px\" \/><figcaption class=\"wp-element-caption\">Syst\u00e8me de d\u00e9senfumage<\/figcaption><\/figure> <\/figure> <\/div>    <div class=\"wp-block-column is-vertically-aligned-center is-layout-flow wp-block-column-is-layout-flow\" style=\"flex-basis:33.33%\"> <p class=\"translation-block\"><strong>Tuyau de circulation des gaz de combustion<\/strong><\/p>    <p><br>Les po\u00eales \u00e0 charbon de bois horizontaux sont \u00e9quip\u00e9s de tuyaux. Les tuyaux reliant le haut et le bas du four de carbonisation horizontal sont principalement utilis\u00e9s pour la circulation du gaz combustible dans le cylindre. Ce point refl\u00e8te les caract\u00e9ristiques de l\u2019\u00e9conomie d\u2019\u00e9nergie. D'autres tuyaux sont principalement utilis\u00e9s pour filtrer les fum\u00e9es.<\/p> <\/div> <\/div>    <div class=\"wp-block-columns has-background is-layout-flex wp-container-core-columns-is-layout-28f84493 wp-block-columns-is-layout-flex\" style=\"background-color:#f1f1f1\"> <div class=\"wp-block-column is-vertically-aligned-center is-layout-flow wp-block-column-is-layout-flow\" style=\"flex-basis:33.33%\"> <p class=\"translation-block\"><strong>Chariot<\/strong><\/p>    <p>En raison de la grande capacit\u00e9 du four de carbonisation des b\u00fbches, le rendement est \u00e9lev\u00e9. Par cons\u00e9quent, afin de faciliter l\u2019exp\u00e9dition des produits finis et des mati\u00e8res premi\u00e8res par les clients. Nous mettrons \u00e0 disposition de nos clients des chariots.<\/p> <\/div>    <div class=\"wp-block-column is-layout-flow wp-block-column-is-layout-flow\" style=\"flex-basis:66.66%\"> <figure class=\"wp-block-gallery has-nested-images columns-default is-cropped wp-block-gallery-6 is-layout-flex wp-block-gallery-is-layout-flex\"> <figure class=\"wp-block-image size-large\"><img loading=\"lazy\" decoding=\"async\" width=\"720\" height=\"540\" data-id=\"1103\" src=\"https:\/\/charcoalplant.com\/wp-content\/uploads\/2021\/12\/Trolley-1-1.jpg\" alt=\"Chariot\" class=\"wp-image-1103\" srcset=\"https:\/\/charcoalplant.com\/wp-content\/uploads\/2021\/12\/Trolley-1-1.jpg 720w, https:\/\/charcoalplant.com\/wp-content\/uploads\/2021\/12\/Trolley-1-1-300x225.jpg 300w\" sizes=\"auto, (max-width: 720px) 100vw, 720px\" \/><figcaption class=\"wp-element-caption\">Chariot<\/figcaption><\/figure> <\/figure> <\/div> <\/div>    <h2 class=\"wp-block-heading\" id=\"video-of-horizontal-log-carbonization-furnace\"><strong>Vid\u00e9o du four de carbonisation de b\u00fbches horizontal <\/strong><\/h2>    <figure class=\"wp-block-embed is-type-video is-provider-youtube wp-block-embed-youtube wp-embed-aspect-16-9 wp-has-aspect-ratio\"><div class=\"wp-block-embed__wrapper\"> <iframe loading=\"lazy\" title=\"Four \u00e0 charbon de bambou | \u00e9quipement de carbonisation du flux d&#039;air 3t #charcoal#log#biomassbriquette\" width=\"500\" height=\"281\" src=\"https:\/\/www.youtube.com\/embed\/zUDHQcWUaMM?feature=oembed\" frameborder=\"0\" allow=\"accelerometer; autoplay; clipboard-write; encrypted-media; gyroscope; picture-in-picture; web-share\" referrerpolicy=\"strict-origin-when-cross-origin\" allowfullscreen><\/iframe> <\/div><\/figure>    <h2 class=\"wp-block-heading\" id=\"h-parameters-of-hardwood-charcoal-furnace\"><strong>Param\u00e8tres du four \u00e0 charbon de bois dur<\/strong><\/h2>    <p>La longueur et le diam\u00e8tre du four de carbonisation horizontal produit par notre usine peuvent \u00eatre personnalis\u00e9s.<\/p>    <figure class=\"wp-block-table is-style-stripes\"><table><tbody><tr><td>Taper<\/td><td>Capacit\u00e9<\/td><td>Poids<\/td><td>Taille<\/td><\/tr><tr><td>SL-HC1300&nbsp;&nbsp;<\/td><td>900-1200kg\/12-14h<\/td><td>2500 kg<\/td><td>3*1,7*2,2 m<\/td><\/tr><tr><td>SL-HC1500&nbsp;<\/td><td>1500-2000kg\/12-14h<\/td><td>4000kg<\/td><td>4,5*1,9*2,3m<\/td><\/tr><tr><td>SL-HC1900&nbsp;&nbsp;<\/td><td>2500-3000kg\/12-14h<\/td><td>5500 kg<\/td><td>5*2,3*2,5m<\/td><\/tr><\/tbody><\/table><\/figure>    <h2 class=\"wp-block-heading\" id=\"h-advantages-of-hardwood-carbonization-furnace\"><strong>Avantages du four de carbonisation de charbon de bois dur<\/strong><\/h2>    <p>1. Grande production. Il peut produire une grande quantit\u00e9 de charbon de bois en une seule fois.<\/p>    <p>2.\u00a0Bonne \u00e9tanch\u00e9it\u00e9 \u00e0 l'air. Le couvercle du four de carbonisation de bois dur est une surface rocheuse \u00e0 haute temp\u00e9rature pr\u00e9sentant une r\u00e9sistance \u00e0 haute temp\u00e9rature. En m\u00eame temps, il joue un bon r\u00f4le d'\u00e9tanch\u00e9it\u00e9 et fournit un environnement sans oxyg\u00e8ne.<\/p>    <p>3. La conception horizontale et le chariot sont pratiques pour l'alimentation et le d\u00e9chargement.<\/p>    <p>4. protection de l'environnement et \u00e9conomie d'\u00e9nergie.<\/p>    <figure class=\"wp-block-gallery has-nested-images columns-default is-cropped wp-block-gallery-7 is-layout-flex wp-block-gallery-is-layout-flex\"> <figure class=\"wp-block-image size-large\"><img loading=\"lazy\" decoding=\"async\" width=\"720\" height=\"540\" data-id=\"1089\" src=\"https:\/\/charcoalplant.com\/wp-content\/uploads\/2021\/12\/inlet-1.jpg\" alt=\"entr\u00e9e\" class=\"wp-image-1089\" srcset=\"https:\/\/charcoalplant.com\/wp-content\/uploads\/2021\/12\/inlet-1.jpg 720w, https:\/\/charcoalplant.com\/wp-content\/uploads\/2021\/12\/inlet-1-300x225.jpg 300w\" sizes=\"auto, (max-width: 720px) 100vw, 720px\" \/><figcaption class=\"wp-element-caption\">entr\u00e9e<\/figcaption><\/figure> <\/figure>    <h2 class=\"wp-block-heading\" id=\"h-precautions-for-using-horizontal-carbonization-furnace\"><strong>Pr\u00e9cautions pour <\/strong><strong>Utilisation d'une machine de fabrication de charbon de bois<\/strong><\/h2>    <p>1. Les op\u00e9rateurs essaient de disposer les mati\u00e8res premi\u00e8res de mani\u00e8re ordonn\u00e9e et serr\u00e9e.<\/p>    <p>2. Faites attention aux changements de temp\u00e9rature.<\/p>    <p>3. Pendant l'op\u00e9ration, l'op\u00e9rateur peut contr\u00f4ler le volume de gaz via la vanne.<\/p>    <p>4. Nettoyez \u00e0 temps les d\u00e9p\u00f4ts de l'\u00e9quipement de d\u00e9senfumage.<\/p>    <figure class=\"wp-block-gallery has-nested-images columns-default is-cropped wp-block-gallery-8 is-layout-flex wp-block-gallery-is-layout-flex\"> <figure class=\"wp-block-image size-large\"><img loading=\"lazy\" decoding=\"async\" width=\"720\" height=\"540\" data-id=\"1091\" src=\"https:\/\/charcoalplant.com\/wp-content\/uploads\/2021\/12\/Bamboo-charcoal-1.jpg\" alt=\"B01charbon de bambou\" class=\"wp-image-1091\" srcset=\"https:\/\/charcoalplant.com\/wp-content\/uploads\/2021\/12\/Bamboo-charcoal-1.jpg 720w, https:\/\/charcoalplant.com\/wp-content\/uploads\/2021\/12\/Bamboo-charcoal-1-300x225.jpg 300w\" sizes=\"auto, (max-width: 720px) 100vw, 720px\" \/><figcaption class=\"wp-element-caption\">B01charbon de bambou<\/figcaption><\/figure>    <figure class=\"wp-block-image size-full\"><img loading=\"lazy\" decoding=\"async\" width=\"720\" height=\"540\" data-id=\"1781\" src=\"https:\/\/charcoalplant.com\/wp-content\/uploads\/2022\/01\/log-charcoal.jpg\" alt=\"b\u00fbche de charbon de bois\" class=\"wp-image-1781\" srcset=\"https:\/\/charcoalplant.com\/wp-content\/uploads\/2022\/01\/log-charcoal.jpg 720w, https:\/\/charcoalplant.com\/wp-content\/uploads\/2022\/01\/log-charcoal-300x225.jpg 300w\" sizes=\"auto, (max-width: 720px) 100vw, 720px\" \/><figcaption class=\"wp-element-caption\">b\u00fbche de charbon de bois<\/figcaption><\/figure> <\/figure>    <h2 class=\"wp-block-heading\" id=\"h-sale-of-hardwood-charcoal-furnace\"><strong>Vente de <\/strong><strong>Bois dur <\/strong><strong>C<\/strong><strong>charbon de bois<\/strong><strong>&nbsp;Carbonisation <\/strong><strong>F<\/strong><strong>urne<\/strong><\/h2>    <p>L'usine Shuliy\u00a0offre \u00e0 ses clients une vari\u00e9t\u00e9 d'accessoires pratiques. Tels que des chariots, des ventilateurs \u00e0 tirage induit, des br\u00fbleurs, des syst\u00e8mes \u00e9lectrostatiques \u00e0 haute tension, etc. Nous sommes un fabricant professionnel d'\u00e9quipements de machines \u00e0 charbon de bois. Par cons\u00e9quent, nous pouvons personnaliser des \u00e9quipements de diff\u00e9rentes tailles pour les clients. Si vous nous appelez ou nous envoyez un e-mail maintenant pour nous faire part de vos besoins sp\u00e9cifiques, nous trouverons une solution pour vous \u00e0 temps.<\/p>    <figure class=\"wp-block-gallery has-nested-images columns-2 is-cropped wp-block-gallery-9 is-layout-flex wp-block-gallery-is-layout-flex\"> <figure class=\"wp-block-image size-large\"><img loading=\"lazy\" decoding=\"async\" width=\"720\" height=\"540\" data-id=\"1099\" src=\"https:\/\/charcoalplant.com\/wp-content\/uploads\/2021\/12\/Manufacturer-of-horizontal-airflow-carbonization-furnace-1.jpg\" alt=\"Fabricant de four de carbonisation horizontal\" class=\"wp-image-1099\" srcset=\"https:\/\/charcoalplant.com\/wp-content\/uploads\/2021\/12\/Manufacturer-of-horizontal-airflow-carbonization-furnace-1.jpg 720w, https:\/\/charcoalplant.com\/wp-content\/uploads\/2021\/12\/Manufacturer-of-horizontal-airflow-carbonization-furnace-1-300x225.jpg 300w\" sizes=\"auto, (max-width: 720px) 100vw, 720px\" \/><figcaption class=\"wp-element-caption\">Fabricant de four de carbonisation horizontal<\/figcaption><\/figure>    <figure class=\"wp-block-image size-large\"><img loading=\"lazy\" decoding=\"async\" width=\"720\" height=\"540\" data-id=\"2282\" src=\"https:\/\/charcoalplant.com\/wp-content\/uploads\/2022\/02\/shipment-of-log-carbonization-furnaces.jpg\" alt=\"exp\u00e9dition de fours de carbonisation de b\u00fbches\" class=\"wp-image-2282\"\/><figcaption class=\"wp-element-caption\">exp\u00e9dition de fours de carbonisation de b\u00fbches<\/figcaption><\/figure>    <figure class=\"wp-block-image size-large\"><img loading=\"lazy\" decoding=\"async\" width=\"720\" height=\"540\" data-id=\"2283\" src=\"https:\/\/charcoalplant.com\/wp-content\/uploads\/2022\/02\/shipment-of-horizontal-carbonization-furnaces.jpg\" alt=\"exp\u00e9dition de fours de carbonisation horizontaux\" class=\"wp-image-2283\"\/><figcaption class=\"wp-element-caption\">exp\u00e9dition de fours de carbonisation horizontaux<\/figcaption><\/figure>    <figure class=\"wp-block-image size-large\"><img loading=\"lazy\" decoding=\"async\" width=\"720\" height=\"540\" data-id=\"2284\" src=\"https:\/\/charcoalplant.com\/wp-content\/uploads\/2022\/02\/small-horizontal-carbonization-furnaces-.jpg\" alt=\"petits fours de carbonisation horizontaux\" class=\"wp-image-2284\"\/><figcaption class=\"wp-element-caption\">petits fours de carbonisation horizontaux<\/figcaption><\/figure> <\/figure>    <p class=\"translation-block\">En plus des fours de carbonisation horizontaux, nous vendons \u00e9galement des <strong><a href=\"https:\/\/charcoalplant.com\/fr\/carbonization-furnace\/rotary-carbonization-furnace\/\">fours de carbonisation continus<\/a><\/strong>, des fours de carbonisation verticaux et des <strong><a href=\"https:\/\/charcoalplant.com\/fr\/biomass-briquette-machine\/sawdust-briquette-machine\/\">machines \u00e0 fabriquer des briquettes de biomasse<\/a><\/strong>. En raison de vos besoins potentiels pour ces appareils, nous vous sugg\u00e9rons de consulter le contenu connexe sur notre site Web. Nous vous offrirons des prix comp\u00e9titifs.<\/p>    <h2 class=\"wp-block-heading\" id=\"h-application-of-horizontal-airflow-carbonization-furnace\"><strong>Application de la machine de carbonisation \u00e0 flux d'air horizontal<\/strong><\/h2>    <p class=\"translation-block\">Il peut \u00eatre utilis\u00e9 dans une ligne de production de charbon de bois ou utilis\u00e9 seul. Le charbon de bambou, le <a href=\"https:\/\/charcoalplant.com\/fr\/info\/coconut-shell-charcoal-making-machine-complete-guidance\/\">charbon de coque de noix de coco<\/a>, le charbon de fruits, etc. carbonis\u00e9s par le four de carbonisation horizontal peuvent \u00eatre directement br\u00fbl\u00e9s pour le chauffage. <\/p>    <figure class=\"wp-block-gallery has-nested-images columns-default is-cropped wp-block-gallery-10 is-layout-flex wp-block-gallery-is-layout-flex\"> <figure class=\"wp-block-image size-large\"><img loading=\"lazy\" decoding=\"async\" width=\"720\" height=\"540\" data-id=\"2285\" src=\"https:\/\/charcoalplant.com\/wp-content\/uploads\/2022\/02\/log-charcoal-factory.jpg\" alt=\"usine de charbon de bois\" class=\"wp-image-2285\"\/><figcaption class=\"wp-element-caption\">usine de charbon de bois<\/figcaption><\/figure>    <figure class=\"wp-block-image size-large\"><img loading=\"lazy\" decoding=\"async\" width=\"720\" height=\"540\" data-id=\"2286\" src=\"https:\/\/charcoalplant.com\/wp-content\/uploads\/2022\/02\/wood-charcoal-for-sale-.jpg\" alt=\"charbon de bois \u00e0 vendre\" class=\"wp-image-2286\"\/><figcaption class=\"wp-element-caption\">charbon de bois \u00e0 vendre<\/figcaption><\/figure> <\/figure>    <p>Et le barbecue domestique peut utiliser ce charbon de bois. Par cons\u00e9quent, le petit four de carbonisation de bois dur convient \u00e0 un usage domestique. Parce que le charbon de bois est respectueux de l\u2019environnement, a un pouvoir calorifique \u00e9lev\u00e9 et est renouvelable, il est tr\u00e8s demand\u00e9. On voit donc qu\u2019un four de carbonisation est un bon outil pour gagner de l\u2019argent.<\/p>","protected":false},"excerpt":{"rendered":"<p>Le four de carbonisation horizontal peut produire du charbon de bambou, du charbon de bois de b\u00fbche et du charbon de noix de coco en grande quantit\u00e9 \u00e0 la fois.<\/p>","protected":false},"author":1,"featured_media":1113,"parent":0,"template":"","tags":[65],"product-type":[4],"class_list":["post-1084","product","type-product","status-publish","has-post-thumbnail","hentry","tag-carbonization-furnace","product-type-carbonization-furnace"],"_links":{"self":[{"href":"https:\/\/charcoalplant.com\/fr\/wp-json\/wp\/v2\/product\/1084","targetHints":{"allow":["GET"]}}],"collection":[{"href":"https:\/\/charcoalplant.com\/fr\/wp-json\/wp\/v2\/product"}],"about":[{"href":"https:\/\/charcoalplant.com\/fr\/wp-json\/wp\/v2\/types\/product"}],"author":[{"embeddable":true,"href":"https:\/\/charcoalplant.com\/fr\/wp-json\/wp\/v2\/users\/1"}],"wp:featuredmedia":[{"embeddable":true,"href":"https:\/\/charcoalplant.com\/fr\/wp-json\/wp\/v2\/media\/1113"}],"wp:attachment":[{"href":"https:\/\/charcoalplant.com\/fr\/wp-json\/wp\/v2\/media?parent=1084"}],"wp:term":[{"taxonomy":"post_tag","embeddable":true,"href":"https:\/\/charcoalplant.com\/fr\/wp-json\/wp\/v2\/tags?post=1084"},{"taxonomy":"product-type","embeddable":true,"href":"https:\/\/charcoalplant.com\/fr\/wp-json\/wp\/v2\/product-type?post=1084"}],"curies":[{"name":"wp","href":"https:\/\/api.w.org\/{rel}","templated":true}]}}