{"id":1127,"date":"2021-12-03T07:51:22","date_gmt":"2021-12-03T07:51:22","guid":{"rendered":"https:\/\/charcoalplant.com\/?p=1127"},"modified":"2023-02-24T17:19:18","modified_gmt":"2023-02-24T09:19:18","slug":"rotary-carbonization-furnace","status":"publish","type":"product","link":"https:\/\/charcoalplant.com\/fr\/product\/rotary-carbonization-furnace\/","title":{"rendered":"Four de carbonisation rotatif | Machine de fabrication de charbon de coco"},"content":{"rendered":"<div class=\"kk-star-ratings kksr-auto kksr-align-left kksr-valign-top\"     data-payload='{&quot;align&quot;:&quot;left&quot;,&quot;id&quot;:&quot;1127&quot;,&quot;slug&quot;:&quot;default&quot;,&quot;valign&quot;:&quot;top&quot;,&quot;ignore&quot;:&quot;&quot;,&quot;reference&quot;:&quot;auto&quot;,&quot;class&quot;:&quot;&quot;,&quot;count&quot;:&quot;8&quot;,&quot;legendonly&quot;:&quot;&quot;,&quot;readonly&quot;:&quot;&quot;,&quot;score&quot;:&quot;4.4&quot;,&quot;starsonly&quot;:&quot;&quot;,&quot;best&quot;:&quot;5&quot;,&quot;gap&quot;:&quot;5&quot;,&quot;greet&quot;:&quot;Rate this product&quot;,&quot;legend&quot;:&quot;4.4\\\/5 - (8 votes)&quot;,&quot;size&quot;:&quot;24&quot;,&quot;title&quot;:&quot;Rotary Carbonization Furnace | Coconut Charcoal Making Machine&quot;,&quot;width&quot;:&quot;125.1&quot;,&quot;_legend&quot;:&quot;{score}\\\/{best} - ({count} {votes})&quot;,&quot;font_factor&quot;:&quot;1.25&quot;}'>              <div class=\"kksr-stars\">      <div class=\"kksr-stars-inactive\">             <div class=\"kksr-star\" data-star=\"1\" style=\"padding-right: 5px\">               <div class=\"kksr-icon\" style=\"width: 24px; height: 24px;\"><\/div>         <\/div>             <div class=\"kksr-star\" data-star=\"2\" style=\"padding-right: 5px\">               <div class=\"kksr-icon\" style=\"width: 24px; height: 24px;\"><\/div>         <\/div>             <div class=\"kksr-star\" data-star=\"3\" style=\"padding-right: 5px\">               <div class=\"kksr-icon\" style=\"width: 24px; height: 24px;\"><\/div>         <\/div>             <div class=\"kksr-star\" data-star=\"4\" style=\"padding-right: 5px\">               <div class=\"kksr-icon\" style=\"width: 24px; height: 24px;\"><\/div>         <\/div>             <div class=\"kksr-star\" data-star=\"5\" style=\"padding-right: 5px\">               <div class=\"kksr-icon\" style=\"width: 24px; height: 24px;\"><\/div>         <\/div>     <\/div>      <div class=\"kksr-stars-active\" style=\"width: 125.1px;\">             <div class=\"kksr-star\" style=\"padding-right: 5px\">               <div class=\"kksr-icon\" style=\"width: 24px; height: 24px;\"><\/div>         <\/div>             <div class=\"kksr-star\" style=\"padding-right: 5px\">               <div class=\"kksr-icon\" style=\"width: 24px; height: 24px;\"><\/div>         <\/div>             <div class=\"kksr-star\" style=\"padding-right: 5px\">               <div class=\"kksr-icon\" style=\"width: 24px; height: 24px;\"><\/div>         <\/div>             <div class=\"kksr-star\" style=\"padding-right: 5px\">               <div class=\"kksr-icon\" style=\"width: 24px; height: 24px;\"><\/div>         <\/div>             <div class=\"kksr-star\" style=\"padding-right: 5px\">               <div class=\"kksr-icon\" style=\"width: 24px; height: 24px;\"><\/div>         <\/div>     <\/div> <\/div>                   <div class=\"kksr-legend\" style=\"font-size: 19.2px;\">             4,4\/5 - (8 votes)    <\/div>     <\/div>  <p class=\"translation-block\"><strong>Four dans le four de carbonisation rotatif<\/strong> est un \u00e9quipement de fabrication de carbone \u00e0 haut degr\u00e9 d'automatisation. Ses mati\u00e8res premi\u00e8res de carbonisation sont tr\u00e8s diverses et la plupart d'entre elles sont des d\u00e9chets agricoles et forestiers, des coques de fruits et des rebuts industriels. <strong><a href=\"https:\/\/charcoalplant.com\/fr\/info\/peanut-shell-charcoal-machine-installed-in-the-uk\/\">Charbon de coque d'arachide<\/a><\/strong>, charbon de tige de riz, charbon de copeaux de bambou, <strong><a href=\"https:\/\/charcoalplant.com\/fr\/info\/what-are-the-uses-of-coconut-shells\/\">charbon de coque de noix de coco<\/a><\/strong>, charbon de coque d'abricot, charbon de marc de caf\u00e9, etc. Ils sont produits par le m\u00e9canisme de carbonisation. Le mat\u00e9riau carbon\u00e9 produit par le four de carbonisation continue est propre, non toxique, sans fum\u00e9e et poss\u00e8de une bonne plasticit\u00e9. En bref, le potentiel du march\u00e9 du four de carbonisation rotatif est vaste. Contactez-nous rapidement pour obtenir le prix du produit, la cat\u00e9gorie et les informations sur l'exp\u00e9dition ! Shuliy Fabricant de machines assure votre production.<\/p>    <figure class=\"wp-block-gallery has-nested-images columns-default is-cropped wp-block-gallery-2 is-layout-flex wp-block-gallery-is-layout-flex\"> <figure class=\"wp-block-image size-large\"><img loading=\"lazy\" decoding=\"async\" width=\"720\" height=\"540\" data-id=\"2292\" src=\"https:\/\/charcoalplant.com\/wp-content\/uploads\/2022\/02\/Rotary-carbonization-furnace-factory.jpg\" alt=\"Usine de fours de carbonisation rotatifs\" class=\"wp-image-2292\"\/><figcaption class=\"wp-element-caption\">Usine de fours de carbonisation rotatifs<\/figcaption><\/figure> <\/figure>    <h2 class=\"wp-block-heading\" id=\"h-raw-materials-for-rotary-carbonization-furnace\"><strong>Mati\u00e8res premi\u00e8res pour le four de carbonisation rotatif<\/strong><\/h2>    <p>Le four de carbonisation de sciure de bois peut carboniser des mati\u00e8res premi\u00e8res telles que la sciure de bois, les balles de riz, les balles d'arachide, les pailles de plantes, les coquilles de noix de coco, les balles de tournesol, les balles d'abricot, les dr\u00eaches de distillerie, le marc de caf\u00e9, etc. La mati\u00e8re premi\u00e8re du four de carbonisation de biomasse est caract\u00e9ris\u00e9e par de petites mat\u00e9riaux. Ce sont de la poudre et des particules. <\/p>    <figure class=\"wp-block-gallery has-nested-images columns-default is-cropped wp-block-gallery-3 is-layout-flex wp-block-gallery-is-layout-flex\"> <figure class=\"wp-block-image size-large\"><img loading=\"lazy\" decoding=\"async\" width=\"745\" height=\"180\" data-id=\"2293\" src=\"https:\/\/charcoalplant.com\/wp-content\/uploads\/2022\/02\/soft-material.png\" alt=\"\" class=\"wp-image-2293\"\/><\/figure> <\/figure>    <p class=\"translation-block\">If your raw materials are some large wood chips, branches, shavings, etc., they cannot meet the requirements of the drum charring furnace. Don\u2019t worry, you only need to equip a <strong><a href=\"https:\/\/charcoalplant.com\/fr\/hammer-mill\/\">hammer mill<\/a><\/strong>\u00a0in front of the feed system to get the raw materials that meet the production requirements. In addition, the humidity of wood chips should be below 20%. So you can choose to dry naturally or choose a <strong><a href=\"https:\/\/charcoalplant.com\/fr\/rice-husk-dryer\/\">sawdust dryer<\/a><\/strong>\u00a0to reduce the humidity of the raw material.<\/p>    <figure class=\"wp-block-gallery has-nested-images columns-2 is-cropped wp-block-gallery-4 is-layout-flex wp-block-gallery-is-layout-flex\"> <figure class=\"wp-block-image size-large\"><img loading=\"lazy\" decoding=\"async\" width=\"749\" height=\"192\" data-id=\"2294\" src=\"https:\/\/charcoalplant.com\/wp-content\/uploads\/2022\/02\/hard-material.png\" alt=\"\" class=\"wp-image-2294\"\/><\/figure> <\/figure>    <h2 class=\"wp-block-heading\" id=\"h-working-principle-of-rotary-carbonization-furnace\"><strong>Principe de fonctionnement du four de carbonisation rotatif<\/strong><\/h2>    <p>1. Processus de d\u00e9shumidification<\/p>    <p>Ce processus consiste principalement \u00e0 \u00e9liminer l\u2019humidit\u00e9 de la mati\u00e8re premi\u00e8re elle-m\u00eame. Avec l\u2019augmentation rapide de la temp\u00e9rature dans le four, l\u2019humidit\u00e9 de la biomasse diminue. En fait, c\u2019est aussi le processus de s\u00e9chage des mati\u00e8res premi\u00e8res. Car plus l\u2019humidit\u00e9 de la mati\u00e8re premi\u00e8re est faible, plus le taux de carbonisation du produit fini est \u00e9lev\u00e9. La qualit\u00e9 du charbon de bois est donc \u00e9galement meilleure.<\/p>    <p>2. \u00c9tape de pyrolyse<\/p>    <p>La pyrolyse de mat\u00e9riaux tels que les copeaux de bois et les coques de noix de coco produit des composants tels que du goudron de bois, du vinaigre de bois et des gaz combustibles. Ces produits sont s\u00e9quentiellement s\u00e9par\u00e9s et purifi\u00e9s via nos cuves de purification. Le gaz combustible apr\u00e8s purification finale est renvoy\u00e9 vers la chambre de combustion du four de carbonisation continue pour \u00eatre br\u00fbl\u00e9 comme combustible.<\/p>    <p>3. \u00c9tape de carbonisation<\/p>    <p>Le four de carbonisation continue des balles de riz n'a besoin d'\u00eatre pr\u00e9chauff\u00e9 qu'une seule fois (1h). Le temps de carbonisation du mat\u00e9riau est d'environ 20 \u00e0 30 minutes. Et c'est un \u00e9quipement de carbonisation continue.<\/p>    <figure class=\"wp-block-gallery has-nested-images columns-default is-cropped wp-block-gallery-5 is-layout-flex wp-block-gallery-is-layout-flex\"> <figure class=\"wp-block-image size-large\"><img loading=\"lazy\" decoding=\"async\" width=\"720\" height=\"540\" data-id=\"1123\" src=\"https:\/\/charcoalplant.com\/wp-content\/uploads\/2021\/12\/1000-type-drum-carbonization-furnace-host-3.jpg\" alt=\"\" class=\"wp-image-1123\" srcset=\"https:\/\/charcoalplant.com\/wp-content\/uploads\/2021\/12\/1000-type-drum-carbonization-furnace-host-3.jpg 720w, https:\/\/charcoalplant.com\/wp-content\/uploads\/2021\/12\/1000-type-drum-carbonization-furnace-host-3-300x225.jpg 300w\" sizes=\"auto, (max-width: 720px) 100vw, 720px\" \/><figcaption class=\"wp-element-caption\">usine de fours-de-carbonisation-rotatifs<\/figcaption><\/figure> <\/figure>    <h2 class=\"wp-block-heading\" id=\"h-structure-of-high-efficiency-coconut-charcoal-machine\"><strong>Structure de <\/strong><strong>Haute efficacit\u00e9 C<\/strong><strong>noix de coco<\/strong><strong>&nbsp;Coquille <\/strong><strong>C<\/strong><strong>fabrication de charbon de bois <\/strong><strong>M<\/strong><strong>achine<\/strong><\/h2>    <p>L'\u00e9quipement \u00e0 rouleaux comporte trois zones fonctionnelles\u00a0: une zone de pr\u00e9chauffage, une zone \u00e0 haute temp\u00e9rature et une zone \u00e0 basse temp\u00e9rature. La carbonisation se produit dans la zone \u00e0 haute temp\u00e9rature, c'est-\u00e0-dire la partie principale du moteur (parce qu'elle est proche de la source de chaleur, elle est \u00e9galement appel\u00e9e chambre de combustion). Il y a \u00e9galement un trou d'observation sur le tambour pour voir facilement la combustion dans la chambre de combustion. Le tambour est entra\u00een\u00e9 en rotation par des engrenages et une ouverture. Mais sa vitesse est contr\u00f4l\u00e9e par le motor\u00e9ducteur. De plus, nos moteurs sont tous \u00e0 fr\u00e9quence r\u00e9glable, ce qui est tr\u00e8s pratique.<\/p>    <div class=\"wp-block-columns has-background is-layout-flex wp-container-core-columns-is-layout-28f84493 wp-block-columns-is-layout-flex\" style=\"background-color:#f1f1f1\"> <div class=\"wp-block-column is-layout-flow wp-block-column-is-layout-flow\" style=\"flex-basis:66.66%\"> <figure class=\"wp-block-gallery has-nested-images columns-default is-cropped wp-block-gallery-6 is-layout-flex wp-block-gallery-is-layout-flex\"> <figure class=\"wp-block-image size-large\"><img loading=\"lazy\" decoding=\"async\" width=\"720\" height=\"540\" data-id=\"2295\" src=\"https:\/\/charcoalplant.com\/wp-content\/uploads\/2022\/02\/rice-husk-rotary-carbonization-furnace.jpg\" alt=\"\" class=\"wp-image-2295\"\/><\/figure> <\/figure> <\/div>    <div class=\"wp-block-column is-vertically-aligned-center is-layout-flow wp-block-column-is-layout-flow\" style=\"flex-basis:33.33%\"> <p class=\"translation-block\"><strong>Infeed and outfeed<\/strong><\/p>    <p>Parce que le mat\u00e9riau du four de carbonisation continue de balle de riz est plus l\u00e9ger. Par cons\u00e9quent, la m\u00e9thode d\u2019alimentation et de d\u00e9chargement des vis est plus propre et plus efficace. Et le pipeline de d\u00e9charge est un effet de refroidissement par circulation d'eau \u00e0 double couche. La temp\u00e9rature du produit fini est d'environ 35 degr\u00e9s.<\/p> <\/div> <\/div>    <div class=\"wp-block-columns has-background is-layout-flex wp-container-core-columns-is-layout-28f84493 wp-block-columns-is-layout-flex\" style=\"background-color:#f1f1f1\"> <div class=\"wp-block-column is-vertically-aligned-center is-layout-flow wp-block-column-is-layout-flow\" style=\"flex-basis:33.33%\"> <p class=\"translation-block\"><strong>Br\u00fbleur<\/strong><\/p>    <p>Le po\u00eale \u00e0 charbon de bois en balle de riz a une bonne \u00e9tanch\u00e9it\u00e9, de nombreux allumeurs et une vitesse de chauffage rapide. Il doit \u00eatre allum\u00e9 avec du gaz liqu\u00e9fi\u00e9. L\u2019ensemble du processus de production est donc respectueux de l\u2019environnement.<\/p> <\/div>    <div class=\"wp-block-column is-layout-flow wp-block-column-is-layout-flow\" style=\"flex-basis:66.66%\"> <figure class=\"wp-block-gallery has-nested-images columns-default is-cropped wp-block-gallery-7 is-layout-flex wp-block-gallery-is-layout-flex\"> <figure class=\"wp-block-image size-large\"><img loading=\"lazy\" decoding=\"async\" width=\"720\" height=\"540\" data-id=\"2296\" src=\"https:\/\/charcoalplant.com\/wp-content\/uploads\/2022\/02\/burner.jpg\" alt=\"\" class=\"wp-image-2296\"\/><\/figure> <\/figure> <\/div> <\/div>    <div class=\"wp-block-columns has-background is-layout-flex wp-container-core-columns-is-layout-28f84493 wp-block-columns-is-layout-flex\" style=\"background-color:#f1f1f1\"> <div class=\"wp-block-column is-layout-flow wp-block-column-is-layout-flow\" style=\"flex-basis:66.66%\"> <figure class=\"wp-block-gallery has-nested-images columns-default is-cropped wp-block-gallery-8 is-layout-flex wp-block-gallery-is-layout-flex\"> <figure class=\"wp-block-image size-large\"><img loading=\"lazy\" decoding=\"async\" width=\"960\" height=\"1012\" data-id=\"2297\" src=\"https:\/\/charcoalplant.com\/wp-content\/uploads\/2022\/02\/distribution-Cabinet.jpg\" alt=\"\" class=\"wp-image-2297\"\/><\/figure> <\/figure> <\/div>    <div class=\"wp-block-column is-vertically-aligned-center is-layout-flow wp-block-column-is-layout-flow\" style=\"flex-basis:33.33%\"> <p class=\"translation-block\"><strong>Distribution Cabinet<\/strong><\/p>    <p>Il y a plusieurs boutons sur l\u2019armoire de distribution \u00e9lectrique du four de carbonisation. Les clients peuvent non seulement visualiser la pression de l\u2019air, le courant et la temp\u00e9rature \u00e0 l\u2019int\u00e9rieur et \u00e0 l\u2019ext\u00e9rieur du four. Et d\u00e9marrage \u00e0 un bouton, r\u00e9gulation manuelle de la vitesse.<\/p> <\/div> <\/div>    <div class=\"wp-block-columns has-background is-layout-flex wp-container-core-columns-is-layout-28f84493 wp-block-columns-is-layout-flex\" style=\"background-color:#f1f1f1\"> <div class=\"wp-block-column is-vertically-aligned-center is-layout-flow wp-block-column-is-layout-flow\" style=\"flex-basis:33.33%\"> <p class=\"translation-block\"><strong>Geared-motor<\/strong><\/p>    <p>Contr\u00f4lez la vitesse de la machine principale : si la mati\u00e8re premi\u00e8re est dure, vous pouvez ralentir la vitesse de la machine principale pour prolonger le temps de carbonisation. Si la mati\u00e8re premi\u00e8re est l\u00e9g\u00e8rement molle, vous pouvez augmenter la vitesse pour raccourcir le temps de carbonisation.<\/p> <\/div>    <div class=\"wp-block-column is-layout-flow wp-block-column-is-layout-flow\" style=\"flex-basis:66.66%\"> <figure class=\"wp-block-gallery has-nested-images columns-default is-cropped wp-block-gallery-9 is-layout-flex wp-block-gallery-is-layout-flex\"> <figure class=\"wp-block-image size-large\"><img loading=\"lazy\" decoding=\"async\" width=\"720\" height=\"540\" data-id=\"1141\" src=\"https:\/\/charcoalplant.com\/wp-content\/uploads\/2021\/12\/Geared-motor-2-1.jpg\" alt=\"Motor\u00e9ducteur-2\" class=\"wp-image-1141\" srcset=\"https:\/\/charcoalplant.com\/wp-content\/uploads\/2021\/12\/Geared-motor-2-1.jpg 720w, https:\/\/charcoalplant.com\/wp-content\/uploads\/2021\/12\/Geared-motor-2-1-300x225.jpg 300w\" sizes=\"auto, (max-width: 720px) 100vw, 720px\" \/><figcaption class=\"wp-element-caption\">Motor\u00e9ducteur-2<\/figcaption><\/figure> <\/figure> <\/div> <\/div>    <h2 class=\"wp-block-heading\" id=\"h-how-is-biomass-carbonized\"><strong>Comment la biomasse est-elle carbonis\u00e9e ?<\/strong><\/h2>    <p>Lorsque le four de carbonisation de la biomasse atteint une certaine temp\u00e9rature, les mat\u00e9riaux \u00e0 l'int\u00e9rieur du four commencent \u00e0 se d\u00e9shumidifier. Lorsque la temp\u00e9rature atteint environ 300 degr\u00e9s, le mat\u00e9riau commence \u00e0 se carboniser. Nous connaissons tous les trois conditions qui satisfont \u00e0 la combustion des objets : une source de chaleur, un mat\u00e9riau combustible et de l'oxyg\u00e8ne. Parce que le four de carbonisation de la biomasse est presque un espace ferm\u00e9, c'est-\u00e0-dire un environnement sans oxyg\u00e8ne. Par cons\u00e9quent, la carbonisation de la mati\u00e8re premi\u00e8re se produit dans le corps du four.<\/p>    <figure class=\"wp-block-gallery has-nested-images columns-default is-cropped wp-block-gallery-10 is-layout-flex wp-block-gallery-is-layout-flex\"> <figure class=\"wp-block-image size-large\"><img loading=\"lazy\" decoding=\"async\" width=\"720\" height=\"540\" data-id=\"1800\" src=\"https:\/\/charcoalplant.com\/wp-content\/uploads\/2022\/01\/natural-coconut-charcoal.jpg\" alt=\"charbon-de-coco-naturel\" class=\"wp-image-1800\" srcset=\"https:\/\/charcoalplant.com\/wp-content\/uploads\/2022\/01\/natural-coconut-charcoal.jpg 720w, https:\/\/charcoalplant.com\/wp-content\/uploads\/2022\/01\/natural-coconut-charcoal-300x225.jpg 300w\" sizes=\"auto, (max-width: 720px) 100vw, 720px\" \/><figcaption class=\"wp-element-caption\">charbon-de-coco-naturel<\/figcaption><\/figure>    <figure class=\"wp-block-image size-large\"><img loading=\"lazy\" decoding=\"async\" width=\"720\" height=\"540\" data-id=\"1802\" src=\"https:\/\/charcoalplant.com\/wp-content\/uploads\/2021\/12\/rice-husk-charcoal_.jpg\" alt=\"charbon de bois\" class=\"wp-image-1802\" srcset=\"https:\/\/charcoalplant.com\/wp-content\/uploads\/2021\/12\/rice-husk-charcoal_.jpg 720w, https:\/\/charcoalplant.com\/wp-content\/uploads\/2021\/12\/rice-husk-charcoal_-300x225.jpg 300w\" sizes=\"auto, (max-width: 720px) 100vw, 720px\" \/><figcaption class=\"wp-element-caption\">charbon de bois<\/figcaption><\/figure> <\/figure>    <h2 class=\"wp-block-heading\" id=\"parameters-of-continuous-carbonization-furnace\"><strong>Param\u00e8tres du four de carbonisation continue<\/strong><\/h2>    <p>Le nom du mod\u00e8le de la machine de fabrication de charbon de bois de noix de coco et le diam\u00e8tre de son corps principal. Le diam\u00e8tre de son corps est personnalisable. Afin de r\u00e9pondre aux besoins des clients, notre usine peut produire des fours de carbonisation constitu\u00e9s du corps du four en acier inoxydable.<\/p>    <figure class=\"wp-block-table is-style-stripes\"><table><tbody><tr><td>Mod\u00e8le<\/td><td>SL-CF800<\/td><td>SL-CF1000<\/td><td>SL-CF1200<\/td><\/tr><tr><td>Diam\u00e8tre (mm)<\/td><td>800<\/td><td>1000<\/td><td>1200<\/td><\/tr><tr><td>Capacit\u00e9 (kg\/h)<\/td><td>400-600<\/td><td>800-1000<\/td><td>1200-1500<\/td><\/tr><tr><td>Puissance principale (kw)<\/td><td>18.5<\/td><td>18.5<\/td><td>20<\/td><\/tr><tr><td>Temp\u00e9rature de carbonisation (\u2103)<\/td><td>500-800<\/td><td>500-800<\/td><td>500-800<\/td><\/tr><tr><td>Puissance du ventilateur (kw)<\/td><td>5.5<\/td><td>5.5<\/td><td>5.5<\/td><\/tr><\/tbody><\/table><\/figure>    <h2 class=\"wp-block-heading\" id=\"video-of-rotary-peanut-shell-charcoal-furnace\"><strong>Vid\u00e9o du four rotatif \u00e0 charbon de bois en coquille d'arachide<\/strong><\/h2>    <p>Vous trouverez ci-dessous une vid\u00e9o d'un fabricant utilisant un four de carbonisation continue pour produire du charbon de bois de coque d'arachide. Bienvenue \u00e0 regarder et \u00e0 vous abonner.<\/p>    <figure class=\"wp-block-embed is-type-video is-provider-youtube wp-block-embed-youtube wp-embed-aspect-16-9 wp-has-aspect-ratio\"><div class=\"wp-block-embed__wrapper\"> <iframe loading=\"lazy\" title=\"Four \u00e0 charbon de noix de coco | Usine d&#039;\u00e9quipement de carbonisation rotative #Ricehuskcharcoal#Affordable\" width=\"500\" height=\"281\" src=\"https:\/\/www.youtube.com\/embed\/dmKFCdtEptc?feature=oembed\" frameborder=\"0\" allow=\"accelerometer; autoplay; clipboard-write; encrypted-media; gyroscope; picture-in-picture; web-share\" referrerpolicy=\"strict-origin-when-cross-origin\" allowfullscreen><\/iframe> <\/div><\/figure>    <h2 class=\"wp-block-heading\" id=\"h-finished-product-of-coconut-charcoal-furnace\"><strong>Produit fini de la machine de fabrication de charbon de coco<\/strong><\/h2>    <figure class=\"wp-block-gallery has-nested-images columns-default is-cropped wp-block-gallery-11 is-layout-flex wp-block-gallery-is-layout-flex\"> <figure class=\"wp-block-image size-large\"><img loading=\"lazy\" decoding=\"async\" width=\"720\" height=\"540\" data-id=\"2299\" src=\"https:\/\/charcoalplant.com\/wp-content\/uploads\/2022\/02\/Finished-product-of-rotary-carbonization-furnace.jpg\" alt=\"Produit fini-de-four-de-carbonisation-rotatif\" class=\"wp-image-2299\"\/><figcaption class=\"wp-element-caption\">Produit fini-de-four-de-carbonisation-rotatif<\/figcaption><\/figure>    <figure class=\"wp-block-image size-large\"><img loading=\"lazy\" decoding=\"async\" width=\"720\" height=\"540\" data-id=\"2298\" src=\"https:\/\/charcoalplant.com\/wp-content\/uploads\/2022\/02\/charcoal-briquette.jpg\" alt=\"briquette de charbon de bois\" class=\"wp-image-2298\"\/><figcaption class=\"wp-element-caption\">briquette de charbon de bois<\/figcaption><\/figure> <\/figure>    <p class=\"translation-block\">The loose raw materials such as sawdust and rice husks are dried, carbonized, and cooled to become the required charcoal. Therefore, customers can directly sell finished products such as rice husk charcoal, coconut shell charcoal, straw charcoal, and fruit husk charcoal. Customers can also use them for grinding to make <strong><a href=\"https:\/\/charcoalplant.com\/fr\/charcoal-briquetting-machine\/charcoal-powder-briquette-machine\/\">charcoal briquette<\/a><\/strong>. This creates greater value. Due to the carbon material produced by the rotary\u00a0carbonization furnace being clean, non-toxic, smokeless, high in heat energy, it\u00a0has\u00a0a good market and broad prospects.<\/p>","protected":false},"excerpt":{"rendered":"<p>Le four de carbonisation rotatif est \u00e9galement appel\u00e9 four de carbonisation de biomasse. Ses mati\u00e8res premi\u00e8res sont principalement des d\u00e9chets agricoles et forestiers.<\/p>","protected":false},"author":1,"featured_media":1146,"parent":0,"template":"","tags":[65],"product-type":[4],"class_list":["post-1127","product","type-product","status-publish","has-post-thumbnail","hentry","tag-carbonization-furnace","product-type-carbonization-furnace"],"_links":{"self":[{"href":"https:\/\/charcoalplant.com\/fr\/wp-json\/wp\/v2\/product\/1127","targetHints":{"allow":["GET"]}}],"collection":[{"href":"https:\/\/charcoalplant.com\/fr\/wp-json\/wp\/v2\/product"}],"about":[{"href":"https:\/\/charcoalplant.com\/fr\/wp-json\/wp\/v2\/types\/product"}],"author":[{"embeddable":true,"href":"https:\/\/charcoalplant.com\/fr\/wp-json\/wp\/v2\/users\/1"}],"wp:featuredmedia":[{"embeddable":true,"href":"https:\/\/charcoalplant.com\/fr\/wp-json\/wp\/v2\/media\/1146"}],"wp:attachment":[{"href":"https:\/\/charcoalplant.com\/fr\/wp-json\/wp\/v2\/media?parent=1127"}],"wp:term":[{"taxonomy":"post_tag","embeddable":true,"href":"https:\/\/charcoalplant.com\/fr\/wp-json\/wp\/v2\/tags?post=1127"},{"taxonomy":"product-type","embeddable":true,"href":"https:\/\/charcoalplant.com\/fr\/wp-json\/wp\/v2\/product-type?post=1127"}],"curies":[{"name":"wp","href":"https:\/\/api.w.org\/{rel}","templated":true}]}}