{"id":1152,"date":"2021-12-04T08:25:45","date_gmt":"2021-12-04T08:25:45","guid":{"rendered":"https:\/\/charcoalplant.com\/?p=1152"},"modified":"2023-06-16T14:50:02","modified_gmt":"2023-06-16T06:50:02","slug":"charcoal-making-machine-3","status":"publish","type":"product","link":"https:\/\/charcoalplant.com\/fr\/charcoal-making-machine\/","title":{"rendered":"Ligne de production de charbon de bois"},"content":{"rendered":"<div class=\"kk-star-ratings kksr-auto kksr-align-left kksr-valign-top\"     data-payload='{&quot;align&quot;:&quot;left&quot;,&quot;id&quot;:&quot;1152&quot;,&quot;slug&quot;:&quot;default&quot;,&quot;valign&quot;:&quot;top&quot;,&quot;ignore&quot;:&quot;&quot;,&quot;reference&quot;:&quot;auto&quot;,&quot;class&quot;:&quot;&quot;,&quot;count&quot;:&quot;27&quot;,&quot;legendonly&quot;:&quot;&quot;,&quot;readonly&quot;:&quot;&quot;,&quot;score&quot;:&quot;4.9&quot;,&quot;starsonly&quot;:&quot;&quot;,&quot;best&quot;:&quot;5&quot;,&quot;gap&quot;:&quot;5&quot;,&quot;greet&quot;:&quot;Rate this product&quot;,&quot;legend&quot;:&quot;4.9\\\/5 - (27 votes)&quot;,&quot;size&quot;:&quot;24&quot;,&quot;title&quot;:&quot;Charcoal Production Line&quot;,&quot;width&quot;:&quot;139.6&quot;,&quot;_legend&quot;:&quot;{score}\\\/{best} - ({count} {votes})&quot;,&quot;font_factor&quot;:&quot;1.25&quot;}'>              <div class=\"kksr-stars\">      <div class=\"kksr-stars-inactive\">             <div class=\"kksr-star\" data-star=\"1\" style=\"padding-right: 5px\">               <div class=\"kksr-icon\" style=\"width: 24px; height: 24px;\"><\/div>         <\/div>             <div class=\"kksr-star\" data-star=\"2\" style=\"padding-right: 5px\">               <div class=\"kksr-icon\" style=\"width: 24px; height: 24px;\"><\/div>         <\/div>             <div class=\"kksr-star\" data-star=\"3\" style=\"padding-right: 5px\">               <div class=\"kksr-icon\" style=\"width: 24px; height: 24px;\"><\/div>         <\/div>             <div class=\"kksr-star\" data-star=\"4\" style=\"padding-right: 5px\">               <div class=\"kksr-icon\" style=\"width: 24px; height: 24px;\"><\/div>         <\/div>             <div class=\"kksr-star\" data-star=\"5\" style=\"padding-right: 5px\">               <div class=\"kksr-icon\" style=\"width: 24px; height: 24px;\"><\/div>         <\/div>     <\/div>      <div class=\"kksr-stars-active\" style=\"width: 139.6px;\">             <div class=\"kksr-star\" style=\"padding-right: 5px\">               <div class=\"kksr-icon\" style=\"width: 24px; height: 24px;\"><\/div>         <\/div>             <div class=\"kksr-star\" style=\"padding-right: 5px\">               <div class=\"kksr-icon\" style=\"width: 24px; height: 24px;\"><\/div>         <\/div>             <div class=\"kksr-star\" style=\"padding-right: 5px\">               <div class=\"kksr-icon\" style=\"width: 24px; height: 24px;\"><\/div>         <\/div>             <div class=\"kksr-star\" style=\"padding-right: 5px\">               <div class=\"kksr-icon\" style=\"width: 24px; height: 24px;\"><\/div>         <\/div>             <div class=\"kksr-star\" style=\"padding-right: 5px\">               <div class=\"kksr-icon\" style=\"width: 24px; height: 24px;\"><\/div>         <\/div>     <\/div> <\/div>                   <div class=\"kksr-legend\" style=\"font-size: 19.2px;\">             4,9\/5 - (27 votes)    <\/div>     <\/div>  <p class=\"translation-block\"><strong>Charcoal making machine production line<\/strong> is a process of making log, bamboo, biomass briquette, and other raw materials into charcoal through the steps of crushing, drying, briquetting, and carbonization. Due to the high hardness, long burning time, and non-polluting characteristics of machine-made charcoal, it has set off an upsurge in the world. We will provide <strong><a href=\"https:\/\/charcoalplant.com\/fr\/info\/sawdust-briquette-charcoal-production-line-sent-to-myanmar\/\">customers<\/a><\/strong> with flue gas purification equipment to ensure that customers produce within the environmental protection index. A sawdust briquette charcoal production line is an easy and profitable investment. Therefore, if you want to invest in charcoal machine equipment, you are welcome to inquire. Contact us now for the latest equipment parameters.<\/p>    <figure class=\"wp-block-image aligncenter size-full\"><img loading=\"lazy\" decoding=\"async\" width=\"720\" height=\"540\" src=\"https:\/\/charcoalplant.com\/wp-content\/uploads\/2021\/12\/Charcoal-production-line-1.jpg\" alt=\"Ligne de production de charbon de bois\" class=\"wp-image-54\" srcset=\"https:\/\/charcoalplant.com\/wp-content\/uploads\/2021\/12\/Charcoal-production-line-1.jpg 720w, https:\/\/charcoalplant.com\/wp-content\/uploads\/2021\/12\/Charcoal-production-line-1-300x225.jpg 300w\" sizes=\"auto, (max-width: 720px) 100vw, 720px\" \/><figcaption class=\"wp-element-caption\">ligne de production de charbon de bois \u00e0 vendre<\/figcaption><\/figure>    <h2 class=\"wp-block-heading\" id=\"h-charcoal-making-machine-workflow\"><strong>Flux de travail de la machine de fabrication de charbon de bois<\/strong><strong><\/strong><\/h2>    <p class=\"translation-block\">The process of the charcoal production line is very simple. It mainly includes the following steps: <strong>crushing \u2013 drying \u2013 briquette \u2013 carbonization<\/strong>. And there is a conveying device connection between each step. Therefore, customers of the charcoal factory do not need to invest a lot of manpower, 3-5 people can carry out production.<\/p>    <figure class=\"wp-block-image aligncenter size-full\"><img loading=\"lazy\" decoding=\"async\" width=\"720\" height=\"540\" src=\"https:\/\/charcoalplant.com\/wp-content\/uploads\/2021\/12\/charcoal-making-machine-workflow-1.jpg\" alt=\"flux de travail de la machine de fabrication de charbon de bois\" class=\"wp-image-1155\" srcset=\"https:\/\/charcoalplant.com\/wp-content\/uploads\/2021\/12\/charcoal-making-machine-workflow-1.jpg 720w, https:\/\/charcoalplant.com\/wp-content\/uploads\/2021\/12\/charcoal-making-machine-workflow-1-300x225.jpg 300w\" sizes=\"auto, (max-width: 720px) 100vw, 720px\" \/><figcaption class=\"wp-element-caption\">flux de travail de la machine de fabrication de charbon de bois<\/figcaption><\/figure>    <h2 class=\"wp-block-heading\" id=\"h-charcoal-production-line-structure\"><strong>Structure de la ligne de production de charbon de bois<\/strong><strong><\/strong><\/h2>    <p>L'\u00e9quipement correspondant au processus de travail de la machine de fabrication de charbon de bois est un broyeur de bois, un s\u00e9choir \u00e0 sciure, une machine \u00e0 briquettes de biomasse et un four de carbonisation. Ces \u00e9quipements constituent l\u2019\u00e9quipement de base pour fabriquer du charbon de bois.<\/p>    <div class=\"wp-block-media-text is-stacked-on-mobile is-vertically-aligned-center has-background\" style=\"background-color:#f1f1f1;grid-template-columns:36% auto\"><figure class=\"wp-block-media-text__media\"><img loading=\"lazy\" decoding=\"async\" width=\"720\" height=\"540\" src=\"https:\/\/charcoalplant.com\/wp-content\/uploads\/2021\/11\/Wood-crusher-machine-1-1.jpg\" alt=\"Broyeur de bois\" class=\"wp-image-923 size-full\" srcset=\"https:\/\/charcoalplant.com\/wp-content\/uploads\/2021\/11\/Wood-crusher-machine-1-1.jpg 720w, https:\/\/charcoalplant.com\/wp-content\/uploads\/2021\/11\/Wood-crusher-machine-1-1-300x225.jpg 300w\" sizes=\"auto, (max-width: 720px) 100vw, 720px\" \/><\/figure><div class=\"wp-block-media-text__content\"> <h3 class=\"wp-block-heading\"><strong>1. Broyeur de bois <\/strong>(\u00e9crasement) <\/h3>    <p>Le broyeur de bois est un appareil qui brise certaines branches, d\u00e9chets de planches de bois massif, bambou et autres mati\u00e8res premi\u00e8res en petits copeaux de bois. Parce que la taille des copeaux de bois n\u00e9cessaires pour fabriquer du charbon de bois est de 3 \u00e0 5 mm. Les broyeurs \u00e0 bois sont donc tr\u00e8s importants. <\/p> <\/div><\/div>    <p><\/p>    <div class=\"wp-block-media-text is-stacked-on-mobile is-vertically-aligned-center has-background\" style=\"background-color:#f1f1f1;grid-template-columns:36% auto\"><figure class=\"wp-block-media-text__media\"><img loading=\"lazy\" decoding=\"async\" width=\"720\" height=\"540\" src=\"https:\/\/charcoalplant.com\/wp-content\/uploads\/2021\/11\/Rice-husk-dryer-1.jpg\" alt=\"S\u00e9choir \u00e0 balles de riz\" class=\"wp-image-960 size-full\" srcset=\"https:\/\/charcoalplant.com\/wp-content\/uploads\/2021\/11\/Rice-husk-dryer-1.jpg 720w, https:\/\/charcoalplant.com\/wp-content\/uploads\/2021\/11\/Rice-husk-dryer-1-300x225.jpg 300w\" sizes=\"auto, (max-width: 720px) 100vw, 720px\" \/><\/figure><div class=\"wp-block-media-text__content\"> <h3 class=\"wp-block-heading\"><strong>2. S\u00e9choir \u00e0 sciure<\/strong>&nbsp;(s\u00e9chage)<\/h3>    <p class=\"translation-block\">Because the production of biomass rods requires the humidity of the sawdust. Therefore, the customer should choose a<a href=\"https:\/\/charcoalplant.com\/fr\/rice-husk-dryer\/\"> <strong>sawdust dryer<\/strong><\/a> to reduce the humidity of the sawdust to about 10%. This\u00a0step\u00a0also guarantees the quality of the charcoal produced. Our factory provides rotary\u00a0dryers and airflow dryers. In addition to fuels such as wood and coal, their heat source furnaces can also be heated by natural gas.<\/p> <\/div><\/div>    <p><\/p>    <div class=\"wp-block-media-text is-stacked-on-mobile is-vertically-aligned-center has-background\" style=\"background-color:#f1f1f1;grid-template-columns:36% auto\"><figure class=\"wp-block-media-text__media\"><img loading=\"lazy\" decoding=\"async\" width=\"720\" height=\"540\" src=\"https:\/\/charcoalplant.com\/wp-content\/uploads\/2022\/02\/sawdust-biomass-briquette-machine.jpg\" alt=\"\" class=\"wp-image-2380 size-full\"\/><\/figure><div class=\"wp-block-media-text__content\"> <h3 class=\"wp-block-heading\"><strong>3.\u00a0Machine \u00e0 briquettes de biomasse<\/strong>&nbsp;(fabrication de cannes) <\/h3>    <p class=\"translation-block\">Le <a href=\"https:\/\/charcoalplant.com\/fr\/sawdust-briquette-machine\/\"><strong>machine \u00e0 briquettes de biomasse<\/strong><\/a> peut transformer les copeaux de bois secs en b\u00e2tons creux en bois. C'est l'un des \u00e9quipements centraux de la machine de fabrication du charbon de bois. La qualit\u00e9 du charbon d\u00e9pend de la tige de biomasse elle-m\u00eame. Par cons\u00e9quent, lors de l'utilisation de la machine \u00e0 briquettes de copeaux de bois, la machine doit \u00eatre d\u00e9bogu\u00e9e d'abord. L'usine Shuliy envoyera des techniciens pour aider et guider. <\/p> <\/div><\/div>    <p><\/p>    <div class=\"wp-block-media-text is-stacked-on-mobile has-background\" style=\"background-color:#f1f1f1;grid-template-columns:36% auto\"><figure class=\"wp-block-media-text__media\"><img loading=\"lazy\" decoding=\"async\" width=\"720\" height=\"540\" src=\"https:\/\/charcoalplant.com\/wp-content\/uploads\/2021\/12\/Vertical-carbonization-furnace-Production-line-1.jpg\" alt=\"\" class=\"wp-image-38 size-full\" srcset=\"https:\/\/charcoalplant.com\/wp-content\/uploads\/2021\/12\/Vertical-carbonization-furnace-Production-line-1.jpg 720w, https:\/\/charcoalplant.com\/wp-content\/uploads\/2021\/12\/Vertical-carbonization-furnace-Production-line-1-300x225.jpg 300w\" sizes=\"auto, (max-width: 720px) 100vw, 720px\" \/><\/figure><div class=\"wp-block-media-text__content\"> <h3 class=\"wp-block-heading\"><strong>4. <a href=\"https:\/\/charcoalplant.com\/fr\/product\/carbonization-furnace\/\">Four de carbonisation<\/a><\/strong>&nbsp;(carbonisation)<\/h3>    <p class=\"translation-block\">This is the last step of the whole process. We provide<a href=\"https:\/\/charcoalplant.com\/fr\/vertical-carbonization-furnace\/\"><strong> vertical carbonization furnace<\/strong><\/a> and horizontal carbonization machine. They can carbonize raw wood, bamboo, fruitwood, and other materials. The vertical carbonization furnace adopts internal and external double-tank technology. Therefore, it can better meet the large charcoal output and is convenient and flexible.<\/p> <\/div><\/div>    <h2 class=\"wp-block-heading\" id=\"h-three-systems-of-charcoal-making-machine\"><strong>Trois syst\u00e8mes de machine de fabrication de charbon de bois<\/strong><\/h2>    <div class=\"wp-block-media-text is-stacked-on-mobile has-background\" style=\"background-color:#f1f1f1;grid-template-columns:37% auto\"><figure class=\"wp-block-media-text__media\"><img loading=\"lazy\" decoding=\"async\" width=\"720\" height=\"540\" src=\"https:\/\/charcoalplant.com\/wp-content\/uploads\/2022\/03\/screw-conveyor-1.jpg\" alt=\"convoyeur \u00e0 vis\" class=\"wp-image-2673 size-full\"\/><\/figure><div class=\"wp-block-media-text__content\"> <p class=\"translation-block\"><strong>Feeding system<\/strong> <\/p>    <p>En raison de la petite forme et des caract\u00e9ristiques l\u00e2ches de la sciure de bois, le syst\u00e8me d'alimentation de la machine de fabrication de charbon de bois choisit un alimentateur \u00e0 vis. Il se caract\u00e9rise par une alimentation ferm\u00e9e et uniforme. Nous avons des tuyaux en forme de U et ronds. Le tuyau en forme de U est con\u00e7u pour \u00eatre d\u00e9tachable. Il est donc \u00e9galement plus flexible. <\/p> <\/div><\/div>    <p><\/p>    <div class=\"wp-block-media-text is-stacked-on-mobile is-vertically-aligned-center has-background\" style=\"background-color:#f1f1f1;grid-template-columns:37% auto\"><figure class=\"wp-block-media-text__media\"><img loading=\"lazy\" decoding=\"async\" width=\"720\" height=\"540\" src=\"https:\/\/charcoalplant.com\/wp-content\/uploads\/2022\/03\/sawdust-collector-1.jpg\" alt=\"collecteur de sciure\" class=\"wp-image-2675 size-full\"\/><\/figure><div class=\"wp-block-media-text__content\"> <p class=\"translation-block\"><strong>Dust removal system<\/strong> <\/p>    <p>D'une part, il peut collecter s\u00e9par\u00e9ment la sciure et la poussi\u00e8re pour garantir un environnement hygi\u00e9nique dans l'usine. D\u2019autre part, il joue \u00e9galement un r\u00f4le dans le refroidissement du mat\u00e9riau. Il comprend des secou\u00e9s, des tuyaux, un sac \u00e0 poussi\u00e8re et un ventilateur \u00e0 tirage induit. <\/p> <\/div><\/div>    <p><\/p>    <div class=\"wp-block-media-text is-stacked-on-mobile is-vertically-aligned-center has-background\" style=\"background-color:#f1f1f1;grid-template-columns:37% auto\"><figure class=\"wp-block-media-text__media\"><img loading=\"lazy\" decoding=\"async\" width=\"720\" height=\"540\" src=\"https:\/\/charcoalplant.com\/wp-content\/uploads\/2021\/12\/High-voltage-static-electricity-of-vertical-carbonization-furnace-1.jpg\" alt=\"\" class=\"wp-image-1054 size-full\" srcset=\"https:\/\/charcoalplant.com\/wp-content\/uploads\/2021\/12\/High-voltage-static-electricity-of-vertical-carbonization-furnace-1.jpg 720w, https:\/\/charcoalplant.com\/wp-content\/uploads\/2021\/12\/High-voltage-static-electricity-of-vertical-carbonization-furnace-1-300x225.jpg 300w\" sizes=\"auto, (max-width: 720px) 100vw, 720px\" \/><\/figure><div class=\"wp-block-media-text__content\"> <p class=\"translation-block\"><strong>Purification system<\/strong> <\/p>    <p>L'\u00e9puration ici concerne principalement les gaz de combustion produits lors du traitement des mati\u00e8res premi\u00e8res de la machine de fabrication de charbon de bois. En raison du fonctionnement \u00e0 haute temp\u00e9rature dans la cha\u00eene de production de charbon de bois, la production de gaz de combustion pendant le processus de production est in\u00e9vitable. Il existe des normes internationales strictes en mati\u00e8re d\u2019\u00e9missions de gaz de combustion dans les usines. Heureusement, notre syst\u00e8me de d\u00e9senfumage peut \u00e9liminer efficacement la fum\u00e9e. <\/p> <\/div><\/div>    <p>Pour les s\u00e9choirs et les fours de carbonisation, nous mettons \u00e0 disposition des cuves de d\u00e9senfumage. Nous fournissons des hottes d'\u00e9vacuation des fum\u00e9es pour les machines de fabrication de tiges. Les bidons de d\u00e9senfumage et les hottes de d\u00e9senfumage peuvent \u00eatre combin\u00e9s avec des dispositifs \u00e9lectrostatiques \u00e0 haute tension pour obtenir le meilleur effet de d\u00e9senfumage.<\/p>    <h2 class=\"wp-block-heading\" id=\"h-auto-charcoal-factory-features\"><strong>Caract\u00e9ristiques de l'usine de fabrication automatique de charbon de bois<\/strong><\/h2>    <p>1. Degr\u00e9 \u00e9lev\u00e9 d\u2019automatisation et d\u2019\u00e9conomie de main-d\u2019\u0153uvre.<\/p>    <p>2. \u00c9conomie d'\u00e9nergie et protection de l'environnement.<\/p>    <p>3. Bonne qualit\u00e9, fonctionnement simple et performances stables.<\/p>    <p>4. Acc\u00e8s facile aux mati\u00e8res premi\u00e8res, faible investissement et rendement \u00e9lev\u00e9.<\/p>    <p>5. La production est importante et la demande de produits finis est importante.<\/p>    <p>6. Prix abordable, nombreuses sp\u00e9cifications.<\/p>    <figure class=\"wp-block-image aligncenter size-full\"><img loading=\"lazy\" decoding=\"async\" width=\"720\" height=\"540\" src=\"https:\/\/charcoalplant.com\/wp-content\/uploads\/2022\/03\/charcoal-machine-plant.jpg\" alt=\"usine de fabrication de charbon de bois\" class=\"wp-image-2684\"\/><figcaption class=\"wp-element-caption\">usine de fabrication de charbon de bois<\/figcaption><\/figure>    <h2 class=\"wp-block-heading\" id=\"h-5t-charcoal-processing-line-equipment-recommendation\"><strong>Recommandation de machine de ligne de traitement de charbon de bois 5t<\/strong><\/h2>    <p>L'\u00e9quipement suivant est ajout\u00e9 \u00e0 la structure de base de la machine \u00e0 briquettes de charbon de bois pour r\u00e9f\u00e9rence.<\/p>    <h3 class=\"wp-block-heading\"><strong>Broyeur<\/strong><strong><\/strong><\/h3>    <p class=\"translation-block\">If your raw material is large logs, we recommend that you choose <strong><a href=\"https:\/\/charcoalplant.com\/fr\/drum-chipper\/\">drum chippers<\/a><\/strong> and <strong><a href=\"https:\/\/charcoalplant.com\/fr\/hammer-mill\/\">hammer mills<\/a><\/strong>. These two machines are high-efficiency crushing equipment with large output. If your raw material is wood chips, we recommend that you choose a roller screen. The raw materials are transported by the conveyor belt to the roller screen to screen out 3-5mm sawdust.<\/p>    <h3 class=\"wp-block-heading\"><strong>Alimentateur \u00e0 vis<\/strong><strong><\/strong><\/h3>    <p>Sa fonction est de r\u00e9partir uniform\u00e9ment la sciure de bois vers la machine de fabrication de tiges de sciure. Sa taille d\u00e9pend du nombre de machines de fabrication de tiges que vous choisissez. Il est donc personnalisable.<\/p>    <figure class=\"wp-block-image aligncenter size-full\"><img loading=\"lazy\" decoding=\"async\" width=\"720\" height=\"540\" src=\"https:\/\/charcoalplant.com\/wp-content\/uploads\/2022\/03\/charcoal-machine-production-line-3.jpg\" alt=\"ligne de production de machines \u00e0 charbon de bois\" class=\"wp-image-2693\"\/><figcaption class=\"wp-element-caption\">ligne de production de machines \u00e0 charbon de bois<\/figcaption><\/figure>    <h3 class=\"wp-block-heading\"><strong>Hotte de d\u00e9senfumage et convoyeur \u00e0 bande grillag\u00e9e<\/strong><strong><\/strong><\/h3>    <p>La temp\u00e9rature \u00e9tant trop \u00e9lev\u00e9e lors du traitement de la tige de biomasse, il est n\u00e9cessaire de choisir un tapis roulant m\u00e9tallique pour le transport. D'une part, le convoyeur \u00e0 bande grillag\u00e9e peut transporter les b\u00e2tons de bois tomb\u00e9s de la machine de fabrication de b\u00e2tons. D\u2019un autre c\u00f4t\u00e9, il peut dissiper la chaleur de la tige en bois. La hotte de d\u00e9senfumage comprend principalement un ventilateur et un r\u00e9servoir d'eau. Il est install\u00e9 au-dessus de la bande maill\u00e9e pour aspirer directement la fum\u00e9e g\u00e9n\u00e9r\u00e9e par la machine de fabrication de tiges.<\/p>    <figure class=\"wp-block-image aligncenter size-full\"><img loading=\"lazy\" decoding=\"async\" width=\"720\" height=\"540\" src=\"https:\/\/charcoalplant.com\/wp-content\/uploads\/2022\/03\/smoke-removal-hood.jpg\" alt=\"\" class=\"wp-image-2694\"\/><figcaption class=\"wp-element-caption\">hotte de d\u00e9senfumage<\/figcaption><\/figure>    <figure class=\"wp-block-gallery has-nested-images columns-default is-cropped wp-block-gallery-2 is-layout-flex wp-block-gallery-is-layout-flex\"> <figure class=\"wp-block-image size-large\"><img loading=\"lazy\" decoding=\"async\" width=\"720\" height=\"540\" data-id=\"1301\" src=\"https:\/\/charcoalplant.com\/wp-content\/uploads\/2021\/12\/Smoke-removal-hood-1.jpg\" alt=\"Hotte de d\u00e9senfumage\" class=\"wp-image-1301\" srcset=\"https:\/\/charcoalplant.com\/wp-content\/uploads\/2021\/12\/Smoke-removal-hood-1.jpg 720w, https:\/\/charcoalplant.com\/wp-content\/uploads\/2021\/12\/Smoke-removal-hood-1-300x225.jpg 300w\" sizes=\"auto, (max-width: 720px) 100vw, 720px\" \/><figcaption class=\"wp-element-caption\">Hotte de d\u00e9senfumage<\/figcaption><\/figure>    <figure class=\"wp-block-image size-large\"><img loading=\"lazy\" decoding=\"async\" width=\"720\" height=\"540\" data-id=\"1302\" src=\"https:\/\/charcoalplant.com\/wp-content\/uploads\/2021\/12\/mesh-belt-conveyor-1.jpg\" alt=\"convoyeur \u00e0 bande grillag\u00e9e\" class=\"wp-image-1302\" srcset=\"https:\/\/charcoalplant.com\/wp-content\/uploads\/2021\/12\/mesh-belt-conveyor-1.jpg 720w, https:\/\/charcoalplant.com\/wp-content\/uploads\/2021\/12\/mesh-belt-conveyor-1-300x225.jpg 300w\" sizes=\"auto, (max-width: 720px) 100vw, 720px\" \/><figcaption class=\"wp-element-caption\">convoyeur \u00e0 bande grillag\u00e9e<\/figcaption><\/figure> <\/figure>    <h2 class=\"wp-block-heading\" id=\"h-features-of-sawdust-briquetting-charcoal\"><strong>Caract\u00e9ristiques du charbon de bois en briquettes de sciure de bois<\/strong><\/h2>    <p>Compar\u00e9 au charbon, aux branches d'arbres, \u00e0 la paille et \u00e0 d'autres combustibles, le charbon de bois fabriqu\u00e9 \u00e0 la machine et produit par une machine \u00e0 charbon de bois a non seulement un rendement \u00e9lev\u00e9, mais a \u00e9galement une forte demande. C\u2019est plus accept\u00e9 par les gens. Le charbon de bois fabriqu\u00e9 \u00e0 la machine pr\u00e9sente les avantages suivants :<\/p>    <p>1. Bonne qualit\u00e9, ventes \u00e9lev\u00e9es et bons revenus.<\/p>    <p>2. S\u00fbr et sans pollution.<\/p>    <p>3. Pouvoir calorifique \u00e9lev\u00e9 et longue dur\u00e9e de combustion.<\/p>    <p>4. L'apparence est belle et diversifi\u00e9e.<\/p>    <figure class=\"wp-block-image aligncenter size-full\"><img loading=\"lazy\" decoding=\"async\" width=\"720\" height=\"540\" src=\"https:\/\/charcoalplant.com\/wp-content\/uploads\/2022\/03\/charcoal-making-machine-2.jpg\" alt=\"briquettes de charbon de bois\" class=\"wp-image-2678\"\/><figcaption class=\"wp-element-caption\">briquettes de charbon de bois<\/figcaption><\/figure>    <h2 class=\"wp-block-heading\" id=\"h-sawdust-briquette-making-machine-for-sale\"><strong>Machine de fabrication de briquettes de sciure de bois \u00e0 vendre<\/strong><\/h2>    <p>Shuliy\u00a0Machinery est un fabricant sp\u00e9cialis\u00e9 d'extrudeuses de charbon de bois. Nous vendons des broyeurs \u00e0 bois, des s\u00e9choirs \u00e0 sciure, des convoyeurs \u00e0 vis, des machines de fabrication de tiges de sciure, etc. De plus, nous fournirons des solutions de conception pour votre ligne de production. Par cons\u00e9quent, bienvenue pour en savoir plus sur nos produits. Nous vous proposerons des prix comp\u00e9titifs.<\/p>    <figure class=\"wp-block-gallery has-nested-images columns-default is-cropped wp-block-gallery-3 is-layout-flex wp-block-gallery-is-layout-flex\"> <figure class=\"wp-block-image size-full\"><img loading=\"lazy\" decoding=\"async\" width=\"720\" height=\"540\" data-id=\"2697\" src=\"https:\/\/charcoalplant.com\/wp-content\/uploads\/2022\/03\/charcoal-machine-for-sale-2.jpg\" alt=\"machine \u00e0 charbon de bois \u00e0 vendre\" class=\"wp-image-2697\"\/><figcaption class=\"wp-element-caption\">machine \u00e0 charbon de bois \u00e0 vendre<\/figcaption><\/figure>    <figure class=\"wp-block-image size-full\"><img loading=\"lazy\" decoding=\"async\" width=\"720\" height=\"540\" data-id=\"2698\" src=\"https:\/\/charcoalplant.com\/wp-content\/uploads\/2022\/03\/charcoal-production-line-shippment-2.jpg\" alt=\"exp\u00e9dition de la ligne de production de charbon de bois\" class=\"wp-image-2698\"\/><figcaption class=\"wp-element-caption\">exp\u00e9dition de la ligne de production de charbon de bois<\/figcaption><\/figure> <\/figure>    <h2 class=\"wp-block-heading\"><strong>Nos services<\/strong><\/h2>    <ul class=\"wp-block-list\"> <li>Nous pouvons fournir \u00e0 nos clients des solutions de lignes de production de charbon de bois avec diff\u00e9rents rendements de charbon de bois. <\/li>    <li>Nous aidons les clients \u00e0 installer la machine et \u00e0 la tester gratuitement.<\/li>    <li>Notre usine peut concevoir des dessins pour les clients. <\/li>    <li>Les clients peuvent \u00e9galement acheter des pi\u00e8ces chez nous \u00e0 tout moment.<\/li> <\/ul>    <h2 class=\"wp-block-heading\"><strong>Contactez-nous pour d\u00e9marrer votre entreprise de fabrication de charbon de bois\u00a0!<\/strong><\/h2>    <p class=\"translation-block\">En plus des machines et de l'\u00e9quipement, une ligne de production de charbon de bois n\u00e9cessitera \u00e9galement une \u00e9quipe de travailleurs qualifi\u00e9s pour faire fonctionner les machines et superviser le processus de production. Des mesures de contr\u00f4le qualit\u00e9 seront \u00e9galement en place pour garantir que le produit final respecte les normes n\u00e9cessaires. <a href=\"https:\/\/charcoalplant.com\/fr\/\">Shuliy Machinery<\/a> est une usine professionnelle de fabrication de machines \u00e0 charbon. Il existe une forte capacit\u00e9 de recherche, conception, fabrication et installation. N'h\u00e9sitez pas \u00e0 contacter nos experts pour d\u00e9marrer votre projet d\u00e8s que possible. <\/p>    <h2 class=\"wp-block-heading\"><br><\/h2>","protected":false},"excerpt":{"rendered":"<p>La machine \u00e0 charbon de bois est un appareil permettant de fabriquer du charbon de bois en \u00e9crasant, s\u00e9chant, formant des tiges et carbonisant des b\u00fbches, du bambou, etc.<\/p>","protected":false},"author":1,"featured_media":1171,"parent":0,"template":"","tags":[59],"product-type":[53],"class_list":["post-1152","product","type-product","status-publish","has-post-thumbnail","hentry","tag-charcoal-briquetting-machine","product-type-product-line"],"_links":{"self":[{"href":"https:\/\/charcoalplant.com\/fr\/wp-json\/wp\/v2\/product\/1152","targetHints":{"allow":["GET"]}}],"collection":[{"href":"https:\/\/charcoalplant.com\/fr\/wp-json\/wp\/v2\/product"}],"about":[{"href":"https:\/\/charcoalplant.com\/fr\/wp-json\/wp\/v2\/types\/product"}],"author":[{"embeddable":true,"href":"https:\/\/charcoalplant.com\/fr\/wp-json\/wp\/v2\/users\/1"}],"wp:featuredmedia":[{"embeddable":true,"href":"https:\/\/charcoalplant.com\/fr\/wp-json\/wp\/v2\/media\/1171"}],"wp:attachment":[{"href":"https:\/\/charcoalplant.com\/fr\/wp-json\/wp\/v2\/media?parent=1152"}],"wp:term":[{"taxonomy":"post_tag","embeddable":true,"href":"https:\/\/charcoalplant.com\/fr\/wp-json\/wp\/v2\/tags?post=1152"},{"taxonomy":"product-type","embeddable":true,"href":"https:\/\/charcoalplant.com\/fr\/wp-json\/wp\/v2\/product-type?post=1152"}],"curies":[{"name":"wp","href":"https:\/\/api.w.org\/{rel}","templated":true}]}}