{"id":1178,"date":"2021-12-07T08:28:29","date_gmt":"2021-12-07T08:28:29","guid":{"rendered":"https:\/\/charcoalplant.com\/?p=1178"},"modified":"2023-04-18T18:18:42","modified_gmt":"2023-04-18T10:18:42","slug":"charcoal-powder-briquette-machine","status":"publish","type":"product","link":"https:\/\/charcoalplant.com\/fr\/product\/charcoal-powder-briquette-machine\/","title":{"rendered":"Machine \u00e0 briquettes de poudre de charbon de bois | Fabricant de presse \u00e0 charbon"},"content":{"rendered":"<div class=\"kk-star-ratings kksr-auto kksr-align-left kksr-valign-top\"     data-payload='{&quot;align&quot;:&quot;left&quot;,&quot;id&quot;:&quot;1178&quot;,&quot;slug&quot;:&quot;default&quot;,&quot;valign&quot;:&quot;top&quot;,&quot;ignore&quot;:&quot;&quot;,&quot;reference&quot;:&quot;auto&quot;,&quot;class&quot;:&quot;&quot;,&quot;count&quot;:&quot;18&quot;,&quot;legendonly&quot;:&quot;&quot;,&quot;readonly&quot;:&quot;&quot;,&quot;score&quot;:&quot;4.7&quot;,&quot;starsonly&quot;:&quot;&quot;,&quot;best&quot;:&quot;5&quot;,&quot;gap&quot;:&quot;5&quot;,&quot;greet&quot;:&quot;Rate this product&quot;,&quot;legend&quot;:&quot;4.7\\\/5 - (18 votes)&quot;,&quot;size&quot;:&quot;24&quot;,&quot;title&quot;:&quot;Charcoal Powder Briquette Machine | Coal Press Machine Manufacturer&quot;,&quot;width&quot;:&quot;133.8&quot;,&quot;_legend&quot;:&quot;{score}\\\/{best} - ({count} {votes})&quot;,&quot;font_factor&quot;:&quot;1.25&quot;}'>              <div class=\"kksr-stars\">      <div class=\"kksr-stars-inactive\">             <div class=\"kksr-star\" data-star=\"1\" style=\"padding-right: 5px\">               <div class=\"kksr-icon\" style=\"width: 24px; height: 24px;\"><\/div>         <\/div>             <div class=\"kksr-star\" data-star=\"2\" style=\"padding-right: 5px\">               <div class=\"kksr-icon\" style=\"width: 24px; height: 24px;\"><\/div>         <\/div>             <div class=\"kksr-star\" data-star=\"3\" style=\"padding-right: 5px\">               <div class=\"kksr-icon\" style=\"width: 24px; height: 24px;\"><\/div>         <\/div>             <div class=\"kksr-star\" data-star=\"4\" style=\"padding-right: 5px\">               <div class=\"kksr-icon\" style=\"width: 24px; height: 24px;\"><\/div>         <\/div>             <div class=\"kksr-star\" data-star=\"5\" style=\"padding-right: 5px\">               <div class=\"kksr-icon\" style=\"width: 24px; height: 24px;\"><\/div>         <\/div>     <\/div>      <div class=\"kksr-stars-active\" style=\"width: 133.8px;\">             <div class=\"kksr-star\" style=\"padding-right: 5px\">               <div class=\"kksr-icon\" style=\"width: 24px; height: 24px;\"><\/div>         <\/div>             <div class=\"kksr-star\" style=\"padding-right: 5px\">               <div class=\"kksr-icon\" style=\"width: 24px; height: 24px;\"><\/div>         <\/div>             <div class=\"kksr-star\" style=\"padding-right: 5px\">               <div class=\"kksr-icon\" style=\"width: 24px; height: 24px;\"><\/div>         <\/div>             <div class=\"kksr-star\" style=\"padding-right: 5px\">               <div class=\"kksr-icon\" style=\"width: 24px; height: 24px;\"><\/div>         <\/div>             <div class=\"kksr-star\" style=\"padding-right: 5px\">               <div class=\"kksr-icon\" style=\"width: 24px; height: 24px;\"><\/div>         <\/div>     <\/div> <\/div>                   <div class=\"kksr-legend\" style=\"font-size: 19.2px;\">             4,7\/5 - (18 voix)    <\/div>     <\/div>  <p class=\"translation-block\"><strong>Machine \u00e0 briquettes de poudre de charbon<\/strong> est un type d'\u00e9quipement qui utilise principalement de la poudre de charbon et de la poussi\u00e8re de charbon comme mati\u00e8res premi\u00e8res pour produire <strong><a href=\"https:\/\/charcoalplant.com\/fr\/charcoal-briquettes-production-line\/\">du charbon de barbecue<\/a><\/strong> et du charbon pour narguil\u00e9 carr\u00e9. La briquetage de poussi\u00e8re de charbon peut \u00eatre creux ou plein. Et leur profil transversal peut \u00eatre carr\u00e9, hexagonal, circulaire, et autres. Plus important encore, la briquette est sans fumaie, a une longue dur\u00e9e de combustion et une grande demande sur le march\u00e9. Par cons\u00e9quent, la <strong><a href=\"https:\/\/charcoalplant.com\/fr\/info\/iraqi-customers-wood-charcoal-briquetting-extruder-completed\/\">machine \u00e0 briqueter le charbon<\/a><\/strong> est un \u00e9quipement charbon \u00e9conomique. Bienvenue pour nous contacter, nous vous offrirons un prix comp\u00e9titif.<\/p>    <h2 class=\"wp-block-heading\" id=\"working-principle-of-charcoal-powder-briquette-machine\">Principe de fonctionnement de la machine \u00e0 briquettes de poudre de charbon de bois<\/h2>    <p>Une machine \u00e0 charbon de bois est une machine permettant de transformer du charbon de bois en poudre en diff\u00e9rentes formes de blocs de charbon de bois. Son principe de fonctionnement est que le moteur transmet la puissance \u00e0 la transmission via la courroie trap\u00e9zo\u00efdale. L'arbre de sortie de transmission transmet ensuite la puissance \u00e0 l'arbre d'h\u00e9lice via un accouplement flottant. Enfin, l'h\u00e9lice sur l'arbre d'h\u00e9lice peut pousser la mati\u00e8re premi\u00e8re hors du moule de formage.<\/p>    <figure class=\"wp-block-image aligncenter size-full\"><img loading=\"lazy\" decoding=\"async\" width=\"720\" height=\"540\" src=\"https:\/\/charcoalplant.com\/wp-content\/uploads\/2022\/02\/Charcoal-powder-briquette-machine-show.jpg\" alt=\"Machine-exposition de briquettes de poudre de charbon de bois\" class=\"wp-image-2389\"\/><figcaption class=\"wp-element-caption\">Machine-exposition de briquettes de poudre de charbon de bois<\/figcaption><\/figure>    <h2 class=\"wp-block-heading\" id=\"raw-materials-of-charcoal-dust-briquetting-machine\">Mati\u00e8res premi\u00e8res de la machine \u00e0 briquettes de poussi\u00e8re de charbon de bois<\/h2>    <p class=\"translation-block\">La source de sa poudre de charbon brute est que diverses charbons peuvent \u00eatre broy\u00e9s par <strong><a href=\"https:\/\/charcoalplant.com\/fr\/wood-wastes-recycling-machine\/hammer-mill\/\">broyeur \u00e0 marteaux<\/a><\/strong>. Par exemple, charbon de coque de noix de coco, charbon de rondin, charbon de sciure, charbon de coque de palmier, charbon de balle de riz, charbon de coque d'arachide, etc. Et d'autres mat\u00e9riaux : <strong><a href=\"https:\/\/charcoalplant.com\/fr\/info\/can-these-briquetting-machines-make-alfalfa-molar-sticks\/\">l'alfalfa<\/a><\/strong> et l'herbe de Timothy. Il est \u00e0 noter que la poudre de carbone concass\u00e9e doit \u00eatre parfaitement m\u00e9lang\u00e9e avec une certaine proportion d'eau et de liant avec un moulin \u00e0 roue avant utilisation. Parce que cela peut rendre la poudre de carbone plus visqueuse, donner une meilleure forme et une meilleure qualit\u00e9 du produit fini.<\/p>    <figure class=\"wp-block-image aligncenter size-full\"><img loading=\"lazy\" decoding=\"async\" width=\"720\" height=\"540\" src=\"https:\/\/charcoalplant.com\/wp-content\/uploads\/2022\/02\/raw-materials-of-charcoal-briquette-machine.jpg\" alt=\"\" class=\"wp-image-2383\"\/><\/figure>    <h2 class=\"wp-block-heading\" id=\"h-structure-of-charcoal-powder-briquette-machine\">Structure de la machine \u00e0 briquettes de poudre de charbon de bois<strong> <\/strong><\/h2>    <p>La machine \u00e0 briquettes de poudre de charbon de bois comprend principalement un arbre principal, un propulseur \u00e0 vis, un moule, un motor\u00e9ducteur et d'autres pi\u00e8ces. De par sa conception globale, la structure est compacte. L\u2019empreinte au sol est donc faible. De plus, son propulseur comporte trois parties. Une fois que le propulseur de la machine \u00e0 briquettes de charbon tombe en panne, le client n'a plus qu'\u00e0 remplacer sa t\u00eate.<\/p>    <figure class=\"wp-block-image aligncenter size-full\"><img loading=\"lazy\" decoding=\"async\" width=\"720\" height=\"540\" src=\"https:\/\/charcoalplant.com\/wp-content\/uploads\/2022\/02\/charcoal-briquetting-machine-display.jpg\" alt=\"affichage de la machine \u00e0 briquettes de charbon de bois\" class=\"wp-image-2390\"\/><figcaption class=\"wp-element-caption\">affichage de la machine \u00e0 briquettes de charbon de bois<\/figcaption><\/figure>    <h3 class=\"wp-block-heading\" id=\"accessories\">Accessoires de machine \u00e0 briquettes de charbon de bois<\/h3>    <div class=\"wp-block-columns has-background is-layout-flex wp-container-core-columns-is-layout-28f84493 wp-block-columns-is-layout-flex\" style=\"background-color:#f1f1f1\"> <div class=\"wp-block-column is-vertically-aligned-center is-layout-flow wp-block-column-is-layout-flow\" style=\"flex-basis:33.33%\"> <p class=\"translation-block\"><strong>Moule<\/strong><\/p>    <p>La machine de moulage de poudre de charbon de bois dispose de diff\u00e9rents moules. Par cons\u00e9quent, il peut produire diff\u00e9rentes formes de charbon de bois pour barbecue. Par exemple, hexagone, octogone, carr\u00e9, cercle.<\/p> <\/div>    <div class=\"wp-block-column is-layout-flow wp-block-column-is-layout-flow\" style=\"flex-basis:66.66%\"> <figure class=\"wp-block-gallery has-nested-images columns-default is-cropped wp-block-gallery-2 is-layout-flex wp-block-gallery-is-layout-flex\"> <figure class=\"wp-block-image size-large\"><img loading=\"lazy\" decoding=\"async\" width=\"720\" height=\"540\" data-id=\"1580\" src=\"https:\/\/charcoalplant.com\/wp-content\/uploads\/2021\/12\/shaped-charcoal-molds-1.jpg\" alt=\"moules \u00e0 charbon de bois en forme\" class=\"wp-image-1580\" srcset=\"https:\/\/charcoalplant.com\/wp-content\/uploads\/2021\/12\/shaped-charcoal-molds-1.jpg 720w, https:\/\/charcoalplant.com\/wp-content\/uploads\/2021\/12\/shaped-charcoal-molds-1-300x225.jpg 300w\" sizes=\"auto, (max-width: 720px) 100vw, 720px\" \/><figcaption class=\"wp-element-caption\">moules \u00e0 charbon de bois en forme<\/figcaption><\/figure> <\/figure> <\/div> <\/div>    <div class=\"wp-block-columns has-background is-layout-flex wp-container-core-columns-is-layout-28f84493 wp-block-columns-is-layout-flex\" style=\"background-color:#f1f1f1\"> <div class=\"wp-block-column is-layout-flow wp-block-column-is-layout-flow\" style=\"flex-basis:66.66%\"> <figure class=\"wp-block-gallery has-nested-images columns-default is-cropped wp-block-gallery-3 is-layout-flex wp-block-gallery-is-layout-flex\"> <figure class=\"wp-block-image size-large\"><img loading=\"lazy\" decoding=\"async\" width=\"720\" height=\"540\" data-id=\"2384\" src=\"https:\/\/charcoalplant.com\/wp-content\/uploads\/2022\/02\/propeller-shaft.jpg\" alt=\"arbre de transmission\" class=\"wp-image-2384\"\/><figcaption class=\"wp-element-caption\">arbre de transmission<\/figcaption><\/figure> <\/figure> <\/div>    <div class=\"wp-block-column is-vertically-aligned-center is-layout-flow wp-block-column-is-layout-flow\" style=\"flex-basis:33.33%\"> <p class=\"translation-block\"><strong>Axe de la poulie<\/strong><\/p>    <p>Notre usine produit nous-m\u00eames des accessoires pour les machines. comme les h\u00e9lices. Parce que nous choisissons de bons mat\u00e9riaux m\u00e9talliques pour fabriquer des accessoires. Par cons\u00e9quent, son utilisation n\u2019est pas facile \u00e0 endommager et a une longue dur\u00e9e de vie. De plus, apr\u00e8s la vente, nous pouvons \u00e0 tout moment fournir aux clients des accessoires adapt\u00e9s.<\/p> <\/div> <\/div>    <h2 class=\"wp-block-heading\" id=\"h-cutting-equipment-for-coal-press-machine\">\u00c9quipement de coupe pour machine de presse \u00e0 charbon&nbsp;<\/h2>    <p class=\"translation-block\">Le bloc de carbone form\u00e9 doit \u00eatre d\u00e9coup\u00e9 en diff\u00e9rentes tailles. Par cons\u00e9quent, il est n\u00e9cessaire d'utiliser un outil de coupe. Nous pouvons fournir trois types de coupeurs : coupeur automatique, coupeur \u00e0 mesurage et filetage. Le premier et le second coupeurs n\u00e9cessitent tous un <strong>compresseur d'air<\/strong>. Ajustez la force du coupeur en contr\u00f4lant la pression d'air.<\/p>    <h3 class=\"wp-block-heading\" id=\"h-automatic-cutter-for-charcoal-briket\">Coupeur automatique pour charbon de bois Briket<\/h3>    <p id=\"block-fd5fda72-b941-4e47-a7dd-c13c6a5b3b88\">Son principe de fonctionnement consiste \u00e0 ajuster la distance entre la sonde du capteur infrarouge et l'orifice de d\u00e9charge de la machine \u00e0 briquettes de charbon pour couper la m\u00eame taille.<\/p>    <figure class=\"wp-block-gallery has-nested-images columns-default is-cropped wp-block-gallery-4 is-layout-flex wp-block-gallery-is-layout-flex\"> <figure class=\"wp-block-image size-large\"><img loading=\"lazy\" decoding=\"async\" width=\"720\" height=\"540\" data-id=\"1574\" src=\"https:\/\/charcoalplant.com\/wp-content\/uploads\/2021\/12\/Automatic-Cutter-1.jpg\" alt=\"Coupeur automatique\" class=\"wp-image-1574\" srcset=\"https:\/\/charcoalplant.com\/wp-content\/uploads\/2021\/12\/Automatic-Cutter-1.jpg 720w, https:\/\/charcoalplant.com\/wp-content\/uploads\/2021\/12\/Automatic-Cutter-1-300x225.jpg 300w\" sizes=\"auto, (max-width: 720px) 100vw, 720px\" \/><figcaption class=\"wp-element-caption\">Coupeur automatique<\/figcaption><\/figure>    <figure class=\"wp-block-image size-large\"><img loading=\"lazy\" decoding=\"async\" width=\"720\" height=\"540\" data-id=\"1592\" src=\"https:\/\/charcoalplant.com\/wp-content\/uploads\/2021\/12\/Charcoal-powder-briquetting-machine-finished-products-1.jpg\" alt=\"Produits finis de machine \u00e0 briquettes de poudre de charbon de bois\" class=\"wp-image-1592\" srcset=\"https:\/\/charcoalplant.com\/wp-content\/uploads\/2021\/12\/Charcoal-powder-briquetting-machine-finished-products-1.jpg 720w, https:\/\/charcoalplant.com\/wp-content\/uploads\/2021\/12\/Charcoal-powder-briquetting-machine-finished-products-1-300x225.jpg 300w\" sizes=\"auto, (max-width: 720px) 100vw, 720px\" \/><figcaption class=\"wp-element-caption\">Produits finis de machine \u00e0 briquettes de poudre de charbon de bois<\/figcaption><\/figure> <\/figure>    <h3 class=\"wp-block-heading\" id=\"h-cnc-cutter-for-briquettes\">Coupeur CNC pour briquettes <\/h3>    <p id=\"block-d58a95d7-dc60-4c1c-9bf8-9352b32de057\">C'est un syst\u00e8me CNC. Ainsi, il peut d\u00e9finir une longueur de coupe pr\u00e9cise. R\u00e9glez m\u00eame la longueur avec un point d\u00e9cimal. Ses avantages : intelligent, pr\u00e9cis et compact. Nous vous recommandons fortement de choisir ce cutter.<\/p>    <figure class=\"wp-block-gallery has-nested-images columns-default is-cropped wp-block-gallery-5 is-layout-flex wp-block-gallery-is-layout-flex\"> <figure class=\"wp-block-image size-large\"><img loading=\"lazy\" decoding=\"async\" width=\"720\" height=\"540\" data-id=\"1585\" src=\"https:\/\/charcoalplant.com\/wp-content\/uploads\/2021\/12\/Meter-Cutter-1-1.jpg\" alt=\"M\u00e8tre-Cutter-1\" class=\"wp-image-1585\" srcset=\"https:\/\/charcoalplant.com\/wp-content\/uploads\/2021\/12\/Meter-Cutter-1-1.jpg 720w, https:\/\/charcoalplant.com\/wp-content\/uploads\/2021\/12\/Meter-Cutter-1-1-300x225.jpg 300w\" sizes=\"auto, (max-width: 720px) 100vw, 720px\" \/><figcaption class=\"wp-element-caption\">M\u00e8tre-Cutter-1<\/figcaption><\/figure>    <figure class=\"wp-block-image size-full\"><img loading=\"lazy\" decoding=\"async\" width=\"720\" height=\"540\" data-id=\"2387\" src=\"https:\/\/charcoalplant.com\/wp-content\/uploads\/2022\/02\/hexagonal-charcoal.jpg\" alt=\"charbon de bois hexagonal\" class=\"wp-image-2387\"\/><figcaption class=\"wp-element-caption\">charbon de bois hexagonal<\/figcaption><\/figure> <\/figure>    <h3 class=\"wp-block-heading\" id=\"h-cube-charcoal-cutting\">Coupe de charbon de bois en cubes <\/h3>    <p id=\"block-f4688070-e3ca-4360-8fd1-302aea04ab3e\">Son principe est particuli\u00e8rement simple. C'est-\u00e0-dire que plusieurs t\u00eates de coupe circulaires sont install\u00e9es sur le rouleau de coupe. La distance de la t\u00eate de coupe peut \u00eatre ajust\u00e9e. Ce cutter est tr\u00e8s adapt\u00e9 \u00e0 la production de charbon de chicha. Par cons\u00e9quent, il est souvent achet\u00e9 par des clients indon\u00e9siens et des pays arabes.<\/p>    <figure class=\"wp-block-gallery has-nested-images columns-default is-cropped wp-block-gallery-6 is-layout-flex wp-block-gallery-is-layout-flex\"> <figure class=\"wp-block-image size-large\"><img loading=\"lazy\" decoding=\"async\" width=\"720\" height=\"540\" data-id=\"1588\" src=\"https:\/\/charcoalplant.com\/wp-content\/uploads\/2021\/12\/Hob-2-1.jpg\" alt=\"Plaque\" class=\"wp-image-1588\" srcset=\"https:\/\/charcoalplant.com\/wp-content\/uploads\/2021\/12\/Hob-2-1.jpg 720w, https:\/\/charcoalplant.com\/wp-content\/uploads\/2021\/12\/Hob-2-1-300x225.jpg 300w\" sizes=\"auto, (max-width: 720px) 100vw, 720px\" \/><figcaption class=\"wp-element-caption\">Plaque<\/figcaption><\/figure>    <figure class=\"wp-block-image size-full\"><img loading=\"lazy\" decoding=\"async\" width=\"720\" height=\"540\" data-id=\"2388\" src=\"https:\/\/charcoalplant.com\/wp-content\/uploads\/2021\/12\/shisha-charcoal-2.jpg\" alt=\"\" class=\"wp-image-2388\"\/><figcaption class=\"wp-element-caption\">Charbon de chicha 2,5 cm<\/figcaption><\/figure> <\/figure>    <h2 class=\"wp-block-heading\" id=\"h-technical-parameters-of-coal-press-machine\">Param\u00e8tres techniques de la machine de presse \u00e0 charbon<\/h2>    <p>Nous pouvons configurer des bandes transporteuses pour les clients. Et la longueur et la largeur de la bande transporteuse peuvent \u00eatre personnalis\u00e9es en fonction des besoins du client.<\/p>    <figure class=\"wp-block-table is-style-stripes\"><table><tbody><tr><td>    <strong>Mod\u00e8le<\/strong><\/td><td>       <strong>Longueur*Largeur*Hauteur (mm)<\/strong><\/td><td>      <strong>Poids (kg)<\/strong><\/td><td>    <strong>Moteur (kw)<\/strong><\/td><td>   <strong>Production (t\/h)<\/strong><\/td><\/tr><tr><td>    SL-CB 140<\/td><td>             1950*1260*1080<\/td><td>           650<\/td><td>         11<\/td><td>        1-2<\/td><\/tr><tr><td>    SL-CB 160<\/td><td>             2150*1260*1080<\/td><td>           720<\/td><td>         15<\/td><td>        1-2<\/td><\/tr><tr><td>    SL-CB 180<\/td><td>             2320*1600*1150<\/td><td>          1260<\/td><td>         22<\/td><td>        2-4<\/td><\/tr><\/tbody><\/table><\/figure>    <h2 class=\"wp-block-heading\" id=\"video-of-charcoal-powder-briquette-production-line\">Vid\u00e9o de la ligne de production de briquettes de poudre de charbon de bois <\/h2>    <figure class=\"wp-block-embed is-type-video is-provider-youtube wp-block-embed-youtube wp-embed-aspect-16-9 wp-has-aspect-ratio\"><div class=\"wp-block-embed__wrapper\"> <iframe loading=\"lazy\" title=\"Machine \u00e0 charbon de bois pour barbecue | \u00c9quipement de production de charbon de chicha#shishacoal#Hookahcharcoal#coalbriket\" width=\"500\" height=\"281\" src=\"https:\/\/www.youtube.com\/embed\/_8wvJPuahH8?feature=oembed\" frameborder=\"0\" allow=\"accelerometer; autoplay; clipboard-write; encrypted-media; gyroscope; picture-in-picture; web-share\" referrerpolicy=\"strict-origin-when-cross-origin\" allowfullscreen><\/iframe> <\/div><\/figure>    <h2 class=\"wp-block-heading\" id=\"h-charcoal-briquette-machine-for-sale\">Machine \u00e0 briquettes de charbon de bois\u00a0\u00e0 vendre<\/h2>    <p class=\"translation-block\">Notre entreprise est un fabricant de presses \u00e0 charbon. Nous produisons diff\u00e9rents types de machines \u00e0 presse de charbon. Les caract\u00e9ristiques de notre machine \u00e0 briqueter poudre de charbon sont une op\u00e9ration simple, une longue dur\u00e9e de vie et une multifonction. Nous proposons aux clients une vari\u00e9t\u00e9 de moules de production. De plus, nous vendons \u00e9galement des m\u00e9langeurs de coke pulv\u00e9ris\u00e9, <strong><a href=\"https:\/\/charcoalplant.com\/fr\/charcoal-briquetting-machine\/honeycomb-coal-press-machine\/\">machines de charbon alv\u00e9olaire<\/a>,<\/strong> et ainsi de suite. Contactez-nous donc d\u00e8s maintenant pour lancer votre activit\u00e9. Nous sommes heureux de vous servir.<\/p>    <figure class=\"wp-block-image aligncenter size-full\"><img loading=\"lazy\" decoding=\"async\" width=\"720\" height=\"540\" src=\"https:\/\/charcoalplant.com\/wp-content\/uploads\/2021\/12\/charcoal-briquetting-machine-display-1.jpg\" alt=\"affichage de la machine \u00e0 briquettes de charbon de bois\" class=\"wp-image-1579\" srcset=\"https:\/\/charcoalplant.com\/wp-content\/uploads\/2021\/12\/charcoal-briquetting-machine-display-1.jpg 720w, https:\/\/charcoalplant.com\/wp-content\/uploads\/2021\/12\/charcoal-briquetting-machine-display-1-300x225.jpg 300w\" sizes=\"auto, (max-width: 720px) 100vw, 720px\" \/><figcaption class=\"wp-element-caption\">affichage de la machine \u00e0 briquettes de charbon de bois<\/figcaption><\/figure>    <h2 class=\"wp-block-heading\" id=\"charcoal-powder-briquette-machine-for-bbq-coal\">Machine \u00e0 briquettes de poudre de charbon de bois pour charbon de barbecue<\/h2>    <p class=\"translation-block\">La machine extrudeuse de briquettes de charbon peut fabriquer du charbon de barbecue. Mais le bloc de charbon qu'elle produit ne peut pas \u00eatre utilis\u00e9 directement. Il n\u00e9cessite d'\u00eatre s\u00e9ch\u00e9 naturellement ou dans un<strong> <a href=\"https:\/\/charcohttps:\/\/charcoalplant.com\/charcoal-briquette-dryer\/alplant.com\/rice-husk-dryer\/\">s\u00e9choir<\/a><\/strong>. Les briquettes de charbon s\u00e9ch\u00e9es sont g\u00e9n\u00e9ralement trait\u00e9es par une <strong><a href=\"https:\/\/charcoalplant.com\/fr\/briquettes-packing-machine\/\">machine d'emballage des briquettes de charbon<\/a><\/strong> pour la vente. En fait, cette machine convient \u00e9galement tr\u00e8s bien pour fabriquer du charbon \u00e0 narguil\u00e9, ce qui est plus \u00e9conomique.<\/p>    <figure class=\"wp-block-image aligncenter size-full\"><img loading=\"lazy\" decoding=\"async\" width=\"720\" height=\"540\" src=\"https:\/\/charcoalplant.com\/wp-content\/uploads\/2022\/02\/charcoal-briquettes-.jpg\" alt=\"briquettes de charbon de bois\" class=\"wp-image-2386\"\/><figcaption class=\"wp-element-caption\">briquettes de charbon de bois<\/figcaption><\/figure>","protected":false},"excerpt":{"rendered":"<p>La machine \u00e0 briquettes de poudre de charbon de bois est une sorte d'\u00e9quipement qui utilise de la poudre de carbone comme mati\u00e8re premi\u00e8re pour fabriquer des blocs de carbone.<\/p>","protected":false},"author":1,"featured_media":1197,"parent":0,"template":"","tags":[59],"product-type":[44],"class_list":["post-1178","product","type-product","status-publish","has-post-thumbnail","hentry","tag-charcoal-briquetting-machine","product-type-charcoal-briquetting-machine"],"_links":{"self":[{"href":"https:\/\/charcoalplant.com\/fr\/wp-json\/wp\/v2\/product\/1178","targetHints":{"allow":["GET"]}}],"collection":[{"href":"https:\/\/charcoalplant.com\/fr\/wp-json\/wp\/v2\/product"}],"about":[{"href":"https:\/\/charcoalplant.com\/fr\/wp-json\/wp\/v2\/types\/product"}],"author":[{"embeddable":true,"href":"https:\/\/charcoalplant.com\/fr\/wp-json\/wp\/v2\/users\/1"}],"wp:featuredmedia":[{"embeddable":true,"href":"https:\/\/charcoalplant.com\/fr\/wp-json\/wp\/v2\/media\/1197"}],"wp:attachment":[{"href":"https:\/\/charcoalplant.com\/fr\/wp-json\/wp\/v2\/media?parent=1178"}],"wp:term":[{"taxonomy":"post_tag","embeddable":true,"href":"https:\/\/charcoalplant.com\/fr\/wp-json\/wp\/v2\/tags?post=1178"},{"taxonomy":"product-type","embeddable":true,"href":"https:\/\/charcoalplant.com\/fr\/wp-json\/wp\/v2\/product-type?post=1178"}],"curies":[{"name":"wp","href":"https:\/\/api.w.org\/{rel}","templated":true}]}}