{"id":1213,"date":"2021-12-08T09:41:52","date_gmt":"2021-12-08T09:41:52","guid":{"rendered":"https:\/\/charcoalplant.com\/?p=1213"},"modified":"2023-01-10T10:10:36","modified_gmt":"2023-01-10T02:10:36","slug":"honeycomb-coal-press-machine","status":"publish","type":"product","link":"https:\/\/charcoalplant.com\/fr\/product\/honeycomb-coal-press-machine\/","title":{"rendered":"Presse \u00e0 charbon en nid d'abeille | Machine \u00e0 briquettes de charbon"},"content":{"rendered":"<div class=\"kk-star-ratings kksr-auto kksr-align-left kksr-valign-top\"     data-payload='{&quot;align&quot;:&quot;left&quot;,&quot;id&quot;:&quot;1213&quot;,&quot;slug&quot;:&quot;default&quot;,&quot;valign&quot;:&quot;top&quot;,&quot;ignore&quot;:&quot;&quot;,&quot;reference&quot;:&quot;auto&quot;,&quot;class&quot;:&quot;&quot;,&quot;count&quot;:&quot;18&quot;,&quot;legendonly&quot;:&quot;&quot;,&quot;readonly&quot;:&quot;&quot;,&quot;score&quot;:&quot;4.8&quot;,&quot;starsonly&quot;:&quot;&quot;,&quot;best&quot;:&quot;5&quot;,&quot;gap&quot;:&quot;5&quot;,&quot;greet&quot;:&quot;Rate this product&quot;,&quot;legend&quot;:&quot;4.8\\\/5 - (18 votes)&quot;,&quot;size&quot;:&quot;24&quot;,&quot;title&quot;:&quot;Honeycomb Coal Press Machine | Coal Briquette Machine&quot;,&quot;width&quot;:&quot;136.7&quot;,&quot;_legend&quot;:&quot;{score}\\\/{best} - ({count} {votes})&quot;,&quot;font_factor&quot;:&quot;1.25&quot;}'>              <div class=\"kksr-stars\">      <div class=\"kksr-stars-inactive\">             <div class=\"kksr-star\" data-star=\"1\" style=\"padding-right: 5px\">               <div class=\"kksr-icon\" style=\"width: 24px; height: 24px;\"><\/div>         <\/div>             <div class=\"kksr-star\" data-star=\"2\" style=\"padding-right: 5px\">               <div class=\"kksr-icon\" style=\"width: 24px; height: 24px;\"><\/div>         <\/div>             <div class=\"kksr-star\" data-star=\"3\" style=\"padding-right: 5px\">               <div class=\"kksr-icon\" style=\"width: 24px; height: 24px;\"><\/div>         <\/div>             <div class=\"kksr-star\" data-star=\"4\" style=\"padding-right: 5px\">               <div class=\"kksr-icon\" style=\"width: 24px; height: 24px;\"><\/div>         <\/div>             <div class=\"kksr-star\" data-star=\"5\" style=\"padding-right: 5px\">               <div class=\"kksr-icon\" style=\"width: 24px; height: 24px;\"><\/div>         <\/div>     <\/div>      <div class=\"kksr-stars-active\" style=\"width: 136.7px;\">             <div class=\"kksr-star\" style=\"padding-right: 5px\">               <div class=\"kksr-icon\" style=\"width: 24px; height: 24px;\"><\/div>         <\/div>             <div class=\"kksr-star\" style=\"padding-right: 5px\">               <div class=\"kksr-icon\" style=\"width: 24px; height: 24px;\"><\/div>         <\/div>             <div class=\"kksr-star\" style=\"padding-right: 5px\">               <div class=\"kksr-icon\" style=\"width: 24px; height: 24px;\"><\/div>         <\/div>             <div class=\"kksr-star\" style=\"padding-right: 5px\">               <div class=\"kksr-icon\" style=\"width: 24px; height: 24px;\"><\/div>         <\/div>             <div class=\"kksr-star\" style=\"padding-right: 5px\">               <div class=\"kksr-icon\" style=\"width: 24px; height: 24px;\"><\/div>         <\/div>     <\/div> <\/div>                   <div class=\"kksr-legend\" style=\"font-size: 19.2px;\">             4,8\/5 - (18 voix)    <\/div>     <\/div>  <p class=\"translation-block\"><strong>Honeycomb coal press machine <\/strong>est l'\u00e9quipement sp\u00e9cial pour produire des briquettes cylindriques \u00e0 haute densit\u00e9 et poreuses. Cette machine \u00e0 briquettes en nid d'abeille peut \u00e9galement produire des tiges de charbon creuses et <strong><a href=\"https:\/\/charcoalplant.com\/fr\/charcoal-briquetting-machine\/charcoal-powder-briquette-machine\/\">tiges de charbon<\/a><\/strong>. Les mati\u00e8res premi\u00e8res utilis\u00e9es sont principalement du charbon pulv\u00e9ris\u00e9 et de la poudre de carbone. D'autres mat\u00e9riaux tels que <strong><a href=\"https:\/\/charcoalplant.com\/fr\/info\/can-these-briquetting-machines-make-alfalfa-molar-sticks\/\">de l'herbe d'alfafoin<\/a><\/strong> et l'herbe de timothy. De plus, la machine \u00e0 briquettes de charbon est simple \u00e0 utiliser, offre de bonnes performances et est facile \u00e0 entretenir. Par cons\u00e9quent, elle est appr\u00e9ci\u00e9e par la majorit\u00e9 des clients. Contactez-nous d\u00e8s maintenant pour commencer \u00e0 \u00e9tablir des liens d'affaires. Nous vous offrirons des prix plus favorables.<\/p>    <h2 class=\"wp-block-heading\" id=\"working-principle-of-honeycomb-coal-forming-machine\">Principe de fonctionnement de la presse \u00e0 charbon en nid d'abeille<\/h2>    <p class=\"translation-block\">La machine \u00e0 briquettes de charbon en nid d'abeille est en r\u00e9alit\u00e9 la machine \u00e0 fabriquer du charbon de type presse avec la simplicit\u00e9 d'utilisation la plus grande. Et sa capacit\u00e9 de silo est \u00e9lev\u00e9e. Ainsi, certains fabricants de charbon pour barbecue seront plus enclins \u00e0 acheter une machine \u00e0 briquettes en nid d'abeille pour <strong><a href=\"https:\/\/charcoalplant.com\/fr\/coal-briquettes-production-line\/\">la production de briquettes de charbon<\/a><\/strong>. Elle est actionn\u00e9e par un moteur \u00e9lectrique ou un moteur diesel. Ensuite, la poudre de charbon ou la poudre de charbon tombe sur la plaque du moule par le port d'alimentation et les briquettes sont construites par l'outillage.<\/p>    <figure class=\"wp-block-image aligncenter size-full\"><img loading=\"lazy\" decoding=\"async\" width=\"720\" height=\"540\" src=\"https:\/\/charcoalplant.com\/wp-content\/uploads\/2022\/01\/140-Model.jpg\" alt=\"Presse \u00e0 charbon en nid d&#039;abeille mod\u00e8le 140\" class=\"wp-image-1839\" srcset=\"https:\/\/charcoalplant.com\/wp-content\/uploads\/2022\/01\/140-Model.jpg 720w, https:\/\/charcoalplant.com\/wp-content\/uploads\/2022\/01\/140-Model-300x225.jpg 300w\" sizes=\"auto, (max-width: 720px) 100vw, 720px\" \/><figcaption class=\"wp-element-caption\">Presse \u00e0 charbon en nid d'abeille mod\u00e8le 140<\/figcaption><\/figure>    <h2 class=\"wp-block-heading\" id=\"h-structure-of-honeycomb-coal-press-machine\">Structure de la presse \u00e0 charbon en nid d'abeille<\/h2>    <p>La structure de la machine \u00e0 briquettes en nid d'abeille comprend principalement un port d'alimentation, une aiguille de poin\u00e7onnage, un grattoir, un moule et une bande transporteuse. Ci-dessous, je pr\u00e9senterai en d\u00e9tail les fonctions et les avantages de l\u2019orifice d\u2019alimentation, de l\u2019aiguille de poin\u00e7onnage et du grattoir.<\/p>    <div class=\"wp-block-columns has-background is-layout-flex wp-container-core-columns-is-layout-28f84493 wp-block-columns-is-layout-flex\" style=\"background-color:#f1f1f1\"> <div class=\"wp-block-column is-vertically-aligned-center is-layout-flow wp-block-column-is-layout-flow\" style=\"flex-basis:33.33%\"> <p class=\"translation-block\"><strong>Inlet<\/strong><\/p>    <p>La tr\u00e9mie d'alimentation de la machine \u00e0 briquettes en nid d'abeille est \u00e9quip\u00e9e d'une tige d'agitation rotative. Sa fonction est d'emp\u00eacher les mati\u00e8res premi\u00e8res en vrac de bloquer le port d'alimentation et d'assurer une alimentation uniforme.<\/p> <\/div>    <div class=\"wp-block-column is-layout-flow wp-block-column-is-layout-flow\" style=\"flex-basis:66.66%\"> <figure class=\"wp-block-gallery has-nested-images columns-default is-cropped wp-block-gallery-2 is-layout-flex wp-block-gallery-is-layout-flex\"> <figure class=\"wp-block-image size-large\"><img loading=\"lazy\" decoding=\"async\" width=\"720\" height=\"540\" data-id=\"2415\" src=\"https:\/\/charcoalplant.com\/wp-content\/uploads\/2022\/02\/inlet.jpg\" alt=\"\" class=\"wp-image-2415\"\/><\/figure> <\/figure> <\/div> <\/div>    <div class=\"wp-block-columns has-background is-layout-flex wp-container-core-columns-is-layout-28f84493 wp-block-columns-is-layout-flex\" style=\"background-color:#f1f1f1\"> <div class=\"wp-block-column is-layout-flow wp-block-column-is-layout-flow\" style=\"flex-basis:66.66%\"> <figure class=\"wp-block-gallery has-nested-images columns-default is-cropped wp-block-gallery-3 is-layout-flex wp-block-gallery-is-layout-flex\"> <figure class=\"wp-block-image size-large\"><img loading=\"lazy\" decoding=\"async\" width=\"720\" height=\"540\" data-id=\"2416\" src=\"https:\/\/charcoalplant.com\/wp-content\/uploads\/2022\/02\/punching-needle.jpg\" alt=\"\" class=\"wp-image-2416\"\/><\/figure> <\/figure> <\/div>    <div class=\"wp-block-column is-vertically-aligned-center is-layout-flow wp-block-column-is-layout-flow\" style=\"flex-basis:33.33%\"> <p class=\"translation-block\"><strong>Aiguille de formage<\/strong><\/p>    <p>La chute de la plaque du moule \u00e0 charbon pr\u00e9-presse le charbon pulv\u00e9ris\u00e9. Ensuite, une haute pression rapide est appliqu\u00e9e au charbon pulv\u00e9ris\u00e9 \u00e0 l\u2019aide d\u2019un poin\u00e7on. En fait, les briquettes form\u00e9es ont \u00e9t\u00e9 press\u00e9es deux fois. Par cons\u00e9quent, la densit\u00e9 et la duret\u00e9 du produit fini sont d\u00e9j\u00e0 optimales.<\/p> <\/div> <\/div>    <div class=\"wp-block-columns has-background is-layout-flex wp-container-core-columns-is-layout-28f84493 wp-block-columns-is-layout-flex\" style=\"background-color:#f1f1f1\"> <div class=\"wp-block-column is-vertically-aligned-center is-layout-flow wp-block-column-is-layout-flow\" style=\"flex-basis:33.33%\"> <p class=\"translation-block\"><strong>R\u00e2cle<\/strong><\/p>    <p><br>Il est utilis\u00e9 pour nettoyer la poudre de carbone dispers\u00e9e pendant le processus de production. Le culbuteur peut contr\u00f4ler automatiquement son travail sans op\u00e9ration manuelle.<\/p> <\/div>    <div class=\"wp-block-column is-layout-flow wp-block-column-is-layout-flow\" style=\"flex-basis:66.66%\"> <figure class=\"wp-block-gallery has-nested-images columns-default is-cropped wp-block-gallery-4 is-layout-flex wp-block-gallery-is-layout-flex\"> <figure class=\"wp-block-image size-large\"><img loading=\"lazy\" decoding=\"async\" width=\"720\" height=\"540\" data-id=\"2417\" src=\"https:\/\/charcoalplant.com\/wp-content\/uploads\/2022\/02\/Scraper.jpg\" alt=\"\" class=\"wp-image-2417\"\/><\/figure> <\/figure> <\/div> <\/div>    <h2 class=\"wp-block-heading\" id=\"h-video-of-coal-briquette-press-machine\">Vid\u00e9o de la machine de fabrication de briquettes en nid d'abeille<\/h2>    <figure class=\"wp-block-embed is-type-video is-provider-youtube wp-block-embed-youtube wp-embed-aspect-16-9 wp-has-aspect-ratio\"><div class=\"wp-block-embed__wrapper\"> <iframe loading=\"lazy\" title=\"Machine \u00e0 briquettes multifonctionnelle | Presse \u00e0 charbon pour pressage de cire#Fuel#Maker#CHARCOAL#Burn#Briquetage\" width=\"500\" height=\"281\" src=\"https:\/\/www.youtube.com\/embed\/fHD89N58CCw?start=4&#038;feature=oembed\" frameborder=\"0\" allow=\"accelerometer; autoplay; clipboard-write; encrypted-media; gyroscope; picture-in-picture; web-share\" referrerpolicy=\"strict-origin-when-cross-origin\" allowfullscreen><\/iframe> <\/div><\/figure>    <h2 class=\"wp-block-heading\" id=\"specification-of-coal-briquettes-machine\">Sp\u00e9cifications de la machine \u00e0 briquettes de charbon<\/h2>    <p>Voici les param\u00e8tres du moteur et du moule pour plusieurs presses \u00e0 charbon courantes. Notre usine peut fournir des services de personnalisation de moules. Vous n\u2019avez donc pas \u00e0 vous soucier des probl\u00e8mes de moisissure. De plus, la presse \u00e0 charbon en nid d'abeille est \u00e9quip\u00e9e d'un tapis roulant de 2 m\u00e8tres. Sa longueur est personnalisable selon les besoins du client.<\/p>    <figure class=\"wp-block-table is-style-stripes\"><table><tbody><tr><td><strong>Mod\u00e8le<\/strong><\/td><td><strong>Pouvoir<\/strong><\/td><td><strong>Diam\u00e8tre maximum du charbon de bois<\/strong><\/td><\/tr><tr><td><strong>SL-HC120<\/strong><\/td><td>5,5 kW<\/td><td>120mm<\/td><\/tr><tr><td><strong>SL-HC140<\/strong><\/td><td>7,5 kW<\/td><td>140mm<\/td><\/tr><tr><td><strong>SL-HC160<\/strong><\/td><td>11 kW<\/td><td>160mm<\/td><\/tr><tr><td><strong>SL-HC220<\/strong><\/td><td>11 kW<\/td><td>220mm<\/td><\/tr><\/tbody><\/table><\/figure>    <figure class=\"wp-block-image aligncenter size-full\"><img loading=\"lazy\" decoding=\"async\" width=\"720\" height=\"540\" src=\"https:\/\/charcoalplant.com\/wp-content\/uploads\/2022\/02\/coal-press-machine-store-1-1.jpg\" alt=\"magasin de machines \u00e0 presser le charbon\" class=\"wp-image-2424\"\/><figcaption class=\"wp-element-caption\">magasin de machines \u00e0 presser le charbon<\/figcaption><\/figure>    <h2 class=\"wp-block-heading\" id=\"h-mould-of-diesel-coal-briquette-machine\">Moule de machine \u00e0 briquettes de charbon diesel<\/h2>    <p>Dans des circonstances normales, la hauteur maximale des briquettes que cette presse \u00e0 poudre de charbon pulv\u00e9ris\u00e9 peut produire est de 13 cm. La hauteur commune est de 8 \u00e0 10 cm. Il est \u00e9galement possible de r\u00e9aliser diff\u00e9rentes formes de compacts en changeant le moule, les formes les plus populaires sont la forme hexagonale, la forme ronde, la forme carr\u00e9e, la forme en nid d'abeille, etc.<\/p>    <figure class=\"wp-block-gallery has-nested-images columns-3 is-cropped wp-block-gallery-5 is-layout-flex wp-block-gallery-is-layout-flex\"> <figure class=\"wp-block-image size-large\"><img loading=\"lazy\" decoding=\"async\" width=\"720\" height=\"540\" data-id=\"2419\" src=\"https:\/\/charcoalplant.com\/wp-content\/uploads\/2022\/02\/briquettes-mould.jpg\" alt=\"moule \u00e0 briquettes\" class=\"wp-image-2419\"\/><figcaption class=\"wp-element-caption\">moule \u00e0 briquettes<\/figcaption><\/figure>    <figure class=\"wp-block-image size-large\"><img loading=\"lazy\" decoding=\"async\" width=\"720\" height=\"540\" data-id=\"1342\" src=\"https:\/\/charcoalplant.com\/wp-content\/uploads\/2021\/12\/Various-types-of-briquettes-1.jpg\" alt=\"Diff\u00e9rents types de briquettes\" class=\"wp-image-1342\" srcset=\"https:\/\/charcoalplant.com\/wp-content\/uploads\/2021\/12\/Various-types-of-briquettes-1.jpg 720w, https:\/\/charcoalplant.com\/wp-content\/uploads\/2021\/12\/Various-types-of-briquettes-1-300x225.jpg 300w\" sizes=\"auto, (max-width: 720px) 100vw, 720px\" \/><figcaption class=\"wp-element-caption\">Diff\u00e9rents types de briquettes<\/figcaption><\/figure>    <figure class=\"wp-block-image size-large\"><img loading=\"lazy\" decoding=\"async\" width=\"720\" height=\"540\" data-id=\"1225\" src=\"https:\/\/charcoalplant.com\/wp-content\/uploads\/2021\/12\/\u6210\u54c12-1-1.jpg\" alt=\"briquette de charbon de diff\u00e9rentes tailles\" class=\"wp-image-1225\" srcset=\"https:\/\/charcoalplant.com\/wp-content\/uploads\/2021\/12\/\u6210\u54c12-1-1.jpg 720w, https:\/\/charcoalplant.com\/wp-content\/uploads\/2021\/12\/\u6210\u54c12-1-1-300x225.jpg 300w\" sizes=\"auto, (max-width: 720px) 100vw, 720px\" \/><figcaption class=\"wp-element-caption\">briquette de charbon de diff\u00e9rentes tailles<\/figcaption><\/figure>    <figure class=\"wp-block-image size-large\"><img loading=\"lazy\" decoding=\"async\" width=\"720\" height=\"540\" data-id=\"2418\" src=\"https:\/\/charcoalplant.com\/wp-content\/uploads\/2022\/02\/mould-1.jpg\" alt=\"moule-1\" class=\"wp-image-2418\"\/><figcaption class=\"wp-element-caption\">moule-1<\/figcaption><\/figure>    <figure class=\"wp-block-image size-large\"><img loading=\"lazy\" decoding=\"async\" width=\"720\" height=\"540\" data-id=\"1340\" src=\"https:\/\/charcoalplant.com\/wp-content\/uploads\/2021\/12\/briket-molds-1.jpg\" alt=\"moules \u00e0 briquettes\" class=\"wp-image-1340\" srcset=\"https:\/\/charcoalplant.com\/wp-content\/uploads\/2021\/12\/briket-molds-1.jpg 720w, https:\/\/charcoalplant.com\/wp-content\/uploads\/2021\/12\/briket-molds-1-300x225.jpg 300w\" sizes=\"auto, (max-width: 720px) 100vw, 720px\" \/><figcaption class=\"wp-element-caption\">moules \u00e0 briquettes<\/figcaption><\/figure>    <figure class=\"wp-block-image size-large\"><img loading=\"lazy\" decoding=\"async\" width=\"720\" height=\"540\" data-id=\"1345\" src=\"https:\/\/charcoalplant.com\/wp-content\/uploads\/2021\/12\/Hexagonal-briquette-1.jpg\" alt=\"Briquette hexagonale\" class=\"wp-image-1345\" srcset=\"https:\/\/charcoalplant.com\/wp-content\/uploads\/2021\/12\/Hexagonal-briquette-1.jpg 720w, https:\/\/charcoalplant.com\/wp-content\/uploads\/2021\/12\/Hexagonal-briquette-1-300x225.jpg 300w\" sizes=\"auto, (max-width: 720px) 100vw, 720px\" \/><figcaption class=\"wp-element-caption\">Briquette hexagonale<\/figcaption><\/figure> <\/figure>    <h2 class=\"wp-block-heading\" id=\"h-features-of-honeycomb-coal-press-machine\">Caract\u00e9ristiques de la presse \u00e0 charbon en nid d'abeille<\/h2>    <ul class=\"wp-block-list\"> <li>Structure simple et fonctionnement pratique.<\/li>    <li>Aucun accessoire, longue dur\u00e9e de vie.<\/li>    <li>Avec pr\u00e9-compression, le produit fini a une densit\u00e9 \u00e9lev\u00e9e.<\/li>    <li>Notre usine fournit un service personnalis\u00e9 pour la presse \u00e0 briquettes de charbon en nid d'abeille. Par exemple, le moule, la taille de l'orifice d'entr\u00e9e, la taille de l'orifice de sortie, etc.<\/li>    <li>Il existe deux modes d'alimentation : moteur et diesel.<\/li> <\/ul>    <figure class=\"wp-block-image aligncenter size-full\"><img loading=\"lazy\" decoding=\"async\" width=\"720\" height=\"540\" src=\"https:\/\/charcoalplant.com\/wp-content\/uploads\/2021\/12\/140-1-1.jpg\" alt=\"Machine d&#039;extrudeuse de charbon 140\" class=\"wp-image-1222\" srcset=\"https:\/\/charcoalplant.com\/wp-content\/uploads\/2021\/12\/140-1-1.jpg 720w, https:\/\/charcoalplant.com\/wp-content\/uploads\/2021\/12\/140-1-1-300x225.jpg 300w\" sizes=\"auto, (max-width: 720px) 100vw, 720px\" \/><figcaption class=\"wp-element-caption\">Machine d'extrudeuse de charbon 140<\/figcaption><\/figure>    <h2 class=\"wp-block-heading\" id=\"h-diesel-coal-briquetting-machine-for-sale\">Machine de fabrication de briquettes de charbon diesel \u00e0 vendre<\/h2>    <p class=\"translation-block\">Zhengzhou Shuliy Machinery Equipment Manufacturer est un c\u00e9l\u00e8bre fournisseur de machines \u00e0 charbon de Chine. Nous proposons des presse-briquettes \u00e9lectriques et des presse-briquettes diesel \u00e0 vendre. De plus, nous avons maintenant d\u00e9velopp\u00e9 une machine \u00e0 briquettes \u00e0 double alimentation. Elle peut produire des briquettes ou des b\u00e2tons de charbon d'une hauteur de 13 cm. Nous vendons \u00e9galement des \u00e9quipements connexes tels que <strong><a href=\"https:\/\/charcoalplant.com\/fr\/drying-machine\/charcoal-briquette-dryer\/\">machines \u00e0 s\u00e9chage par presse de poudre de carbone<\/a> <\/strong>et<strong> <a href=\"https:\/\/charcoalplant.com\/fr\/briquettes-packing-machine\/charcoal-briquettes-packing-machine\/\">machines d'emballage du charbon en nid d'abeille<\/a><\/strong>. N'h\u00e9sitez pas \u00e0 nous contacter si n\u00e9cessaire. Nous vous fournirons les derniers \u00e9quipements et param\u00e8tres techniques.<\/p>    <figure class=\"wp-block-gallery has-nested-images columns-default is-cropped wp-block-gallery-6 is-layout-flex wp-block-gallery-is-layout-flex\"> <figure class=\"wp-block-image size-full\"><img loading=\"lazy\" decoding=\"async\" width=\"400\" height=\"540\" data-id=\"2420\" src=\"https:\/\/charcoalplant.com\/wp-content\/uploads\/2022\/02\/shippment-.jpg\" alt=\"\" class=\"wp-image-2420\"\/><figcaption class=\"wp-element-caption\">Briket de charbon de 6 cm<\/figcaption><\/figure>    <figure class=\"wp-block-image size-full\"><img loading=\"lazy\" decoding=\"async\" width=\"400\" height=\"540\" data-id=\"2421\" src=\"https:\/\/charcoalplant.com\/wp-content\/uploads\/2022\/02\/Honeycomb-coal-forming-machine.jpg\" alt=\"\" class=\"wp-image-2421\"\/><figcaption class=\"wp-element-caption\">briquettes de charbon de diff\u00e9rentes tailles<\/figcaption><\/figure> <\/figure>","protected":false},"excerpt":{"rendered":"<p>La presse \u00e0 charbon en nid d'abeille\u00a0est un \u00e9quipement sp\u00e9cial pour la production de briquettes. Il est \u00e9galement privil\u00e9gi\u00e9 par de nombreux clients.<\/p>","protected":false},"author":1,"featured_media":1351,"parent":0,"template":"","tags":[59],"product-type":[44],"class_list":["post-1213","product","type-product","status-publish","has-post-thumbnail","hentry","tag-charcoal-briquetting-machine","product-type-charcoal-briquetting-machine"],"_links":{"self":[{"href":"https:\/\/charcoalplant.com\/fr\/wp-json\/wp\/v2\/product\/1213","targetHints":{"allow":["GET"]}}],"collection":[{"href":"https:\/\/charcoalplant.com\/fr\/wp-json\/wp\/v2\/product"}],"about":[{"href":"https:\/\/charcoalplant.com\/fr\/wp-json\/wp\/v2\/types\/product"}],"author":[{"embeddable":true,"href":"https:\/\/charcoalplant.com\/fr\/wp-json\/wp\/v2\/users\/1"}],"wp:featuredmedia":[{"embeddable":true,"href":"https:\/\/charcoalplant.com\/fr\/wp-json\/wp\/v2\/media\/1351"}],"wp:attachment":[{"href":"https:\/\/charcoalplant.com\/fr\/wp-json\/wp\/v2\/media?parent=1213"}],"wp:term":[{"taxonomy":"post_tag","embeddable":true,"href":"https:\/\/charcoalplant.com\/fr\/wp-json\/wp\/v2\/tags?post=1213"},{"taxonomy":"product-type","embeddable":true,"href":"https:\/\/charcoalplant.com\/fr\/wp-json\/wp\/v2\/product-type?post=1213"}],"curies":[{"name":"wp","href":"https:\/\/api.w.org\/{rel}","templated":true}]}}