{"id":1235,"date":"2021-12-10T09:02:55","date_gmt":"2021-12-10T09:02:55","guid":{"rendered":"https:\/\/charcoalplant.com\/?p=1235"},"modified":"2023-01-11T16:34:47","modified_gmt":"2023-01-11T08:34:47","slug":"charcoal-ball-press-machine","status":"publish","type":"product","link":"https:\/\/charcoalplant.com\/fr\/product\/charcoal-ball-press-machine\/","title":{"rendered":"Machine de presse \u00e0 billes de charbon de bois | Machine \u00e0 charbon de bois pour barbecue"},"content":{"rendered":"<div class=\"kk-star-ratings kksr-auto kksr-align-left kksr-valign-top\"     data-payload='{&quot;align&quot;:&quot;left&quot;,&quot;id&quot;:&quot;1235&quot;,&quot;slug&quot;:&quot;default&quot;,&quot;valign&quot;:&quot;top&quot;,&quot;ignore&quot;:&quot;&quot;,&quot;reference&quot;:&quot;auto&quot;,&quot;class&quot;:&quot;&quot;,&quot;count&quot;:&quot;12&quot;,&quot;legendonly&quot;:&quot;&quot;,&quot;readonly&quot;:&quot;&quot;,&quot;score&quot;:&quot;4.6&quot;,&quot;starsonly&quot;:&quot;&quot;,&quot;best&quot;:&quot;5&quot;,&quot;gap&quot;:&quot;5&quot;,&quot;greet&quot;:&quot;Rate this product&quot;,&quot;legend&quot;:&quot;4.6\\\/5 - (12 votes)&quot;,&quot;size&quot;:&quot;24&quot;,&quot;title&quot;:&quot;Charcoal Ball Press Machine | BBQ Charcoal Machine&quot;,&quot;width&quot;:&quot;130.9&quot;,&quot;_legend&quot;:&quot;{score}\\\/{best} - ({count} {votes})&quot;,&quot;font_factor&quot;:&quot;1.25&quot;}'>              <div class=\"kksr-stars\">      <div class=\"kksr-stars-inactive\">             <div class=\"kksr-star\" data-star=\"1\" style=\"padding-right: 5px\">               <div class=\"kksr-icon\" style=\"width: 24px; height: 24px;\"><\/div>         <\/div>             <div class=\"kksr-star\" data-star=\"2\" style=\"padding-right: 5px\">               <div class=\"kksr-icon\" style=\"width: 24px; height: 24px;\"><\/div>         <\/div>             <div class=\"kksr-star\" data-star=\"3\" style=\"padding-right: 5px\">               <div class=\"kksr-icon\" style=\"width: 24px; height: 24px;\"><\/div>         <\/div>             <div class=\"kksr-star\" data-star=\"4\" style=\"padding-right: 5px\">               <div class=\"kksr-icon\" style=\"width: 24px; height: 24px;\"><\/div>         <\/div>             <div class=\"kksr-star\" data-star=\"5\" style=\"padding-right: 5px\">               <div class=\"kksr-icon\" style=\"width: 24px; height: 24px;\"><\/div>         <\/div>     <\/div>      <div class=\"kksr-stars-active\" style=\"width: 130.9px;\">             <div class=\"kksr-star\" style=\"padding-right: 5px\">               <div class=\"kksr-icon\" style=\"width: 24px; height: 24px;\"><\/div>         <\/div>             <div class=\"kksr-star\" style=\"padding-right: 5px\">               <div class=\"kksr-icon\" style=\"width: 24px; height: 24px;\"><\/div>         <\/div>             <div class=\"kksr-star\" style=\"padding-right: 5px\">               <div class=\"kksr-icon\" style=\"width: 24px; height: 24px;\"><\/div>         <\/div>             <div class=\"kksr-star\" style=\"padding-right: 5px\">               <div class=\"kksr-icon\" style=\"width: 24px; height: 24px;\"><\/div>         <\/div>             <div class=\"kksr-star\" style=\"padding-right: 5px\">               <div class=\"kksr-icon\" style=\"width: 24px; height: 24px;\"><\/div>         <\/div>     <\/div> <\/div>                   <div class=\"kksr-legend\" style=\"font-size: 19.2px;\">             4,6\/5 - (12 voix)    <\/div>     <\/div>  <p class=\"translation-block\"><strong>La machine \u00e0 presser les boules de charbon<\/strong> est un outil de production de briques \u00e0 partir de poudre de charbon ou de poudre de charbon de biomasse. Elle peut produire des briquettes en poudre dans diverses formes, telles que coussin, pain, sph\u00e9rique, etc. Et ces produits finis sont largement utilis\u00e9s dans la m\u00e9tallurgie, les centrales \u00e9lectriques, les fours, le chauffage, la restauration et d'autres industries. Par cons\u00e9quent, son march\u00e9 est tr\u00e8s vaste. La production de Shuliy <strong><a href=\"https:\/\/charcoalplant.com\/fr\/charcoal-briquetting-machine\/charcoal-powder-briquette-machine\/\">machine \u00e0 briqueter la poudre de charbon<\/a><\/strong> est de 5 \u00e0 10 tonnes par heure. Ainsi, elle peut r\u00e9pondre \u00e0 la demande de production de <strong><a href=\"https:\/\/charcoalplant.com\/fr\/info\/bbq-coal-production-line-installed-in-romania\/\">diverses grandes usines<\/a><\/strong>. N'h\u00e9sitez pas \u00e0 consulter le prix de la machine. Et vous obtiendrez une grande r\u00e9duction.<\/p>    <figure class=\"wp-block-image aligncenter size-full\"><img loading=\"lazy\" decoding=\"async\" width=\"720\" height=\"540\" src=\"https:\/\/charcoalplant.com\/wp-content\/uploads\/2022\/02\/charcoal-briquette-forming-machine-for-sale.jpg\" alt=\"\" class=\"wp-image-2402\"\/><figcaption class=\"wp-element-caption\">machine \u00e0 charbon de bois<\/figcaption><\/figure>    <h2 class=\"wp-block-heading\" id=\"h-raw-material-of-charcoal-ball-press-machine\"><strong>Brut <\/strong><strong>M<\/strong><strong>mat\u00e9riau de <\/strong><strong>C<\/strong><strong>charbon de bois <\/strong><strong>B<\/strong><strong>tous <\/strong><strong>P.<\/strong><strong>ressus<\/strong><strong>&nbsp;Machine<\/strong><strong><\/strong><\/h2>    <p class=\"translation-block\">Les machines \u00e0 presser les boules de charbon sont largement utilis\u00e9es. Les mati\u00e8res premi\u00e8res peuvent \u00eatre de la poudre de charbon, de la poudre de fer, de la poudre de carbone, de la poudre d'aluminium, du gypse, etc. De plus, des d\u00e9chets tels que des copeaux de fer, des scories, des r\u00e9sidus, des boues et du kaolin peuvent \u00eatre utilis\u00e9s. La finesse de ces mati\u00e8res premi\u00e8res doit \u00eatre inf\u00e9rieure \u00e0 5 mm. Les mati\u00e8res premi\u00e8res des machines de formation de poudre de charbon telles que la poudre de charbon et la poudre de charbon doivent \u00eatre pr\u00e9trait\u00e9es avec un <strong><a href=\"https:\/\/charcoalplant.com\/fr\/grinder-and-mixer\/charcoal-powder-mixer\/\">liant<\/a><\/strong>. (Certaines mati\u00e8res premi\u00e8res n'ont pas besoin d'ajouter d'adh\u00e9sif, veuillez consulter pour plus de d\u00e9tails).<\/p>    <figure class=\"wp-block-image aligncenter size-full\"><img loading=\"lazy\" decoding=\"async\" width=\"2293\" height=\"414\" src=\"https:\/\/charcoalplant.com\/wp-content\/uploads\/2021\/12\/raw-materials-of-charcoal-ball-press-machine.png\" alt=\"mati\u00e8res premi\u00e8res de la presse \u00e0 billes de charbon de bois\" class=\"wp-image-2396\"\/><figcaption class=\"wp-element-caption\">mati\u00e8res premi\u00e8res de la presse \u00e0 billes de charbon de bois<\/figcaption><\/figure>    <h2 class=\"wp-block-heading\" id=\"h-sturcture-of-charcoal-ball-briquette-machine\"><strong>Structure de la machine \u00e0 briquettes de boules de charbon de bois<\/strong><\/h2>    <p>La machine de formage de briquettes de charbon de bois comprend principalement une tr\u00e9mie, un engrenage, un rouleau presseur, une bande transporteuse, un moteur, un contr\u00f4leur de vitesse et d'autres structures. Deux des engrenages entra\u00eenent deux moules \u00e0 rouleaux. Les rouleaux presseurs se rapprochant l\u2019un de l\u2019autre, les deux h\u00e9misph\u00e8res peuvent former une sph\u00e8re compl\u00e8te.<\/p>    <div class=\"wp-block-columns has-background is-layout-flex wp-container-core-columns-is-layout-28f84493 wp-block-columns-is-layout-flex\" style=\"background-color:#f1f1f1\"> <div class=\"wp-block-column is-layout-flow wp-block-column-is-layout-flow\" style=\"flex-basis:66.66%\"> <figure class=\"wp-block-gallery has-nested-images columns-default is-cropped wp-block-gallery-2 is-layout-flex wp-block-gallery-is-layout-flex\"> <figure class=\"wp-block-image size-large\"><img loading=\"lazy\" decoding=\"async\" width=\"720\" height=\"540\" data-id=\"2397\" src=\"https:\/\/charcoalplant.com\/wp-content\/uploads\/2022\/02\/inlet-of-charcoal-ball-press-machine.jpg\" alt=\"\" class=\"wp-image-2397\"\/><\/figure> <\/figure> <\/div>    <div class=\"wp-block-column is-vertically-aligned-center is-layout-flow wp-block-column-is-layout-flow\" style=\"flex-basis:33.33%\"> <p class=\"translation-block\"><strong>Inlet<\/strong><\/p>    <p>L'orifice d'alimentation de la presse \u00e0 boules de charbon de bois\u00a0est dot\u00e9 d'un dispositif d'alimentation \u00e0 vis. D'une part, il peut contr\u00f4ler la vitesse d'alimentation pour \u00e9viter l'accumulation de poudre de carbone ou de poudre de charbon. D'autre part, il est garanti que les mat\u00e9riaux humides peuvent \u00eatre achemin\u00e9s de mani\u00e8re continue et uniforme vers les rouleaux de la machine de formage.<\/p> <\/div> <\/div>    <div class=\"wp-block-columns has-background is-layout-flex wp-container-core-columns-is-layout-28f84493 wp-block-columns-is-layout-flex\" style=\"background-color:#f1f1f1\"> <div class=\"wp-block-column is-vertically-aligned-center is-layout-flow wp-block-column-is-layout-flow\" style=\"flex-basis:33.33%\"> <p class=\"translation-block\"><strong>Rouleau de pression<\/strong><\/p>    <p>Les peaux de rouleaux peuvent \u00eatre con\u00e7ues dans diff\u00e9rents styles pour produire des briquettes de charbon de bois de diff\u00e9rentes formes. Le mat\u00e9riau est rapidement transform\u00e9 en un bloc de carbone sph\u00e9rique gr\u00e2ce \u00e0 la puissante compression m\u00e9canique des rouleaux.<\/p> <\/div>    <div class=\"wp-block-column is-layout-flow wp-block-column-is-layout-flow\" style=\"flex-basis:66.66%\"> <figure class=\"wp-block-gallery has-nested-images columns-default is-cropped wp-block-gallery-3 is-layout-flex wp-block-gallery-is-layout-flex\"> <figure class=\"wp-block-image size-large\"><img loading=\"lazy\" decoding=\"async\" width=\"720\" height=\"540\" data-id=\"2398\" src=\"https:\/\/charcoalplant.com\/wp-content\/uploads\/2022\/02\/pressure-roller.jpg\" alt=\"\" class=\"wp-image-2398\"\/><\/figure> <\/figure> <\/div> <\/div>    <div class=\"wp-block-columns has-background is-layout-flex wp-container-core-columns-is-layout-28f84493 wp-block-columns-is-layout-flex\" style=\"background-color:#f1f1f1\"> <div class=\"wp-block-column is-layout-flow wp-block-column-is-layout-flow\" style=\"flex-basis:66.66%\"> <figure class=\"wp-block-gallery has-nested-images columns-default is-cropped wp-block-gallery-4 is-layout-flex wp-block-gallery-is-layout-flex\"> <figure class=\"wp-block-image size-large\"><img loading=\"lazy\" decoding=\"async\" width=\"720\" height=\"540\" data-id=\"2400\" src=\"https:\/\/charcoalplant.com\/wp-content\/uploads\/2022\/02\/outlet.jpg\" alt=\"\" class=\"wp-image-2400\"\/><\/figure> <\/figure> <\/div>    <div class=\"wp-block-column is-vertically-aligned-center is-layout-flow wp-block-column-is-layout-flow\" style=\"flex-basis:33.33%\"> <p class=\"translation-block\"><strong>Sortie<\/strong><\/p>    <p>Le produit fini tombe sur le tapis roulant et est envoy\u00e9 hors du port de d\u00e9chargement. Et il y a un \u00e9cran de fer \u00e0 la sortie de la machine \u00e0 briquettes de charbon pulv\u00e9ris\u00e9. Il peut s\u00e9parer les chutes et les produits finis. Les chutes tamis\u00e9es sont collect\u00e9es et utilis\u00e9es.<\/p> <\/div> <\/div>    <figure class=\"wp-block-gallery has-nested-images columns-default is-cropped wp-block-gallery-5 is-layout-flex wp-block-gallery-is-layout-flex\"> <figure class=\"wp-block-image size-large\"><img loading=\"lazy\" decoding=\"async\" width=\"720\" height=\"540\" data-id=\"1936\" src=\"https:\/\/charcoalplant.com\/wp-content\/uploads\/2021\/12\/Customers-production-site-2.jpg\" alt=\"Site-de-production-clients\" class=\"wp-image-1936\"\/><figcaption class=\"wp-element-caption\">Site-de-production-clients<\/figcaption><\/figure>    <figure class=\"wp-block-image size-large\"><img loading=\"lazy\" decoding=\"async\" width=\"720\" height=\"540\" data-id=\"1944\" src=\"https:\/\/charcoalplant.com\/wp-content\/uploads\/2022\/01\/finished-products-1.jpg\" alt=\"produits finis\" class=\"wp-image-1944\"\/><figcaption class=\"wp-element-caption\">produits finis<\/figcaption><\/figure> <\/figure>    <h2 class=\"wp-block-heading\" id=\"h-mineral-powder-ball-press-machine\"><strong>Machine de presse \u00e0 boulets de poudre de charbon<\/strong><\/h2>    <p>La presse \u00e0 charbon en poudre s\u00e8che est une sorte d\u2019\u00e9quipement de presse \u00e0 charbon qui peut traiter directement la poudre s\u00e8che sans ajouter d\u2019adh\u00e9sif. Ses mati\u00e8res premi\u00e8res de production comprennent la poudre de charbon, les cendres de chemin\u00e9e, les cendres blanches, la poudre de minerai de fer, la poudre de plomb, etc. Les billes de pression en m\u00e9tal sont principalement utilis\u00e9es dans l'industrie de la fusion. L'\u00e9quipement de pressage de charbon en poudre s\u00e8che comprend 3 moteurs. De plus, ils peuvent contr\u00f4ler respectivement le moteur principal, le syst\u00e8me hydraulique et le tapis roulant. En raison de la bonne couleur des boules press\u00e9es qu\u2019elle produit, il en existe de nombreux types. Les clients seront donc nombreux \u00e0 commander. Il s'agit d'un dispositif hydraulique \u00e0 haute pression avec un tr\u00e8s bon effet de formage.<\/p>    <figure class=\"wp-block-image aligncenter size-full\"><img loading=\"lazy\" decoding=\"async\" width=\"720\" height=\"540\" src=\"https:\/\/charcoalplant.com\/wp-content\/uploads\/2021\/12\/New-dry-powder-ball-press-machine-2.jpg\" alt=\"Nouvelle-presse-\u00e0-boules-de-poudre-s\u00e8che-machine\" class=\"wp-image-1940\"\/><figcaption class=\"wp-element-caption\">Nouvelle-presse-\u00e0-boules-de-poudre-s\u00e8che-machine<\/figcaption><\/figure>    <figure class=\"wp-block-gallery has-nested-images columns-default is-cropped wp-block-gallery-6 is-layout-flex wp-block-gallery-is-layout-flex\"> <figure class=\"wp-block-image size-large\"><img loading=\"lazy\" decoding=\"async\" width=\"720\" height=\"540\" data-id=\"1354\" src=\"https:\/\/charcoalplant.com\/wp-content\/uploads\/2021\/12\/dry-powder-briquette-machine-1.jpg\" alt=\"machine \u00e0 briquettes de poudre s\u00e8che\" class=\"wp-image-1354\" srcset=\"https:\/\/charcoalplant.com\/wp-content\/uploads\/2021\/12\/dry-powder-briquette-machine-1.jpg 720w, https:\/\/charcoalplant.com\/wp-content\/uploads\/2021\/12\/dry-powder-briquette-machine-1-300x225.jpg 300w\" sizes=\"auto, (max-width: 720px) 100vw, 720px\" \/><figcaption class=\"wp-element-caption\">machine \u00e0 briquettes de poudre s\u00e8che<\/figcaption><\/figure>    <figure class=\"wp-block-image size-large\"><img loading=\"lazy\" decoding=\"async\" width=\"720\" height=\"540\" data-id=\"1244\" src=\"https:\/\/charcoalplant.com\/wp-content\/uploads\/2021\/12\/Working-principle-of-ball-press-1.jpg\" alt=\"Principe de fonctionnement de la presse \u00e0 billes\" class=\"wp-image-1244\" srcset=\"https:\/\/charcoalplant.com\/wp-content\/uploads\/2021\/12\/Working-principle-of-ball-press-1.jpg 720w, https:\/\/charcoalplant.com\/wp-content\/uploads\/2021\/12\/Working-principle-of-ball-press-1-300x225.jpg 300w\" sizes=\"auto, (max-width: 720px) 100vw, 720px\" \/><figcaption class=\"wp-element-caption\">Principe de fonctionnement de la presse \u00e0 billes<\/figcaption><\/figure> <\/figure>    <h2 class=\"wp-block-heading\" id=\"h-finished-product-of-charcoal-ball-forming-machine\"><strong>Produit fini<\/strong> <strong>de<\/strong> <strong>Presse \u00e0 billes de charbon de bois<\/strong><\/h2>    <p>La forme de la machine \u00e0 briquettes de poudre de carbone est d\u00e9termin\u00e9e par son moule. Notre usine peut fournir aux clients des moules \u00e0 oreillers, sph\u00e9riques, \u00e0 pain et autres. De plus, nous personnalisons les mod\u00e8les de moules et les textes pour les clients. <\/p>    <figure class=\"wp-block-image size-full\"><img loading=\"lazy\" decoding=\"async\" width=\"800\" height=\"503\" src=\"https:\/\/charcoalplant.com\/wp-content\/uploads\/2022\/02\/mould-of-charcoal-powder-and-mineral-powder.jpg\" alt=\"\" class=\"wp-image-2401\"\/><\/figure>    <h2 class=\"wp-block-heading\" id=\"parameters-of-bbq-charcoal-ball-press-machine\"><strong>Param\u00e8tres de<\/strong> <strong>Presse \u00e0 boules de charbon de bois pour barbecue<\/strong><\/h2>    <p>Afin de r\u00e9pondre aux besoins des clients, non seulement le diam\u00e8tre et la largeur des rouleaux presseurs peuvent \u00eatre personnalis\u00e9s. Et son motif de moule et son texte peuvent \u00e9galement \u00eatre personnalis\u00e9s.<\/p>    <figure class=\"wp-block-table is-style-stripes\"><table><tbody><tr><td>Mod\u00e8le<\/td><td>Taille du rouleau (mm)<\/td><td>Vitesse de broche (r\/min)<\/td><td>Puissance (kw)<\/td><td>Capacit\u00e9 (t\/h)<\/td><td>Dimension(m)<\/td><\/tr><tr><td>SL-BP290<\/td><td>290*200<\/td><td>12-15<\/td><td>5.5-7.5<\/td><td>1-3<\/td><td>1.6*1.2*1.4<\/td><\/tr><tr><td>SL-BP360<\/td><td>360*250<\/td><td>12-15<\/td><td>7.5-11<\/td><td>3-5<\/td><td>2.1*1.3*1.76<\/td><\/tr><tr><td>SL-BP430<\/td><td>430*250<\/td><td>12-15<\/td><td>15-18.5<\/td><td>4-7<\/td><td>2.3*1.53*1.9<\/td><\/tr><tr><td>SL-BP500<\/td><td>500*300<\/td><td>12-15<\/td><td>22-30<\/td><td>5-10<\/td><td>2.6*1.75*2.1<\/td><\/tr><tr><td>SL-BP650<\/td><td>650*350<\/td><td>10-13<\/td><td>37-55<\/td><td>8-13<\/td><td>3.42*2*2.2<\/td><\/tr><tr><td>SL-BP750<\/td><td>750*380<\/td><td>10-13<\/td><td>45-75<\/td><td>12-17<\/td><td>3.7*2.55*2.6<\/td><\/tr><tr><td>SL-BP850<\/td><td>850*460<\/td><td>10-13<\/td><td>75-110<\/td><td>15-20<\/td><td>3.9*2.6*2.7<\/td><\/tr><tr><td>SL-BP1000<\/td><td>1000*530<\/td><td>10-13<\/td><td>110-132<\/td><td>20-30<\/td><td>4*2.8*2.8<\/td><\/tr><\/tbody><\/table><\/figure>    <figure class=\"wp-block-image aligncenter size-full\"><img loading=\"lazy\" decoding=\"async\" width=\"1063\" height=\"803\" src=\"https:\/\/charcoalplant.com\/wp-content\/uploads\/2022\/02\/bbq-charcoal-machine-for-sale.jpg\" alt=\"Machine \u00e0 charbon de bois pour barbecue \u00e0 vendre\" class=\"wp-image-2403\"\/><figcaption class=\"wp-element-caption\">Machine \u00e0 charbon de bois pour barbecue \u00e0 vendre<\/figcaption><\/figure>    <h2 class=\"wp-block-heading\" id=\"h-video-of-barbecue-charcoal-machine\"><strong>Vid\u00e9o de charbon de bois <strong>Barbecue<\/strong><\/strong> <strong>Machine<\/strong><\/h2>    <p>La vid\u00e9o ci-dessous vous montre le processus de production de l'usine de charbon de bois pour barbecue. Et ses \u00e9tapes de travail sont tr\u00e8s simples. Par cons\u00e9quent, vous pouvez facilement comprendre le processus de fonctionnement de la machine \u00e0 charbon de bois.<\/p>    <figure class=\"wp-block-embed is-type-video is-provider-youtube wp-block-embed-youtube wp-embed-aspect-16-9 wp-has-aspect-ratio\"><div class=\"wp-block-embed__wrapper\"> <iframe loading=\"lazy\" title=\"Machine de presse \u00e0 billes de charbon de bois\/poudre de charbon pour barbecue | Briquettage min\u00e9ral\/m\u00e9tal pour fonderie\" width=\"500\" height=\"281\" src=\"https:\/\/www.youtube.com\/embed\/VIJt2nuZkYE?feature=oembed\" frameborder=\"0\" allow=\"accelerometer; autoplay; clipboard-write; encrypted-media; gyroscope; picture-in-picture; web-share\" referrerpolicy=\"strict-origin-when-cross-origin\" allowfullscreen><\/iframe> <\/div><\/figure>    <h2 class=\"wp-block-heading\" id=\"h-roller-mineral-powder-press-for-sale\"><strong>Presse \u00e0 poudre min\u00e9rale \u00e0 rouleaux \u00e0 vendre<\/strong><\/h2>    <p class=\"translation-block\"><a href=\"https:\/\/charcoalplant.com\/fr\/\"><strong>Shuliy Machinery Equipment Co., Ltd<\/strong><\/a>, se sp\u00e9cialise dans la fabrication de tous types d'\u00e9quipements de production de machines \u00e0 charbon. Notre usine fournit aux clients divers moules de machines \u00e0 blocs de charbon. Par exemple, ovale, pain, coussin, colonne, carr\u00e9, sph\u00e9rique, etc. Notre entreprise vend des presses \u00e0 boules pour mat\u00e9riaux humides et des presses \u00e0 boules pour mat\u00e9riaux secs. De plus, nous vendons \u00e9galement des s\u00e9choirs, des m\u00e9langeurs,<strong><a href=\"https:\/\/charcoalplant.com\/fr\/hammer-mill\/\"> <\/a><a href=\"https:\/\/charcoalplant.com\/fr\/briquettes-packing-machine\/charcoal-briquettes-packing-machine\/\">machine d'emballage de charbon<\/a><\/strong>, et ainsi de suite. Contactez-nous maintenant pour obtenir la derni\u00e8re liste des machines \u00e0 presser les boules de charbon.<\/p>    <figure class=\"wp-block-gallery has-nested-images columns-default is-cropped wp-block-gallery-7 is-layout-flex wp-block-gallery-is-layout-flex\"> <figure class=\"wp-block-image size-large\"><img loading=\"lazy\" decoding=\"async\" width=\"720\" height=\"540\" data-id=\"2404\" src=\"https:\/\/charcoalplant.com\/wp-content\/uploads\/2022\/02\/charcoal-ball-press-machine-plant.jpg\" alt=\"usine de presse \u00e0 billes de charbon de bois\" class=\"wp-image-2404\"\/><figcaption class=\"wp-element-caption\">usine de presse \u00e0 billes de charbon de bois<\/figcaption><\/figure>    <figure class=\"wp-block-image size-large\"><img loading=\"lazy\" decoding=\"async\" width=\"720\" height=\"540\" data-id=\"2405\" src=\"https:\/\/charcoalplant.com\/wp-content\/uploads\/2022\/02\/shippment-2.jpg\" alt=\"exp\u00e9dition\" class=\"wp-image-2405\"\/><figcaption class=\"wp-element-caption\">exp\u00e9dition<\/figcaption><\/figure> <\/figure>    <p><\/p>","protected":false},"excerpt":{"rendered":"<p>La presse \u00e0 billes de charbon\u00a0est un outil qui utilise de la poudre de charbon, de la poudre de carbone, de la poudre de fer, de la poudre d'aluminium, etc. pour produire de la briket.<\/p>","protected":false},"author":1,"featured_media":1237,"parent":0,"template":"","tags":[59],"product-type":[44],"class_list":["post-1235","product","type-product","status-publish","has-post-thumbnail","hentry","tag-charcoal-briquetting-machine","product-type-charcoal-briquetting-machine"],"_links":{"self":[{"href":"https:\/\/charcoalplant.com\/fr\/wp-json\/wp\/v2\/product\/1235","targetHints":{"allow":["GET"]}}],"collection":[{"href":"https:\/\/charcoalplant.com\/fr\/wp-json\/wp\/v2\/product"}],"about":[{"href":"https:\/\/charcoalplant.com\/fr\/wp-json\/wp\/v2\/types\/product"}],"author":[{"embeddable":true,"href":"https:\/\/charcoalplant.com\/fr\/wp-json\/wp\/v2\/users\/1"}],"wp:featuredmedia":[{"embeddable":true,"href":"https:\/\/charcoalplant.com\/fr\/wp-json\/wp\/v2\/media\/1237"}],"wp:attachment":[{"href":"https:\/\/charcoalplant.com\/fr\/wp-json\/wp\/v2\/media?parent=1235"}],"wp:term":[{"taxonomy":"post_tag","embeddable":true,"href":"https:\/\/charcoalplant.com\/fr\/wp-json\/wp\/v2\/tags?post=1235"},{"taxonomy":"product-type","embeddable":true,"href":"https:\/\/charcoalplant.com\/fr\/wp-json\/wp\/v2\/product-type?post=1235"}],"curies":[{"name":"wp","href":"https:\/\/api.w.org\/{rel}","templated":true}]}}