{"id":1259,"date":"2021-12-13T08:32:22","date_gmt":"2021-12-13T08:32:22","guid":{"rendered":"https:\/\/charcoalplant.com\/?p=1259"},"modified":"2023-01-11T16:09:58","modified_gmt":"2023-01-11T08:09:58","slug":"best-shisha-charcoal-machine","status":"publish","type":"product","link":"https:\/\/charcoalplant.com\/fr\/product\/best-shisha-charcoal-machine\/","title":{"rendered":"Machine \u00e0 charbon de bois pour chicha | Machine \u00e0 briquettes de charbon de bois"},"content":{"rendered":"<div class=\"kk-star-ratings kksr-auto kksr-align-left kksr-valign-top\"     data-payload='{&quot;align&quot;:&quot;left&quot;,&quot;id&quot;:&quot;1259&quot;,&quot;slug&quot;:&quot;default&quot;,&quot;valign&quot;:&quot;top&quot;,&quot;ignore&quot;:&quot;&quot;,&quot;reference&quot;:&quot;auto&quot;,&quot;class&quot;:&quot;&quot;,&quot;count&quot;:&quot;21&quot;,&quot;legendonly&quot;:&quot;&quot;,&quot;readonly&quot;:&quot;&quot;,&quot;score&quot;:&quot;4.7&quot;,&quot;starsonly&quot;:&quot;&quot;,&quot;best&quot;:&quot;5&quot;,&quot;gap&quot;:&quot;5&quot;,&quot;greet&quot;:&quot;Rate this product&quot;,&quot;legend&quot;:&quot;4.7\\\/5 - (21 votes)&quot;,&quot;size&quot;:&quot;24&quot;,&quot;title&quot;:&quot;Shisha Charcoal Machine | Charcoal Briquette Machine&quot;,&quot;width&quot;:&quot;133.8&quot;,&quot;_legend&quot;:&quot;{score}\\\/{best} - ({count} {votes})&quot;,&quot;font_factor&quot;:&quot;1.25&quot;}'>              <div class=\"kksr-stars\">      <div class=\"kksr-stars-inactive\">             <div class=\"kksr-star\" data-star=\"1\" style=\"padding-right: 5px\">               <div class=\"kksr-icon\" style=\"width: 24px; height: 24px;\"><\/div>         <\/div>             <div class=\"kksr-star\" data-star=\"2\" style=\"padding-right: 5px\">               <div class=\"kksr-icon\" style=\"width: 24px; height: 24px;\"><\/div>         <\/div>             <div class=\"kksr-star\" data-star=\"3\" style=\"padding-right: 5px\">               <div class=\"kksr-icon\" style=\"width: 24px; height: 24px;\"><\/div>         <\/div>             <div class=\"kksr-star\" data-star=\"4\" style=\"padding-right: 5px\">               <div class=\"kksr-icon\" style=\"width: 24px; height: 24px;\"><\/div>         <\/div>             <div class=\"kksr-star\" data-star=\"5\" style=\"padding-right: 5px\">               <div class=\"kksr-icon\" style=\"width: 24px; height: 24px;\"><\/div>         <\/div>     <\/div>      <div class=\"kksr-stars-active\" style=\"width: 133.8px;\">             <div class=\"kksr-star\" style=\"padding-right: 5px\">               <div class=\"kksr-icon\" style=\"width: 24px; height: 24px;\"><\/div>         <\/div>             <div class=\"kksr-star\" style=\"padding-right: 5px\">               <div class=\"kksr-icon\" style=\"width: 24px; height: 24px;\"><\/div>         <\/div>             <div class=\"kksr-star\" style=\"padding-right: 5px\">               <div class=\"kksr-icon\" style=\"width: 24px; height: 24px;\"><\/div>         <\/div>             <div class=\"kksr-star\" style=\"padding-right: 5px\">               <div class=\"kksr-icon\" style=\"width: 24px; height: 24px;\"><\/div>         <\/div>             <div class=\"kksr-star\" style=\"padding-right: 5px\">               <div class=\"kksr-icon\" style=\"width: 24px; height: 24px;\"><\/div>         <\/div>     <\/div> <\/div>                   <div class=\"kksr-legend\" style=\"font-size: 19.2px;\">             4,7\/5 - (21 voix)    <\/div>     <\/div>  <p class=\"translation-block\"><strong>Machine \u00e0 charbon de shisha<\/strong> est l'\u00e9quipement sp\u00e9cial pour fabriquer du charbon de hookah rond et carr\u00e9. Par cons\u00e9quent, par rapport \u00e0 d'autres machines \u00e0 briquettes de poudre de charbon, la machine \u00e0 briquettes de charbon de shisha a une pression plus \u00e9lev\u00e9e et un meilleur effet de formation du charbon de shisha. Le charbon de hookah produit par la machine \u00e0 charbon de hookah Shuliy est dur au toucher, facile \u00e0 allumer et produit peu de cendres. Le temps de combustion de chaque charbon de hookah est de 40 \u00e0 60 minutes. <\/p>    <p class=\"translation-block\">Il existe actuellement quatre types de machines \u00e0 fabriquer du charbon \u00e0 chicha disponibles dans notre usine. Il s'agit de la machine m\u00e9canique \u00e0 charbon pour chicha, <strong><a href=\"https:\/\/charcoalplant.com\/fr\/info\/british-hookah-briquette-factory-purchased-hydraulic-shisha-coal-machines\/\">machine hydraulique \u00e0 charbon pour chicha<\/a><\/strong>, machine \u00e0 charbon pour chicha en acier inoxydable (enti\u00e8rement automatique et semi- automatique), et <strong><a href=\"https:\/\/charcoalplant.com\/fr\/charcoal-briquetting-machine\/rotary-hookah-tablet-press\/\">machine \u00e0 charbon pour chicha rotative<\/a><\/strong>. Les trois premiers sont d\u00e9crits ci-dessous. Contactez-nous d\u00e8s maintenant pour lancer votre activit\u00e9. Et, nous vous proposerons des prix avantageux.<\/p>    <h2 class=\"wp-block-heading\" id=\"raw-materials-for-making-shisha-charcoal\">Mati\u00e8res premi\u00e8res pour la fabrication du charbon de chicha<\/h2>    <p class=\"translation-block\">Bien que le charbon pour chicha soit \u00e9galement fabriqu\u00e9 \u00e0 partir de poudre de carbone, ses exigences en mati\u00e8re de mati\u00e8re premi\u00e8re sont plus \u00e9lev\u00e9es. Il utilise g\u00e9n\u00e9ralement du charbon de bambou, du charbon de bois dur, du charbon de coque de noix de coco, du charbon de coque de palmier, du charbon de coque d\u2019olive, du <strong><a href=\"https:\/\/charcoalplant.com\/fr\/info\/can-these-briquetting-machines-make-alfalfa-molar-sticks\/\">Alfalfa<\/a><\/strong>, etc. Ces charbons pr\u00e9sentent des caract\u00e9ristiques de bonne couleur et de bonne adsorption. De plus, la poudre de charbon doit \u00eatre m\u00e9lang\u00e9e avec une quantit\u00e9 appropri\u00e9e de liant \u00e0 l\u2019aide d\u2019un <strong><a href=\"https:\/\/charcoalplant.com\/fr\/product\/charcoal-powder-mixer\/\">m\u00e9langeur de poussi\u00e8re de charbon<\/a><\/strong>.<\/p>    <figure class=\"wp-block-image aligncenter size-full\"><img loading=\"lazy\" decoding=\"async\" width=\"720\" height=\"540\" src=\"https:\/\/charcoalplant.com\/wp-content\/uploads\/2022\/02\/charcoal-powder-1.jpg\" alt=\"poudre de charbon de bois\" class=\"wp-image-2459\"\/><figcaption class=\"wp-element-caption\">poudre de charbon de bois<\/figcaption><\/figure>    <h2 class=\"wp-block-heading\" id=\"type-1-mechanical-coconut-charcoal-tablet-press\"><strong>Type 1: <\/strong>Machine m\u00e9canique \u00e0 briquettes de charbon de bois pour chicha<\/h2>    <p>Ses moules et tapis roulants sont contr\u00f4l\u00e9s par des dispositifs m\u00e9caniques. Il s\u2019agit donc d\u2019une machine \u00e0 briquettes de charbon de bois avec la structure la plus simple. Et tout le processus est entra\u00een\u00e9 par le moteur. L'engrenage entra\u00eene le culbuteur pour contr\u00f4ler le levage du moule. Ensuite, les poids contr\u00f4lent indirectement le fonctionnement de la bande transporteuse. La pression de la machine m\u00e9canique de formation de charbon de chicha est de 20 t. Le nombre de charbons de chicha form\u00e9s en m\u00eame temps est de 15. (Ceci est \u00e9galement li\u00e9 aux sp\u00e9cifications de la feuille de charbon de chicha)<\/p>    <figure class=\"wp-block-image aligncenter size-full\"><img loading=\"lazy\" decoding=\"async\" width=\"720\" height=\"540\" src=\"https:\/\/charcoalplant.com\/wp-content\/uploads\/2022\/02\/Coconut-Charcoal-Tablet-Press-for-Sale.jpg\" alt=\"\" class=\"wp-image-2463\"\/><figcaption class=\"wp-element-caption\">Presse \u00e0 comprim\u00e9s de charbon de coco \u00e0 vendre<\/figcaption><\/figure>    <h3 class=\"wp-block-heading\" id=\"parameters-of-hookah-coal-maker\">Param\u00e8tres du fabricant de charbon de narguil\u00e9<\/h3>    <figure class=\"wp-block-table is-style-stripes\"><table><tbody><tr><td>Taper<\/td><td>Pouvoir<\/td><td>Capacit\u00e9<\/td><td>Dimension<\/td><td>Pression<\/td><td>Poids<\/td><\/tr><tr><td>Type m\u00e9canique<\/td><td>7,5 kW<\/td><td>300kg\/h<\/td><td>1,7*1,5*1,2m<\/td><td>25 tonnes<\/td><td>1500 kg<\/td><\/tr><\/tbody><\/table><\/figure>    <h2 class=\"wp-block-heading\" id=\"type-2-hydraulic-shisha-charcoal-machine\"><strong>Type 2:<\/strong> Machine \u00e0 charbon de bois hydraulique pour chicha<\/h2>    <p>La machine hydraulique de fabrication de charbon de narguil\u00e9 comprend trois parties\u00a0: une armoire de commande, une station hydraulique et un corps principal. Par cons\u00e9quent, il occupe une plus grande surface qu\u2019une machine \u00e0 charbon de narguil\u00e9 m\u00e9canique. Mais sa pression peut atteindre 100 t. Et sa vitesse de production peut \u00eatre ajust\u00e9e. Par cons\u00e9quent, l\u2019utilisation d\u2019une machine \u00e0 charbon de chicha hydraulique \u00e9quivaut \u00e0 2-3 machines \u00e0 charbon de chicha m\u00e9caniques.<\/p>    <figure class=\"wp-block-image aligncenter size-full\"><img loading=\"lazy\" decoding=\"async\" width=\"720\" height=\"540\" src=\"https:\/\/charcoalplant.com\/wp-content\/uploads\/2022\/01\/hydraulic-shisha-charcoal-press.jpg\" alt=\"presse \u00e0 charbon de chicha hydraulique\" class=\"wp-image-1950\"\/><figcaption class=\"wp-element-caption\">presse \u00e0 charbon de chicha hydraulique<\/figcaption><\/figure>    <h2 class=\"wp-block-heading\" id=\"structure-of-hydraulic-shisha-charcoal-making-machine\">Structure de la machine hydraulique \u00e0 charbon de chicha<\/h2>    <div class=\"wp-block-columns has-background is-layout-flex wp-container-core-columns-is-layout-28f84493 wp-block-columns-is-layout-flex\" style=\"background-color:#f1f1f1\"> <div class=\"wp-block-column is-vertically-aligned-center is-layout-flow wp-block-column-is-layout-flow\" style=\"flex-basis:33.33%\"> <p class=\"translation-block\"><strong>Table d'op\u00e9ration<\/strong><\/p>    <p>L'\u00e9quipement peut \u00eatre d\u00e9marr\u00e9 avec une seule cl\u00e9 via l'armoire de commande. De plus, il dispose de trois moteurs pour contr\u00f4ler respectivement la pompe hydraulique, le m\u00e9lange des aliments et la bande transporteuse. <\/p> <\/div>    <div class=\"wp-block-column is-layout-flow wp-block-column-is-layout-flow\" style=\"flex-basis:66.66%\"> <figure class=\"wp-block-gallery has-nested-images columns-default is-cropped wp-block-gallery-2 is-layout-flex wp-block-gallery-is-layout-flex\"> <figure class=\"wp-block-image size-large\"><img loading=\"lazy\" decoding=\"async\" width=\"720\" height=\"540\" data-id=\"2464\" src=\"https:\/\/charcoalplant.com\/wp-content\/uploads\/2022\/02\/Hookah-charcoal-tablet-press-operating-table.jpg\" alt=\"Narguil\u00e9-charbon-comprim\u00e9-presse-table d&#039;op\u00e9ration\" class=\"wp-image-2464\"\/><figcaption class=\"wp-element-caption\">Narguil\u00e9-charbon-comprim\u00e9-presse-table d'op\u00e9ration<\/figcaption><\/figure> <\/figure> <\/div> <\/div>    <div class=\"wp-block-columns has-background is-layout-flex wp-container-core-columns-is-layout-28f84493 wp-block-columns-is-layout-flex\" style=\"background-color:#f1f1f1\"> <div class=\"wp-block-column is-layout-flow wp-block-column-is-layout-flow\" style=\"flex-basis:66.66%\"> <figure class=\"wp-block-gallery has-nested-images columns-default is-cropped wp-block-gallery-3 is-layout-flex wp-block-gallery-is-layout-flex\"> <figure class=\"wp-block-image size-large\"><img loading=\"lazy\" decoding=\"async\" width=\"720\" height=\"540\" data-id=\"1270\" src=\"https:\/\/charcoalplant.com\/wp-content\/uploads\/2021\/12\/IMG_8957_\u526f\u672c-1.jpg\" alt=\"moules pour machine \u00e0 charbon de chicha\" class=\"wp-image-1270\" srcset=\"https:\/\/charcoalplant.com\/wp-content\/uploads\/2021\/12\/IMG_8957_\u526f\u672c-1.jpg 720w, https:\/\/charcoalplant.com\/wp-content\/uploads\/2021\/12\/IMG_8957_\u526f\u672c-1-300x225.jpg 300w\" sizes=\"auto, (max-width: 720px) 100vw, 720px\" \/><figcaption class=\"wp-element-caption\">moules pour machine \u00e0 charbon de chicha<\/figcaption><\/figure> <\/figure> <\/div>    <div class=\"wp-block-column is-vertically-aligned-center is-layout-flow wp-block-column-is-layout-flow\" style=\"flex-basis:33.33%\"> <p class=\"translation-block\"><strong>Moules<\/strong><\/p>    <p>Son moule comporte trois parties : sup\u00e9rieure, moyenne et inf\u00e9rieure. Parce que la taille du charbon de narguil\u00e9 est g\u00e9n\u00e9ralement de 2 \u00e0 3 cm. Par cons\u00e9quent, le moule de la machine \u00e0 fabriquer du charbon de narguil\u00e9 a la m\u00eame taille. De plus, nous proposons diff\u00e9rents types de moules et la position du moule est r\u00e9glable.<\/p> <\/div> <\/div>    <h3 class=\"wp-block-heading\">Vid\u00e9o de la machine \u00e0 briquettes de charbon de narguil\u00e9<\/h3>    <figure class=\"wp-block-embed is-type-video is-provider-youtube wp-block-embed-youtube wp-embed-aspect-16-9 wp-has-aspect-ratio\"><div class=\"wp-block-embed__wrapper\"> <iframe loading=\"lazy\" title=\"Machine \u00e0 charbon de narguil\u00e9 hydraulique de vente chaude | Pr\u00e9sentoir \u00e0 briquettes de charbon de bois rond, cubique et hexagonal\" width=\"500\" height=\"281\" src=\"https:\/\/www.youtube.com\/embed\/JOsfpi4YzME?feature=oembed\" frameborder=\"0\" allow=\"accelerometer; autoplay; clipboard-write; encrypted-media; gyroscope; picture-in-picture; web-share\" referrerpolicy=\"strict-origin-when-cross-origin\" allowfullscreen><\/iframe> <\/div><\/figure>    <h3 class=\"wp-block-heading\" id=\"parameters-of-shisha-charcoal-machine\">Param\u00e8tres de la machine \u00e0 charbon de chicha<\/h3>    <figure class=\"wp-block-table is-style-stripes\"><table><tbody><tr><td>Taper<\/td><td>Pouvoir<\/td><td>Poids<\/td><td>Pression<\/td><td>Capacit\u00e9<\/td><td>Dimension<\/td><\/tr><tr><td>Type hydraulique<\/td><td>15kw<\/td><td>2,8 tonnes<\/td><td>100t<\/td><td>rond\u00a0: 42\u00a0pi\u00e8ces\/par fois, 4 fois\/minute<br>carr\u00e9\u00a0: 44\u00a0pi\u00e8ces\/par fois, 4 fois\/minute<\/td><td>h\u00f4te\u00a0: 850**2000*2100mm<\/td><\/tr><\/tbody><\/table><\/figure>    <h2 class=\"wp-block-heading\" id=\"type-3-stainless-steel-shisha-charcoal-machine\"><strong>Tapez 3\u00a0:<\/strong> Machine \u00e0 charbon de bois pour chicha en acier inoxydable<\/h2>    <p>Le mat\u00e9riau global de la machine de fabrication de charbon de chicha est en acier inoxydable. De plus, il s\u2019agit \u00e9galement d\u2019une presse \u00e0 comprim\u00e9s de charbon de narguil\u00e9 tout-en-un. La machine de fabrication de charbon de narguil\u00e9 en acier inoxydable adopte un panneau de commande PLC. Par cons\u00e9quent, les clients peuvent facilement contr\u00f4ler la production via l\u2019ordinateur. Tels que la vitesse, la pression, la tension, etc. Et sa pression peut atteindre 100-200t. Il peut perforer 20 000 \u00e0 30 000 morceaux de charbon de narguil\u00e9 par minute.<\/p>    <figure class=\"wp-block-image aligncenter size-full\"><img loading=\"lazy\" decoding=\"async\" width=\"720\" height=\"540\" src=\"https:\/\/charcoalplant.com\/wp-content\/uploads\/2021\/12\/hookah-charcoal-press-machine-1.jpg\" alt=\"presse \u00e0 charbon de narguil\u00e9\" class=\"wp-image-1367\" srcset=\"https:\/\/charcoalplant.com\/wp-content\/uploads\/2021\/12\/hookah-charcoal-press-machine-1.jpg 720w, https:\/\/charcoalplant.com\/wp-content\/uploads\/2021\/12\/hookah-charcoal-press-machine-1-300x225.jpg 300w\" sizes=\"auto, (max-width: 720px) 100vw, 720px\" \/><figcaption class=\"wp-element-caption\">presse \u00e0 charbon de narguil\u00e9<\/figcaption><\/figure>    <h2 class=\"wp-block-heading\" id=\"h-structure-of-hookah-charcoal-making-machine\">Structure de la machine de fabrication de charbon de narguil\u00e9<\/h2>    <div class=\"wp-block-columns has-background is-layout-flex wp-container-core-columns-is-layout-28f84493 wp-block-columns-is-layout-flex\" style=\"background-color:#f1f1f1\"> <div class=\"wp-block-column is-vertically-aligned-center is-layout-flow wp-block-column-is-layout-flow\" style=\"flex-basis:33.33%\"> <p class=\"translation-block\"><strong> piston hydraulique <\/strong><\/p>    <p>La pression est r\u00e9glable. Le v\u00e9rin hydraulique se trouve au dessus de la machine. Et le reste des lignes se trouve dans la partie inf\u00e9rieure de la machine. Par cons\u00e9quent, l\u2019ensemble de la machine est tr\u00e8s peu encombrant.<\/p> <\/div>    <div class=\"wp-block-column is-layout-flow wp-block-column-is-layout-flow\" style=\"flex-basis:66.66%\"> <figure class=\"wp-block-gallery has-nested-images columns-default is-cropped wp-block-gallery-4 is-layout-flex wp-block-gallery-is-layout-flex\"> <figure class=\"wp-block-image size-large\"><img loading=\"lazy\" decoding=\"async\" width=\"720\" height=\"540\" data-id=\"1369\" src=\"https:\/\/charcoalplant.com\/wp-content\/uploads\/2021\/12\/Hydraulic-cylinder-1.jpg\" alt=\"V\u00e9rin hydraulique\" class=\"wp-image-1369\" srcset=\"https:\/\/charcoalplant.com\/wp-content\/uploads\/2021\/12\/Hydraulic-cylinder-1.jpg 720w, https:\/\/charcoalplant.com\/wp-content\/uploads\/2021\/12\/Hydraulic-cylinder-1-300x225.jpg 300w\" sizes=\"auto, (max-width: 720px) 100vw, 720px\" \/><figcaption class=\"wp-element-caption\">V\u00e9rin hydraulique<\/figcaption><\/figure> <\/figure> <\/div> <\/div>    <div class=\"wp-block-columns has-background is-layout-flex wp-container-core-columns-is-layout-28f84493 wp-block-columns-is-layout-flex\" style=\"background-color:#f1f1f1\"> <div class=\"wp-block-column is-layout-flow wp-block-column-is-layout-flow\" style=\"flex-basis:66.66%\"> <figure class=\"wp-block-gallery has-nested-images columns-default is-cropped wp-block-gallery-5 is-layout-flex wp-block-gallery-is-layout-flex\"> <figure class=\"wp-block-image size-large\"><img loading=\"lazy\" decoding=\"async\" width=\"720\" height=\"540\" data-id=\"1368\" src=\"https:\/\/charcoalplant.com\/wp-content\/uploads\/2021\/12\/brush-1.jpg\" alt=\"brosse\" class=\"wp-image-1368\" srcset=\"https:\/\/charcoalplant.com\/wp-content\/uploads\/2021\/12\/brush-1.jpg 720w, https:\/\/charcoalplant.com\/wp-content\/uploads\/2021\/12\/brush-1-300x225.jpg 300w\" sizes=\"auto, (max-width: 720px) 100vw, 720px\" \/><figcaption class=\"wp-element-caption\">brosse<\/figcaption><\/figure> <\/figure> <\/div>    <div class=\"wp-block-column is-vertically-aligned-center is-layout-flow wp-block-column-is-layout-flow\" style=\"flex-basis:33.33%\"> <p class=\"translation-block\"><strong>Brosse<\/strong><\/p>    <p>Machine automatique \u00e0 briquettes de charbon de narguil\u00e9 en acier inoxydable con\u00e7ue avec des brosses. Par cons\u00e9quent, l\u2019\u00e9quipement peut nettoyer automatiquement les r\u00e9sidus laiss\u00e9s sur le moule pour am\u00e9liorer la qualit\u00e9 de la production.<\/p> <\/div> <\/div>    <div class=\"wp-block-columns has-background is-layout-flex wp-container-core-columns-is-layout-28f84493 wp-block-columns-is-layout-flex\" style=\"background-color:#f1f1f1\"> <div class=\"wp-block-column is-vertically-aligned-center is-layout-flow wp-block-column-is-layout-flow\" style=\"flex-basis:33.33%\"> <p class=\"translation-block\"><strong>Panneau de commande PLC<\/strong><\/p>    <p>Il s'agit d'un d\u00e9marrage tout-en-un \u00e0 un seul bouton pour l'appareil. De plus, il peut d\u00e9finir le mode de production.<\/p> <\/div>    <div class=\"wp-block-column is-layout-flow wp-block-column-is-layout-flow\" style=\"flex-basis:66.66%\"> <figure class=\"wp-block-gallery has-nested-images columns-default is-cropped wp-block-gallery-6 is-layout-flex wp-block-gallery-is-layout-flex\"> <figure class=\"wp-block-image size-large\"><img loading=\"lazy\" decoding=\"async\" width=\"720\" height=\"540\" data-id=\"2466\" src=\"https:\/\/charcoalplant.com\/wp-content\/uploads\/2022\/02\/PLC-2.jpg\" alt=\"\" class=\"wp-image-2466\"\/><\/figure> <\/figure> <\/div> <\/div>    <h3 class=\"wp-block-heading\" id=\"h-parameters-of-shisha-charcoal-machine\">Param\u00e8tres de la machine \u00e0 briquettes de charbon de bois Shisha<\/h3>    <p>Pression : 80 tonnes, 100 tonnes<\/p>    <p>Tension : 380 V<\/p>    <p>Puissance: 13kw<\/p>    <p>Poids : 1000kg<\/p>    <p class=\"translation-block\">Dimensions : 2500mm<em>750mm<\/em>2300mm<\/p>    <p>Capacit\u00e9:<\/p>    <figure class=\"wp-block-table is-style-stripes\"><table><tbody><tr><td>Taille des moules<\/td><td>Nombre de\u00a0coups de poing\u00a0une fois<\/td><td>Nombre de coups par minute<\/td><\/tr><tr><td>Cube de 2 cm * 2 cm * 2 cm<\/td><td>90<\/td><td>3<\/td><\/tr><tr><td>Cube de 2,5 cm * 2,5 cm * 2,5 cm<\/td><td>80<\/td><td>3<\/td><\/tr><tr><td>Diam\u00e8tre 3\u00a0cm\u00a0rond<\/td><td>72<\/td><td>3<\/td><\/tr><tr><td>Diam\u00e8tre 3,3\u00a0cm\u00a0rond<\/td><td>56<\/td><td>3<\/td><\/tr><tr><td>Diam\u00e8tre 4cm rond<\/td><td>42<\/td><td>3<\/td><\/tr><\/tbody><\/table><\/figure>    <h2 class=\"wp-block-heading\" id=\"h-application-of-hubbly-charcoal\">Application du charbon Hubbly<strong> <\/strong><\/h2>    <p class=\"translation-block\">Les machines \u00e0 briqueter le charbon de chicha se retrouvent souvent dans <strong><a href=\"https:\/\/charcoalplant.com\/fr\/shisha-charcoal-production-line\/\">lignes de production de charbon \u00e0 chicha<\/a><\/strong>. En fait, le charbon \u00e0 chicha est un produit populaire en Arabie et au Moyen-Orient. Mais maintenant, de nombreux jeunes aiment aussi beaucoup fumer le narguil\u00e9. Par cons\u00e9quent, nous pouvons voir sur le march\u00e9 divers <strong><a href=\"https:\/\/charcoalplant.com\/fr\/briquettes-packing-machine\/charcoal-briquettes-packing-machine\/\">produits de charbon pour chicha<\/a><\/strong>.<\/p>    <figure class=\"wp-block-gallery has-nested-images columns-default is-cropped wp-block-gallery-7 is-layout-flex wp-block-gallery-is-layout-flex\"> <figure class=\"wp-block-image size-large\"><img loading=\"lazy\" decoding=\"async\" width=\"720\" height=\"540\" data-id=\"2468\" src=\"https:\/\/charcoalplant.com\/wp-content\/uploads\/2022\/02\/hookah-charcoal.jpg\" alt=\"charbon de narguil\u00e9\" class=\"wp-image-2468\"\/><figcaption class=\"wp-element-caption\">charbon de narguil\u00e9<\/figcaption><\/figure>    <figure class=\"wp-block-image size-large\"><img loading=\"lazy\" decoding=\"async\" width=\"720\" height=\"540\" data-id=\"2469\" src=\"https:\/\/charcoalplant.com\/wp-content\/uploads\/2022\/02\/shisha-charcoal-show.jpg\" alt=\"spectacle-de-charbon-de-chicha\" class=\"wp-image-2469\"\/><figcaption class=\"wp-element-caption\">spectacle-de-charbon-de-chicha<\/figcaption><\/figure> <\/figure>    <figure class=\"wp-block-gallery has-nested-images columns-default is-cropped wp-block-gallery-8 is-layout-flex wp-block-gallery-is-layout-flex\"> <figure class=\"wp-block-image size-large\"><img loading=\"lazy\" decoding=\"async\" width=\"720\" height=\"540\" data-id=\"1361\" src=\"https:\/\/charcoalplant.com\/wp-content\/uploads\/2021\/12\/Ashless-Hookah-Charcoal-1.jpg\" alt=\"Charbon de narguil\u00e9 sans cendre\" class=\"wp-image-1361\" srcset=\"https:\/\/charcoalplant.com\/wp-content\/uploads\/2021\/12\/Ashless-Hookah-Charcoal-1.jpg 720w, https:\/\/charcoalplant.com\/wp-content\/uploads\/2021\/12\/Ashless-Hookah-Charcoal-1-300x225.jpg 300w\" sizes=\"auto, (max-width: 720px) 100vw, 720px\" \/><figcaption class=\"wp-element-caption\">Charbon de narguil\u00e9 sans cendre<\/figcaption><\/figure>    <figure class=\"wp-block-image size-large\"><img loading=\"lazy\" decoding=\"async\" width=\"720\" height=\"540\" data-id=\"1362\" src=\"https:\/\/charcoalplant.com\/wp-content\/uploads\/2021\/12\/Burn-fast-1.jpg\" alt=\"Br\u00fble vite\" class=\"wp-image-1362\" srcset=\"https:\/\/charcoalplant.com\/wp-content\/uploads\/2021\/12\/Burn-fast-1.jpg 720w, https:\/\/charcoalplant.com\/wp-content\/uploads\/2021\/12\/Burn-fast-1-300x225.jpg 300w\" sizes=\"auto, (max-width: 720px) 100vw, 720px\" \/><figcaption class=\"wp-element-caption\">Br\u00fble vite<\/figcaption><\/figure> <\/figure>","protected":false},"excerpt":{"rendered":"<p>La meilleure machine \u00e0 charbon de chicha doit avoir les caract\u00e9ristiques d'une haute pression, d'une longue dur\u00e9e de vie et d'une valeur d'application \u00e9lev\u00e9e.<\/p>","protected":false},"author":1,"featured_media":1356,"parent":0,"template":"","tags":[59],"product-type":[44],"class_list":["post-1259","product","type-product","status-publish","has-post-thumbnail","hentry","tag-charcoal-briquetting-machine","product-type-charcoal-briquetting-machine"],"_links":{"self":[{"href":"https:\/\/charcoalplant.com\/fr\/wp-json\/wp\/v2\/product\/1259","targetHints":{"allow":["GET"]}}],"collection":[{"href":"https:\/\/charcoalplant.com\/fr\/wp-json\/wp\/v2\/product"}],"about":[{"href":"https:\/\/charcoalplant.com\/fr\/wp-json\/wp\/v2\/types\/product"}],"author":[{"embeddable":true,"href":"https:\/\/charcoalplant.com\/fr\/wp-json\/wp\/v2\/users\/1"}],"wp:featuredmedia":[{"embeddable":true,"href":"https:\/\/charcoalplant.com\/fr\/wp-json\/wp\/v2\/media\/1356"}],"wp:attachment":[{"href":"https:\/\/charcoalplant.com\/fr\/wp-json\/wp\/v2\/media?parent=1259"}],"wp:term":[{"taxonomy":"post_tag","embeddable":true,"href":"https:\/\/charcoalplant.com\/fr\/wp-json\/wp\/v2\/tags?post=1259"},{"taxonomy":"product-type","embeddable":true,"href":"https:\/\/charcoalplant.com\/fr\/wp-json\/wp\/v2\/product-type?post=1259"}],"curies":[{"name":"wp","href":"https:\/\/api.w.org\/{rel}","templated":true}]}}