{"id":1372,"date":"2021-12-16T07:13:52","date_gmt":"2021-12-16T07:13:52","guid":{"rendered":"https:\/\/charcoalplant.com\/?p=1372"},"modified":"2023-01-07T15:03:10","modified_gmt":"2023-01-07T07:03:10","slug":"shisha-charcoal-production-line","status":"publish","type":"product","link":"https:\/\/charcoalplant.com\/fr\/shisha-charcoal-production-line\/","title":{"rendered":"Ligne de production de charbon de chicha"},"content":{"rendered":"<div class=\"kk-star-ratings kksr-auto kksr-align-left kksr-valign-top\"     data-payload='{&quot;align&quot;:&quot;left&quot;,&quot;id&quot;:&quot;1372&quot;,&quot;slug&quot;:&quot;default&quot;,&quot;valign&quot;:&quot;top&quot;,&quot;ignore&quot;:&quot;&quot;,&quot;reference&quot;:&quot;auto&quot;,&quot;class&quot;:&quot;&quot;,&quot;count&quot;:&quot;28&quot;,&quot;legendonly&quot;:&quot;&quot;,&quot;readonly&quot;:&quot;&quot;,&quot;score&quot;:&quot;4.7&quot;,&quot;starsonly&quot;:&quot;&quot;,&quot;best&quot;:&quot;5&quot;,&quot;gap&quot;:&quot;5&quot;,&quot;greet&quot;:&quot;Rate this product&quot;,&quot;legend&quot;:&quot;4.7\\\/5 - (28 votes)&quot;,&quot;size&quot;:&quot;24&quot;,&quot;title&quot;:&quot;Shisha Charcoal Production Line&quot;,&quot;width&quot;:&quot;133.8&quot;,&quot;_legend&quot;:&quot;{score}\\\/{best} - ({count} {votes})&quot;,&quot;font_factor&quot;:&quot;1.25&quot;}'>              <div class=\"kksr-stars\">      <div class=\"kksr-stars-inactive\">             <div class=\"kksr-star\" data-star=\"1\" style=\"padding-right: 5px\">               <div class=\"kksr-icon\" style=\"width: 24px; height: 24px;\"><\/div>         <\/div>             <div class=\"kksr-star\" data-star=\"2\" style=\"padding-right: 5px\">               <div class=\"kksr-icon\" style=\"width: 24px; height: 24px;\"><\/div>         <\/div>             <div class=\"kksr-star\" data-star=\"3\" style=\"padding-right: 5px\">               <div class=\"kksr-icon\" style=\"width: 24px; height: 24px;\"><\/div>         <\/div>             <div class=\"kksr-star\" data-star=\"4\" style=\"padding-right: 5px\">               <div class=\"kksr-icon\" style=\"width: 24px; height: 24px;\"><\/div>         <\/div>             <div class=\"kksr-star\" data-star=\"5\" style=\"padding-right: 5px\">               <div class=\"kksr-icon\" style=\"width: 24px; height: 24px;\"><\/div>         <\/div>     <\/div>      <div class=\"kksr-stars-active\" style=\"width: 133.8px;\">             <div class=\"kksr-star\" style=\"padding-right: 5px\">               <div class=\"kksr-icon\" style=\"width: 24px; height: 24px;\"><\/div>         <\/div>             <div class=\"kksr-star\" style=\"padding-right: 5px\">               <div class=\"kksr-icon\" style=\"width: 24px; height: 24px;\"><\/div>         <\/div>             <div class=\"kksr-star\" style=\"padding-right: 5px\">               <div class=\"kksr-icon\" style=\"width: 24px; height: 24px;\"><\/div>         <\/div>             <div class=\"kksr-star\" style=\"padding-right: 5px\">               <div class=\"kksr-icon\" style=\"width: 24px; height: 24px;\"><\/div>         <\/div>             <div class=\"kksr-star\" style=\"padding-right: 5px\">               <div class=\"kksr-icon\" style=\"width: 24px; height: 24px;\"><\/div>         <\/div>     <\/div> <\/div>                   <div class=\"kksr-legend\" style=\"font-size: 19.2px;\">             4,7\/5 - (28 votes)    <\/div>     <\/div>  <p class=\"translation-block\">La <strong>ligne de production de charbon de chicha<\/strong> est un syst\u00e8me de production de briquettes de charbon avec une large gamme de mati\u00e8res premi\u00e8res. Par exemple, charbon de bois, charbon de fruits, charbon de balle de riz, charbon de coque de noix de coco, charbon de bambou, poudre de charbon, etc. Le processus de production g\u00e9n\u00e9ral du charbon de chicha comprend principalement la carbonisation, le broyage, le m\u00e9lange, le pressage en tablettes, le s\u00e9chage et l'emballage. Le produit final de charbon de chicha doit avoir les caract\u00e9ristiques de duret\u00e9 \u00e9lev\u00e9e, de faible teneur en cendres et de longue dur\u00e9e de combustion. La ligne de production de briquettes de charbon de chicha est une entreprise prometteuse pour de nombreux clients engag\u00e9s dans la production de charbon. Par cons\u00e9quent, c'est un projet \u00e0 taux de rendement \u00e9lev\u00e9. Bienvenue \u00e0 vous renseigner, et nous vous accorderons une r\u00e9duction.<\/p>    <figure class=\"wp-block-image aligncenter size-full\"><img loading=\"lazy\" decoding=\"async\" width=\"720\" height=\"540\" src=\"https:\/\/charcoalplant.com\/wp-content\/uploads\/2021\/12\/shisha-charcoal-production-line-for-sale-1.jpg\" alt=\"ligne de production de charbon de chicha \u00e0 vendre\" class=\"wp-image-1386\" srcset=\"https:\/\/charcoalplant.com\/wp-content\/uploads\/2021\/12\/shisha-charcoal-production-line-for-sale-1.jpg 720w, https:\/\/charcoalplant.com\/wp-content\/uploads\/2021\/12\/shisha-charcoal-production-line-for-sale-1-300x225.jpg 300w\" sizes=\"auto, (max-width: 720px) 100vw, 720px\" \/><figcaption class=\"wp-element-caption\">ligne de production de charbon de chicha \u00e0 vendre<\/figcaption><\/figure>    <h2 class=\"wp-block-heading\"><strong>Mati\u00e8res premi\u00e8res pour la ligne de production de charbon de narguil\u00e9<\/strong><\/h2>    <p>Toutes sortes de charbon de bois peuvent \u00eatre utilis\u00e9es comme mati\u00e8re premi\u00e8re pour le charbon de narguil\u00e9. Cependant, les clients en g\u00e9n\u00e9ral choisissent les mati\u00e8res premi\u00e8res suivantes pour fabriquer du charbon de narguil\u00e9 de haute qualit\u00e9. Par exemple, le charbon de bois de noix de coco, le charbon de bois de balle de riz, le charbon de bois de palme, le charbon de bois dur, le charbon de fruit, le charbon de bambou, etc. Ce charbon de bois pr\u00e9sente les caract\u00e9ristiques d'une teneur \u00e9lev\u00e9e en carbone, d'une bonne couleur et de peu d'impuret\u00e9s. Par cons\u00e9quent, les briquettes de charbon de chicha fabriqu\u00e9es \u00e0 partir de ceux-ci sont \u00e9galement tr\u00e8s populaires sur le march\u00e9.<\/p>    <figure class=\"wp-block-image aligncenter size-full is-resized\"><img loading=\"lazy\" decoding=\"async\" src=\"https:\/\/charcoalplant.com\/wp-content\/uploads\/2022\/03\/raw-materials-of-shisha-charcoal-production-line-.jpg\" alt=\"mati\u00e8res-premi\u00e8res-de-ligne-de-production-de-charbon-de-chicha\" class=\"wp-image-2737\" width=\"652\" height=\"489\"\/><figcaption class=\"wp-element-caption\">mati\u00e8res-premi\u00e8res-de-ligne-de-production-de-charbon-de-chicha<\/figcaption><\/figure>    <h2 class=\"wp-block-heading\" id=\"h-shisha-charcoal-production-line-process\"><strong>Processus de la cha\u00eene de production de charbon de chicha<\/strong><\/h2>    <p class=\"translation-block\">Un processus de production complet de la ligne de production de charbon de chicha comprend les \u00e9tapes suivantes : <strong>carbonisation \u2192 broyage \u2192 m\u00e9lange \u2192 pressage en tablettes \u2192 s\u00e9chage \u2192 emballage<\/strong>. <\/p>    <p class=\"translation-block\">G\u00e9n\u00e9ralement, le processus de production du charbon de chicha implique un <a href=\"https:\/\/charcoalplant.com\/fr\/rotary-carbonization-furnace\/\"><strong>four de carbonisation<\/strong><\/a>, un broyeur \u00e0 marteaux, un m\u00e9langeur de charbon, une presse \u00e0 tablettes de charbon de chicha, un s\u00e9choir, une <a href=\"https:\/\/charcoalplant.com\/fr\/product\/briquettes-packing-machine\/\">machine d'emballage<\/a> et d'autres \u00e9quipements.<\/p>    <h2 class=\"wp-block-heading\" id=\"h-shisha-charcoal-related-equipment\"><strong>Partie principale de<\/strong> <strong>ligne de fabrication de charbon de chicha<\/strong> <\/h2>    <p>Une ligne de production de charbon de chicha est une s\u00e9rie de machines et d'\u00e9quipements utilis\u00e9s pour fabriquer du charbon de chicha, \u00e9galement connu sous le nom de charbon de narguil\u00e9 ou charbon de narguil\u00e9. Le charbon de chicha est un type de charbon de bois sp\u00e9cialement con\u00e7u pour \u00eatre utilis\u00e9 dans les pipes \u00e0 chicha, qui sont des conduites d'eau utilis\u00e9es pour fumer du tabac aromatis\u00e9. Voici les principales pi\u00e8ces de la ligne de fabrication de charbon de chicha. <\/p>    <div class=\"wp-block-media-text is-stacked-on-mobile is-vertically-aligned-center has-background\" style=\"background-color:#f1f1f1;grid-template-columns:48% auto\"><figure class=\"wp-block-media-text__media\"><img loading=\"lazy\" decoding=\"async\" width=\"720\" height=\"540\" src=\"https:\/\/charcoalplant.com\/wp-content\/uploads\/2022\/02\/new-charcoal-machine-factory.jpg\" alt=\"nouvelle usine de machines \u00e0 charbon de bois\" class=\"wp-image-2306 size-full\"\/><\/figure><div class=\"wp-block-media-text__content\"> <h3 class=\"wp-block-heading\" id=\"block-2c7ba278-a6f5-4a83-aca8-8584a0673829\"><strong>Four de carbonisation continue (carbonisation)<\/strong><\/h3>    <p id=\"block-6ef1ff9c-a213-47d7-bdd4-b264e16dcff5\" class=\"translation-block\">Il a une large gamme de mati\u00e8res premi\u00e8res. C'est g\u00e9n\u00e9ralement un mat\u00e9riau petit et l\u00e9ger. Par exemple, sciure de bois, balle de riz, copeaux de bois, etc. Par cons\u00e9quent, les granul\u00e9s de bois peuvent \u00eatre directement carbonis\u00e9s. Parce que le charbon de chicha a des exigences \u00e9lev\u00e9es en mati\u00e8re de finesse des mati\u00e8res premi\u00e8res. Par cons\u00e9quent, nous vous recommandons d'utiliser un <a href=\"https:\/\/charcoalplant.com\/fr\/product\/charcoal-raymond-mill\/\"><strong>broyeur Raymond<\/strong><\/a>. Il peut broyer la poudre de carbone jusqu'\u00e0 80 mesh.<\/p> <\/div><\/div>    <p><\/p>    <div class=\"wp-block-media-text is-stacked-on-mobile has-background\" style=\"background-color:#f1f1f1;grid-template-columns:48% auto\"><figure class=\"wp-block-media-text__media\"><img loading=\"lazy\" decoding=\"async\" width=\"720\" height=\"540\" src=\"https:\/\/charcoalplant.com\/wp-content\/uploads\/2021\/11\/industrail-hammer-mill-2-1.jpg\" alt=\"Broyeur \u00e0 marteaux\" class=\"wp-image-919 size-full\" srcset=\"https:\/\/charcoalplant.com\/wp-content\/uploads\/2021\/11\/industrail-hammer-mill-2-1.jpg 720w, https:\/\/charcoalplant.com\/wp-content\/uploads\/2021\/11\/industrail-hammer-mill-2-1-300x225.jpg 300w\" sizes=\"auto, (max-width: 720px) 100vw, 720px\" \/><\/figure><div class=\"wp-block-media-text__content\"> <h3 class=\"wp-block-heading\" id=\"block-d292d0f5-cd4e-460c-a827-1f42d17438d1\"><strong><a href=\"https:\/\/charcoalplant.com\/fr\/hammer-mill\/\">Broyeur \u00e0 marteaux (concassage)<\/a><\/strong><\/h3>    <p id=\"block-248dfed8-ba5f-451a-aefc-b794e1a41cf5\">Si votre mati\u00e8re premi\u00e8re est du bois fruitier, du bois dur, etc., vous devez utiliser un four de carbonisation vertical pour la carbonisation. Utilisez ensuite un broyeur \u00e0 charbon pour \u00e9craser le charbon de bois en poudre de charbon de bois fine de 1\u00a0mm.<\/p> <\/div><\/div>    <p><\/p>    <div class=\"wp-block-media-text is-stacked-on-mobile has-background\" style=\"background-color:#f1f1f1;grid-template-columns:48% auto\"><figure class=\"wp-block-media-text__media\"><img loading=\"lazy\" decoding=\"async\" width=\"720\" height=\"540\" src=\"https:\/\/charcoalplant.com\/wp-content\/uploads\/2021\/12\/charcoal-powder-mixer-plant-2.jpg\" alt=\"usine de m\u00e9lange de poudre de charbon de bois\" class=\"wp-image-1534 size-full\" srcset=\"https:\/\/charcoalplant.com\/wp-content\/uploads\/2021\/12\/charcoal-powder-mixer-plant-2.jpg 720w, https:\/\/charcoalplant.com\/wp-content\/uploads\/2021\/12\/charcoal-powder-mixer-plant-2-300x225.jpg 300w\" sizes=\"auto, (max-width: 720px) 100vw, 720px\" \/><\/figure><div class=\"wp-block-media-text__content\"> <h3 class=\"wp-block-heading\" id=\"block-c92140a9-62a6-4cf3-8824-1532a0770896\"><strong>M\u00e9langeur de broyeur \u00e0 charbon\u00a0(m\u00e9lange)<\/strong><\/h3>    <p id=\"block-46af9a7d-8508-4f71-b7f5-05e660d85bc9\">Sa fonction est de m\u00e9langer int\u00e9gralement la poudre de charbon et le liant. Le mat\u00e9riau peut \u00eatre \u00e9vacu\u00e9 par le bas, ce qui est tr\u00e8s pratique. Vous pouvez \u00e9galement l'utiliser avec une cuve de m\u00e9lange\u00a0pour pr\u00e9parer le rapport d'adh\u00e9sif \u00e0 l'avance.<\/p> <\/div><\/div>    <p><\/p>    <div class=\"wp-block-media-text is-stacked-on-mobile has-background\" style=\"background-color:#f1f1f1;grid-template-columns:48% auto\"><figure class=\"wp-block-media-text__media\"><img loading=\"lazy\" decoding=\"async\" width=\"720\" height=\"540\" src=\"https:\/\/charcoalplant.com\/wp-content\/uploads\/2021\/12\/best-shisha-charcoal-machine-supplier-1.jpg\" alt=\"meilleur fournisseur de machine \u00e0 charbon de chicha\" class=\"wp-image-1356 size-full\" srcset=\"https:\/\/charcoalplant.com\/wp-content\/uploads\/2021\/12\/best-shisha-charcoal-machine-supplier-1.jpg 720w, https:\/\/charcoalplant.com\/wp-content\/uploads\/2021\/12\/best-shisha-charcoal-machine-supplier-1-300x225.jpg 300w\" sizes=\"auto, (max-width: 720px) 100vw, 720px\" \/><\/figure><div class=\"wp-block-media-text__content\"> <h3 class=\"wp-block-heading\" id=\"block-7ccae6f1-09f7-4c54-9576-31aa2cd1a410\"><strong>Presse \u00e0 comprim\u00e9s de charbon de chicha (comprim\u00e9)<\/strong><\/h3>    <p id=\"block-8f4b98f8-4c55-42cf-a94c-1811b4f5a15a\">Nous avons le choix entre trois types de machines \u00e0 comprim\u00e9s de charbon de chicha. Il s'agit d'une presse m\u00e9canique \u00e0 comprim\u00e9s de charbon de narguil\u00e9, d'une presse hydraulique \u00e0 comprim\u00e9s de charbon de narguil\u00e9 et d'une machine \u00e0 comprim\u00e9s de charbon de narguil\u00e9 en acier inoxydable. Vous pouvez\u00a0les\u00a0s\u00e9lectionner\u00a0en fonction de la taille de votre sortie.<\/p> <\/div><\/div>    <p><\/p>    <div class=\"wp-block-media-text is-stacked-on-mobile has-background\" style=\"background-color:#f1f1f1\"><figure class=\"wp-block-media-text__media\"><img loading=\"lazy\" decoding=\"async\" width=\"720\" height=\"540\" src=\"https:\/\/charcoalplant.com\/wp-content\/uploads\/2021\/12\/shaisha-charcoal-drying-room-1.jpg\" alt=\"salle de s\u00e9chage de charbon de bois shaisha\" class=\"wp-image-1492 size-full\" srcset=\"https:\/\/charcoalplant.com\/wp-content\/uploads\/2021\/12\/shaisha-charcoal-drying-room-1.jpg 720w, https:\/\/charcoalplant.com\/wp-content\/uploads\/2021\/12\/shaisha-charcoal-drying-room-1-300x225.jpg 300w\" sizes=\"auto, (max-width: 720px) 100vw, 720px\" \/><\/figure><div class=\"wp-block-media-text__content\"> <h3 class=\"wp-block-heading\" id=\"block-ddcdd883-b2de-428f-834b-2ecafea7ab3e\"><strong><a href=\"https:\/\/charcoalplant.com\/fr\/drying-machine\/charcoal-briquette-dryer\/\">Salle de s\u00e9chage (s\u00e9chage)<\/a><\/strong><\/h3>    <p id=\"block-004ea219-d813-4bb7-98e8-26221c9011cb\" class=\"translation-block\">La teneur en eau du charbon de chicha fra\u00eechement fabriqu\u00e9 est trop \u00e9lev\u00e9e pour r\u00e9pondre aux normes d'utilisation. Par cons\u00e9quent, il est n\u00e9cessaire de le s\u00e9cher. Voici la <strong><a href=\"https:\/\/charcoalplant.com\/fr\/info\/what-dryer-should-i-use-for-hookah-charcoal\/\">salle de s\u00e9chage<\/a><\/strong>. C'est un \u00e9quipement de s\u00e9chage simple et pratique. Nous avons \u00e9galement des s\u00e9choirs \u00e0 bande grillag\u00e9e \u00e0 choisir.<\/p> <\/div><\/div>    <p><\/p>    <h2 class=\"wp-block-heading\"><strong>Machine d'emballage de briquettes de narguil\u00e9 <\/strong><\/h2>    <p class=\"translation-block\">Pour le charbon de chicha rond, nous vous recommandons de choisir une<strong><a href=\"https:\/\/charcoalplant.com\/fr\/briquettes-packing-machine\/charcoal-briquettes-packing-machine\/\"> machine d'emballage coussin<\/a><\/strong>. Elle comprend une zone de convoyage et une zone de manipulation des mat\u00e9riaux. Si vous avez suffisamment de main-d'\u0153uvre, vous pouvez \u00e9galement choisir uniquement la machine d'emballage. Pour les sacs d'emballage, nous pouvons fournir des fabricants de conception pour la conception de motifs, de textes et d'autres informations. Pour le charbon de chicha carr\u00e9, nous vous recommandons d'utiliser une machine d'emballage quantitative.<\/p>    <figure class=\"wp-block-gallery has-nested-images columns-default is-cropped wp-block-gallery-2 is-layout-flex wp-block-gallery-is-layout-flex\"> <figure class=\"wp-block-image size-large\"><a href=\"https:\/\/tianhuipackingmachine.com\/shisha-charcoal-packing-machine\/\" target=\"_blank\" rel=\"noopener\"><img loading=\"lazy\" decoding=\"async\" width=\"720\" height=\"540\" data-id=\"1398\" src=\"https:\/\/charcoalplant.com\/wp-content\/uploads\/2021\/12\/shisha-briket-packing-machine-1.jpg\" alt=\"machine-\u00e0-emballer-chicha-briket\" class=\"wp-image-1398\" srcset=\"https:\/\/charcoalplant.com\/wp-content\/uploads\/2021\/12\/shisha-briket-packing-machine-1.jpg 720w, https:\/\/charcoalplant.com\/wp-content\/uploads\/2021\/12\/shisha-briket-packing-machine-1-300x225.jpg 300w\" sizes=\"auto, (max-width: 720px) 100vw, 720px\" \/><\/a><figcaption class=\"wp-element-caption\">machine-\u00e0-emballer-chicha-briket<\/figcaption><\/figure>    <figure class=\"wp-block-image size-large\"><img loading=\"lazy\" decoding=\"async\" width=\"720\" height=\"540\" data-id=\"1431\" src=\"https:\/\/charcoalplant.com\/wp-content\/uploads\/2021\/12\/shisha-charcoal-production-line-1-1.jpg\" alt=\"ligne de production de charbon de chicha\" class=\"wp-image-1431\" srcset=\"https:\/\/charcoalplant.com\/wp-content\/uploads\/2021\/12\/shisha-charcoal-production-line-1-1.jpg 720w, https:\/\/charcoalplant.com\/wp-content\/uploads\/2021\/12\/shisha-charcoal-production-line-1-1-300x225.jpg 300w\" sizes=\"auto, (max-width: 720px) 100vw, 720px\" \/><figcaption class=\"wp-element-caption\">ligne de production de charbon de chicha<\/figcaption><\/figure> <\/figure>    <h2 class=\"wp-block-heading\" id=\"h-hookah-charcoal-project-line-hopper\"><strong>Tr\u00e9mie de ligne de projet de charbon de narguil\u00e9<\/strong><\/h2>    <p>La ligne de production de charbon de chicha est g\u00e9n\u00e9ralement \u00e9quip\u00e9e de diverses tr\u00e9mies fonctionnelles, principalement utilis\u00e9es pour le stockage des mat\u00e9riaux.<\/p>    <p class=\"translation-block\"><strong>Bacs de stockage de poudre de charbon<\/strong><\/p>    <p>Il est g\u00e9n\u00e9ralement plac\u00e9 devant le m\u00e9langeur de poudre de charbon de bois pour stocker les mat\u00e9riaux pr\u00e9par\u00e9s et jouer un r\u00f4le tampon dans le processus de production.<\/p>    <p class=\"translation-block\"><strong>Distributeur de poussi\u00e8re de charbon<\/strong><\/p>    <p>Il est g\u00e9n\u00e9ralement plac\u00e9 devant la presse \u00e0 charbon de narguil\u00e9\u00a0pour stocker la poudre de charbon de bois transform\u00e9e. De plus, il pr\u00e9sente diverses sp\u00e9cifications. Il peut donc r\u00e9pondre aux exigences de travail de plusieurs presses \u00e0 comprim\u00e9s de charbon de narguil\u00e9.<\/p>    <figure class=\"wp-block-gallery has-nested-images columns-default is-cropped wp-block-gallery-3 is-layout-flex wp-block-gallery-is-layout-flex\"> <figure class=\"wp-block-image size-large\"><img loading=\"lazy\" decoding=\"async\" width=\"720\" height=\"540\" data-id=\"1434\" src=\"https:\/\/charcoalplant.com\/wp-content\/uploads\/2021\/12\/storage-bin-1.jpg\" alt=\"bac de rangement\" class=\"wp-image-1434\" srcset=\"https:\/\/charcoalplant.com\/wp-content\/uploads\/2021\/12\/storage-bin-1.jpg 720w, https:\/\/charcoalplant.com\/wp-content\/uploads\/2021\/12\/storage-bin-1-300x225.jpg 300w\" sizes=\"auto, (max-width: 720px) 100vw, 720px\" \/><figcaption class=\"wp-element-caption\">bac de rangement<\/figcaption><\/figure>    <figure class=\"wp-block-image size-large\"><img loading=\"lazy\" decoding=\"async\" width=\"720\" height=\"540\" data-id=\"1432\" src=\"https:\/\/charcoalplant.com\/wp-content\/uploads\/2021\/12\/charcoal-dust-distributor-1-1.jpg\" alt=\"distributeur de poussi\u00e8re de charbon de bois\" class=\"wp-image-1432\" srcset=\"https:\/\/charcoalplant.com\/wp-content\/uploads\/2021\/12\/charcoal-dust-distributor-1-1.jpg 720w, https:\/\/charcoalplant.com\/wp-content\/uploads\/2021\/12\/charcoal-dust-distributor-1-1-300x225.jpg 300w\" sizes=\"auto, (max-width: 720px) 100vw, 720px\" \/><figcaption class=\"wp-element-caption\">distributeur de poussi\u00e8re de charbon de bois<\/figcaption><\/figure> <\/figure>    <h2 class=\"wp-block-heading\"><strong>Avantages de la machine de fabrication de charbon de chicha Shuliy<\/strong><\/h2>    <ul class=\"wp-block-list\"> <li>Nous sommes un fabricant de lignes de projets de charbon de chicha avec plus de 10 ans d'exp\u00e9rience.<\/li>    <li>Nous fabriquons toutes sortes d\u2019\u00e9quipements professionnels de production de charbon de narguil\u00e9. Tels que le four de carbonisation, le pulv\u00e9risateur de charbon de bois, le moulin Raymond, la machine de formage de charbon de narguil\u00e9, etc.<\/li>    <li>Nous proposons \u00e0 nos clients diff\u00e9rentes solutions de production en fonction de leurs exigences sp\u00e9cifiques en mati\u00e8re de mati\u00e8res premi\u00e8res et de production.<\/li>    <li>Notre usine peut fournir \u00e0 tout moment aux clients des pi\u00e8ces de rechange d\u2019origine.<\/li>    <li>Nous fournissons aux clients des services gratuits d\u2019installation et de mise en service.<\/li> <\/ul>    <h2 class=\"wp-block-heading\">Vid\u00e9o de retour de notre client indon\u00e9sien de la ligne de production de charbon de chicha<\/h2>    <figure class=\"wp-block-embed is-type-video is-provider-youtube wp-block-embed-youtube wp-embed-aspect-16-9 wp-has-aspect-ratio\"><div class=\"wp-block-embed__wrapper\"> <iframe loading=\"lazy\" title=\"Grand succ\u00e8s! Vid\u00e9o de commentaires de notre client indon\u00e9sien de la ligne de production de charbon de chicha.\" width=\"500\" height=\"281\" src=\"https:\/\/www.youtube.com\/embed\/y8KqVzqN32A?feature=oembed\" frameborder=\"0\" allow=\"accelerometer; autoplay; clipboard-write; encrypted-media; gyroscope; picture-in-picture; web-share\" referrerpolicy=\"strict-origin-when-cross-origin\" allowfullscreen><\/iframe> <\/div><\/figure>    <h2 class=\"wp-block-heading\" id=\"h-how-to-choose-shisha-charcoal-tablet-equipment\"><strong>Comment choisir un \u00e9quipement de tablette de charbon de chicha ?<\/strong><\/h2>    <p>Si votre mati\u00e8re premi\u00e8re est de la poudre de charbon de bois, vous pouvez directement choisir un m\u00e9langeur de poudre de charbon de bois pour traiter la poudre de charbon de bois destin\u00e9e \u00e0 la production de charbon de narguil\u00e9.<br>Si vous \u00eates un fabricant exp\u00e9riment\u00e9 de charbon de narguil\u00e9 et avez besoin d'une production en grand volume et de haute qualit\u00e9, nous vous recommandons de choisir une machine \u00e0 charbon Hubbly en acier inoxydable ou une presse \u00e0 comprim\u00e9s rotative. Parce que les deux presses \u00e0 comprim\u00e9s de charbon de chicha utilisent la technologie CNC. Il s\u2019agit donc de deux types d\u2019\u00e9quipements capables de r\u00e9aliser une production hautement automatis\u00e9e. De plus, ils sont moins sujets aux dommages et faciles \u00e0 r\u00e9gler.<\/p>    <figure class=\"wp-block-gallery has-nested-images columns-default is-cropped wp-block-gallery-4 is-layout-flex wp-block-gallery-is-layout-flex\"> <figure class=\"wp-block-image size-full\"><img loading=\"lazy\" decoding=\"async\" width=\"720\" height=\"540\" data-id=\"1918\" src=\"https:\/\/charcoalplant.com\/wp-content\/uploads\/2022\/01\/rotary-tablet-press-plant-tuya_\u7ed3\u679c.jpg\" alt=\"usine-de-presse-\u00e0-comprim\u00e9s-\u00e0-narguil\u00e9-rotative\" class=\"wp-image-1918\"\/><figcaption class=\"wp-element-caption\">usine-de-presse-\u00e0-comprim\u00e9s-\u00e0-narguil\u00e9-rotative<\/figcaption><\/figure>    <figure class=\"wp-block-image size-large\"><img loading=\"lazy\" decoding=\"async\" width=\"720\" height=\"540\" data-id=\"2742\" src=\"https:\/\/charcoalplant.com\/wp-content\/uploads\/2022\/03\/PLC.jpg\" alt=\"API\" class=\"wp-image-2742\"\/><figcaption class=\"wp-element-caption\">API<\/figcaption><\/figure> <\/figure>    <h2 class=\"wp-block-heading\"><strong>Comment fabriquer du charbon de chicha de haute qualit\u00e9<\/strong><strong>?<\/strong><strong><\/strong><\/h2>    <p>Si vous souhaitez fabriquer du charbon de chicha de haute qualit\u00e9, vous devez d'abord comprendre ses caract\u00e9ristiques de charbon de chicha de haute qualit\u00e9. Selon l'enqu\u00eate, les compacts de charbon de bois de haute qualit\u00e9 pr\u00e9sentent, aux yeux des Arabes, les caract\u00e9ristiques suivantes\u00a0: <\/p>    <p>1. Les morceaux de charbon de narguil\u00e9 s'enflamment en 1 minute. <\/p>    <p>2. Un morceau de charbon de narguil\u00e9 peut \u00eatre br\u00fbl\u00e9 pendant au moins 1 heure. <\/p>    <p>3. Le charbon de chicha br\u00fbl\u00e9 est grumeleux.<\/p>    <p>4. Aucune fum\u00e9e n'est produite lors de la combustion. <\/p>    <p>5. Aucune odeur particuli\u00e8re lors de la combustion. <\/p>    <p>Afin de remplir les conditions ci-dessus, vous devez d\u2019abord choisir de bonnes mati\u00e8res premi\u00e8res. Par exemple, le charbon de noix de coco. Deuxi\u00e8mement, le choix et le rapport des adh\u00e9sifs dans le processus de production sont \u00e9galement tr\u00e8s importants. Enfin, plus le tonnage de la machine \u00e0 briquettes de charbon de bois est \u00e9lev\u00e9, mieux c'est.<\/p>    <figure class=\"wp-block-image aligncenter size-full\"><img loading=\"lazy\" decoding=\"async\" width=\"720\" height=\"540\" src=\"https:\/\/charcoalplant.com\/wp-content\/uploads\/2022\/03\/hookah-briquette-manufacturer.jpg\" alt=\"fabricant de briquettes de narguil\u00e9\" class=\"wp-image-2740\"\/><\/figure>","protected":false},"excerpt":{"rendered":"<p>La ligne de production de charbon de bois pour chicha est un \u00e9quipement de production \u00e0 faible investissement et \u00e0 rendement \u00e9lev\u00e9. Le charbon de narguil\u00e9 est \u00e9galement un carburant populaire de nos jours.<\/p>","protected":false},"author":1,"featured_media":1386,"parent":0,"template":"","tags":[59],"product-type":[53],"class_list":["post-1372","product","type-product","status-publish","has-post-thumbnail","hentry","tag-charcoal-briquetting-machine","product-type-product-line"],"_links":{"self":[{"href":"https:\/\/charcoalplant.com\/fr\/wp-json\/wp\/v2\/product\/1372","targetHints":{"allow":["GET"]}}],"collection":[{"href":"https:\/\/charcoalplant.com\/fr\/wp-json\/wp\/v2\/product"}],"about":[{"href":"https:\/\/charcoalplant.com\/fr\/wp-json\/wp\/v2\/types\/product"}],"author":[{"embeddable":true,"href":"https:\/\/charcoalplant.com\/fr\/wp-json\/wp\/v2\/users\/1"}],"wp:featuredmedia":[{"embeddable":true,"href":"https:\/\/charcoalplant.com\/fr\/wp-json\/wp\/v2\/media\/1386"}],"wp:attachment":[{"href":"https:\/\/charcoalplant.com\/fr\/wp-json\/wp\/v2\/media?parent=1372"}],"wp:term":[{"taxonomy":"post_tag","embeddable":true,"href":"https:\/\/charcoalplant.com\/fr\/wp-json\/wp\/v2\/tags?post=1372"},{"taxonomy":"product-type","embeddable":true,"href":"https:\/\/charcoalplant.com\/fr\/wp-json\/wp\/v2\/product-type?post=1372"}],"curies":[{"name":"wp","href":"https:\/\/api.w.org\/{rel}","templated":true}]}}