{"id":1439,"date":"2021-12-20T07:47:23","date_gmt":"2021-12-20T07:47:23","guid":{"rendered":"https:\/\/charcoalplant.com\/?p=1439"},"modified":"2023-01-10T09:51:39","modified_gmt":"2023-01-10T01:51:39","slug":"coal-briquettes-production-line","status":"publish","type":"product","link":"https:\/\/charcoalplant.com\/fr\/coal-briquettes-production-line\/","title":{"rendered":"Ligne de production de briquettes de charbon"},"content":{"rendered":"<div class=\"kk-star-ratings kksr-auto kksr-align-left kksr-valign-top\"     data-payload='{&quot;align&quot;:&quot;left&quot;,&quot;id&quot;:&quot;1439&quot;,&quot;slug&quot;:&quot;default&quot;,&quot;valign&quot;:&quot;top&quot;,&quot;ignore&quot;:&quot;&quot;,&quot;reference&quot;:&quot;auto&quot;,&quot;class&quot;:&quot;&quot;,&quot;count&quot;:&quot;20&quot;,&quot;legendonly&quot;:&quot;&quot;,&quot;readonly&quot;:&quot;&quot;,&quot;score&quot;:&quot;4.6&quot;,&quot;starsonly&quot;:&quot;&quot;,&quot;best&quot;:&quot;5&quot;,&quot;gap&quot;:&quot;5&quot;,&quot;greet&quot;:&quot;Rate this product&quot;,&quot;legend&quot;:&quot;4.6\\\/5 - (20 votes)&quot;,&quot;size&quot;:&quot;24&quot;,&quot;title&quot;:&quot;Coal Briquettes Production Line&quot;,&quot;width&quot;:&quot;130.9&quot;,&quot;_legend&quot;:&quot;{score}\\\/{best} - ({count} {votes})&quot;,&quot;font_factor&quot;:&quot;1.25&quot;}'>              <div class=\"kksr-stars\">      <div class=\"kksr-stars-inactive\">             <div class=\"kksr-star\" data-star=\"1\" style=\"padding-right: 5px\">               <div class=\"kksr-icon\" style=\"width: 24px; height: 24px;\"><\/div>         <\/div>             <div class=\"kksr-star\" data-star=\"2\" style=\"padding-right: 5px\">               <div class=\"kksr-icon\" style=\"width: 24px; height: 24px;\"><\/div>         <\/div>             <div class=\"kksr-star\" data-star=\"3\" style=\"padding-right: 5px\">               <div class=\"kksr-icon\" style=\"width: 24px; height: 24px;\"><\/div>         <\/div>             <div class=\"kksr-star\" data-star=\"4\" style=\"padding-right: 5px\">               <div class=\"kksr-icon\" style=\"width: 24px; height: 24px;\"><\/div>         <\/div>             <div class=\"kksr-star\" data-star=\"5\" style=\"padding-right: 5px\">               <div class=\"kksr-icon\" style=\"width: 24px; height: 24px;\"><\/div>         <\/div>     <\/div>      <div class=\"kksr-stars-active\" style=\"width: 130.9px;\">             <div class=\"kksr-star\" style=\"padding-right: 5px\">               <div class=\"kksr-icon\" style=\"width: 24px; height: 24px;\"><\/div>         <\/div>             <div class=\"kksr-star\" style=\"padding-right: 5px\">               <div class=\"kksr-icon\" style=\"width: 24px; height: 24px;\"><\/div>         <\/div>             <div class=\"kksr-star\" style=\"padding-right: 5px\">               <div class=\"kksr-icon\" style=\"width: 24px; height: 24px;\"><\/div>         <\/div>             <div class=\"kksr-star\" style=\"padding-right: 5px\">               <div class=\"kksr-icon\" style=\"width: 24px; height: 24px;\"><\/div>         <\/div>             <div class=\"kksr-star\" style=\"padding-right: 5px\">               <div class=\"kksr-icon\" style=\"width: 24px; height: 24px;\"><\/div>         <\/div>     <\/div> <\/div>                   <div class=\"kksr-legend\" style=\"font-size: 19.2px;\">             4,6\/5 - (20 voix)    <\/div>     <\/div>  <p class=\"translation-block\"><strong>La ligne de production de briquettes de charbon<\/strong> utilise du charbon comme mati\u00e8re premi\u00e8re pour produire des briquettes, des tiges de charbon et d'autres produits finis. La briquette de charbon en poudre a les caract\u00e9ristiques de ne pas polluer, d'avoir un temps de combustion long et une forte demande sur le march\u00e9. Et la machine \u00e0 briqueter le charbon est l'\u00e9quipement central de la <strong><a href=\"https:\/\/charcoalplant.com\/fr\/bbq-coal-production-line\/\">ligne de production de briquettes de charbon pour barbecue<\/a><\/strong>. Notre usine propose un service de fabrication de moules sur mesure et de pi\u00e8ces de rechange pour machines. Veuillez nous faire part de votre intention d'achat. De plus, Shuliy vous fournira des services commerciaux de haute qualit\u00e9.<\/p>    <figure class=\"wp-block-image aligncenter size-full\"><img loading=\"lazy\" decoding=\"async\" width=\"720\" height=\"540\" src=\"https:\/\/charcoalplant.com\/wp-content\/uploads\/2021\/12\/coal-briquettes-production-line-for-sale-1-1.jpg\" alt=\"ligne de production de briquettes de charbon \u00e0 vendre\" class=\"wp-image-1440\" srcset=\"https:\/\/charcoalplant.com\/wp-content\/uploads\/2021\/12\/coal-briquettes-production-line-for-sale-1-1.jpg 720w, https:\/\/charcoalplant.com\/wp-content\/uploads\/2021\/12\/coal-briquettes-production-line-for-sale-1-1-300x225.jpg 300w\" sizes=\"auto, (max-width: 720px) 100vw, 720px\" \/><figcaption class=\"wp-element-caption\">ligne de production de briquettes de charbon \u00e0 vendre<\/figcaption><\/figure>    <h2 class=\"wp-block-heading\"><strong>Flux de travail de la ligne de production de briquettes de charbon<\/strong><\/h2>    <p>La premi\u00e8re \u00e9tape de l'exploitation du projet de briquettes de charbon consiste \u00e0 utiliser un broyeur composite de charbon pour pulv\u00e9riser le charbon en morceaux en poudre. Deuxi\u00e8mement, utilisez un m\u00e9langeur \u00e0 double arbre pour m\u00e9langer uniform\u00e9ment la poudre de charbon et le liant. La troisi\u00e8me \u00e9tape consiste \u00e0 transporter le charbon pulv\u00e9ris\u00e9 m\u00e9lang\u00e9 vers le silo pour le stockage. La quatri\u00e8me \u00e9tape consiste \u00e0 transporter le charbon pulv\u00e9ris\u00e9 dans le silo jusqu'\u00e0 la machine \u00e0 briquettes de charbon pour fabriquer des briquettes. La cinqui\u00e8me \u00e9tape consiste \u00e0 utiliser un \u00e9quipement de s\u00e9chage pour s\u00e9cher la brique de charbon. Enfin, emballez les briquettes s\u00e9ch\u00e9es dans des emballages plastiques.<\/p>    <div class=\"wp-block-columns is-layout-flex wp-container-core-columns-is-layout-28f84493 wp-block-columns-is-layout-flex\"> <div class=\"wp-block-column is-layout-flow wp-block-column-is-layout-flow\"> <figure class=\"wp-block-image size-full\"><img loading=\"lazy\" decoding=\"async\" width=\"720\" height=\"540\" src=\"https:\/\/charcoalplant.com\/wp-content\/uploads\/2022\/01\/coal.jpg\" alt=\"charbon\" class=\"wp-image-1980\"\/><figcaption class=\"wp-element-caption\">charbon<\/figcaption><\/figure> <\/div>    <div class=\"wp-block-column is-layout-flow wp-block-column-is-layout-flow\"> <figure class=\"wp-block-image size-full\"><img loading=\"lazy\" decoding=\"async\" width=\"720\" height=\"540\" src=\"https:\/\/charcoalplant.com\/wp-content\/uploads\/2021\/12\/coal-briquette-plant.jpg\" alt=\"briquette de charbon \" class=\"wp-image-2908\"\/><figcaption class=\"wp-element-caption\">briquette de charbon <\/figcaption><\/figure> <\/div> <\/div>    <h2 class=\"wp-block-heading\"><strong>Structure de fabrication de briquettes de charbon <\/strong>usine<\/h2>    <p class=\"translation-block\">La ligne de production de briquettes de charbon est relativement simple dans sa structure. Elle n\u00e9cessite donc moins d\u2019\u00e9quipements. La mati\u00e8re premi\u00e8re n\u00e9cessaire pour la ligne de production de briquettes est principalement le charbon. Sa mati\u00e8re premi\u00e8re peut aussi \u00eatre du charbon de bois. Le processus consistant \u00e0 utiliser le charbon comme mati\u00e8re premi\u00e8re pour produire une briquette est <strong>charbon<\/strong> <strong>broyage \u2192 m\u00e9lange \u2192 alimentation \u2192 briquetage \u2192 s\u00e9chage \u2192 emballage<\/strong>.<\/p>    <h3 class=\"wp-block-heading\" id=\"h-related-equipment-for-coal-powder-briquettes-production-line\"><strong>\u00c9quipement connexe pour la ligne de production de briquettes de poudre de charbon<\/strong><\/h3>    <p>Ce qui suit pr\u00e9sente l'\u00e9quipement et les fonctions d'\u00e9quipement que la ligne de production de briquettes de charbon doit utiliser.<\/p>    <div class=\"wp-block-media-text is-stacked-on-mobile has-background\" style=\"background-color:#f1f1f1;grid-template-columns:52% auto\"><figure class=\"wp-block-media-text__media\"><img loading=\"lazy\" decoding=\"async\" width=\"1024\" height=\"768\" src=\"https:\/\/charcoalplant.com\/wp-content\/uploads\/2021\/12\/coal-grinder.png\" alt=\"broyeur de charbon\" class=\"wp-image-2901 size-full\"\/><\/figure><div class=\"wp-block-media-text__content\"> <p id=\"block-9cb7707d-629b-4599-bfda-644ae315d61c\" class=\"translation-block\"><strong> concasseur composite au charbon (r\u00e9duction en poudre)<\/strong><\/p>    <p id=\"block-b9946928-7b14-4a14-adbe-efd91c263fde\" class=\"translation-block\">Il s\u2019agit d\u2019un <strong><a href=\"https:\/\/charcoalplant.com\/fr\/product\/charcoal-shredder\/\">concasseur multifonction<\/a><\/strong>. Ainsi, ses mati\u00e8res premi\u00e8res sont le charbon, les cailloux, le calcaire, les scories, etc. Il peut rapidement pulv\u00e9riser le charbon en poudre de charbon d\u2019environ 2 mm.<\/p> <\/div><\/div>    <p><\/p>    <div class=\"wp-block-media-text is-stacked-on-mobile has-background\" style=\"background-color:#f1f1f1;grid-template-columns:52% auto\"><figure class=\"wp-block-media-text__media\"><img loading=\"lazy\" decoding=\"async\" width=\"720\" height=\"540\" src=\"https:\/\/charcoalplant.com\/wp-content\/uploads\/2022\/03\/coal-mixer.jpg\" alt=\"m\u00e9langeur de charbon\" class=\"wp-image-2844 size-full\"\/><\/figure><div class=\"wp-block-media-text__content\"> <p id=\"block-ae61028d-3563-45c6-ac38-e224c61fbf30\" class=\"translation-block\"><strong>Malaxeur \u00e0 double arbre (m\u00e9lange)<\/strong><\/p>    <p id=\"block-fbfd63ff-3664-4565-a9a4-49234d284162\">Il utilise une structure de lame \u00e0 double h\u00e9lice. Le charbon pulv\u00e9ris\u00e9, le liant et l'eau sont enti\u00e8rement agit\u00e9s dans le r\u00e9servoir d'agitation, puis tombent de l'orifice de d\u00e9charge vers la bande transporteuse.<\/p> <\/div><\/div>    <p><\/p>    <div class=\"wp-block-media-text is-stacked-on-mobile has-background\" style=\"background-color:#f1f1f1;grid-template-columns:52% auto\"><figure class=\"wp-block-media-text__media\"><img loading=\"lazy\" decoding=\"async\" width=\"720\" height=\"540\" src=\"https:\/\/charcoalplant.com\/wp-content\/uploads\/2022\/03\/coal-powder-storage-bin.jpg\" alt=\"\" class=\"wp-image-2899 size-full\"\/><\/figure><div class=\"wp-block-media-text__content\"> <p id=\"block-31390d6d-acb7-414c-affa-62b20e5bf594\" class=\"translation-block\"><strong>Silo de poudre de charbon (alimentation)<\/strong><\/p>    <p id=\"block-786c5bb7-8e08-442f-a140-529c5d58310e\">Le charbon pulv\u00e9ris\u00e9 m\u00e9lang\u00e9 est stock\u00e9 dans un silo. Il y a des ports de d\u00e9charge et des vannes sous le silo. Par cons\u00e9quent, le client peut lib\u00e9rer manuellement la mati\u00e8re premi\u00e8re pour la ligne de production de briquettes. Bref, le silo est la garantie d\u2019une production continue.<\/p> <\/div><\/div>    <p><\/p>    <div class=\"wp-block-media-text is-stacked-on-mobile has-background\" style=\"background-color:#f1f1f1;grid-template-columns:51% auto\"><figure class=\"wp-block-media-text__media\"><img loading=\"lazy\" decoding=\"async\" width=\"720\" height=\"540\" src=\"https:\/\/charcoalplant.com\/wp-content\/uploads\/2021\/12\/Honeycomb-Coal-Press-Machine-1.jpg\" alt=\"Machine \u00e0 presser le charbon en nid d&#039;abeille\" class=\"wp-image-1351 size-full\" srcset=\"https:\/\/charcoalplant.com\/wp-content\/uploads\/2021\/12\/Honeycomb-Coal-Press-Machine-1.jpg 720w, https:\/\/charcoalplant.com\/wp-content\/uploads\/2021\/12\/Honeycomb-Coal-Press-Machine-1-300x225.jpg 300w\" sizes=\"auto, (max-width: 720px) 100vw, 720px\" \/><\/figure><div class=\"wp-block-media-text__content\"> <p class=\"translation-block\"><strong>Machine \u00e0 fabriquer le charbon (briquettes)<\/strong> <\/p>    <p id=\"block-e38ef78e-6d23-4e42-85dc-3581070cb507\" class=\"translation-block\">Elle <strong><a href=\"https:\/\/charcoalplant.com\/fr\/product\/honeycomb-coal-press-machine\/\">pr\u00e9-compresse la poudre de charbon<\/a><\/strong> dans un moule. Ensuite, elle est achev\u00e9e par la perforation de l\u2019aiguille et le r\u00e9-pressage du bloc de pression.<\/p> <\/div><\/div>    <p><\/p>    <div class=\"wp-block-media-text is-stacked-on-mobile has-background\" style=\"background-color:#f1f1f1;grid-template-columns:51% auto\"><figure class=\"wp-block-media-text__media\"><img loading=\"lazy\" decoding=\"async\" width=\"720\" height=\"540\" src=\"https:\/\/charcoalplant.com\/wp-content\/uploads\/2021\/12\/shaisha-charcoal-drying-room-1.jpg\" alt=\"salle de s\u00e9chage de charbon de bois shaisha\" class=\"wp-image-1492 size-full\" srcset=\"https:\/\/charcoalplant.com\/wp-content\/uploads\/2021\/12\/shaisha-charcoal-drying-room-1.jpg 720w, https:\/\/charcoalplant.com\/wp-content\/uploads\/2021\/12\/shaisha-charcoal-drying-room-1-300x225.jpg 300w\" sizes=\"auto, (max-width: 720px) 100vw, 720px\" \/><\/figure><div class=\"wp-block-media-text__content\"> <p id=\"block-3b089dae-3fae-4629-ab2a-7ab592eb2f81\" class=\"translation-block\"><strong>S\u00e9choir (s\u00e9chage)<\/strong><\/p>    <p id=\"block-5504db69-dff5-4573-a649-4f1f156bd0c9\" class=\"translation-block\">Il est utilis\u00e9 pour s\u00e9cher rapidement les briquettes de charbon. De plus, nous avons une <strong><a href=\"https:\/\/charcoalplant.com\/fr\/product\/charcoal-briquette-dryer\/\">chambre de s\u00e9chage et un s\u00e9choir \u00e0 bande<\/a><\/strong>. Ces deux \u00e9quipements de s\u00e9chage sont souvent utilis\u00e9s dans la ligne de briquettes.<\/p> <\/div><\/div>    <p><\/p>    <div class=\"wp-block-media-text is-stacked-on-mobile has-background\" style=\"background-color:#f1f1f1;grid-template-columns:51% auto\"><figure class=\"wp-block-media-text__media\"><img loading=\"lazy\" decoding=\"async\" width=\"720\" height=\"540\" src=\"https:\/\/charcoalplant.com\/wp-content\/uploads\/2022\/03\/charcoal-briket-bagging-machine.jpg\" alt=\"ensacheuse-de-charbon-briket-machine\" class=\"wp-image-2874 size-full\"\/><\/figure><div class=\"wp-block-media-text__content\"> <p id=\"block-ca300dad-e0f1-4b37-8e7d-20574f80d910\" class=\"translation-block\"><strong>Machine d\u2019emballage (emballage)<\/strong><\/p>    <p id=\"block-ab346373-2956-4e43-bfb3-05b19cf5762c\" class=\"translation-block\">Les briquettes et les b\u00e2tons de charbon peuvent \u00eatre emball\u00e9s avec des machines de scellement et de coupe. Il adopte un processus de r\u00e9tr\u00e9cissement par chaleur, pratique et rapide. Nous avons \u00e9galement une <strong><a href=\"https:\/\/charcoalplant.com\/fr\/product\/charcoal-briquettes-packing-machine\/\">machine d\u2019emballage<\/a><\/strong> au choix.<\/p> <\/div><\/div>    <p><\/p>    <h2 class=\"wp-block-heading\"><strong>Prix \u200b\u200bde la ligne de production de briquettes de charbon<\/strong><\/h2>    <p>En raison des diff\u00e9rents besoins des clients, leurs lignes de production sont diff\u00e9rentes. Par cons\u00e9quent, le prix de la ligne de prix des diff\u00e9rentes machines \u00e0 presser le charbon est diff\u00e9rent. Nous voulons conna\u00eetre l\u2019\u00e9quipement sp\u00e9cifique que vous souhaitez acheter. Ou nous pouvons vous fournir un programme de ligne de production appropri\u00e9. Bref, nous devons r\u00e9soudre les probl\u00e8mes en fonction de la situation r\u00e9elle de nos clients. Agissez maintenant, contactez-nous pour faire des affaires.<\/p>    <h2 class=\"wp-block-heading\" id=\"h-coal-making-machine-for-sale\"><strong>Machine de fabrication de charbon \u00e0 vendre<\/strong><\/h2>    <p>Nous produisons des presses \u00e0 charbon en nid d'abeille, des machines \u00e0 charbon de bois pour barbecue et des machines de moulage de briquettes de charbon. Par cons\u00e9quent, ils peuvent r\u00e9pondre aux besoins de production de diff\u00e9rents clients, mais \u00e9galement aux besoins d\u2019achat de diff\u00e9rents consommateurs. La ligne de production de machines de fabrication de charbon Shuliy Machinery propose une vari\u00e9t\u00e9 de mod\u00e8les. De plus, notre usine fournit \u00e0 ses clients des services de personnalisation de produits. Si vous avez des questions, veuillez laisser un message et nous vous aiderons dans les plus brefs d\u00e9lais.<\/p>    <figure class=\"wp-block-gallery has-nested-images columns-2 is-cropped wp-block-gallery-2 is-layout-flex wp-block-gallery-is-layout-flex\"> <figure class=\"wp-block-image size-full\"><img loading=\"lazy\" decoding=\"async\" width=\"720\" height=\"540\" data-id=\"2925\" src=\"https:\/\/charcoalplant.com\/wp-content\/uploads\/2022\/03\/coal-briquettes-production-line-plant.jpg\" alt=\"usine de ligne de production de briquettes de charbon\" class=\"wp-image-2925\"\/><figcaption class=\"wp-element-caption\">usine de ligne de production de briquettes de charbon<\/figcaption><\/figure>    <figure class=\"wp-block-image size-large\"><img loading=\"lazy\" decoding=\"async\" width=\"720\" height=\"540\" data-id=\"2926\" src=\"https:\/\/charcoalplant.com\/wp-content\/uploads\/2022\/03\/coal-making-machine-for-sale.jpg\" alt=\"machine de fabrication de charbon \u00e0 vendre\" class=\"wp-image-2926\"\/><figcaption class=\"wp-element-caption\">machine de fabrication de charbon \u00e0 vendre<\/figcaption><\/figure>    <figure class=\"wp-block-image size-large\"><img loading=\"lazy\" decoding=\"async\" width=\"720\" height=\"540\" data-id=\"2927\" src=\"https:\/\/charcoalplant.com\/wp-content\/uploads\/2022\/03\/coal-briquettes-machine-plant-shipping.jpg\" alt=\"usine de fabrication de briquettes de charbon\" class=\"wp-image-2927\"\/><figcaption class=\"wp-element-caption\">usine de fabrication de briquettes de charbon<\/figcaption><\/figure>    <figure class=\"wp-block-image size-large\"><img loading=\"lazy\" decoding=\"async\" width=\"720\" height=\"540\" data-id=\"2928\" src=\"https:\/\/charcoalplant.com\/wp-content\/uploads\/2022\/03\/shipping-of-drying-machine.jpg\" alt=\"exp\u00e9dition de machine \u00e0 s\u00e9cher\" class=\"wp-image-2928\"\/><figcaption class=\"wp-element-caption\">exp\u00e9dition de machine \u00e0 s\u00e9cher<\/figcaption><\/figure> <\/figure>","protected":false},"excerpt":{"rendered":"<p>La cha\u00eene de production de briquettes de charbon utilise le charbon comme mati\u00e8re premi\u00e8re pour produire du charbon en nid d'abeille, des briquettes de charbon, des barres de charbon et d'autres produits finis.<\/p>","protected":false},"author":1,"featured_media":1440,"parent":0,"template":"","tags":[59],"product-type":[53],"class_list":["post-1439","product","type-product","status-publish","has-post-thumbnail","hentry","tag-charcoal-briquetting-machine","product-type-product-line"],"_links":{"self":[{"href":"https:\/\/charcoalplant.com\/fr\/wp-json\/wp\/v2\/product\/1439","targetHints":{"allow":["GET"]}}],"collection":[{"href":"https:\/\/charcoalplant.com\/fr\/wp-json\/wp\/v2\/product"}],"about":[{"href":"https:\/\/charcoalplant.com\/fr\/wp-json\/wp\/v2\/types\/product"}],"author":[{"embeddable":true,"href":"https:\/\/charcoalplant.com\/fr\/wp-json\/wp\/v2\/users\/1"}],"wp:featuredmedia":[{"embeddable":true,"href":"https:\/\/charcoalplant.com\/fr\/wp-json\/wp\/v2\/media\/1440"}],"wp:attachment":[{"href":"https:\/\/charcoalplant.com\/fr\/wp-json\/wp\/v2\/media?parent=1439"}],"wp:term":[{"taxonomy":"post_tag","embeddable":true,"href":"https:\/\/charcoalplant.com\/fr\/wp-json\/wp\/v2\/tags?post=1439"},{"taxonomy":"product-type","embeddable":true,"href":"https:\/\/charcoalplant.com\/fr\/wp-json\/wp\/v2\/product-type?post=1439"}],"curies":[{"name":"wp","href":"https:\/\/api.w.org\/{rel}","templated":true}]}}