{"id":1468,"date":"2021-12-21T08:39:36","date_gmt":"2021-12-21T08:39:36","guid":{"rendered":"https:\/\/charcoalplant.com\/?p=1468"},"modified":"2023-01-11T15:58:12","modified_gmt":"2023-01-11T07:58:12","slug":"charcoal-briquette-dryer","status":"publish","type":"product","link":"https:\/\/charcoalplant.com\/fr\/product\/charcoal-briquette-dryer\/","title":{"rendered":"S\u00e9choir \u00e0 briquettes de charbon de bois | Machine de s\u00e9chage par pompe \u00e0 chaleur"},"content":{"rendered":"<div class=\"kk-star-ratings kksr-auto kksr-align-left kksr-valign-top\"     data-payload='{&quot;align&quot;:&quot;left&quot;,&quot;id&quot;:&quot;1468&quot;,&quot;slug&quot;:&quot;default&quot;,&quot;valign&quot;:&quot;top&quot;,&quot;ignore&quot;:&quot;&quot;,&quot;reference&quot;:&quot;auto&quot;,&quot;class&quot;:&quot;&quot;,&quot;count&quot;:&quot;25&quot;,&quot;legendonly&quot;:&quot;&quot;,&quot;readonly&quot;:&quot;&quot;,&quot;score&quot;:&quot;4.8&quot;,&quot;starsonly&quot;:&quot;&quot;,&quot;best&quot;:&quot;5&quot;,&quot;gap&quot;:&quot;5&quot;,&quot;greet&quot;:&quot;Rate this product&quot;,&quot;legend&quot;:&quot;4.8\\\/5 - (25 votes)&quot;,&quot;size&quot;:&quot;24&quot;,&quot;title&quot;:&quot;Charcoal Briquette Dryer | Heat Pump Drying Machine&quot;,&quot;width&quot;:&quot;136.7&quot;,&quot;_legend&quot;:&quot;{score}\\\/{best} - ({count} {votes})&quot;,&quot;font_factor&quot;:&quot;1.25&quot;}'>              <div class=\"kksr-stars\">      <div class=\"kksr-stars-inactive\">             <div class=\"kksr-star\" data-star=\"1\" style=\"padding-right: 5px\">               <div class=\"kksr-icon\" style=\"width: 24px; height: 24px;\"><\/div>         <\/div>             <div class=\"kksr-star\" data-star=\"2\" style=\"padding-right: 5px\">               <div class=\"kksr-icon\" style=\"width: 24px; height: 24px;\"><\/div>         <\/div>             <div class=\"kksr-star\" data-star=\"3\" style=\"padding-right: 5px\">               <div class=\"kksr-icon\" style=\"width: 24px; height: 24px;\"><\/div>         <\/div>             <div class=\"kksr-star\" data-star=\"4\" style=\"padding-right: 5px\">               <div class=\"kksr-icon\" style=\"width: 24px; height: 24px;\"><\/div>         <\/div>             <div class=\"kksr-star\" data-star=\"5\" style=\"padding-right: 5px\">               <div class=\"kksr-icon\" style=\"width: 24px; height: 24px;\"><\/div>         <\/div>     <\/div>      <div class=\"kksr-stars-active\" style=\"width: 136.7px;\">             <div class=\"kksr-star\" style=\"padding-right: 5px\">               <div class=\"kksr-icon\" style=\"width: 24px; height: 24px;\"><\/div>         <\/div>             <div class=\"kksr-star\" style=\"padding-right: 5px\">               <div class=\"kksr-icon\" style=\"width: 24px; height: 24px;\"><\/div>         <\/div>             <div class=\"kksr-star\" style=\"padding-right: 5px\">               <div class=\"kksr-icon\" style=\"width: 24px; height: 24px;\"><\/div>         <\/div>             <div class=\"kksr-star\" style=\"padding-right: 5px\">               <div class=\"kksr-icon\" style=\"width: 24px; height: 24px;\"><\/div>         <\/div>             <div class=\"kksr-star\" style=\"padding-right: 5px\">               <div class=\"kksr-icon\" style=\"width: 24px; height: 24px;\"><\/div>         <\/div>     <\/div> <\/div>                   <div class=\"kksr-legend\" style=\"font-size: 19.2px;\">             4.8 \/ 5 - (25 voix)    <\/div>     <\/div>  <p class=\"translation-block\"><strong>Machine de s\u00e9chage des briquettes de charbon<\/strong> est l\u2019un des \u00e9quipements n\u00e9cessaires pour la ligne de production de charbon. Il adopte principalement le principe de circulation d\u2019air chaud. Par cons\u00e9quent, il peut fonctionner de mani\u00e8re stable. De plus, il peut s\u00e9cher les mat\u00e9riaux \u00e0 tout moment quelle que soit la m\u00e9t\u00e9o. Ainsi, les s\u00e9cheuses de briquettes de charbon sont des \u00e9quipements populaires dans de nombreuses usines de charbon. L\u2019usine Shuliy vend deux types de s\u00e9cheurs de charbon : une salle de s\u00e9chage sur chariot et un s\u00e9choir \u00e0 bande m\u00e9tallique multicouche. Ils sont tous des produits tr\u00e8s \u00e9conomiques. Si vous souhaitez investir dans un s\u00e8cheur, contactez-nous d\u00e8s aujourd\u2019hui pour le meilleur prix.<\/p>    <h2 class=\"wp-block-heading\" id=\"h-raw-materials-for-charcoal-briquette-dryer\">Mati\u00e8res premi\u00e8res pour la machine de s\u00e9chage de briquettes de charbon de bois<\/h2>    <p class=\"translation-block\">Le domaine d'application de la machine de s\u00e9chage de briquettes de charbon est tr\u00e8s large. Elle peut \u00eatre utilis\u00e9e pour s\u00e9cher des mat\u00e9riaux dans le traitement des aliments, la m\u00e9decine chinoise \u00e0 base de plantes et l'industrie du charbon. En raison de son effet de s\u00e9chage et de son concept d'\u00e9conomie d'\u00e9nergie, la r\u00e9ponse est tr\u00e8s bonne. Par cons\u00e9quent, de nombreuses usines de charbon utilisent des s\u00e9choirs \u00e0 briquettes de charbon pour s\u00e9cher les produits de charbon. Tels que la poudre de charbon en briquettes, le <a href=\"https:\/\/charcoalplant.com\/fr\/product\/honeycomb-coal-press-machine\/\"><strong>charbon alv\u00e9ol\u00e9<\/strong><\/a>, le charbon de barbecue, le <a href=\"https:\/\/charcoalplant.com\/fr\/product\/best-shisha-charcoal-machine\/\"><strong>charbon carr\u00e9 pour chicha<\/strong><\/a>, le charbon rond pour narguil\u00e9, etc.<\/p>    <figure class=\"wp-block-image aligncenter size-full\"><img loading=\"lazy\" decoding=\"async\" width=\"720\" height=\"540\" src=\"https:\/\/charcoalplant.com\/wp-content\/uploads\/2022\/03\/charcoal-and-coal-briquette.jpg\" alt=\"charbon de bois et briquettes de charbon\" class=\"wp-image-2615\"\/><figcaption class=\"wp-element-caption\">charbon de bois et briquettes de charbon<\/figcaption><\/figure>    <h2 class=\"wp-block-heading\">Qu'est-ce qu'un s\u00e9choir \u00e0 briquettes de charbon de bois\u00a0? <\/h2>    <p>Un s\u00e9choir \u00e0 briquettes de charbon de bois est une machine utilis\u00e9e pour r\u00e9duire la teneur en humidit\u00e9 des briquettes de charbon de bois brut. Cela se fait g\u00e9n\u00e9ralement avant que les briquettes ne soient emball\u00e9es et vendues, car l\u2019humidit\u00e9 peut les rendre difficiles \u00e0 allumer et peut \u00e9galement favoriser la croissance de moisissures et d\u2019autres micro-organismes. Les s\u00e9choirs \u00e0 briquettes de charbon de bois sont g\u00e9n\u00e9ralement compos\u00e9s d'une chambre de s\u00e9chage, d'une source de chaleur et d'un syst\u00e8me de ventilation. La source de chaleur est g\u00e9n\u00e9ralement un \u00e9l\u00e9ment chauffant \u00e0 gaz ou \u00e9lectrique, et le syst\u00e8me de ventilation est utilis\u00e9 pour faire circuler l'air dans la chambre afin de favoriser l'\u00e9vaporation de l'humidit\u00e9 des briquettes. Certains s\u00e9choirs peuvent \u00e9galement avoir la fonction de contr\u00f4ler la temp\u00e9rature et l\u2019humidit\u00e9.<\/p>    <h2 class=\"wp-block-heading\">Quels sont les types de s\u00e9choirs \u00e0 charbon de bois\u00a0?<\/h2>    <p class=\"translation-block\"><strong>Nos deux types de s\u00e9choirs :<\/strong> s\u00e9choirs en caisson efficaces et s\u00e9choirs continus \u00e0 bande. Si vous avez des questions, veuillez laisser un message.<\/p>    <h2 class=\"wp-block-heading\" id=\"h-type-1-charcoal-briquette-drying-room\"><strong>Type 1<\/strong>: Machine de s\u00e9chage de briquettes de charbon de bois <\/h2>    <p class=\"translation-block\">La machine de s\u00e9chage de briquettes de charbon adopte le principe de fonctionnement d'un syst\u00e8me de circulation d'air chaud et d'un syst\u00e8me de d\u00e9shumidification. La temp\u00e9rature dans la salle de s\u00e9chage est d\u00e9tect\u00e9e par un dispositif de d\u00e9tection de contr\u00f4le de temp\u00e9rature intelligent. Bien que diff\u00e9rents mat\u00e9riaux aient des temp\u00e9ratures de s\u00e9chage diff\u00e9rentes. Cependant, les <a href=\"https:\/\/charcoalplant.com\/fr\/info\/feedback-from-libyan-customer-charcoal-briquetting-drying-room\/\"><strong>clients<\/strong><\/a> peuvent r\u00e9gler la temp\u00e9rature int\u00e9rieure et le temps de s\u00e9chage via l'armoire de distribution d'\u00e9nergie du s\u00e9choir \u00e0 briquettes de charbon pour obtenir le meilleur \u00e9tat de s\u00e9chage. Par cons\u00e9quent, le s\u00e9choir \u00e0 four est un appareil tr\u00e8s intelligent et sans probl\u00e8me.<\/p>    <figure class=\"wp-block-image aligncenter size-full\"><img loading=\"lazy\" decoding=\"async\" width=\"1024\" height=\"768\" src=\"https:\/\/charcoalplant.com\/wp-content\/uploads\/2022\/03\/charcoal-briquette-dryer-machine-plant.png\" alt=\"usine de s\u00e9chage de briquettes de charbon de bois\" class=\"wp-image-2617\"\/><figcaption class=\"wp-element-caption\">usine de s\u00e9chage de briquettes de charbon de bois<\/figcaption><\/figure>    <h3 class=\"wp-block-heading\">Structure de la machine de s\u00e9chage de briquettes de charbon de bois <\/h3>    <p>Sa structure comprend principalement une source de chauffage, un ventilateur \u00e0 tirage induit, un d\u00e9shumidificateur, un conduit d'air chaud, une armoire de commande, un chariot, un plateau, etc. Il ressemble \u00e0 une pi\u00e8ce. Le client met le produit fini sur le chariot et le pousse dans la salle de s\u00e9chage. De plus, sa taille peut \u00eatre personnalis\u00e9e. De mani\u00e8re g\u00e9n\u00e9rale, sa taille est li\u00e9e au nombre de chariots. Chaque chariot comporte 10 couches. <\/p>    <div class=\"wp-block-columns are-vertically-aligned-center has-background is-layout-flex wp-container-core-columns-is-layout-28f84493 wp-block-columns-is-layout-flex\" style=\"background-color:#f1f1f1\"> <div class=\"wp-block-column is-vertically-aligned-center is-layout-flow wp-block-column-is-layout-flow\" style=\"flex-basis:33.33%\"> <h4 class=\"wp-block-heading\"><strong>Pompe \u00e0 chaleur air-\u00e9nergie<\/strong><\/h4>    <p>Son apparence et son principe de fonctionnement s'apparentent \u00e0 ceux d'un climatiseur raccroch\u00e9. C\u2019est donc tr\u00e8s \u00e9conome en \u00e9nergie et respectueux de l\u2019environnement.<\/p> <\/div>    <div class=\"wp-block-column is-vertically-aligned-center is-layout-flow wp-block-column-is-layout-flow\" style=\"flex-basis:66.66%\"> <figure class=\"wp-block-gallery has-nested-images columns-default is-cropped wp-block-gallery-2 is-layout-flex wp-block-gallery-is-layout-flex\"> <figure class=\"wp-block-image size-large\"><img loading=\"lazy\" decoding=\"async\" width=\"720\" height=\"540\" data-id=\"1479\" src=\"https:\/\/charcoalplant.com\/wp-content\/uploads\/2021\/12\/Drying-room-heat-pump-1.jpg\" alt=\"S\u00e9choir-pompe \u00e0 chaleur\" class=\"wp-image-1479\" srcset=\"https:\/\/charcoalplant.com\/wp-content\/uploads\/2021\/12\/Drying-room-heat-pump-1.jpg 720w, https:\/\/charcoalplant.com\/wp-content\/uploads\/2021\/12\/Drying-room-heat-pump-1-300x225.jpg 300w\" sizes=\"auto, (max-width: 720px) 100vw, 720px\" \/><figcaption class=\"wp-element-caption\">S\u00e9choir-pompe \u00e0 chaleur<\/figcaption><\/figure> <\/figure> <\/div> <\/div>    <div class=\"wp-block-columns has-background is-layout-flex wp-container-core-columns-is-layout-28f84493 wp-block-columns-is-layout-flex\" style=\"background-color:#f1f1f1\"> <div class=\"wp-block-column is-layout-flow wp-block-column-is-layout-flow\" style=\"flex-basis:66.66%\"> <figure class=\"wp-block-gallery has-nested-images columns-default is-cropped wp-block-gallery-3 is-layout-flex wp-block-gallery-is-layout-flex\"> <figure class=\"wp-block-image size-large\"><img loading=\"lazy\" decoding=\"async\" width=\"720\" height=\"540\" data-id=\"1477\" src=\"https:\/\/charcoalplant.com\/wp-content\/uploads\/2021\/12\/Control-cabinet-1.jpg\" alt=\"Chambre de contr\u00f4le\" class=\"wp-image-1477\" srcset=\"https:\/\/charcoalplant.com\/wp-content\/uploads\/2021\/12\/Control-cabinet-1.jpg 720w, https:\/\/charcoalplant.com\/wp-content\/uploads\/2021\/12\/Control-cabinet-1-300x225.jpg 300w\" sizes=\"auto, (max-width: 720px) 100vw, 720px\" \/><figcaption class=\"wp-element-caption\">Chambre de contr\u00f4le<\/figcaption><\/figure> <\/figure> <\/div>    <div class=\"wp-block-column is-vertically-aligned-center is-layout-flow wp-block-column-is-layout-flow\" style=\"flex-basis:33.33%\"> <h4 class=\"wp-block-heading\"><strong>Chambre de contr\u00f4le<\/strong> <strong>bo\u00eete<\/strong><\/h4>    <p>Les clients peuvent r\u00e9gler la temp\u00e9rature et l'heure. Contr\u00f4le d'automatisation\u00a0: utilisation d'un syst\u00e8me de contr\u00f4le int\u00e9gr\u00e9, d'une interface homme-machine et d'un contr\u00f4le automatique sans personnel de service.<\/p> <\/div> <\/div>    <div class=\"wp-block-columns has-background is-layout-flex wp-container-core-columns-is-layout-28f84493 wp-block-columns-is-layout-flex\" style=\"background-color:#f1f1f1\"> <div class=\"wp-block-column is-vertically-aligned-center is-layout-flow wp-block-column-is-layout-flow\" style=\"flex-basis:33.33%\"> <h4 class=\"wp-block-heading\"><strong>Ventilateur \u00e0 induction<\/strong><\/h4>    <p>Il peut pomper en continu de l'air chaud dans la chambre de s\u00e9chage. De plus, il joue \u00e9galement le r\u00f4le de circulation des gaz.<\/p> <\/div>    <div class=\"wp-block-column is-layout-flow wp-block-column-is-layout-flow\" style=\"flex-basis:66.66%\"> <figure class=\"wp-block-gallery has-nested-images columns-default is-cropped wp-block-gallery-4 is-layout-flex wp-block-gallery-is-layout-flex\"> <figure class=\"wp-block-image size-large\"><img loading=\"lazy\" decoding=\"async\" width=\"720\" height=\"540\" data-id=\"1480\" src=\"https:\/\/charcoalplant.com\/wp-content\/uploads\/2021\/12\/Induced-fan-1.jpg\" alt=\"Ventilateur induit\" class=\"wp-image-1480\" srcset=\"https:\/\/charcoalplant.com\/wp-content\/uploads\/2021\/12\/Induced-fan-1.jpg 720w, https:\/\/charcoalplant.com\/wp-content\/uploads\/2021\/12\/Induced-fan-1-300x225.jpg 300w\" sizes=\"auto, (max-width: 720px) 100vw, 720px\" \/><figcaption class=\"wp-element-caption\">Ventilateur induit<\/figcaption><\/figure> <\/figure> <\/div> <\/div>    <h3 class=\"wp-block-heading\">Param\u00e8tres de la machine de s\u00e9chage de briquettes de charbon de bois<\/h3>    <figure class=\"wp-block-table is-style-stripes\"><table><tbody><tr><td>Mod\u00e8le<\/td><td>SL-BD 08<\/td><td>SL-BD 010<\/td><\/tr><tr><td>Taille de la salle de s\u00e9chage<\/td><td>8 m*2,3 m*2,5 m<\/td><td>10 m*2,3 m*2,5 m<\/td><\/tr><tr><td>Ventilateur de circulation<\/td><td>6 pi\u00e8ces<\/td><td>6 pi\u00e8ces<\/td><\/tr><tr><td>Ventilateur de d\u00e9shumidification<\/td><td>2 pi\u00e8ces<\/td><td>2 pi\u00e8ces<\/td><\/tr><tr><td>Chariot<\/td><td>8 pi\u00e8ces<\/td><td>10 pi\u00e8ces<\/td><\/tr><tr><td>Plateau<\/td><td>80 pi\u00e8ces<\/td><td>100 pi\u00e8ces<\/td><\/tr><\/tbody><\/table><\/figure>    <h3 class=\"wp-block-heading\">Vid\u00e9o d'une usine de s\u00e9choir \u00e0 bo\u00eetes, prise de vue r\u00e9elle <\/h3>    <figure class=\"wp-block-embed is-type-video is-provider-youtube wp-block-embed-youtube wp-embed-aspect-16-9 wp-has-aspect-ratio\"><div class=\"wp-block-embed__wrapper\"> <iframe loading=\"lazy\" title=\"Fournisseur de machine de s\u00e9chage de briquettes de charbon de bois | Bo\u00eete de s\u00e9chage Factory Real Shot#bbqcoaldrying#dryer\" width=\"500\" height=\"281\" src=\"https:\/\/www.youtube.com\/embed\/hPFY09NfOv0?feature=oembed\" frameborder=\"0\" allow=\"accelerometer; autoplay; clipboard-write; encrypted-media; gyroscope; picture-in-picture; web-share\" referrerpolicy=\"strict-origin-when-cross-origin\" allowfullscreen><\/iframe> <\/div><\/figure>    <h2 class=\"wp-block-heading\" id=\"h-type-2-multi-layer-mesh-belt-dryer\"><strong>Type 2<\/strong>: S\u00e9choir \u00e0 bande maill\u00e9e multicouche<\/h2>    <p>L'op\u00e9rateur doit mettre les mati\u00e8res premi\u00e8res (telles que des briquettes, du charbon de barbecue, des herbes, etc.) dans le port d'alimentation. La courroie \u00e0 mailles mobile entra\u00eene ensuite le charbon \u00e0 s'\u00e9taler et \u00e0 entrer dans la chambre de s\u00e9chage pour le s\u00e9chage. Le charbon se d\u00e9place \u00e0 travers le s\u00e9choir \u00e0 bande maill\u00e9e et l'air chaud chauffe et s\u00e8che uniform\u00e9ment la mati\u00e8re premi\u00e8re. De plus, les clients peuvent ajuster la teneur en humidit\u00e9 de la mati\u00e8re premi\u00e8re finale en ajustant la vitesse de d\u00e9placement du s\u00e9choir \u00e0 bande maill\u00e9e.<\/p>    <figure class=\"wp-block-image aligncenter size-full\"><img loading=\"lazy\" decoding=\"async\" width=\"720\" height=\"540\" src=\"https:\/\/charcoalplant.com\/wp-content\/uploads\/2022\/01\/inlet.jpg\" alt=\"entr\u00e9e\" class=\"wp-image-1968\"\/><figcaption class=\"wp-element-caption\">entr\u00e9e<\/figcaption><\/figure>    <h3 class=\"wp-block-heading\">Structure de la machine de s\u00e9chage \u00e0 bande maill\u00e9e<\/h3>    <p>Sa structure comprend un port d'alimentation, un tapis roulant en acier inoxydable, un \u00e9pandeur, une salle de s\u00e9chage, une source de chaleur, un port de d\u00e9charge, un ventilateur \u00e0 tirage induit, etc.<\/p>    <figure class=\"wp-block-image aligncenter size-full\"><img loading=\"lazy\" decoding=\"async\" width=\"640\" height=\"343\" src=\"https:\/\/charcoalplant.com\/wp-content\/uploads\/2022\/03\/charcoal-briquetting-dryer-structure.jpg\" alt=\"\" class=\"wp-image-2621\"\/><\/figure>    <div class=\"wp-block-columns has-background is-layout-flex wp-container-core-columns-is-layout-28f84493 wp-block-columns-is-layout-flex\" style=\"background-color:#f1f1f1\"> <div class=\"wp-block-column is-layout-flow wp-block-column-is-layout-flow\" style=\"flex-basis:66.66%\"> <figure class=\"wp-block-gallery has-nested-images columns-default is-cropped wp-block-gallery-5 is-layout-flex wp-block-gallery-is-layout-flex\"> <figure class=\"wp-block-image size-large\"><img loading=\"lazy\" decoding=\"async\" width=\"720\" height=\"540\" data-id=\"1970\" src=\"https:\/\/charcoalplant.com\/wp-content\/uploads\/2022\/01\/metal-belt.jpg\" alt=\"ceinture m\u00e9tallique\" class=\"wp-image-1970\"\/><figcaption class=\"wp-element-caption\">ceinture m\u00e9tallique<\/figcaption><\/figure> <\/figure> <\/div>    <div class=\"wp-block-column is-vertically-aligned-center is-layout-flow wp-block-column-is-layout-flow\" style=\"flex-basis:33.33%\"> <h4 class=\"wp-block-heading\"><strong>Ceinture en maille d'acier inoxydable<\/strong><\/h4>    <p>Son mat\u00e9riau n'est pas facile \u00e0 endommager et a une longue dur\u00e9e de vie. Et chaque couche de bande transporteuse \u00e0 mailles est \u00e9quip\u00e9e d'un moteur \u00e0 vitesse r\u00e9glable. De cette fa\u00e7on, le convoyeur \u00e0 bande maill\u00e9e\u00a0peut\u00a0\u00eatre d\u00e9plac\u00e9 uniform\u00e9ment.<\/p> <\/div> <\/div>    <div class=\"wp-block-columns has-background is-layout-flex wp-container-core-columns-is-layout-28f84493 wp-block-columns-is-layout-flex\" style=\"background-color:#f1f1f1\"> <div class=\"wp-block-column is-vertically-aligned-center is-layout-flow wp-block-column-is-layout-flow\" style=\"flex-basis:33.33%\"> <h4 class=\"wp-block-heading\"><strong>Entr\u00e9e<\/strong><\/h4>    <p>Non seulement il peut \u00eatre aliment\u00e9 en continu. Et le s\u00e9choir \u00e0 bande \u00e0 mailles continues peut automatiquement r\u00e9partir le mat\u00e9riau<\/p> <\/div>    <div class=\"wp-block-column is-layout-flow wp-block-column-is-layout-flow\" style=\"flex-basis:66.66%\"> <figure class=\"wp-block-gallery has-nested-images columns-default is-cropped wp-block-gallery-6 is-layout-flex wp-block-gallery-is-layout-flex\"> <figure class=\"wp-block-image size-large\"><img loading=\"lazy\" decoding=\"async\" width=\"720\" height=\"540\" data-id=\"1969\" src=\"https:\/\/charcoalplant.com\/wp-content\/uploads\/2022\/01\/mesh-blet-dryer.jpg\" alt=\"s\u00e9choir \u00e0 mailles\" class=\"wp-image-1969\"\/><figcaption class=\"wp-element-caption\">s\u00e9choir \u00e0 mailles<\/figcaption><\/figure> <\/figure> <\/div> <\/div>    <h3 class=\"wp-block-heading\">Param\u00e8tres du s\u00e9choir \u00e0 bande \u00e0 mailles continues<\/h3>    <figure class=\"wp-block-table is-style-stripes\"><table><tbody><tr><td>Mod\u00e8le<\/td><td>LTWD-6<\/td><td>LTWD-8<\/td><td>LTWD-10<\/td><td>LTWD-12<\/td><td>LTWD-16<\/td><td>LTWD-20<\/td><td>LTWD-24<\/td><td>LTWD-30<\/td><\/tr><tr><td>Largeur de la ceinture<\/td><td>600mm<\/td><td>800mm<\/td><td>1000mm<\/td><td>1200 mm<\/td><td>1600mm<\/td><td>2000 mm<\/td><td>2400mm<\/td><td>3000 mm<\/td><\/tr><tr><td>Longueur de la section de s\u00e9chage<\/td><td>6-12<\/td><td>6-12<\/td><td>6-16<\/td><td>8-16<\/td><td>8-22<\/td><td>10-26<\/td><td>12-30<\/td><td>12-40<\/td><\/tr><tr><td>Longueur de la section d'alimentation<\/td><td>1<\/td><td>1<\/td><td>1<\/td><td>1<\/td><td>1<\/td><td>1.5<\/td><td>1.5<\/td><td>2<\/td><\/tr><tr><td>Longueur de la section de transmission<\/td><td>1<\/td><td>1<\/td><td>1<\/td><td>1<\/td><td>1<\/td><td>1.5<\/td><td>1.5<\/td><td>2<\/td><\/tr><tr><td>Zone de s\u00e9chage<\/td><td>3,6-36\u00a0m2<\/td><td>4,8-48\u00a0m2<\/td><td>6-80\u00a0m2<\/td><td>7,2-96\u00a0m2<\/td><td>12,8-105,6\u00a0m2<\/td><td>20-260\u00a0m2<\/td><td>28,8-360\u00a0m2<\/td><\/tr><\/tbody><\/table><\/figure>    <h2 class=\"wp-block-heading\">Vente de charbon<strong><strong><strong> <\/strong><\/strong><\/strong>S\u00e8che-linge <\/h2>    <p class=\"translation-block\">Les s\u00e9choirs \u00e0 briquettes de charbon apparaissent souvent dans les <a href=\"https:\/\/charcoalplant.com\/fr\/shisha-charcoal-production-line\/\"><strong>lignes de production de charbon pour narguil\u00e9<\/strong><\/a>, les lignes de production de charbon fa\u00e7onn\u00e9 et les lignes de production de charbon. De plus, la briquette de charbon s\u00e9ch\u00e9e peut \u00eatre directement emball\u00e9e \u00e0 l'aide d'une <a href=\"https:\/\/charcoalplant.com\/fr\/briquettes-packing-machine\/charcoal-briquettes-packing-machine\/\"><strong>machine d'emballage de briquettes de charbon<\/strong>.<\/a> Nous vendons de petites salles de s\u00e9chage de briquettes de charbon et des s\u00e9choirs \u00e0 bande. Leurs sp\u00e9cifications sont flexibles et personnalisables. Par cons\u00e9quent, vous pouvez nous faire part de vos exigences sp\u00e9cifiques et nous vous fournirons les param\u00e8tres sp\u00e9cifiques de la machine.<\/p>    <figure class=\"wp-block-gallery has-nested-images columns-2 is-cropped wp-block-gallery-7 is-layout-flex wp-block-gallery-is-layout-flex\"> <figure class=\"wp-block-image size-large\"><img loading=\"lazy\" decoding=\"async\" width=\"720\" height=\"540\" data-id=\"1482\" src=\"https:\/\/charcoalplant.com\/wp-content\/uploads\/2021\/12\/Mesh-belt-dryer-shipment-1.jpg\" alt=\"Exp\u00e9dition de s\u00e9choir \u00e0 bande maill\u00e9e\" class=\"wp-image-1482\" srcset=\"https:\/\/charcoalplant.com\/wp-content\/uploads\/2021\/12\/Mesh-belt-dryer-shipment-1.jpg 720w, https:\/\/charcoalplant.com\/wp-content\/uploads\/2021\/12\/Mesh-belt-dryer-shipment-1-300x225.jpg 300w\" sizes=\"auto, (max-width: 720px) 100vw, 720px\" \/><figcaption class=\"wp-element-caption\">Exp\u00e9dition de s\u00e9choir \u00e0 bande maill\u00e9e<\/figcaption><\/figure>    <figure class=\"wp-block-image size-large\"><img loading=\"lazy\" decoding=\"async\" width=\"720\" height=\"540\" data-id=\"2626\" src=\"https:\/\/charcoalplant.com\/wp-content\/uploads\/2022\/03\/charcoal-briquette-dryer-for-sale.jpg\" alt=\"S\u00e9choir \u00e0 briquettes de charbon de bois \u00e0 vendre\" class=\"wp-image-2626\"\/><figcaption class=\"wp-element-caption\">S\u00e9choir \u00e0 briquettes de charbon de bois \u00e0 vendre<\/figcaption><\/figure>    <figure class=\"wp-block-image size-large\"><img loading=\"lazy\" decoding=\"async\" width=\"633\" height=\"460\" data-id=\"2627\" src=\"https:\/\/charcoalplant.com\/wp-content\/uploads\/2022\/03\/drying-machine-plant.png\" alt=\"usine de s\u00e9chage\" class=\"wp-image-2627\"\/><figcaption class=\"wp-element-caption\">usine de s\u00e9chage<\/figcaption><\/figure>    <figure class=\"wp-block-image size-full\"><img loading=\"lazy\" decoding=\"async\" width=\"720\" height=\"540\" data-id=\"1967\" src=\"https:\/\/charcoalplant.com\/wp-content\/uploads\/2022\/01\/tray.jpg\" alt=\"plateau\" class=\"wp-image-1967\"\/><figcaption class=\"wp-element-caption\">plateau<\/figcaption><\/figure> <\/figure>    <h2 class=\"wp-block-heading\">Conclusion <\/h2>    <p class=\"translation-block\">Les s\u00e9cheuses de briquettes de charbon sont une partie cruciale de l\u2019ensemble de la <strong><a href=\"https:\/\/charcoalplant.com\/fr\/charcoal-making-machine\/\">ligne de production de charbon<\/a><\/strong>. En r\u00e9duisant le taux d\u2019humidit\u00e9 des briquettes, ces machines am\u00e9liorent leurs caract\u00e9ristiques d\u2019allumage et de combustion, pr\u00e9viennent la croissance des moisissures et des microorganismes, et augmentent leur dur\u00e9e de conservation. Comme la popularit\u00e9 des briquettes de charbon continue de cro\u00eetre, la recherche et le d\u00e9veloppement dans ce domaine continueront probablement d\u2019am\u00e9liorer l\u2019efficacit\u00e9 et l\u2019efficacit\u00e9 des s\u00e9cheuses de briquettes de charbon. Il est important pour les acheteurs de prendre en compte les diff\u00e9rents facteurs lors du choix d\u2019un s\u00e8cheur, et de l\u2019entretenir et le nettoyer r\u00e9guli\u00e8rement pour s\u2019assurer qu\u2019il continue de fonctionner au mieux. Si vous avez besoin, veuillez contacter les experts de Shuliy pour des conseils professionnels. <\/p>","protected":false},"excerpt":{"rendered":"<p>Le s\u00e9choir \u00e0 briquettes de charbon de bois est polyvalent et a un grand rendement. Il peut s\u00e9cher toutes sortes de mat\u00e9riaux sans restriction.<\/p>","protected":false},"author":1,"featured_media":1492,"parent":0,"template":"","tags":[60],"product-type":[45],"class_list":["post-1468","product","type-product","status-publish","has-post-thumbnail","hentry","tag-drying-machine","product-type-drying-machine"],"_links":{"self":[{"href":"https:\/\/charcoalplant.com\/fr\/wp-json\/wp\/v2\/product\/1468","targetHints":{"allow":["GET"]}}],"collection":[{"href":"https:\/\/charcoalplant.com\/fr\/wp-json\/wp\/v2\/product"}],"about":[{"href":"https:\/\/charcoalplant.com\/fr\/wp-json\/wp\/v2\/types\/product"}],"author":[{"embeddable":true,"href":"https:\/\/charcoalplant.com\/fr\/wp-json\/wp\/v2\/users\/1"}],"wp:featuredmedia":[{"embeddable":true,"href":"https:\/\/charcoalplant.com\/fr\/wp-json\/wp\/v2\/media\/1492"}],"wp:attachment":[{"href":"https:\/\/charcoalplant.com\/fr\/wp-json\/wp\/v2\/media?parent=1468"}],"wp:term":[{"taxonomy":"post_tag","embeddable":true,"href":"https:\/\/charcoalplant.com\/fr\/wp-json\/wp\/v2\/tags?post=1468"},{"taxonomy":"product-type","embeddable":true,"href":"https:\/\/charcoalplant.com\/fr\/wp-json\/wp\/v2\/product-type?post=1468"}],"curies":[{"name":"wp","href":"https:\/\/api.w.org\/{rel}","templated":true}]}}