{"id":1497,"date":"2021-12-23T03:51:11","date_gmt":"2021-12-23T03:51:11","guid":{"rendered":"https:\/\/charcoalplant.com\/?p=1497"},"modified":"2023-02-01T15:40:52","modified_gmt":"2023-02-01T07:40:52","slug":"charcoal-briquettes-packing-machine","status":"publish","type":"product","link":"https:\/\/charcoalplant.com\/fr\/product\/charcoal-briquettes-packing-machine\/","title":{"rendered":"Machine d'emballage de briquettes de charbon de bois | Flexible et efficace"},"content":{"rendered":"<div class=\"kk-star-ratings kksr-auto kksr-align-left kksr-valign-top\"     data-payload='{&quot;align&quot;:&quot;left&quot;,&quot;id&quot;:&quot;1497&quot;,&quot;slug&quot;:&quot;default&quot;,&quot;valign&quot;:&quot;top&quot;,&quot;ignore&quot;:&quot;&quot;,&quot;reference&quot;:&quot;auto&quot;,&quot;class&quot;:&quot;&quot;,&quot;count&quot;:&quot;20&quot;,&quot;legendonly&quot;:&quot;&quot;,&quot;readonly&quot;:&quot;&quot;,&quot;score&quot;:&quot;4.7&quot;,&quot;starsonly&quot;:&quot;&quot;,&quot;best&quot;:&quot;5&quot;,&quot;gap&quot;:&quot;5&quot;,&quot;greet&quot;:&quot;Rate this product&quot;,&quot;legend&quot;:&quot;4.7\\\/5 - (20 votes)&quot;,&quot;size&quot;:&quot;24&quot;,&quot;title&quot;:&quot;Charcoal Briquettes Packing Machine | Flexible \\u0026amp; Efficient&quot;,&quot;width&quot;:&quot;133.8&quot;,&quot;_legend&quot;:&quot;{score}\\\/{best} - ({count} {votes})&quot;,&quot;font_factor&quot;:&quot;1.25&quot;}'>              <div class=\"kksr-stars\">      <div class=\"kksr-stars-inactive\">             <div class=\"kksr-star\" data-star=\"1\" style=\"padding-right: 5px\">               <div class=\"kksr-icon\" style=\"width: 24px; height: 24px;\"><\/div>         <\/div>             <div class=\"kksr-star\" data-star=\"2\" style=\"padding-right: 5px\">               <div class=\"kksr-icon\" style=\"width: 24px; height: 24px;\"><\/div>         <\/div>             <div class=\"kksr-star\" data-star=\"3\" style=\"padding-right: 5px\">               <div class=\"kksr-icon\" style=\"width: 24px; height: 24px;\"><\/div>         <\/div>             <div class=\"kksr-star\" data-star=\"4\" style=\"padding-right: 5px\">               <div class=\"kksr-icon\" style=\"width: 24px; height: 24px;\"><\/div>         <\/div>             <div class=\"kksr-star\" data-star=\"5\" style=\"padding-right: 5px\">               <div class=\"kksr-icon\" style=\"width: 24px; height: 24px;\"><\/div>         <\/div>     <\/div>      <div class=\"kksr-stars-active\" style=\"width: 133.8px;\">             <div class=\"kksr-star\" style=\"padding-right: 5px\">               <div class=\"kksr-icon\" style=\"width: 24px; height: 24px;\"><\/div>         <\/div>             <div class=\"kksr-star\" style=\"padding-right: 5px\">               <div class=\"kksr-icon\" style=\"width: 24px; height: 24px;\"><\/div>         <\/div>             <div class=\"kksr-star\" style=\"padding-right: 5px\">               <div class=\"kksr-icon\" style=\"width: 24px; height: 24px;\"><\/div>         <\/div>             <div class=\"kksr-star\" style=\"padding-right: 5px\">               <div class=\"kksr-icon\" style=\"width: 24px; height: 24px;\"><\/div>         <\/div>             <div class=\"kksr-star\" style=\"padding-right: 5px\">               <div class=\"kksr-icon\" style=\"width: 24px; height: 24px;\"><\/div>         <\/div>     <\/div> <\/div>                   <div class=\"kksr-legend\" style=\"font-size: 19.2px;\">             4,7\/5 - (20 voix)    <\/div>     <\/div>  <p class=\"translation-block\"><strong>Charcoal briquettes packing machine<\/strong> est un appareil utilis\u00e9 pour emballer des briquettes de charbon dans des sacs ou des contenants. Il comprend g\u00e9n\u00e9ralement un syst\u00e8me de pesage pour assurer un dosage pr\u00e9cis, ainsi qu'un m\u00e9canisme de scellement pour fermer et s\u00e9curiser les sacs ou les contenants. <\/p>    <p class=\"translation-block\">Machine \u00e0 emballer le charbon<strong> <\/strong>\u00e0 vendre de Shuliy comprend principalement la machine \u00e0 emballer le charbon \u00e0 hookah rond, la machine \u00e0 emballer le charbon \u00e0 hookah carr\u00e9, la machine \u00e0 emballer le charbon de barbecue et la machine \u00e0 emballer le charbon en nid d'abeille. Ces quatre machines d'emballage peuvent emballer efficacement le charbon en fonction des caract\u00e9ristiques de sa forme, de son poids et de ses conditions de stockage. Ci-dessous, je vais pr\u00e9senter les caract\u00e9ristiques et l'application des quatre machines \u00e0 emballer le charbon respectivement. <\/p>    <h2 class=\"wp-block-heading\" id=\"h-round-hookah-charcoal-packing-machine\"><strong>Type 1<\/strong>: <strong>Rond<\/strong> <strong>charbon de narguil\u00e9<\/strong> <strong>machine d'emballage<\/strong> <strong>\u00e0 vendre<\/strong><\/h2>    <p class=\"translation-block\"><strong>Round hookah charcoal packaging machine<\/strong> est \u00e9galement appel\u00e9e machine d\u201eemballage horizontale. Cette machine d\u201eemballage est \u00e9galement fr\u00e9quemment utilis\u00e9e dans les industries agroalimentaire et pharmaceutique. Elle est contr\u00f4l\u00e9e par un panneau CNC intelligent. Par cons\u00e9quent, les clients peuvent r\u00e9gler la longueur du sac d\u201eemballage, la vitesse d\u201eemballage, le nombre d\u201eemballages, etc. via l\u201eordinateur. Enfin, la plaque de charbon \u00e0 narguil\u00e9 est automatiquement emball\u00e9e et scell\u00e9e par le film d\u201eemballage. <\/p>    <figure class=\"wp-block-image aligncenter size-full is-resized\"><img loading=\"lazy\" decoding=\"async\" src=\"https:\/\/charcoalplant.com\/wp-content\/uploads\/2022\/02\/shisha-packaging-machine-plant.jpg\" alt=\"usine de machines d&#039;emballage de charbon de bois\" class=\"wp-image-2496\" width=\"657\" height=\"491\"\/><figcaption class=\"wp-element-caption\">usine de machines d'emballage de charbon de bois<\/figcaption><\/figure>    <h3 class=\"wp-block-heading\">\u00c9quipement de support en option pour l'emballage du charbon de bois<\/h3>    <p class=\"translation-block\"><strong>Hookah charcoal dispenser<\/strong> a deux fonctions. D\u201eune part, la plaque de charbon \u00e0 narguil\u00e9 est nivel\u00e9e avant que le mat\u00e9riau ne soit distribu\u00e9. D\u201eautre part, ses trajectoires permettent de s\u00e9parer les produits individuels. Les paquets les plus courants de charbon \u00e0 narguil\u00e9 sur le march\u00e9 contiennent 10 pi\u00e8ces par sac. (Si la demande existe, notre usine peut personnaliser le distributeur multi-pistes)<\/p>    <figure class=\"wp-block-gallery has-nested-images columns-default is-cropped wp-block-gallery-2 is-layout-flex wp-block-gallery-is-layout-flex\"> <figure class=\"wp-block-image size-large\"><img loading=\"lazy\" decoding=\"async\" width=\"720\" height=\"540\" data-id=\"2494\" src=\"https:\/\/charcoalplant.com\/wp-content\/uploads\/2022\/02\/paving-the-hookah-charcoal.jpg\" alt=\"paver-le-narguil\u00e9-au charbon\" class=\"wp-image-2494\"\/><figcaption class=\"wp-element-caption\">paver-le-narguil\u00e9-au charbon<\/figcaption><\/figure>    <figure class=\"wp-block-image size-large\"><img loading=\"lazy\" decoding=\"async\" width=\"720\" height=\"540\" data-id=\"1766\" src=\"https:\/\/charcoalplant.com\/wp-content\/uploads\/2021\/12\/hookah-charcoal-packing-machine.jpg\" alt=\"distributeur de charbon de narguil\u00e9\" class=\"wp-image-1766\" srcset=\"https:\/\/charcoalplant.com\/wp-content\/uploads\/2021\/12\/hookah-charcoal-packing-machine.jpg 720w, https:\/\/charcoalplant.com\/wp-content\/uploads\/2021\/12\/hookah-charcoal-packing-machine-300x225.jpg 300w\" sizes=\"auto, (max-width: 720px) 100vw, 720px\" \/><figcaption class=\"wp-element-caption\">Distributeur de charbon de chicha<\/figcaption><\/figure> <\/figure>    <p class=\"translation-block\"><strong>Heat shrink packaging machine<\/strong> est un appareil qui emballe des produits ordinaires. L\u201eajout de film plastique \u00e0 l\u201eext\u00e9rieur du produit peut \u00e9viter que la bo\u00eete ne se raye et pr\u00e9venir l\u201ehumidit\u00e9.<\/p>    <h3 class=\"wp-block-heading\">Pr\u00e9sentoir rond d'emballage de charbon de bois hubbly<\/h3>    <figure class=\"wp-block-gallery has-nested-images columns-default is-cropped wp-block-gallery-3 is-layout-flex wp-block-gallery-is-layout-flex\"> <figure class=\"wp-block-image size-large\"><img loading=\"lazy\" decoding=\"async\" width=\"720\" height=\"540\" data-id=\"1770\" src=\"https:\/\/charcoalplant.com\/wp-content\/uploads\/2022\/01\/hookah-charcoal-briquette-wrapping-show.jpg\" alt=\"narguil\u00e9-charbon-briquette-emballage-show\" class=\"wp-image-1770\" srcset=\"https:\/\/charcoalplant.com\/wp-content\/uploads\/2022\/01\/hookah-charcoal-briquette-wrapping-show.jpg 720w, https:\/\/charcoalplant.com\/wp-content\/uploads\/2022\/01\/hookah-charcoal-briquette-wrapping-show-300x225.jpg 300w\" sizes=\"auto, (max-width: 720px) 100vw, 720px\" \/><figcaption class=\"wp-element-caption\">narguil\u00e9-charbon-briquette-emballage-show<\/figcaption><\/figure>    <figure class=\"wp-block-image size-large\"><img loading=\"lazy\" decoding=\"async\" width=\"720\" height=\"540\" data-id=\"1771\" src=\"https:\/\/charcoalplant.com\/wp-content\/uploads\/2022\/01\/shisha-charcoal-bagging-effect.jpg\" alt=\"effet d&#039;emballage de charbon de chicha\" class=\"wp-image-1771\" srcset=\"https:\/\/charcoalplant.com\/wp-content\/uploads\/2022\/01\/shisha-charcoal-bagging-effect.jpg 720w, https:\/\/charcoalplant.com\/wp-content\/uploads\/2022\/01\/shisha-charcoal-bagging-effect-300x225.jpg 300w\" sizes=\"auto, (max-width: 720px) 100vw, 720px\" \/><figcaption class=\"wp-element-caption\">effet d'emballage de charbon de chicha<\/figcaption><\/figure> <\/figure>    <figure class=\"wp-block-embed is-type-video is-provider-youtube wp-block-embed-youtube wp-embed-aspect-16-9 wp-has-aspect-ratio\"><div class=\"wp-block-embed__wrapper\"> <iframe loading=\"lazy\" title=\"Meilleure tablette de chicha au charbon de noix de coco | Usine rotative de machine \u00e0 comprim\u00e9s de narguil\u00e9#shishacharcoal#Arab\" width=\"500\" height=\"281\" src=\"https:\/\/www.youtube.com\/embed\/SCr3JOp5PN8?feature=oembed\" frameborder=\"0\" allow=\"accelerometer; autoplay; clipboard-write; encrypted-media; gyroscope; picture-in-picture; web-share\" referrerpolicy=\"strict-origin-when-cross-origin\" allowfullscreen><\/iframe> <\/div><\/figure>    <h3 class=\"wp-block-heading\">Param\u00e8tres de la machine d'emballage de charbon de bois<\/h3>    <p>Voici les param\u00e8tres des 3 mod\u00e8les de machines d\u2019emballage d\u2019oreillers.<\/p>    <figure class=\"wp-block-table is-style-stripes\"><table><tbody><tr><td class=\"has-text-align-left\" data-align=\"left\">           <strong>Mod\u00e8le<\/strong><\/td><td>         <strong>TH-250B<\/strong><\/td><td>       <strong>TH-250D<\/strong><\/td><td>         <strong>TH-250S<\/strong><\/td><\/tr><tr><td class=\"has-text-align-left\" data-align=\"left\">       <strong>Largeur du film <\/strong><\/td><td>         Max.250mm <\/td><td>       Max.250mm <\/td><td>         Max.180mm <\/td><\/tr><tr><td class=\"has-text-align-left\" data-align=\"left\">       <strong>Longueur de sac<\/strong><\/td><td>         65 ~ 190mm <br>        120 ~ 280mm<\/td><td>       90 ~ 220mm<\/td><td>         45 ~ 90mm<\/td><\/tr><tr><td class=\"has-text-align-left\" data-align=\"left\">       <strong>Largeur du sac<\/strong> <\/td><td>         30 ~ 110mm <\/td><td>       30 ~ 110mm <\/td><td>         30 ~ 80mm <\/td><\/tr><tr><td class=\"has-text-align-left\" data-align=\"left\">   <strong>Hauteur du produit<\/strong><\/td><td>         Max.40mm<\/td><td>       Max.55mm<\/td><td>         Max.35 mm<\/td><\/tr><tr><td class=\"has-text-align-left\" data-align=\"left\"> <strong>Diam\u00e8tre du rouleau de film <\/strong><\/td><td>         Max.320Tm <\/td><td>       Max.320Tm  <\/td><td>         Max.320Tm  <\/td><\/tr><tr><td class=\"has-text-align-left\" data-align=\"left\">   <strong>Vitesse d'emballage<\/strong> <\/td><td> 40-230Paquet\/min <\/td><td>40-230Paquet\/min  <\/td><td> 60-330Paquet\/min  <\/td><\/tr><\/tbody><\/table><\/figure>    <h2 class=\"wp-block-heading\" id=\"h-cube-shisha-charcoal-briquettes-packing-machine\"><strong>Type 2<\/strong>: <strong>Machine d'emballage de charbon de bois pour chicha en cube<\/strong> <strong>\u00e0 vendre<\/strong><\/h2>    <p>Afin de pr\u00e9senter plus clairement la machine d'emballage de charbon de narguil\u00e9, nous avons r\u00e9alis\u00e9 une vid\u00e9o Youtube. Vous trouverez ci-dessous la vid\u00e9o de travail de la machine d'emballage de charbon de bois pour narguil\u00e9 carr\u00e9. Bienvenue \u00e0 regarder, si vous le souhaitez, n'oubliez pas de vous abonner.<\/p>    <figure class=\"wp-block-embed is-type-video is-provider-youtube wp-block-embed-youtube wp-embed-aspect-16-9 wp-has-aspect-ratio\"><div class=\"wp-block-embed__wrapper\"> <iframe loading=\"lazy\" title=\"Presse \u00e0 charbon de narguil\u00e9 Rotary Cube | Machine de conditionnement de briquettes de poudre de charbon de bois#cubeshishacharcoal\" width=\"500\" height=\"281\" src=\"https:\/\/www.youtube.com\/embed\/Xr96E5YjIis?feature=oembed\" frameborder=\"0\" allow=\"accelerometer; autoplay; clipboard-write; encrypted-media; gyroscope; picture-in-picture; web-share\" referrerpolicy=\"strict-origin-when-cross-origin\" allowfullscreen><\/iframe> <\/div><\/figure>    <h3 class=\"wp-block-heading\">Pr\u00e9sentoir d'emballage de charbon de bois Hubbly Cube<\/h3>    <figure class=\"wp-block-gallery has-nested-images columns-default is-cropped wp-block-gallery-4 is-layout-flex wp-block-gallery-is-layout-flex\"> <figure class=\"wp-block-image size-large\"><img loading=\"lazy\" decoding=\"async\" width=\"720\" height=\"540\" data-id=\"2502\" src=\"https:\/\/charcoalplant.com\/wp-content\/uploads\/2022\/02\/72-Pcs-Box-Natural-Coconut-Shell-Cubes-Coal-Charcoal-for-Shisha.jpg\" alt=\"Bo\u00eete de 72 pi\u00e8ces, cubes de coquille de noix de coco naturels, charbon de bois pour chicha\" class=\"wp-image-2502\"\/><figcaption class=\"wp-element-caption\">Bo\u00eete de 72 pi\u00e8ces, cubes de coquille de noix de coco naturels, charbon de bois pour chicha<\/figcaption><\/figure>    <figure class=\"wp-block-image size-large\"><img loading=\"lazy\" decoding=\"async\" width=\"720\" height=\"540\" data-id=\"2503\" src=\"https:\/\/charcoalplant.com\/wp-content\/uploads\/2022\/02\/cube-charcoal-.jpg\" alt=\"cube-charbon\" class=\"wp-image-2503\"\/><figcaption class=\"wp-element-caption\">cube-charbon<\/figcaption><\/figure> <\/figure>    <h2 class=\"wp-block-heading\"><strong>Tapez 3<\/strong>: <strong>Machine d'emballage de charbon de bois pour barbecue<\/strong> <strong>\u00e0 vendre<\/strong><\/h2>    <p class=\"translation-block\">Ce type de machine d\u201eemballage de charbon est \u00e9galement appel\u00e9 machine d\u201eemballage quantitatif ou machine d\u201eemballage pond\u00e9rale. Par cons\u00e9quent, nous pouvons facilement comprendre comment la machine fonctionne. \u00c0 savoir, en contr\u00f4lant le poids des mati\u00e8res, les mati\u00e8res sont emball\u00e9es de mani\u00e8re uniforme. Les mati\u00e8res des <a href=\"https:\/\/tianhuipackingmachine.com\/5-50kg-granule-filling-machine\/\" target=\"_blank\" rel=\"noopener\">machines d\u201eemballage quantitatives<\/a> sont g\u00e9n\u00e9ralement des articles en vrac et en blocs. Par exemple, engrais, c\u00e9r\u00e9ales, <a href=\"https:\/\/charcoalplant.com\/fr\/product\/charcoal-ball-press-machine\/\"><strong>charbon bbq<\/strong><\/a>, farine, etc.<\/p>    <div class=\"wp-block-columns is-layout-flex wp-container-core-columns-is-layout-28f84493 wp-block-columns-is-layout-flex\"> <div class=\"wp-block-column is-layout-flow wp-block-column-is-layout-flow\"> <figure class=\"wp-block-image size-full\"><img loading=\"lazy\" decoding=\"async\" width=\"720\" height=\"540\" src=\"https:\/\/charcoalplant.com\/wp-content\/uploads\/2021\/12\/quantitative-packaging-machine.jpg\" alt=\"machine d&#039;emballage quantitative\" class=\"wp-image-3500\"\/><figcaption class=\"wp-element-caption\">machine d'emballage quantitative<\/figcaption><\/figure> <\/div>    <div class=\"wp-block-column is-layout-flow wp-block-column-is-layout-flow\"> <figure class=\"wp-block-image size-full\"><img loading=\"lazy\" decoding=\"async\" width=\"720\" height=\"540\" src=\"https:\/\/charcoalplant.com\/wp-content\/uploads\/2021\/12\/charcoal-briquette-filling-machine.jpg\" alt=\"machine de remplissage de briquettes de charbon de bois\" class=\"wp-image-3501\"\/><figcaption class=\"wp-element-caption\">machine de remplissage de briquettes de charbon de bois<\/figcaption><\/figure> <\/div> <\/div>    <h3 class=\"wp-block-heading\">Caract\u00e9ristiques d'emballage du charbon de bois pour barbecue<\/h3>    <p>Sa structure comprend principalement une entr\u00e9e d'alimentation, une porte, une tr\u00e9mie de pes\u00e9e, un ch\u00e2ssis, un capteur, un bo\u00eetier de commande, une machine de transport et d'emballage, etc. D'une part, il est livr\u00e9 avec son propre syst\u00e8me d'emballage. En revanche, ses sacs d'emballage peuvent \u00eatre s\u00e9lectionn\u00e9s de diff\u00e9rentes mani\u00e8res. Par exemple, le papier kraft, les sacs tiss\u00e9s, les sacs et les sacs en tissu.<\/p>    <figure class=\"wp-block-gallery has-nested-images columns-default is-cropped wp-block-gallery-5 is-layout-flex wp-block-gallery-is-layout-flex\"> <figure class=\"wp-block-image size-large\"><img loading=\"lazy\" decoding=\"async\" width=\"720\" height=\"540\" data-id=\"2499\" src=\"https:\/\/charcoalplant.com\/wp-content\/uploads\/2022\/02\/5kg-10kg-and-15kg-BBQ-charcoal-display.jpg\" alt=\"Pr\u00e9sentoir-charbon-BBQ 5kg-10kg-et-15kg\" class=\"wp-image-2499\"\/><figcaption class=\"wp-element-caption\">Pr\u00e9sentoir-charbon-BBQ 5kg-10kg-et-15kg<\/figcaption><\/figure>    <figure class=\"wp-block-image size-large\"><img loading=\"lazy\" decoding=\"async\" width=\"720\" height=\"540\" data-id=\"2500\" src=\"https:\/\/charcoalplant.com\/wp-content\/uploads\/2022\/02\/different-bags.jpg\" alt=\"diff\u00e9rents-sacs\" class=\"wp-image-2500\"\/><figcaption class=\"wp-element-caption\">diff\u00e9rents-sacs<\/figcaption><\/figure> <\/figure>    <h2 class=\"wp-block-heading\" id=\"h-bbq-coal-wrapper-equipment\"><strong>Type 4\u00a0:\u00a0Barbecue<\/strong> <strong>\u00e9quipement d'emballage de charbon<\/strong> <strong>\u00e0 vendre<\/strong> <\/h2>    <p class=\"translation-block\">Ce type de machine d\u201eemballage est appel\u00e9 machine de scellement et de coupe. Car sa technologie principale est l\u201eemballage thermo-r\u00e9tr\u00e9cissant. Il est donc aussi appel\u00e9 <a href=\"https:\/\/tianhuipackingmachine.com\/shrink-packing-machine\/\" target=\"_blank\" rel=\"noopener\"><strong>machine d\u201eemballage r\u00e9tractable<\/strong><\/a>. <\/p>    <figure class=\"wp-block-image aligncenter size-full\"><img loading=\"lazy\" decoding=\"async\" width=\"720\" height=\"540\" src=\"https:\/\/charcoalplant.com\/wp-content\/uploads\/2022\/01\/coal-wrapper-.jpg\" alt=\"emballage de charbon\" class=\"wp-image-1764\" srcset=\"https:\/\/charcoalplant.com\/wp-content\/uploads\/2022\/01\/coal-wrapper-.jpg 720w, https:\/\/charcoalplant.com\/wp-content\/uploads\/2022\/01\/coal-wrapper--300x225.jpg 300w\" sizes=\"auto, (max-width: 720px) 100vw, 720px\" \/><figcaption class=\"wp-element-caption\">emballage de charbon<\/figcaption><\/figure>    <h3 class=\"wp-block-heading\">Caract\u00e9ristiques d'emballage du charbon en nid d'abeille <\/h3>    <p class=\"translation-block\">Autrefois, les ma\u00eetres qui vendaient des briquettes comptaient sur la technologie pour charger et d\u00e9charger les briquettes. Ils d\u00e9pla\u00e7aient une pile de<strong><a href=\"https:\/\/charcoalplant.com\/fr\/coal-briquettes-production-line\/\"> briquettes<\/a><\/strong> \u00e0 la fois. Et cela endommagait souvent beaucoup de briquettes. Nous utilisons donc d\u00e9sormais la technologie d\u201eemballage plastique pour traiter un certain nombre de briquettes comme une unit\u00e9 d\u201eemballage. Cela est non seulement bon pour le chargement et le d\u00e9chargement mais aussi pour prot\u00e9ger <a href=\"https:\/\/charcoalplant.com\/fr\/product\/honeycomb-coal-press-machine\/\"><strong> briquettes en nid d\u2019abeille<\/strong><\/a>.<\/p>    <figure class=\"wp-block-gallery has-nested-images columns-default is-cropped wp-block-gallery-6 is-layout-flex wp-block-gallery-is-layout-flex\"> <figure class=\"wp-block-image size-large\"><img loading=\"lazy\" decoding=\"async\" width=\"720\" height=\"540\" data-id=\"1769\" src=\"https:\/\/charcoalplant.com\/wp-content\/uploads\/2022\/01\/coal-wrapping-effect.jpg\" alt=\"effet d&#039;enveloppement de charbon\" class=\"wp-image-1769\" srcset=\"https:\/\/charcoalplant.com\/wp-content\/uploads\/2022\/01\/coal-wrapping-effect.jpg 720w, https:\/\/charcoalplant.com\/wp-content\/uploads\/2022\/01\/coal-wrapping-effect-300x225.jpg 300w\" sizes=\"auto, (max-width: 720px) 100vw, 720px\" \/><figcaption class=\"wp-element-caption\">effet d'enveloppement de charbon<\/figcaption><\/figure>    <figure class=\"wp-block-image size-large\"><img loading=\"lazy\" decoding=\"async\" width=\"720\" height=\"540\" data-id=\"2501\" src=\"https:\/\/charcoalplant.com\/wp-content\/uploads\/2022\/02\/coconut-shell-charcoal-briquette.jpg\" alt=\"briquettes de charbon de bois-coquilles de noix de coco\" class=\"wp-image-2501\"\/><figcaption class=\"wp-element-caption\">briquettes de charbon de bois-coquilles de noix de coco<\/figcaption><\/figure> <\/figure>    <h2 class=\"wp-block-heading\" id=\"h-charcoal-briquettes-wrapping-machine-for-sale\"><strong>Machine d'emballage de briquettes de charbon de bois<\/strong> | <strong>meilleur prix<\/strong><\/h2>    <p>Nous vendons principalement trois types de machines d'emballage de briquettes de charbon de bois. Il s'agit de machines d'emballage d'oreillers, de machines d'emballage quantitatif et de machines d'emballage r\u00e9tractable. Pour diff\u00e9rents mat\u00e9riaux, nous vous recommanderons des machines de conditionnement sp\u00e9cifiques. Dans le m\u00eame temps, nous vous informerons \u00e9galement de son champ d'application et de ses pr\u00e9cautions. Ces trois machines d'emballage de briquettes de charbon de bois apparaissent souvent dans la cha\u00eene de production de briquettes de charbon de bois. Si vous \u00eates int\u00e9ress\u00e9, veuillez nous contacter. Nous fournirons le service le plus sinc\u00e8re.<\/p>","protected":false},"excerpt":{"rendered":"<p>La machine d'emballage de briquettes de charbon de bois est facile \u00e0 utiliser. Et il peut contenir du charbon de narguil\u00e9, des boules de charbon de bois, des b\u00e2tons de charbon, de la poudre de charbon de bois, etc.<\/p>","protected":false},"author":1,"featured_media":1503,"parent":0,"template":"","tags":[61],"product-type":[46],"class_list":["post-1497","product","type-product","status-publish","has-post-thumbnail","hentry","tag-briquettes-packing-machine","product-type-briquettes-packing-machine"],"_links":{"self":[{"href":"https:\/\/charcoalplant.com\/fr\/wp-json\/wp\/v2\/product\/1497","targetHints":{"allow":["GET"]}}],"collection":[{"href":"https:\/\/charcoalplant.com\/fr\/wp-json\/wp\/v2\/product"}],"about":[{"href":"https:\/\/charcoalplant.com\/fr\/wp-json\/wp\/v2\/types\/product"}],"author":[{"embeddable":true,"href":"https:\/\/charcoalplant.com\/fr\/wp-json\/wp\/v2\/users\/1"}],"wp:featuredmedia":[{"embeddable":true,"href":"https:\/\/charcoalplant.com\/fr\/wp-json\/wp\/v2\/media\/1503"}],"wp:attachment":[{"href":"https:\/\/charcoalplant.com\/fr\/wp-json\/wp\/v2\/media?parent=1497"}],"wp:term":[{"taxonomy":"post_tag","embeddable":true,"href":"https:\/\/charcoalplant.com\/fr\/wp-json\/wp\/v2\/tags?post=1497"},{"taxonomy":"product-type","embeddable":true,"href":"https:\/\/charcoalplant.com\/fr\/wp-json\/wp\/v2\/product-type?post=1497"}],"curies":[{"name":"wp","href":"https:\/\/api.w.org\/{rel}","templated":true}]}}