{"id":1519,"date":"2021-12-23T08:52:07","date_gmt":"2021-12-23T08:52:07","guid":{"rendered":"https:\/\/charcoalplant.com\/?p=1519"},"modified":"2023-02-02T16:37:10","modified_gmt":"2023-02-02T08:37:10","slug":"charcoal-raymond-mill","status":"publish","type":"product","link":"https:\/\/charcoalplant.com\/fr\/product\/charcoal-raymond-mill\/","title":{"rendered":"Moulin \u00e0 charbon de bois Raymond | Fraiseuse de poudre de charbon"},"content":{"rendered":"<div class=\"kk-star-ratings kksr-auto kksr-align-left kksr-valign-top\"     data-payload='{&quot;align&quot;:&quot;left&quot;,&quot;id&quot;:&quot;1519&quot;,&quot;slug&quot;:&quot;default&quot;,&quot;valign&quot;:&quot;top&quot;,&quot;ignore&quot;:&quot;&quot;,&quot;reference&quot;:&quot;auto&quot;,&quot;class&quot;:&quot;&quot;,&quot;count&quot;:&quot;8&quot;,&quot;legendonly&quot;:&quot;&quot;,&quot;readonly&quot;:&quot;&quot;,&quot;score&quot;:&quot;4.8&quot;,&quot;starsonly&quot;:&quot;&quot;,&quot;best&quot;:&quot;5&quot;,&quot;gap&quot;:&quot;5&quot;,&quot;greet&quot;:&quot;Rate this product&quot;,&quot;legend&quot;:&quot;4.8\\\/5 - (8 votes)&quot;,&quot;size&quot;:&quot;24&quot;,&quot;title&quot;:&quot;Charcoal Raymond Mill | Coal Powder Milling Machine&quot;,&quot;width&quot;:&quot;136.7&quot;,&quot;_legend&quot;:&quot;{score}\\\/{best} - ({count} {votes})&quot;,&quot;font_factor&quot;:&quot;1.25&quot;}'>              <div class=\"kksr-stars\">      <div class=\"kksr-stars-inactive\">             <div class=\"kksr-star\" data-star=\"1\" style=\"padding-right: 5px\">               <div class=\"kksr-icon\" style=\"width: 24px; height: 24px;\"><\/div>         <\/div>             <div class=\"kksr-star\" data-star=\"2\" style=\"padding-right: 5px\">               <div class=\"kksr-icon\" style=\"width: 24px; height: 24px;\"><\/div>         <\/div>             <div class=\"kksr-star\" data-star=\"3\" style=\"padding-right: 5px\">               <div class=\"kksr-icon\" style=\"width: 24px; height: 24px;\"><\/div>         <\/div>             <div class=\"kksr-star\" data-star=\"4\" style=\"padding-right: 5px\">               <div class=\"kksr-icon\" style=\"width: 24px; height: 24px;\"><\/div>         <\/div>             <div class=\"kksr-star\" data-star=\"5\" style=\"padding-right: 5px\">               <div class=\"kksr-icon\" style=\"width: 24px; height: 24px;\"><\/div>         <\/div>     <\/div>      <div class=\"kksr-stars-active\" style=\"width: 136.7px;\">             <div class=\"kksr-star\" style=\"padding-right: 5px\">               <div class=\"kksr-icon\" style=\"width: 24px; height: 24px;\"><\/div>         <\/div>             <div class=\"kksr-star\" style=\"padding-right: 5px\">               <div class=\"kksr-icon\" style=\"width: 24px; height: 24px;\"><\/div>         <\/div>             <div class=\"kksr-star\" style=\"padding-right: 5px\">               <div class=\"kksr-icon\" style=\"width: 24px; height: 24px;\"><\/div>         <\/div>             <div class=\"kksr-star\" style=\"padding-right: 5px\">               <div class=\"kksr-icon\" style=\"width: 24px; height: 24px;\"><\/div>         <\/div>             <div class=\"kksr-star\" style=\"padding-right: 5px\">               <div class=\"kksr-icon\" style=\"width: 24px; height: 24px;\"><\/div>         <\/div>     <\/div> <\/div>                   <div class=\"kksr-legend\" style=\"font-size: 19.2px;\">             4,8\/5 - (8 votes)    <\/div>     <\/div>  <p class=\"translation-block\"><strong>Le moulin \u00e0 charbon Raymond<\/strong> est un moulin robuste avec une puissance de concassage extr\u00eamement forte. Il peut traiter toutes sortes de mati\u00e8res premi\u00e8res non inflammables et non explosives ayant une duret\u00e9 de Mohs inf\u00e9rieure \u00e0 7. Cela inclut les minerais, le charbon, le charbon de bois, les c\u00e9ramiques, etc. Et il peut ajuster la finesse de broyage en fonction de la demande des mati\u00e8res premi\u00e8res. Son \u00e9ventail d'ajustement est compris entre 30 et 400 mailles. Par cons\u00e9quent, afin d'am\u00e9liorer la qualit\u00e9 des produits en charbon de bois, de nombreux fabricants de charbon de bois utilisent souvent des moulins Raymond dans <strong><a href=\"https:\/\/charcoalplant.com\/fr\/shisha-charcoal-production-line\/\">les lignes de production de charbon de bois<\/a><\/strong>. Si vous avez \u00e9galement besoin d'\u00e9quipements de broyage, veuillez nous contacter imm\u00e9diatement. Nous vous fournirons une machine \u00e0 broyer la poudre de charbon de bois rentable.<\/p>    <h2 class=\"wp-block-heading\" id=\"h-what-is-a-charcoal-raymond-mill\">Qu'est-ce qu'un moulin \u00e0 charbon Raymond ?<\/h2>    <p>Le moulin Raymond est un nouveau type d'\u00e9quipement de fraisage enti\u00e8rement automatique. Il peut non seulement broyer le mat\u00e9riau mais \u00e9galement s\u00e9parer la poudre. Autrement dit, il peut automatiquement s\u00e9parer et collecter les produits finis. Par cons\u00e9quent, le broyeur \u00e0 charbon de bois Raymond est un \u00e9quipement de concassage hautement automatis\u00e9.<\/p>    <figure class=\"wp-block-image aligncenter size-full\"><img loading=\"lazy\" decoding=\"async\" width=\"720\" height=\"540\" src=\"https:\/\/charcoalplant.com\/wp-content\/uploads\/2021\/12\/charcoal-Raymond-mill-plant-1-1.jpg\" alt=\"usine de charbon de bois Raymond\" class=\"wp-image-1528\" srcset=\"https:\/\/charcoalplant.com\/wp-content\/uploads\/2021\/12\/charcoal-Raymond-mill-plant-1-1.jpg 720w, https:\/\/charcoalplant.com\/wp-content\/uploads\/2021\/12\/charcoal-Raymond-mill-plant-1-1-300x225.jpg 300w\" sizes=\"auto, (max-width: 720px) 100vw, 720px\" \/><figcaption class=\"wp-element-caption\">usine de charbon de bois Raymond<\/figcaption><\/figure>    <h2 class=\"wp-block-heading\">Mati\u00e8re premi\u00e8re pour fraiseuse \u00e0 charbon de bois<\/h2>    <p>Charcoal Raymond Mill est un \u00e9quipement de broyage sp\u00e9cialis\u00e9. Par cons\u00e9quent, il peut broyer diverses mati\u00e8res premi\u00e8res et a un large \u00e9ventail d\u2019applications. Par exemple, le charbon, le charbon de bois, le charbon actif, le calcaire, la calcite, le granit, le kaolin et d'autres mati\u00e8res premi\u00e8res. L'humidit\u00e9 de ces mati\u00e8res premi\u00e8res doit \u00eatre maintenue dans les limites de 6%. Si l'humidit\u00e9 est trop importante, vous devez d'abord utiliser un s\u00e8che-linge pour s\u00e9cher les mati\u00e8res premi\u00e8res.<\/p>    <figure class=\"wp-block-gallery has-nested-images columns-default is-cropped wp-block-gallery-2 is-layout-flex wp-block-gallery-is-layout-flex\"> <figure class=\"wp-block-image size-large\"><img loading=\"lazy\" decoding=\"async\" width=\"720\" height=\"540\" data-id=\"2550\" src=\"https:\/\/charcoalplant.com\/wp-content\/uploads\/2022\/03\/charcoal-powder.jpg\" alt=\"poudre de charbon de bois\" class=\"wp-image-2550\"\/><figcaption class=\"wp-element-caption\">poudre de charbon de bois<\/figcaption><\/figure>    <figure class=\"wp-block-image size-large\"><img loading=\"lazy\" decoding=\"async\" width=\"720\" height=\"540\" data-id=\"2551\" src=\"https:\/\/charcoalplant.com\/wp-content\/uploads\/2022\/03\/mineral-material.jpg\" alt=\"mati\u00e8re min\u00e9rale\" class=\"wp-image-2551\"\/><figcaption class=\"wp-element-caption\">mati\u00e8re min\u00e9rale<\/figcaption><\/figure> <\/figure>    <h2 class=\"wp-block-heading\" id=\"h-structure-of-charcoal-powder-milling-machine\">Structure de la fraiseuse de poudre de charbon de bois<\/h2>    <p>La machine \u00e0 broyer le charbon de bois est \u00e9galement appel\u00e9e broyeur Raymond. Sa structure comprend principalement un cadre, un rouleau de meulage, un disque de meulage, un couvercle, un ventilateur, un analyseur, une pelle, un s\u00e9parateur cyclone, un pipeline, un moteur et d'autres pi\u00e8ces. <\/p>    <div class=\"wp-block-columns has-background is-layout-flex wp-container-core-columns-is-layout-28f84493 wp-block-columns-is-layout-flex\" style=\"background-color:#f1f1f1\"> <div class=\"wp-block-column is-layout-flow wp-block-column-is-layout-flow\" style=\"flex-basis:66.66%\"> <figure class=\"wp-block-gallery has-nested-images columns-default is-cropped wp-block-gallery-3 is-layout-flex wp-block-gallery-is-layout-flex\"> <figure class=\"wp-block-image size-large\"><img loading=\"lazy\" decoding=\"async\" width=\"720\" height=\"540\" data-id=\"1523\" src=\"https:\/\/charcoalplant.com\/wp-content\/uploads\/2021\/12\/Charcoal-Raymond-mill-shovel-1.jpg\" alt=\"Pelle-\u00e0-charbon-Raymond-mill\" class=\"wp-image-1523\" srcset=\"https:\/\/charcoalplant.com\/wp-content\/uploads\/2021\/12\/Charcoal-Raymond-mill-shovel-1.jpg 720w, https:\/\/charcoalplant.com\/wp-content\/uploads\/2021\/12\/Charcoal-Raymond-mill-shovel-1-300x225.jpg 300w\" sizes=\"auto, (max-width: 720px) 100vw, 720px\" \/><figcaption class=\"wp-element-caption\">Pelle-\u00e0-charbon-Raymond-mill<\/figcaption><\/figure> <\/figure> <\/div>    <div class=\"wp-block-column is-vertically-aligned-center is-layout-flow wp-block-column-is-layout-flow\" style=\"flex-basis:33.33%\"> <p class=\"translation-block\"><strong>Blade<\/strong><\/p>    <p>La lame du moulin Raymond est l'un des accessoires courants du moulin Raymond, et c'est \u00e9galement l'un des accessoires importants dans les travaux de fraisage.<\/p> <\/div> <\/div>    <div class=\"wp-block-columns has-background is-layout-flex wp-container-core-columns-is-layout-28f84493 wp-block-columns-is-layout-flex\" style=\"background-color:#f1f1f1\"> <div class=\"wp-block-column is-vertically-aligned-center is-layout-flow wp-block-column-is-layout-flow\" style=\"flex-basis:33.33%\"> <p class=\"translation-block\"><strong>Rouleau de broyage<\/strong><\/p>    <p>Il se caract\u00e9rise par une duret\u00e9 \u00e9lev\u00e9e, une bonne r\u00e9sistance \u00e0 l\u2019usure et des propri\u00e9t\u00e9s magn\u00e9tiques. Il est principalement utilis\u00e9 dans le domaine du traitement des poudres o\u00f9 les produits doivent \u00eatre d\u00e9ferr\u00e9s.<\/p> <\/div>    <div class=\"wp-block-column is-layout-flow wp-block-column-is-layout-flow\" style=\"flex-basis:66.66%\"> <figure class=\"wp-block-gallery has-nested-images columns-default is-cropped wp-block-gallery-4 is-layout-flex wp-block-gallery-is-layout-flex\"> <figure class=\"wp-block-image size-full\"><img loading=\"lazy\" decoding=\"async\" width=\"720\" height=\"540\" data-id=\"2555\" src=\"https:\/\/charcoalplant.com\/wp-content\/uploads\/2022\/03\/grinding-roller-1.jpg\" alt=\"\" class=\"wp-image-2555\"\/><\/figure> <\/figure> <\/div> <\/div>    <div class=\"wp-block-columns has-background is-layout-flex wp-container-core-columns-is-layout-28f84493 wp-block-columns-is-layout-flex\" style=\"background-color:#f1f1f1\"> <div class=\"wp-block-column is-layout-flow wp-block-column-is-layout-flow\" style=\"flex-basis:66.66%\"> <figure class=\"wp-block-gallery has-nested-images columns-default is-cropped wp-block-gallery-5 is-layout-flex wp-block-gallery-is-layout-flex\"> <figure class=\"wp-block-image size-large\"><img loading=\"lazy\" decoding=\"async\" width=\"720\" height=\"540\" data-id=\"2547\" src=\"https:\/\/charcoalplant.com\/wp-content\/uploads\/2022\/03\/analyzer-disc.jpg\" alt=\"\" class=\"wp-image-2547\"\/><\/figure> <\/figure> <\/div>    <div class=\"wp-block-column is-vertically-aligned-center is-layout-flow wp-block-column-is-layout-flow\" style=\"flex-basis:33.33%\"> <p class=\"translation-block\"><strong>Disque d'analyse<\/strong><\/p>    <p class=\"has-background\" style=\"background-color:#f1f1f1\">Les pales de l'analyseur du broyeur Raymond sont situ\u00e9es sur le blisk de l'analyseur. La structure \u00e0 lames inclin\u00e9es de l'analyseur du broyeur Raymond r\u00e9sout le probl\u00e8me selon lequel le flux d'air entre les pales de l'analyseur du broyeur \u00e0 charbon Raymond est tr\u00e8s fort et il est facile d'enlever certains mat\u00e9riaux de gros diam\u00e8tre. , le probl\u00e8me de la faible efficacit\u00e9 de classification.<\/p> <\/div> <\/div>    <p class=\"translation-block\">En g\u00e9n\u00e9ral, l'\u00e9quipement de support de la machine \u00e0 charbon Raymond comprend <strong><a href=\"https:\/\/charcoalplant.com\/fr\/hammer-mill\/\">un broyage \u00e0 marteaux<\/a><\/strong>, un \u00e9l\u00e9vateur \u00e0 godets, un alimentateur vibrant \u00e9lectromagn\u00e9tique, un cabinet de contr\u00f4le \u00e9lectrique, etc. Cet \u00e9quipement peut \u00eatre combin\u00e9 en une ligne de production de broyage enti\u00e8rement automatique. Si vous placez un<strong> <a href=\"https:\/\/charcoalplant.com\/fr\/grinder-and-mixer\/charcoal-powder-mixer\/\">moulin \u00e0 rouleaux<\/a><\/strong> et une machine \u00e0 tablettes de charbon de bois shisha derri\u00e8re le moulin \u00e0 poudre de carbone, cela devient une ligne de production de charbon de bois shisha.<\/p>    <h2 class=\"wp-block-heading\" id=\"h-how-does-the-coal-grinder-work\">Comment fonctionne le broyeur \u00e0 charbon ?<\/h2>    <ul class=\"wp-block-list\"> <li>Les mati\u00e8res premi\u00e8res qui doivent \u00eatre broy\u00e9es entrent dans le broyeur \u00e0 charbon de bois Raymond par le port d'alimentation. <\/li>    <li>Le mat\u00e9riau est \u00e9cras\u00e9 sous la friction et le roulement du rouleau de broyage et de la bague de broyage. Pendant cette p\u00e9riode, la lame sous le rouleau de broyage alimentera en continu le mat\u00e9riau entre le rouleau de broyage et l'anneau de broyage. <\/li>    <li>La poudre monte sous l\u2019action du ventilateur. La poudre qualifi\u00e9e passe par l'analyseur et le s\u00e9parateur cyclone pour la collecter. Au contraire, les mat\u00e9riaux non qualifi\u00e9s sont des mat\u00e9riaux qui ne peuvent \u00eatre abord\u00e9s en d\u00e9tail. Il tombera et continuera \u00e0 \u00eatre broy\u00e9. Parce que le vent est cyclique. Par cons\u00e9quent, le vent retourne au ventilateur apr\u00e8s avoir travers\u00e9 le syst\u00e8me de d\u00e9poussi\u00e9rage.<\/li> <\/ul>    <figure class=\"wp-block-image aligncenter size-full\"><img loading=\"lazy\" decoding=\"async\" width=\"720\" height=\"540\" src=\"https:\/\/charcoalplant.com\/wp-content\/uploads\/2021\/12\/charcoal-powder-mill.jpg\" alt=\"moulin \u00e0 poudre de charbon de bois\" class=\"wp-image-2554\"\/><figcaption class=\"wp-element-caption\">moulin \u00e0 poudre de charbon de bois<\/figcaption><\/figure>    <h2 class=\"has-vivid-red-color has-text-color wp-block-heading\">param\u00e8tres du moulin \u00e0 charbon de bois raymond<\/h2>    <figure class=\"wp-block-table is-style-stripes\"><table><tbody><tr><td>Mod\u00e8le<\/td><td>SL-RM3R1410<\/td><td>SL-RM3R1815<\/td><td>SL-RM3R2215<\/td><\/tr><tr><td>&nbsp;Longueur (mm)<\/td><td>3340<\/td><td>2300<\/td><td>3500<\/td><\/tr><tr><td> Largeur (mm)<\/td><td>3865<\/td><td>2860<\/td><td>4280<\/td><\/tr><tr><td> Haut (mm)<\/td><td>4500<\/td><td>2800<\/td><td>4900<\/td><\/tr><\/tbody><\/table><\/figure>    <h2 class=\"wp-block-heading\" id=\"h-coal-grinder-manufacturer\">Broyeur de charbon<strong> <\/strong>Fabricant<\/h2>    <p>Shuliy Machinery est un fabricant de machines \u00e0 charbon int\u00e9grant la R&amp;D, la conception et la fabrication. Nous avons non seulement plus de dix ans d\u2019exp\u00e9rience dans la fabrication. Et nous disposons d\u2019une riche exp\u00e9rience en affaires. L\u2019usine contr\u00f4le strictement le mod\u00e8le, la composition, la taille et d\u2019autres sp\u00e9cifications des pi\u00e8ces de rechange de l\u2019\u00e9quipement. Par cons\u00e9quent, notre usine peut produire des \u00e9quipements largement appr\u00e9ci\u00e9s par les march\u00e9s nationaux et \u00e9trangers. Tels que le moulin Raymond et le m\u00e9langeur de poudre de charbon. Bienvenue \u00e0 nous contacter pour une consultation commerciale.<\/p>    <figure class=\"wp-block-gallery has-nested-images columns-default is-cropped wp-block-gallery-6 is-layout-flex wp-block-gallery-is-layout-flex\"> <figure class=\"wp-block-image size-large\"><img loading=\"lazy\" decoding=\"async\" width=\"720\" height=\"540\" data-id=\"2559\" src=\"https:\/\/charcoalplant.com\/wp-content\/uploads\/2022\/03\/charcoal-raymond-mill-for-sale-1.jpg\" alt=\"charbon de bois-raymond-mill-\u00e0-vendre\" class=\"wp-image-2559\"\/><figcaption class=\"wp-element-caption\">charbon de bois-raymond-mill-\u00e0-vendre<\/figcaption><\/figure>    <figure class=\"wp-block-image size-large\"><img loading=\"lazy\" decoding=\"async\" width=\"720\" height=\"540\" data-id=\"2558\" src=\"https:\/\/charcoalplant.com\/wp-content\/uploads\/2022\/03\/coal-powder-mill-machine-plant.jpg\" alt=\"usine-de-machines-de-broyeur-de-poudre-de-charbon\" class=\"wp-image-2558\"\/><figcaption class=\"wp-element-caption\">usine-de-machines-de-broyeur-de-poudre-de-charbon<\/figcaption><\/figure> <\/figure>","protected":false},"excerpt":{"rendered":"<p>Charbon de bois Raymond Mill ne peut pas seulement broyer le charbon de bois. Il peut \u00e9galement broyer du minerai, de la pierre de quartz, du charbon, etc. Et la finesse de concassage peut \u00eatre ajust\u00e9e.<\/p>","protected":false},"author":1,"featured_media":1528,"parent":0,"template":"","tags":[62],"product-type":[42],"class_list":["post-1519","product","type-product","status-publish","has-post-thumbnail","hentry","tag-grinder-and-mixer","product-type-grinder-and-mixer"],"_links":{"self":[{"href":"https:\/\/charcoalplant.com\/fr\/wp-json\/wp\/v2\/product\/1519","targetHints":{"allow":["GET"]}}],"collection":[{"href":"https:\/\/charcoalplant.com\/fr\/wp-json\/wp\/v2\/product"}],"about":[{"href":"https:\/\/charcoalplant.com\/fr\/wp-json\/wp\/v2\/types\/product"}],"author":[{"embeddable":true,"href":"https:\/\/charcoalplant.com\/fr\/wp-json\/wp\/v2\/users\/1"}],"wp:featuredmedia":[{"embeddable":true,"href":"https:\/\/charcoalplant.com\/fr\/wp-json\/wp\/v2\/media\/1528"}],"wp:attachment":[{"href":"https:\/\/charcoalplant.com\/fr\/wp-json\/wp\/v2\/media?parent=1519"}],"wp:term":[{"taxonomy":"post_tag","embeddable":true,"href":"https:\/\/charcoalplant.com\/fr\/wp-json\/wp\/v2\/tags?post=1519"},{"taxonomy":"product-type","embeddable":true,"href":"https:\/\/charcoalplant.com\/fr\/wp-json\/wp\/v2\/product-type?post=1519"}],"curies":[{"name":"wp","href":"https:\/\/api.w.org\/{rel}","templated":true}]}}