{"id":1533,"date":"2021-12-27T05:48:53","date_gmt":"2021-12-27T05:48:53","guid":{"rendered":"https:\/\/charcoalplant.com\/?p=1533"},"modified":"2023-01-14T14:40:45","modified_gmt":"2023-01-14T06:40:45","slug":"charcoal-powder-mixer","status":"publish","type":"product","link":"https:\/\/charcoalplant.com\/fr\/product\/charcoal-powder-mixer\/","title":{"rendered":"M\u00e9langeur de poudre de charbon de bois | Malaxeur \u00e0 rouleaux de roue"},"content":{"rendered":"<div class=\"kk-star-ratings kksr-auto kksr-align-left kksr-valign-top\"     data-payload='{&quot;align&quot;:&quot;left&quot;,&quot;id&quot;:&quot;1533&quot;,&quot;slug&quot;:&quot;default&quot;,&quot;valign&quot;:&quot;top&quot;,&quot;ignore&quot;:&quot;&quot;,&quot;reference&quot;:&quot;auto&quot;,&quot;class&quot;:&quot;&quot;,&quot;count&quot;:&quot;24&quot;,&quot;legendonly&quot;:&quot;&quot;,&quot;readonly&quot;:&quot;&quot;,&quot;score&quot;:&quot;4.7&quot;,&quot;starsonly&quot;:&quot;&quot;,&quot;best&quot;:&quot;5&quot;,&quot;gap&quot;:&quot;5&quot;,&quot;greet&quot;:&quot;Rate this product&quot;,&quot;legend&quot;:&quot;4.7\\\/5 - (24 votes)&quot;,&quot;size&quot;:&quot;24&quot;,&quot;title&quot;:&quot;Charcoal Powder Mixer | Wheel Roller Mixing Machine&quot;,&quot;width&quot;:&quot;133.8&quot;,&quot;_legend&quot;:&quot;{score}\\\/{best} - ({count} {votes})&quot;,&quot;font_factor&quot;:&quot;1.25&quot;}'>              <div class=\"kksr-stars\">      <div class=\"kksr-stars-inactive\">             <div class=\"kksr-star\" data-star=\"1\" style=\"padding-right: 5px\">               <div class=\"kksr-icon\" style=\"width: 24px; height: 24px;\"><\/div>         <\/div>             <div class=\"kksr-star\" data-star=\"2\" style=\"padding-right: 5px\">               <div class=\"kksr-icon\" style=\"width: 24px; height: 24px;\"><\/div>         <\/div>             <div class=\"kksr-star\" data-star=\"3\" style=\"padding-right: 5px\">               <div class=\"kksr-icon\" style=\"width: 24px; height: 24px;\"><\/div>         <\/div>             <div class=\"kksr-star\" data-star=\"4\" style=\"padding-right: 5px\">               <div class=\"kksr-icon\" style=\"width: 24px; height: 24px;\"><\/div>         <\/div>             <div class=\"kksr-star\" data-star=\"5\" style=\"padding-right: 5px\">               <div class=\"kksr-icon\" style=\"width: 24px; height: 24px;\"><\/div>         <\/div>     <\/div>      <div class=\"kksr-stars-active\" style=\"width: 133.8px;\">             <div class=\"kksr-star\" style=\"padding-right: 5px\">               <div class=\"kksr-icon\" style=\"width: 24px; height: 24px;\"><\/div>         <\/div>             <div class=\"kksr-star\" style=\"padding-right: 5px\">               <div class=\"kksr-icon\" style=\"width: 24px; height: 24px;\"><\/div>         <\/div>             <div class=\"kksr-star\" style=\"padding-right: 5px\">               <div class=\"kksr-icon\" style=\"width: 24px; height: 24px;\"><\/div>         <\/div>             <div class=\"kksr-star\" style=\"padding-right: 5px\">               <div class=\"kksr-icon\" style=\"width: 24px; height: 24px;\"><\/div>         <\/div>             <div class=\"kksr-star\" style=\"padding-right: 5px\">               <div class=\"kksr-icon\" style=\"width: 24px; height: 24px;\"><\/div>         <\/div>     <\/div> <\/div>                   <div class=\"kksr-legend\" style=\"font-size: 19.2px;\">             4,7\/5 - (24 voix)    <\/div>     <\/div>  <p class=\"translation-block\"><strong>Le m\u00e9langeur de poudre de charbon<\/strong> est un \u00e9quipement de traitement n\u00e9cessaire dans l'ensemble de la ligne de production de charbon. Car son utilisation facilitera la production ult\u00e9rieure. Il est adapt\u00e9 au m\u00e9lange de divers mat\u00e9riaux humides et secs et de collo\u00efdes tels que charbon de bois, charbon de balle de riz, boue r\u00e9fractaire, argile, cendre volante, r\u00e9sidus de d\u00e9blais, scories, sable de moulage, etc. Vous pouvez laisser vos exigences ou nous appeler et nous vous servirons de tout c\u0153ur.<\/p>    <h2 class=\"wp-block-heading\" id=\"h-what-is-a-charcoal-powder-mixer-machine\"><strong>Qu'est-ce qu'un m\u00e9langeur de poudre de charbon de bois\u00a0?<\/strong><\/h2>    <p>Le m\u00e9langeur de poudre de charbon de bois est le principal \u00e9quipement de traitement pour la fabrication du charbon de bois. La fonction principale du m\u00e9langeur \u00e0 roues est de compacter et de remuer les mati\u00e8res premi\u00e8res. Et cette \u00e9tape constitue \u00e9galement la base du traitement de la machine de moulage ult\u00e9rieure.<\/p>    <figure class=\"wp-block-image aligncenter size-full\"><img loading=\"lazy\" decoding=\"async\" width=\"720\" height=\"540\" src=\"https:\/\/charcoalplant.com\/wp-content\/uploads\/2022\/03\/applications-of-charcoal-powder-mixer.jpg\" alt=\"applications du m\u00e9langeur de poudre de charbon de bois\" class=\"wp-image-2574\"\/><figcaption class=\"wp-element-caption\">applications du m\u00e9langeur de poudre de charbon de bois<\/figcaption><\/figure>    <h2 class=\"wp-block-heading\"><strong>Principe de fonctionnement du malaxeur \u00e0 rouleaux de roues<\/strong><\/h2>    <p>L'\u00e9quipement de m\u00e9lange de poudre de charbon de bois utilise des poulies \u00e0 courroie pour entra\u00eener deux rouleaux dans un mouvement circulaire. Son principe de fonctionnement principal est de m\u00e9langer enti\u00e8rement la poudre et le liant dans une bonne proportion avec de l'eau apr\u00e8s avoir roul\u00e9 et agit\u00e9. Le m\u00e9lange des mat\u00e9riaux est termin\u00e9 en 20 minutes environ. Enfin, les mat\u00e9riaux uniform\u00e9ment m\u00e9lang\u00e9s sont \u00e9vacu\u00e9s de la vanne situ\u00e9e au bas du broyeur \u00e0 roues.<\/p>    <figure class=\"wp-block-gallery has-nested-images columns-default is-cropped wp-block-gallery-2 is-layout-flex wp-block-gallery-is-layout-flex\"> <figure class=\"wp-block-image size-large\"><img loading=\"lazy\" decoding=\"async\" width=\"720\" height=\"540\" data-id=\"2585\" src=\"https:\/\/charcoalplant.com\/wp-content\/uploads\/2022\/03\/large-vetcial-coal-powder-machine.jpg\" alt=\"\" class=\"wp-image-2585\"\/><\/figure>    <figure class=\"wp-block-image size-full\"><img loading=\"lazy\" decoding=\"async\" width=\"720\" height=\"540\" data-id=\"1539\" src=\"https:\/\/charcoalplant.com\/wp-content\/uploads\/2021\/12\/wheel-roller-mixing-machine-for-sale-1.jpg\" alt=\"m\u00e9langeur-\u00e0-roues-\u00e0-vendre\" class=\"wp-image-1539\" srcset=\"https:\/\/charcoalplant.com\/wp-content\/uploads\/2021\/12\/wheel-roller-mixing-machine-for-sale-1.jpg 720w, https:\/\/charcoalplant.com\/wp-content\/uploads\/2021\/12\/wheel-roller-mixing-machine-for-sale-1-300x225.jpg 300w\" sizes=\"auto, (max-width: 720px) 100vw, 720px\" \/><figcaption class=\"wp-element-caption\">m\u00e9langeur-\u00e0-roues-\u00e0-vendre<\/figcaption><\/figure> <\/figure>    <h2 class=\"wp-block-heading\" id=\"h-charcoal-powder-mixer-structure\"><strong>Structure du m\u00e9langeur de poudre de charbon de bois<\/strong><strong><\/strong><\/h2>    <p>Le m\u00e9langeur de poudre de charbon de bois comprend principalement des rouleaux, des disques, des grattoirs, des r\u00e9ducteurs, des moteurs, des vannes et d'autres pi\u00e8ces. <\/p>    <div class=\"wp-block-columns has-background is-layout-flex wp-container-core-columns-is-layout-28f84493 wp-block-columns-is-layout-flex\" style=\"background-color:#f1f1f1\"> <div class=\"wp-block-column is-layout-flow wp-block-column-is-layout-flow\" style=\"flex-basis:66.66%\"> <figure class=\"wp-block-gallery has-nested-images columns-default is-cropped wp-block-gallery-3 is-layout-flex wp-block-gallery-is-layout-flex\"> <figure class=\"wp-block-image size-large\"><img loading=\"lazy\" decoding=\"async\" width=\"720\" height=\"540\" data-id=\"2578\" src=\"https:\/\/charcoalplant.com\/wp-content\/uploads\/2022\/03\/Roller.jpg\" alt=\"Rouleau\" class=\"wp-image-2578\"\/><figcaption class=\"wp-element-caption\">Rouleau<\/figcaption><\/figure> <\/figure> <\/div>    <div class=\"wp-block-column is-vertically-aligned-center is-layout-flow wp-block-column-is-layout-flow\" style=\"flex-basis:33.33%\"> <p class=\"translation-block\"><strong>Rouleaux<\/strong><\/p>    <p>Il y a deux rouleaux parmi eux, le but est donc aussi de mieux broyer les mati\u00e8res premi\u00e8res. L\u2019efficacit\u00e9 du travail est donc grandement am\u00e9lior\u00e9e.<\/p> <\/div> <\/div>    <div class=\"wp-block-columns has-background is-layout-flex wp-container-core-columns-is-layout-28f84493 wp-block-columns-is-layout-flex\" style=\"background-color:#f1f1f1\"> <div class=\"wp-block-column is-vertically-aligned-center is-layout-flow wp-block-column-is-layout-flow\" style=\"flex-basis:33.33%\"> <p class=\"translation-block\"><strong>Sortie<\/strong><\/p>    <p>L'orifice de d\u00e9charge du m\u00e9langeur de poussi\u00e8re de charbon de bois se trouve au bas de la machine. Par cons\u00e9quent, la poudre de charbon de bois transform\u00e9e est tr\u00e8s pratique \u00e0 utiliser directement.<\/p> <\/div>    <div class=\"wp-block-column is-layout-flow wp-block-column-is-layout-flow\" style=\"flex-basis:66.66%\"> <figure class=\"wp-block-gallery has-nested-images columns-default is-cropped wp-block-gallery-4 is-layout-flex wp-block-gallery-is-layout-flex\"> <figure class=\"wp-block-image size-large\"><img loading=\"lazy\" decoding=\"async\" width=\"753\" height=\"606\" data-id=\"2580\" src=\"https:\/\/charcoalplant.com\/wp-content\/uploads\/2022\/03\/outlet.jpg\" alt=\"sortie\" class=\"wp-image-2580\"\/><figcaption class=\"wp-element-caption\">sortie<\/figcaption><\/figure> <\/figure> <\/div> <\/div>    <div class=\"wp-block-columns has-background is-layout-flex wp-container-core-columns-is-layout-28f84493 wp-block-columns-is-layout-flex\" style=\"background-color:#f1f1f1\"> <div class=\"wp-block-column is-layout-flow wp-block-column-is-layout-flow\" style=\"flex-basis:66.66%\"> <figure class=\"wp-block-gallery has-nested-images columns-default is-cropped wp-block-gallery-5 is-layout-flex wp-block-gallery-is-layout-flex\"> <figure class=\"wp-block-image size-large\"><img loading=\"lazy\" decoding=\"async\" width=\"720\" height=\"540\" data-id=\"1523\" src=\"https:\/\/charcoalplant.com\/wp-content\/uploads\/2021\/12\/Charcoal-Raymond-mill-shovel-1.jpg\" alt=\"Pelle-\u00e0-charbon-Raymond-mill\" class=\"wp-image-1523\" srcset=\"https:\/\/charcoalplant.com\/wp-content\/uploads\/2021\/12\/Charcoal-Raymond-mill-shovel-1.jpg 720w, https:\/\/charcoalplant.com\/wp-content\/uploads\/2021\/12\/Charcoal-Raymond-mill-shovel-1-300x225.jpg 300w\" sizes=\"auto, (max-width: 720px) 100vw, 720px\" \/><figcaption class=\"wp-element-caption\">Pelle-\u00e0-charbon-Raymond-mill<\/figcaption><\/figure> <\/figure> <\/div>    <div class=\"wp-block-column is-vertically-aligned-center is-layout-flow wp-block-column-is-layout-flow\" style=\"flex-basis:33.33%\"> <p class=\"translation-block\"><strong>Truelle<\/strong><\/p>    <p>L'utilisation de la pelle est \u00e9galement tr\u00e8s astucieuse. D'une part, il nettoie le mat\u00e9riau pour obtenir l'effet d'un laminage r\u00e9p\u00e9t\u00e9. D'autre part, il joue \u00e9galement le r\u00f4le d'agitateur lors de la rotation.<\/p> <\/div> <\/div>    <h2 class=\"wp-block-heading\" id=\"h-features-of-coal-dust-milling-machine\"><strong>Caract\u00e9ristiques de la fraiseuse de poussi\u00e8re de charbon<\/strong><\/h2>    <p class=\"translation-block\"><strong>Shuliy Machinery<\/strong> est un excellent fabricant de <strong><a href=\"https:\/\/charcoalplant.com\/fr\/charcoal-making-machine\/\">machines \u00e0 charbon<\/a><\/strong> en Chine. La machine de m\u00e9lange de poudre de charbon produite par notre usine poss\u00e8de les caract\u00e9ristiques suivantes :<\/p>    <p>1. L'agitation et le broyage sont effectu\u00e9s simultan\u00e9ment. L'effet de m\u00e9lange est donc bon.<\/p>    <p>2. Parce que le m\u00e9langeur de charbon pulv\u00e9ris\u00e9 n\u2019a aucune pi\u00e8ce d\u2019usure. Il a donc une longue dur\u00e9e de vie<\/p>    <p>3. Mati\u00e8res premi\u00e8res abondantes et large application.<\/p>    <p>4. Entretien pratique et pas facile \u00e0 endommager.<\/p>    <p>5. Op\u00e9ration simple et fonctionnement stable.<\/p>    <figure class=\"wp-block-image aligncenter size-full\"><img loading=\"lazy\" decoding=\"async\" width=\"720\" height=\"540\" src=\"https:\/\/charcoalplant.com\/wp-content\/uploads\/2022\/03\/carbon-dust-mixing-machine-1.jpg\" alt=\"\" class=\"wp-image-2593\"\/><figcaption class=\"wp-element-caption\">m\u00e9langeur-de-poussi\u00e8re-de-carbone<\/figcaption><\/figure>    <h2 class=\"wp-block-heading\"><strong>Pourquoi vous recommandez-vous d\u2019utiliser un m\u00e9langeur \u00e0 charbon de bois\u00a0?<\/strong><\/h2>    <p class=\"translation-block\">Les m\u00e9langeurs verticaux de charbon sont le premier choix pour de nombreux fabricants cherchant \u00e0 produire des produits finis de haute qualit\u00e9. Par exemple, <strong><a href=\"https:\/\/charcoalplant.com\/fr\/charcoal-briquetting-machine\/rotary-hookah-tablet-press\/\">l\u2019usine de charbon \u00e0 chicha \u00e0 combustion rapide<\/a><\/strong>, artisanat c\u00e9ramique, production d\u2019aliments pour animaux, etc. \u00c9tant donn\u00e9 qu\u2019il existe \u00e0 la fois des effets de m\u00e9lange et d\u2019\u00e9crasement dans le processus de m\u00e9lange. Par cons\u00e9quent, l\u2019air entre les particules de mati\u00e8re peut \u00eatre \u00e9vacu\u00e9 plus facilement. Ainsi, la boue m\u00e9lang\u00e9e et l\u2019eau se m\u00e9langent de mani\u00e8re homog\u00e8ne. En bref, l\u2019utilisation de machines de m\u00e9lange \u00e0 rouleaux peut grandement am\u00e9liorer le taux d\u2019utilisation des mat\u00e9riaux.<\/p>    <figure class=\"wp-block-gallery has-nested-images columns-default is-cropped wp-block-gallery-6 is-layout-flex wp-block-gallery-is-layout-flex\"> <figure class=\"wp-block-image size-large\"><img loading=\"lazy\" decoding=\"async\" width=\"720\" height=\"540\" data-id=\"2611\" src=\"https:\/\/charcoalplant.com\/wp-content\/uploads\/2022\/03\/charcoal-powder-mixer-plant.jpg\" alt=\"usine de m\u00e9lange de poudre de charbon de bois\" class=\"wp-image-2611\"\/><figcaption class=\"wp-element-caption\">usine de m\u00e9lange de poudre de charbon de bois<\/figcaption><\/figure>    <figure class=\"wp-block-image size-large\"><img loading=\"lazy\" decoding=\"async\" width=\"720\" height=\"540\" data-id=\"2612\" src=\"https:\/\/charcoalplant.com\/wp-content\/uploads\/2022\/03\/factory-stock.jpg\" alt=\"stock d&#039;usine\" class=\"wp-image-2612\"\/><figcaption class=\"wp-element-caption\">stock d'usine<\/figcaption><\/figure> <\/figure>    <h2 class=\"wp-block-heading\"><strong>Vid\u00e9o du fabricant d'\u00e9quipement de m\u00e9lange de poussi\u00e8re de charbon<\/strong><\/h2>    <figure class=\"wp-block-embed is-type-video is-provider-youtube wp-block-embed-youtube wp-embed-aspect-16-9 wp-has-aspect-ratio\"><div class=\"wp-block-embed__wrapper\"> <iframe loading=\"lazy\" title=\"M\u00e9langeur de poudre de charbon de bois | Fabricant et fournisseur d&#039;\u00e9quipement de m\u00e9lange de poussi\u00e8re de charbon\" width=\"500\" height=\"281\" src=\"https:\/\/www.youtube.com\/embed\/l7g4RRgxObs?start=19&#038;feature=oembed\" frameborder=\"0\" allow=\"accelerometer; autoplay; clipboard-write; encrypted-media; gyroscope; picture-in-picture; web-share\" referrerpolicy=\"strict-origin-when-cross-origin\" allowfullscreen><\/iframe> <\/div><\/figure>    <h2 class=\"wp-block-heading\" id=\"h-parameters-of-wheel-roller-grinding-machine\"><strong>Param\u00e8tres du m\u00e9langeur \u00e0 rouleaux de roue<\/strong><\/h2>    <p class=\"translation-block\">Nous produisons des m\u00e9langeurs de poudre de carbone de diff\u00e9rentes sp\u00e9cifications. De plus, nous proposons des <strong><a href=\"https:\/\/charcoalplant.com\/fr\/info\/3-sl-cg1500-wheel-mills-were-sold-to-south-africa\/\">services personnalis\u00e9s<\/a><\/strong> pour les m\u00e9langeurs et les cha\u00eenes de production. Par cons\u00e9quent, si vous voulez conna\u00eetre le prix sp\u00e9cifique de la machine \u00e0 m\u00e9langer la poudre de carbone, veuillez nous contacter pour consultation. De plus, nous vous fournirons les derniers param\u00e8tres d\u2019\u00e9quipement.<\/p>    <p>Voici les param\u00e8tres de certains broyeurs \u00e0 roues, \u00e0 titre de r\u00e9f\u00e9rence uniquement\u00a0:<\/p>    <figure class=\"wp-block-table is-style-stripes\"><table><tbody><tr><td>Mod\u00e8le<\/td><td>SL-CG1<\/td><td>SL-CG2<\/td><td>SL-CG3<\/td><td>SL-CG4<\/td><\/tr><tr><td>Diam\u00e8tre du disque (mm)<\/td><td>1000<\/td><td>1200<\/td><td>1500<\/td><td>1600<\/td><\/tr><tr><td>Quantit\u00e9 d'alimentation (Kg)<\/td><td>110<\/td><td>150<\/td><td>350<\/td><td>450<\/td><\/tr><tr><td>Cycle de m\u00e9lange (min)<\/td><td>3-8<\/td><td>3-5<\/td><td>3-5<\/td><td>3-5<\/td><\/tr><tr><td>Capacit\u00e9 (t\/h)<\/td><td>1.5-2.5<\/td><td>1.5-3<\/td><td>7<\/td><td>9<\/td><\/tr><tr><td>Vitesse de broche (r\/min)<\/td><td>41<\/td><td>41<\/td><td>37<\/td><td>37<\/td><\/tr><tr><td>Puissance (KW)<\/td><td>5.5<\/td><td>7.5<\/td><td>15<\/td><td>18.5<\/td><\/tr><tr><td>Dimensions(m)<\/td><td>1*1*1.2<\/td><td>1.2*1.2*1.3<\/td><td>1.5*1.5*1.6<\/td><td>1.6*1.6*1.7<\/td><\/tr><tr><td>Poids(t)<\/td><td>1<\/td><td>1.2<\/td><td>2<\/td><td>2.5<\/td><\/tr><\/tbody><\/table><\/figure>    <h2 class=\"wp-block-heading\">Excellents m\u00e9langeurs de poudre de charbon de bois pr\u00eats \u00e0 \u00eatre exp\u00e9di\u00e9s<\/h2>    <figure class=\"wp-block-gallery has-nested-images columns-2 is-cropped wp-block-gallery-7 is-layout-flex wp-block-gallery-is-layout-flex\"> <figure class=\"wp-block-image size-large\"><img loading=\"lazy\" decoding=\"async\" width=\"720\" height=\"540\" data-id=\"2588\" src=\"https:\/\/charcoalplant.com\/wp-content\/uploads\/2022\/03\/small-charcoal-powder-mixer-for-sale-1.jpg\" alt=\"petit-m\u00e9langeur-de-poudre-de-charbon-\u00e0-vendre\" class=\"wp-image-2588\"\/><figcaption class=\"wp-element-caption\">petit-m\u00e9langeur-de-poudre-de-charbon-\u00e0-vendre<\/figcaption><\/figure>    <figure class=\"wp-block-image size-large\"><img loading=\"lazy\" decoding=\"async\" width=\"720\" height=\"540\" data-id=\"2590\" src=\"https:\/\/charcoalplant.com\/wp-content\/uploads\/2022\/03\/vertial-mixer-show.jpg\" alt=\"spectacle-mixeur-vertical\" class=\"wp-image-2590\"\/><figcaption class=\"wp-element-caption\">spectacle-mixeur-vertical<\/figcaption><\/figure>    <figure class=\"wp-block-image size-large\"><img loading=\"lazy\" decoding=\"async\" width=\"720\" height=\"540\" data-id=\"2587\" src=\"https:\/\/charcoalplant.com\/wp-content\/uploads\/2022\/03\/wheel-roller-for-sale.jpg\" alt=\"rouleau-roue-\u00e0-vendre\" class=\"wp-image-2587\"\/><figcaption class=\"wp-element-caption\">rouleau-roue-\u00e0-vendre<\/figcaption><\/figure>    <figure class=\"wp-block-image size-large\"><img loading=\"lazy\" decoding=\"async\" width=\"720\" height=\"540\" data-id=\"2589\" src=\"https:\/\/charcoalplant.com\/wp-content\/uploads\/2022\/03\/ship.jpg\" alt=\"exp\u00e9dition\" class=\"wp-image-2589\"\/><figcaption class=\"wp-element-caption\">exp\u00e9dition<\/figcaption><\/figure> <\/figure>","protected":false},"excerpt":{"rendered":"<p>Le m\u00e9langeur de poudre de charbon de bois est un \u00e9quipement int\u00e9grant le concassage et le m\u00e9lange. Et il n\u2019est pas affect\u00e9 par l\u2019humidit\u00e9 du mat\u00e9riau.<\/p>","protected":false},"author":1,"featured_media":1534,"parent":0,"template":"","tags":[62],"product-type":[42],"class_list":["post-1533","product","type-product","status-publish","has-post-thumbnail","hentry","tag-grinder-and-mixer","product-type-grinder-and-mixer"],"_links":{"self":[{"href":"https:\/\/charcoalplant.com\/fr\/wp-json\/wp\/v2\/product\/1533","targetHints":{"allow":["GET"]}}],"collection":[{"href":"https:\/\/charcoalplant.com\/fr\/wp-json\/wp\/v2\/product"}],"about":[{"href":"https:\/\/charcoalplant.com\/fr\/wp-json\/wp\/v2\/types\/product"}],"author":[{"embeddable":true,"href":"https:\/\/charcoalplant.com\/fr\/wp-json\/wp\/v2\/users\/1"}],"wp:featuredmedia":[{"embeddable":true,"href":"https:\/\/charcoalplant.com\/fr\/wp-json\/wp\/v2\/media\/1534"}],"wp:attachment":[{"href":"https:\/\/charcoalplant.com\/fr\/wp-json\/wp\/v2\/media?parent=1533"}],"wp:term":[{"taxonomy":"post_tag","embeddable":true,"href":"https:\/\/charcoalplant.com\/fr\/wp-json\/wp\/v2\/tags?post=1533"},{"taxonomy":"product-type","embeddable":true,"href":"https:\/\/charcoalplant.com\/fr\/wp-json\/wp\/v2\/product-type?post=1533"}],"curies":[{"name":"wp","href":"https:\/\/api.w.org\/{rel}","templated":true}]}}