{"id":1547,"date":"2021-12-27T08:05:11","date_gmt":"2021-12-27T08:05:11","guid":{"rendered":"https:\/\/charcoalplant.com\/?p=1547"},"modified":"2023-04-14T09:25:21","modified_gmt":"2023-04-14T01:25:21","slug":"charcoal-shredder","status":"publish","type":"product","link":"https:\/\/charcoalplant.com\/fr\/product\/charcoal-shredder\/","title":{"rendered":"Broyeur de charbon de bois | Machine de broyeur de charbon"},"content":{"rendered":"<div class=\"kk-star-ratings kksr-auto kksr-align-left kksr-valign-top\"     data-payload='{&quot;align&quot;:&quot;left&quot;,&quot;id&quot;:&quot;1547&quot;,&quot;slug&quot;:&quot;default&quot;,&quot;valign&quot;:&quot;top&quot;,&quot;ignore&quot;:&quot;&quot;,&quot;reference&quot;:&quot;auto&quot;,&quot;class&quot;:&quot;&quot;,&quot;count&quot;:&quot;27&quot;,&quot;legendonly&quot;:&quot;&quot;,&quot;readonly&quot;:&quot;&quot;,&quot;score&quot;:&quot;4.7&quot;,&quot;starsonly&quot;:&quot;&quot;,&quot;best&quot;:&quot;5&quot;,&quot;gap&quot;:&quot;5&quot;,&quot;greet&quot;:&quot;Rate this product&quot;,&quot;legend&quot;:&quot;4.7\\\/5 - (27 votes)&quot;,&quot;size&quot;:&quot;24&quot;,&quot;title&quot;:&quot;Charcoal Shredder | Coal Grinder Machine&quot;,&quot;width&quot;:&quot;133.8&quot;,&quot;_legend&quot;:&quot;{score}\\\/{best} - ({count} {votes})&quot;,&quot;font_factor&quot;:&quot;1.25&quot;}'>              <div class=\"kksr-stars\">      <div class=\"kksr-stars-inactive\">             <div class=\"kksr-star\" data-star=\"1\" style=\"padding-right: 5px\">               <div class=\"kksr-icon\" style=\"width: 24px; height: 24px;\"><\/div>         <\/div>             <div class=\"kksr-star\" data-star=\"2\" style=\"padding-right: 5px\">               <div class=\"kksr-icon\" style=\"width: 24px; height: 24px;\"><\/div>         <\/div>             <div class=\"kksr-star\" data-star=\"3\" style=\"padding-right: 5px\">               <div class=\"kksr-icon\" style=\"width: 24px; height: 24px;\"><\/div>         <\/div>             <div class=\"kksr-star\" data-star=\"4\" style=\"padding-right: 5px\">               <div class=\"kksr-icon\" style=\"width: 24px; height: 24px;\"><\/div>         <\/div>             <div class=\"kksr-star\" data-star=\"5\" style=\"padding-right: 5px\">               <div class=\"kksr-icon\" style=\"width: 24px; height: 24px;\"><\/div>         <\/div>     <\/div>      <div class=\"kksr-stars-active\" style=\"width: 133.8px;\">             <div class=\"kksr-star\" style=\"padding-right: 5px\">               <div class=\"kksr-icon\" style=\"width: 24px; height: 24px;\"><\/div>         <\/div>             <div class=\"kksr-star\" style=\"padding-right: 5px\">               <div class=\"kksr-icon\" style=\"width: 24px; height: 24px;\"><\/div>         <\/div>             <div class=\"kksr-star\" style=\"padding-right: 5px\">               <div class=\"kksr-icon\" style=\"width: 24px; height: 24px;\"><\/div>         <\/div>             <div class=\"kksr-star\" style=\"padding-right: 5px\">               <div class=\"kksr-icon\" style=\"width: 24px; height: 24px;\"><\/div>         <\/div>             <div class=\"kksr-star\" style=\"padding-right: 5px\">               <div class=\"kksr-icon\" style=\"width: 24px; height: 24px;\"><\/div>         <\/div>     <\/div> <\/div>                   <div class=\"kksr-legend\" style=\"font-size: 19.2px;\">             4,7\/5 - (27 voix)    <\/div>     <\/div>  <p class=\"translation-block\"><strong>Broyeur \u00e0 charbon<\/strong> et la machine d crushing du charbon apparaissent souvent dans le <strong><a href=\"https:\/\/charcoalplant.com\/fr\/charcoal-briquettes-production-line\/\">ligne de production de briquettes de charbon<\/a><\/strong>. Leur utilisation rendra l10expe9dition de lensemble de la ligne de production de charbon plus fluide. Shuliy\u00a0Machinery produit toutes sortes d?e9quipements de traitement du charbon. Si vous souhaitez en savoir plus sur notre machine broyeur, veuillez nous contacter imm\u00e9diatement. Et vous obtiendrez des informations sur le prix et les param\u00e8tres de lquipement.<\/p>    <h2 class=\"wp-block-heading\" id=\"h-type-1-charcoal-shredder-machine\"><strong>Type 1:<\/strong> <strong>Broyeur de charbon de bois<\/strong> <strong>machine<\/strong><\/h2>    <p>La machine \u00e0 poudre de charbon de bois est \u00e9galement appel\u00e9e broyeur de paille, machine de concassage de tiges de ma\u00efs. C'est \u00e9galement un nouveau type d'\u00e9quipement de protection de l'environnement. Parce qu'il comprend principalement la structure de l'orifice d'alimentation, du marteau, de la lame, du tamis et de l'orifice de d\u00e9charge. Par cons\u00e9quent, son principe de fonctionnement consiste \u00e0 utiliser une lame pour hacher d\u2019abord les mati\u00e8res premi\u00e8res. Ensuite, il est martel\u00e9 \u00e0 plusieurs reprises avec le marteau. Enfin, les mat\u00e9riaux qualifi\u00e9s passeront \u00e0 travers l'\u00e9cran.<\/p>    <figure class=\"wp-block-gallery has-nested-images columns-default is-cropped wp-block-gallery-2 is-layout-flex wp-block-gallery-is-layout-flex\"> <figure class=\"wp-block-image size-large\"><img loading=\"lazy\" decoding=\"async\" width=\"720\" height=\"540\" data-id=\"1555\" src=\"https:\/\/charcoalplant.com\/wp-content\/uploads\/2021\/12\/Charcoal-shredder-2-1.jpg\" alt=\"Broyeur de charbon de bois\" class=\"wp-image-1555\" srcset=\"https:\/\/charcoalplant.com\/wp-content\/uploads\/2021\/12\/Charcoal-shredder-2-1.jpg 720w, https:\/\/charcoalplant.com\/wp-content\/uploads\/2021\/12\/Charcoal-shredder-2-1-300x225.jpg 300w\" sizes=\"auto, (max-width: 720px) 100vw, 720px\" \/><figcaption class=\"wp-element-caption\">Broyeur de charbon de bois<\/figcaption><\/figure>    <figure class=\"wp-block-image size-large\"><img loading=\"lazy\" decoding=\"async\" width=\"720\" height=\"540\" data-id=\"1861\" src=\"https:\/\/charcoalplant.com\/wp-content\/uploads\/2021\/12\/charcoal-shredder-machine-plant.jpg\" alt=\"usine de broyeur de charbon de bois\" class=\"wp-image-1861\" srcset=\"https:\/\/charcoalplant.com\/wp-content\/uploads\/2021\/12\/charcoal-shredder-machine-plant.jpg 720w, https:\/\/charcoalplant.com\/wp-content\/uploads\/2021\/12\/charcoal-shredder-machine-plant-300x225.jpg 300w\" sizes=\"auto, (max-width: 720px) 100vw, 720px\" \/><figcaption class=\"wp-element-caption\">usine de broyeur de charbon de bois<\/figcaption><\/figure> <\/figure>    <h3 class=\"wp-block-heading\" id=\"h-application-of-charcoal-powder-machine\"><strong>Applications du charbon de bois<\/strong> <strong>machine de concassage<\/strong><\/h3>    <p>Les mati\u00e8res premi\u00e8res du petit broyeur de charbon de bois\u00a0sont nombreuses. Il peut non seulement \u00e9craser la paille, la paille, le bois, les mati\u00e8res m\u00e9dicinales chinoises, les \u00e9pices, le bambou et d'autres mati\u00e8res premi\u00e8res. Le mat\u00e9riau broy\u00e9 peut \u00eatre utilis\u00e9 pour fabriquer divers produits finis. Tels que le bois de santal, les serpentins anti-moustiques, les engrais de biomasse, le combustible de biomasse, le charbon de bois fabriqu\u00e9 \u00e0 la machine, les panneaux de particules et d'autres produits finis. En fait, les supports utilis\u00e9s pour cultiver des pleurotes, des champignons shiitake, des champignons, etc. sont \u00e9galement ces d\u00e9chets recycl\u00e9s.<\/p>    <figure class=\"wp-block-image aligncenter size-full\"><img loading=\"lazy\" decoding=\"async\" width=\"720\" height=\"540\" src=\"https:\/\/charcoalplant.com\/wp-content\/uploads\/2021\/12\/Charcoal-crusher-crushing-effect-1.jpg\" alt=\"Effet broyeur-charbon-broyeur\" class=\"wp-image-1556\" srcset=\"https:\/\/charcoalplant.com\/wp-content\/uploads\/2021\/12\/Charcoal-crusher-crushing-effect-1.jpg 720w, https:\/\/charcoalplant.com\/wp-content\/uploads\/2021\/12\/Charcoal-crusher-crushing-effect-1-300x225.jpg 300w\" sizes=\"auto, (max-width: 720px) 100vw, 720px\" \/><figcaption class=\"wp-element-caption\">Effet broyeur-charbon-broyeur<\/figcaption><\/figure>    <h3 class=\"wp-block-heading\"><strong>Param\u00e8tre de la machine \u00e0 broyer le charbon de bois<\/strong>s<\/h3>    <figure class=\"wp-block-table is-style-stripes\"><table><tbody><tr><td>Mod\u00e8le<\/td><td>SL-HM60<\/td><td>SL-HM70<\/td><td>SL-HM80<\/td><td>SL-HM90<\/td><td>SL-HM1000<\/td><td>SL-HM1300<\/td><\/tr><tr><td>Puissance (kw)<\/td><td>22<\/td><td>30<\/td><td>37<\/td><td>55<\/td><td>75<\/td><td>90<\/td><\/tr><tr><td>Marteaux (pi\u00e8ces)<\/td><td>30<\/td><td>40<\/td><td>50<\/td><td>50<\/td><td>105<\/td><td>105<\/td><\/tr><tr><td>Ventilateur (kW)<\/td><td>&nbsp;<\/td><td>&nbsp;<\/td><td>7.5<\/td><td>7.5<\/td><td>11<\/td><td>22<\/td><\/tr><tr><td>D\u00e9poussi\u00e9reur (pi\u00e8ces)<\/td><td>5<\/td><td>5<\/td><td>5<\/td><td>5<\/td><td>14<\/td><td>14<\/td><\/tr><tr><td>Diam\u00e8tre du cyclone (m)<\/td><td>1<\/td><td>1<\/td><td>1<\/td><td>1<\/td><td>1<\/td><td>1<\/td><\/tr><tr><td>Capacit\u00e9 (t\/h)<\/td><td>0.6-0.8<\/td><td>1-1.2<\/td><td>1.2-1.5<\/td><td>1.5-3<\/td><td>3-4<\/td><td>4-5<\/td><\/tr><\/tbody><\/table><\/figure>    <p>Les SL-HM 60 et SL-HM70 sont nos best-sellers. En raison de leur petite taille et de leur faible co\u00fbt. Le SL-HM 1300 est le plus courant.<\/p>    <h3 class=\"wp-block-heading\"><strong>Vid\u00e9o du broyeur de charbon de bois <\/strong><\/h3>    <p>La vid\u00e9o ci-dessous montre la capacit\u00e9 de la machine de fabrication de poudre de charbon de bois \u00e0 broyer une vari\u00e9t\u00e9 de mati\u00e8res premi\u00e8res. Par exemple, du charbon de bois, de la paille, du papier, des b\u00fbches, etc.<\/p>    <figure class=\"wp-block-embed is-type-video is-provider-youtube wp-block-embed-youtube wp-embed-aspect-16-9 wp-has-aspect-ratio\"><div class=\"wp-block-embed__wrapper\"> <iframe loading=\"lazy\" title=\"Broyeur \u00e0 marteaux en coquille de noix de coco, offre sp\u00e9ciale | Broyeur de paille pour usine d&#039;alimentation animale#biomasse#charcoalconcassage\" width=\"500\" height=\"281\" src=\"https:\/\/www.youtube.com\/embed\/Jvb6txakGeQ?feature=oembed\" frameborder=\"0\" allow=\"accelerometer; autoplay; clipboard-write; encrypted-media; gyroscope; picture-in-picture; web-share\" referrerpolicy=\"strict-origin-when-cross-origin\" allowfullscreen><\/iframe> <\/div><\/figure>    <h2 class=\"wp-block-heading\" id=\"h-type-2-coal-grinder-machine\"><strong>Type 2:<\/strong> <strong>Broyeur de charbon<\/strong><\/h2>    <p>Le concasseur de charbon est appel\u00e9 concasseur composite vertical. Il est \u00e9galement connu sous le nom de pulv\u00e9risateur de pierre et de broyeur compos\u00e9. Il adopte non seulement intelligemment le principe de fonctionnement de la pierre battante. De plus, il a \u00e9galement deux fonctions : le broyage fin et le broyage grossier. Sa structure comprend principalement un dispositif de transmission, un arbre principal, un cylindre, un couvercle sup\u00e9rieur et une base. <\/p>    <p>Son principe de fonctionnement est que le charbon tombe d'abord verticalement de la partie sup\u00e9rieure de la machine dans la turbine rotative \u00e0 grande vitesse. Ensuite, les mat\u00e9riaux sont \u00e9cras\u00e9s apr\u00e8s s'\u00eatre heurt\u00e9s \u00e0 plusieurs reprises. Enfin, il est \u00e9vacu\u00e9 directement par le bas. Il existe un \u00e9quipement de criblage \u00e0 contr\u00f4ler pour obtenir la taille de particule requise du produit fini.<\/p>    <figure class=\"wp-block-gallery has-nested-images columns-default is-cropped wp-block-gallery-3 is-layout-flex wp-block-gallery-is-layout-flex\"> <figure class=\"wp-block-image size-large\"><img loading=\"lazy\" decoding=\"async\" width=\"720\" height=\"540\" data-id=\"1863\" src=\"https:\/\/charcoalplant.com\/wp-content\/uploads\/2021\/12\/Charcoal-shredder.jpg\" alt=\"Broyeur de charbon de bois\" class=\"wp-image-1863\" srcset=\"https:\/\/charcoalplant.com\/wp-content\/uploads\/2021\/12\/Charcoal-shredder.jpg 720w, https:\/\/charcoalplant.com\/wp-content\/uploads\/2021\/12\/Charcoal-shredder-300x225.jpg 300w\" sizes=\"auto, (max-width: 720px) 100vw, 720px\" \/><figcaption class=\"wp-element-caption\">Broyeur de charbon de bois<\/figcaption><\/figure>    <figure class=\"wp-block-image size-large\"><img loading=\"lazy\" decoding=\"async\" width=\"720\" height=\"540\" data-id=\"1862\" src=\"https:\/\/charcoalplant.com\/wp-content\/uploads\/2021\/12\/crusher-plant-2.jpg\" alt=\"machine de concassage de charbon\" class=\"wp-image-1862\" srcset=\"https:\/\/charcoalplant.com\/wp-content\/uploads\/2021\/12\/crusher-plant-2.jpg 720w, https:\/\/charcoalplant.com\/wp-content\/uploads\/2021\/12\/crusher-plant-2-300x225.jpg 300w\" sizes=\"auto, (max-width: 720px) 100vw, 720px\" \/><figcaption class=\"wp-element-caption\">machine de concassage de charbon<\/figcaption><\/figure> <\/figure>    <h3 class=\"wp-block-heading\" id=\"h-application-of-coal-powder-machine\"><strong>Application de la machine \u00e0 poudre de charbon<\/strong><\/h3>    <p>Le concasseur de charbon est abr\u00e9g\u00e9 en concasseur compos\u00e9. Et c'est l'un des \u00e9quipements courants dans les lignes de production de concassage et les lignes de production de fabrication de sable. \u00c9tant donn\u00e9 que le broyeur \u00e0 charbon n'a pas de barres de criblage, il n'y a pas lieu de s'inqui\u00e9ter du colmatage du mat\u00e9riau. <\/p>    <p>De plus, le pulv\u00e9risateur compos\u00e9 peut ajuster la finesse de concassage. Il peut broyer des mat\u00e9riaux en vrac tels que la dolomite, les pierres pr\u00e9cieuses de coke, le minerai de plomb-zinc, le calcaire, le charbon, etc. Par cons\u00e9quent, il appara\u00eet \u00e9galement souvent dans les \u00e9quipements de traitement de concassage fin des mati\u00e8res premi\u00e8res et du clinker dans les cimenteries. Il est \u00e9galement particuli\u00e8rement adapt\u00e9 au traitement et au concassage du sable artificiel ou de l'asphalte tel que le calcaire dur et la dolomite.<\/p>    <figure class=\"wp-block-image aligncenter size-full\"><img loading=\"lazy\" decoding=\"async\" width=\"720\" height=\"540\" src=\"https:\/\/charcoalplant.com\/wp-content\/uploads\/2021\/12\/coal-shredder-shredding-effect-2.jpg\" alt=\"broyeur-de-charbon-effet-d\u00e9chiquetage\" class=\"wp-image-1557\" srcset=\"https:\/\/charcoalplant.com\/wp-content\/uploads\/2021\/12\/coal-shredder-shredding-effect-2.jpg 720w, https:\/\/charcoalplant.com\/wp-content\/uploads\/2021\/12\/coal-shredder-shredding-effect-2-300x225.jpg 300w\" sizes=\"auto, (max-width: 720px) 100vw, 720px\" \/><figcaption class=\"wp-element-caption\"> broyeur-de-charbon-effet-d\u00e9chiquetage<\/figcaption><\/figure>    <h3 class=\"wp-block-heading\"><strong>Param\u00e8tre de la machine de fabrication de poudre de charbon<\/strong>s<\/h3>    <figure class=\"wp-block-table is-style-stripes\"><table><tbody><tr><td>Taper<\/td><td>SL-CC800<\/td><td>SL-CC1000<\/td><td>SL-CC1250<\/td><td>SL-CC1500<\/td><td>SL-CC1750<\/td><\/tr><tr><td>Diam\u00e8tre de la roue \uff08mm)<\/td><td>650<\/td><td>800<\/td><td>1000<\/td><td>1250<\/td><td>1560<\/td><\/tr><tr><td>Hauteur du cylindre (mm)<\/td><td>800<\/td><td>850<\/td><td>850<\/td><td>1000<\/td><td>1410<\/td><\/tr><tr><td>Vitesse de broche (tr\/min)<\/td><td>1350<\/td><td>970<\/td><td>740<\/td><td>650<\/td><td>600<\/td><\/tr><tr><td>Taille de la mati\u00e8re premi\u00e8re (mm)<\/td><td>50<\/td><td>70<\/td><td>100<\/td><td>100<\/td><td>100<\/td><\/tr><tr><td>Taille de d\u00e9charge (mm)<\/td><td>0-5<\/td><td>0-5<\/td><td>0-5<\/td><td>0-5<\/td><td>0-5<\/td><\/tr><tr><td>Capacit\u00e9 de traitement (t\/h)<\/td><td>5-15<\/td><td>10-30<\/td><td>20-60<\/td><td>30-80<\/td><td>40-100<\/td><\/tr><tr><td>Puissance du moteur (kw)<\/td><td>30<\/td><td>50<\/td><td>75<\/td><td>110<\/td><td>132<\/td><\/tr><tr><td>Poids (t)<\/td><td>2.3<\/td><td>4.5<\/td><td>9.73<\/td><td>18.1<\/td><td>26.61<\/td><\/tr><\/tbody><\/table><\/figure>    <h3 class=\"wp-block-heading\"><strong>Vid\u00e9o d'une machine \u00e0 broyer le charbon<\/strong><\/h3>    <figure class=\"wp-block-embed is-type-video is-provider-youtube wp-block-embed-youtube wp-embed-aspect-16-9 wp-has-aspect-ratio\"><div class=\"wp-block-embed__wrapper\"> <iframe loading=\"lazy\" title=\"Broyeur de charbon | Usine d&#039;\u00e9quipement de poudre de charbon#concasseur#broyeur#ligne de production de charbon\" width=\"500\" height=\"281\" src=\"https:\/\/www.youtube.com\/embed\/kgaT_lhmgkE?feature=oembed\" frameborder=\"0\" allow=\"accelerometer; autoplay; clipboard-write; encrypted-media; gyroscope; picture-in-picture; web-share\" referrerpolicy=\"strict-origin-when-cross-origin\" allowfullscreen><\/iframe> <\/div><\/figure>    <h2 class=\"wp-block-heading\" id=\"h-sale-of-charcoal-pulverizer\"><strong>Ventes de pulv\u00e9risateur de charbon de bois<\/strong><\/h2>    <p class=\"translation-block\">La scie charbon produite dans notre usine est \u00e9galement \u00e9quip\u00e9e d\u2019un dispositif d\u2019\u00e9limination des poussi\u00e8res. Par cons\u00e9quent, des poussi\u00e8res sont in\u00e9vitables pendant la p\u00e9riode de broyage. Par cons\u00e9quent, le dispositif d\u2019\u00e9limination des poussi\u00e8res am\u00e9liore non seulement la puret\u00e9 du mat\u00e9riau, mais purifie \u00e9galement l\u2019environnement de travail des travailleurs. En plus de vendre des machines de broyage du charbon et des broyeurs composites \u00e0 charbon, nous vendons \u00e9galement des \u00e9quipements de traitement tels que <strong><a href=\"https:\/\/charcoalplant.com\/fr\/charcoal-raymond-mill\/\">Raymond mill<\/a><\/strong>s et <strong>charcoal\u00a0powder\u00a0mixer<\/strong>s. Si n\u00e9cessaire, veuillez vous renseigner. Nous vous proposerons des prix abordables.<\/p>    <figure class=\"wp-block-gallery has-nested-images columns-default is-cropped wp-block-gallery-4 is-layout-flex wp-block-gallery-is-layout-flex\"> <figure class=\"wp-block-image size-full\"><img loading=\"lazy\" decoding=\"async\" width=\"720\" height=\"540\" data-id=\"2123\" src=\"https:\/\/charcoalplant.com\/wp-content\/uploads\/2022\/01\/Shipping-in-wooden-cases.jpg\" alt=\"Exp\u00e9dition dans des caisses en bois\" class=\"wp-image-2123\"\/><figcaption class=\"wp-element-caption\">Exp\u00e9dition dans des caisses en bois<\/figcaption><\/figure>    <figure class=\"wp-block-image size-large\"><img loading=\"lazy\" decoding=\"async\" width=\"720\" height=\"540\" data-id=\"2567\" src=\"https:\/\/charcoalplant.com\/wp-content\/uploads\/2022\/03\/shippment.jpg\" alt=\"exp\u00e9dition\" class=\"wp-image-2567\"\/><figcaption class=\"wp-element-caption\">exp\u00e9dition<\/figcaption><\/figure> <\/figure>    <p><\/p>","protected":false},"excerpt":{"rendered":"<p>Le broyeur de charbon de bois est un \u00e9quipement de concassage de mat\u00e9riaux multifonctionnel. Il peut \u00e9craser de la paille, de la paille, du bambou, du charbon de bois, etc. <\/p>","protected":false},"author":1,"featured_media":1714,"parent":0,"template":"","tags":[62],"product-type":[42],"class_list":["post-1547","product","type-product","status-publish","has-post-thumbnail","hentry","tag-grinder-and-mixer","product-type-grinder-and-mixer"],"_links":{"self":[{"href":"https:\/\/charcoalplant.com\/fr\/wp-json\/wp\/v2\/product\/1547","targetHints":{"allow":["GET"]}}],"collection":[{"href":"https:\/\/charcoalplant.com\/fr\/wp-json\/wp\/v2\/product"}],"about":[{"href":"https:\/\/charcoalplant.com\/fr\/wp-json\/wp\/v2\/types\/product"}],"author":[{"embeddable":true,"href":"https:\/\/charcoalplant.com\/fr\/wp-json\/wp\/v2\/users\/1"}],"wp:featuredmedia":[{"embeddable":true,"href":"https:\/\/charcoalplant.com\/fr\/wp-json\/wp\/v2\/media\/1714"}],"wp:attachment":[{"href":"https:\/\/charcoalplant.com\/fr\/wp-json\/wp\/v2\/media?parent=1547"}],"wp:term":[{"taxonomy":"post_tag","embeddable":true,"href":"https:\/\/charcoalplant.com\/fr\/wp-json\/wp\/v2\/tags?post=1547"},{"taxonomy":"product-type","embeddable":true,"href":"https:\/\/charcoalplant.com\/fr\/wp-json\/wp\/v2\/product-type?post=1547"}],"curies":[{"name":"wp","href":"https:\/\/api.w.org\/{rel}","templated":true}]}}