{"id":1661,"date":"2021-12-31T06:31:43","date_gmt":"2021-12-31T06:31:43","guid":{"rendered":"https:\/\/charcoalplant.com\/?page_id=1661"},"modified":"2023-01-29T11:00:38","modified_gmt":"2023-01-29T03:00:38","slug":"charcoal-briquettes-production-line","status":"publish","type":"product","link":"https:\/\/charcoalplant.com\/fr\/charcoal-briquettes-production-line\/","title":{"rendered":"Ligne de production de briquettes de charbon de bois"},"content":{"rendered":"<div class=\"kk-star-ratings kksr-auto kksr-align-left kksr-valign-top\"     data-payload='{&quot;align&quot;:&quot;left&quot;,&quot;id&quot;:&quot;1661&quot;,&quot;slug&quot;:&quot;default&quot;,&quot;valign&quot;:&quot;top&quot;,&quot;ignore&quot;:&quot;&quot;,&quot;reference&quot;:&quot;auto&quot;,&quot;class&quot;:&quot;&quot;,&quot;count&quot;:&quot;24&quot;,&quot;legendonly&quot;:&quot;&quot;,&quot;readonly&quot;:&quot;&quot;,&quot;score&quot;:&quot;4.6&quot;,&quot;starsonly&quot;:&quot;&quot;,&quot;best&quot;:&quot;5&quot;,&quot;gap&quot;:&quot;5&quot;,&quot;greet&quot;:&quot;Rate this product&quot;,&quot;legend&quot;:&quot;4.6\\\/5 - (24 votes)&quot;,&quot;size&quot;:&quot;24&quot;,&quot;title&quot;:&quot;Charcoal Briquettes Production Line&quot;,&quot;width&quot;:&quot;130.9&quot;,&quot;_legend&quot;:&quot;{score}\\\/{best} - ({count} {votes})&quot;,&quot;font_factor&quot;:&quot;1.25&quot;}'>              <div class=\"kksr-stars\">      <div class=\"kksr-stars-inactive\">             <div class=\"kksr-star\" data-star=\"1\" style=\"padding-right: 5px\">               <div class=\"kksr-icon\" style=\"width: 24px; height: 24px;\"><\/div>         <\/div>             <div class=\"kksr-star\" data-star=\"2\" style=\"padding-right: 5px\">               <div class=\"kksr-icon\" style=\"width: 24px; height: 24px;\"><\/div>         <\/div>             <div class=\"kksr-star\" data-star=\"3\" style=\"padding-right: 5px\">               <div class=\"kksr-icon\" style=\"width: 24px; height: 24px;\"><\/div>         <\/div>             <div class=\"kksr-star\" data-star=\"4\" style=\"padding-right: 5px\">               <div class=\"kksr-icon\" style=\"width: 24px; height: 24px;\"><\/div>         <\/div>             <div class=\"kksr-star\" data-star=\"5\" style=\"padding-right: 5px\">               <div class=\"kksr-icon\" style=\"width: 24px; height: 24px;\"><\/div>         <\/div>     <\/div>      <div class=\"kksr-stars-active\" style=\"width: 130.9px;\">             <div class=\"kksr-star\" style=\"padding-right: 5px\">               <div class=\"kksr-icon\" style=\"width: 24px; height: 24px;\"><\/div>         <\/div>             <div class=\"kksr-star\" style=\"padding-right: 5px\">               <div class=\"kksr-icon\" style=\"width: 24px; height: 24px;\"><\/div>         <\/div>             <div class=\"kksr-star\" style=\"padding-right: 5px\">               <div class=\"kksr-icon\" style=\"width: 24px; height: 24px;\"><\/div>         <\/div>             <div class=\"kksr-star\" style=\"padding-right: 5px\">               <div class=\"kksr-icon\" style=\"width: 24px; height: 24px;\"><\/div>         <\/div>             <div class=\"kksr-star\" style=\"padding-right: 5px\">               <div class=\"kksr-icon\" style=\"width: 24px; height: 24px;\"><\/div>         <\/div>     <\/div> <\/div>                   <div class=\"kksr-legend\" style=\"font-size: 19.2px;\">             4,6\/5 - (24 voix)    <\/div>     <\/div>  <p class=\"translation-block\">La <strong>ligne de production de briquettes de charbon de bois<\/strong> est une usine de fabrication de charbon de bois pour barbecue, de charbon de narguil\u00e9, de charbon, de charbon de sciure, de charbon de noix de coco, etc. La mati\u00e8re premi\u00e8re de la machine \u00e0 fabriquer du charbon de bois peut \u00eatre vari\u00e9e, comme le bambou, le bois, la coque de noix de coco, la balle de riz, la sciure de bois, etc. Par cons\u00e9quent, les clients qui investissent dans la ligne de production de machines de moulage de charbon de bois n'ont pas \u00e0 trop s'inqui\u00e9ter de l'approvisionnement en mati\u00e8res premi\u00e8res. En raison de sa large gamme de mati\u00e8res premi\u00e8res et de ses prix bas. <\/p>    <p>En tant que fournisseur professionnel d'\u00e9quipements pour le charbon de bois, nous pouvons vous donner des suggestions raisonnables pour votre production de charbon de bois afin de contribuer \u00e0 votre production efficace. En conclusion, nous sommes dispos\u00e9s \u00e0 vous aider \u00e0 d\u00e9marrer votre entreprise de fabrication de briquettes de charbon de bois d\u00e8s que possible. Et nous vous proposerons un prix avantageux.<\/p>    <figure class=\"wp-block-image aligncenter size-full\"><img loading=\"lazy\" decoding=\"async\" width=\"720\" height=\"540\" src=\"https:\/\/charcoalplant.com\/wp-content\/uploads\/2021\/12\/charcoal-briquettes-production-line-price-2.jpg\" alt=\"prix de la ligne de production de briquettes de charbon de bois\" class=\"wp-image-2862\"\/><figcaption class=\"wp-element-caption\">ligne de production de briquettes de charbon de bois \u00e0 vendre<\/figcaption><\/figure>    <h2 class=\"wp-block-heading\"><strong>Mati\u00e8re premi\u00e8re de la ligne de production de briquettes de charbon de bois<\/strong><\/h2>    <p class=\"translation-block\">Les mati\u00e8res premi\u00e8res pour la ligne de production de charbon de bois sont tr\u00e8s vari\u00e9es. Il peut s'agir non seulement de bois, de bambou, de bois fruitier, mais aussi de sciure de bois, de balle de riz, de coque d'arachide, de coque de noix de coco, de coquille de noix, etc. La caract\u00e9ristique de ces mati\u00e8res premi\u00e8res est qu'elles contiennent beaucoup de lignine. Par cons\u00e9quent, le charbon de bois est form\u00e9 apr\u00e8s pyrolyse. Le charbon de bois doit \u00eatre pulv\u00e9ris\u00e9 en poudre de charbon de bois de 3 mm avec un pulv\u00e9risateur de charbon de bois avant la briquetage. La poussi\u00e8re de charbon de bois, le liant et l'eau sont ensuite m\u00e9lang\u00e9s de mani\u00e8re homog\u00e8ne dans un <strong><a href=\"https:\/\/charcoalplant.com\/fr\/product\/charcoal-powder-mixer\/\">m\u00e9langeur de poussi\u00e8re de charbon<\/a><\/strong>. La poudre de carbone trait\u00e9e de cette mani\u00e8re est lisse et collante.<\/p>    <figure class=\"wp-block-image aligncenter size-full\"><img loading=\"lazy\" decoding=\"async\" width=\"720\" height=\"540\" src=\"https:\/\/charcoalplant.com\/wp-content\/uploads\/2022\/03\/raw-materials-of-shisha-charcoal-production-line-1-1.jpg\" alt=\"\" class=\"wp-image-2848\"\/><\/figure>    <h2 class=\"wp-block-heading\" id=\"h-charcoal-briquettes-production-line-structure\"><strong>Structure de la ligne de production de briquettes de charbon de bois<\/strong><\/h2>    <p class=\"translation-block\">En fait, la structure d'une ligne de production de charbon de bois est tr\u00e8s similaire \u00e0 celle d'une <strong><a href=\"https:\/\/charcoalplant.com\/fr\/shisha-charcoal-production-line\/\">ligne de production de charbon de bois de narguil\u00e9<\/a><\/strong>. Leur structure comprend la carbonisation, le <strong><a href=\"https:\/\/charcoalplant.com\/fr\/product\/charcoal-shredder\/\">broyage<\/a><\/strong>, le m\u00e9lange, le briquetage, le s\u00e9chage et l'emballage. Les \u00e9tapes de fonctionnement de l'ensemble de la ligne de production de briquetage de poudre de carbone sont simples et s\u00fbres. En raison des diff\u00e9rents produits finis, il existe de grandes diff\u00e9rences dans certains d\u00e9tails sp\u00e9cifiques. Ci-dessous, un sch\u00e9ma d'une ligne de production de charbon de bois pour barbecue (pour r\u00e9f\u00e9rence uniquement).<\/p>    <figure class=\"wp-block-image aligncenter size-full\"><img loading=\"lazy\" decoding=\"async\" width=\"720\" height=\"540\" src=\"https:\/\/charcoalplant.com\/wp-content\/uploads\/2022\/03\/3D-Charcoal-briquettes-production-line.jpg\" alt=\"Ligne de production de briquettes de charbon de bois mod\u00e8le 3D\" class=\"wp-image-2864\"\/><figcaption class=\"wp-element-caption\">Ligne de production de briquettes de charbon de bois mod\u00e8le 3D<\/figcaption><\/figure>    <h2 class=\"wp-block-heading\" id=\"h-how-to-choose-a-suitable-bbq-charcoal-production-line\"><strong>Principaux \u00e9l\u00e9ments d'une ligne de production de briquettes de charbon de bois<\/strong><\/h2>    <p class=\"translation-block\">Les pi\u00e8ces principales d'une ligne de fabrication de briquettes de charbon de bois comprennent une <a href=\"https:\/\/charcoalplant.com\/fr\/product\/carbonization-furnace\/\">machine de carbonisation<\/a>, une machine \u00e0 briqueter le charbon de bois, une machine de s\u00e9chage du charbon de bois et une machine d'emballage du charbon de bois. Voici des informations d\u00e9taill\u00e9es sur chaque machine. <\/p>    <div class=\"wp-block-columns has-background is-layout-flex wp-container-core-columns-is-layout-28f84493 wp-block-columns-is-layout-flex\" style=\"background-color:#f1f1f1\"> <div class=\"wp-block-column is-layout-flow wp-block-column-is-layout-flow\" style=\"flex-basis:66.66%\"> <figure class=\"wp-block-gallery has-nested-images columns-default is-cropped wp-block-gallery-2 is-layout-flex wp-block-gallery-is-layout-flex\"> <figure class=\"wp-block-image size-large\"><img loading=\"lazy\" decoding=\"async\" width=\"720\" height=\"540\" data-id=\"1045\" src=\"https:\/\/charcoalplant.com\/wp-content\/uploads\/2021\/12\/Vertical-carbonization-furnace-Production-line-2.jpg\" alt=\"Ligne de production de four de carbonisation vertical\" class=\"wp-image-1045\" srcset=\"https:\/\/charcoalplant.com\/wp-content\/uploads\/2021\/12\/Vertical-carbonization-furnace-Production-line-2.jpg 720w, https:\/\/charcoalplant.com\/wp-content\/uploads\/2021\/12\/Vertical-carbonization-furnace-Production-line-2-300x225.jpg 300w\" sizes=\"auto, (max-width: 720px) 100vw, 720px\" \/><figcaption class=\"wp-element-caption\">Ligne de production de four de carbonisation vertical<\/figcaption><\/figure> <\/figure> <\/div>    <div class=\"wp-block-column is-vertically-aligned-center is-layout-flow wp-block-column-is-layout-flow\" style=\"flex-basis:33.33%\"> <p class=\"translation-block\">En fait, le choix de l'\u00e9quipement d\u00e9pend beaucoup des mati\u00e8res premi\u00e8res du client. Par exemple, si vous souhaitez utiliser des b\u00fbches ou du bambou pour fabriquer des briquettes de charbon de forme. Vous devez utiliser un <strong><a data-type=\"URL\" data-id=\"https:\/\/charcoalplant.com\/vertical-carbonization-furnace\/\" href=\"https:\/\/charcoalplant.com\/fr\/vertical-carbonization-furnace\/\">four de carbonisation \u00e0 levage<\/a><\/strong> pour carboniser des mati\u00e8res premi\u00e8res en vrac. Mais si vos mati\u00e8res premi\u00e8res sont de petits mat\u00e9riaux tels que la sciure de bois ou la coque de noix de coco, vous devez choisir un four de carbonisation continu.<\/p> <\/div> <\/div>    <div class=\"wp-block-columns has-background is-layout-flex wp-container-core-columns-is-layout-28f84493 wp-block-columns-is-layout-flex\" style=\"background-color:#f1f1f1\"> <div class=\"wp-block-column is-vertically-aligned-center is-layout-flow wp-block-column-is-layout-flow\" style=\"flex-basis:33.33%\"> <p class=\"translation-block\">Deuxi\u00e8mement, pour la machine de formage de charbon de bois, vous pouvez choisir une machine \u00e0 tiges de charbon et une <strong><a href=\"https:\/\/charcoalplant.com\/fr\/product\/charcoal-ball-press-machine\/\">machine \u00e0 presser les boules de charbon<\/a><\/strong>. La machine \u00e0 tiges de charbon peut produire des tiges de charbon polygonales creuses. Cependant, la machine \u00e0 briqueter a un rendement plus \u00e9lev\u00e9.<\/p> <\/div>    <div class=\"wp-block-column is-layout-flow wp-block-column-is-layout-flow\"><\/div>    <div class=\"wp-block-column is-layout-flow wp-block-column-is-layout-flow\" style=\"flex-basis:66.66%\"> <figure class=\"wp-block-gallery has-nested-images columns-default is-cropped wp-block-gallery-3 is-layout-flex wp-block-gallery-is-layout-flex\"> <figure class=\"wp-block-image size-full\"><img loading=\"lazy\" decoding=\"async\" width=\"720\" height=\"540\" data-id=\"1197\" src=\"https:\/\/charcoalplant.com\/wp-content\/uploads\/2021\/12\/charcoal-powder-briquette-machine-price-1.jpg\" alt=\"Prix \u200b\u200bde la machine \u00e0 briquettes de poudre de charbon de bois\" class=\"wp-image-1197\" srcset=\"https:\/\/charcoalplant.com\/wp-content\/uploads\/2021\/12\/charcoal-powder-briquette-machine-price-1.jpg 720w, https:\/\/charcoalplant.com\/wp-content\/uploads\/2021\/12\/charcoal-powder-briquette-machine-price-1-300x225.jpg 300w\" sizes=\"auto, (max-width: 720px) 100vw, 720px\" \/><figcaption class=\"wp-element-caption\">Prix \u200b\u200bde la machine \u00e0 briquettes de poudre de charbon de bois<\/figcaption><\/figure> <\/figure> <\/div> <\/div>    <div class=\"wp-block-columns are-vertically-aligned-center has-background is-layout-flex wp-container-core-columns-is-layout-28f84493 wp-block-columns-is-layout-flex\" style=\"background-color:#f1f1f1\"> <div class=\"wp-block-column is-vertically-aligned-center is-layout-flow wp-block-column-is-layout-flow\" style=\"flex-basis:66.66%\"> <figure class=\"wp-block-gallery has-nested-images columns-default is-cropped wp-block-gallery-4 is-layout-flex wp-block-gallery-is-layout-flex\"> <figure class=\"wp-block-image size-full\"><img loading=\"lazy\" decoding=\"async\" width=\"720\" height=\"540\" data-id=\"1492\" src=\"https:\/\/charcoalplant.com\/wp-content\/uploads\/2021\/12\/shaisha-charcoal-drying-room-1.jpg\" alt=\"salle de s\u00e9chage de charbon de bois shaisha\" class=\"wp-image-1492\" srcset=\"https:\/\/charcoalplant.com\/wp-content\/uploads\/2021\/12\/shaisha-charcoal-drying-room-1.jpg 720w, https:\/\/charcoalplant.com\/wp-content\/uploads\/2021\/12\/shaisha-charcoal-drying-room-1-300x225.jpg 300w\" sizes=\"auto, (max-width: 720px) 100vw, 720px\" \/><figcaption class=\"wp-element-caption\">salle de s\u00e9chage de charbon de bois shaisha<\/figcaption><\/figure> <\/figure> <\/div>    <div class=\"wp-block-column is-vertically-aligned-center is-layout-flow wp-block-column-is-layout-flow\" style=\"flex-basis:33.33%\"> <p class=\"translation-block\">Troisi\u00e8mement, choisissez l'\u00e9quipement appropri\u00e9 en fonction de la taille de votre site d'usine. Pour certains \u00e9quipements ayant la m\u00eame fonction, en raison de la grande diff\u00e9rence de structure de l'\u00e9quipement, le mod\u00e8le de la machine sera trop grand. Cette machine n'est pas adapt\u00e9e \u00e0 l'emplacement de l'usine. Vous pouvez alors choisir des alternatives similaires. Par exemple, nous proposons deux \u00e9quipements de s\u00e9chage : une <strong><a data-type=\"URL\" data-id=\"https:\/\/charcoalplant.com\/charcoal-briquette-dryer\/\" href=\"https:\/\/charcoalplant.com\/fr\/charcoal-briquette-dryer\/\">salle de s\u00e9chage et un s\u00e9choir \u00e0 bande<\/a><\/strong>. La taille de la salle de s\u00e9chage peut \u00eatre personnalis\u00e9e et l'installation est flexible. Le s\u00e9choir \u00e0 bande est un grand mod\u00e8le, mais le rendement est \u00e9lev\u00e9.<\/p> <\/div> <\/div>    <div class=\"wp-block-columns are-vertically-aligned-center has-background is-layout-flex wp-container-core-columns-is-layout-28f84493 wp-block-columns-is-layout-flex\" style=\"background-color:#f1f1f1\"> <div class=\"wp-block-column is-vertically-aligned-center is-layout-flow wp-block-column-is-layout-flow\" style=\"flex-basis:33.33%\"> <p class=\"translation-block\">Enfin, choisissez la <strong><a href=\"https:\/\/charcoalplant.com\/fr\/product\/charcoal-briquettes-packing-machine\/\">machine d'emballage<\/a><\/strong> en fonction du type de produit fini et de la demande du march\u00e9. Afin d'\u00e9viter l'humidit\u00e9 et de faciliter le transport, une machine de scellage et de d\u00e9coupe est g\u00e9n\u00e9ralement utilis\u00e9e pour emballer le charbon de bois de barbecue sur le march\u00e9.<\/p> <\/div>    <div class=\"wp-block-column is-vertically-aligned-center is-layout-flow wp-block-column-is-layout-flow\" style=\"flex-basis:66.66%\"> <figure class=\"wp-block-gallery has-nested-images columns-default is-cropped wp-block-gallery-5 is-layout-flex wp-block-gallery-is-layout-flex\"> <figure class=\"wp-block-image size-large\"><img loading=\"lazy\" decoding=\"async\" width=\"720\" height=\"540\" data-id=\"2874\" src=\"https:\/\/charcoalplant.com\/wp-content\/uploads\/2022\/03\/charcoal-briket-bagging-machine.jpg\" alt=\"ensacheuse-de-charbon-briket-machine\" class=\"wp-image-2874\"\/><figcaption class=\"wp-element-caption\">ensacheuse-de-charbon-briket-machine<\/figcaption><\/figure> <\/figure> <\/div> <\/div>    <h2 class=\"wp-block-heading\"><strong>Produit final de la machine \u00e0 briquettes de charbon de bois<\/strong><\/h2>    <figure class=\"wp-block-image aligncenter size-full\"><img loading=\"lazy\" decoding=\"async\" width=\"720\" height=\"540\" src=\"https:\/\/charcoalplant.com\/wp-content\/uploads\/2022\/03\/coconut-shell-charcoal-briquette.jpg\" alt=\"\" class=\"wp-image-2875\"\/><\/figure>    <h2 class=\"wp-block-heading\" id=\"h-related-equipment-for-charcoal-briquettes-project-line\"><strong>\u00c9quipement connexe pour la ligne de fabrication de briquettes de charbon de bois<\/strong><\/h2>    <p class=\"translation-block\"><strong>Coupeur<\/strong><strong><\/strong><\/p>    <p class=\"translation-block\">La <strong><a href=\"https:\/\/charcoalplant.com\/fr\/product\/charcoal-powder-briquette-machine\/\">machine \u00e0 tiges de charbon<\/a><\/strong> peut produire des briquettes de formes vari\u00e9es. Les clients peuvent utiliser des coupeurs pour couper des tiges de charbon de diff\u00e9rentes longueurs. Notre usine fournit des coupeurs de compteurs, des coupeurs \u00e0 induction infrarouge et des fraises.<\/p>    <p class=\"translation-block\"><strong>Silo<\/strong><strong><\/strong><\/p>    <p>Le silo peut stocker de la poudre de charbon de bois, ce qui assure \u00e9galement une production continue de l'usine de transformation de briquettes de charbon de bois. Nous fournissons des silos de stockage de poudre de charbon de bois, des silos de pes\u00e9e et des sous-silos de poudre de charbon de bois. Chaque silo a ses propres caract\u00e9ristiques.<\/p>    <p class=\"translation-block\"><strong>Convoyeur<\/strong><strong><\/strong><\/p>    <p>La raison pour laquelle la ligne de production permet d'\u00e9conomiser du travail est due \u00e0 l'alimentation automatique du convoyeur. Les dispositifs de transport courants sont le transport \u00e0 vis et le transport \u00e0 bande transporteuse. Pour la poussi\u00e8re, choisissez le premier. Pour le bloc, choisissez ce dernier.<\/p>    <figure class=\"wp-block-image aligncenter size-full\"><img loading=\"lazy\" decoding=\"async\" width=\"720\" height=\"540\" src=\"https:\/\/charcoalplant.com\/wp-content\/uploads\/2021\/12\/briquetting-machine-project-1-2.jpg\" alt=\"projet de machine \u00e0 briqueter\" class=\"wp-image-1415\" srcset=\"https:\/\/charcoalplant.com\/wp-content\/uploads\/2021\/12\/briquetting-machine-project-1-2.jpg 720w, https:\/\/charcoalplant.com\/wp-content\/uploads\/2021\/12\/briquetting-machine-project-1-2-300x225.jpg 300w\" sizes=\"auto, (max-width: 720px) 100vw, 720px\" \/><figcaption class=\"wp-element-caption\">projet de machine \u00e0 briqueter<\/figcaption><\/figure>    <h2 class=\"wp-block-heading\" id=\"h-briquetting-machine-price\"><strong>Qu'est-ce que le charbon de bois<\/strong> <strong>prix de la machine \u00e0 briquettes<\/strong>? <\/h2>    <p>Nous fabriquons une vari\u00e9t\u00e9 de machines \u00e0 briquettes de charbon de bois. Tels qu'une presse \u00e0 charbon pulv\u00e9ris\u00e9, une presse \u00e0 billes de charbon pulv\u00e9ris\u00e9, une machine \u00e0 charbon Honeycomb, etc. Le prix d'une machine autonome ou d'une ligne de production sera affect\u00e9 par divers facteurs. En fait, la qualit\u00e9 est la pr\u00e9occupation premi\u00e8re des clients. Le deuxi\u00e8me est le prix. Mais ne vous inqui\u00e9tez pas, nous vous proposerons des prix comp\u00e9titifs en fonction de votre quantit\u00e9 d\u2019achat et de votre intention d\u2019achat.<\/p>    <h2 class=\"wp-block-heading\" id=\"h-benefits-of-charcoal-briket\"><strong>Avantages des briquettes de charbon de bois<\/strong> <\/h2>    <p>Avec les progr\u00e8s de la science et de la technologie et de la civilisation populaire, nous accordons de plus en plus d\u2019attention \u00e0 l\u2019environnement et \u00e0 la sant\u00e9. En tant que charbon de bois pour barbecue tr\u00e8s recherch\u00e9, il pr\u00e9sente les caract\u00e9ristiques suivantes :<\/p>    <p>1. Renouvelable, pas de pollution.<\/p>    <p>2. Il r\u00e9siste \u00e0 la combustion et ne se fissure pas.<\/p>    <p>3. Il a l'air bien et a diff\u00e9rentes formes.<\/p>    <p>4. Ne fume pas les yeux, facile \u00e0 enflammer.<\/p>    <p>5. S\u00fbr et bon march\u00e9.<\/p>    <figure class=\"wp-block-image aligncenter size-full\"><img loading=\"lazy\" decoding=\"async\" width=\"720\" height=\"540\" src=\"https:\/\/charcoalplant.com\/wp-content\/uploads\/2021\/12\/Charcoal-briquettes-production-line-manufacturer.jpg\" alt=\"Fabricant de ligne de production de briquettes de charbon de bois\" class=\"wp-image-2876\"\/><figcaption class=\"wp-element-caption\">Fabricant de ligne de production de briquettes de charbon de bois<\/figcaption><\/figure>","protected":false},"excerpt":{"rendered":"<p>Charcoal briquettes\u00a0production line is a plant for manufacturing bbq charcoal, shisha charcoal, coal, sawdust charcoal, coconut charcoal, etc. And the raw material of the charcoal making machine can be various such as bamboo, log, coconut shell, rice husk, sawdust, etc. Therefore, customers who invest in charcoal molding machine production line needs not worry too much [&hellip;]<\/p>\n","protected":false},"author":1,"featured_media":2862,"parent":0,"template":"","tags":[59],"product-type":[53],"class_list":["post-1661","product","type-product","status-publish","has-post-thumbnail","hentry","tag-charcoal-briquetting-machine","product-type-product-line"],"_links":{"self":[{"href":"https:\/\/charcoalplant.com\/fr\/wp-json\/wp\/v2\/product\/1661","targetHints":{"allow":["GET"]}}],"collection":[{"href":"https:\/\/charcoalplant.com\/fr\/wp-json\/wp\/v2\/product"}],"about":[{"href":"https:\/\/charcoalplant.com\/fr\/wp-json\/wp\/v2\/types\/product"}],"author":[{"embeddable":true,"href":"https:\/\/charcoalplant.com\/fr\/wp-json\/wp\/v2\/users\/1"}],"wp:featuredmedia":[{"embeddable":true,"href":"https:\/\/charcoalplant.com\/fr\/wp-json\/wp\/v2\/media\/2862"}],"wp:attachment":[{"href":"https:\/\/charcoalplant.com\/fr\/wp-json\/wp\/v2\/media?parent=1661"}],"wp:term":[{"taxonomy":"post_tag","embeddable":true,"href":"https:\/\/charcoalplant.com\/fr\/wp-json\/wp\/v2\/tags?post=1661"},{"taxonomy":"product-type","embeddable":true,"href":"https:\/\/charcoalplant.com\/fr\/wp-json\/wp\/v2\/product-type?post=1661"}],"curies":[{"name":"wp","href":"https:\/\/api.w.org\/{rel}","templated":true}]}}