{"id":1715,"date":"2022-01-04T10:11:54","date_gmt":"2022-01-04T10:11:54","guid":{"rendered":"https:\/\/charcoalplant.com\/"},"modified":"2023-03-31T15:03:07","modified_gmt":"2023-03-31T07:03:07","slug":"log-saw-mill-machine","status":"publish","type":"product","link":"https:\/\/charcoalplant.com\/fr\/product\/log-saw-mill-machine\/","title":{"rendered":"Machine de scierie \u00e0 b\u00fbches| Scie \u00e0 ruban \u00e0 bois automatique"},"content":{"rendered":"<div class=\"kk-star-ratings kksr-auto kksr-align-left kksr-valign-top\"     data-payload='{&quot;align&quot;:&quot;left&quot;,&quot;id&quot;:&quot;1715&quot;,&quot;slug&quot;:&quot;default&quot;,&quot;valign&quot;:&quot;top&quot;,&quot;ignore&quot;:&quot;&quot;,&quot;reference&quot;:&quot;auto&quot;,&quot;class&quot;:&quot;&quot;,&quot;count&quot;:&quot;15&quot;,&quot;legendonly&quot;:&quot;&quot;,&quot;readonly&quot;:&quot;&quot;,&quot;score&quot;:&quot;4.8&quot;,&quot;starsonly&quot;:&quot;&quot;,&quot;best&quot;:&quot;5&quot;,&quot;gap&quot;:&quot;5&quot;,&quot;greet&quot;:&quot;Rate this product&quot;,&quot;legend&quot;:&quot;4.8\\\/5 - (15 votes)&quot;,&quot;size&quot;:&quot;24&quot;,&quot;title&quot;:&quot;Log Saw Mill Machine| Automatic Wood Band Saw&quot;,&quot;width&quot;:&quot;136.7&quot;,&quot;_legend&quot;:&quot;{score}\\\/{best} - ({count} {votes})&quot;,&quot;font_factor&quot;:&quot;1.25&quot;}'>              <div class=\"kksr-stars\">      <div class=\"kksr-stars-inactive\">             <div class=\"kksr-star\" data-star=\"1\" style=\"padding-right: 5px\">               <div class=\"kksr-icon\" style=\"width: 24px; height: 24px;\"><\/div>         <\/div>             <div class=\"kksr-star\" data-star=\"2\" style=\"padding-right: 5px\">               <div class=\"kksr-icon\" style=\"width: 24px; height: 24px;\"><\/div>         <\/div>             <div class=\"kksr-star\" data-star=\"3\" style=\"padding-right: 5px\">               <div class=\"kksr-icon\" style=\"width: 24px; height: 24px;\"><\/div>         <\/div>             <div class=\"kksr-star\" data-star=\"4\" style=\"padding-right: 5px\">               <div class=\"kksr-icon\" style=\"width: 24px; height: 24px;\"><\/div>         <\/div>             <div class=\"kksr-star\" data-star=\"5\" style=\"padding-right: 5px\">               <div class=\"kksr-icon\" style=\"width: 24px; height: 24px;\"><\/div>         <\/div>     <\/div>      <div class=\"kksr-stars-active\" style=\"width: 136.7px;\">             <div class=\"kksr-star\" style=\"padding-right: 5px\">               <div class=\"kksr-icon\" style=\"width: 24px; height: 24px;\"><\/div>         <\/div>             <div class=\"kksr-star\" style=\"padding-right: 5px\">               <div class=\"kksr-icon\" style=\"width: 24px; height: 24px;\"><\/div>         <\/div>             <div class=\"kksr-star\" style=\"padding-right: 5px\">               <div class=\"kksr-icon\" style=\"width: 24px; height: 24px;\"><\/div>         <\/div>             <div class=\"kksr-star\" style=\"padding-right: 5px\">               <div class=\"kksr-icon\" style=\"width: 24px; height: 24px;\"><\/div>         <\/div>             <div class=\"kksr-star\" style=\"padding-right: 5px\">               <div class=\"kksr-icon\" style=\"width: 24px; height: 24px;\"><\/div>         <\/div>     <\/div> <\/div>                   <div class=\"kksr-legend\" style=\"font-size: 19.2px;\">             4,8\/5 - (15 voix)    <\/div>     <\/div>  <p class=\"translation-block\"><strong>Log saw mill machine<\/strong> est un nouveau type d'outil de coupe du bois qui int\u00e8gre les lames de scie, les r\u00e8gles de mesure et la table de glissement. Et, la nouvelle scie adopte une philosophie de conception qui \u00e9limine le polissage et r\u00e9duit la perte de bois. Il existe trois types de scies \u00e0 bois produites dans notre usine : <strong><a href=\"https:\/\/charcoalplant.com\/fr\/info\/sl-500-log-sliding-table-saw-sent-to-singapore\/\">scie \u00e0 table coulissante pour rondins<\/a>, scie \u00e0 ruban verticale et scie \u00e0 ruban horizontale enti\u00e8rement automatique<\/strong>. <\/p>    <p>Ce qui suit est une br\u00e8ve introduction aux trois types de scieries de notre usine. Bienvenue \u00e0 nous consulter sur les prix des machines, les accessoires, etc. Et nous sommes impatients de poursuivre notre communication avec vous. <\/p>    <h2 class=\"wp-block-heading\" id=\"raw-materials-of-log-saw-mill-machine\"><strong>Mati\u00e8res premi\u00e8res<\/strong> <strong>de la scierie \u00e0 grumes<\/strong><\/h2>    <p class=\"translation-block\">Les mati\u00e8res premi\u00e8res de la scierie \u00e0 bois sont divers rondins (mahogany, birch, oak, pine, etc.) bois carr\u00e9, planches, <strong> <a href=\"https:\/\/charcoalplant.com\/fr\/wood-wastes-recycling-machine\/wood-peeling-machine\/\">bois \u00e9pluch\u00e9<\/a><\/strong>. Sa mati\u00e8re premi\u00e8re peut aussi \u00eatre une plaque synth\u00e9tique telle que panneau de particules, panneau sandwich en bois massif, ou panneau en PVC. De plus, il peut couper de l'aluminium alli\u00e9, du plexiglas, du caoutchouc, etc.<\/p>    <figure class=\"wp-block-gallery has-nested-images columns-2 is-cropped wp-block-gallery-2 is-layout-flex wp-block-gallery-is-layout-flex\"> <figure class=\"wp-block-image size-large\"><img loading=\"lazy\" decoding=\"async\" width=\"720\" height=\"540\" data-id=\"2205\" src=\"https:\/\/charcoalplant.com\/wp-content\/uploads\/2022\/01\/log-1.jpg\" alt=\"\" class=\"wp-image-2205\"\/><\/figure>    <figure class=\"wp-block-image size-large\"><img loading=\"lazy\" decoding=\"async\" width=\"720\" height=\"540\" data-id=\"2206\" src=\"https:\/\/charcoalplant.com\/wp-content\/uploads\/2022\/01\/particle-board.jpg\" alt=\"\" class=\"wp-image-2206\"\/><\/figure>    <figure class=\"wp-block-image size-large\"><img loading=\"lazy\" decoding=\"async\" width=\"720\" height=\"540\" data-id=\"2204\" src=\"https:\/\/charcoalplant.com\/wp-content\/uploads\/2022\/01\/rubber.jpg\" alt=\"\" class=\"wp-image-2204\"\/><\/figure>    <figure class=\"wp-block-image size-large\"><img loading=\"lazy\" decoding=\"async\" width=\"720\" height=\"540\" data-id=\"2203\" src=\"https:\/\/charcoalplant.com\/wp-content\/uploads\/2022\/01\/wood-materials.jpg\" alt=\"\" class=\"wp-image-2203\"\/><\/figure> <\/figure>    <h2 class=\"wp-block-heading\" id=\"h-log-saw-mill-machine\"><strong>Type 1<\/strong>: <strong>Scierie \u00e0 grumes<\/strong> <strong>machine<\/strong> <strong>\u00e0 vendre<\/strong> <\/h2>    <p>Le corps de la scie \u00e0 table poussoir Shuliy est soud\u00e9 avec des plaques d'acier d'une \u00e9paisseur de 5 \u00e0 6 mm. Non seulement la structure est stable mais aussi l\u2019apparence est belle. C'est une machine \u00e0 scier tout-en-un. Autrement dit, il peut \u00eatre utilis\u00e9 directement sans installation. De plus, il est compact et pr\u00e9sente un faible encombrement.<\/p>    <figure class=\"wp-block-gallery has-nested-images columns-3 is-cropped wp-block-gallery-3 is-layout-flex wp-block-gallery-is-layout-flex\"> <figure class=\"wp-block-image size-large\"><img loading=\"lazy\" decoding=\"async\" width=\"720\" height=\"540\" data-id=\"1718\" src=\"https:\/\/charcoalplant.com\/wp-content\/uploads\/2022\/01\/movable-log-sawmill-for-sale-2.jpg\" alt=\"scierie \u00e0 grumes mobile \u00e0 vendre\" class=\"wp-image-1718\" srcset=\"https:\/\/charcoalplant.com\/wp-content\/uploads\/2022\/01\/movable-log-sawmill-for-sale-2.jpg 720w, https:\/\/charcoalplant.com\/wp-content\/uploads\/2022\/01\/movable-log-sawmill-for-sale-2-300x225.jpg 300w\" sizes=\"auto, (max-width: 720px) 100vw, 720px\" \/><figcaption class=\"wp-element-caption\">scierie \u00e0 grumes mobile \u00e0 vendre<\/figcaption><\/figure>    <figure class=\"wp-block-image size-large\"><img loading=\"lazy\" decoding=\"async\" width=\"720\" height=\"540\" data-id=\"1721\" src=\"https:\/\/charcoalplant.com\/wp-content\/uploads\/2022\/01\/woodland-sawmill.jpg\" alt=\"scierie foresti\u00e8re\" class=\"wp-image-1721\" srcset=\"https:\/\/charcoalplant.com\/wp-content\/uploads\/2022\/01\/woodland-sawmill.jpg 720w, https:\/\/charcoalplant.com\/wp-content\/uploads\/2022\/01\/woodland-sawmill-300x225.jpg 300w\" sizes=\"auto, (max-width: 720px) 100vw, 720px\" \/><figcaption class=\"wp-element-caption\">scierie foresti\u00e8re<\/figcaption><\/figure>    <figure class=\"wp-block-image size-large\"><img loading=\"lazy\" decoding=\"async\" width=\"720\" height=\"540\" data-id=\"1720\" src=\"https:\/\/charcoalplant.com\/wp-content\/uploads\/2022\/01\/wooden-board.jpg\" alt=\"planche de bois\" class=\"wp-image-1720\" srcset=\"https:\/\/charcoalplant.com\/wp-content\/uploads\/2022\/01\/wooden-board.jpg 720w, https:\/\/charcoalplant.com\/wp-content\/uploads\/2022\/01\/wooden-board-300x225.jpg 300w\" sizes=\"auto, (max-width: 720px) 100vw, 720px\" \/><figcaption class=\"wp-element-caption\">planche de bois<\/figcaption><\/figure> <\/figure>    <h3 class=\"wp-block-heading\" id=\"structural-features-of-double-blades-log-sawmill\"><strong>Caract\u00e9ristiques structurelles d'une scierie \u00e0 grumes \u00e0 double lame<\/strong><\/h3>    <ul class=\"wp-block-list\"> <li>Les lames en alliage sont plus durables, et l'arc en dents de scie est lisse et offre une coupe de haute qualit\u00e9.<\/li>    <li>Les deux lames de scie sont entra\u00een\u00e9es par deux moteurs et fonctionnent sans probl\u00e8me.<\/li>    <li>La molette de r\u00e9glage peut r\u00e9gler la distance entre le bois et le d\u00e9flecteur. Par cons\u00e9quent, l\u2019\u00e9paisseur du panneau peut \u00eatre contr\u00f4l\u00e9e de mani\u00e8re flexible.<\/li>    <li>La longueur du rail de la scie \u00e0 grumes peut \u00eatre personnalis\u00e9e en fonction des besoins du client.<\/li> <\/ul>    <figure class=\"wp-block-gallery has-nested-images columns-default is-cropped wp-block-gallery-4 is-layout-flex wp-block-gallery-is-layout-flex\"> <figure class=\"wp-block-image size-large\"><img loading=\"lazy\" decoding=\"async\" width=\"720\" height=\"540\" data-id=\"1722\" src=\"https:\/\/charcoalplant.com\/wp-content\/uploads\/2022\/01\/blade-saw.jpg\" alt=\"scie \u00e0 lame\" class=\"wp-image-1722\" srcset=\"https:\/\/charcoalplant.com\/wp-content\/uploads\/2022\/01\/blade-saw.jpg 720w, https:\/\/charcoalplant.com\/wp-content\/uploads\/2022\/01\/blade-saw-300x225.jpg 300w\" sizes=\"auto, (max-width: 720px) 100vw, 720px\" \/><figcaption class=\"wp-element-caption\">scie \u00e0 lame<\/figcaption><\/figure>    <figure class=\"wp-block-image size-large\"><img loading=\"lazy\" decoding=\"async\" width=\"720\" height=\"540\" data-id=\"2207\" src=\"https:\/\/charcoalplant.com\/wp-content\/uploads\/2022\/01\/double-blades-log-sawmill-for-sale.jpg\" alt=\"\" class=\"wp-image-2207\"\/><\/figure> <\/figure>    <h3 class=\"wp-block-heading\" id=\"video-of-log-sawmill-machine\"><strong>Scierie \u00e0 grumes<\/strong> <strong>machine<\/strong> <strong>vid\u00e9o de travail <\/strong><\/h3>    <figure class=\"wp-block-embed is-type-video is-provider-youtube wp-block-embed-youtube wp-embed-aspect-16-9 wp-has-aspect-ratio\"><div class=\"wp-block-embed__wrapper\"> <iframe loading=\"lazy\" title=\"Scierie \u00e0 grumes mobile | Rendement \u00e9lev\u00e9 d&#039;\u00e9quipement en bois de d\u00e9coupeuse de lame d&#039;oscillation\" width=\"500\" height=\"281\" src=\"https:\/\/www.youtube.com\/embed\/ckPnOwcinBo?feature=oembed\" frameborder=\"0\" allow=\"accelerometer; autoplay; clipboard-write; encrypted-media; gyroscope; picture-in-picture; web-share\" referrerpolicy=\"strict-origin-when-cross-origin\" allowfullscreen><\/iframe> <\/div><\/figure>    <h3 class=\"wp-block-heading has-luminous-vivid-orange-color has-text-color\" id=\"h-parameters-of-log-cutting-machine\"><strong>Machine \u00e0 couper les b\u00fbches<\/strong> <strong>param\u00e8tres<\/strong> <\/h3>    <figure class=\"wp-block-table is-style-stripes\"><table><tbody><tr><td><strong>Mod\u00e8le 500<\/strong><strong><\/strong><\/td><td><strong>1m<\/strong><\/td><td><strong>1,5 m<\/strong><\/td><td><strong>2m<\/strong><\/td><td><strong>2,5 m<\/strong><\/td><td><strong>3m<\/strong><\/td><td><strong>4m<\/strong><\/td><\/tr><tr><td><strong>Longueur d'alimentation<\/strong><strong><\/strong><\/td><td>0-100 cm<\/td><td>0-150 cm<\/td><td>0-200 cm<\/td><td>0-250 cm<\/td><td>0-300 cm<\/td><td>0-400 cm<\/td><\/tr><tr><td><strong>Diam\u00e8tre d'alimentation<\/strong><strong><\/strong><\/td><td>0-500mm<\/td><td>0-500mm<\/td><td>0-500mm<\/td><td>0-500mm<\/td><td>0-500mm<\/td><td>0-500mm<\/td><\/tr><tr><td><strong>Puissance du moteur<\/strong><strong><\/strong><\/td><td>11 kW*2<\/td><td>11 kW*2<\/td><td>11 kW*2<\/td><td>11 kW*2<\/td><td>11 kW*2<\/td><td>11 kW*2<\/td><\/tr><tr><td><strong>Poids total<\/strong><strong><\/strong><\/td><td>500<\/td><td>550<\/td><td>600<\/td><td>650<\/td><td>700<\/td><td>750<\/td><\/tr><\/tbody><\/table><\/figure>    <h2 class=\"wp-block-heading\" id=\"h-vertical-band-saw\"><strong>Type 2 : Scie \u00e0 ruban verticale<\/strong> <strong>\u00e0 vendre<\/strong> <\/h2>    <p>Les scies \u00e0 ruban verticales utilisent \u00e9galement des rails pour faire avancer le bois fixe. Le bois est ensuite d\u00e9coup\u00e9 en planches lisses. Sa lame de scie est bagu\u00e9e. De plus, la lame de scie est lov\u00e9e sur la roue mobile. La lame de scie fonctionne donc avec la rotation de la roue. Mais les scies \u00e0 ruban verticales coupent plus rapidement, produisent plus et sont plus rentables.<\/p>    <figure class=\"wp-block-gallery has-nested-images columns-default is-cropped wp-block-gallery-5 is-layout-flex wp-block-gallery-is-layout-flex\"> <figure class=\"wp-block-image size-large\"><img loading=\"lazy\" decoding=\"async\" width=\"720\" height=\"540\" data-id=\"1726\" src=\"https:\/\/charcoalplant.com\/wp-content\/uploads\/2022\/01\/vertical-wood-saw-show.jpg\" alt=\"spectacle-de-scie-\u00e0-bois-verticale\" class=\"wp-image-1726\" srcset=\"https:\/\/charcoalplant.com\/wp-content\/uploads\/2022\/01\/vertical-wood-saw-show.jpg 720w, https:\/\/charcoalplant.com\/wp-content\/uploads\/2022\/01\/vertical-wood-saw-show-300x225.jpg 300w\" sizes=\"auto, (max-width: 720px) 100vw, 720px\" \/><figcaption class=\"wp-element-caption\">spectacle-de-scie-\u00e0-bois-verticale<\/figcaption><\/figure> <\/figure>    <h3 class=\"wp-block-heading\" id=\"structural-features-of-vertical-band-sawmill\"><strong>Caract\u00e9ristiques structurelles d'une scierie \u00e0 ruban vertical<\/strong><\/h3>    <ul class=\"wp-block-list\"> <li>La piste glisse automatiquement. Et la vitesse peut \u00eatre ajust\u00e9e par commande \u00e9lectrique ou num\u00e9rique.<\/li>    <li>La scie \u00e0 ruban peut traiter du bois de grand diam\u00e8tre avec un d\u00e9bit \u00e9lev\u00e9.<\/li>    <li>La lame de scie est plac\u00e9e sur les roues de scie sup\u00e9rieure et inf\u00e9rieure et l'\u00e9paisseur de la lame de scie est r\u00e9glable.<\/li>    <li>Il existe 3 m\u00e9thodes pour s\u00e9curiser les b\u00fbches avec des crochets : manuelle, pneumatique et hydraulique.<\/li>    <li>Installation facile, \u00e9conomie de travail, \u00e9conomie d'\u00e9nergie, d\u00e9chargement continu.<\/li> <\/ul>    <figure class=\"wp-block-gallery has-nested-images columns-2 is-cropped wp-block-gallery-6 is-layout-flex wp-block-gallery-is-layout-flex\"> <figure class=\"wp-block-image size-large\"><img loading=\"lazy\" decoding=\"async\" width=\"720\" height=\"540\" data-id=\"1723\" src=\"https:\/\/charcoalplant.com\/wp-content\/uploads\/2022\/01\/band-saw.jpg\" alt=\"scie \u00e0 ruban\" class=\"wp-image-1723\" srcset=\"https:\/\/charcoalplant.com\/wp-content\/uploads\/2022\/01\/band-saw.jpg 720w, https:\/\/charcoalplant.com\/wp-content\/uploads\/2022\/01\/band-saw-300x225.jpg 300w\" sizes=\"auto, (max-width: 720px) 100vw, 720px\" \/><figcaption class=\"wp-element-caption\">scie \u00e0 ruban<\/figcaption><\/figure>    <figure class=\"wp-block-image size-full\"><img loading=\"lazy\" decoding=\"async\" width=\"720\" height=\"540\" data-id=\"2213\" src=\"https:\/\/charcoalplant.com\/wp-content\/uploads\/2022\/01\/track-of-log-saw-mill-machine-.jpg\" alt=\"piste de scierie \u00e0 grumes\" class=\"wp-image-2213\"\/><figcaption class=\"wp-element-caption\">piste de scierie \u00e0 grumes<\/figcaption><\/figure>    <figure class=\"wp-block-image size-large\"><img loading=\"lazy\" decoding=\"async\" width=\"720\" height=\"540\" data-id=\"1725\" src=\"https:\/\/charcoalplant.com\/wp-content\/uploads\/2022\/01\/track.jpg\" alt=\"piste\" class=\"wp-image-1725\" srcset=\"https:\/\/charcoalplant.com\/wp-content\/uploads\/2022\/01\/track.jpg 720w, https:\/\/charcoalplant.com\/wp-content\/uploads\/2022\/01\/track-300x225.jpg 300w\" sizes=\"auto, (max-width: 720px) 100vw, 720px\" \/><figcaption class=\"wp-element-caption\">piste<\/figcaption><\/figure>    <figure class=\"wp-block-image size-full\"><img loading=\"lazy\" decoding=\"async\" width=\"720\" height=\"540\" data-id=\"2212\" src=\"https:\/\/charcoalplant.com\/wp-content\/uploads\/2022\/01\/log-saw-mill-machine-for-sale-.jpg\" alt=\"scierie-\u00e0-grumes-machine-\u00e0-vendre\" class=\"wp-image-2212\"\/><figcaption class=\"wp-element-caption\">scierie-\u00e0-grumes-machine-\u00e0-vendre<\/figcaption><\/figure> <\/figure>    <h3 class=\"wp-block-heading\" id=\"video-of-log-band-sawmill-machine\"><strong>Machine \u00e0 scier les grumes \u00e0 bande<\/strong> <strong>vid\u00e9o de travail<\/strong><\/h3>    <figure class=\"wp-block-embed is-type-video is-provider-youtube wp-block-embed-youtube wp-embed-aspect-16-9 wp-has-aspect-ratio\"><div class=\"wp-block-embed__wrapper\"> <iframe loading=\"lazy\" title=\"Scie \u00e0 ruban \u00e0 b\u00fbches verticale | Fabricant de machines de d\u00e9coupe de bois forestier#woodboard#meubles\" width=\"500\" height=\"281\" src=\"https:\/\/www.youtube.com\/embed\/M8i0EjIuRLk?feature=oembed\" frameborder=\"0\" allow=\"accelerometer; autoplay; clipboard-write; encrypted-media; gyroscope; picture-in-picture; web-share\" referrerpolicy=\"strict-origin-when-cross-origin\" allowfullscreen><\/iframe> <\/div><\/figure>    <h3 class=\"wp-block-heading has-luminous-vivid-orange-color has-text-color\" id=\"h-parameters-of-vertical-wood-saw-mill\"><strong>Scierie\u00a0\u00e0\u00a0bois\u00a0verticale<\/strong> <strong>param\u00e8tres <\/strong><\/h3>    <figure class=\"wp-block-table is-style-stripes\"><table><tbody><tr><td>Mod\u00e8le<\/td><td>SL-3000<\/td><td>SL-5000<\/td><\/tr><tr><td>Diam\u00e8tre de la roue de scie<\/td><td>1600mm<\/td><td>1250mm<\/td><\/tr><tr><td>Diam\u00e8tre maximum du bois de sciage<\/td><td>800mm<\/td><td>1000mm<\/td><\/tr><tr><td>Puissance du moteur<\/td><td>30KW<\/td><td>45KW<\/td><\/tr><tr><td>R\u00e9glage de l'\u00e9paisseur de sciage<\/td><td>CNC<\/td><td>CNC<\/td><\/tr><tr><td>Mod\u00e8le de serrage du bois<\/td><td>\u00c9lectrique<\/td><td>Hydraulique<\/td><\/tr><tr><td>Longueur maximale du bois de sciage<\/td><td>4000 mm<\/td><td>6000mm<\/td><\/tr><\/tbody><\/table><\/figure>    <p><\/p>    <h2 class=\"wp-block-heading\" id=\"h-automatic-wood-band-saw\"><strong>Tapez 3<\/strong>: <strong>Scie \u00e0 ruban \u00e0 bois automatique<\/strong> <strong>\u00e0 vendre<\/strong> <\/h2>    <p class=\"translation-block\">Les scies \u00e0 ruban horizontales peuvent traiter du bois de plus grand diam\u00e8tre. De plus, la diff\u00e9rence entre la scie \u00e0 portique CNC horizontale et les deux scies pr\u00e9c\u00e9dentes r\u00e9side dans le mouvement de la lame de scie et du bois. La lame de scie d'une grande scie \u00e0 bois se d\u00e9place d'avant en arri\u00e8re, mais le bois ne bouge pas. <strong><a href=\"https:\/\/charcoalplant.com\/fr\/about\/\">Shuliy\u00a0Machinery<\/a><\/strong> vend des scies \u00e0 ruban horizontales enti\u00e8rement automatiques \u00e0 essence et des scies \u00e0 ruban horizontales enti\u00e8rement automatiques au diesel. Notre usine produit \u00e9galement des outils pour r\u00e9parer les lames de scie, afin d'\u00e9viter l'augmentation de l'investissement pour le remplacement des lames de scie en raison de l'usure.<\/p>    <figure class=\"wp-block-gallery has-nested-images columns-2 is-cropped wp-block-gallery-7 is-layout-flex wp-block-gallery-is-layout-flex\"> <figure class=\"wp-block-image size-large\"><img loading=\"lazy\" decoding=\"async\" width=\"720\" height=\"540\" data-id=\"1727\" src=\"https:\/\/charcoalplant.com\/wp-content\/uploads\/2022\/01\/board-for-furniture.jpg\" alt=\"conseil pour meubles\" class=\"wp-image-1727\" srcset=\"https:\/\/charcoalplant.com\/wp-content\/uploads\/2022\/01\/board-for-furniture.jpg 720w, https:\/\/charcoalplant.com\/wp-content\/uploads\/2022\/01\/board-for-furniture-300x225.jpg 300w\" sizes=\"auto, (max-width: 720px) 100vw, 720px\" \/><figcaption class=\"wp-element-caption\">conseil pour meubles<\/figcaption><\/figure>    <figure class=\"wp-block-image size-large\"><img loading=\"lazy\" decoding=\"async\" width=\"720\" height=\"540\" data-id=\"1730\" src=\"https:\/\/charcoalplant.com\/wp-content\/uploads\/2022\/01\/Wood-placement.jpg\" alt=\"Placement du bois\" class=\"wp-image-1730\" srcset=\"https:\/\/charcoalplant.com\/wp-content\/uploads\/2022\/01\/Wood-placement.jpg 720w, https:\/\/charcoalplant.com\/wp-content\/uploads\/2022\/01\/Wood-placement-300x225.jpg 300w\" sizes=\"auto, (max-width: 720px) 100vw, 720px\" \/><figcaption class=\"wp-element-caption\">Placement du bois<\/figcaption><\/figure> <\/figure>    <h3 class=\"wp-block-heading\" id=\"structural-features-of-automatic-log-sawmill\"><strong>Caract\u00e9ristiques structurelles de la scierie automatique de grumes<\/strong><\/h3>    <ul class=\"wp-block-list\"> <li>Il r\u00e9duit les erreurs caus\u00e9es par le mouvement des b\u00fbches rondes et carr\u00e9es. <\/li> <\/ul>    <ul class=\"wp-block-list\"> <li>La planche de bois coup\u00e9e est r\u00e9tract\u00e9e par le crochet et une extraction manuelle n'est pas n\u00e9cessaire. <\/li> <\/ul>    <ul class=\"wp-block-list\"> <li>Ce processus est enti\u00e8rement m\u00e9canique pour r\u00e9aliser le souhait d'une d\u00e9charge automatique et continue. <\/li> <\/ul>    <figure class=\"wp-block-gallery has-nested-images columns-default is-cropped wp-block-gallery-8 is-layout-flex wp-block-gallery-is-layout-flex\"> <figure class=\"wp-block-image size-full\"><img loading=\"lazy\" decoding=\"async\" width=\"720\" height=\"540\" data-id=\"2262\" src=\"https:\/\/charcoalplant.com\/wp-content\/uploads\/2022\/02\/large-automatic-wood-band-saw.jpg\" alt=\"grande-scie-\u00e0-ruban-\u00e0-bois-automatique\" class=\"wp-image-2262\"\/><figcaption class=\"wp-element-caption\">grande-scie-\u00e0-ruban-\u00e0-bois-automatique<\/figcaption><\/figure> <\/figure>    <h3 class=\"wp-block-heading\" id=\"video-of-automatic-wood-bandsaw\"><strong>Scie \u00e0 ruban \u00e0 bois automatique<\/strong> <strong>vid\u00e9o de travail<\/strong><\/h3>    <figure class=\"wp-block-embed is-type-video is-provider-youtube wp-block-embed-youtube wp-embed-aspect-16-9 wp-has-aspect-ratio\"><div class=\"wp-block-embed__wrapper\"> <iframe loading=\"lazy\" title=\"Scie \u00e0 ruban horizontale enti\u00e8rement automatique | Woodland Lumber Mills #scierie #woodboard #lumbercuttingmachine\" width=\"500\" height=\"281\" src=\"https:\/\/www.youtube.com\/embed\/5mhbYQ5ghls?feature=oembed\" frameborder=\"0\" allow=\"accelerometer; autoplay; clipboard-write; encrypted-media; gyroscope; picture-in-picture; web-share\" referrerpolicy=\"strict-origin-when-cross-origin\" allowfullscreen><\/iframe> <\/div><\/figure>    <h3 class=\"wp-block-heading has-luminous-vivid-orange-color has-text-color\" id=\"h-parameters-of-mobile-log-saw\"><strong>Param\u00e8tres de la scie \u00e0 b\u00fbches mobile<\/strong><\/h3>    <figure class=\"wp-block-table is-style-stripes\"><table><tbody><tr><td>Mod\u00e8le<\/td><td>SL-1500<\/td><td>SL-2500<\/td><\/tr><tr><td>Diam\u00e8tre de la roue de scie<\/td><td>1000mm<\/td><td>1070mm<\/td><\/tr><tr><td>Diam\u00e8tre maximum du bois de sciage<\/td><td>1500mm<\/td><td>2500mm<\/td><\/tr><tr><td>Puissance du moteur<\/td><td>37KW<\/td><td>55KW<\/td><\/tr><tr><td>R\u00e9glage de l'\u00e9paisseur de sciage<\/td><td>350mm<\/td><td>450mm<\/td><\/tr><tr><td>Longueur maximale du bois de sciage<\/td><td>6000mm<\/td><td>6000mm<\/td><\/tr><tr><td>Poids<\/td><td>4500 kg<\/td><td>5500 kg<\/td><\/tr><\/tbody><\/table><\/figure>","protected":false},"excerpt":{"rendered":"<p>La machine \u00e0 scie \u00e0 b\u00fbches est un \u00e9quipement de coupe de bois. Il comprend des scies \u00e0 table coulissantes \u00e0 b\u00fbches, des scies \u00e0 ruban verticales et des scies \u00e0 ruban horizontales.<\/p>","protected":false},"author":1,"featured_media":1716,"parent":0,"template":"","tags":[64],"product-type":[3],"class_list":["post-1715","product","type-product","status-publish","has-post-thumbnail","hentry","tag-wood-wastes-recycling-machine","product-type-wood-wastes-recycling-machine"],"_links":{"self":[{"href":"https:\/\/charcoalplant.com\/fr\/wp-json\/wp\/v2\/product\/1715","targetHints":{"allow":["GET"]}}],"collection":[{"href":"https:\/\/charcoalplant.com\/fr\/wp-json\/wp\/v2\/product"}],"about":[{"href":"https:\/\/charcoalplant.com\/fr\/wp-json\/wp\/v2\/types\/product"}],"author":[{"embeddable":true,"href":"https:\/\/charcoalplant.com\/fr\/wp-json\/wp\/v2\/users\/1"}],"wp:featuredmedia":[{"embeddable":true,"href":"https:\/\/charcoalplant.com\/fr\/wp-json\/wp\/v2\/media\/1716"}],"wp:attachment":[{"href":"https:\/\/charcoalplant.com\/fr\/wp-json\/wp\/v2\/media?parent=1715"}],"wp:term":[{"taxonomy":"post_tag","embeddable":true,"href":"https:\/\/charcoalplant.com\/fr\/wp-json\/wp\/v2\/tags?post=1715"},{"taxonomy":"product-type","embeddable":true,"href":"https:\/\/charcoalplant.com\/fr\/wp-json\/wp\/v2\/product-type?post=1715"}],"curies":[{"name":"wp","href":"https:\/\/api.w.org\/{rel}","templated":true}]}}