{"id":1909,"date":"2022-01-11T09:01:53","date_gmt":"2022-01-11T09:01:53","guid":{"rendered":"https:\/\/charcoalplant.com\/"},"modified":"2022-06-10T02:25:52","modified_gmt":"2022-06-10T02:25:52","slug":"rotary-hookah-tablet-press","status":"publish","type":"product","link":"https:\/\/charcoalplant.com\/fr\/product\/rotary-hookah-tablet-press\/","title":{"rendered":"Presse \u00e0 comprim\u00e9s rotative pour narguil\u00e9 | Machine de fabrication de charbon de bois pour chicha"},"content":{"rendered":"<div class=\"kk-star-ratings kksr-auto kksr-align-left kksr-valign-top\"     data-payload='{&quot;align&quot;:&quot;left&quot;,&quot;id&quot;:&quot;1909&quot;,&quot;slug&quot;:&quot;default&quot;,&quot;valign&quot;:&quot;top&quot;,&quot;ignore&quot;:&quot;&quot;,&quot;reference&quot;:&quot;auto&quot;,&quot;class&quot;:&quot;&quot;,&quot;count&quot;:&quot;8&quot;,&quot;legendonly&quot;:&quot;&quot;,&quot;readonly&quot;:&quot;&quot;,&quot;score&quot;:&quot;4.8&quot;,&quot;starsonly&quot;:&quot;&quot;,&quot;best&quot;:&quot;5&quot;,&quot;gap&quot;:&quot;5&quot;,&quot;greet&quot;:&quot;Rate this product&quot;,&quot;legend&quot;:&quot;4.8\\\/5 - (8 votes)&quot;,&quot;size&quot;:&quot;24&quot;,&quot;title&quot;:&quot;Rotary Hookah Tablet Press | Shisha Charcoal Making Machine&quot;,&quot;width&quot;:&quot;136.7&quot;,&quot;_legend&quot;:&quot;{score}\\\/{best} - ({count} {votes})&quot;,&quot;font_factor&quot;:&quot;1.25&quot;}'>              <div class=\"kksr-stars\">      <div class=\"kksr-stars-inactive\">             <div class=\"kksr-star\" data-star=\"1\" style=\"padding-right: 5px\">               <div class=\"kksr-icon\" style=\"width: 24px; height: 24px;\"><\/div>         <\/div>             <div class=\"kksr-star\" data-star=\"2\" style=\"padding-right: 5px\">               <div class=\"kksr-icon\" style=\"width: 24px; height: 24px;\"><\/div>         <\/div>             <div class=\"kksr-star\" data-star=\"3\" style=\"padding-right: 5px\">               <div class=\"kksr-icon\" style=\"width: 24px; height: 24px;\"><\/div>         <\/div>             <div class=\"kksr-star\" data-star=\"4\" style=\"padding-right: 5px\">               <div class=\"kksr-icon\" style=\"width: 24px; height: 24px;\"><\/div>         <\/div>             <div class=\"kksr-star\" data-star=\"5\" style=\"padding-right: 5px\">               <div class=\"kksr-icon\" style=\"width: 24px; height: 24px;\"><\/div>         <\/div>     <\/div>      <div class=\"kksr-stars-active\" style=\"width: 136.7px;\">             <div class=\"kksr-star\" style=\"padding-right: 5px\">               <div class=\"kksr-icon\" style=\"width: 24px; height: 24px;\"><\/div>         <\/div>             <div class=\"kksr-star\" style=\"padding-right: 5px\">               <div class=\"kksr-icon\" style=\"width: 24px; height: 24px;\"><\/div>         <\/div>             <div class=\"kksr-star\" style=\"padding-right: 5px\">               <div class=\"kksr-icon\" style=\"width: 24px; height: 24px;\"><\/div>         <\/div>             <div class=\"kksr-star\" style=\"padding-right: 5px\">               <div class=\"kksr-icon\" style=\"width: 24px; height: 24px;\"><\/div>         <\/div>             <div class=\"kksr-star\" style=\"padding-right: 5px\">               <div class=\"kksr-icon\" style=\"width: 24px; height: 24px;\"><\/div>         <\/div>     <\/div> <\/div>                   <div class=\"kksr-legend\" style=\"font-size: 19.2px;\">             4,8\/5 - (8 votes)    <\/div>     <\/div>  <p class=\"translation-block\"><strong>Rotary hookah coal tablet press<\/strong> est une machine \u00e0 fabriquer du charbon de shisha \u00e0 haute efficacit\u00e9. Par rapport \u00e0 la machine ordinaire de briquetage de charbon de shisha, la production de l\u2019express de comprim\u00e9 rotatif est 3 fois celle du type ordinaire. C\u2019est-\u00e0-dire, c\u2019est \u00e9quivalent \u00e0 2-3 presses \u00e0 tablets en poudre de charbon de type normal. Par cons\u00e9quent, la machine \u00e0 tableter le charbon de hookah rotatif a <strong><a href=\"https:\/\/charcoalplant.com\/fr\/news\/why-are-the-new-shisha-charcoal-presses-more-high-end\/\">une valeur \u00e9conomique \u00e9lev\u00e9e<\/a><\/strong>. Shuliy Machine ne peut pas seulement \u00e9laborer le bon plan de production pour vous. De plus, nous proposons un service de personnalisation de machine. Si vous souhaitez obtenir le prix du produit, veuillez nous laisser un message. Et nous r\u00e9pondrons d\u00e8s que possible.<\/p>    <div class=\"wp-block-image\"><figure class=\"aligncenter size-full\"><img loading=\"lazy\" decoding=\"async\" width=\"720\" height=\"540\" src=\"https:\/\/charcoalplant.com\/wp-content\/uploads\/2022\/02\/rotary-hookah-coal-tablet-press-for-sale.jpg\" alt=\"narguil\u00e9-rotatif-charbon-presse-\u00e0-comprim\u00e9s-\u00e0-vendre\" class=\"wp-image-2480\"\/><figcaption>narguil\u00e9-rotatif-charbon-presse-\u00e0-comprim\u00e9s-\u00e0-vendre<\/figcaption><\/figure><\/div>    <h2 class=\"wp-block-heading\" id=\"h-raw-materials-of-rotary-hookah-charcoal-tablet-machine\">Mati\u00e8res premi\u00e8res de la machine rotative \u00e0 comprim\u00e9s de charbon de narguil\u00e9<\/h2>    <p class=\"translation-block\">Les mati\u00e8res premi\u00e8res de la <strong><a href=\"https:\/\/charcoalplant.com\/fr\/shisha-charcoal-production-line\/\">ligne de production de charbon de chicha<\/a><\/strong>\u00a0sont diverses poudres de carbone. Par exemple, poudre de charbon de noix de coco, poudre de charbon de fruit, poudre de charbon de bambou, poudre de charbon, etc. La machine rotative \u00e0 charbon de chicha sert \u00e0 presser ces poudres de carbone en feuilles de charbon de chicha de diverses formes. En plus de presser des comprim\u00e9s ronds, elle peut aussi presser des comprim\u00e9s de forme sp\u00e9ciale, comprim\u00e9s sp\u00e9ciaux, comprim\u00e9s carr\u00e9s, comprim\u00e9s annel\u00e9s, etc. La production de charbon de chicha n\u2019est pas seulement ajustable en diam\u00e8tre. Et la taille, la r\u00e9sistance et la duret\u00e9 des feuilles de carbone sont produites selon les exigences du client.<\/p>    <div class=\"wp-block-image\"><figure class=\"aligncenter size-full\"><img loading=\"lazy\" decoding=\"async\" width=\"720\" height=\"540\" src=\"https:\/\/charcoalplant.com\/wp-content\/uploads\/2022\/02\/round-quick-light-shisha-hookahcoal.jpg\" alt=\"rond-\u00e0-lumi\u00e8re-rapide-chicha-narguil\u00e9charbon\" class=\"wp-image-2474\"\/><figcaption>rond-\u00e0-allumage-rapide-chicha-narguil\u00e9-charbon<\/figcaption><\/figure><\/div>    <h2 class=\"wp-block-heading\">Principe de base de la machine de fabrication de charbon de chicha<strong> <\/strong><\/h2>    <p>La raison pour laquelle la presse rotative \u00e0 charbon de narguil\u00e9 est efficace et de haute qualit\u00e9. En raison de son syst\u00e8me unique de formation de charbon de narguil\u00e9. Il abandonne audacieusement la mani\u00e8re traditionnelle de frapper de haut en bas. Il utilise intelligemment les coups de poing sup\u00e9rieurs et inf\u00e9rieurs le long de la piste incurv\u00e9e pour presser naturellement les points hauts et bas. L'avantage de cette conception est que chaque morceau de charbon de chicha peut r\u00e9sister \u00e0 la m\u00eame pression. C\u2019est \u00e9galement la partie la plus pr\u00e9cieuse de la r\u00e9forme de la machine de fabrication de charbon de narguil\u00e9.<\/p>    <figure class=\"wp-block-gallery has-nested-images columns-default is-cropped wp-block-gallery-2 is-layout-flex wp-block-gallery-is-layout-flex\"> <figure class=\"wp-block-image size-large\"><img loading=\"lazy\" decoding=\"async\" width=\"720\" height=\"540\" data-id=\"1910\" src=\"https:\/\/charcoalplant.com\/wp-content\/uploads\/2022\/01\/Shisha-Charcoal-Receiving-Tray-and-outlet_.jpg\" alt=\"Plateau-de-r\u00e9ception-de-charbon-de-chicha-et-prise\" class=\"wp-image-1910\"\/><figcaption>Plateau-de-r\u00e9ception-de-charbon-de-chicha-et-prise<\/figcaption><\/figure> <\/figure>    <h2 class=\"wp-block-heading\" id=\"h-structure-of-rotary-hookah-tablet-press\">Structure de la presse \u00e0 comprim\u00e9s rotative \u00e0 narguil\u00e9<\/h2>    <p>Sa structure comprend un orifice d'alimentation, un orifice de d\u00e9charge, un moule (sup\u00e9rieur, moyen et inf\u00e9rieur), un moteur, un moteur de d\u00e9c\u00e9l\u00e9ration, un rouleau presseur et un plateau de r\u00e9ception. Sa centrale \u00e9lectrique est enferm\u00e9e sous la carrosserie. La machine de test et l'entretien quotidien doivent v\u00e9rifier le moteur et il peut \u00eatre v\u00e9rifi\u00e9 avec la cl\u00e9. La conception de la structure de l\u2019ensemble de la presse \u00e0 comprim\u00e9s rotative est tr\u00e8s compacte et peu encombrante.<\/p>    <div class=\"wp-block-columns is-layout-flex wp-container-core-columns-is-layout-28f84493 wp-block-columns-is-layout-flex\"> <div class=\"wp-block-column is-layout-flow wp-block-column-is-layout-flow\" style=\"flex-basis:66.66%\"> <figure class=\"wp-block-gallery has-nested-images columns-default is-cropped wp-block-gallery-3 is-layout-flex wp-block-gallery-is-layout-flex\"> <figure class=\"wp-block-image size-large\"><img loading=\"lazy\" decoding=\"async\" width=\"720\" height=\"540\" data-id=\"1912\" src=\"https:\/\/charcoalplant.com\/wp-content\/uploads\/2022\/01\/mould.jpg\" alt=\"moule\" class=\"wp-image-1912\"\/><figcaption>moule<\/figcaption><\/figure> <\/figure> <\/div>    <div class=\"wp-block-column is-layout-flow wp-block-column-is-layout-flow\" style=\"flex-basis:33.33%\"> <p class=\"translation-block\"><strong>Moule<\/strong><\/p>    <p>Son diam\u00e8tre de moule, son motif et son texte peuvent tous \u00eatre personnalis\u00e9s. Par cons\u00e9quent, le charbon de chicha produit est plus distinctif et touche en m\u00eame temps un public plus large. Le corps de la machine et le mat\u00e9riau du moule sont en acier inoxydable durable. Ainsi, il ne comporte pratiquement aucune pi\u00e8ce d\u2019usure et a une dur\u00e9e de vie de 8 \u00e0 10 ans.<\/p> <\/div> <\/div>    <div class=\"wp-block-columns is-layout-flex wp-container-core-columns-is-layout-28f84493 wp-block-columns-is-layout-flex\"> <div class=\"wp-block-column is-layout-flow wp-block-column-is-layout-flow\" style=\"flex-basis:33.33%\"> <p class=\"translation-block\"><strong>Inlet<\/strong><\/p>    <p>L'image de droite montre l'entr\u00e9e d'alimentation et le bouton d'infusion de la machine de formage de charbon de coque. La position du port d'alimentation de la machine \u00e0 charbon de narguil\u00e9 est tr\u00e8s appropri\u00e9e. Par cons\u00e9quent, il est tr\u00e8s pratique \u00e0 utiliser et \u00e0 d\u00e9tecter pour les op\u00e9rateurs. Et les boutons sur le c\u00f4t\u00e9 de la machine permettent de r\u00e9gler la pression et le nombre de remplissages.<\/p> <\/div>    <div class=\"wp-block-column is-layout-flow wp-block-column-is-layout-flow\" style=\"flex-basis:66.66%\"> <figure class=\"wp-block-gallery has-nested-images columns-default is-cropped wp-block-gallery-4 is-layout-flex wp-block-gallery-is-layout-flex\"> <figure class=\"wp-block-image size-large\"><img loading=\"lazy\" decoding=\"async\" width=\"720\" height=\"540\" data-id=\"2475\" src=\"https:\/\/charcoalplant.com\/wp-content\/uploads\/2022\/02\/details-of-hully-charcoal-machine-.jpg\" alt=\"\" class=\"wp-image-2475\"\/><\/figure> <\/figure> <\/div> <\/div>    <div class=\"wp-block-columns is-layout-flex wp-container-core-columns-is-layout-28f84493 wp-block-columns-is-layout-flex\"> <div class=\"wp-block-column is-layout-flow wp-block-column-is-layout-flow\" style=\"flex-basis:66.66%\"> <figure class=\"wp-block-gallery has-nested-images columns-default is-cropped wp-block-gallery-5 is-layout-flex wp-block-gallery-is-layout-flex\"> <figure class=\"wp-block-image size-large\"><img loading=\"lazy\" decoding=\"async\" width=\"720\" height=\"540\" data-id=\"2476\" src=\"https:\/\/charcoalplant.com\/wp-content\/uploads\/2022\/02\/outlet-1.jpg\" alt=\"\" class=\"wp-image-2476\"\/><\/figure> <\/figure> <\/div>    <div class=\"wp-block-column is-layout-flow wp-block-column-is-layout-flow\" style=\"flex-basis:33.33%\"> <p class=\"translation-block\"><strong>Sortie<\/strong><\/p>    <p class=\"translation-block\">Il y a une plaque de baffle \u00e0 la sortie. de sorte que le charbon de chicha est collect\u00e9 de mani\u00e8re ordonn\u00e9e. De plus, nous \u00e9quipons nos clients d\u2019un plateau de r\u00e9ception. Il facilite l\u2019utilisation de la partie <strong><a href=\"https:\/\/charcoalplant.com\/fr\/drying-machine\/charcoal-briquette-dryer\/\">s\u00e9chage<\/a><\/strong> du charbon de chicha et le fonctionnement de la machine de tri du charbon de chicha en forme d\u2019anneau <strong><a href=\"https:\/\/charcoalplant.com\/fr\/briquettes-packing-machine\/charcoal-briquettes-packing-machine\/\"><\/a>.\u00bb<\/p><\/p> <\/div> <\/div>    <h2 class=\"wp-block-heading\" id=\"h-parameters-of-rotary-hookah-tablet-press\">Param\u00e8tres de la presse \u00e0 comprim\u00e9s rotative pour narguil\u00e9<\/h2>    <p>Nous fabriquons diff\u00e9rents mod\u00e8les de presses \u00e0 comprim\u00e9s de charbon de chicha. Le 21 punch est l\u2019un de nos plus vendus. Vous trouverez ci-dessous les param\u00e8tres de la machine pour 21 comprim\u00e9s poin\u00e7onn\u00e9s de 30 mm de diam\u00e8tre.<\/p>    <figure class=\"wp-block-table is-style-stripes\"><table><tbody><tr><td><strong>Mod\u00e8le<\/strong><strong><\/strong><\/td><td><strong>SL-RS21<\/strong><\/td><\/tr><tr><td><strong>Quantit\u00e9 de poin\u00e7on (ensembles)<\/strong><strong><\/strong><\/td><td><strong>21<\/strong><strong><\/strong><\/td><\/tr><tr><td><strong>Pression maximale du comprim\u00e9 (kn)<\/strong><strong><\/strong><\/td><td><strong>120<\/strong><strong><\/strong><\/td><\/tr><tr><td><strong>Profondeur de remplissage maximale (mm)<\/strong><strong><\/strong><\/td><td><strong>16-28<\/strong><strong><\/strong><\/td><\/tr><tr><td><strong>\u00c9paisseur maximale du comprim\u00e9 (mm)<\/strong><strong><\/strong><\/td><td><strong>8-15<\/strong><strong><\/strong><\/td><\/tr><tr><td><strong>Vitesse de rotation de la tourelle (r\/min)<\/strong><strong><\/strong><\/td><td><strong>30<\/strong><strong><\/strong><\/td><\/tr><tr><td><strong>Sortie maximale (pi\u00e8ces\/h)<\/strong><strong><\/strong><\/td><td><strong>30000-40000<\/strong><strong><\/strong><\/td><\/tr><tr><td><strong>Puissance du moteur (kw)<\/strong><strong><\/strong><\/td><td><strong>7.5<\/strong><strong><\/strong><\/td><\/tr><tr><td><strong>Taille globale (mm)<\/strong><strong><\/strong><\/td><td><strong>800*900*1650<\/strong><strong><\/strong><\/td><\/tr><tr><td><strong>Poids de la machine (kg)<\/strong><strong><\/strong><\/td><td><strong>1500<\/strong><strong><\/strong><\/td><\/tr><\/tbody><\/table><\/figure>    <h2 class=\"wp-block-heading\" id=\"h-video-of-best-coconut-charcoal-shisha-tablet\">Vid\u00e9o de la meilleure tablette \u00e0 chicha au charbon de noix de coco<\/h2>    <p>Gr\u00e2ce \u00e0 la vid\u00e9o ci-dessous, vous pourrez clairement comprendre le processus de production et de conditionnement du charbon de chicha.<\/p>    <figure class=\"wp-block-embed is-type-video is-provider-youtube wp-block-embed-youtube wp-embed-aspect-16-9 wp-has-aspect-ratio\"><div class=\"wp-block-embed__wrapper\"> <iframe loading=\"lazy\" title=\"Meilleure tablette de chicha au charbon de noix de coco | Usine rotative de machine \u00e0 comprim\u00e9s de narguil\u00e9#shishacharcoal#Arab\" width=\"500\" height=\"281\" src=\"https:\/\/www.youtube.com\/embed\/SCr3JOp5PN8?feature=oembed\" frameborder=\"0\" allow=\"accelerometer; autoplay; clipboard-write; encrypted-media; gyroscope; picture-in-picture; web-share\" referrerpolicy=\"strict-origin-when-cross-origin\" allowfullscreen><\/iframe> <\/div><\/figure>    <h2 class=\"wp-block-heading\">Quels sont les avantages d\u2019un presse-comprim\u00e9s de charbon de chicha ?<\/h2>    <ul class=\"wp-block-list\" id=\"block-4a8c5a9a-482a-49f4-b4de-51d981b5b640\"><li>Adoptez le panneau de commande intelligent PLC. L'\u00e9paisseur de la tablette de charbon de narguil\u00e9 peut \u00eatre facilement ajust\u00e9e en ajustant la vitesse.<\/li><li>Le dispositif de remplissage automatique de la machine de fabrication de charbon de narguil\u00e9 peut facilement contr\u00f4ler la vitesse.<\/li><li>L'ensemble de la machine est en acier inoxydable, facile \u00e0 nettoyer et a une longue dur\u00e9e de vie.<\/li><li>La pente de l'orifice de d\u00e9charge est con\u00e7ue raisonnablement pour que le charbon de chicha glisse naturellement sans endommager la feuille de charbon de narguil\u00e9.<\/li><li>Le charbon de chicha est pos\u00e9 \u00e0 plat sur le chargeur en acier inoxydable. Non seulement pratique pour le s\u00e9chage, mais aussi pratique pour <strong><a href=\"https:\/\/charcoalplant.com\/fr\/briquettes-packing-machine\/charcoal-briquettes-packing-machine\/\">machine d'emballage de charbon de chicha<\/a><\/strong> emballage.<\/li><li>Lors du fonctionnement, le bruit est faible, la pression est importante et la surpression s'arr\u00eate pour \u00e9viter d'endommager la machine.<\/li><\/ul>    <div class=\"wp-block-image\"><figure class=\"aligncenter size-full\"><img loading=\"lazy\" decoding=\"async\" width=\"720\" height=\"540\" src=\"https:\/\/charcoalplant.com\/wp-content\/uploads\/2022\/01\/rotary-tablet-press-plant-tuya_\u7ed3\u679c.jpg\" alt=\"usine-de-presse-\u00e0-comprim\u00e9s-\u00e0-narguil\u00e9-rotative\" class=\"wp-image-1918\"\/><figcaption>usine-de-presse-\u00e0-comprim\u00e9s-\u00e0-narguil\u00e9-rotative<\/figcaption><\/figure><\/div>    <div class=\"wp-block-image\"><figure class=\"aligncenter size-full\"><img loading=\"lazy\" decoding=\"async\" width=\"720\" height=\"540\" src=\"https:\/\/charcoalplant.com\/wp-content\/uploads\/2022\/02\/rotary-hookah-coal-tablet-press-plant-.jpg\" alt=\"usine de presse \u00e0 comprim\u00e9s de charbon de narguil\u00e9 rotatif\" class=\"wp-image-2482\"\/><figcaption>usine de presse \u00e0 comprim\u00e9s de charbon de narguil\u00e9 rotatif<\/figcaption><\/figure><\/div>    <h2 class=\"wp-block-heading\">Pr\u00e9sentoir ligne charbon chicha<\/h2>    <div class=\"wp-block-columns is-layout-flex wp-container-core-columns-is-layout-28f84493 wp-block-columns-is-layout-flex\"> <div class=\"wp-block-column is-layout-flow wp-block-column-is-layout-flow\"> <figure class=\"wp-block-gallery has-nested-images columns-default is-cropped wp-block-gallery-6 is-layout-flex wp-block-gallery-is-layout-flex\"> <figure class=\"wp-block-image size-large\"><img loading=\"lazy\" decoding=\"async\" width=\"720\" height=\"540\" data-id=\"2483\" src=\"https:\/\/charcoalplant.com\/wp-content\/uploads\/2022\/02\/hookah-charcoal-forming-machine.jpg\" alt=\"machine \u00e0 former du charbon de narguil\u00e9\" class=\"wp-image-2483\"\/><figcaption>machine \u00e0 former du charbon de narguil\u00e9<\/figcaption><\/figure> <\/figure> <\/div>    <div class=\"wp-block-column is-layout-flow wp-block-column-is-layout-flow\"> <figure class=\"wp-block-gallery has-nested-images columns-default is-cropped wp-block-gallery-7 is-layout-flex wp-block-gallery-is-layout-flex\"> <figure class=\"wp-block-image size-large\"><img loading=\"lazy\" decoding=\"async\" width=\"720\" height=\"540\" data-id=\"2484\" src=\"https:\/\/charcoalplant.com\/wp-content\/uploads\/2022\/02\/dryer-1.jpg\" alt=\"s\u00e9choir\" class=\"wp-image-2484\"\/><figcaption>s\u00e9choir<\/figcaption><\/figure> <\/figure> <\/div>    <div class=\"wp-block-column is-layout-flow wp-block-column-is-layout-flow\"> <figure class=\"wp-block-gallery has-nested-images columns-default is-cropped wp-block-gallery-8 is-layout-flex wp-block-gallery-is-layout-flex\"> <figure class=\"wp-block-image size-large\"><img loading=\"lazy\" decoding=\"async\" width=\"720\" height=\"540\" data-id=\"2485\" src=\"https:\/\/charcoalplant.com\/wp-content\/uploads\/2022\/02\/Equipment-for-sorting-shisha-charcoal.jpg\" alt=\"equipement-de-tri-charbon-de-chicha\" class=\"wp-image-2485\"\/><figcaption>equipement-de-tri-charbon-de-chicha<\/figcaption><\/figure> <\/figure> <\/div> <\/div>    <div class=\"wp-block-columns is-layout-flex wp-container-core-columns-is-layout-28f84493 wp-block-columns-is-layout-flex\"> <div class=\"wp-block-column is-layout-flow wp-block-column-is-layout-flow\"> <figure class=\"wp-block-gallery has-nested-images columns-default is-cropped wp-block-gallery-9 is-layout-flex wp-block-gallery-is-layout-flex\"> <figure class=\"wp-block-image size-large\"><img loading=\"lazy\" decoding=\"async\" width=\"720\" height=\"540\" data-id=\"2486\" src=\"https:\/\/charcoalplant.com\/wp-content\/uploads\/2022\/02\/hookah-packing-machine.jpg\" alt=\"machine \u00e0 emballer le narguil\u00e9\" class=\"wp-image-2486\"\/><figcaption>machine \u00e0 emballer le narguil\u00e9<\/figcaption><\/figure> <\/figure> <\/div>    <div class=\"wp-block-column is-layout-flow wp-block-column-is-layout-flow\"> <figure class=\"wp-block-gallery has-nested-images columns-default is-cropped wp-block-gallery-10 is-layout-flex wp-block-gallery-is-layout-flex\"> <figure class=\"wp-block-image size-large\"><img loading=\"lazy\" decoding=\"async\" width=\"720\" height=\"540\" data-id=\"2487\" src=\"https:\/\/charcoalplant.com\/wp-content\/uploads\/2022\/02\/heat-shrink-sealer.jpg\" alt=\"scellant thermor\u00e9tractable\" class=\"wp-image-2487\"\/><figcaption>scellant thermor\u00e9tractable<\/figcaption><\/figure> <\/figure> <\/div>    <div class=\"wp-block-column is-layout-flow wp-block-column-is-layout-flow\"> <figure class=\"wp-block-gallery has-nested-images columns-default is-cropped wp-block-gallery-11 is-layout-flex wp-block-gallery-is-layout-flex\"> <figure class=\"wp-block-image size-large\"><img loading=\"lazy\" decoding=\"async\" width=\"720\" height=\"540\" data-id=\"2488\" src=\"https:\/\/charcoalplant.com\/wp-content\/uploads\/2022\/02\/finish-product.jpg\" alt=\"produit fini\" class=\"wp-image-2488\"\/><figcaption>produit fini<\/figcaption><\/figure> <\/figure> <\/div> <\/div>    <p><\/p>","protected":false},"excerpt":{"rendered":"<p>La presse \u00e0 comprim\u00e9s rotative pour narguil\u00e9 est une machine de fabrication de charbon de chicha haut de gamme. Sa production horaire est de 30 000 \u00e0 40 000 pi\u00e8ces.<\/p>","protected":false},"author":1,"featured_media":1920,"parent":0,"template":"","tags":[59],"product-type":[44],"class_list":["post-1909","product","type-product","status-publish","has-post-thumbnail","hentry","tag-charcoal-briquetting-machine","product-type-charcoal-briquetting-machine"],"_links":{"self":[{"href":"https:\/\/charcoalplant.com\/fr\/wp-json\/wp\/v2\/product\/1909","targetHints":{"allow":["GET"]}}],"collection":[{"href":"https:\/\/charcoalplant.com\/fr\/wp-json\/wp\/v2\/product"}],"about":[{"href":"https:\/\/charcoalplant.com\/fr\/wp-json\/wp\/v2\/types\/product"}],"author":[{"embeddable":true,"href":"https:\/\/charcoalplant.com\/fr\/wp-json\/wp\/v2\/users\/1"}],"wp:featuredmedia":[{"embeddable":true,"href":"https:\/\/charcoalplant.com\/fr\/wp-json\/wp\/v2\/media\/1920"}],"wp:attachment":[{"href":"https:\/\/charcoalplant.com\/fr\/wp-json\/wp\/v2\/media?parent=1909"}],"wp:term":[{"taxonomy":"post_tag","embeddable":true,"href":"https:\/\/charcoalplant.com\/fr\/wp-json\/wp\/v2\/tags?post=1909"},{"taxonomy":"product-type","embeddable":true,"href":"https:\/\/charcoalplant.com\/fr\/wp-json\/wp\/v2\/product-type?post=1909"}],"curies":[{"name":"wp","href":"https:\/\/api.w.org\/{rel}","templated":true}]}}