{"id":1976,"date":"2022-01-14T10:13:10","date_gmt":"2022-01-14T10:13:10","guid":{"rendered":"https:\/\/charcoalplant.com\/?page_id=1976"},"modified":"2023-01-13T16:46:31","modified_gmt":"2023-01-13T08:46:31","slug":"bbq-coal-production-line","status":"publish","type":"product","link":"https:\/\/charcoalplant.com\/fr\/bbq-coal-production-line\/","title":{"rendered":"Ligne de production de charbon pour barbecue"},"content":{"rendered":"<div class=\"kk-star-ratings kksr-auto kksr-align-left kksr-valign-top\"     data-payload='{&quot;align&quot;:&quot;left&quot;,&quot;id&quot;:&quot;1976&quot;,&quot;slug&quot;:&quot;default&quot;,&quot;valign&quot;:&quot;top&quot;,&quot;ignore&quot;:&quot;&quot;,&quot;reference&quot;:&quot;auto&quot;,&quot;class&quot;:&quot;&quot;,&quot;count&quot;:&quot;13&quot;,&quot;legendonly&quot;:&quot;&quot;,&quot;readonly&quot;:&quot;&quot;,&quot;score&quot;:&quot;4.9&quot;,&quot;starsonly&quot;:&quot;&quot;,&quot;best&quot;:&quot;5&quot;,&quot;gap&quot;:&quot;5&quot;,&quot;greet&quot;:&quot;Rate this product&quot;,&quot;legend&quot;:&quot;4.9\\\/5 - (13 votes)&quot;,&quot;size&quot;:&quot;24&quot;,&quot;title&quot;:&quot;BBQ Coal Production Line&quot;,&quot;width&quot;:&quot;139.6&quot;,&quot;_legend&quot;:&quot;{score}\\\/{best} - ({count} {votes})&quot;,&quot;font_factor&quot;:&quot;1.25&quot;}'>              <div class=\"kksr-stars\">      <div class=\"kksr-stars-inactive\">             <div class=\"kksr-star\" data-star=\"1\" style=\"padding-right: 5px\">               <div class=\"kksr-icon\" style=\"width: 24px; height: 24px;\"><\/div>         <\/div>             <div class=\"kksr-star\" data-star=\"2\" style=\"padding-right: 5px\">               <div class=\"kksr-icon\" style=\"width: 24px; height: 24px;\"><\/div>         <\/div>             <div class=\"kksr-star\" data-star=\"3\" style=\"padding-right: 5px\">               <div class=\"kksr-icon\" style=\"width: 24px; height: 24px;\"><\/div>         <\/div>             <div class=\"kksr-star\" data-star=\"4\" style=\"padding-right: 5px\">               <div class=\"kksr-icon\" style=\"width: 24px; height: 24px;\"><\/div>         <\/div>             <div class=\"kksr-star\" data-star=\"5\" style=\"padding-right: 5px\">               <div class=\"kksr-icon\" style=\"width: 24px; height: 24px;\"><\/div>         <\/div>     <\/div>      <div class=\"kksr-stars-active\" style=\"width: 139.6px;\">             <div class=\"kksr-star\" style=\"padding-right: 5px\">               <div class=\"kksr-icon\" style=\"width: 24px; height: 24px;\"><\/div>         <\/div>             <div class=\"kksr-star\" style=\"padding-right: 5px\">               <div class=\"kksr-icon\" style=\"width: 24px; height: 24px;\"><\/div>         <\/div>             <div class=\"kksr-star\" style=\"padding-right: 5px\">               <div class=\"kksr-icon\" style=\"width: 24px; height: 24px;\"><\/div>         <\/div>             <div class=\"kksr-star\" style=\"padding-right: 5px\">               <div class=\"kksr-icon\" style=\"width: 24px; height: 24px;\"><\/div>         <\/div>             <div class=\"kksr-star\" style=\"padding-right: 5px\">               <div class=\"kksr-icon\" style=\"width: 24px; height: 24px;\"><\/div>         <\/div>     <\/div> <\/div>                   <div class=\"kksr-legend\" style=\"font-size: 19.2px;\">             4,9\/5 - (13 votes)    <\/div>     <\/div>  <p class=\"translation-block\"><strong>ligne de production de charbon de barbecue<\/strong> est un outil professionnel pour la fabrication de briquettes de charbon. De plus, il peut non seulement \u00eatre transform\u00e9 en boules, mais aussi en oreillers, en pains et en ovales pour r\u00e9pondre aux besoins des clients. Comme le charbon de barbecue remplace les combustibles biomasse traditionnels et le charbon brut, c'est un moyen efficace de r\u00e9aliser des \u00e9conomies d'\u00e9nergie et de r\u00e9duction des \u00e9missions. De plus, la machine \u00e0 briqueter le charbon peut facilement r\u00e9soudre les probl\u00e8mes de transport peu pratiques et de manipulation difficile du charbon broy\u00e9. Par cons\u00e9quent, c'est le projet d\u2019investissement privil\u00e9gi\u00e9 pour les usines de traitement du charbon. Si vous \u00eates int\u00e9ress\u00e9 par la ligne de production de charbon de barbecue Shuliy, veuillez nous contacter imm\u00e9diatement.<\/p>    <h2 class=\"wp-block-heading\" id=\"h-process-of-bbq-coal-production-line\"><strong>Processus de ligne de production de charbon BBQ<\/strong><\/h2>    <p>En termes simples, toute la cha\u00eene de production de briquettes de charbon comprend le processus allant des morceaux de charbon \u00e0 la poudre de charbon jusqu'au charbon de barbecue. L'ensemble du processus comprend le concassage, le brassage, la distribution, le formage, le s\u00e9chage et l'emballage. Enfin, une briquette propre avec un pouvoir calorifique \u00e9lev\u00e9, une forte demande et un transport pratique sera obtenue.<\/p>    <figure class=\"wp-block-gallery has-nested-images columns-3 is-cropped wp-block-gallery-2 is-layout-flex wp-block-gallery-is-layout-flex\"> <figure class=\"wp-block-image size-large\"><img loading=\"lazy\" decoding=\"async\" width=\"720\" height=\"540\" data-id=\"1980\" src=\"https:\/\/charcoalplant.com\/wp-content\/uploads\/2022\/01\/coal.jpg\" alt=\"charbon\" class=\"wp-image-1980\"\/><figcaption class=\"wp-element-caption\">charbon<\/figcaption><\/figure>    <figure class=\"wp-block-image size-large\"><img loading=\"lazy\" decoding=\"async\" width=\"720\" height=\"540\" data-id=\"1979\" src=\"https:\/\/charcoalplant.com\/wp-content\/uploads\/2022\/01\/coal-powder.jpg\" alt=\"poudre de charbon\" class=\"wp-image-1979\"\/><figcaption class=\"wp-element-caption\">poudre de charbon<\/figcaption><\/figure>    <figure class=\"wp-block-image size-full\"><img loading=\"lazy\" decoding=\"async\" width=\"720\" height=\"540\" data-id=\"2842\" src=\"https:\/\/charcoalplant.com\/wp-content\/uploads\/2022\/03\/coal-briket-bag.jpg\" alt=\"sac-de-charbon-briket\" class=\"wp-image-2842\"\/><figcaption class=\"wp-element-caption\">sac-de-charbon-briket<\/figcaption><\/figure> <\/figure>    <figure class=\"wp-block-image aligncenter size-full\"><img loading=\"lazy\" decoding=\"async\" width=\"720\" height=\"540\" src=\"https:\/\/charcoalplant.com\/wp-content\/uploads\/2022\/01\/BBQ-coal-production-line.jpg\" alt=\"Ligne de production de charbon pour barbecue\" class=\"wp-image-1978\"\/><figcaption class=\"wp-element-caption\">Ligne de production de charbon pour barbecue<\/figcaption><\/figure>    <h2 class=\"wp-block-heading\" id=\"h-what-equipment-does-coal-powder-briquetting-production-line-include\"><strong>Quelles machines la ligne de production de briquettes de poudre de charbon comprend-elle\u00a0?<\/strong><\/h2>    <p class=\"translation-block\">L'\u00e9quipement principal de la ligne de production de charbon pour BBQ est compos\u00e9 d'un silo \u00e0 charbon, <strong><a href=\"https:\/\/charcoalplant.com\/fr\/grinder-and-mixer\/charcoal-shredder\/\">pulv\u00e9risateur de charbon<\/a><\/strong>, m\u00e9langeur de poussi\u00e8re de charbon, moulin \u00e0 roues, machine \u00e0 briquettes de charbon, s\u00e9choir \u00e0 charbon pour BBQ et machine d'emballage. Parmi eux, le m\u00e9langeur \u00e0 double arbre, la machine \u00e0 fabriquer des briquettes de charbon pulv\u00e9ris\u00e9 et le s\u00e9choir \u00e0 briquettes de charbon sont les \u00e9quipements les plus importants de la ligne de production de charbon pour BBQ.<\/p>    <div class=\"wp-block-columns has-background is-layout-flex wp-container-core-columns-is-layout-28f84493 wp-block-columns-is-layout-flex\" style=\"background-color:#f1f1f1\"> <div class=\"wp-block-column is-vertically-aligned-center is-layout-flow wp-block-column-is-layout-flow\" style=\"flex-basis:33.33%\"> <h3 class=\"wp-block-heading\"><strong>M\u00e9langeur de charbon pulv\u00e9ris\u00e9<\/strong><\/h3>    <p class=\"translation-block\">Parce que la formation de briquettes de charbon a des exigences tr\u00e8s strictes sur la qualit\u00e9 du liant et la structure de la machine de m\u00e9lange. Par cons\u00e9quent, la ligne de production de moulage de charbon pulv\u00e9ris\u00e9 est principalement \u00e9quip\u00e9e d'un <strong>m\u00e9langeur \u00e0 double arbre<\/strong> et d'un r\u00e9servoir de m\u00e9lange de liant. Vous devez donc simplement savoir combien de liant est n\u00e9cessaire pour une tonne de charbon, et vous pouvez l'ajouter de mani\u00e8re quantitative. Le m\u00e9langeur de cendres de charbon peut garantir compl\u00e8tement le m\u00e9lange uniforme de la poudre de charbon et du liant.<\/p> <\/div>    <div class=\"wp-block-column is-layout-flow wp-block-column-is-layout-flow\" style=\"flex-basis:66.66%\"> <figure class=\"wp-block-image size-full\"><img loading=\"lazy\" decoding=\"async\" width=\"720\" height=\"540\" src=\"https:\/\/charcoalplant.com\/wp-content\/uploads\/2022\/03\/coal-mixer.jpg\" alt=\"\" class=\"wp-image-2844\"\/><\/figure> <\/div> <\/div>    <div class=\"wp-block-columns has-background is-layout-flex wp-container-core-columns-is-layout-28f84493 wp-block-columns-is-layout-flex\" style=\"background-color:#f1f1f1\"> <div class=\"wp-block-column is-layout-flow wp-block-column-is-layout-flow\" style=\"flex-basis:66.66%\"> <figure class=\"wp-block-gallery has-nested-images columns-default is-cropped wp-block-gallery-3 is-layout-flex wp-block-gallery-is-layout-flex\"> <figure class=\"wp-block-image size-large\"><img loading=\"lazy\" decoding=\"async\" width=\"720\" height=\"540\" data-id=\"1982\" src=\"https:\/\/charcoalplant.com\/wp-content\/uploads\/2022\/01\/charcoal-ball-press-machine-manufacturer.jpg\" alt=\"fabricant-de-presse-\u00e0-boules-de-charbon-de-charbon\" class=\"wp-image-1982\"\/><figcaption class=\"wp-element-caption\">fabricant-de-presse-\u00e0-boules-de-charbon-de-charbon<\/figcaption><\/figure> <\/figure> <\/div>    <div class=\"wp-block-column is-vertically-aligned-center is-layout-flow wp-block-column-is-layout-flow\" style=\"flex-basis:33.33%\"> <h3 class=\"wp-block-heading\"><strong>Machine \u00e0 briquettes de charbon pour barbecue<\/strong><\/h3>    <p class=\"translation-block\"><strong><a href=\"https:\/\/charcoalplant.com\/fr\/charcoal-briquetting-machine\/charcoal-ball-press-machine\/\">La machine \u00e0 presser les billes de poudre de charbon<\/a><\/strong> est l'\u00e9quipement central dans la ligne de production de charbon pour barbecue. En m\u00eame temps, c'est \u00e9galement le d\u00e9terminant de la r\u00e9sistance \u00e0 la formation des granul\u00e9s et du taux de sph\u00e9ro\u00efdisation. La machine \u00e0 mouler la poudre de charbon Shuliy a un taux de formation de billes de plus de 98%.<\/p> <\/div> <\/div>    <div class=\"wp-block-columns has-background is-layout-flex wp-container-core-columns-is-layout-28f84493 wp-block-columns-is-layout-flex\" style=\"background-color:#f1f1f1\"> <div class=\"wp-block-column is-vertically-aligned-center is-layout-flow wp-block-column-is-layout-flow\" style=\"flex-basis:33.33%\"> <h3 class=\"wp-block-heading\"><strong>S\u00e9choir \u00e0 briquettes de charbon<\/strong><\/h3>    <p class=\"translation-block\"><strong><a href=\"https:\/\/charcoalplant.com\/fr\/drying-machine\/charcoal-briquette-dryer\/\">S\u00e9choir \u00e0 charbon pour BBQ<\/a><\/strong> est une machine sp\u00e9ciale pour le s\u00e9chage des granul\u00e9s de carbone. Ce que nous vous recommandons est le s\u00e9choir \u00e0 bande en maille. Sa structure de transmission par cha\u00eene de convoyeur \u00e0 bande en maille multicouche en forme de S. Il peut non seulement r\u00e9duire l'espace occup\u00e9 par l'\u00e9quipement mais aussi am\u00e9liorer le taux d'utilisation de l'\u00e9nergie thermique. De plus, il adopte une structure de transmission par plaque \u00e0 cha\u00eene, qui ne se d\u00e9formera pas dans un environnement de s\u00e9chage \u00e0 forte humidit\u00e9. Ce design \u00e9vite non seulement l'impact des mat\u00e9riaux. Et la qualit\u00e9 du charbon apr\u00e8s s\u00e9chage est particuli\u00e8rement bonne.<\/p> <\/div>    <div class=\"wp-block-column is-layout-flow wp-block-column-is-layout-flow\"><\/div>    <div class=\"wp-block-column is-layout-flow wp-block-column-is-layout-flow\" style=\"flex-basis:66.66%\"> <figure class=\"wp-block-gallery has-nested-images columns-default is-cropped wp-block-gallery-4 is-layout-flex wp-block-gallery-is-layout-flex\"> <figure class=\"wp-block-image size-large\"><img loading=\"lazy\" decoding=\"async\" width=\"720\" height=\"540\" data-id=\"2847\" src=\"https:\/\/charcoalplant.com\/wp-content\/uploads\/2022\/03\/coal-drying-machine.jpg\" alt=\"\" class=\"wp-image-2847\"\/><\/figure> <\/figure> <\/div> <\/div>    <h3 class=\"wp-block-heading\"><strong>Machine d'emballage de charbon de bois pour barbecue<\/strong><\/h3>    <p>La ligne de production de briquettes de charbon peut \u00eatre emball\u00e9e par une machine de remplissage et de scellage de charbon de bois. Les sp\u00e9cifications d'emballage courantes sur le march\u00e9 sont de 5 kg, 10 kg, 15 kg et 50 kg. Puisqu'il s'agit d'un syst\u00e8me CNC, le poids du colis est r\u00e9glable. En tant que fabricant leader, nous pouvons fournir \u00e0 nos clients une usine de conception de sacs d'emballage de charbon de bois pour barbecue.<\/p>    <figure class=\"wp-block-gallery has-nested-images columns-default is-cropped wp-block-gallery-5 is-layout-flex wp-block-gallery-is-layout-flex\"> <figure class=\"wp-block-image size-large\"><img loading=\"lazy\" decoding=\"async\" width=\"720\" height=\"540\" data-id=\"2851\" src=\"https:\/\/charcoalplant.com\/wp-content\/uploads\/2022\/03\/BBQ-coal-production-line-for-sale.jpg\" alt=\"Ligne-de-production-de-charbon-BBQ-\u00e0-vendre\" class=\"wp-image-2851\"\/><figcaption class=\"wp-element-caption\">machine de conditionnement de charbon de barbecue<\/figcaption><\/figure>    <figure class=\"wp-block-image size-large\"><img loading=\"lazy\" decoding=\"async\" width=\"720\" height=\"540\" data-id=\"2850\" src=\"https:\/\/charcoalplant.com\/wp-content\/uploads\/2022\/03\/bagged-charcoal-.jpg\" alt=\"charbon de bois en sac\" class=\"wp-image-2850\"\/><figcaption class=\"wp-element-caption\">charbon de bois en sac<\/figcaption><\/figure> <\/figure>    <h2 class=\"wp-block-heading\" id=\"h-why-is-the-bbq-coal-production-line-profitable\"><strong>Pourquoi la ligne de production de charbon pour barbecue est-elle rentable\u00a0?<\/strong><strong><\/strong><\/h2>    <p>Avec le d\u00e9veloppement rapide de la science et de la technologie, la cha\u00eene de production de briquettes de charbon de bois s'est \u00e9galement lanc\u00e9e sur la voie de l'automatisation. De plus, l'installation et le fonctionnement de l'\u00e9quipement b\u00e9n\u00e9ficieront des conseils techniques du personnel de l'usine. Dans une \u00e9tape ult\u00e9rieure, quatre ou cinq personnes travaillant sur une cha\u00eene de production de plusieurs centaines de m\u00e8tres sont pleinement comp\u00e9tentes pour tout le processus de briquetage. La ligne de production de charbon de barbecue enti\u00e8rement automatis\u00e9e peut r\u00e9duire beaucoup de travail et am\u00e9liorer l'efficacit\u00e9 du travail. Les co\u00fbts d\u2019exploitation de l\u2019entreprise sont donc consid\u00e9rablement r\u00e9duits.<\/p>    <figure class=\"wp-block-gallery has-nested-images columns-default is-cropped wp-block-gallery-6 is-layout-flex wp-block-gallery-is-layout-flex\"> <figure class=\"wp-block-image size-large\"><img loading=\"lazy\" decoding=\"async\" width=\"1024\" height=\"768\" data-id=\"2855\" src=\"https:\/\/charcoalplant.com\/wp-content\/uploads\/2022\/03\/application-of-bbq-coal.png\" alt=\"application-du-charbon-bbq\" class=\"wp-image-2855\"\/><figcaption class=\"wp-element-caption\">application-du-charbon-bbq<\/figcaption><\/figure>    <figure class=\"wp-block-image size-large\"><img loading=\"lazy\" decoding=\"async\" width=\"720\" height=\"540\" data-id=\"2854\" src=\"https:\/\/charcoalplant.com\/wp-content\/uploads\/2022\/03\/bbq-fule.jpg\" alt=\"barbecue\" class=\"wp-image-2854\"\/><figcaption class=\"wp-element-caption\">barbecue<\/figcaption><\/figure> <\/figure>    <h2 class=\"wp-block-heading\" id=\"h-coal-briquettes-machine-plant-for-sale\">Un barbecue <strong>ligne de production de charbon \u00e0 vendre<\/strong><\/h2>    <p class=\"translation-block\">Nous sommes un fabricant sp\u00e9cialis\u00e9 dans tous les types de lignes de production de machines \u00e0 charbon. Nous vendons des <strong><a href=\"https:\/\/charcoalplant.com\/fr\/briquettes-packing-machine\/charcoal-briquettes-packing-machine\/\">machines d'emballage de charbon \u00e0 chicha<\/a><\/strong>, des moulins \u00e0 roues pour poudre de charbon, <strong><a href=\"https:\/\/charcoalplant.com\/fr\/grinder-and-mixer\/charcoal-shredder\/\">pulv\u00e9risateurs de charbon<\/a><\/strong> et d'autres \u00e9quipements. Notre usine propose \u00e9galement des services de personnalisation de machines et des solutions de ligne de production gratuitement pour vous. Et, contactez-nous maintenant, vous obtiendrez plus de services, tels que le prix des produits, des images, des vid\u00e9os de production, etc.<\/p>    <figure class=\"wp-block-gallery has-nested-images columns-2 is-cropped wp-block-gallery-7 is-layout-flex wp-block-gallery-is-layout-flex\"> <figure class=\"wp-block-image size-full\"><img loading=\"lazy\" decoding=\"async\" width=\"720\" height=\"540\" data-id=\"2857\" src=\"https:\/\/charcoalplant.com\/wp-content\/uploads\/2022\/03\/coal-press-ball-machine-for-sale.jpg\" alt=\"machine \u00e0 boulets de presse \u00e0 charbon \u00e0 vendre\" class=\"wp-image-2857\"\/><figcaption class=\"wp-element-caption\">machine \u00e0 boulets de presse \u00e0 charbon \u00e0 vendre<\/figcaption><\/figure>    <figure class=\"wp-block-image size-large\"><img loading=\"lazy\" decoding=\"async\" width=\"720\" height=\"540\" data-id=\"2858\" src=\"https:\/\/charcoalplant.com\/wp-content\/uploads\/2022\/03\/bbq-coal-production-line-show.jpg\" alt=\"exposition de la ligne de production de charbon pour barbecue\" class=\"wp-image-2858\"\/><figcaption class=\"wp-element-caption\">exposition de la ligne de production de charbon pour barbecue<\/figcaption><\/figure>    <figure class=\"wp-block-image size-large\"><img loading=\"lazy\" decoding=\"async\" width=\"720\" height=\"540\" data-id=\"2859\" src=\"https:\/\/charcoalplant.com\/wp-content\/uploads\/2022\/03\/coal-briquette-machine-plant-shipping.jpg\" alt=\"exp\u00e9dition d&#039;usine de machine \u00e0 briquettes de charbon\" class=\"wp-image-2859\"\/><figcaption class=\"wp-element-caption\">exp\u00e9dition d'usine de machine \u00e0 briquettes de charbon<\/figcaption><\/figure>    <figure class=\"wp-block-image size-large\"><img loading=\"lazy\" decoding=\"async\" width=\"720\" height=\"540\" data-id=\"2860\" src=\"https:\/\/charcoalplant.com\/wp-content\/uploads\/2022\/03\/shippment-1.jpg\" alt=\"exp\u00e9dition\" class=\"wp-image-2860\"\/><figcaption class=\"wp-element-caption\">exp\u00e9dition<\/figcaption><\/figure> <\/figure>","protected":false},"excerpt":{"rendered":"<p>BBQ coal production line is a professional tool for coal briquette making. Moreover, it can not only be made into balls, but also into the pillow, bread, and oval shapes to meet customer needs. Because barbecue coal replaces traditional biomass fuel and raw coal, it is an effective way to achieve energy-saving and emission reduction. [&hellip;]<\/p>\n","protected":false},"author":1,"featured_media":1978,"parent":0,"template":"","tags":[59],"product-type":[53],"class_list":["post-1976","product","type-product","status-publish","has-post-thumbnail","hentry","tag-charcoal-briquetting-machine","product-type-product-line"],"_links":{"self":[{"href":"https:\/\/charcoalplant.com\/fr\/wp-json\/wp\/v2\/product\/1976","targetHints":{"allow":["GET"]}}],"collection":[{"href":"https:\/\/charcoalplant.com\/fr\/wp-json\/wp\/v2\/product"}],"about":[{"href":"https:\/\/charcoalplant.com\/fr\/wp-json\/wp\/v2\/types\/product"}],"author":[{"embeddable":true,"href":"https:\/\/charcoalplant.com\/fr\/wp-json\/wp\/v2\/users\/1"}],"wp:featuredmedia":[{"embeddable":true,"href":"https:\/\/charcoalplant.com\/fr\/wp-json\/wp\/v2\/media\/1978"}],"wp:attachment":[{"href":"https:\/\/charcoalplant.com\/fr\/wp-json\/wp\/v2\/media?parent=1976"}],"wp:term":[{"taxonomy":"post_tag","embeddable":true,"href":"https:\/\/charcoalplant.com\/fr\/wp-json\/wp\/v2\/tags?post=1976"},{"taxonomy":"product-type","embeddable":true,"href":"https:\/\/charcoalplant.com\/fr\/wp-json\/wp\/v2\/product-type?post=1976"}],"curies":[{"name":"wp","href":"https:\/\/api.w.org\/{rel}","templated":true}]}}