{"id":1994,"date":"2022-01-17T09:13:40","date_gmt":"2022-01-17T09:13:40","guid":{"rendered":"https:\/\/charcoalplant.com\/?page_id=1994"},"modified":"2023-01-13T11:50:46","modified_gmt":"2023-01-13T03:50:46","slug":"coconut-charcoal-briquette-plant","status":"publish","type":"product","link":"https:\/\/charcoalplant.com\/fr\/coconut-charcoal-briquette-plant\/","title":{"rendered":"Usine de briquettes de charbon de coco"},"content":{"rendered":"<div class=\"kk-star-ratings kksr-auto kksr-align-left kksr-valign-top\"     data-payload='{&quot;align&quot;:&quot;left&quot;,&quot;id&quot;:&quot;1994&quot;,&quot;slug&quot;:&quot;default&quot;,&quot;valign&quot;:&quot;top&quot;,&quot;ignore&quot;:&quot;&quot;,&quot;reference&quot;:&quot;auto&quot;,&quot;class&quot;:&quot;&quot;,&quot;count&quot;:&quot;20&quot;,&quot;legendonly&quot;:&quot;&quot;,&quot;readonly&quot;:&quot;&quot;,&quot;score&quot;:&quot;4.3&quot;,&quot;starsonly&quot;:&quot;&quot;,&quot;best&quot;:&quot;5&quot;,&quot;gap&quot;:&quot;5&quot;,&quot;greet&quot;:&quot;Rate this product&quot;,&quot;legend&quot;:&quot;4.3\\\/5 - (20 votes)&quot;,&quot;size&quot;:&quot;24&quot;,&quot;title&quot;:&quot;Coconut Charcoal Briquette Plant&quot;,&quot;width&quot;:&quot;122.2&quot;,&quot;_legend&quot;:&quot;{score}\\\/{best} - ({count} {votes})&quot;,&quot;font_factor&quot;:&quot;1.25&quot;}'>              <div class=\"kksr-stars\">      <div class=\"kksr-stars-inactive\">             <div class=\"kksr-star\" data-star=\"1\" style=\"padding-right: 5px\">               <div class=\"kksr-icon\" style=\"width: 24px; height: 24px;\"><\/div>         <\/div>             <div class=\"kksr-star\" data-star=\"2\" style=\"padding-right: 5px\">               <div class=\"kksr-icon\" style=\"width: 24px; height: 24px;\"><\/div>         <\/div>             <div class=\"kksr-star\" data-star=\"3\" style=\"padding-right: 5px\">               <div class=\"kksr-icon\" style=\"width: 24px; height: 24px;\"><\/div>         <\/div>             <div class=\"kksr-star\" data-star=\"4\" style=\"padding-right: 5px\">               <div class=\"kksr-icon\" style=\"width: 24px; height: 24px;\"><\/div>         <\/div>             <div class=\"kksr-star\" data-star=\"5\" style=\"padding-right: 5px\">               <div class=\"kksr-icon\" style=\"width: 24px; height: 24px;\"><\/div>         <\/div>     <\/div>      <div class=\"kksr-stars-active\" style=\"width: 122.2px;\">             <div class=\"kksr-star\" style=\"padding-right: 5px\">               <div class=\"kksr-icon\" style=\"width: 24px; height: 24px;\"><\/div>         <\/div>             <div class=\"kksr-star\" style=\"padding-right: 5px\">               <div class=\"kksr-icon\" style=\"width: 24px; height: 24px;\"><\/div>         <\/div>             <div class=\"kksr-star\" style=\"padding-right: 5px\">               <div class=\"kksr-icon\" style=\"width: 24px; height: 24px;\"><\/div>         <\/div>             <div class=\"kksr-star\" style=\"padding-right: 5px\">               <div class=\"kksr-icon\" style=\"width: 24px; height: 24px;\"><\/div>         <\/div>             <div class=\"kksr-star\" style=\"padding-right: 5px\">               <div class=\"kksr-icon\" style=\"width: 24px; height: 24px;\"><\/div>         <\/div>     <\/div> <\/div>                   <div class=\"kksr-legend\" style=\"font-size: 19.2px;\">             4,3\/5 - (20 votes)    <\/div>     <\/div>  <p class=\"translation-block\">Une <strong>usine de briquettes de charbon de coco<\/strong> est une installation qui produit des briquettes \u00e9cologiques fabriqu\u00e9es \u00e0 partir de coquilles de noix de coco. Parmi elles, la machine \u00e0 briquettes de coquille de noix de coco est l'\u00e9quipement de formage dans la ligne de production. Elle peut presser toutes sortes de mat\u00e9riaux en poudre en blocs. Les plus courants sont, par exemple, le <strong><a href=\"https:\/\/charcoalplant.com\/fr\/charcoal-briquetting-machine\/honeycomb-coal-press-machine\/\">moulage de poudre de charbon<\/a><\/strong>, le moulage de poudre de minerai, le moulage de gypse de d\u00e9sulfuration, le moulage de poudre de coke, les limailles de fer, le moulage de diverses scories m\u00e9talliques, etc. La ligne de fabrication de briquettes de charbon de coco pr\u00e9sente les caract\u00e9ristiques d'une utilisation facile, d'un faible co\u00fbt et d'un rendement \u00e9lev\u00e9. Si ce projet vous int\u00e9resse, veuillez nous contacter et nous ferons de notre mieux pour dynamiser votre activit\u00e9 de charbon. <\/p>    <h2 class=\"wp-block-heading\">Mati\u00e8re premi\u00e8re de la ligne de production de briquettes de charbon de bois<\/h2>    <p class=\"translation-block\">La mati\u00e8re premi\u00e8re de la <strong><a href=\"https:\/\/charcoalplant.com\/fr\/product\/charcoal-briquetting-machine\/\">machine \u00e0 briquettes de charbon<\/a><\/strong> peut \u00eatre de la poudre de coquille de noix de coco, de la poudre de sciure de bois, de la poudre de balle de riz, de la poudre de charbon, etc. La charge d\u00e9signe le minerai et d'autres mat\u00e9riaux catalytiques ajout\u00e9s au four de fusion. Le minerai de fer, les billettes, la fonte, les entreprises de ferraille de recyclage, la ferraille et l'acier, les fines de minerai, le coke m\u00e9tallurgique, le coke et les ferroalliages appartiennent tous \u00e0 la charge.<\/p>    <figure class=\"wp-block-image aligncenter size-full\"><img loading=\"lazy\" decoding=\"async\" width=\"993\" height=\"205\" src=\"https:\/\/charcoalplant.com\/wp-content\/uploads\/2022\/01\/raw-materials-1.jpg\" alt=\"briquettes de poudre de noix de coco plantraw-materials-1\" class=\"wp-image-2005\"\/><\/figure>    <h2 class=\"wp-block-heading\" id=\"h-equipment-types-of-coconut-charcoal-briquette-plant\">Principales parties de l'usine de briquettes de charbon de coco<\/h2>    <p class=\"translation-block\">La ligne de production de briquettes de charbon de coco comprend un <strong><a href=\"https:\/\/charcoalplant.com\/fr\/grinder-and-mixer\/charcoal-shredder\/\">broyeur \u00e0 marteaux<\/a><\/strong>, une tr\u00e9mie de stockage, un broyeur \u00e0 roue pour poudre de charbon, une tr\u00e9mie de distribution, une machine \u00e0 briquettes de poudre de charbon, un s\u00e9choir \u00e0 bande \u00e0 mailles continue, une <strong><a href=\"https:\/\/charcoalplant.com\/fr\/briquettes-packing-machine\/charcoal-briquettes-packing-machine\/\">machine d'emballage<\/a><\/strong>. De plus, le dispositif de convoyage interm\u00e9diaire est \u00e9galement essentiel. Ci-dessous, je me concentrerai sur le broyeur \u00e0 roue pour poudre, la machine \u00e0 briquettes de poudre de charbon et le s\u00e9choir. Parce qu'ils sont un facteur important affectant la qualit\u00e9 de la boule.<\/p>    <figure class=\"wp-block-image aligncenter size-full\"><img loading=\"lazy\" decoding=\"async\" width=\"720\" height=\"540\" src=\"https:\/\/charcoalplant.com\/wp-content\/uploads\/2022\/03\/Coconut-Charcoal-Briquette-Plant-3D-show.jpg\" alt=\"Spectacle 3D d&#039;usine de briquettes de charbon de noix de coco\" class=\"wp-image-2882\"\/><figcaption class=\"wp-element-caption\">Spectacle 3D d'usine de briquettes de charbon de noix de coco<\/figcaption><\/figure>    <div class=\"wp-block-columns has-background is-layout-flex wp-container-core-columns-is-layout-28f84493 wp-block-columns-is-layout-flex\" style=\"background-color:#f1f1f1\"> <div class=\"wp-block-column is-vertically-aligned-center is-layout-flow wp-block-column-is-layout-flow\" style=\"flex-basis:33.33%\"> <p><strong><a href=\"https:\/\/charcoalplant.com\/fr\/product\/charcoal-powder-mixer\/\">M\u00e9langeur de poudre de charbon de coco<\/a><\/strong><\/p>    <p>G\u00e9n\u00e9ralement, le charbon de bois peut obtenir environ 3 mm de poudre de carbone apr\u00e8s avoir travers\u00e9 le broyeur \u00e0 marteaux. Cependant, plus la finesse de la poudre de carbone est \u00e9lev\u00e9e, meilleur est l'effet formateur de la briquette de charbon de coco. Par cons\u00e9quent, d\u2019une part, l\u2019utilisation d\u2019un broyeur \u00e0 poussi\u00e8re de charbon de bois peut rendre le mat\u00e9riau plus d\u00e9licat et aider \u00e0 le fa\u00e7onner. D'autre part, une fois la poudre de carbone, le liant et l'eau agit\u00e9s par roulement, le mat\u00e9riau peut compl\u00e8tement bloquer l'eau et am\u00e9liorer la viscosit\u00e9 interne de la mol\u00e9cule.<\/p> <\/div>    <div class=\"wp-block-column is-layout-flow wp-block-column-is-layout-flow\" style=\"flex-basis:66.66%\"> <figure class=\"wp-block-gallery has-nested-images columns-default is-cropped wp-block-gallery-2 is-layout-flex wp-block-gallery-is-layout-flex\"> <figure class=\"wp-block-image size-large\"><img loading=\"lazy\" decoding=\"async\" width=\"720\" height=\"540\" data-id=\"1534\" src=\"https:\/\/charcoalplant.com\/wp-content\/uploads\/2021\/12\/charcoal-powder-mixer-plant-2.jpg\" alt=\"usine de m\u00e9lange de poudre de charbon de bois\" class=\"wp-image-1534\" srcset=\"https:\/\/charcoalplant.com\/wp-content\/uploads\/2021\/12\/charcoal-powder-mixer-plant-2.jpg 720w, https:\/\/charcoalplant.com\/wp-content\/uploads\/2021\/12\/charcoal-powder-mixer-plant-2-300x225.jpg 300w\" sizes=\"auto, (max-width: 720px) 100vw, 720px\" \/><figcaption class=\"wp-element-caption\">usine de m\u00e9lange de poudre de charbon de bois<\/figcaption><\/figure> <\/figure> <\/div> <\/div>    <div class=\"wp-block-columns has-background is-layout-flex wp-container-core-columns-is-layout-28f84493 wp-block-columns-is-layout-flex\" style=\"background-color:#f1f1f1\"> <div class=\"wp-block-column is-layout-flow wp-block-column-is-layout-flow\" style=\"flex-basis:66.66%\"> <figure class=\"wp-block-gallery has-nested-images columns-default is-cropped wp-block-gallery-3 is-layout-flex wp-block-gallery-is-layout-flex\"> <figure class=\"wp-block-image size-large\"><img loading=\"lazy\" decoding=\"async\" width=\"720\" height=\"540\" data-id=\"1982\" src=\"https:\/\/charcoalplant.com\/wp-content\/uploads\/2022\/01\/charcoal-ball-press-machine-manufacturer.jpg\" alt=\"fabricant-de-presse-\u00e0-boules-de-charbon-de-charbon\" class=\"wp-image-1982\"\/><figcaption class=\"wp-element-caption\">fabricant-de-presse-\u00e0-boules-de-charbon-de-charbon<\/figcaption><\/figure> <\/figure> <\/div>    <div class=\"wp-block-column is-vertically-aligned-center is-layout-flow wp-block-column-is-layout-flow\" style=\"flex-basis:33.33%\"> <p><strong><a href=\"https:\/\/charcoalplant.com\/fr\/product\/charcoal-ball-press-machine\/\">Machine \u00e0 boulets de presse \u00e0 charbon de bois<\/a><\/strong><\/p>    <p>La machine de formage de poudre de charbon de noix de coco est l'\u00e9quipement de base de toute la cha\u00eene de production. Elle utilise le principe du mouvement relatif des rouleaux pour extruder les mati\u00e8res premi\u00e8res. En outre, le diam\u00e8tre du rouleau et le type de peau du rouleau peuvent \u00eatre personnalis\u00e9s. La briquette form\u00e9e peut \u00eatre directement collect\u00e9e et s\u00e9ch\u00e9e sur le tapis roulant situ\u00e9 en partie basse de la machine.<\/p> <\/div> <\/div>    <h3 class=\"wp-block-heading\" id=\"h-mesh-belt-dryer-for-shaped-charcoal-plant\">S\u00e9choir \u00e0 bande grillag\u00e9e pour usine de charbon de bois fa\u00e7onn\u00e9<\/h3>    <p class=\"translation-block\">En raison de la teneur \u00e9lev\u00e9e en eau de la briquette de poudre de charbon fra\u00eechement fabriqu\u00e9e, elle ne peut pas r\u00e9pondre aux exigences d'utilisation. Par cons\u00e9quent, nous recommandons d'utiliser un s\u00e9choir \u00e0 bande \u00e0 mailles pour le s\u00e9chage. Le s\u00e9choir \u00e0 bande \u00e0 mailles utilise un convoyeur \u00e0 bande \u00e0 mailles m\u00e9talliques pour r\u00e9aliser un s\u00e9chage complet des boules de charbon. De plus, la <strong><a href=\"https:\/\/charcoalplant.com\/fr\/product\/charcoal-briquette-dryer\/\">bande \u00e0 mailles multicouche<\/a><\/strong> est s\u00e9ch\u00e9e en flux alternatif pour permettre un fonctionnement continu 24 heures sur 24.<\/p>    <figure class=\"wp-block-image aligncenter size-full\"><img loading=\"lazy\" decoding=\"async\" width=\"720\" height=\"540\" src=\"https:\/\/charcoalplant.com\/wp-content\/uploads\/2022\/03\/belt-drying-machine.jpg\" alt=\"\" class=\"wp-image-2883\"\/><\/figure>    <h2 class=\"wp-block-heading\">Applications et avantages du charbon de coco<\/h2>    <p>Le charbon de coco, \u00e9galement connu sous le nom de charbon de noix de coco, pr\u00e9sente de nombreuses applications et avantages. Parmi les plus notables figurent\u00a0:<\/p>    <ol class=\"wp-block-list\"> <li><strong>Carburant pour barbecue\u00a0:<\/strong> Le charbon de coco est un combustible populaire pour les barbecues et les grillades en raison de sa puissance calorifique \u00e9lev\u00e9e et de sa longue dur\u00e9e de combustion.<\/li>    <li><strong>Filtration de l'eau: <\/strong>Le charbon de coco est souvent utilis\u00e9 dans les syst\u00e8mes de filtration d'eau en raison de sa capacit\u00e9 \u00e0 \u00e9liminer les impuret\u00e9s et \u00e0 am\u00e9liorer le go\u00fbt de l'eau.<\/li>    <li><strong>Purification de l'air\u00a0: <\/strong>Le charbon de coco peut \u00e9galement \u00eatre utilis\u00e9 dans les syst\u00e8mes de purification de l\u2019air pour \u00e9liminer les impuret\u00e9s et am\u00e9liorer la qualit\u00e9 de l\u2019air.<\/li>    <li><strong>Agriculture:<\/strong> Le charbon de coco est \u00e9galement utilis\u00e9 comme amendement du sol et comme engrais, car il peut am\u00e9liorer la structure du sol, l\u2019a\u00e9ration et la capacit\u00e9 de r\u00e9tention d\u2019eau.<\/li>    <li><strong>Processus industriels:<\/strong> Le charbon de coco est utilis\u00e9 dans divers processus industriels tels que la m\u00e9tallurgie, l'industrie chimique et l'industrie sucri\u00e8re.<\/li>    <li><strong>Source de carbone pour le charbon actif\u00a0:<\/strong> Le charbon de coco est une source de charbon actif utilis\u00e9 pour la purification, la d\u00e9caf\u00e9ination, la purification des gaz et la purification de l'eau.<\/li>    <li><strong>Renouvelable et durable\u00a0:<\/strong> Le charbon de coco est une source de carburant renouvelable et durable car il est fabriqu\u00e9 \u00e0 partir de d\u00e9chets (coquilles de noix de coco) et ne contribue pas \u00e0 la d\u00e9forestation.<\/li>    <li><strong>Moins de cendres\u00a0:<\/strong> Le charbon de coco contient moins de cendres que les autres types de charbon de bois, ce qui le rend plus propre \u00e0 utiliser.<\/li>    <li><strong>\u00c9cologique:<\/strong> Les briquettes de charbon de coco sont consid\u00e9r\u00e9es comme un combustible \u00e9cologique car elles \u00e9mettent moins de dioxyde de carbone, de m\u00e9thane et d'autres gaz \u00e0 effet de serre.<\/li> <\/ol>    <div class=\"wp-block-columns is-layout-flex wp-container-core-columns-is-layout-28f84493 wp-block-columns-is-layout-flex\"> <div class=\"wp-block-column is-layout-flow wp-block-column-is-layout-flow\"> <figure class=\"wp-block-image size-full\"><img loading=\"lazy\" decoding=\"async\" width=\"720\" height=\"540\" src=\"https:\/\/charcoalplant.com\/wp-content\/uploads\/2022\/01\/coconut-shell.jpg\" alt=\"coquille de noix de coco\" class=\"wp-image-2089\"\/><figcaption class=\"wp-element-caption\">coquille de noix de coco<\/figcaption><\/figure> <\/div>    <div class=\"wp-block-column is-layout-flow wp-block-column-is-layout-flow\"> <figure class=\"wp-block-image size-full\"><img loading=\"lazy\" decoding=\"async\" width=\"720\" height=\"540\" src=\"https:\/\/charcoalplant.com\/wp-content\/uploads\/2022\/02\/coconut-shell-charcoal-briquette.jpg\" alt=\"briquette de charbon de bois de noix de coco\" class=\"wp-image-2501\"\/><figcaption class=\"wp-element-caption\">briquette de charbon de bois de noix de coco<\/figcaption><\/figure> <\/div> <\/div>    <h2 class=\"wp-block-heading\" id=\"h-mineral-powder-forming-machine-production-line\">Machine de formage de poudre min\u00e9rale vs machine \u00e0 briquettes de coquille de noix de coco<\/h2>    <p>La machine \u00e0 briquettes de poudre min\u00e9rale est une transformation bas\u00e9e sur la machine \u00e0 briquettes de charbon de coco. Leur structure de base et leur principe sont donc les m\u00eames. \u00c9galement dans l'usine de briquettes de poudre de charbon, la machine de formage de poudre de charbon joue le r\u00f4le d'extrusion de la poudre de minerai. L'\u00e9quipement principal de sa ligne de production est un concasseur compos\u00e9, un alimentateur, un broyeur \u00e0 roues, une machine \u00e0 briquettes de poudre de charbon et un s\u00e9choir. <\/p>    <ul class=\"wp-block-list\"> <li>Le processus de production de l'ensemble de la cha\u00eene de production de briquettes de poudre de charbon consiste en ce que le concasseur compos\u00e9 broie d'abord le charbon. <\/li>    <li>Deuxi\u00e8mement, la poudre min\u00e9rale est introduite dans le m\u00e9langeur de poudre min\u00e9rale via le chargeur et m\u00e9lang\u00e9e uniform\u00e9ment avec le liant et l'eau. <\/li>    <li>Troisi\u00e8mement, la poudre min\u00e9rale trait\u00e9e est press\u00e9e en boules par une machine \u00e0 briquettes de poudre min\u00e9rale. <\/li>    <li>Enfin, les billes de poudre min\u00e9rale sont s\u00e9ch\u00e9es par une machine \u00e0 s\u00e9cher. <\/li> <\/ul>    <div class=\"wp-block-columns is-layout-flex wp-container-core-columns-is-layout-28f84493 wp-block-columns-is-layout-flex\"> <div class=\"wp-block-column is-layout-flow wp-block-column-is-layout-flow\"> <figure class=\"wp-block-image size-full is-style-default\"><img loading=\"lazy\" decoding=\"async\" width=\"720\" height=\"540\" src=\"https:\/\/charcoalplant.com\/wp-content\/uploads\/2022\/01\/mineral-powder-ball-press-machine.jpg\" alt=\"presse \u00e0 billes de poudre min\u00e9rale\" class=\"wp-image-2004\"\/><figcaption class=\"wp-element-caption\">presse \u00e0 billes de poudre min\u00e9rale<\/figcaption><\/figure> <\/div>    <div class=\"wp-block-column is-layout-flow wp-block-column-is-layout-flow\"> <figure class=\"wp-block-image size-full\"><img loading=\"lazy\" decoding=\"async\" width=\"720\" height=\"540\" src=\"https:\/\/charcoalplant.com\/wp-content\/uploads\/2022\/01\/mineral-powder-briquettes.jpg\" alt=\"briquettes de poudre de charbon\" class=\"wp-image-2006\"\/><figcaption class=\"wp-element-caption\">briquettes de poudre de charbon<\/figcaption><\/figure> <\/div> <\/div>    <h2 class=\"wp-block-heading\">Usine de briquettes de charbon de coco \u00e0 vendre<\/h2>    <p class=\"translation-block\">Shuliy Les machines produisent tous les types d'\u00e9quipements de production de charbon de bois. En plus de vendre des lignes de production de briquettes de poudre de carbone, nous vendons \u00e9galement des <strong><a href=\"https:\/\/charcoalplant.com\/fr\/charcoal-making-machine-3\/\">lignes de production de machines \u00e0 charbon<\/a><\/strong>, des <strong><a href=\"https:\/\/charcoalplant.com\/fr\/shisha-charcoal-production-line\/\">lignes de production de charbon \u00e0 chicha<\/a><\/strong>, des lignes de production de charbon pulv\u00e9ris\u00e9, etc. Nous vous fournirons des solutions de production adapt\u00e9es pour grandement b\u00e9n\u00e9ficier \u00e0 votre projet. Contactez-nous pour plus de d\u00e9tails et le meilleur prix.<\/p>    <figure class=\"wp-block-gallery has-nested-images columns-2 is-cropped wp-block-gallery-4 is-layout-flex wp-block-gallery-is-layout-flex\"> <figure class=\"wp-block-image size-large\"><img loading=\"lazy\" decoding=\"async\" width=\"720\" height=\"540\" data-id=\"2857\" src=\"https:\/\/charcoalplant.com\/wp-content\/uploads\/2022\/03\/coal-press-ball-machine-for-sale.jpg\" alt=\"machine \u00e0 boulets de presse \u00e0 charbon \u00e0 vendre\" class=\"wp-image-2857\"\/><figcaption class=\"wp-element-caption\">machine \u00e0 boulets de presse \u00e0 charbon \u00e0 vendre<\/figcaption><\/figure>    <figure class=\"wp-block-image size-large\"><img loading=\"lazy\" decoding=\"async\" width=\"720\" height=\"540\" data-id=\"2892\" src=\"https:\/\/charcoalplant.com\/wp-content\/uploads\/2022\/03\/carbon-dust-mixing-machine-2.jpg\" alt=\"m\u00e9langeur de poussi\u00e8re de carbone\" class=\"wp-image-2892\"\/><figcaption class=\"wp-element-caption\">m\u00e9langeur de poussi\u00e8re de carbone<\/figcaption><\/figure>    <figure class=\"wp-block-image size-large\"><img loading=\"lazy\" decoding=\"async\" width=\"720\" height=\"540\" data-id=\"2893\" src=\"https:\/\/charcoalplant.com\/wp-content\/uploads\/2022\/03\/bbq-coal-production-line-show-1.jpg\" alt=\"exposition de la ligne de production de charbon pour barbecue\" class=\"wp-image-2893\"\/><figcaption class=\"wp-element-caption\">exposition de la ligne de production de charbon de bois pour barbecue<\/figcaption><\/figure>    <figure class=\"wp-block-image size-large\"><img loading=\"lazy\" decoding=\"async\" width=\"720\" height=\"540\" data-id=\"2895\" src=\"https:\/\/charcoalplant.com\/wp-content\/uploads\/2022\/03\/shippment-2.jpg\" alt=\"exp\u00e9dition\" class=\"wp-image-2895\"\/><figcaption class=\"wp-element-caption\">exp\u00e9dition<\/figcaption><\/figure> <\/figure>    <h2 class=\"wp-block-heading\">Comment fabriquer des briquettes de charbon de coco ? <\/h2>    <p>Pour fabriquer des briquettes de charbon de bois de noix de coco, vous aurez besoin de coquilles de noix de coco, d'une presse \u00e0 briquettes de charbon de bois et d'un liant (comme de la f\u00e9cule de ma\u00efs ou de la farine de manioc). Voici les \u00e9tapes de base pour fabriquer des briquettes de charbon de bois :<\/p>    <ol class=\"wp-block-list\"> <li>\u00c9crasez les coques de noix de coco en petits morceaux \u00e0 l'aide d'un marteau ou d'une machine.<\/li>    <li>S\u00e9chez les coques de noix de coco au soleil ou dans un d\u00e9shydrateur pour \u00e9liminer toute humidit\u00e9.<\/li>    <li>Broyez les coques de noix de coco s\u00e9ch\u00e9es en une poudre fine \u00e0 l'aide d'un broyeur.<\/li>    <li>M\u00e9langez la poudre de coques de noix de coco avec une petite quantit\u00e9 de liant (environ 5% du poids total de la poudre) jusqu'\u00e0 obtenir une consistance semblable \u00e0 une p\u00e2te.<\/li>    <li>Utilisez la machine \u00e0 briquettes de coquilles de noix de coco pour fa\u00e7onner le m\u00e9lange en briquettes.<\/li>    <li>S\u00e9chez les briquettes au soleil ou au d\u00e9shydrateur jusqu'\u00e0 ce qu'elles soient compl\u00e8tement s\u00e8ches.<\/li>    <li>Vos briquettes de charbon de bois de noix de coco sont maintenant pr\u00eates \u00e0 l'emploi.<\/li> <\/ol>    <p>Il est important de noter que la fabrication du charbon de bois est un processus dangereux et doit \u00eatre effectu\u00e9 avec des pr\u00e9cautions de s\u00e9curit\u00e9 appropri\u00e9es et des conseils professionnels. Shuliy Machinery est un fabricant d'usine de briquettes de charbon de coco avec une riche exp\u00e9rience et de fortes capacit\u00e9s. Si vous souhaitez d\u00e9marrer votre entreprise de fabrication de charbon de coco, contactez-nous pour plus de d\u00e9tails. <\/p>","protected":false},"excerpt":{"rendered":"<p>Coconut charcoal briquette plant is a facility that produces eco-friendly briquettes made from coconut shells. Among them, the coconut shell briquette machine is the forming equipment in the production line. It can press all kinds of powdery materials into blocks. The most common ones are, for example, coal powder molding, ore powder molding, desulfurization gypsum [&hellip;]<\/p>\n","protected":false},"author":1,"featured_media":1996,"parent":0,"template":"","tags":[66],"product-type":[53],"class_list":["post-1994","product","type-product","status-publish","has-post-thumbnail","hentry","tag-biomass-briquette-machine","product-type-product-line"],"_links":{"self":[{"href":"https:\/\/charcoalplant.com\/fr\/wp-json\/wp\/v2\/product\/1994","targetHints":{"allow":["GET"]}}],"collection":[{"href":"https:\/\/charcoalplant.com\/fr\/wp-json\/wp\/v2\/product"}],"about":[{"href":"https:\/\/charcoalplant.com\/fr\/wp-json\/wp\/v2\/types\/product"}],"author":[{"embeddable":true,"href":"https:\/\/charcoalplant.com\/fr\/wp-json\/wp\/v2\/users\/1"}],"wp:featuredmedia":[{"embeddable":true,"href":"https:\/\/charcoalplant.com\/fr\/wp-json\/wp\/v2\/media\/1996"}],"wp:attachment":[{"href":"https:\/\/charcoalplant.com\/fr\/wp-json\/wp\/v2\/media?parent=1994"}],"wp:term":[{"taxonomy":"post_tag","embeddable":true,"href":"https:\/\/charcoalplant.com\/fr\/wp-json\/wp\/v2\/tags?post=1994"},{"taxonomy":"product-type","embeddable":true,"href":"https:\/\/charcoalplant.com\/fr\/wp-json\/wp\/v2\/product-type?post=1994"}],"curies":[{"name":"wp","href":"https:\/\/api.w.org\/{rel}","templated":true}]}}