{"id":2304,"date":"2022-02-14T01:37:54","date_gmt":"2022-02-13T17:37:54","guid":{"rendered":"https:\/\/charcoalplant.com\/"},"modified":"2023-01-07T10:49:35","modified_gmt":"2023-01-07T02:49:35","slug":"new-charcoal-making-machine","status":"publish","type":"product","link":"https:\/\/charcoalplant.com\/fr\/product\/new-charcoal-making-machine\/","title":{"rendered":"Nouvelle machine de fabrication de charbon de bois | Four de carbonisation continue"},"content":{"rendered":"<div class=\"kk-star-ratings kksr-auto kksr-align-left kksr-valign-top\"     data-payload='{&quot;align&quot;:&quot;left&quot;,&quot;id&quot;:&quot;2304&quot;,&quot;slug&quot;:&quot;default&quot;,&quot;valign&quot;:&quot;top&quot;,&quot;ignore&quot;:&quot;&quot;,&quot;reference&quot;:&quot;auto&quot;,&quot;class&quot;:&quot;&quot;,&quot;count&quot;:&quot;9&quot;,&quot;legendonly&quot;:&quot;&quot;,&quot;readonly&quot;:&quot;&quot;,&quot;score&quot;:&quot;4.6&quot;,&quot;starsonly&quot;:&quot;&quot;,&quot;best&quot;:&quot;5&quot;,&quot;gap&quot;:&quot;5&quot;,&quot;greet&quot;:&quot;Rate this product&quot;,&quot;legend&quot;:&quot;4.6\\\/5 - (9 votes)&quot;,&quot;size&quot;:&quot;24&quot;,&quot;title&quot;:&quot;New Charcoal Making Machine | Continuous Carbonization Furnace&quot;,&quot;width&quot;:&quot;130.9&quot;,&quot;_legend&quot;:&quot;{score}\\\/{best} - ({count} {votes})&quot;,&quot;font_factor&quot;:&quot;1.25&quot;}'>              <div class=\"kksr-stars\">      <div class=\"kksr-stars-inactive\">             <div class=\"kksr-star\" data-star=\"1\" style=\"padding-right: 5px\">               <div class=\"kksr-icon\" style=\"width: 24px; height: 24px;\"><\/div>         <\/div>             <div class=\"kksr-star\" data-star=\"2\" style=\"padding-right: 5px\">               <div class=\"kksr-icon\" style=\"width: 24px; height: 24px;\"><\/div>         <\/div>             <div class=\"kksr-star\" data-star=\"3\" style=\"padding-right: 5px\">               <div class=\"kksr-icon\" style=\"width: 24px; height: 24px;\"><\/div>         <\/div>             <div class=\"kksr-star\" data-star=\"4\" style=\"padding-right: 5px\">               <div class=\"kksr-icon\" style=\"width: 24px; height: 24px;\"><\/div>         <\/div>             <div class=\"kksr-star\" data-star=\"5\" style=\"padding-right: 5px\">               <div class=\"kksr-icon\" style=\"width: 24px; height: 24px;\"><\/div>         <\/div>     <\/div>      <div class=\"kksr-stars-active\" style=\"width: 130.9px;\">             <div class=\"kksr-star\" style=\"padding-right: 5px\">               <div class=\"kksr-icon\" style=\"width: 24px; height: 24px;\"><\/div>         <\/div>             <div class=\"kksr-star\" style=\"padding-right: 5px\">               <div class=\"kksr-icon\" style=\"width: 24px; height: 24px;\"><\/div>         <\/div>             <div class=\"kksr-star\" style=\"padding-right: 5px\">               <div class=\"kksr-icon\" style=\"width: 24px; height: 24px;\"><\/div>         <\/div>             <div class=\"kksr-star\" style=\"padding-right: 5px\">               <div class=\"kksr-icon\" style=\"width: 24px; height: 24px;\"><\/div>         <\/div>             <div class=\"kksr-star\" style=\"padding-right: 5px\">               <div class=\"kksr-icon\" style=\"width: 24px; height: 24px;\"><\/div>         <\/div>     <\/div> <\/div>                   <div class=\"kksr-legend\" style=\"font-size: 19.2px;\">             4,6\/5 - (9 votes)    <\/div>     <\/div>  <p class=\"translation-block\"><strong>La nouvelle machine \u00e0 fabriquer du charbon<\/strong> est un four de carbonisation continu sp\u00e9cialement d\u00e9velopp\u00e9 pour la carbonisation de divers mat\u00e9riaux biomassiques. Le four de carbonisation de nouvelle conception est non seulement beau en apparence et en atmosph\u00e8re. Et sa console a ajout\u00e9 un panneau de commande num\u00e9rique intelligent. De plus, le taux de carbonisation des mati\u00e8res premi\u00e8res est \u00e9galement pass\u00e9 de 75% \u00e0 95%. En bref, la nouvelle <strong><a href=\"https:\/\/charcoalplant.com\/fr\/charcoal-making-machine-3\/\">machine \u00e0 charbon<\/a><\/strong> est un \u00e9quipement de protection de l'environnement \u00e0 faible \u00e9mission de carbone avec un rapport co\u00fbt-performance \u00e9lev\u00e9 et un taux de rendement \u00e9lev\u00e9. Contactez-nous d\u00e8s maintenant pour la derni\u00e8re consultation \u00e0 ce sujet. Par exemple, le prix, <strong><a href=\"https:\/\/charcoalplant.com\/fr\/news\/new-charcoal-machine-production-line-sent-to-japan\/\">l'exp\u00e9dition<\/a><\/strong>. Nous nous r\u00e9jouissons d'une coop\u00e9ration agr\u00e9able avec vous.<\/p>    <figure class=\"wp-block-gallery has-nested-images columns-default is-cropped wp-block-gallery-2 is-layout-flex wp-block-gallery-is-layout-flex\"> <figure class=\"wp-block-image size-large\"><img loading=\"lazy\" decoding=\"async\" width=\"720\" height=\"540\" data-id=\"2307\" src=\"https:\/\/charcoalplant.com\/wp-content\/uploads\/2022\/02\/Export-of-charcoal-making-machine.jpg\" alt=\"\" class=\"wp-image-2307\"\/><\/figure> <\/figure>    <h2 class=\"wp-block-heading\" id=\"h-raw-materials-for-new-charcoal-making-machines\"><strong>Mati\u00e8res premi\u00e8res pour une nouvelle machine de fabrication de charbon de bois<\/strong><\/h2>    <p class=\"translation-block\">Il peut traiter des mati\u00e8res premi\u00e8res biomassiques d'une taille inf\u00e9rieure \u00e0 10 cm. Ses mati\u00e8res premi\u00e8res sont des d\u00e9chets agricoles et forestiers (balles de riz, granul\u00e9s de bois, granul\u00e9s de paille, \u00e9corce), des coquilles de fruits (<strong><a href=\"https:\/\/charcoalplant.com\/fr\/info\/what-are-the-uses-of-coconut-shells\/\">coquille de noix de coco<\/a><\/strong>, fruit d'olive, coquille de palme, coquille de ch\u00e2taigne, coquille de longane), et autres (bouse de vache, os de vache, boues), etc. Comme l'humidit\u00e9 des mati\u00e8res premi\u00e8res est plus faible, le taux de carbonisation est plus \u00e9lev\u00e9. Par cons\u00e9quent, nous recommanderons aux clients de choisir un s\u00e9choir rotatif pour s\u00e9cher les mati\u00e8res premi\u00e8res. Le s\u00e9choir peut maintenir l'humidit\u00e9 des mati\u00e8res premi\u00e8res \u00e0 environ 8%.<\/p>    <figure class=\"wp-block-gallery has-nested-images columns-2 is-cropped wp-block-gallery-3 is-layout-flex wp-block-gallery-is-layout-flex\"> <figure class=\"wp-block-image size-large\"><img loading=\"lazy\" decoding=\"async\" width=\"720\" height=\"540\" data-id=\"2313\" src=\"https:\/\/charcoalplant.com\/wp-content\/uploads\/2022\/02\/coconut-shell-2.jpg\" alt=\"\" class=\"wp-image-2313\"\/><\/figure>    <figure class=\"wp-block-image size-large\"><img loading=\"lazy\" decoding=\"async\" width=\"720\" height=\"540\" data-id=\"2314\" src=\"https:\/\/charcoalplant.com\/wp-content\/uploads\/2022\/02\/palm-shell-.jpg\" alt=\"\" class=\"wp-image-2314\"\/><\/figure>    <figure class=\"wp-block-image size-large\"><img loading=\"lazy\" decoding=\"async\" width=\"720\" height=\"540\" data-id=\"2315\" src=\"https:\/\/charcoalplant.com\/wp-content\/uploads\/2022\/02\/peanut-shell.jpg\" alt=\"\" class=\"wp-image-2315\"\/><\/figure>    <figure class=\"wp-block-image size-large\"><img loading=\"lazy\" decoding=\"async\" width=\"720\" height=\"540\" data-id=\"2316\" src=\"https:\/\/charcoalplant.com\/wp-content\/uploads\/2022\/02\/rice-husk.jpg\" alt=\"\" class=\"wp-image-2316\"\/><\/figure> <\/figure>    <h2 class=\"wp-block-heading\" id=\"h-structure-of-the-new-charcoal-machine\"><strong>Structure de la nouvelle machine de fabrication de charbon de bois<\/strong><\/h2>    <div class=\"wp-block-columns has-background is-layout-flex wp-container-core-columns-is-layout-28f84493 wp-block-columns-is-layout-flex\" style=\"background-color:#f1f1f1\"> <div class=\"wp-block-column is-vertically-aligned-center is-layout-flow wp-block-column-is-layout-flow\" style=\"flex-basis:33.33%\"> <p class=\"translation-block\"><strong>Double four principal<\/strong><\/p>    <p>Le corps principal de carbonisation du four de carbonisation adopte une structure \u00e0 double cylindre. Cette conception fait culbuter le mat\u00e9riau du four int\u00e9rieur au four ext\u00e9rieur en cercle. C'est-\u00e0-dire que l'entr\u00e9e et la sortie du four de carbonisation des coques de noix de coco sont du m\u00eame c\u00f4t\u00e9.<\/p> <\/div>    <div class=\"wp-block-column is-layout-flow wp-block-column-is-layout-flow\" style=\"flex-basis:66.66%\"> <figure class=\"wp-block-gallery has-nested-images columns-default is-cropped wp-block-gallery-4 is-layout-flex wp-block-gallery-is-layout-flex\"> <figure class=\"wp-block-image size-large\"><img loading=\"lazy\" decoding=\"async\" width=\"720\" height=\"540\" data-id=\"2310\" src=\"https:\/\/charcoalplant.com\/wp-content\/uploads\/2022\/02\/Rice-husk-carbonization-furnace-structure.jpg\" alt=\"\" class=\"wp-image-2310\"\/><\/figure> <\/figure> <\/div> <\/div>    <div class=\"wp-block-columns has-background is-layout-flex wp-container-core-columns-is-layout-28f84493 wp-block-columns-is-layout-flex\" style=\"background-color:#f1f1f1\"> <div class=\"wp-block-column is-layout-flow wp-block-column-is-layout-flow\" style=\"flex-basis:66.66%\"> <figure class=\"wp-block-gallery has-nested-images columns-default is-cropped wp-block-gallery-5 is-layout-flex wp-block-gallery-is-layout-flex\"> <figure class=\"wp-block-image size-large\"><img loading=\"lazy\" decoding=\"async\" width=\"720\" height=\"540\" data-id=\"2312\" src=\"https:\/\/charcoalplant.com\/wp-content\/uploads\/2022\/02\/Burn.jpg\" alt=\"\" class=\"wp-image-2312\"\/><\/figure> <\/figure> <\/div>    <div class=\"wp-block-column is-vertically-aligned-center is-layout-flow wp-block-column-is-layout-flow\" style=\"flex-basis:33.33%\"> <p class=\"translation-block\"><strong>Chambre de combustion<\/strong><\/p>    <p>La chambre de combustion est isol\u00e9e avec de la laine de roche isolante thermique. C'est aussi un corps de four ferm\u00e9. Par cons\u00e9quent, l\u2019\u00e9tanch\u00e9it\u00e9 \u00e0 l\u2019air de l\u2019ensemble de la machine est bonne et l\u2019efficacit\u00e9 de carbonisation est \u00e9lev\u00e9e. Le mat\u00e9riau chauffant du four de carbonisation des balles de riz peut \u00eatre du charbon de bois, du bois, du diesel, du gaz naturel, du gaz de p\u00e9trole liqu\u00e9fi\u00e9, de la biomasse, etc.<\/p> <\/div> <\/div>    <div class=\"wp-block-columns has-background is-layout-flex wp-container-core-columns-is-layout-28f84493 wp-block-columns-is-layout-flex\" style=\"background-color:#f1f1f1\"> <div class=\"wp-block-column is-vertically-aligned-center is-layout-flow wp-block-column-is-layout-flow\" style=\"flex-basis:33.33%\"> <p class=\"translation-block\"><strong>Panneau de commande PLC<\/strong><\/p>    <p>Le syst\u00e8me de d\u00e9marrage et de contr\u00f4le est pass\u00e9 de l'ancienne armoire de distribution d'\u00e9nergie au mode \u00e9cran tactile PLC. Les clients peuvent r\u00e9gler la vitesse, la temp\u00e9rature, l'heure, etc. via l'ordinateur.<\/p> <\/div>    <div class=\"wp-block-column is-layout-flow wp-block-column-is-layout-flow\" style=\"flex-basis:66.66%\"> <figure class=\"wp-block-gallery has-nested-images columns-default is-cropped wp-block-gallery-6 is-layout-flex wp-block-gallery-is-layout-flex\"> <figure class=\"wp-block-image size-large\"><img loading=\"lazy\" decoding=\"async\" width=\"720\" height=\"540\" data-id=\"2309\" src=\"https:\/\/charcoalplant.com\/wp-content\/uploads\/2022\/02\/PLC.jpg\" alt=\"\" class=\"wp-image-2309\"\/><\/figure> <\/figure> <\/div> <\/div>    <div class=\"wp-block-columns has-background is-layout-flex wp-container-core-columns-is-layout-28f84493 wp-block-columns-is-layout-flex\" style=\"background-color:#f1f1f1\"> <div class=\"wp-block-column is-layout-flow wp-block-column-is-layout-flow\" style=\"flex-basis:66.66%\"> <figure class=\"wp-block-gallery has-nested-images columns-default is-cropped wp-block-gallery-7 is-layout-flex wp-block-gallery-is-layout-flex\"> <figure class=\"wp-block-image size-large\"><img loading=\"lazy\" decoding=\"async\" width=\"720\" height=\"540\" data-id=\"2308\" src=\"https:\/\/charcoalplant.com\/wp-content\/uploads\/2022\/02\/new-charcoal-making-machine-for-sale.jpg\" alt=\"\" class=\"wp-image-2308\"\/><\/figure> <\/figure> <\/div>    <div class=\"wp-block-column is-vertically-aligned-center is-layout-flow wp-block-column-is-layout-flow\" style=\"flex-basis:33.33%\"> <p class=\"translation-block\"><strong>Renforcement du four<\/strong><\/p>    <p>La surface de son corps de four est renforc\u00e9e avec du m\u00e9tal en acier au carbone horizontal et vertical. Le corps du four est envelopp\u00e9 dans un bo\u00eetier en acier inoxydable. Par cons\u00e9quent, l'utilisation de la nouvelle machine de fabrication de charbon de bois de noix de coco n'est pas facile \u00e0 d\u00e9former et a une dur\u00e9e de vie plus longue.<\/p> <\/div> <\/div>    <h2 class=\"wp-block-heading\" id=\"h-video-of-biomass-carbonization-furnace\"><strong>Vid\u00e9o du four de carbonisation continue de biomasse<\/strong><\/h2>    <p class=\"translation-block\">Ci-dessous une vid\u00e9o du traitement de diverses mati\u00e8res premi\u00e8res avec un <strong><a href=\"https:\/\/charcoalplant.com\/fr\/carbonization-furnace\/rotary-carbonization-furnace\/\">four de carbonisation<\/a><\/strong> de biomasse. Vous pouvez voir sa carbonisation efficace et de haute qualit\u00e9 dans la vid\u00e9o.<\/p>    <figure class=\"wp-block-embed is-type-video is-provider-youtube wp-block-embed-youtube wp-embed-aspect-16-9 wp-has-aspect-ratio\"><div class=\"wp-block-embed__wrapper\"> <iframe loading=\"lazy\" title=\"2023 Nouvelle activit\u00e9 de machine de fabrication de charbon de bois avec un nouveau four de carbonisation continue de conception\" width=\"500\" height=\"281\" src=\"https:\/\/www.youtube.com\/embed\/sb92A1yTXFA?feature=oembed\" frameborder=\"0\" allow=\"accelerometer; autoplay; clipboard-write; encrypted-media; gyroscope; picture-in-picture; web-share\" referrerpolicy=\"strict-origin-when-cross-origin\" allowfullscreen><\/iframe> <\/div><\/figure>    <h2 class=\"wp-block-heading\" id=\"h-parameters-of-the-new-charcoal-making-machine\"><strong>Param\u00e8tres de la nouvelle machine de fabrication de charbon de bois<\/strong><\/h2>    <p>Le temps et la temp\u00e9rature de carbonisation des diff\u00e9rentes mati\u00e8res premi\u00e8res sont diff\u00e9rents. Par cons\u00e9quent, les donn\u00e9es suivantes sont uniquement \u00e0 titre de r\u00e9f\u00e9rence.<\/p>    <figure class=\"wp-block-table is-style-stripes\"><table><tbody><tr><td>Mod\u00e8le<\/td><td>SL-05<\/td><td>SL-10<\/td><td>SL-30<\/td><td>SL-50<\/td><\/tr><tr><td>Capacit\u00e9<\/td><td>0,3-0,5 t\/heure<\/td><td>0,8-1t\/h<\/td><td>2,5-3 t\/heure<\/td><td>4,5-5 t\/heure<\/td><\/tr><tr><td>M\u00e9thode de travail<\/td><td>Enti\u00e8rement continu<\/td><\/tr><tr><td>Taille du r\u00e9acteur<\/td><td>820 mm<\/td><td>1000mm<\/td><td>1300 mm<\/td><td>1700mm<\/td><\/tr><tr><td>Consommation d'\u00e9nergie<\/td><td>45 kW\/h<\/td><td>65 kW\/h<\/td><td>90 kW\/h<\/td><td>125 kW\/h<\/td><\/tr><tr><td>Dimensions<\/td><td>28 m*10 m*6 m<\/td><td>33 m*13 m*7 m<\/td><td>40m*15m*8m<\/td><td>50m*16m*10m<\/td><\/tr><tr><td>Poids<\/td><td>28t<\/td><td>35 tonnes<\/td><td>45 tonnes<\/td><td>54t<\/td><\/tr><tr><td>Pression de fonctionnement<\/td><td>L\u00e9g\u00e8re pression n\u00e9gative<\/td><\/tr><tr><td>Dur\u00e9e de vie<\/td><td>5-8 ans<\/td><\/tr><\/tbody><\/table><\/figure>    <h2 class=\"wp-block-heading\" id=\"h-application-of-bio-charcoal\"><strong>Produits finis de charbon bio<\/strong><\/h2>    <p>Les produits finis de cet excellent four de carbonisation continue peuvent \u00eatre divers, tels que le charbon de bois de noix de coco, le charbon de bois de sciure de bois, le charbon de bois de palmiste, le charbon de bambou, le charbon de bois de balle de riz et le charbon de bois de coquille de noix, etc. <\/p>    <figure class=\"wp-block-gallery has-nested-images columns-2 is-cropped wp-block-gallery-8 is-layout-flex wp-block-gallery-is-layout-flex\"> <figure class=\"wp-block-image size-large\"><img loading=\"lazy\" decoding=\"async\" width=\"720\" height=\"540\" data-id=\"2317\" src=\"https:\/\/charcoalplant.com\/wp-content\/uploads\/2022\/02\/sawdust-charcoal.jpg\" alt=\"\" class=\"wp-image-2317\"\/><\/figure>    <figure class=\"wp-block-image size-large\"><img loading=\"lazy\" decoding=\"async\" width=\"720\" height=\"540\" data-id=\"2318\" src=\"https:\/\/charcoalplant.com\/wp-content\/uploads\/2022\/02\/corncob-charcoal.jpg\" alt=\"\" class=\"wp-image-2318\"\/><\/figure>    <figure class=\"wp-block-image size-large\"><img loading=\"lazy\" decoding=\"async\" width=\"720\" height=\"540\" data-id=\"2319\" src=\"https:\/\/charcoalplant.com\/wp-content\/uploads\/2022\/02\/nut-shell-charcoal.jpg\" alt=\"\" class=\"wp-image-2319\"\/><\/figure>    <figure class=\"wp-block-image size-large\"><img loading=\"lazy\" decoding=\"async\" width=\"720\" height=\"540\" data-id=\"2320\" src=\"https:\/\/charcoalplant.com\/wp-content\/uploads\/2022\/02\/palm-shell-charcoal.jpg\" alt=\"\" class=\"wp-image-2320\"\/><\/figure> <\/figure>    <h2 class=\"wp-block-heading\">Principe de fonctionnement du four de carbonisation du charbon de bois<\/h2>    <p>Le processus de carbonisation consiste \u00e0 chauffer la mati\u00e8re organique dans un environnement limit\u00e9 en oxyg\u00e8ne. Au fur et \u00e0 mesure que le mat\u00e9riau est chauff\u00e9, il commence \u00e0 se d\u00e9composer et \u00e0 lib\u00e9rer des gaz volatils. Ces gaz sont ensuite br\u00fbl\u00e9s, laissant derri\u00e8re eux un r\u00e9sidu solide de carbone, appel\u00e9 charbon de bois.<\/p>    <h2 class=\"wp-block-heading\">Applications du four de carbonisation continue<\/h2>    <p>Les fours de carbonisation continue du charbon de bois sont couramment utilis\u00e9s dans la production de charbon actif, qui est une forme de charbon de bois qui a \u00e9t\u00e9 trait\u00e9 pour augmenter sa surface et le rendre plus poreux. Le charbon actif a un large \u00e9ventail d'applications, notamment le traitement de l'eau, la purification de l'air et la s\u00e9paration chimique.<\/p>    <p>En plus de leur utilisation dans la production de charbon actif, les fours de carbonisation continue du charbon de bois sont \u00e9galement utilis\u00e9s dans diverses autres industries, notamment la production de carburant, la fabrication de produits chimiques et le traitement des d\u00e9chets.<\/p>    <h2 class=\"wp-block-heading\">Conclusion <\/h2>    <p>Dans l\u2019ensemble, le four de carbonisation continue est un \u00e9quipement essentiel qui joue un r\u00f4le cl\u00e9 dans la production de charbon actif et d\u2019autres formes de charbon de bois. Sa capacit\u00e9 \u00e0 fonctionner en continu permet une production efficace et fiable, ce qui en fait un outil important dans un large \u00e9ventail d\u2019industries.<\/p>    <p class=\"translation-block\"><a href=\"https:\/\/charcoalplant.com\/fr\/\">Shuliy group<\/a> est un fabricant professionnel de fours de carbonisation de charbon. Nous proposons une gamme compl\u00e8te de machines de carbonisation pour r\u00e9pondre \u00e0 vos besoins sp\u00e9cifiques. N'h\u00e9sitez pas \u00e0 contacter nos experts pour d\u00e9marrer votre activit\u00e9 d\u00e8s que possible. <\/p>","protected":false},"excerpt":{"rendered":"<p>La nouvelle machine \u00e0 charbon de bois est une version am\u00e9lior\u00e9e du four de carbonisation continue. Il a le meilleur effet de carbonisation.<\/p>","protected":false},"author":1,"featured_media":2306,"parent":0,"template":"","tags":[65],"product-type":[4],"class_list":["post-2304","product","type-product","status-publish","has-post-thumbnail","hentry","tag-carbonization-furnace","product-type-carbonization-furnace"],"_links":{"self":[{"href":"https:\/\/charcoalplant.com\/fr\/wp-json\/wp\/v2\/product\/2304","targetHints":{"allow":["GET"]}}],"collection":[{"href":"https:\/\/charcoalplant.com\/fr\/wp-json\/wp\/v2\/product"}],"about":[{"href":"https:\/\/charcoalplant.com\/fr\/wp-json\/wp\/v2\/types\/product"}],"author":[{"embeddable":true,"href":"https:\/\/charcoalplant.com\/fr\/wp-json\/wp\/v2\/users\/1"}],"wp:featuredmedia":[{"embeddable":true,"href":"https:\/\/charcoalplant.com\/fr\/wp-json\/wp\/v2\/media\/2306"}],"wp:attachment":[{"href":"https:\/\/charcoalplant.com\/fr\/wp-json\/wp\/v2\/media?parent=2304"}],"wp:term":[{"taxonomy":"post_tag","embeddable":true,"href":"https:\/\/charcoalplant.com\/fr\/wp-json\/wp\/v2\/tags?post=2304"},{"taxonomy":"product-type","embeddable":true,"href":"https:\/\/charcoalplant.com\/fr\/wp-json\/wp\/v2\/product-type?post=2304"}],"curies":[{"name":"wp","href":"https:\/\/api.w.org\/{rel}","templated":true}]}}