{"id":2322,"date":"2022-02-14T09:42:26","date_gmt":"2022-02-14T01:42:26","guid":{"rendered":"https:\/\/charcoalplant.com\/"},"modified":"2023-01-13T10:21:19","modified_gmt":"2023-01-13T02:21:19","slug":"wood-pallet-block-making-machine","status":"publish","type":"product","link":"https:\/\/charcoalplant.com\/fr\/product\/wood-pallet-block-making-machine\/","title":{"rendered":"Machine de fabrication de blocs de palettes en bois | Machine de fabrication de blocs de sciure de bois"},"content":{"rendered":"<div class=\"kk-star-ratings kksr-auto kksr-align-left kksr-valign-top\"     data-payload='{&quot;align&quot;:&quot;left&quot;,&quot;id&quot;:&quot;2322&quot;,&quot;slug&quot;:&quot;default&quot;,&quot;valign&quot;:&quot;top&quot;,&quot;ignore&quot;:&quot;&quot;,&quot;reference&quot;:&quot;auto&quot;,&quot;class&quot;:&quot;&quot;,&quot;count&quot;:&quot;13&quot;,&quot;legendonly&quot;:&quot;&quot;,&quot;readonly&quot;:&quot;&quot;,&quot;score&quot;:&quot;4.8&quot;,&quot;starsonly&quot;:&quot;&quot;,&quot;best&quot;:&quot;5&quot;,&quot;gap&quot;:&quot;5&quot;,&quot;greet&quot;:&quot;Rate this product&quot;,&quot;legend&quot;:&quot;4.8\\\/5 - (13 votes)&quot;,&quot;size&quot;:&quot;24&quot;,&quot;title&quot;:&quot;Wood Pallet Block Making Machine | Sawdust Block Making Machine&quot;,&quot;width&quot;:&quot;136.7&quot;,&quot;_legend&quot;:&quot;{score}\\\/{best} - ({count} {votes})&quot;,&quot;font_factor&quot;:&quot;1.25&quot;}'>              <div class=\"kksr-stars\">      <div class=\"kksr-stars-inactive\">             <div class=\"kksr-star\" data-star=\"1\" style=\"padding-right: 5px\">               <div class=\"kksr-icon\" style=\"width: 24px; height: 24px;\"><\/div>         <\/div>             <div class=\"kksr-star\" data-star=\"2\" style=\"padding-right: 5px\">               <div class=\"kksr-icon\" style=\"width: 24px; height: 24px;\"><\/div>         <\/div>             <div class=\"kksr-star\" data-star=\"3\" style=\"padding-right: 5px\">               <div class=\"kksr-icon\" style=\"width: 24px; height: 24px;\"><\/div>         <\/div>             <div class=\"kksr-star\" data-star=\"4\" style=\"padding-right: 5px\">               <div class=\"kksr-icon\" style=\"width: 24px; height: 24px;\"><\/div>         <\/div>             <div class=\"kksr-star\" data-star=\"5\" style=\"padding-right: 5px\">               <div class=\"kksr-icon\" style=\"width: 24px; height: 24px;\"><\/div>         <\/div>     <\/div>      <div class=\"kksr-stars-active\" style=\"width: 136.7px;\">             <div class=\"kksr-star\" style=\"padding-right: 5px\">               <div class=\"kksr-icon\" style=\"width: 24px; height: 24px;\"><\/div>         <\/div>             <div class=\"kksr-star\" style=\"padding-right: 5px\">               <div class=\"kksr-icon\" style=\"width: 24px; height: 24px;\"><\/div>         <\/div>             <div class=\"kksr-star\" style=\"padding-right: 5px\">               <div class=\"kksr-icon\" style=\"width: 24px; height: 24px;\"><\/div>         <\/div>             <div class=\"kksr-star\" style=\"padding-right: 5px\">               <div class=\"kksr-icon\" style=\"width: 24px; height: 24px;\"><\/div>         <\/div>             <div class=\"kksr-star\" style=\"padding-right: 5px\">               <div class=\"kksr-icon\" style=\"width: 24px; height: 24px;\"><\/div>         <\/div>     <\/div> <\/div>                   <div class=\"kksr-legend\" style=\"font-size: 19.2px;\">             4,8\/5 - (13 votes)    <\/div>     <\/div>  <p class=\"translation-block\">La <strong>machine de fabrication de blocs de palettes en bois<\/strong> est un appareil pour produire les <strong><a href=\"https:\/\/charcoalplant.com\/fr\/news\/what-is-a-sawdust-pallet-block\/\">pieds porteurs de palettes<\/a><\/strong>. Elle peut \u00eatre utilis\u00e9e dans les industries de l'emballage et de la logistique (transport). Parce que la mati\u00e8re premi\u00e8re des pieds de palettes en bois est la sciure et les copeaux de bois. Par cons\u00e9quent, le bloc de bois produit a les caract\u00e9ristiques d'\u00eatre non polluant, s\u00fbr et facile \u00e0 manipuler. De nombreux fabricants de palettes en bois utiliseront une machine \u00e0 blocs de copeaux de bois pour fabriquer des pieds de palettes. Notre usine produit des blocs de copeaux de bois de norme am\u00e9ricaine tels que 75*75mm, 90*90mm et 100*100mm, et des blocs de copeaux de bois de norme europ\u00e9enne tels que 100*110mm et 145*145mm. Par cons\u00e9quent, nous fournissons des services de personnalisation m\u00e9canique.<\/p>    <figure class=\"wp-block-gallery has-nested-images columns-default is-cropped wp-block-gallery-2 is-layout-flex wp-block-gallery-is-layout-flex\"> <figure class=\"wp-block-image size-large\"><img loading=\"lazy\" decoding=\"async\" width=\"720\" height=\"540\" data-id=\"2335\" src=\"https:\/\/charcoalplant.com\/wp-content\/uploads\/2022\/02\/sawdust-pallet-block-.jpg\" alt=\"bloc-palette-sciure\" class=\"wp-image-2335\"\/><figcaption class=\"wp-element-caption\">bloc-palette-sciure<\/figcaption><\/figure>    <figure class=\"wp-block-image size-full\"><img loading=\"lazy\" decoding=\"async\" width=\"720\" height=\"540\" data-id=\"2325\" src=\"https:\/\/charcoalplant.com\/wp-content\/uploads\/2022\/02\/wood-block-machine-plant.jpg\" alt=\"plan-machine-\u00e0-blocs-de-bois\" class=\"wp-image-2325\"\/><figcaption class=\"wp-element-caption\">plan-machine-\u00e0-blocs-de-bois<\/figcaption><\/figure> <\/figure>    <h2 class=\"wp-block-heading\" id=\"h-raw-materials-for-wood-block-machine\"><strong>Mati\u00e8res premi\u00e8res pour la machine de fabrication de blocs de palettes de sciure de bois<\/strong><\/h2>    <p class=\"translation-block\">La mati\u00e8re premi\u00e8re de la machine de fabrication de blocs de palettes en bois est la sciure de 6 \u00e0 8 mm. Par cons\u00e9quent, la sciure qui ne r\u00e9pond pas \u00e0 la taille de la mati\u00e8re premi\u00e8re doit \u00eatre retrait\u00e9e avec un <strong><a href=\"https:\/\/charcoalplant.com\/fr\/wood-wastes-recycling-machine\/wood-crusher-machine\/\">broyeur de bois<\/a><\/strong>. En fait, il existe de nombreuses mati\u00e8res premi\u00e8res. Telles que les blocs de bois, les copeaux de bois, les d\u00e9chets de bois, les palettes usag\u00e9es, etc. De plus, il convient de noter que la production de blocs de palettes n\u00e9cessite l'ajout de colle telle que la r\u00e9sine ur\u00e9e-formald\u00e9hyde aux mati\u00e8res premi\u00e8res.<\/p>    <figure class=\"wp-block-image aligncenter size-full\"><img loading=\"lazy\" decoding=\"async\" width=\"720\" height=\"540\" src=\"https:\/\/charcoalplant.com\/wp-content\/uploads\/2022\/02\/raw-materials-of-pallet-feet-block-machine-.jpg\" alt=\"\" class=\"wp-image-2347\"\/><\/figure>    <h2 class=\"wp-block-heading\" id=\"application-of-wood-blocks\"><strong>Application de blocs de bois de palette<\/strong><\/h2>    <ul class=\"wp-block-list\"> <li>Les blocs de palettes en bois sont couramment utilis\u00e9s dans l'industrie du transport et de la logistique pour soutenir et transporter des marchandises.<\/li>    <li>Ils sont \u00e9galement utilis\u00e9s dans les industries de la construction et de la fabrication \u00e0 diverses fins, comme soutenir des machines ou former la base d'une structure temporaire.<\/li> <\/ul>    <figure class=\"wp-block-gallery has-nested-images columns-default is-cropped wp-block-gallery-3 is-layout-flex wp-block-gallery-is-layout-flex\"> <figure class=\"wp-block-image size-large\"><img loading=\"lazy\" decoding=\"async\" width=\"720\" height=\"540\" data-id=\"2356\" src=\"https:\/\/charcoalplant.com\/wp-content\/uploads\/2022\/02\/wood-block-1.jpg\" alt=\"\" class=\"wp-image-2356\"\/><\/figure>    <figure class=\"wp-block-image size-large\"><img loading=\"lazy\" decoding=\"async\" width=\"720\" height=\"540\" data-id=\"2355\" src=\"https:\/\/charcoalplant.com\/wp-content\/uploads\/2022\/02\/wood-pallet.jpg\" alt=\"\" class=\"wp-image-2355\"\/><\/figure> <\/figure>    <h2 class=\"wp-block-heading\" id=\"workflow-of-wood-pallet-block-making-machine\"><strong>Flux de travail de la machine de fabrication de blocs de palettes en bois<\/strong><\/h2>    <div class=\"wp-block-columns has-background is-layout-flex wp-container-core-columns-is-layout-28f84493 wp-block-columns-is-layout-flex\" style=\"background-color:#f1f1f1\"> <div class=\"wp-block-column is-vertically-aligned-center is-layout-flow wp-block-column-is-layout-flow\" style=\"flex-basis:33.33%\"> <p class=\"has-text-align-left translation-block\"><strong>Premi\u00e8rement, le traitement des mati\u00e8res premi\u00e8res.<\/strong><\/p>    <p class=\"has-text-align-left\">Les mati\u00e8res premi\u00e8res doivent \u00eatre soigneusement m\u00e9lang\u00e9es avec la r\u00e9sine ur\u00e9e-formald\u00e9hyde \u00e0 l'aide d'un m\u00e9langeur de colle.<\/p> <\/div>    <div class=\"wp-block-column is-layout-flow wp-block-column-is-layout-flow\" style=\"flex-basis:66.66%\"> <figure class=\"wp-block-gallery has-nested-images columns-default is-cropped wp-block-gallery-4 is-layout-flex wp-block-gallery-is-layout-flex\"> <figure class=\"wp-block-image size-full\"><img loading=\"lazy\" decoding=\"async\" width=\"720\" height=\"540\" data-id=\"2352\" src=\"https:\/\/charcoalplant.com\/wp-content\/uploads\/2022\/02\/glue-mixer-2.jpg\" alt=\"\" class=\"wp-image-2352\"\/><\/figure> <\/figure> <\/div> <\/div>    <div class=\"wp-block-columns has-background is-layout-flex wp-container-core-columns-is-layout-28f84493 wp-block-columns-is-layout-flex\" style=\"background-color:#f1f1f1\"> <div class=\"wp-block-column is-layout-flow wp-block-column-is-layout-flow\" style=\"flex-basis:66.66%\"> <figure class=\"wp-block-gallery has-nested-images columns-default is-cropped wp-block-gallery-5 is-layout-flex wp-block-gallery-is-layout-flex\"> <figure class=\"wp-block-image size-large\"><img loading=\"lazy\" decoding=\"async\" width=\"720\" height=\"540\" data-id=\"2350\" src=\"https:\/\/charcoalplant.com\/wp-content\/uploads\/2022\/02\/feed.jpg\" alt=\"\" class=\"wp-image-2350\"\/><\/figure> <\/figure> <\/div>    <div class=\"wp-block-column is-vertically-aligned-center is-layout-flow wp-block-column-is-layout-flow\" style=\"flex-basis:33.33%\"> <p class=\"translation-block\"><strong>Deuxi\u00e8mement, l'alimentation. <\/strong><\/p>    <p>Les mati\u00e8res premi\u00e8res m\u00e9lang\u00e9es peuvent \u00eatre introduites via le port d'alimentation de la machine \u00e0 blocs de bois. De plus, le port d'alimentation de la machine a une conception d'agitation et de suppression. Par cons\u00e9quent, les clients n\u2019ont pas \u00e0 s\u2019inqui\u00e9ter du probl\u00e8me du blocage des mat\u00e9riaux.<\/p> <\/div> <\/div>    <div class=\"wp-block-columns has-background is-layout-flex wp-container-core-columns-is-layout-28f84493 wp-block-columns-is-layout-flex\" style=\"background-color:#f1f1f1\"> <div class=\"wp-block-column is-vertically-aligned-center is-layout-flow wp-block-column-is-layout-flow\" style=\"flex-basis:33.33%\"> <p class=\"translation-block\"><strong>Troisi\u00e8mement, le d\u00e9chargement. <\/strong><\/p>    <p>Les copeaux de bois sont forc\u00e9s d'\u00eatre fa\u00e7onn\u00e9s et extrud\u00e9s apr\u00e8s avoir travers\u00e9 la haute pression du v\u00e9rin hydraulique de la machine \u00e0 blocs de palettes en bois et la haute temp\u00e9rature de l'anneau chauffant.<\/p> <\/div>    <div class=\"wp-block-column is-layout-flow wp-block-column-is-layout-flow\" style=\"flex-basis:66.66%\"> <figure class=\"wp-block-gallery has-nested-images columns-default is-cropped wp-block-gallery-6 is-layout-flex wp-block-gallery-is-layout-flex\"> <figure class=\"wp-block-image size-large\"><img loading=\"lazy\" decoding=\"async\" width=\"720\" height=\"540\" data-id=\"2330\" src=\"https:\/\/charcoalplant.com\/wp-content\/uploads\/2022\/02\/double-head-pallet-block-machine-1.jpg\" alt=\"machine \u00e0 blocs de palettes \u00e0 double t\u00eate\" class=\"wp-image-2330\"\/><figcaption class=\"wp-element-caption\">machine \u00e0 blocs de palettes \u00e0 double t\u00eate<\/figcaption><\/figure> <\/figure> <\/div> <\/div>    <div class=\"wp-block-columns has-background is-layout-flex wp-container-core-columns-is-layout-28f84493 wp-block-columns-is-layout-flex\" style=\"background-color:#f1f1f1\"> <div class=\"wp-block-column is-layout-flow wp-block-column-is-layout-flow\" style=\"flex-basis:66.66%\"> <figure class=\"wp-block-gallery has-nested-images columns-default is-cropped wp-block-gallery-7 is-layout-flex wp-block-gallery-is-layout-flex\"> <figure class=\"wp-block-image size-large\"><img loading=\"lazy\" decoding=\"async\" width=\"720\" height=\"540\" data-id=\"2351\" src=\"https:\/\/charcoalplant.com\/wp-content\/uploads\/2022\/02\/sawdust-blocks.jpg\" alt=\"\" class=\"wp-image-2351\"\/><\/figure> <\/figure> <\/div>    <div class=\"wp-block-column is-vertically-aligned-center is-layout-flow wp-block-column-is-layout-flow\" style=\"flex-basis:33.33%\"> <p class=\"translation-block\"><strong>Quatri\u00e8mement, la coupe des blocs de bois.<\/strong><\/p>    <p>Ils formaient de longs blocs de bois coup\u00e9s en longueurs uniformes par une scie au port de d\u00e9chargement.<\/p> <\/div> <\/div>    <h2 class=\"wp-block-heading\" id=\"parameters-of-wood-pallet-block-machine\"><strong>Param\u00e8tres de la machine de fabrication de blocs de palettes en bois<\/strong><\/h2>    <p>Notre machine de fabrication de blocs de sciure de bois produit des blocs de bois non poreux et perfor\u00e9s. Et le nombre et les sp\u00e9cifications des ouvertures de d\u00e9chargement de la machine peuvent \u00eatre personnalis\u00e9s.<\/p>    <figure class=\"wp-block-table is-style-stripes\"><table><tbody><tr><td>Mod\u00e8le<\/td><td>SL-WB100<\/td><\/tr><tr><td>Pouvoir total<\/td><td>15kw<\/td><\/tr><tr><td>Capacit\u00e9<\/td><td>4-5 m3\/24h<\/td><\/tr><tr><td>Densit\u00e9 des blocs<\/td><td>550-600 kg\/m3<\/td><\/tr><tr><td>Dimension<\/td><td>4800*760*1300mm<\/td><\/tr><tr><td>Poids<\/td><td>1200 kg<\/td><\/tr><\/tbody><\/table><\/figure>    <figure class=\"wp-block-image aligncenter size-full\"><img loading=\"lazy\" decoding=\"async\" width=\"720\" height=\"540\" src=\"https:\/\/charcoalplant.com\/wp-content\/uploads\/2022\/02\/Three-head-wood-pallet-block-machine.jpg\" alt=\"Machine \u00e0 blocs de palettes en bois \u00e0 trois t\u00eates\" class=\"wp-image-2328\"\/><figcaption class=\"wp-element-caption\">Machine \u00e0 blocs de palettes en bois \u00e0 trois t\u00eates<\/figcaption><\/figure>    <h2 class=\"wp-block-heading\" id=\"video-of-wood-pallet-block-machine\"><strong>Vid\u00e9o de la machine de fabrication de blocs de palettes en bois<\/strong><\/h2>    <p>La machine de fabrication de blocs de palettes en bois est largement utilis\u00e9e \u00e0 l'\u00e9tranger. Vous pouvez voir la qualit\u00e9 de ses blocs de bois et sa commodit\u00e9 de sciage dans la vid\u00e9o ci-dessous. Enfin, j'esp\u00e8re que vous appr\u00e9cierez nos vid\u00e9os. Et vous pouvez nous contacter pour vous renseigner sur le prix de la machine de fabrication de blocs de palettes de sciure de bois.<\/p>    <figure class=\"wp-block-embed is-type-video is-provider-youtube wp-block-embed-youtube wp-embed-aspect-16-9 wp-has-aspect-ratio\"><div class=\"wp-block-embed__wrapper\"> <iframe loading=\"lazy\" title=\"Machine automatique de fabrication de blocs de palettes en bois | \u00c9quipement de coupe de blocs de sciure#paletteblock#shavingblock\" width=\"500\" height=\"281\" src=\"https:\/\/www.youtube.com\/embed\/RqVTaF_3GCw?feature=oembed\" frameborder=\"0\" allow=\"accelerometer; autoplay; clipboard-write; encrypted-media; gyroscope; picture-in-picture; web-share\" referrerpolicy=\"strict-origin-when-cross-origin\" allowfullscreen><\/iframe> <\/div><\/figure>    <h2 class=\"wp-block-heading\" id=\"sawdust-blocks-extruder-machine-for-sale\"><strong>Machine de fabrication de blocs de sciure de bois <\/strong>exp\u00e9di\u00e9 en Malaisie<\/h2>    <figure class=\"wp-block-gallery has-nested-images columns-default is-cropped wp-block-gallery-8 is-layout-flex wp-block-gallery-is-layout-flex\"> <figure class=\"wp-block-image size-large\"><img loading=\"lazy\" decoding=\"async\" width=\"720\" height=\"540\" data-id=\"2331\" src=\"https:\/\/charcoalplant.com\/wp-content\/uploads\/2022\/02\/shippment.jpg\" alt=\"exp\u00e9dition\" class=\"wp-image-2331\"\/><figcaption class=\"wp-element-caption\">exp\u00e9dition<\/figcaption><\/figure>    <figure class=\"wp-block-image size-large\"><img loading=\"lazy\" decoding=\"async\" width=\"720\" height=\"540\" data-id=\"2332\" src=\"https:\/\/charcoalplant.com\/wp-content\/uploads\/2022\/02\/Wood-pallet-block-machine-shippment.jpg\" alt=\"Exp\u00e9dition de machines \u00e0 blocs de palettes en bois\" class=\"wp-image-2332\"\/><figcaption class=\"wp-element-caption\">Exp\u00e9dition de machines \u00e0 blocs de palettes en bois<\/figcaption><\/figure> <\/figure>    <p>La machine de fabrication de blocs de palettes en bois produite par notre usine est un article tr\u00e8s vendu sur le march\u00e9. Nous avons r\u00e9cemment re\u00e7u une demande d'une usine de palettes en bois en Malaisie. Et nous sommes heureux de travailler ensemble. Nous avons vendu plusieurs machines \u00e0 blocs de bois multi-t\u00eates \u00e0 nos clients. Et nous avons offert \u00e0 nos clients une remise importante.<\/p>    <h2 class=\"wp-block-heading\">Comment fonctionne une machine de fabrication de blocs de palettes en bois <\/h2>    <ul class=\"wp-block-list\"> <li>La machine se compose d'un ch\u00e2ssis, d'un moule et d'un syst\u00e8me hydraulique.<\/li>    <li>Pour utiliser la machine, des copeaux de bois ou de la sciure de bois sont introduits dans le moule.<\/li>    <li>Le syst\u00e8me hydraulique est activ\u00e9 pour appliquer une pression sur le mat\u00e9riau, le compactant ainsi en un bloc.<\/li>    <li>Le bloc est ensuite \u00e9ject\u00e9 du moule et est pr\u00eat \u00e0 l'emploi.<\/li> <\/ul>    <h2 class=\"wp-block-heading\">Avantages de l'utilisation d'une machine de fabrication de blocs de bois<\/h2>    <ul class=\"wp-block-list\"> <li><strong>Efficacit\u00e9:<\/strong> La machine peut produire un grand nombre de blocs en peu de temps, ce qui la rend plus efficace que les m\u00e9thodes de production manuelles.<\/li>    <li><strong>Qualit\u00e9:<\/strong> Les blocs produits par la machine sont de taille et de forme plus uniformes, ce qui donne un produit de meilleure qualit\u00e9.<\/li>    <li><strong>Co\u00fbt:<\/strong> L'utilisation d'une machine de fabrication de blocs de palettes en bois peut \u00eatre plus rentable que l'achat de blocs pr\u00e9fabriqu\u00e9s ou leur construction manuelle.<\/li> <\/ul>    <h2 class=\"wp-block-heading\">Conclusion <\/h2>    <p class=\"translation-block\">Une machine de fabrication de blocs de palette en bois est un outil pr\u00e9cieux pour produire des blocs de palette de haute qualit\u00e9 efficacement et de mani\u00e8re rentable. Elle a une large gamme d'applications dans diverses industries, ce qui en fait un atout pr\u00e9cieux pour toute entreprise. <a href=\"https:\/\/charcoalplant.com\/fr\/\">groupe Shuliy<\/a> fournit une ligne compl\u00e8te de production de blocs de palette en bois, \u00e9galement appel\u00e9e ligne de production de blocs de sciure. La mati\u00e8re premi\u00e8re peut \u00eatre vari\u00e9e, comme le bois, le bambou, la sciure, les copeaux, etc. Et elle se compose principalement d'une <a href=\"https:\/\/charcoalplant.com\/fr\/product\/wood-crusher-machine\/\">machine concasseuse de bois<\/a>, d'une <a href=\"https:\/\/charcoalplant.com\/fr\/product\/rice-husk-dryer\/\">machine s\u00e9cheuse de sciure<\/a>, d\u2019un m\u00e9langeur de colle et d'une machine \u00e0 fabriquer des blocs de bois. Si vous souhaitez d\u00e9marrer votre activit\u00e9 de fabrication de blocs de palette, n'h\u00e9sitez pas \u00e0 contacter nos experts pour des conseils professionnels. <\/p>","protected":false},"excerpt":{"rendered":"<p>La machine \u00e0 blocs de palettes en bois est un appareil permettant de produire des pieds porteurs. Il peut \u00eatre utilis\u00e9 dans les industries de l\u2019emballage et de la logistique (transport).<\/p>","protected":false},"author":1,"featured_media":2337,"parent":0,"template":"","tags":[66],"product-type":[43,3],"class_list":["post-2322","product","type-product","status-publish","has-post-thumbnail","hentry","tag-biomass-briquette-machine","product-type-biomass-briquette-machine","product-type-wood-wastes-recycling-machine"],"_links":{"self":[{"href":"https:\/\/charcoalplant.com\/fr\/wp-json\/wp\/v2\/product\/2322","targetHints":{"allow":["GET"]}}],"collection":[{"href":"https:\/\/charcoalplant.com\/fr\/wp-json\/wp\/v2\/product"}],"about":[{"href":"https:\/\/charcoalplant.com\/fr\/wp-json\/wp\/v2\/types\/product"}],"author":[{"embeddable":true,"href":"https:\/\/charcoalplant.com\/fr\/wp-json\/wp\/v2\/users\/1"}],"wp:featuredmedia":[{"embeddable":true,"href":"https:\/\/charcoalplant.com\/fr\/wp-json\/wp\/v2\/media\/2337"}],"wp:attachment":[{"href":"https:\/\/charcoalplant.com\/fr\/wp-json\/wp\/v2\/media?parent=2322"}],"wp:term":[{"taxonomy":"post_tag","embeddable":true,"href":"https:\/\/charcoalplant.com\/fr\/wp-json\/wp\/v2\/tags?post=2322"},{"taxonomy":"product-type","embeddable":true,"href":"https:\/\/charcoalplant.com\/fr\/wp-json\/wp\/v2\/product-type?post=2322"}],"curies":[{"name":"wp","href":"https:\/\/api.w.org\/{rel}","templated":true}]}}