{"id":2505,"date":"2022-02-25T10:09:19","date_gmt":"2022-02-25T10:09:19","guid":{"rendered":"https:\/\/charcoalplant.com\/?page_id=2505"},"modified":"2023-01-07T14:38:58","modified_gmt":"2023-01-07T06:38:58","slug":"wood-pallet-block-production-line","status":"publish","type":"product","link":"https:\/\/charcoalplant.com\/fr\/wood-pallet-block-production-line\/","title":{"rendered":"Ligne de production de blocs de palettes en bois"},"content":{"rendered":"<div class=\"kk-star-ratings kksr-auto kksr-align-left kksr-valign-top\"     data-payload='{&quot;align&quot;:&quot;left&quot;,&quot;id&quot;:&quot;2505&quot;,&quot;slug&quot;:&quot;default&quot;,&quot;valign&quot;:&quot;top&quot;,&quot;ignore&quot;:&quot;&quot;,&quot;reference&quot;:&quot;auto&quot;,&quot;class&quot;:&quot;&quot;,&quot;count&quot;:&quot;17&quot;,&quot;legendonly&quot;:&quot;&quot;,&quot;readonly&quot;:&quot;&quot;,&quot;score&quot;:&quot;4.7&quot;,&quot;starsonly&quot;:&quot;&quot;,&quot;best&quot;:&quot;5&quot;,&quot;gap&quot;:&quot;5&quot;,&quot;greet&quot;:&quot;Rate this product&quot;,&quot;legend&quot;:&quot;4.7\\\/5 - (17 votes)&quot;,&quot;size&quot;:&quot;24&quot;,&quot;title&quot;:&quot;Wood Pallet Block Production Line&quot;,&quot;width&quot;:&quot;133.8&quot;,&quot;_legend&quot;:&quot;{score}\\\/{best} - ({count} {votes})&quot;,&quot;font_factor&quot;:&quot;1.25&quot;}'>              <div class=\"kksr-stars\">      <div class=\"kksr-stars-inactive\">             <div class=\"kksr-star\" data-star=\"1\" style=\"padding-right: 5px\">               <div class=\"kksr-icon\" style=\"width: 24px; height: 24px;\"><\/div>         <\/div>             <div class=\"kksr-star\" data-star=\"2\" style=\"padding-right: 5px\">               <div class=\"kksr-icon\" style=\"width: 24px; height: 24px;\"><\/div>         <\/div>             <div class=\"kksr-star\" data-star=\"3\" style=\"padding-right: 5px\">               <div class=\"kksr-icon\" style=\"width: 24px; height: 24px;\"><\/div>         <\/div>             <div class=\"kksr-star\" data-star=\"4\" style=\"padding-right: 5px\">               <div class=\"kksr-icon\" style=\"width: 24px; height: 24px;\"><\/div>         <\/div>             <div class=\"kksr-star\" data-star=\"5\" style=\"padding-right: 5px\">               <div class=\"kksr-icon\" style=\"width: 24px; height: 24px;\"><\/div>         <\/div>     <\/div>      <div class=\"kksr-stars-active\" style=\"width: 133.8px;\">             <div class=\"kksr-star\" style=\"padding-right: 5px\">               <div class=\"kksr-icon\" style=\"width: 24px; height: 24px;\"><\/div>         <\/div>             <div class=\"kksr-star\" style=\"padding-right: 5px\">               <div class=\"kksr-icon\" style=\"width: 24px; height: 24px;\"><\/div>         <\/div>             <div class=\"kksr-star\" style=\"padding-right: 5px\">               <div class=\"kksr-icon\" style=\"width: 24px; height: 24px;\"><\/div>         <\/div>             <div class=\"kksr-star\" style=\"padding-right: 5px\">               <div class=\"kksr-icon\" style=\"width: 24px; height: 24px;\"><\/div>         <\/div>             <div class=\"kksr-star\" style=\"padding-right: 5px\">               <div class=\"kksr-icon\" style=\"width: 24px; height: 24px;\"><\/div>         <\/div>     <\/div> <\/div>                   <div class=\"kksr-legend\" style=\"font-size: 19.2px;\">             4,7\/5 - (17 voix)    <\/div>     <\/div>  <p class=\"translation-block\">La <strong>ligne de production de blocs de palettes en bois<\/strong> est une s\u00e9rie de machines et d'\u00e9quipements utilis\u00e9s pour produire des blocs de palettes en bois \u00e0 grande \u00e9chelle. La ligne de production comprend g\u00e9n\u00e9ralement un broyeur de bois, un s\u00e9choir, un m\u00e9langeur et une machine de fabrication de blocs de bois. La <strong>machine de fabrication de blocs de palettes en bois<\/strong> est l'un des \u00e9quipements cl\u00e9s de la ligne de production de blocs de palettes en bois. La mati\u00e8re premi\u00e8re de sa ligne de production est principalement du bois de rebut. En fait, toute une ligne de production est hautement automatis\u00e9e. Par cons\u00e9quent, son fonctionnement complet ne n\u00e9cessite que 4 \u00e0 5 membres de la famille. On peut constater que la ligne de production de blocs de palettes est un projet rentable. Si vous \u00eates int\u00e9ress\u00e9 par ce projet, veuillez nous contacter.<\/p>    <figure class=\"wp-block-image aligncenter size-full\"><img loading=\"lazy\" decoding=\"async\" width=\"720\" height=\"540\" src=\"https:\/\/charcoalplant.com\/wp-content\/uploads\/2022\/02\/Wood-Pallet-Blocks-Production-Line-1.jpg\" alt=\"ligne de production de blocs de palettes en bois\" class=\"wp-image-2510\"\/><figcaption class=\"wp-element-caption\">ligne de production de blocs de palettes en bois<\/figcaption><\/figure>    <h2 class=\"wp-block-heading\" id=\"h-raw-materials-for-sawdust-block-production-line\">Mati\u00e8res premi\u00e8res pour la ligne de fabrication de blocs de sciure de bois<\/h2>    <p>Les blocs de palettes en bois sont principalement constitu\u00e9s de sciure de bois, de copeaux, de d\u00e9chets de bois, de d\u00e9chets de bambou, de palettes de d\u00e9chets de bois et d'autres mat\u00e9riaux utilis\u00e9s comme mati\u00e8res premi\u00e8res. Par cons\u00e9quent, la ligne de production de blocs de palettes en bois pr\u00e9sente les caract\u00e9ristiques d\u2019un faible investissement. Seule la viscosit\u00e9 entre les mol\u00e9cules de la mati\u00e8re premi\u00e8re est plus forte. Les blocs de sciure de bois peuvent jouer un bon r\u00f4le porteur. Par cons\u00e9quent, les mati\u00e8res premi\u00e8res doivent \u00eatre m\u00e9lang\u00e9es avec de la colle dans une certaine proportion.<\/p>    <figure class=\"wp-block-gallery has-nested-images columns-default is-cropped wp-block-gallery-2 is-layout-flex wp-block-gallery-is-layout-flex\"> <figure class=\"wp-block-image size-large\"><img loading=\"lazy\" decoding=\"async\" width=\"720\" height=\"540\" data-id=\"2528\" src=\"https:\/\/charcoalplant.com\/wp-content\/uploads\/2022\/02\/sawdust-3.jpg\" alt=\"sciure\" class=\"wp-image-2528\"\/><figcaption class=\"wp-element-caption\">sciure<\/figcaption><\/figure>    <figure class=\"wp-block-image size-large\"><img loading=\"lazy\" decoding=\"async\" width=\"720\" height=\"540\" data-id=\"2529\" src=\"https:\/\/charcoalplant.com\/wp-content\/uploads\/2022\/02\/wood-shavings-1.jpg\" alt=\"copeaux de bois\" class=\"wp-image-2529\"\/><figcaption class=\"wp-element-caption\">copeaux de bois<\/figcaption><\/figure> <\/figure>    <h2 class=\"wp-block-heading\">Structure de la ligne de production de blocs de palettes en bois<\/h2>    <p><br>La ligne de production de blocs de palettes en bois se compose d'un broyeur de bois, d'un s\u00e9choir \u00e0 sciure, d'un m\u00e9langeur de colle, d'une machine de fabrication de blocs de bois et d'une machine de d\u00e9coupe automatique. (Pour r\u00e9f\u00e9rence seulement, la structure sp\u00e9cifique doit \u00eatre d\u00e9termin\u00e9e en fonction des mati\u00e8res premi\u00e8res). Ci-dessous, je pr\u00e9senterai ces appareils un par un.<\/p>    <div class=\"wp-block-columns has-background is-layout-flex wp-container-core-columns-is-layout-28f84493 wp-block-columns-is-layout-flex\" style=\"background-color:#f1f1f1\"> <div class=\"wp-block-column is-vertically-aligned-center is-layout-flow wp-block-column-is-layout-flow\" style=\"flex-basis:33.33%\"> <p class=\"translation-block\"><strong>Broyeur de bois<\/strong><\/p>    <p class=\"translation-block\">Si la mati\u00e8re premi\u00e8re du client est du bois en blocs, vous devez utiliser un <strong><a href=\"https:\/\/charcoalplant.com\/fr\/wood-wastes-recycling-machine\/wood-crusher-machine\/\">broyeur de bois<\/a><\/strong> ou une <strong>machine \u00e0 plaquettes<\/strong> pour pulv\u00e9riser la mati\u00e8re premi\u00e8re \u00e0 6-8 mm. Parce que cette taille de particules de bois est facile \u00e0 fa\u00e7onner. Ou utiliser directement de la sciure ou des copeaux qui r\u00e9pondent \u00e0 la taille des mati\u00e8res premi\u00e8res.<\/p> <\/div>    <div class=\"wp-block-column is-layout-flow wp-block-column-is-layout-flow\" style=\"flex-basis:66.66%\"> <figure class=\"wp-block-gallery has-nested-images columns-default is-cropped wp-block-gallery-3 is-layout-flex wp-block-gallery-is-layout-flex\"> <figure class=\"wp-block-image size-large\"><img loading=\"lazy\" decoding=\"async\" width=\"720\" height=\"540\" data-id=\"1898\" src=\"https:\/\/charcoalplant.com\/wp-content\/uploads\/2022\/01\/electric-wood-crushing-machine-for-sale.jpg\" alt=\"broyeur-de-bois-electrique-a-vendre\" class=\"wp-image-1898\" srcset=\"https:\/\/charcoalplant.com\/wp-content\/uploads\/2022\/01\/electric-wood-crushing-machine-for-sale.jpg 720w, https:\/\/charcoalplant.com\/wp-content\/uploads\/2022\/01\/electric-wood-crushing-machine-for-sale-300x225.jpg 300w\" sizes=\"auto, (max-width: 720px) 100vw, 720px\" \/><figcaption class=\"wp-element-caption\">broyeur-de-bois-electrique-a-vendre<\/figcaption><\/figure> <\/figure> <\/div> <\/div>    <div class=\"wp-block-columns has-background is-layout-flex wp-container-core-columns-is-layout-28f84493 wp-block-columns-is-layout-flex\" style=\"background-color:#f1f1f1\"> <div class=\"wp-block-column is-layout-flow wp-block-column-is-layout-flow\" style=\"flex-basis:66.66%\"> <figure class=\"wp-block-gallery has-nested-images columns-default is-cropped wp-block-gallery-4 is-layout-flex wp-block-gallery-is-layout-flex\"> <figure class=\"wp-block-image size-large\"><img loading=\"lazy\" decoding=\"async\" width=\"720\" height=\"540\" data-id=\"968\" src=\"https:\/\/charcoalplant.com\/wp-content\/uploads\/2021\/11\/Roller-1.jpg\" alt=\"Rouleau\" class=\"wp-image-968\" srcset=\"https:\/\/charcoalplant.com\/wp-content\/uploads\/2021\/11\/Roller-1.jpg 720w, https:\/\/charcoalplant.com\/wp-content\/uploads\/2021\/11\/Roller-1-300x225.jpg 300w\" sizes=\"auto, (max-width: 720px) 100vw, 720px\" \/><figcaption class=\"wp-element-caption\">Rouleau<\/figcaption><\/figure> <\/figure> <\/div>    <div class=\"wp-block-column is-vertically-aligned-center is-layout-flow wp-block-column-is-layout-flow\" style=\"flex-basis:33.33%\"> <p class=\"translation-block\"><strong>S\u00e9choir \u00e0 sciure<\/strong><\/p>    <p class=\"translation-block\">L'humidit\u00e9 de la sciure ou des copeaux de bois doit \u00eatre maintenue en dessous de 12%. Par cons\u00e9quent, si la teneur en humidit\u00e9 de la mati\u00e8re premi\u00e8re est sup\u00e9rieure \u00e0 12%, le client doit utiliser le <strong><a href=\"https:\/\/charcoalplant.com\/fr\/drying-machine\/rice-husk-dryer\/\">s\u00e9choir \u00e0 sciure<\/a><\/strong> pour s\u00e9cher la mati\u00e8re premi\u00e8re. (Le nombre de s\u00e9choirs est d\u00e9termin\u00e9 en fonction de l'humidit\u00e9 des mati\u00e8res premi\u00e8res, et peut \u00eatre augment\u00e9 de mani\u00e8re appropri\u00e9e)<\/p> <\/div> <\/div>    <div class=\"wp-block-columns has-background is-layout-flex wp-container-core-columns-is-layout-28f84493 wp-block-columns-is-layout-flex\" style=\"background-color:#f1f1f1\"> <div class=\"wp-block-column is-vertically-aligned-center is-layout-flow wp-block-column-is-layout-flow\" style=\"flex-basis:33.33%\"> <p class=\"translation-block\"><strong>M\u00e9langeur de colle<\/strong><\/p>    <p>Mettez les mati\u00e8res premi\u00e8res dans le m\u00e9langeur de colle et remuez continuellement avec une certaine proportion de colle \u00e0 travers l'\u00e9quipement. Apr\u00e8s 15 \u00e0 20 minutes, le m\u00e9lange est termin\u00e9 et le mat\u00e9riau est \u00e9vacu\u00e9 du fond du m\u00e9langeur de colle.<\/p> <\/div>    <div class=\"wp-block-column is-layout-flow wp-block-column-is-layout-flow\" style=\"flex-basis:66.66%\"> <figure class=\"wp-block-gallery has-nested-images columns-default is-cropped wp-block-gallery-5 is-layout-flex wp-block-gallery-is-layout-flex\"> <figure class=\"wp-block-image size-full\"><img loading=\"lazy\" decoding=\"async\" width=\"720\" height=\"540\" data-id=\"2349\" src=\"https:\/\/charcoalplant.com\/wp-content\/uploads\/2022\/02\/glue-mixer-1.jpg\" alt=\"m\u00e9langeur de colle\" class=\"wp-image-2349\"\/><figcaption class=\"wp-element-caption\">m\u00e9langeur de colle<\/figcaption><\/figure> <\/figure> <\/div> <\/div>    <div class=\"wp-block-columns has-background is-layout-flex wp-container-core-columns-is-layout-28f84493 wp-block-columns-is-layout-flex\" style=\"background-color:#f1f1f1\"> <div class=\"wp-block-column is-layout-flow wp-block-column-is-layout-flow\" style=\"flex-basis:66.66%\"> <figure class=\"wp-block-gallery has-nested-images columns-default is-cropped wp-block-gallery-6 is-layout-flex wp-block-gallery-is-layout-flex\"> <figure class=\"wp-block-image size-large\"><img loading=\"lazy\" decoding=\"async\" width=\"720\" height=\"540\" data-id=\"2325\" src=\"https:\/\/charcoalplant.com\/wp-content\/uploads\/2022\/02\/wood-block-machine-plant.jpg\" alt=\"usine de machines \u00e0 blocs de bois\" class=\"wp-image-2325\"\/><figcaption class=\"wp-element-caption\">usine de machines \u00e0 blocs de bois<\/figcaption><\/figure> <\/figure> <\/div>    <div class=\"wp-block-column is-vertically-aligned-center is-layout-flow wp-block-column-is-layout-flow\" style=\"flex-basis:33.33%\"> <p><strong><a href=\"https:\/\/charcoalplant.com\/fr\/product\/wood-pallet-block-making-machine\/\">Machine de fabrication de blocs de bois<\/a><\/strong><\/p>    <p>Les mati\u00e8res premi\u00e8res trait\u00e9es sont press\u00e9es \u00e0 chaud par une machine \u00e0 blocs de bois pour former des blocs de palettes en bois. G\u00e9n\u00e9ralement, une ligne de production est \u00e9quip\u00e9e de quatre presses \u00e0 chaud. Par cons\u00e9quent, les clients peuvent choisir plusieurs machines de fabrication de blocs de bois dans la ligne de production.<\/p> <\/div> <\/div>    <h2 class=\"wp-block-heading\">Types de machine de d\u00e9coupe de blocs compress\u00e9s<\/h2>    <p class=\"translation-block\"><strong>blocs de palettes en bois pour scie \u00e0 lame unique<\/strong><br>Ce type de scie est g\u00e9n\u00e9ralement plac\u00e9 \u00e0 la sortie de la machine \u00e0 plaquettes. Et il est \u00e9galement manuel et automatique. Sa fonction principale est de couper les blocs de sciure extrud\u00e9s en longueurs uniformes pour la vente ou l'empilage. De plus, notre usine peut \u00e9quiper les clients de diverses machines de coupe de blocs de sciure.<\/p>    <figure class=\"wp-block-gallery has-nested-images columns-default is-cropped wp-block-gallery-7 is-layout-flex wp-block-gallery-is-layout-flex\"> <figure class=\"wp-block-image size-large\"><img loading=\"lazy\" decoding=\"async\" width=\"720\" height=\"540\" data-id=\"2520\" src=\"https:\/\/charcoalplant.com\/wp-content\/uploads\/2022\/02\/sigle-blade-saw-1.jpg\" alt=\"scie \u00e0 lame unique\" class=\"wp-image-2520\"\/><figcaption class=\"wp-element-caption\">scie \u00e0 lame unique<\/figcaption><\/figure>    <figure class=\"wp-block-image size-large\"><img loading=\"lazy\" decoding=\"async\" width=\"720\" height=\"540\" data-id=\"2519\" src=\"https:\/\/charcoalplant.com\/wp-content\/uploads\/2022\/02\/wood-block-production-line.jpg\" alt=\"ligne de production de blocs de bois\" class=\"wp-image-2519\"\/><figcaption class=\"wp-element-caption\">ligne de production de blocs de bois<\/figcaption><\/figure> <\/figure>    <p class=\"translation-block\"><strong>blocs de palettes en bois pour scie automatique \u00e0 lames multiples<\/strong><\/p>    <p>Coupe-bloc de palettes en bois (mod\u00e8le multi-lames), peut \u00eatre utilis\u00e9 pour couper des blocs de palettes en particules, du bois massif, du bois multicouche, du contreplaqu\u00e9. La machine pr\u00e9sente les avantages suivants : moins de poussi\u00e8re, un fonctionnement stable, un rendement \u00e9lev\u00e9 et un fonctionnement simple. Par cons\u00e9quent, il s\u2019agit d\u2019un \u00e9quipement de traitement indispensable pour la cha\u00eene de production de blocs de palettes en bois.<\/p>    <figure class=\"wp-block-gallery has-nested-images columns-default is-cropped wp-block-gallery-8 is-layout-flex wp-block-gallery-is-layout-flex\"> <figure class=\"wp-block-image size-large\"><img loading=\"lazy\" decoding=\"async\" width=\"720\" height=\"540\" data-id=\"2521\" src=\"https:\/\/charcoalplant.com\/wp-content\/uploads\/2022\/02\/multi-blade-saw.jpg\" alt=\"scie multi-lames\" class=\"wp-image-2521\"\/><figcaption class=\"wp-element-caption\">scie multi-lames<\/figcaption><\/figure>    <figure class=\"wp-block-image size-large\"><img loading=\"lazy\" decoding=\"async\" width=\"720\" height=\"540\" data-id=\"2522\" src=\"https:\/\/charcoalplant.com\/wp-content\/uploads\/2022\/02\/wood-pallet-block-.jpg\" alt=\"bloc de palettes en bois\" class=\"wp-image-2522\"\/><figcaption class=\"wp-element-caption\">bloc de palettes en bois<\/figcaption><\/figure> <\/figure>    <h2 class=\"wp-block-heading\">Ligne de production de blocs de palettes en bois \u00e0 vendre<\/h2>    <p class=\"translation-block\"><a href=\"https:\/\/charcoalplant.com\/fr\/\">Shuliy Machinery<\/a> fournit aux clients des solutions de ligne de production de blocs de palettes en bois. De plus, je suis un appareil direct d'usine. Par cons\u00e9quent, nous offrons un service de pi\u00e8ces d\u00e9tach\u00e9es \u00e0 vie. En plus de la production de machines \u00e0 blocs de bois, nous produisons \u00e9galement divers \u00e9quipements de transformation du bois. En r\u00e9sum\u00e9, soyez assur\u00e9 que notre personnel s\u2019occupera des services d\u2019exp\u00e9dition et d\u2019installation. N\u2019h\u00e9sitez pas \u00e0 nous contacter pour plus de d\u00e9tails.<\/p>    <figure class=\"wp-block-gallery has-nested-images columns-2 is-cropped wp-block-gallery-9 is-layout-flex wp-block-gallery-is-layout-flex\"> <figure class=\"wp-block-image size-large\"><img loading=\"lazy\" decoding=\"async\" width=\"720\" height=\"540\" data-id=\"2525\" src=\"https:\/\/charcoalplant.com\/wp-content\/uploads\/2022\/02\/saw.jpg\" alt=\"scie\" class=\"wp-image-2525\"\/><figcaption class=\"wp-element-caption\">scie<\/figcaption><\/figure>    <figure class=\"wp-block-image size-large\"><img loading=\"lazy\" decoding=\"async\" width=\"720\" height=\"540\" data-id=\"2524\" src=\"https:\/\/charcoalplant.com\/wp-content\/uploads\/2022\/02\/shippment-4.jpg\" alt=\"exp\u00e9dition\" class=\"wp-image-2524\"\/><figcaption class=\"wp-element-caption\">exp\u00e9dition<\/figcaption><\/figure>    <figure class=\"wp-block-image size-large\"><img loading=\"lazy\" decoding=\"async\" width=\"720\" height=\"540\" data-id=\"2526\" src=\"https:\/\/charcoalplant.com\/wp-content\/uploads\/2022\/02\/wood-pallet-blocks-production-line-show.jpg\" alt=\"exposition de la ligne de production de blocs de palettes en bois\" class=\"wp-image-2526\"\/><figcaption class=\"wp-element-caption\">exposition de la ligne de production de blocs de palettes en bois<\/figcaption><\/figure>    <figure class=\"wp-block-image size-large\"><img loading=\"lazy\" decoding=\"async\" width=\"720\" height=\"540\" data-id=\"2527\" src=\"https:\/\/charcoalplant.com\/wp-content\/uploads\/2022\/02\/wood-pallet-blocks-plant-shipping.jpg\" alt=\"exp\u00e9dition d&#039;usine de blocs de palettes en bois\" class=\"wp-image-2527\"\/><figcaption class=\"wp-element-caption\">exp\u00e9dition d'usine de blocs de palettes en bois<\/figcaption><\/figure> <\/figure>    <h2 class=\"wp-block-heading\">Exposition de blocs de sciure de bois<\/h2>    <figure class=\"wp-block-image aligncenter size-full\"><img loading=\"lazy\" decoding=\"async\" width=\"720\" height=\"540\" src=\"https:\/\/charcoalplant.com\/wp-content\/uploads\/2022\/02\/sawdust-pallet-block.jpg\" alt=\"bloc-palette-sciure\" class=\"wp-image-2531\"\/><figcaption class=\"wp-element-caption\">bloc-palette-sciure<\/figcaption><\/figure>    <h2 class=\"wp-block-heading\">Conclusion <\/h2>    <p>La ligne de production de blocs de palettes en bois est automatis\u00e9e pour garantir un processus de production coh\u00e9rent et efficace. Le produit final de la ligne de fabrication de blocs de bois est constitu\u00e9 de blocs de palettes en bois pr\u00eats \u00e0 \u00eatre utilis\u00e9s dans diverses industries. Nous fournissons d\u2019excellentes machines \u00e0 blocs de bois et des conseils pour r\u00e9pondre \u00e0 vos besoins. Bienvenue \u00e0 nous contacter pour le meilleur prix.<\/p>","protected":false},"excerpt":{"rendered":"<p>Wood pallet block production line is a series of machines and equipment that are used to produce wooden pallet blocks on a large scale. The production line typically includes a wood crusher, a dryer, a mixer, and a wood block making machine. Wood pallet block making machine is one of the key pieces of equipment [&hellip;]<\/p>\n","protected":false},"author":1,"featured_media":2508,"parent":0,"template":"","tags":[64],"product-type":[53],"class_list":["post-2505","product","type-product","status-publish","has-post-thumbnail","hentry","tag-wood-wastes-recycling-machine","product-type-product-line"],"_links":{"self":[{"href":"https:\/\/charcoalplant.com\/fr\/wp-json\/wp\/v2\/product\/2505","targetHints":{"allow":["GET"]}}],"collection":[{"href":"https:\/\/charcoalplant.com\/fr\/wp-json\/wp\/v2\/product"}],"about":[{"href":"https:\/\/charcoalplant.com\/fr\/wp-json\/wp\/v2\/types\/product"}],"author":[{"embeddable":true,"href":"https:\/\/charcoalplant.com\/fr\/wp-json\/wp\/v2\/users\/1"}],"wp:featuredmedia":[{"embeddable":true,"href":"https:\/\/charcoalplant.com\/fr\/wp-json\/wp\/v2\/media\/2508"}],"wp:attachment":[{"href":"https:\/\/charcoalplant.com\/fr\/wp-json\/wp\/v2\/media?parent=2505"}],"wp:term":[{"taxonomy":"post_tag","embeddable":true,"href":"https:\/\/charcoalplant.com\/fr\/wp-json\/wp\/v2\/tags?post=2505"},{"taxonomy":"product-type","embeddable":true,"href":"https:\/\/charcoalplant.com\/fr\/wp-json\/wp\/v2\/product-type?post=2505"}],"curies":[{"name":"wp","href":"https:\/\/api.w.org\/{rel}","templated":true}]}}