{"id":2947,"date":"2022-03-21T10:40:58","date_gmt":"2022-03-21T10:40:58","guid":{"rendered":"https:\/\/charcoalplant.com\/?post_type=product&#038;p=2947"},"modified":"2023-01-16T15:21:47","modified_gmt":"2023-01-16T07:21:47","slug":"dry-lime-powder-briquetting-machine","status":"publish","type":"product","link":"https:\/\/charcoalplant.com\/fr\/product\/dry-lime-powder-briquetting-machine-iron-dust-ball-for-smelting-plant\/","title":{"rendered":"Machine \u00e0 briquettes de poudre de chaux s\u00e8che | Boule de poussi\u00e8re de fer pour fonderie"},"content":{"rendered":"<div class=\"kk-star-ratings kksr-auto kksr-align-left kksr-valign-top\"     data-payload='{&quot;align&quot;:&quot;left&quot;,&quot;id&quot;:&quot;2947&quot;,&quot;slug&quot;:&quot;default&quot;,&quot;valign&quot;:&quot;top&quot;,&quot;ignore&quot;:&quot;&quot;,&quot;reference&quot;:&quot;auto&quot;,&quot;class&quot;:&quot;&quot;,&quot;count&quot;:&quot;5&quot;,&quot;legendonly&quot;:&quot;&quot;,&quot;readonly&quot;:&quot;&quot;,&quot;score&quot;:&quot;4.8&quot;,&quot;starsonly&quot;:&quot;&quot;,&quot;best&quot;:&quot;5&quot;,&quot;gap&quot;:&quot;5&quot;,&quot;greet&quot;:&quot;Rate this product&quot;,&quot;legend&quot;:&quot;4.8\\\/5 - (5 votes)&quot;,&quot;size&quot;:&quot;24&quot;,&quot;title&quot;:&quot;Dry Lime Powder Briquetting Machine | Iron Dust Ball for Smelting Plant&quot;,&quot;width&quot;:&quot;136.7&quot;,&quot;_legend&quot;:&quot;{score}\\\/{best} - ({count} {votes})&quot;,&quot;font_factor&quot;:&quot;1.25&quot;}'>              <div class=\"kksr-stars\">      <div class=\"kksr-stars-inactive\">             <div class=\"kksr-star\" data-star=\"1\" style=\"padding-right: 5px\">               <div class=\"kksr-icon\" style=\"width: 24px; height: 24px;\"><\/div>         <\/div>             <div class=\"kksr-star\" data-star=\"2\" style=\"padding-right: 5px\">               <div class=\"kksr-icon\" style=\"width: 24px; height: 24px;\"><\/div>         <\/div>             <div class=\"kksr-star\" data-star=\"3\" style=\"padding-right: 5px\">               <div class=\"kksr-icon\" style=\"width: 24px; height: 24px;\"><\/div>         <\/div>             <div class=\"kksr-star\" data-star=\"4\" style=\"padding-right: 5px\">               <div class=\"kksr-icon\" style=\"width: 24px; height: 24px;\"><\/div>         <\/div>             <div class=\"kksr-star\" data-star=\"5\" style=\"padding-right: 5px\">               <div class=\"kksr-icon\" style=\"width: 24px; height: 24px;\"><\/div>         <\/div>     <\/div>      <div class=\"kksr-stars-active\" style=\"width: 136.7px;\">             <div class=\"kksr-star\" style=\"padding-right: 5px\">               <div class=\"kksr-icon\" style=\"width: 24px; height: 24px;\"><\/div>         <\/div>             <div class=\"kksr-star\" style=\"padding-right: 5px\">               <div class=\"kksr-icon\" style=\"width: 24px; height: 24px;\"><\/div>         <\/div>             <div class=\"kksr-star\" style=\"padding-right: 5px\">               <div class=\"kksr-icon\" style=\"width: 24px; height: 24px;\"><\/div>         <\/div>             <div class=\"kksr-star\" style=\"padding-right: 5px\">               <div class=\"kksr-icon\" style=\"width: 24px; height: 24px;\"><\/div>         <\/div>             <div class=\"kksr-star\" style=\"padding-right: 5px\">               <div class=\"kksr-icon\" style=\"width: 24px; height: 24px;\"><\/div>         <\/div>     <\/div> <\/div>                   <div class=\"kksr-legend\" style=\"font-size: 19.2px;\">             4,8\/5 - (5 votes)    <\/div>     <\/div>  <p class=\"translation-block\"><strong>La machine de briquetage de poudre s\u00e8che<\/strong> peut compresser des mat\u00e9riaux en poudre granulaires en briquettes de diff\u00e9rentes formes. Par exemple, cylindriques, ovales, sph\u00e9riques, carr\u00e9es, etc. Et elle se distingue de la <strong><a href=\"https:\/\/charcoalplant.com\/fr\/product\/charcoal-ball-press-machine\/\">machine de formage ordinaire de poudre de charbon de bois<\/a><\/strong> par ses caract\u00e9ristiques de haute pression et son bon effet de moulage. Par cons\u00e9quent, elle est principalement utilis\u00e9e pour presser des mat\u00e9riaux en poudre difficiles \u00e0 former. Tels que la poudre de charbon; la poudre min\u00e9rale; le gypse de d\u00e9sulfuration; la poudre de coke; les copeaux de fer et le moulage de divers scories m\u00e9talliques. De plus, l'utilisation de machines \u00e0 briqueter la poudre de chaux s\u00e8che peut r\u00e9duire la poussi\u00e8re industrielle, contr\u00f4ler la densit\u00e9 apparente et faciliter la r\u00e9cup\u00e9ration et le transport. Nous sommes sp\u00e9cialis\u00e9s dans la fabrication de toutes sortes d'\u00e9quipements de recyclage. Si vous \u00eates int\u00e9ress\u00e9, veuillez nous contacter d\u00e8s maintenant.<\/p>    <figure class=\"wp-block-image aligncenter size-full\"><img loading=\"lazy\" decoding=\"async\" width=\"720\" height=\"540\" src=\"https:\/\/charcoalplant.com\/wp-content\/uploads\/2022\/03\/dry-powder-briquettebriquetting-machine-for-sale.jpg\" alt=\"Machine \u00e0 briquettes de poudre s\u00e8che \u00e0 vendre\" class=\"wp-image-2949\"\/><figcaption class=\"wp-element-caption\">machine \u00e0 briquettes de poudre s\u00e8che \u00e0 vendre<\/figcaption><\/figure>    <h2 class=\"wp-block-heading\" id=\"h-raw-materials-for-dry-lime-powder-briquetting-machine\"><strong>Mati\u00e8res premi\u00e8res pour sec<\/strong><strong>\u00a0citron vert<\/strong><strong>\u00a0machine \u00e0 briquettes de poudre<\/strong><\/h2>    <p>Les sources de mati\u00e8res premi\u00e8res pouvant \u00eatre trait\u00e9es par la machine \u00e0 briquettes de poudre de fer comprennent les r\u00e9sidus de d\u00e9chets de chantier de construction, les r\u00e9sidus de fonderie, les d\u00e9chets d'usines chimiques, etc. Par exemple, la poudre de charbon, la poudre d'aluminium, la gangue de charbon, les r\u00e9sidus, la poudre de coke, l'oxyde de fer. , copeaux de magn\u00e9sium, poudre de chaux vive, boues, graphite, engrais, etc.<\/p>    <figure class=\"wp-block-image aligncenter size-full is-resized\"><img loading=\"lazy\" decoding=\"async\" src=\"https:\/\/charcoalplant.com\/wp-content\/uploads\/2022\/03\/dry-lime-powder-briquetting-machine-raw-material-1.png\" alt=\"Mati\u00e8re premi\u00e8re de machine \u00e0 briquettes de poudre de chaux s\u00e8che\" class=\"wp-image-2951\" width=\"658\" height=\"493\"\/><figcaption class=\"wp-element-caption\">Mati\u00e8re premi\u00e8re de machine \u00e0 briquettes de poudre de chaux s\u00e8che<\/figcaption><\/figure>    <h2 class=\"wp-block-heading\" id=\"h-structure-of-iron-dust-ball-press\"><strong>S<\/strong><strong>structure de fer <\/strong><strong>poussi\u00e8re<\/strong><strong>&nbsp;presse \u00e0 billes<\/strong><strong><\/strong><\/h2>    <div class=\"wp-block-columns has-background is-layout-flex wp-container-core-columns-is-layout-28f84493 wp-block-columns-is-layout-flex\" style=\"background-color:#f1f1f1\"> <div class=\"wp-block-column is-vertically-aligned-center is-layout-flow wp-block-column-is-layout-flow\" style=\"flex-basis:33.33%\"> <p class=\"translation-block\"><strong>Orifice d'alimentation forc\u00e9e<\/strong><\/p>    <p>L'orifice d'alimentation de la machine de moulage de poudre s\u00e8che est dot\u00e9 d'un dispositif d'alimentation \u00e0 vis. En raison de la faible densit\u00e9 des mati\u00e8res premi\u00e8res en poudre. Par cons\u00e9quent, il est n\u00e9cessaire de remuer pour \u00e9viter le colmatage de l\u2019\u00e9quipement ou une alimentation in\u00e9gale.<\/p> <\/div>    <div class=\"wp-block-column is-layout-flow wp-block-column-is-layout-flow\" style=\"flex-basis:66.66%\"> <figure class=\"wp-block-image size-full\"><img loading=\"lazy\" decoding=\"async\" width=\"720\" height=\"540\" src=\"https:\/\/charcoalplant.com\/wp-content\/uploads\/2022\/03\/sew-feeding.jpg\" alt=\"\" class=\"wp-image-2959\"\/><\/figure> <\/div> <\/div>    <div class=\"wp-block-columns has-background is-layout-flex wp-container-core-columns-is-layout-28f84493 wp-block-columns-is-layout-flex\" style=\"background-color:#f1f1f1\"> <div class=\"wp-block-column is-layout-flow wp-block-column-is-layout-flow\" style=\"flex-basis:66.66%\"> <figure class=\"wp-block-image size-full\"><img loading=\"lazy\" decoding=\"async\" width=\"720\" height=\"540\" src=\"https:\/\/charcoalplant.com\/wp-content\/uploads\/2022\/03\/mould.jpg\" alt=\"\" class=\"wp-image-2960\"\/><\/figure> <\/div>    <div class=\"wp-block-column is-vertically-aligned-center is-layout-flow wp-block-column-is-layout-flow\" style=\"flex-basis:33.33%\"> <p class=\"translation-block\"><strong>Rouleau de pression<\/strong><\/p>    <p>La machine \u00e0 briquettes de poudre s\u00e8che a des rouleaux \u00e9troits et une petite zone de contact. Par cons\u00e9quent, la pression sur la chaux et la poudre m\u00e9tallique, etc. est plus concentr\u00e9e et la pression est plus \u00e9lev\u00e9e.<\/p> <\/div> <\/div>    <div class=\"wp-block-columns has-background is-layout-flex wp-container-core-columns-is-layout-28f84493 wp-block-columns-is-layout-flex\" style=\"background-color:#f1f1f1\"> <div class=\"wp-block-column is-vertically-aligned-center is-layout-flow wp-block-column-is-layout-flow\" style=\"flex-basis:33.33%\"> <p class=\"translation-block\"><strong>Dispositif de pression hydraulique<\/strong><\/p>    <p>Sa fonction est de contr\u00f4ler l'\u00e9cart entre les rouleaux. En fait, il agit aussi indirectement comme un pressuriseur.<\/p> <\/div>    <div class=\"wp-block-column is-layout-flow wp-block-column-is-layout-flow\" style=\"flex-basis:66.66%\"> <figure class=\"wp-block-gallery has-nested-images columns-default is-cropped wp-block-gallery-2 is-layout-flex wp-block-gallery-is-layout-flex\"> <figure class=\"wp-block-image size-large\"><img loading=\"lazy\" decoding=\"async\" width=\"720\" height=\"540\" data-id=\"2961\" src=\"https:\/\/charcoalplant.com\/wp-content\/uploads\/2022\/03\/hydraulic.jpg\" alt=\"\" class=\"wp-image-2961\"\/><\/figure> <\/figure> <\/div> <\/div>    <h2 class=\"wp-block-heading\" id=\"h-dry-powder-lime-briquetting-machine-mould\"><strong>Moule de machine \u00e0 briquettes de chaux en poudre s\u00e8che<\/strong><strong><\/strong><\/h2>    <p>Afin de r\u00e9pondre aux besoins des clients, notre usine propose un service personnalis\u00e9 pour les moules de presse \u00e0 billes. Y compris la taille, la forme, le motif, le texte, etc. de la peau du rouleau. Il existe diff\u00e9rents types de peaux de rouleaux illustr\u00e9s ci-dessous (pour r\u00e9f\u00e9rence).<\/p>    <figure class=\"wp-block-gallery has-nested-images columns-2 is-cropped wp-block-gallery-3 is-layout-flex wp-block-gallery-is-layout-flex\"> <figure class=\"wp-block-image size-large\"><img loading=\"lazy\" decoding=\"async\" width=\"720\" height=\"540\" data-id=\"2964\" src=\"https:\/\/charcoalplant.com\/wp-content\/uploads\/2022\/03\/cylindrical.jpg\" alt=\"cylindrique\" class=\"wp-image-2964\"\/><figcaption class=\"wp-element-caption\">cylindrique<\/figcaption><\/figure>    <figure class=\"wp-block-image size-large\"><img loading=\"lazy\" decoding=\"async\" width=\"720\" height=\"540\" data-id=\"2965\" src=\"https:\/\/charcoalplant.com\/wp-content\/uploads\/2022\/03\/iron-powder-mold.jpg\" alt=\"moule \u00e0 poudre de fer\" class=\"wp-image-2965\"\/><figcaption class=\"wp-element-caption\">moule \u00e0 poudre de fer<\/figcaption><\/figure>    <figure class=\"wp-block-image size-large\"><img loading=\"lazy\" decoding=\"async\" width=\"720\" height=\"540\" data-id=\"2962\" src=\"https:\/\/charcoalplant.com\/wp-content\/uploads\/2022\/03\/mold-with-a-diameter-of-6cm.jpg\" alt=\"moule-d-un-diam\u00e8tre-de-6cm\" class=\"wp-image-2962\"\/><figcaption class=\"wp-element-caption\">moule-d-un-diam\u00e8tre-de-6cm<\/figcaption><\/figure>    <figure class=\"wp-block-image size-large\"><img loading=\"lazy\" decoding=\"async\" width=\"720\" height=\"540\" data-id=\"2963\" src=\"https:\/\/charcoalplant.com\/wp-content\/uploads\/2022\/03\/pillow-shape.jpg\" alt=\"en forme d&#039;oreiller\" class=\"wp-image-2963\"\/><figcaption class=\"wp-element-caption\">en forme d'oreiller<\/figcaption><\/figure> <\/figure>    <h2 class=\"wp-block-heading\" id=\"h-iron-dust-ball-for-smelting-plant\"><strong>Boule de poussi\u00e8re de fer pour fonderie<\/strong><\/h2>    <p>La machine \u00e0 briquettes de poudre de fer est une machine polyvalente. Il peut ainsi r\u00e9cup\u00e9rer diverses poudres m\u00e9talliques. Les boules de poudre mentale peuvent \u00eatre fondues pour refaire des pi\u00e8ces m\u00e9caniques ou des racks. Les fonderies recyclent \u00e9galement souvent les scories de d\u00e9chets m\u00e9talliques industriels pour les retraiter. De cette mani\u00e8re, les ressources m\u00e9talliques que le monde peut \u00e9conomiser chaque ann\u00e9e sont incommensurables.<\/p>    <figure class=\"wp-block-gallery has-nested-images columns-default is-cropped wp-block-gallery-4 is-layout-flex wp-block-gallery-is-layout-flex\"> <figure class=\"wp-block-image size-large\"><img loading=\"lazy\" decoding=\"async\" width=\"720\" height=\"540\" data-id=\"2972\" src=\"https:\/\/charcoalplant.com\/wp-content\/uploads\/2022\/03\/iron-ball-melting.jpg\" alt=\"\" class=\"wp-image-2972\"\/><\/figure>    <figure class=\"wp-block-image size-large\"><img loading=\"lazy\" decoding=\"async\" width=\"720\" height=\"540\" data-id=\"2971\" src=\"https:\/\/charcoalplant.com\/wp-content\/uploads\/2022\/03\/Foundry.jpg\" alt=\"\" class=\"wp-image-2971\"\/><\/figure> <\/figure>    <h2 class=\"wp-block-heading\">Notre usine<\/h2>    <figure class=\"wp-block-image aligncenter size-full\"><img loading=\"lazy\" decoding=\"async\" width=\"691\" height=\"482\" src=\"https:\/\/charcoalplant.com\/wp-content\/uploads\/2022\/03\/machine-show-1.png\" alt=\"\" class=\"wp-image-2970\"\/><\/figure>    <figure class=\"wp-block-gallery has-nested-images columns-default is-cropped wp-block-gallery-5 is-layout-flex wp-block-gallery-is-layout-flex\"> <figure class=\"wp-block-image size-full\"><img loading=\"lazy\" decoding=\"async\" width=\"720\" height=\"540\" data-id=\"2969\" src=\"https:\/\/charcoalplant.com\/wp-content\/uploads\/2022\/03\/dryer-powder-machine-plant-2.jpg\" alt=\"\" class=\"wp-image-2969\"\/><\/figure>    <figure class=\"wp-block-image size-large\"><img loading=\"lazy\" decoding=\"async\" width=\"720\" height=\"540\" data-id=\"2967\" src=\"https:\/\/charcoalplant.com\/wp-content\/uploads\/2022\/03\/iron-dust-molding-machine-for-sale.jpg\" alt=\"\" class=\"wp-image-2967\"\/><\/figure> <\/figure>","protected":false},"excerpt":{"rendered":"<p>La machine \u00e0 briquettes de poudre s\u00e8che peut comprimer des mat\u00e9riaux en poudre granulaire en briquettes de diff\u00e9rentes formes. <\/p>","protected":false},"author":1,"featured_media":2949,"parent":0,"template":"","tags":[59],"product-type":[44],"class_list":["post-2947","product","type-product","status-publish","has-post-thumbnail","hentry","tag-charcoal-briquetting-machine","product-type-charcoal-briquetting-machine"],"_links":{"self":[{"href":"https:\/\/charcoalplant.com\/fr\/wp-json\/wp\/v2\/product\/2947","targetHints":{"allow":["GET"]}}],"collection":[{"href":"https:\/\/charcoalplant.com\/fr\/wp-json\/wp\/v2\/product"}],"about":[{"href":"https:\/\/charcoalplant.com\/fr\/wp-json\/wp\/v2\/types\/product"}],"author":[{"embeddable":true,"href":"https:\/\/charcoalplant.com\/fr\/wp-json\/wp\/v2\/users\/1"}],"wp:featuredmedia":[{"embeddable":true,"href":"https:\/\/charcoalplant.com\/fr\/wp-json\/wp\/v2\/media\/2949"}],"wp:attachment":[{"href":"https:\/\/charcoalplant.com\/fr\/wp-json\/wp\/v2\/media?parent=2947"}],"wp:term":[{"taxonomy":"post_tag","embeddable":true,"href":"https:\/\/charcoalplant.com\/fr\/wp-json\/wp\/v2\/tags?post=2947"},{"taxonomy":"product-type","embeddable":true,"href":"https:\/\/charcoalplant.com\/fr\/wp-json\/wp\/v2\/product-type?post=2947"}],"curies":[{"name":"wp","href":"https:\/\/api.w.org\/{rel}","templated":true}]}}