{"id":580,"date":"2021-11-20T09:56:14","date_gmt":"2021-11-20T09:56:14","guid":{"rendered":"https:\/\/charcoalplant.com\/?p=580"},"modified":"2023-01-14T15:08:17","modified_gmt":"2023-01-14T07:08:17","slug":"log-chipper","status":"publish","type":"product","link":"https:\/\/charcoalplant.com\/fr\/product\/log-chipper\/","title":{"rendered":"D\u00e9chiqueteuse de b\u00fbches | Machine de d\u00e9coupe de copeaux de bois"},"content":{"rendered":"<div class=\"kk-star-ratings kksr-auto kksr-align-left kksr-valign-top\"     data-payload='{&quot;align&quot;:&quot;left&quot;,&quot;id&quot;:&quot;580&quot;,&quot;slug&quot;:&quot;default&quot;,&quot;valign&quot;:&quot;top&quot;,&quot;ignore&quot;:&quot;&quot;,&quot;reference&quot;:&quot;auto&quot;,&quot;class&quot;:&quot;&quot;,&quot;count&quot;:&quot;17&quot;,&quot;legendonly&quot;:&quot;&quot;,&quot;readonly&quot;:&quot;&quot;,&quot;score&quot;:&quot;4.5&quot;,&quot;starsonly&quot;:&quot;&quot;,&quot;best&quot;:&quot;5&quot;,&quot;gap&quot;:&quot;5&quot;,&quot;greet&quot;:&quot;Rate this product&quot;,&quot;legend&quot;:&quot;4.5\\\/5 - (17 votes)&quot;,&quot;size&quot;:&quot;24&quot;,&quot;title&quot;:&quot;Log Chipper | Wood Chips Cutting Machine&quot;,&quot;width&quot;:&quot;128&quot;,&quot;_legend&quot;:&quot;{score}\\\/{best} - ({count} {votes})&quot;,&quot;font_factor&quot;:&quot;1.25&quot;}'>              <div class=\"kksr-stars\">      <div class=\"kksr-stars-inactive\">             <div class=\"kksr-star\" data-star=\"1\" style=\"padding-right: 5px\">               <div class=\"kksr-icon\" style=\"width: 24px; height: 24px;\"><\/div>         <\/div>             <div class=\"kksr-star\" data-star=\"2\" style=\"padding-right: 5px\">               <div class=\"kksr-icon\" style=\"width: 24px; height: 24px;\"><\/div>         <\/div>             <div class=\"kksr-star\" data-star=\"3\" style=\"padding-right: 5px\">               <div class=\"kksr-icon\" style=\"width: 24px; height: 24px;\"><\/div>         <\/div>             <div class=\"kksr-star\" data-star=\"4\" style=\"padding-right: 5px\">               <div class=\"kksr-icon\" style=\"width: 24px; height: 24px;\"><\/div>         <\/div>             <div class=\"kksr-star\" data-star=\"5\" style=\"padding-right: 5px\">               <div class=\"kksr-icon\" style=\"width: 24px; height: 24px;\"><\/div>         <\/div>     <\/div>      <div class=\"kksr-stars-active\" style=\"width: 128px;\">             <div class=\"kksr-star\" style=\"padding-right: 5px\">               <div class=\"kksr-icon\" style=\"width: 24px; height: 24px;\"><\/div>         <\/div>             <div class=\"kksr-star\" style=\"padding-right: 5px\">               <div class=\"kksr-icon\" style=\"width: 24px; height: 24px;\"><\/div>         <\/div>             <div class=\"kksr-star\" style=\"padding-right: 5px\">               <div class=\"kksr-icon\" style=\"width: 24px; height: 24px;\"><\/div>         <\/div>             <div class=\"kksr-star\" style=\"padding-right: 5px\">               <div class=\"kksr-icon\" style=\"width: 24px; height: 24px;\"><\/div>         <\/div>             <div class=\"kksr-star\" style=\"padding-right: 5px\">               <div class=\"kksr-icon\" style=\"width: 24px; height: 24px;\"><\/div>         <\/div>     <\/div> <\/div>                   <div class=\"kksr-legend\" style=\"font-size: 19.2px;\">             4,5\/5 - (17 voix)    <\/div>     <\/div>  <p class=\"translation-block\"><strong>Broyeur de b\u00fbches <\/strong>est une machine importante dans la ligne de production de bois et le processus de retraitement du bois. Sa fonction est de couper le bois, les branches et le bambou en morceaux de m\u00eame \u00e9paisseur et de m\u00eame taille gr\u00e2ce au couteau rotatif et au couteau fixe. Ces copeaux de bois sont utilis\u00e9s dans la fabrication du papier, la combustion de carburant, etc., et sont tr\u00e8s demand\u00e9s. Nous fournissons \u00e0 nos clients des machines \u00e0 copeaux de bois de haute qualit\u00e9, \u00e9conomes en \u00e9nergie et faciles \u00e0 utiliser. Bienvenue \u00e0 nous consulter, nous vous fournirons <strong><a href=\"https:\/\/charcharcoalplant.com\/news\/how-much-is-a-log-shredder\/\">des prix abordables<\/a><\/strong>.<\/p>    <h2 class=\"wp-block-heading\" id=\"working-principle-of-log-chipper\">Principe de fonctionnement de la d\u00e9chiqueteuse \u00e0 b\u00fbches<\/h2>    <p class=\"translation-block\">Le tranchage du bois est une \u00e9tape importante dans le <strong><a href=\"https:\/\/charcoalplant.com\/fr\/wood-crusher-machine\/\">retraitement ou le broyage du bois<\/a><\/strong>. Les mati\u00e8res premi\u00e8res telles que les b\u00fbches, le bambou et les planches de bois sont introduites dans le port d'alimentation. Ensuite, le moteur entra\u00eene la courroie pour faire tourner la t\u00eate de coupe pour le d\u00e9chiquetage. L'alimentation et la d\u00e9charge sont presque synchrones. Enfin, des copeaux de bois d'\u00e9paisseur uniforme et de forme r\u00e9guli\u00e8re peuvent \u00eatre obtenus.<\/p>    <figure class=\"wp-block-embed is-type-video is-provider-youtube wp-block-embed-youtube wp-embed-aspect-16-9 wp-has-aspect-ratio\"><div class=\"wp-block-embed__wrapper\"> <iframe loading=\"lazy\" title=\"Broyeur de b\u00fbches diesel | Fabricant de machine \u00e0 d\u00e9chiqueter le bois#D\u00e9chiqueteuse \u00e0 bois \u00e9lectrique#scire\" width=\"500\" height=\"281\" src=\"https:\/\/www.youtube.com\/embed\/8J7778sPzp4?feature=oembed\" frameborder=\"0\" allow=\"accelerometer; autoplay; clipboard-write; encrypted-media; gyroscope; picture-in-picture; web-share\" referrerpolicy=\"strict-origin-when-cross-origin\" allowfullscreen><\/iframe> <\/div><\/figure>    <h2 class=\"wp-block-heading\" id=\"raw-material-of-wood-chips-cutting-machine\">Mati\u00e8re premi\u00e8re de la d\u00e9chiqueteuse \u00e0 bois<\/h2>    <p>La d\u00e9chiqueteuse de bois commerciale peut traiter du pin, du bois divers, du peuplier, du sapin, du bambou brut, des tuyaux en ppr, etc. Les mati\u00e8res premi\u00e8res s\u00e9lectionn\u00e9es doivent \u00eatre aussi r\u00e9guli\u00e8res que possible et l'effet de la fabrication de copeaux de bois sera meilleur. <\/p>    <figure class=\"wp-block-gallery has-nested-images columns-2 is-cropped wp-block-gallery-2 is-layout-flex wp-block-gallery-is-layout-flex\"> <figure class=\"wp-block-image size-large\"><img loading=\"lazy\" decoding=\"async\" width=\"720\" height=\"540\" data-id=\"2056\" src=\"https:\/\/charcoalplant.com\/wp-content\/uploads\/2022\/01\/raw-materials-2.jpg\" alt=\"mati\u00e8res premi\u00e8res\" class=\"wp-image-2056\"\/><figcaption class=\"wp-element-caption\">mati\u00e8res premi\u00e8res<\/figcaption><\/figure>    <figure class=\"wp-block-image size-large\"><img loading=\"lazy\" decoding=\"async\" width=\"720\" height=\"540\" data-id=\"2058\" src=\"https:\/\/charcoalplant.com\/wp-content\/uploads\/2022\/01\/different-sizes-wood-chips-1-2.jpg\" alt=\"copeaux de bois de diff\u00e9rentes tailles\" class=\"wp-image-2058\"\/><figcaption class=\"wp-element-caption\">copeaux de bois de diff\u00e9rentes tailles<\/figcaption><\/figure> <figcaption class=\"blocks-gallery-caption wp-element-caption\"> les mati\u00e8res premi\u00e8res de la d\u00e9chiqueteuse de branches sont les b\u00fbches, le bambou, les planches, les tuyaux en ppr et l'affichage de copeaux de bois de 2 \u00e0 3 cm<\/figcaption><\/figure>    <h2 class=\"wp-block-heading\" id=\"h-structure-of-the-log-chipper\">Structure de la d\u00e9chiqueteuse \u00e0 b\u00fbches<\/h2>    <p>La d\u00e9chiqueteuse \u00e0 bois est principalement compos\u00e9e d'une t\u00eate de coupe, d'une poulie, d'un cadre de broche, d'un orifice d'alimentation, d'un couvercle et d'un syst\u00e8me de commande \u00e9lectrique. Sa structure globale est compacte et peu encombrante. Mais cela n'affecte pas ses caract\u00e9ristiques telles qu'un rendement sup\u00e9rieur, une \u00e9conomie d'\u00e9nergie, un fonctionnement s\u00fbr et pratique. <\/p>    <figure class=\"wp-block-gallery has-nested-images columns-default is-cropped wp-block-gallery-3 is-layout-flex wp-block-gallery-is-layout-flex\"> <figure class=\"wp-block-image size-large\"><img loading=\"lazy\" decoding=\"async\" width=\"720\" height=\"540\" data-id=\"1817\" src=\"https:\/\/charcoalplant.com\/wp-content\/uploads\/2022\/01\/garden-branch-chipper.jpg\" alt=\"broyeur de branches de jardin\" class=\"wp-image-1817\" srcset=\"https:\/\/charcoalplant.com\/wp-content\/uploads\/2022\/01\/garden-branch-chipper.jpg 720w, https:\/\/charcoalplant.com\/wp-content\/uploads\/2022\/01\/garden-branch-chipper-300x225.jpg 300w\" sizes=\"auto, (max-width: 720px) 100vw, 720px\" \/><figcaption class=\"wp-element-caption\">broyeur de branches de jardin<\/figcaption><\/figure>    <figure class=\"wp-block-image size-large\"><img loading=\"lazy\" decoding=\"async\" width=\"720\" height=\"540\" data-id=\"2044\" src=\"https:\/\/charcoalplant.com\/wp-content\/uploads\/2022\/01\/small-diesel-log-chipper-plant.jpg\" alt=\"petite usine de broyeur de b\u00fbches diesel\" class=\"wp-image-2044\"\/><figcaption class=\"wp-element-caption\">petite usine de broyeur de b\u00fbches diesel<\/figcaption><\/figure> <\/figure>    <h3 class=\"wp-block-heading\" id=\"adjustable-blades\">Lames r\u00e9glables<\/h3>    <p class=\"translation-block\">Le changement d'\u00e9paisseur des copeaux de bois peut \u00eatre r\u00e9alis\u00e9 en ajustant l'angle de la lame. De plus, chaque lame poss\u00e8de au moins trois vis pour la fixer et elle ne se desserre pas facilement. Si la lame est us\u00e9e, elle peut \u00eatre facilement aff\u00fbt\u00e9e avec un <strong>aff\u00fbteur de couteaux<\/strong>.<\/p>    <figure class=\"wp-block-gallery has-nested-images columns-2 is-cropped wp-block-gallery-4 is-layout-flex wp-block-gallery-is-layout-flex\"> <figure class=\"wp-block-image size-large\"><img loading=\"lazy\" decoding=\"async\" width=\"720\" height=\"540\" data-id=\"2039\" src=\"https:\/\/charcoalplant.com\/wp-content\/uploads\/2022\/01\/blade.jpg\" alt=\"lame\" class=\"wp-image-2039\"\/><figcaption class=\"wp-element-caption\">lame<\/figcaption><\/figure>    <figure class=\"wp-block-image size-large\"><img loading=\"lazy\" decoding=\"async\" width=\"720\" height=\"540\" data-id=\"2040\" src=\"https:\/\/charcoalplant.com\/wp-content\/uploads\/2022\/01\/blade-disc..jpg\" alt=\"disque-lame.\" class=\"wp-image-2040\"\/><figcaption class=\"wp-element-caption\">disque-lame.<\/figcaption><\/figure> <\/figure>    <h3 class=\"wp-block-heading\" id=\"cutter-disc\">Disque de coupe<\/h3>    <p>Le disque de lame de d\u00e9chiqueteuse \u00e0 bois peut contenir plusieurs lames. De plus, diff\u00e9rents mod\u00e8les de d\u00e9chiqueteuses \u00e0 b\u00fbches ont des diam\u00e8tres de t\u00eates de coupe diff\u00e9rents. Le nombre de lames varie \u00e9galement.<\/p>    <figure class=\"wp-block-gallery has-nested-images columns-default is-cropped wp-block-gallery-5 is-layout-flex wp-block-gallery-is-layout-flex\"> <figure class=\"wp-block-image size-large\"><img loading=\"lazy\" decoding=\"async\" width=\"720\" height=\"540\" data-id=\"2041\" src=\"https:\/\/charcoalplant.com\/wp-content\/uploads\/2022\/01\/cutter-head.jpg\" alt=\"T\u00eate de coupe multi-couteaux\" class=\"wp-image-2041\"\/><figcaption class=\"wp-element-caption\">T\u00eate de coupe multi-couteaux<\/figcaption><\/figure>    <figure class=\"wp-block-image size-large\"><img loading=\"lazy\" decoding=\"async\" width=\"720\" height=\"540\" data-id=\"667\" src=\"https:\/\/charcoalplant.com\/wp-content\/uploads\/2021\/11\/cutter-head-1.jpg\" alt=\"t\u00eate de coupe\" class=\"wp-image-667\" srcset=\"https:\/\/charcoalplant.com\/wp-content\/uploads\/2021\/11\/cutter-head-1.jpg 720w, https:\/\/charcoalplant.com\/wp-content\/uploads\/2021\/11\/cutter-head-1-300x225.jpg 300w\" sizes=\"auto, (max-width: 720px) 100vw, 720px\" \/><figcaption class=\"wp-element-caption\">t\u00eate de coupe<\/figcaption><\/figure> <\/figure>    <h2 class=\"wp-block-heading\" id=\"h-branch-chipper-machine-for-sale\">Meilleure d\u00e9chiqueteuse \u00e0 bois commerciale\u00a0\u00e0 vendre<\/h2>    <p>Nous vendons des broyeurs \u00e0 bois \u00e9lectriques et des broyeurs \u00e0 bois diesel. En raison de l'environnement de travail diversifi\u00e9 des clients, les exigences de production sont diff\u00e9rentes. C\u2019est pourquoi nous avons am\u00e9lior\u00e9 un certain nombre de d\u00e9chiqueteuses de bois sp\u00e9cialis\u00e9es. Comme celui avec roues, la sortie inf\u00e9rieure et la sortie sup\u00e9rieure, l'entr\u00e9e inclin\u00e9e, etc.<\/p>    <h3 class=\"wp-block-heading\" id=\"electric-wood-chipper-parameters\">Param\u00e8tres de la d\u00e9chiqueteuse de bois \u00e9lectrique<\/h3>    <figure class=\"wp-block-table is-style-stripes\"><table><tbody><tr><td>MOD\u00c8LE<\/td><td>CAPACIT\u00c9<\/td><td>TAILLE D'ENTR\u00c9E<\/td><td>TAILLE DE LA PRISE<\/td><td>POUVOIR \u00c9LECTRIQUE<\/td><\/tr><tr><td>SL-420<\/td><td>500 KG\/H<\/td><td>150*150MM<\/td><td>2-5 cm<\/td><td>11 kW<\/td><\/tr><tr><td>SL-600<\/td><td>1500 KG\/H<\/td><td>180*150MM<\/td><td>2-5 cm<\/td><td>18,5 kW<\/td><\/tr><tr><td>SL-800<\/td><td>3000 KG\/H<\/td><td>200*200MM<\/td><td>2-5 cm<\/td><td>30kw<\/td><\/tr><tr><td>SL-950<\/td><td>4000 KG\/heure<\/td><td>230*250MM<\/td><td>2-5 cm<\/td><td>37kw<\/td><\/tr><tr><td>SL-1200<\/td><td>5000 KG\/H<\/td><td>330*300MM<\/td><td>2-5 cm<\/td><td>55kw<\/td><\/tr><tr><td>SL-1400<\/td><td>7000-8000KG\/H<\/td><td>400*400MM<\/td><td>2-5 cm<\/td><td>90kw<\/td><\/tr><\/tbody><\/table><figcaption class=\"wp-element-caption\">Les 420 et 600 sont les deux mod\u00e8les de broyeurs de bois les plus populaires. Ils sont nomm\u00e9s en fonction du diam\u00e8tre de la t\u00eate de coupe. Les appareils 800 et plus correspondent \u00e0 une norme diff\u00e9rente. Nous \u00e9quipons les gros \u00e9quipements d\u2019armoires de distribution et de tapis roulants.<\/figcaption><\/figure>    <figure class=\"wp-block-gallery has-nested-images columns-default is-cropped wp-block-gallery-6 is-layout-flex wp-block-gallery-is-layout-flex\"> <figure class=\"wp-block-image size-large\"><img loading=\"lazy\" decoding=\"async\" width=\"720\" height=\"540\" data-id=\"1811\" src=\"https:\/\/charcoalplant.com\/wp-content\/uploads\/2021\/11\/samll-movable-log-chipper-.jpg\" alt=\"petite d\u00e9chiqueteuse \u00e0 b\u00fbches mobile\" class=\"wp-image-1811\" srcset=\"https:\/\/charcoalplant.com\/wp-content\/uploads\/2021\/11\/samll-movable-log-chipper-.jpg 720w, https:\/\/charcoalplant.com\/wp-content\/uploads\/2021\/11\/samll-movable-log-chipper--300x225.jpg 300w\" sizes=\"auto, (max-width: 720px) 100vw, 720px\" \/><figcaption class=\"wp-element-caption\">petite d\u00e9chiqueteuse \u00e0 b\u00fbches mobile<\/figcaption><\/figure> <\/figure>    <h3 class=\"wp-block-heading\" id=\"diesel-wood-chipper-parameters\">Param\u00e8tres de la d\u00e9chiqueteuse \u00e0 bois diesel <\/h3>    <figure class=\"wp-block-table is-style-stripes\"><table><tbody><tr><td>MOD\u00c8LE<\/td><td>CAPACIT\u00c9<\/td><td>TAILLE D'ENTR\u00c9E<\/td><td>TAILLE DE LA PRISE<\/td><td>PUISSANCE DIESEL<\/td><\/tr><tr><td>SL-420<\/td><td>500 KG\/H<\/td><td>150*150MM<\/td><td>2-5 cm<\/td><td>15 ch<\/td><\/tr><tr><td>SL-600<\/td><td>1500 KG\/H<\/td><td>180*150MM<\/td><td>2-5 cm<\/td><td>22 ch<\/td><\/tr><tr><td>SL-800<\/td><td>3000 KG\/H<\/td><td>200*200MM<\/td><td>2-5 cm<\/td><td>40 ch<\/td><\/tr><tr><td>SL-950<\/td><td>4000 KG\/heure<\/td><td>230*250MM<\/td><td>2-5 cm<\/td><td>60 ch<\/td><\/tr><tr><td>SL-1200<\/td><td>5000 KG\/H<\/td><td>330*300MM<\/td><td>2-5 cm<\/td><td>55kw<\/td><\/tr><tr><td>SL-1400<\/td><td>7000-8000KG\/H<\/td><td>400*400MM<\/td><td>2-5 cm<\/td><td>90kw<\/td><\/tr><\/tbody><\/table><figcaption class=\"wp-element-caption\">Les d\u00e9chiqueteuses \u00e0 bois sur roues diesel ne sont pas uniquement destin\u00e9es \u00e0 une utilisation en int\u00e9rieur. Il est plus adapt\u00e9 aux travaux ext\u00e9rieurs.<\/figcaption><\/figure>    <figure class=\"wp-block-gallery has-nested-images columns-2 is-cropped wp-block-gallery-7 is-layout-flex wp-block-gallery-is-layout-flex\"> <figure class=\"wp-block-image size-large\"><img loading=\"lazy\" decoding=\"async\" width=\"720\" height=\"540\" data-id=\"729\" src=\"https:\/\/charcoalplant.com\/wp-content\/uploads\/2021\/11\/manufacturer-of-diesel-wood-chippers-1-1.jpg\" alt=\"fabricant de broyeurs de bois diesel\" class=\"wp-image-729\" srcset=\"https:\/\/charcoalplant.com\/wp-content\/uploads\/2021\/11\/manufacturer-of-diesel-wood-chippers-1-1.jpg 720w, https:\/\/charcoalplant.com\/wp-content\/uploads\/2021\/11\/manufacturer-of-diesel-wood-chippers-1-1-300x225.jpg 300w\" sizes=\"auto, (max-width: 720px) 100vw, 720px\" \/><figcaption class=\"wp-element-caption\">fabricant de broyeurs de bois diesel<\/figcaption><\/figure>    <figure class=\"wp-block-image size-large\"><img loading=\"lazy\" decoding=\"async\" width=\"720\" height=\"540\" data-id=\"845\" src=\"https:\/\/charcoalplant.com\/wp-content\/uploads\/2021\/11\/wooden-chips-1-1.jpg\" alt=\"copeaux de bois\" class=\"wp-image-845\" srcset=\"https:\/\/charcoalplant.com\/wp-content\/uploads\/2021\/11\/wooden-chips-1-1.jpg 720w, https:\/\/charcoalplant.com\/wp-content\/uploads\/2021\/11\/wooden-chips-1-1-300x225.jpg 300w\" sizes=\"auto, (max-width: 720px) 100vw, 720px\" \/><figcaption class=\"wp-element-caption\">copeaux de bois<\/figcaption><\/figure> <\/figure>    <h2 class=\"wp-block-heading\" id=\"h-how-to-mass-produce-wood-chips\">Comment produire efficacement des copeaux de bois\uff1f<\/h2>    <p class=\"translation-block\">Comment choisir une machine pour produire un grand nombre de copeaux de bois ? Premi\u00e8rement, vous pouvez choisir le SL-800 et des machines \u00e0 copeaux de bois plus grandes. D'une part, l'\u00e9quipement \u00e0 grande \u00e9chelle a un rendement \u00e9lev\u00e9, et d'autre part, il peut \u00eatre connect\u00e9 au tapis roulant pour gagner du temps et de la main-d'\u0153uvre. Deuxi\u00e8mement, vous pouvez choisir plusieurs d\u00e9chiqueteuses \u00e0 disques SL-600 pour obtenir le m\u00eame effet. Troisi\u00e8mement, vous pouvez choisir un <strong><a href=\"https:\/\/charcoalplant.com\/fr\/wood-wastes-recycling-machine\/drum-chipper\/\">d\u00e9chiqueteur \u00e0 tambour<\/a><\/strong>. C'est un \u00e9quipement industriel de d\u00e9chiquetage de bois, donc le rendement est tr\u00e8s important.<\/p>    <figure class=\"wp-block-gallery has-nested-images columns-default is-cropped wp-block-gallery-8 is-layout-flex wp-block-gallery-is-layout-flex\"> <figure class=\"wp-block-image size-large\"><img loading=\"lazy\" decoding=\"async\" width=\"720\" height=\"540\" data-id=\"1812\" src=\"https:\/\/charcoalplant.com\/wp-content\/uploads\/2022\/01\/diesel-wood-chipper-shredder-plant-.jpg\" alt=\"usine de d\u00e9chiquetage de broyeur de bois diesel\" class=\"wp-image-1812\" srcset=\"https:\/\/charcoalplant.com\/wp-content\/uploads\/2022\/01\/diesel-wood-chipper-shredder-plant-.jpg 720w, https:\/\/charcoalplant.com\/wp-content\/uploads\/2022\/01\/diesel-wood-chipper-shredder-plant--300x225.jpg 300w\" sizes=\"auto, (max-width: 720px) 100vw, 720px\" \/><figcaption class=\"wp-element-caption\">usine de d\u00e9chiquetage de broyeur de bois diesel<\/figcaption><\/figure>    <figure class=\"wp-block-image size-large\"><img loading=\"lazy\" decoding=\"async\" width=\"720\" height=\"540\" data-id=\"1810\" src=\"https:\/\/charcoalplant.com\/wp-content\/uploads\/2022\/01\/electric-wood-chipper-.jpg\" alt=\"broyeur \u00e0 bois \u00e9lectrique\" class=\"wp-image-1810\" srcset=\"https:\/\/charcoalplant.com\/wp-content\/uploads\/2022\/01\/electric-wood-chipper-.jpg 720w, https:\/\/charcoalplant.com\/wp-content\/uploads\/2022\/01\/electric-wood-chipper--300x225.jpg 300w\" sizes=\"auto, (max-width: 720px) 100vw, 720px\" \/><figcaption class=\"wp-element-caption\">broyeur \u00e0 bois \u00e9lectrique<\/figcaption><\/figure> <\/figure>    <h3 class=\"wp-block-heading\" id=\"video-of-large-log-chipper\">Vid\u00e9o d'une grande d\u00e9chiqueteuse \u00e0 b\u00fbches<\/h3>    <figure class=\"wp-block-embed is-type-video is-provider-youtube wp-block-embed-youtube wp-embed-aspect-16-9 wp-has-aspect-ratio\"><div class=\"wp-block-embed__wrapper\"> <iframe loading=\"lazy\" title=\"Broyeur de bois \u00e0 disque \u00e9lectrique | Copeaux de bambou au Myanmar#\u00e9quipement de d\u00e9chiquetage de bois diesel#copeaux de noix de coco\" width=\"500\" height=\"281\" src=\"https:\/\/www.youtube.com\/embed\/UZxMlI7kX_4?feature=oembed\" frameborder=\"0\" allow=\"accelerometer; autoplay; clipboard-write; encrypted-media; gyroscope; picture-in-picture; web-share\" referrerpolicy=\"strict-origin-when-cross-origin\" allowfullscreen><\/iframe> <\/div><\/figure>    <h2 class=\"wp-block-heading\" id=\"h-application-of-branch-chips\">Application de puces de branche<\/h2>    <ol class=\"wp-block-list\"> <li>Les copeaux de bois peuvent \u00eatre vendus directement ou envoy\u00e9s \u00e0 une usine de papier pour \u00eatre transform\u00e9s. Pour am\u00e9liorer la qualit\u00e9 des copeaux de bois, vous devez choisir du bois ordinaire ou <strong><a href=\"https:\/\/charcoalplant.com\/fr\/wood-wastes-recycling-machine\/wood-peeling-machine\/\">bois \u00e9corc\u00e9<\/a><\/strong> pour r\u00e9duire l'apparence des impuret\u00e9s.<\/li>    <li>Vous pouvez utiliser les copeaux de branches coup\u00e9es comme combustible bio\u00e9nerg\u00e9tique. Il n'y a aucune exigence concernant le bois ou les arbres, tant qu'ils peuvent \u00eatre br\u00fbl\u00e9s, ils peuvent \u00eatre envoy\u00e9s \u00e0 l'usine de bio\u00e9nergie.<\/li>    <li>Les copeaux de bois peuvent \u00e9galement \u00eatre carbonis\u00e9s en charbon de bois de mani\u00e8re continue. <strong><a href=\"https:\/\/charcoalplant.com\/fr\/carbonization-furnace\/rotary-carbonization-furnace\/\">four de carbonisation<\/a><\/strong>.<\/li> <\/ol>    <h2 class=\"wp-block-heading\" id=\"h-shuliy-wood-chipper-machine-advantages\">Avantages de la d\u00e9chiqueteuse \u00e0 bois Shuliy\u00a0<\/h2>    <p class=\"translation-block\">Nous sommes engag\u00e9s dans la fabrication d'\u00e9quipements de recyclage du bois depuis de nombreuses ann\u00e9es et nous avons <strong><a href=\"https:\/\/charcoalplant.com\/fr\/news\/transaction-case-of-a-wood-chipper-for-indonesian-customer\/\">une riche exp\u00e9rience<\/a><\/strong>. En tant que votre fournisseur solide, notre d\u00e9chiqueteuse de branches diesel pr\u00e9sente les avantages suivants :<\/p>    <ol class=\"wp-block-list\" type=\"1\"> <li>Structure compacte, apparence exquise, accessoires sophistiqu\u00e9s et durables.<\/li>    <li>Fournir des solutions et des services personnalis\u00e9s.<\/li>    <li>Fonctionnement s\u00fbr et pratique.<\/li>    <li>Large gamme d'applications et prix comp\u00e9titif.<\/li>    <li>Faible consommation, rendement \u00e9lev\u00e9.<\/li> <\/ol>    <figure class=\"wp-block-gallery has-nested-images columns-default is-cropped wp-block-gallery-9 is-layout-flex wp-block-gallery-is-layout-flex\"> <figure class=\"wp-block-image size-large\"><img loading=\"lazy\" decoding=\"async\" width=\"720\" height=\"540\" data-id=\"2043\" src=\"https:\/\/charcoalplant.com\/wp-content\/uploads\/2022\/01\/eletric-wood-chipper-for-sale.jpg\" alt=\"broyeur de bois \u00e9lectrique \u00e0 vendre\" class=\"wp-image-2043\"\/><figcaption class=\"wp-element-caption\">broyeur de bois \u00e9lectrique \u00e0 vendre<\/figcaption><\/figure>    <figure class=\"wp-block-image size-large\"><img loading=\"lazy\" decoding=\"async\" width=\"720\" height=\"540\" data-id=\"697\" src=\"https:\/\/charcoalplant.com\/wp-content\/uploads\/2021\/11\/shipment-of-wood-chips-cutting-machine-1-1.jpg\" alt=\"exp\u00e9dition de machine de d\u00e9coupe de copeaux de bois\" class=\"wp-image-697\" srcset=\"https:\/\/charcoalplant.com\/wp-content\/uploads\/2021\/11\/shipment-of-wood-chips-cutting-machine-1-1.jpg 720w, https:\/\/charcoalplant.com\/wp-content\/uploads\/2021\/11\/shipment-of-wood-chips-cutting-machine-1-1-300x225.jpg 300w\" sizes=\"auto, (max-width: 720px) 100vw, 720px\" \/><figcaption class=\"wp-element-caption\">exp\u00e9dition de machine de d\u00e9coupe de copeaux de bois<\/figcaption><\/figure> <\/figure>    <h2 class=\"wp-block-heading\">Conclusion <\/h2>    <p class=\"translation-block\">Les d\u00e9chiqueteuses \u00e0 bois sont un moyen efficace d\u2019\u00e9liminer les branches, les lambeaux et autres d\u00e9chets de bois. Elles peuvent \u00e9galement \u00eatre utilis\u00e9es pour traiter les d\u00e9chets de bois provenant des scieries et d\u2019autres op\u00e9rations de travail du bois. Les d\u00e9chiqueteuses \u00e0 bois sont g\u00e9n\u00e9ralement s\u00fbres \u00e0 utiliser, mais il est important de suivre les instructions du fabricant et de prendre les pr\u00e9cautions de s\u00e9curit\u00e9 appropri\u00e9es, comme porter une protection auditive et oculaire. <a href=\"https:\/\/charcoalplant.com\/fr\/\">Shuliy Machinery<\/a> est une usine compl\u00e8te de machines de recyclage du bois, si vous \u00eates int\u00e9ress\u00e9 par une machine \u00e0 d\u00e9chiqueteur de bois, contactez notre expert pour d\u00e9marrer votre projet d\u00e8s que possible. <\/p>","protected":false},"excerpt":{"rendered":"<p> La d\u00e9chiqueteuse de b\u00fbches peut d\u00e9chiqueter le bambou, les racines, etc. Shuliy fournit des services personnalis\u00e9s aux clients. Veuillez nous appeler pour obtenir le prix, les param\u00e8tres.<\/p>","protected":false},"author":1,"featured_media":924,"parent":0,"template":"","tags":[64],"product-type":[3],"class_list":["post-580","product","type-product","status-publish","has-post-thumbnail","hentry","tag-wood-wastes-recycling-machine","product-type-wood-wastes-recycling-machine"],"_links":{"self":[{"href":"https:\/\/charcoalplant.com\/fr\/wp-json\/wp\/v2\/product\/580","targetHints":{"allow":["GET"]}}],"collection":[{"href":"https:\/\/charcoalplant.com\/fr\/wp-json\/wp\/v2\/product"}],"about":[{"href":"https:\/\/charcoalplant.com\/fr\/wp-json\/wp\/v2\/types\/product"}],"author":[{"embeddable":true,"href":"https:\/\/charcoalplant.com\/fr\/wp-json\/wp\/v2\/users\/1"}],"wp:featuredmedia":[{"embeddable":true,"href":"https:\/\/charcoalplant.com\/fr\/wp-json\/wp\/v2\/media\/924"}],"wp:attachment":[{"href":"https:\/\/charcoalplant.com\/fr\/wp-json\/wp\/v2\/media?parent=580"}],"wp:term":[{"taxonomy":"post_tag","embeddable":true,"href":"https:\/\/charcoalplant.com\/fr\/wp-json\/wp\/v2\/tags?post=580"},{"taxonomy":"product-type","embeddable":true,"href":"https:\/\/charcoalplant.com\/fr\/wp-json\/wp\/v2\/product-type?post=580"}],"curies":[{"name":"wp","href":"https:\/\/api.w.org\/{rel}","templated":true}]}}