{"id":584,"date":"2021-11-24T02:49:55","date_gmt":"2021-11-24T02:49:55","guid":{"rendered":"https:\/\/charcoalplant.com\/?p=584"},"modified":"2023-03-01T17:13:34","modified_gmt":"2023-03-01T09:13:34","slug":"wood-shaving-machine","status":"publish","type":"product","link":"https:\/\/charcoalplant.com\/fr\/product\/wood-shaving-machine\/","title":{"rendered":"Machine \u00e0 raser le bois | Copeaux de b\u00fbches pour liti\u00e8re pour animaux"},"content":{"rendered":"<div class=\"kk-star-ratings kksr-auto kksr-align-left kksr-valign-top\"     data-payload='{&quot;align&quot;:&quot;left&quot;,&quot;id&quot;:&quot;584&quot;,&quot;slug&quot;:&quot;default&quot;,&quot;valign&quot;:&quot;top&quot;,&quot;ignore&quot;:&quot;&quot;,&quot;reference&quot;:&quot;auto&quot;,&quot;class&quot;:&quot;&quot;,&quot;count&quot;:&quot;14&quot;,&quot;legendonly&quot;:&quot;&quot;,&quot;readonly&quot;:&quot;&quot;,&quot;score&quot;:&quot;4.8&quot;,&quot;starsonly&quot;:&quot;&quot;,&quot;best&quot;:&quot;5&quot;,&quot;gap&quot;:&quot;5&quot;,&quot;greet&quot;:&quot;Rate this product&quot;,&quot;legend&quot;:&quot;4.8\\\/5 - (14 votes)&quot;,&quot;size&quot;:&quot;24&quot;,&quot;title&quot;:&quot;Wood Shaving Machine | Log Shavings For Animal Bedding&quot;,&quot;width&quot;:&quot;136.7&quot;,&quot;_legend&quot;:&quot;{score}\\\/{best} - ({count} {votes})&quot;,&quot;font_factor&quot;:&quot;1.25&quot;}'>              <div class=\"kksr-stars\">      <div class=\"kksr-stars-inactive\">             <div class=\"kksr-star\" data-star=\"1\" style=\"padding-right: 5px\">               <div class=\"kksr-icon\" style=\"width: 24px; height: 24px;\"><\/div>         <\/div>             <div class=\"kksr-star\" data-star=\"2\" style=\"padding-right: 5px\">               <div class=\"kksr-icon\" style=\"width: 24px; height: 24px;\"><\/div>         <\/div>             <div class=\"kksr-star\" data-star=\"3\" style=\"padding-right: 5px\">               <div class=\"kksr-icon\" style=\"width: 24px; height: 24px;\"><\/div>         <\/div>             <div class=\"kksr-star\" data-star=\"4\" style=\"padding-right: 5px\">               <div class=\"kksr-icon\" style=\"width: 24px; height: 24px;\"><\/div>         <\/div>             <div class=\"kksr-star\" data-star=\"5\" style=\"padding-right: 5px\">               <div class=\"kksr-icon\" style=\"width: 24px; height: 24px;\"><\/div>         <\/div>     <\/div>      <div class=\"kksr-stars-active\" style=\"width: 136.7px;\">             <div class=\"kksr-star\" style=\"padding-right: 5px\">               <div class=\"kksr-icon\" style=\"width: 24px; height: 24px;\"><\/div>         <\/div>             <div class=\"kksr-star\" style=\"padding-right: 5px\">               <div class=\"kksr-icon\" style=\"width: 24px; height: 24px;\"><\/div>         <\/div>             <div class=\"kksr-star\" style=\"padding-right: 5px\">               <div class=\"kksr-icon\" style=\"width: 24px; height: 24px;\"><\/div>         <\/div>             <div class=\"kksr-star\" style=\"padding-right: 5px\">               <div class=\"kksr-icon\" style=\"width: 24px; height: 24px;\"><\/div>         <\/div>             <div class=\"kksr-star\" style=\"padding-right: 5px\">               <div class=\"kksr-icon\" style=\"width: 24px; height: 24px;\"><\/div>         <\/div>     <\/div> <\/div>                   <div class=\"kksr-legend\" style=\"font-size: 19.2px;\">             4,8\/5 - (14 voix)    <\/div>     <\/div>  <p class=\"translation-block\"><strong>Machine \u00e0 copeaux<\/strong> est une machine utilis\u00e9e pour raser le bois en copeaux fins. Elle utilise des rondins, des planches en bois massif et des branches comme mati\u00e8res premi\u00e8res. Les copeaux peuvent \u00eatre utilis\u00e9s non seulement pour <strong><a href=\"https:\/\/charcoalplant.com\/fr\/wood-wastes-recycling-machine\/wood-crusher-machine\/\">la fabrication de papier, le milieu de culture<\/a><\/strong> mais aussi comme mat\u00e9riau d bedding pour animaux. Tels que le rembourrage d\u2019emballage, et la liti\u00e8re des chevaux, des lapins, des dgo, des poulets; nids d\u2019animaux. La <em>wood shaving machine<\/em> de Shuliy est de haute qualit\u00e9, pleine de fonctionnalit\u00e9s et abordable. C\u2019est donc votre projet d\u2019investissement id\u00e9al. Et nous esp\u00e9rons sinc\u00e8rement \u00e9tablir une coop\u00e9ration \u00e0 long terme avec vous.<\/p>    <h2 class=\"wp-block-heading\" id=\"h-raw-materials-for-wood-shaving-machine\"><strong>Mati\u00e8res premi\u00e8res pour machine \u00e0 raser le bois<\/strong><\/h2>    <p>De nombreux clients savent que la machine \u00e0 raser le bois peut fabriquer des copeaux de b\u00fbches et de branches. En fait, les planches de bois massif peuvent \u00e9galement \u00eatre utilis\u00e9es directement comme mati\u00e8re premi\u00e8re pour les copeaux. La fabrication de copeaux de b\u00fbches \u00e0 partir de bois \u00e9corch\u00e9 donne des copeaux plus propres et plus co\u00fbteux.<\/p>    <figure class=\"wp-block-gallery has-nested-images columns-2 is-cropped wp-block-gallery-2 is-layout-flex wp-block-gallery-is-layout-flex\"> <figure class=\"wp-block-image size-large\"><img loading=\"lazy\" decoding=\"async\" width=\"720\" height=\"540\" data-id=\"2130\" src=\"https:\/\/charcoalplant.com\/wp-content\/uploads\/2021\/11\/wood-board.jpg\" alt=\"planche de bois\" class=\"wp-image-2130\"\/><figcaption class=\"wp-element-caption\">planche de bois<\/figcaption><\/figure>    <figure class=\"wp-block-image size-large\"><img loading=\"lazy\" decoding=\"async\" width=\"720\" height=\"540\" data-id=\"2131\" src=\"https:\/\/charcoalplant.com\/wp-content\/uploads\/2022\/01\/peeled-log.jpg\" alt=\"b\u00fbche pel\u00e9e\" class=\"wp-image-2131\"\/><figcaption class=\"wp-element-caption\">b\u00fbche pel\u00e9e<\/figcaption><\/figure> <\/figure>    <h2 class=\"wp-block-heading\" id=\"h-features-of-log-shaver\"><strong>Caract\u00e9ristiques de la machine \u00e0 raser le bois<\/strong><\/h2>    <p>Les outils de rasage ont toujours exist\u00e9. Bien que les outils de rasage traditionnels et les fabricants de rasages soient des outils permettant de fabriquer des copeaux de b\u00fbches. Mais ils restent tr\u00e8s diff\u00e9rents en termes d\u2019efficacit\u00e9, de s\u00e9curit\u00e9 et de qualit\u00e9 de rasage. D\u00e9sormais, la machine \u00e0 raser les b\u00fbches am\u00e9lior\u00e9e pr\u00e9sente les caract\u00e9ristiques suivantes\u00a0:<\/p>    <p class=\"translation-block\"><strong>1. Fonctionnement simple<\/strong><\/p>    <p>Compar\u00e9e aux machines \u00e0 raser traditionnelles et non am\u00e9lior\u00e9es, cette machine est plus simple \u00e0 utiliser. Il n\u2019est donc pas n\u00e9cessaire que l\u2019op\u00e9rateur ait des comp\u00e9tences dans le processus d\u2019utilisation de la machine \u00e0 raser.<\/p>    <figure class=\"wp-block-gallery has-nested-images columns-default is-cropped wp-block-gallery-3 is-layout-flex wp-block-gallery-is-layout-flex\"> <figure class=\"wp-block-image size-large\"><img loading=\"lazy\" decoding=\"async\" width=\"720\" height=\"540\" data-id=\"2136\" src=\"https:\/\/charcoalplant.com\/wp-content\/uploads\/2022\/01\/traditional-wood-shaver-1.jpg\" alt=\"rasoir-\u00e0-bois-traditionnel\" class=\"wp-image-2136\"\/><figcaption class=\"wp-element-caption\">rasoir-\u00e0-bois-traditionnel<\/figcaption><\/figure>    <figure class=\"wp-block-image size-large\"><img loading=\"lazy\" decoding=\"async\" width=\"720\" height=\"540\" data-id=\"2134\" src=\"https:\/\/charcoalplant.com\/wp-content\/uploads\/2022\/01\/electric-wood-shaving-machine-manufacturer.jpg\" alt=\"fabricant de machine \u00e0 raser le bois \u00e9lectrique\" class=\"wp-image-2134\"\/><figcaption class=\"wp-element-caption\">fabricant de machine \u00e0 raser le bois \u00e9lectrique<\/figcaption><\/figure> <\/figure>    <p class=\"translation-block\"><strong>2. Haute efficacit\u00e9<\/strong><\/p>    <p class=\"translation-block\">En fait, ils fonctionnent de la m\u00eame mani\u00e8re. Les deux contr\u00f4lent l'\u00e9paisseur des bardeaux en ajustant la distance entre la <strong><a href=\"https:\/\/charcoalplant.com\/fr\/news\/common-faults-of-wood-shaving-machines\/\">lame et la chicane<\/a><\/strong>. Mais le nombre de couteaux de la d\u00e9chiqueteuse de bois peut \u00eatre augment\u00e9. Par cons\u00e9quent, un grand nombre de bardeaux de bois peuvent \u00eatre obtenus rapidement avec une machine \u00e0 bardeaux de bois.<\/p>    <p class=\"translation-block\"><strong>3. S\u00fbr<\/strong><\/p>    <p>Le corps du fabricant de flocons est dot\u00e9 d'un couvercle m\u00e9tallique qui recouvre les pi\u00e8ces coupantes. Par cons\u00e9quent, la sciure ne sera pas \u00e9clabouss\u00e9e. De plus, les clients sont tr\u00e8s en s\u00e9curit\u00e9 tout au long de l\u2019op\u00e9ration.<\/p>    <figure class=\"wp-block-gallery has-nested-images columns-default is-cropped wp-block-gallery-4 is-layout-flex wp-block-gallery-is-layout-flex\"> <figure class=\"wp-block-image size-large\"><img loading=\"lazy\" decoding=\"async\" width=\"720\" height=\"540\" data-id=\"2137\" src=\"https:\/\/charcoalplant.com\/wp-content\/uploads\/2022\/01\/blade-2.jpg\" alt=\"lame-\" class=\"wp-image-2137\"\/><figcaption class=\"wp-element-caption\">lame<\/figcaption><\/figure>    <figure class=\"wp-block-image size-large\"><img loading=\"lazy\" decoding=\"async\" width=\"720\" height=\"540\" data-id=\"2138\" src=\"https:\/\/charcoalplant.com\/wp-content\/uploads\/2022\/01\/shavings-machine-show.jpg\" alt=\"spectacle-de-machine-\u00e0-copeaux\" class=\"wp-image-2138\"\/><figcaption class=\"wp-element-caption\">spectacle-de-machine-\u00e0-copeaux<\/figcaption><\/figure> <\/figure>    <p class=\"translation-block\"><strong>4. Diversit\u00e9 des bardeaux<\/strong><\/p>    <p>Premi\u00e8rement, l'\u00e9paisseur des copeaux peut \u00eatre obtenue en ajustant l'angle de la lame. Deuxi\u00e8mement, la taille des copeaux peut \u00eatre obtenue en installant des marteaux. Ainsi, une vari\u00e9t\u00e9 de copeaux adapt\u00e9s aux besoins de plusieurs domaines peuvent \u00eatre produits.<\/p>    <figure class=\"wp-block-gallery has-nested-images columns-default is-cropped wp-block-gallery-5 is-layout-flex wp-block-gallery-is-layout-flex\"> <figure class=\"wp-block-image size-large\"><img loading=\"lazy\" decoding=\"async\" width=\"1024\" height=\"768\" data-id=\"2132\" src=\"https:\/\/charcoalplant.com\/wp-content\/uploads\/2022\/01\/wood-shavings.jpg\" alt=\"copeaux de bois\" class=\"wp-image-2132\"\/><figcaption class=\"wp-element-caption\">copeaux de bois<\/figcaption><\/figure>    <figure class=\"wp-block-image size-large\"><img loading=\"lazy\" decoding=\"async\" width=\"750\" height=\"666\" data-id=\"2139\" src=\"https:\/\/charcoalplant.com\/wp-content\/uploads\/2022\/01\/wood-shaving-machine-with-hammer.jpg\" alt=\"machine \u00e0 raser le bois avec marteau\" class=\"wp-image-2139\"\/><figcaption class=\"wp-element-caption\">machine \u00e0 raser le bois avec marteau<\/figcaption><\/figure> <\/figure>    <h2 class=\"wp-block-heading\" id=\"h-wood-shaving-machine-for-sale\"><strong>Petit<\/strong> <strong>machine \u00e0 raser le bois \u00e0 vendre<\/strong><\/h2>    <p>En tant que fabricant bien connu en Chine, Shuliy Machinery re\u00e7oit des commandes de clients des Philippines, de Malaisie, d'Indon\u00e9sie, du Canada, d'Australie, du Congo, du Nig\u00e9ria, du Soudan, d'Arabie saoudite, des \u00c9tats-Unis, d'Inde, de Russie, de Mongolie, du Kazakhstan et d'autres pays. des pays. La machine \u00e0 raser le bois que nous vendons dispose d'\u00e9quipements \u00e9lectriques et diesel pour r\u00e9pondre aux diff\u00e9rentes conditions de production des clients. De plus, nous proposons \u00e9galement des appareils mobiles adapt\u00e9s \u00e0 l'agriculture et \u00e0 la sylviculture ainsi que des convoyeurs pour l'alimentation et le d\u00e9chargement.<\/p>    <figure class=\"wp-block-gallery has-nested-images columns-default is-cropped wp-block-gallery-6 is-layout-flex wp-block-gallery-is-layout-flex\"> <figure class=\"wp-block-image size-large\"><img loading=\"lazy\" decoding=\"async\" width=\"720\" height=\"540\" data-id=\"2140\" src=\"https:\/\/charcoalplant.com\/wp-content\/uploads\/2022\/01\/shippment.jpg\" alt=\"exp\u00e9dition\" class=\"wp-image-2140\"\/><figcaption class=\"wp-element-caption\">exp\u00e9dition<\/figcaption><\/figure> <\/figure>    <p>Nous fournissons des services de personnalisation d'\u00e9quipement. Vous pouvez donc nous laisser un message ou appeler pour vous renseigner sur la machine \u00e0 raser le bois et les accessoires dont vous avez besoin.<\/p>    <h2 class=\"wp-block-heading\" id=\"h-log-sawdust-for-animal-bedding-specification\"><strong>Meilleure sp\u00e9cification de machine \u00e0 raser le bois commerciale<\/strong><\/h2>    <p>Les d\u00e9chiqueteuses \u00e0 bois SL-WS420, SL-WS600 et SL-WS800 sont nos trois mod\u00e8les les plus populaires. Et afin de r\u00e9pondre aux besoins des \u00e9quipements \u00e0 grande \u00e9chelle, nous fournirons aux clients des bandes transporteuses et des armoires de commande. Si vous avez besoin d'informations sur les \u00e9quipements \u00e0 grande \u00e9chelle, veuillez nous contacter maintenant. Vous obtiendrez des photos de produits, des prix et des vid\u00e9os.<\/p>    <figure class=\"wp-block-table is-style-stripes\"><table><tbody><tr><td>MOD\u00c8LE<\/td><td>CAPACIT\u00c9<\/td><td>TAILLE D'ENTR\u00c9E<\/td><td>POUVOIR<\/td><\/tr><tr><td>SL-WS420<\/td><td>300 KG\/H<\/td><td>6 cm<\/td><td>7,5 kW<\/td><\/tr><tr><td>SL-WS600<\/td><td>500 KG\/H<\/td><td>12 cm<\/td><td>15kw<\/td><\/tr><tr><td>SL-WS800<\/td><td>1000 KG\/H<\/td><td>16 cm<\/td><td>30kw<\/td><\/tr><tr><td>SL-WS1000<\/td><td>1500 KG\/H<\/td><td>20 cm<\/td><td>55kw<\/td><\/tr><tr><td>SL-WS1200<\/td><td>2000 KG\/H<\/td><td>24 cm<\/td><td>55kw<\/td><\/tr><tr><td>SL-WS1500<\/td><td>2500 KG\/H<\/td><td>32 cm<\/td><td>75kw<\/td><\/tr><\/tbody><\/table><\/figure>    <h2 class=\"wp-block-heading\" id=\"video-of-wood-shavings-making-machine\"><strong>Vid\u00e9o d'une machine de fabrication de copeaux de bois<\/strong><\/h2>    <p>Le processus de fabrication des copeaux est tr\u00e8s d\u00e9compressif. Parce qu'il ne produit pas beaucoup de poussi\u00e8re. Ce qui suit est la vid\u00e9o pertinente tourn\u00e9e par notre usine, bienvenue pour la regarder.<\/p>    <figure class=\"wp-block-embed is-type-video is-provider-youtube wp-block-embed-youtube wp-embed-aspect-16-9 wp-has-aspect-ratio\"><div class=\"wp-block-embed__wrapper\"> <iframe loading=\"lazy\" title=\"Machine de fabrication de copeaux de bois | Copeaux pour liti\u00e8re pour animaux#copeaux de bois 1TP5Literie pour chevaux\" width=\"500\" height=\"281\" src=\"https:\/\/www.youtube.com\/embed\/kjd66dyTixY?feature=oembed\" frameborder=\"0\" allow=\"accelerometer; autoplay; clipboard-write; encrypted-media; gyroscope; picture-in-picture; web-share\" referrerpolicy=\"strict-origin-when-cross-origin\" allowfullscreen><\/iframe> <\/div><\/figure>    <h2 class=\"wp-block-heading\" id=\"h-how-much-is-an-animal-bedding-shaving-machine\"><strong>Combien co\u00fbte une machine \u00e0 raser le bois\u00a0?<\/strong><\/h2>    <p>Diff\u00e9rents fabricants de machines \u00e0 \u00e9plucher le bois proposeront des prix diff\u00e9rents. Nous pouvons garantir de vous fournir des prix comp\u00e9titifs tout en garantissant une qualit\u00e9 de produit haut de gamme et un bon service. Les prix des produits sont \u00e9galement affect\u00e9s par des conditions telles que les m\u00e9thodes de transport, les sp\u00e9cifications des machines et les pi\u00e8ces de rechange. Si vous souhaitez conna\u00eetre le prix sp\u00e9cifique, veuillez nous contacter\u00a0imm\u00e9diatement et vous obtiendrez la derni\u00e8re liste de prix des machines \u00e0 raser le bois.<\/p>    <figure class=\"wp-block-gallery has-nested-images columns-default is-cropped wp-block-gallery-7 is-layout-flex wp-block-gallery-is-layout-flex\"> <figure class=\"wp-block-image size-large\"><img loading=\"lazy\" decoding=\"async\" width=\"720\" height=\"540\" data-id=\"2141\" src=\"https:\/\/charcoalplant.com\/wp-content\/uploads\/2022\/01\/large-sawdust-machine-show.jpg\" alt=\"grand-sciure-machine-show\" class=\"wp-image-2141\"\/><figcaption class=\"wp-element-caption\">grand-sciure-machine-show<\/figcaption><\/figure>    <figure class=\"wp-block-image size-large\"><img loading=\"lazy\" decoding=\"async\" width=\"720\" height=\"540\" data-id=\"2142\" src=\"https:\/\/charcoalplant.com\/wp-content\/uploads\/2022\/01\/wood-shaver-chipper-for-sale.jpg\" alt=\"broyeur-\u00e0-bois-\u00e0-vendre\" class=\"wp-image-2142\"\/><figcaption class=\"wp-element-caption\">broyeur-\u00e0-bois-\u00e0-vendre<\/figcaption><\/figure> <\/figure>    <h2 class=\"wp-block-heading\" id=\"h-what-is-a-good-use-for-wood-shavings\"><strong>Quelle est la bonne utilisation des copeaux de bois ?<\/strong><strong><\/strong><\/h2>    <p>Les caract\u00e9ristiques originales des copeaux de bois les rendent tr\u00e8s utiles et tr\u00e8s pratiques. Jetons un coup d'\u0153il \u00e0 ses applications sp\u00e9cifiques.<\/p>    <p class=\"translation-block\"><strong>1. Mat\u00e9riau de remplissage d'emballage<\/strong><\/p>    <p>Les copeaux de bois sont doux et respectueux de l'environnement, ce qui convient tr\u00e8s bien au conditionnement et au remplissage de produits fragiles. Il existe \u00e9galement sur le march\u00e9 des mat\u00e9riaux de remplissage tels que le plastique et la mousse, mais en fait, les copeaux de bois sont les plus populaires. Ce n'est pas seulement \u00e9conomique et respectueux de l'environnement, mais aussi \u00e9liminant l'humidit\u00e9 et conservant la fra\u00eecheur. C'est du tr\u00e8s haut de gamme.<\/p>    <figure class=\"wp-block-gallery has-nested-images columns-default is-cropped wp-block-gallery-8 is-layout-flex wp-block-gallery-is-layout-flex\"> <figure class=\"wp-block-image size-large\"><img loading=\"lazy\" decoding=\"async\" width=\"720\" height=\"540\" data-id=\"748\" src=\"https:\/\/charcoalplant.com\/wp-content\/uploads\/2021\/11\/Stuffing-and-packaging-1.jpg\" alt=\"Remplissage et emballage\" class=\"wp-image-748\" srcset=\"https:\/\/charcoalplant.com\/wp-content\/uploads\/2021\/11\/Stuffing-and-packaging-1.jpg 720w, https:\/\/charcoalplant.com\/wp-content\/uploads\/2021\/11\/Stuffing-and-packaging-1-300x225.jpg 300w\" sizes=\"auto, (max-width: 720px) 100vw, 720px\" \/><figcaption class=\"wp-element-caption\">Remplissage et emballage<\/figcaption><\/figure>    <figure class=\"wp-block-image size-large\"><img loading=\"lazy\" decoding=\"async\" width=\"720\" height=\"540\" data-id=\"2145\" src=\"https:\/\/charcoalplant.com\/wp-content\/uploads\/2022\/01\/flake-1.jpg\" alt=\"flocon\" class=\"wp-image-2145\"\/><figcaption class=\"wp-element-caption\">flocon<\/figcaption><\/figure> <\/figure>    <p class=\"translation-block\"><strong>2. Liti\u00e8re pour animaux<\/strong><\/p>    <p>Le petit nid de hamster le plus courant contient beaucoup de copeaux de bois. En fait, c'est tr\u00e8s utile. Tout d\u2019abord, restez au chaud. Nous savons tous que les hamsters ont peur du froid, alors d\u00e9poser quelques copeaux dans le nid peut les garder au chaud. Deuxi\u00e8mement, la d\u00e9shumidification et la d\u00e9sodorisation. Le hamster va d\u00e9f\u00e9quer partout et ce n\u2019est pas facile \u00e0 nettoyer. \u00c0 ce stade, nettoyez simplement ceux contamin\u00e9s et remplissez-en de nouveaux. Troisi\u00e8mement, la s\u00e9curit\u00e9 et la sant\u00e9. La sciure de bois est \u00e0 l\u2019origine fabriqu\u00e9e \u00e0 partir d\u2019arbres. Les animaux aspirent \u00e0 la nature, et ce journal le refl\u00e8te \u00e9galement.<\/p>    <figure class=\"wp-block-gallery has-nested-images columns-default is-cropped wp-block-gallery-9 is-layout-flex wp-block-gallery-is-layout-flex\"> <figure class=\"wp-block-image size-large\"><img loading=\"lazy\" decoding=\"async\" width=\"720\" height=\"540\" data-id=\"739\" src=\"https:\/\/charcoalplant.com\/wp-content\/uploads\/2021\/11\/shaver-for-hamsters-bedding-1.jpg\" alt=\"rasoir-pour-literie-pour-hamsters\" class=\"wp-image-739\" srcset=\"https:\/\/charcoalplant.com\/wp-content\/uploads\/2021\/11\/shaver-for-hamsters-bedding-1.jpg 720w, https:\/\/charcoalplant.com\/wp-content\/uploads\/2021\/11\/shaver-for-hamsters-bedding-1-300x225.jpg 300w\" sizes=\"auto, (max-width: 720px) 100vw, 720px\" \/><figcaption class=\"wp-element-caption\">rasoir-pour-literie-pour-hamsters<\/figcaption><\/figure>    <figure class=\"wp-block-image size-large\"><img loading=\"lazy\" decoding=\"async\" width=\"720\" height=\"540\" data-id=\"740\" src=\"https:\/\/charcoalplant.com\/wp-content\/uploads\/2021\/11\/shaver-for-chicken-bedding-1.jpg\" alt=\"rasoir-pour-liti\u00e8re-de-poulet\" class=\"wp-image-740\" srcset=\"https:\/\/charcoalplant.com\/wp-content\/uploads\/2021\/11\/shaver-for-chicken-bedding-1.jpg 720w, https:\/\/charcoalplant.com\/wp-content\/uploads\/2021\/11\/shaver-for-chicken-bedding-1-300x225.jpg 300w\" sizes=\"auto, (max-width: 720px) 100vw, 720px\" \/><figcaption class=\"wp-element-caption\">rasoir-pour-liti\u00e8re-de-poulet<\/figcaption><\/figure> <\/figure>    <p class=\"translation-block\"><strong>3. Milieu de culture v\u00e9g\u00e9tale<\/strong><\/p>    <p>On retrouvera des copeaux de bois dans les petits pots. Il joue un r\u00f4le de r\u00e9tention d\u2019eau et d\u2019am\u00e9lioration de la douceur du sol.<\/p>    <figure class=\"wp-block-gallery has-nested-images columns-default is-cropped wp-block-gallery-10 is-layout-flex wp-block-gallery-is-layout-flex\"> <figure class=\"wp-block-image size-large\"><img loading=\"lazy\" decoding=\"async\" width=\"756\" height=\"228\" data-id=\"2143\" src=\"https:\/\/charcoalplant.com\/wp-content\/uploads\/2022\/01\/medium.jpg\" alt=\"moyen\" class=\"wp-image-2143\"\/><figcaption class=\"wp-element-caption\">moyen<\/figcaption><\/figure> <\/figure>    <h2 class=\"wp-block-heading\">Avantages de l\u2019utilisation d\u2019une machine \u00e0 raser le bois<\/h2>    <ul class=\"wp-block-list\"> <li><strong>Vitesse et efficacit\u00e9 accrues\u00a0:<\/strong> Les machines \u00e0 raser le bois peuvent produire un grand volume de copeaux en peu de temps, ce qui les rend efficaces pour ceux qui doivent traiter r\u00e9guli\u00e8rement beaucoup de bois.<\/li>    <li><strong>Plus de pr\u00e9cision\u00a0:<\/strong> Les machines \u00e0 raser le bois sont plus pr\u00e9cises que les rasoirs \u00e0 bois portatifs, ce qui les rend id\u00e9ales pour des coupes ou des formes pr\u00e9cises.<\/li>    <li><strong>Plus facile \u00e0 utiliser\u00a0:<\/strong> Les machines \u00e0 raser le bois sont g\u00e9n\u00e9ralement plus faciles \u00e0 utiliser que les rasoirs \u00e0 bois portatifs, ce qui en fait un bon choix pour ceux qui d\u00e9butent dans le travail du bois ou qui ont peu d'exp\u00e9rience avec les outils \u00e0 main.<\/li> <\/ul>","protected":false},"excerpt":{"rendered":"<p>La machine \u00e0 raser le bois est un outil important pour fabriquer des copeaux de lit d'animaux, des mat\u00e9riaux de remplissage pour produits fragiles et des milieux de culture v\u00e9g\u00e9tale.<\/p>","protected":false},"author":1,"featured_media":2133,"parent":0,"template":"","tags":[64],"product-type":[3],"class_list":["post-584","product","type-product","status-publish","has-post-thumbnail","hentry","tag-wood-wastes-recycling-machine","product-type-wood-wastes-recycling-machine"],"_links":{"self":[{"href":"https:\/\/charcoalplant.com\/fr\/wp-json\/wp\/v2\/product\/584","targetHints":{"allow":["GET"]}}],"collection":[{"href":"https:\/\/charcoalplant.com\/fr\/wp-json\/wp\/v2\/product"}],"about":[{"href":"https:\/\/charcoalplant.com\/fr\/wp-json\/wp\/v2\/types\/product"}],"author":[{"embeddable":true,"href":"https:\/\/charcoalplant.com\/fr\/wp-json\/wp\/v2\/users\/1"}],"wp:featuredmedia":[{"embeddable":true,"href":"https:\/\/charcoalplant.com\/fr\/wp-json\/wp\/v2\/media\/2133"}],"wp:attachment":[{"href":"https:\/\/charcoalplant.com\/fr\/wp-json\/wp\/v2\/media?parent=584"}],"wp:term":[{"taxonomy":"post_tag","embeddable":true,"href":"https:\/\/charcoalplant.com\/fr\/wp-json\/wp\/v2\/tags?post=584"},{"taxonomy":"product-type","embeddable":true,"href":"https:\/\/charcoalplant.com\/fr\/wp-json\/wp\/v2\/product-type?post=584"}],"curies":[{"name":"wp","href":"https:\/\/api.w.org\/{rel}","templated":true}]}}