{"id":589,"date":"2021-11-24T02:51:39","date_gmt":"2021-11-24T02:51:39","guid":{"rendered":"https:\/\/charcoalplant.com\/?p=589"},"modified":"2022-06-10T02:17:47","modified_gmt":"2022-06-10T02:17:47","slug":"hammer-mill","status":"publish","type":"product","link":"https:\/\/charcoalplant.com\/fr\/product\/hammer-mill\/","title":{"rendered":"Broyeur \u00e0 marteaux | Broyeur de d\u00e9chets de bois"},"content":{"rendered":"<div class=\"kk-star-ratings kksr-auto kksr-align-left kksr-valign-top\"     data-payload='{&quot;align&quot;:&quot;left&quot;,&quot;id&quot;:&quot;589&quot;,&quot;slug&quot;:&quot;default&quot;,&quot;valign&quot;:&quot;top&quot;,&quot;ignore&quot;:&quot;&quot;,&quot;reference&quot;:&quot;auto&quot;,&quot;class&quot;:&quot;&quot;,&quot;count&quot;:&quot;21&quot;,&quot;legendonly&quot;:&quot;&quot;,&quot;readonly&quot;:&quot;&quot;,&quot;score&quot;:&quot;4.6&quot;,&quot;starsonly&quot;:&quot;&quot;,&quot;best&quot;:&quot;5&quot;,&quot;gap&quot;:&quot;5&quot;,&quot;greet&quot;:&quot;Rate this product&quot;,&quot;legend&quot;:&quot;4.6\\\/5 - (21 votes)&quot;,&quot;size&quot;:&quot;24&quot;,&quot;title&quot;:&quot;Hammer Mill | Wood Wastes Grinder&quot;,&quot;width&quot;:&quot;130.9&quot;,&quot;_legend&quot;:&quot;{score}\\\/{best} - ({count} {votes})&quot;,&quot;font_factor&quot;:&quot;1.25&quot;}'>              <div class=\"kksr-stars\">      <div class=\"kksr-stars-inactive\">             <div class=\"kksr-star\" data-star=\"1\" style=\"padding-right: 5px\">               <div class=\"kksr-icon\" style=\"width: 24px; height: 24px;\"><\/div>         <\/div>             <div class=\"kksr-star\" data-star=\"2\" style=\"padding-right: 5px\">               <div class=\"kksr-icon\" style=\"width: 24px; height: 24px;\"><\/div>         <\/div>             <div class=\"kksr-star\" data-star=\"3\" style=\"padding-right: 5px\">               <div class=\"kksr-icon\" style=\"width: 24px; height: 24px;\"><\/div>         <\/div>             <div class=\"kksr-star\" data-star=\"4\" style=\"padding-right: 5px\">               <div class=\"kksr-icon\" style=\"width: 24px; height: 24px;\"><\/div>         <\/div>             <div class=\"kksr-star\" data-star=\"5\" style=\"padding-right: 5px\">               <div class=\"kksr-icon\" style=\"width: 24px; height: 24px;\"><\/div>         <\/div>     <\/div>      <div class=\"kksr-stars-active\" style=\"width: 130.9px;\">             <div class=\"kksr-star\" style=\"padding-right: 5px\">               <div class=\"kksr-icon\" style=\"width: 24px; height: 24px;\"><\/div>         <\/div>             <div class=\"kksr-star\" style=\"padding-right: 5px\">               <div class=\"kksr-icon\" style=\"width: 24px; height: 24px;\"><\/div>         <\/div>             <div class=\"kksr-star\" style=\"padding-right: 5px\">               <div class=\"kksr-icon\" style=\"width: 24px; height: 24px;\"><\/div>         <\/div>             <div class=\"kksr-star\" style=\"padding-right: 5px\">               <div class=\"kksr-icon\" style=\"width: 24px; height: 24px;\"><\/div>         <\/div>             <div class=\"kksr-star\" style=\"padding-right: 5px\">               <div class=\"kksr-icon\" style=\"width: 24px; height: 24px;\"><\/div>         <\/div>     <\/div> <\/div>                   <div class=\"kksr-legend\" style=\"font-size: 19.2px;\">             4,6\/5 - (21 votes)    <\/div>     <\/div>  <p class=\"translation-block\"><strong>Hammer Mill<\/strong> est une version am\u00e9lior\u00e9e du <strong><a href=\"https:\/\/charcoalplant.com\/fr\/wood-crusher-machine\/\">wood shredder<\/a><\/strong>. Parce qu\u2019il peut traiter les mati\u00e8res premi\u00e8res de mani\u00e8re tr\u00e8s d\u00e9licate. Plus important encore, il peut g\u00e9rer une large gamme de mati\u00e8res premi\u00e8res. Telles que le papier, les coques de coco, les brindilles, les mat\u00e9riaux m\u00e9dicinaux, les plastiques, etc. Ainsi, c\u2019est une machine indispensable dans certaines cha\u00eenes de production de recyclage. En m\u00eame temps, t est aussi l\u2019un des projets les plus rentables. Shuliy <strong><a href=\"https:\/\/charcoalplant.com\/fr\/info\/complete-set-of-animal-feed-making-machines-exported-to-saudi-arabia\/\">hammer milling machine<\/a><\/strong> a les caract\u00e9ristiques de haute qualit\u00e9, bonne performance, haute efficacit\u00e9 et \u00e9conomie d\u2019\u00e9nergie, et une large gamme d\u2019applications. Lancez votre activit\u00e9 d\u00e8s maintenant et nous vous offrirons une grande r\u00e9duction.<\/p>    <h2 class=\"wp-block-heading\" id=\"h-raw-materials-for-hammer-mill\"><strong>Mati\u00e8res premi\u00e8res pour broyeur \u00e0 marteaux<\/strong><\/h2>    <p>Les broyeurs \u00e0 marteaux commerciaux sont plus largement utilis\u00e9s que les broyeurs de bois ordinaires, avec un rendement plus \u00e9lev\u00e9 et davantage de types de produits finis. Les mati\u00e8res premi\u00e8res qu'il peut traiter peuvent \u00eatre divis\u00e9es dans les cat\u00e9gories suivantes. <\/p>    <ul class=\"wp-block-list\"><li>Mat\u00e9riaux en bois : b\u00fbches, copeaux de bois, planches de bois, branches, bambous, peupliers, arbres fruitiers, etc. <\/li><li>C\u00e9r\u00e9ales : ma\u00efs, bl\u00e9, sorgho, sarrasin, soja, etc. <\/li><li>Charbon de bois : charbon brut, charbon de bambou, charbon de fruits, charbon de noix de coco, etc. <\/li><li>Fibres : paille de riz, paille, paille de bl\u00e9, paille de coton et de chanvre, etc. <\/li><li>Autres : cartons, coques de noix de coco, plantes m\u00e9dicinales chinoises, fourrages, etc.  <\/li><\/ul>    <figure class=\"wp-block-gallery has-nested-images columns-4 is-cropped wp-block-gallery-2 is-layout-flex wp-block-gallery-is-layout-flex\"> <figure class=\"wp-block-image size-large\"><img loading=\"lazy\" decoding=\"async\" width=\"720\" height=\"540\" data-id=\"2063\" src=\"https:\/\/charcoalplant.com\/wp-content\/uploads\/2021\/11\/bamboo.jpg\" alt=\"bambou\" class=\"wp-image-2063\"\/><figcaption>bambou<\/figcaption><\/figure>    <figure class=\"wp-block-image size-large\"><img loading=\"lazy\" decoding=\"async\" width=\"720\" height=\"540\" data-id=\"2064\" src=\"https:\/\/charcoalplant.com\/wp-content\/uploads\/2021\/11\/Chinese-herbal-medicine.jpg\" alt=\"Phytoth\u00e9rapie chinoise\" class=\"wp-image-2064\"\/><figcaption>Phytoth\u00e9rapie chinoise<\/figcaption><\/figure>    <figure class=\"wp-block-image size-large\"><img loading=\"lazy\" decoding=\"async\" width=\"720\" height=\"540\" data-id=\"2066\" src=\"https:\/\/charcoalplant.com\/wp-content\/uploads\/2021\/11\/wastes-wood-chips.jpg\" alt=\"gaspille des copeaux de bois\" class=\"wp-image-2066\"\/><figcaption>gaspille des copeaux de bois<\/figcaption><\/figure>    <figure class=\"wp-block-image size-large\"><img loading=\"lazy\" decoding=\"async\" width=\"720\" height=\"540\" data-id=\"2087\" src=\"https:\/\/charcoalplant.com\/wp-content\/uploads\/2022\/01\/carton-box.jpg\" alt=\"bo\u00eete en carton\" class=\"wp-image-2087\"\/><figcaption>bo\u00eete en carton<\/figcaption><\/figure>    <figure class=\"wp-block-image size-large\"><img loading=\"lazy\" decoding=\"async\" width=\"720\" height=\"540\" data-id=\"2088\" src=\"https:\/\/charcoalplant.com\/wp-content\/uploads\/2022\/01\/charcoal.jpg\" alt=\"charbon\" class=\"wp-image-2088\"\/><figcaption>charbon<\/figcaption><\/figure>    <figure class=\"wp-block-image size-large\"><img loading=\"lazy\" decoding=\"async\" width=\"720\" height=\"540\" data-id=\"2089\" src=\"https:\/\/charcoalplant.com\/wp-content\/uploads\/2022\/01\/coconut-shell.jpg\" alt=\"coquille de noix de coco\" class=\"wp-image-2089\"\/><figcaption>coquille de noix de coco<\/figcaption><\/figure>    <figure class=\"wp-block-image size-large\"><img loading=\"lazy\" decoding=\"async\" width=\"720\" height=\"540\" data-id=\"2090\" src=\"https:\/\/charcoalplant.com\/wp-content\/uploads\/2022\/01\/corn-and-bean.jpg\" alt=\"ma\u00efs et haricots\" class=\"wp-image-2090\"\/><figcaption>ma\u00efs et haricots<\/figcaption><\/figure> <\/figure>    <h2 class=\"wp-block-heading\" id=\"h-operating-principle-of-wood-wastes-grinder\"><strong>Principe de fonctionnement du broyeur de d\u00e9chets de bois <\/strong><\/h2>    <p>Le principe de fonctionnement principal du broyeur \u00e0 marteaux est que le rotor rotatif \u00e0 grande vitesse entra\u00eene le marteau de l'arbre principal \u00e0 tourner \u00e0 grande vitesse. Une fois la mati\u00e8re premi\u00e8re pass\u00e9e par le marteau, elle sera imm\u00e9diatement broy\u00e9e. Il s\u2019agit donc d\u2019un appareil de broyage qui fonctionne de mani\u00e8re durable.<\/p>    <figure class=\"wp-block-gallery has-nested-images columns-default is-cropped wp-block-gallery-3 is-layout-flex wp-block-gallery-is-layout-flex\"> <figure class=\"wp-block-image size-large\"><img loading=\"lazy\" decoding=\"async\" width=\"720\" height=\"540\" data-id=\"2068\" src=\"https:\/\/charcoalplant.com\/wp-content\/uploads\/2022\/01\/HM1300-wood-crusher.jpg\" alt=\"Broyeur-de-bois HM1300\" class=\"wp-image-2068\"\/><figcaption>Broyeur-de-bois HM1300<\/figcaption><\/figure>    <figure class=\"wp-block-image size-large\"><img loading=\"lazy\" decoding=\"async\" width=\"720\" height=\"540\" data-id=\"2069\" src=\"https:\/\/charcoalplant.com\/wp-content\/uploads\/2022\/01\/large-campcity-hammer-mill.jpg\" alt=\"grand-campcity-hammer-mill\" class=\"wp-image-2069\"\/><figcaption>grand-campcity-hammer-mill<\/figcaption><\/figure> <\/figure>    <h2 class=\"wp-block-heading\" id=\"video-of-hammer-crusher-crushing\"><strong>Vid\u00e9o<\/strong> <strong>de<\/strong> <strong>concasseur \u00e0 marteaux concassage <\/strong><\/h2>    <p>Hammermill a une puissante force d\u2019\u00e9crasement. Par cons\u00e9quent, il peut traiter davantage la d\u00e9chiqueteuse \u00e0 bois et le broyeur de bois finis. Gr\u00e2ce \u00e0 la vid\u00e9o, vous pouvez clairement voir les avantages de sa haute efficacit\u00e9 et de sa facilit\u00e9 d\u2019utilisation.<\/p>    <figure class=\"wp-block-embed is-type-video is-provider-youtube wp-block-embed-youtube wp-embed-aspect-16-9 wp-has-aspect-ratio\"><div class=\"wp-block-embed__wrapper\"> <iframe loading=\"lazy\" title=\"Broyeur \u00e0 marteaux en coquille de noix de coco, offre sp\u00e9ciale | Broyeur de paille pour usine d&#039;alimentation animale#biomasse#charcoalconcassage\" width=\"500\" height=\"281\" src=\"https:\/\/www.youtube.com\/embed\/Jvb6txakGeQ?feature=oembed\" frameborder=\"0\" allow=\"accelerometer; autoplay; clipboard-write; encrypted-media; gyroscope; picture-in-picture; web-share\" referrerpolicy=\"strict-origin-when-cross-origin\" allowfullscreen><\/iframe> <\/div><\/figure>    <h2 class=\"wp-block-heading\" id=\"h-composition-of-hammer-mill\"><strong>Composition du broyeur \u00e0 marteaux<\/strong><\/h2>    <p>Le broyeur \u00e0 marteaux en bois est une machine de concassage \u00e0 grande vitesse. Il comprend principalement des accessoires tels que des joints, des marteaux, un ventilateur \u00e0 tirage induit et des \u00e9crans.<\/p>    <h3 class=\"wp-block-heading\" id=\"screen-and-hammer\"><strong>\u00c9cran et marteau<\/strong><strong><\/strong><\/h3>    <p>Le nombre de marteaux du broyeur de d\u00e9chets de bois\u00a0d\u00e9termine la quantit\u00e9 d'alimentation, c'est-\u00e0-dire la taille de son mod\u00e8le. Le diam\u00e8tre de la maille du tamis d\u00e9termine la finesse du mat\u00e9riau final. <\/p>    <figure class=\"wp-block-gallery has-nested-images columns-default is-cropped wp-block-gallery-4 is-layout-flex wp-block-gallery-is-layout-flex\"> <figure class=\"wp-block-image size-large\"><img loading=\"lazy\" decoding=\"async\" width=\"720\" height=\"540\" data-id=\"754\" src=\"https:\/\/charcoalplant.com\/wp-content\/uploads\/2021\/11\/hammer-and-screen-1.jpg\" alt=\"marteau et \u00e9cran\" class=\"wp-image-754\" srcset=\"https:\/\/charcoalplant.com\/wp-content\/uploads\/2021\/11\/hammer-and-screen-1.jpg 720w, https:\/\/charcoalplant.com\/wp-content\/uploads\/2021\/11\/hammer-and-screen-1-300x225.jpg 300w\" sizes=\"auto, (max-width: 720px) 100vw, 720px\" \/><figcaption>marteau et \u00e9cran<\/figcaption><\/figure>    <figure class=\"wp-block-image size-large\"><img loading=\"lazy\" decoding=\"async\" width=\"720\" height=\"540\" data-id=\"755\" src=\"https:\/\/charcoalplant.com\/wp-content\/uploads\/2021\/11\/Various-screens-1.jpg\" alt=\"Divers-\u00e9crans\" class=\"wp-image-755\" srcset=\"https:\/\/charcoalplant.com\/wp-content\/uploads\/2021\/11\/Various-screens-1.jpg 720w, https:\/\/charcoalplant.com\/wp-content\/uploads\/2021\/11\/Various-screens-1-300x225.jpg 300w\" sizes=\"auto, (max-width: 720px) 100vw, 720px\" \/><figcaption>Divers-\u00e9crans<\/figcaption><\/figure> <figcaption class=\"blocks-gallery-caption\">Le nombre de marteaux est li\u00e9 au mod\u00e8le de la machine. La taille de l'\u00e9cran est \u00e9galement vari\u00e9e. Ils sont donc tous personnalisables selon les exigences du client.<\/figcaption><\/figure>    <h3 class=\"wp-block-heading\" id=\"discharging-device\"><strong>Dispositif de d\u00e9charge<\/strong><\/h3>    <p>Le broyeur \u00e0 marteaux dispose de deux types de dispositifs de d\u00e9charge : la d\u00e9charge \u00e0 vis et la d\u00e9charge Shaclon. Et la combinaison des deux peut am\u00e9liorer la qualit\u00e9 du r\u00e9sultat.<\/p>    <figure class=\"wp-block-gallery has-nested-images columns-default is-cropped wp-block-gallery-5 is-layout-flex wp-block-gallery-is-layout-flex\"> <figure class=\"wp-block-image size-large\"><img loading=\"lazy\" decoding=\"async\" width=\"720\" height=\"540\" data-id=\"2070\" src=\"https:\/\/charcoalplant.com\/wp-content\/uploads\/2022\/01\/hammer-milling-machine-plant.jpg\" alt=\"usine de fraisage \u00e0 marteaux\" class=\"wp-image-2070\"\/><figcaption>usine de fraisage \u00e0 marteaux<\/figcaption><\/figure> <figcaption class=\"blocks-gallery-caption\">Le d\u00e9poussi\u00e9reur est \u00e9quip\u00e9 d'un r\u00e9ducteur pour ralentir la vitesse de coupe. Et il peut \u00eatre \u00e9quip\u00e9 de dispositifs de d\u00e9poussi\u00e9rage pour r\u00e9duire la composition en poussi\u00e8re du produit fini. Et assurez-vous d\u2019un environnement de travail propre.<\/figcaption><\/figure>    <h2 class=\"wp-block-heading\" id=\"finished-product-of-various-sizes\"><strong>Produit fini de diff\u00e9rentes tailles<\/strong><\/h2>    <p>Les broyeurs \u00e0 marteaux peuvent produire diff\u00e9rentes tailles de finesse. G\u00e9n\u00e9ralement, le broyeur \u00e0 marteaux peut alimenter la poudre puis la d\u00e9charger, qui peut \u00eatre produite en continu en grande quantit\u00e9. Le bois est le plus souvent transform\u00e9 en sciure de bois de 3 mm. Il existe \u00e9galement des copeaux de bois transform\u00e9s \u00e0 6-8 mm pour le retraitement et la vente. Et le charbon de bois est g\u00e9n\u00e9ralement transform\u00e9 en poudre de charbon de bois de 3 mm.<\/p>    <figure class=\"wp-block-gallery has-nested-images columns-default is-cropped wp-block-gallery-6 is-layout-flex wp-block-gallery-is-layout-flex\"> <figure class=\"wp-block-image size-large\"><img loading=\"lazy\" decoding=\"async\" width=\"720\" height=\"540\" data-id=\"2075\" src=\"https:\/\/charcoalplant.com\/wp-content\/uploads\/2022\/01\/Finished-products-of-different-fineness.jpg\" alt=\"Produits finis de diff\u00e9rentes finesses\" class=\"wp-image-2075\"\/><figcaption>Produits finis de diff\u00e9rentes finesses<\/figcaption><\/figure> <\/figure>    <h2 class=\"wp-block-heading\" id=\"application-of-industrial-hammer-milling-machine\"><strong>Application de la fraiseuse \u00e0 marteaux industrielle <\/strong><\/h2>    <ol class=\"wp-block-list\"><li>Ligne de production de charbon de bois<br>Les broyeurs \u00e0 marteaux sont largement utilis\u00e9s dans <strong><a href=\"https:\/\/charcoalplant.com\/fr\/charcoal-making-machine-3\/\">lignes de production de charbon de bois<\/a><\/strong>. Fournir des mati\u00e8res premi\u00e8res pour la production de <strong><a href=\"https:\/\/charcoalplant.com\/fr\/biomass-briquette-machine\/sawdust-briquette-machine\/\">briquette de biomasse<\/a><\/strong>. Il peut \u00e9galement broyer directement le charbon de bois pour produire des briquettes de charbon de bois.<\/li><li><strong><a href=\"https:\/\/charcoalplant.com\/fr\/info\/hammermill-for-animal-feed-factory\/\">L'alimentation animale<\/a><\/strong><br>Il r\u00e9duit en poudre le fourrage et les c\u00e9r\u00e9ales. Les clients peuvent donc utiliser ces mat\u00e9riaux comme aliments pour animaux.<\/li><li>Nutriments<br>La sciure de bois est utilis\u00e9e comme engrais pour augmenter la fertilit\u00e9 du sol. De plus, il peut \u00e9galement \u00eatre utilis\u00e9 comme support pour la culture de champignons.<\/li><li>Fabrication du papier<br>Une fois que le broyeur \u00e0 bois a d\u00e9chiquet\u00e9 le papier, il peut \u00eatre r\u00e9utilis\u00e9 pour la fabrication du papier.<\/li><\/ol>    <figure class=\"wp-block-gallery has-nested-images columns-default is-cropped wp-block-gallery-7 is-layout-flex wp-block-gallery-is-layout-flex\"> <figure class=\"wp-block-image size-large\"><img loading=\"lazy\" decoding=\"async\" width=\"720\" height=\"540\" data-id=\"2076\" src=\"https:\/\/charcoalplant.com\/wp-content\/uploads\/2022\/01\/hammer-crusher-plant.jpg\" alt=\"usine de concassage \u00e0 marteaux\" class=\"wp-image-2076\"\/><figcaption>usine de concassage \u00e0 marteaux<\/figcaption><\/figure>    <figure class=\"wp-block-image size-large\"><img loading=\"lazy\" decoding=\"async\" width=\"720\" height=\"540\" data-id=\"2078\" src=\"https:\/\/charcoalplant.com\/wp-content\/uploads\/2022\/01\/wood-crusher-production-line.jpg\" alt=\"ligne-de-production-de-broyeur-de-bois\" class=\"wp-image-2078\"\/><figcaption>ligne-de-production-de-broyeur-de-bois<\/figcaption><\/figure> <\/figure>    <h2 class=\"wp-block-heading\" id=\"h-wood-waste-grinder-for-sale\"><strong>Broyeur de d\u00e9chets de bois \u00e0 vendre<\/strong><\/h2>    <p>Shuliy Machinery Equipment Co., Ltd. est le premier fabricant d'\u00e9quipements de recyclage du bois en Chine. Nous vendons des broyeurs \u00e9lectriques de d\u00e9chets de bois, des broyeurs \u00e0 marteaux diesel et des broyeurs \u00e9lectriques diesel hybrides de d\u00e9chets de bois. Ce concasseur \u00e0 marteaux est polyvalent et peut traiter diff\u00e9rentes mati\u00e8res premi\u00e8res. Vous pouvez donc choisir diff\u00e9rents mod\u00e8les avec audace. Nous personnaliserons \u00e9galement le port d'alimentation, la m\u00e9thode de d\u00e9chargement et la mobilit\u00e9 de l'\u00e9quipement. Appelez-nous ou envoyez-nous un courriel pour plus d'informations sur le produit.<\/p>    <figure class=\"wp-block-gallery has-nested-images columns-2 is-cropped wp-block-gallery-8 is-layout-flex wp-block-gallery-is-layout-flex\"> <figure class=\"wp-block-image size-large\"><img loading=\"lazy\" decoding=\"async\" width=\"720\" height=\"540\" data-id=\"2071\" src=\"https:\/\/charcoalplant.com\/wp-content\/uploads\/2022\/01\/diesel-hammermill.jpg\" alt=\"\" class=\"wp-image-2071\"\/><figcaption>Broyeur-\u00e0-marteaux-diesel-\u00e0-vendre<\/figcaption><\/figure>    <figure class=\"wp-block-image size-large\"><img loading=\"lazy\" decoding=\"async\" width=\"720\" height=\"540\" data-id=\"2072\" src=\"https:\/\/charcoalplant.com\/wp-content\/uploads\/2022\/01\/movable-wood-hammermilling.jpg\" alt=\"fraisage \u00e0 bois mobile\" class=\"wp-image-2072\"\/><figcaption>fraisage \u00e0 bois mobile<\/figcaption><\/figure>    <figure class=\"wp-block-image size-large\"><img loading=\"lazy\" decoding=\"async\" width=\"720\" height=\"540\" data-id=\"2073\" src=\"https:\/\/charcoalplant.com\/wp-content\/uploads\/2022\/01\/Double-feed-port-hammer-mill.jpg\" alt=\"Broyeur \u00e0 marteaux \u00e0 port d&#039;alimentation double\" class=\"wp-image-2073\"\/><figcaption>Broyeur \u00e0 marteaux \u00e0 port d'alimentation double<\/figcaption><\/figure>    <figure class=\"wp-block-image size-large\"><img loading=\"lazy\" decoding=\"async\" width=\"720\" height=\"540\" data-id=\"2074\" src=\"https:\/\/charcoalplant.com\/wp-content\/uploads\/2022\/01\/wood-crusher-with-dust-equipment.jpg\" alt=\"broyeur-de-bois-avec-equipement-a-poussi\u00e8re\" class=\"wp-image-2074\"\/><figcaption>broyeur-de-bois-avec-equipement-a-poussi\u00e8re<\/figcaption><\/figure> <figcaption class=\"blocks-gallery-caption\">Le broyeur \u00e0 marteaux \u00e0 double port d'alimentation peut r\u00e9aliser la fonction de broyeur \u00e0 bois et de broyeur \u00e0 marteaux. Des broyeurs \u00e0 marteaux diesel et \u00e0 roues sont \u00e9galement disponibles pour la commodit\u00e9 des clients travaillant \u00e0 l'ext\u00e9rieur.<\/figcaption><\/figure>    <h2 class=\"wp-block-heading\" id=\"hammer-crushing-machine-parameters\"><strong>Param\u00e8tres de la machine de concassage \u00e0 marteaux<\/strong><\/h2>    <figure class=\"wp-block-table is-style-stripes\"><table><tbody><tr><td>Mod\u00e8le<\/td><td>SL-HM60<\/td><td>SL-HM70<\/td><td>SL-HM80<\/td><td>SL-HM90<\/td><td>SL-HM1000<\/td><td>SL-HM1300<\/td><\/tr><tr><td>Puissance (kw)<\/td><td>22<\/td><td>30<\/td><td>37<\/td><td>55<\/td><td>75<\/td><td>90<\/td><\/tr><tr><td>Marteaux (pi\u00e8ces)<\/td><td>30<\/td><td>40<\/td><td>50<\/td><td>50<\/td><td>105<\/td><td>105<\/td><\/tr><tr><td>Ventilateur (kW)<\/td><td>&nbsp;<\/td><td>&nbsp;<\/td><td>7.5<\/td><td>7.5<\/td><td>11<\/td><td>22<\/td><\/tr><tr><td>D\u00e9poussi\u00e9reur (pi\u00e8ces)<\/td><td>5<\/td><td>5<\/td><td>5<\/td><td>5<\/td><td>14<\/td><td>14<\/td><\/tr><tr><td>Diam\u00e8tre du cyclone (m)<\/td><td>1<\/td><td>1<\/td><td>1<\/td><td>1<\/td><td>1<\/td><td>1<\/td><\/tr><tr><td>Capacit\u00e9 (t\/h)<\/td><td>0.6-0.8<\/td><td>1-1.2<\/td><td>1.2-1.5<\/td><td>1.5-3<\/td><td>3-4<\/td><td>4-5<\/td><\/tr><\/tbody><\/table><figcaption>Les SL-HM 60 et SL-HM70 sont nos best-sellers. En raison de leur petite taille et de leur faible co\u00fbt. Le SL-HM 1300 est le plus couramment utilis\u00e9 dans les lignes de production.<\/figcaption><\/figure>    <h2 class=\"wp-block-heading\" id=\"h-the-difference-between-hammer-mill-and-wood-crusher\"><strong>La diff\u00e9rence entre un broyeur \u00e0 marteaux et du bois<\/strong><strong>&nbsp;broyeur <\/strong><strong><\/strong><\/h2>    <p>Premi\u00e8rement, les mati\u00e8res premi\u00e8res.<\/p>    <p class=\"translation-block\">Les mati\u00e8res premi\u00e8res trait\u00e9es par le broyeur \u00e0 marteaux sont larges et petites. La mati\u00e8re premi\u00e8re du <strong><a href=\"https:\/\/charcoalplant.com\/fr\/wood-wastes-recycling-machine\/wood-crusher-machine\/\">broyeur de bois<\/a><\/strong> est unique et grande.<\/p>    <p>Deuxi\u00e8mement, la structure.<\/p>    <p>La structure du premier se compose principalement de joints, de marteaux et de tamis. Cette derni\u00e8re structure se compose principalement d'une t\u00eate de coupe, d'une t\u00eate de marteau et d'un tamis.<\/p>    <p>Troisi\u00e8mement, la force bris\u00e9e.<\/p>    <p>La force d\u2019\u00e9crasement du premier est sup\u00e9rieure \u00e0 celle du second. Cela peut \u00eatre consid\u00e9r\u00e9 comme un traitement raffin\u00e9 du produit fini de ce dernier.<\/p>","protected":false},"excerpt":{"rendered":"<p>Le broyeur \u00e0 marteaux peut \u00e9craser les copeaux de bois, la paille, les cartons, etc. Nos \u00e9crans de diam\u00e8tres 1mm, 4mm, 6mm\u2026 peuvent r\u00e9pondre aux besoins de production des clients.<\/p>","protected":false},"author":1,"featured_media":919,"parent":0,"template":"","tags":[64],"product-type":[3],"class_list":["post-589","product","type-product","status-publish","has-post-thumbnail","hentry","tag-wood-wastes-recycling-machine","product-type-wood-wastes-recycling-machine"],"_links":{"self":[{"href":"https:\/\/charcoalplant.com\/fr\/wp-json\/wp\/v2\/product\/589","targetHints":{"allow":["GET"]}}],"collection":[{"href":"https:\/\/charcoalplant.com\/fr\/wp-json\/wp\/v2\/product"}],"about":[{"href":"https:\/\/charcoalplant.com\/fr\/wp-json\/wp\/v2\/types\/product"}],"author":[{"embeddable":true,"href":"https:\/\/charcoalplant.com\/fr\/wp-json\/wp\/v2\/users\/1"}],"wp:featuredmedia":[{"embeddable":true,"href":"https:\/\/charcoalplant.com\/fr\/wp-json\/wp\/v2\/media\/919"}],"wp:attachment":[{"href":"https:\/\/charcoalplant.com\/fr\/wp-json\/wp\/v2\/media?parent=589"}],"wp:term":[{"taxonomy":"post_tag","embeddable":true,"href":"https:\/\/charcoalplant.com\/fr\/wp-json\/wp\/v2\/tags?post=589"},{"taxonomy":"product-type","embeddable":true,"href":"https:\/\/charcoalplant.com\/fr\/wp-json\/wp\/v2\/product-type?post=589"}],"curies":[{"name":"wp","href":"https:\/\/api.w.org\/{rel}","templated":true}]}}