{"id":783,"date":"2021-11-24T05:33:50","date_gmt":"2021-11-24T05:33:50","guid":{"rendered":"https:\/\/charcoalplant.com\/?p=783"},"modified":"2023-06-01T10:02:38","modified_gmt":"2023-06-01T02:02:38","slug":"waste-wooden-pallet-grinder","status":"publish","type":"product","link":"https:\/\/charcoalplant.com\/fr\/product\/waste-wooden-pallet-grinder\/","title":{"rendered":"Broyeur de palettes en bois | Broyeur de bois industriel"},"content":{"rendered":"<div class=\"kk-star-ratings kksr-auto kksr-align-left kksr-valign-top\"     data-payload='{&quot;align&quot;:&quot;left&quot;,&quot;id&quot;:&quot;783&quot;,&quot;slug&quot;:&quot;default&quot;,&quot;valign&quot;:&quot;top&quot;,&quot;ignore&quot;:&quot;&quot;,&quot;reference&quot;:&quot;auto&quot;,&quot;class&quot;:&quot;&quot;,&quot;count&quot;:&quot;30&quot;,&quot;legendonly&quot;:&quot;&quot;,&quot;readonly&quot;:&quot;&quot;,&quot;score&quot;:&quot;4.6&quot;,&quot;starsonly&quot;:&quot;&quot;,&quot;best&quot;:&quot;5&quot;,&quot;gap&quot;:&quot;5&quot;,&quot;greet&quot;:&quot;Rate this product&quot;,&quot;legend&quot;:&quot;4.6\\\/5 - (30 votes)&quot;,&quot;size&quot;:&quot;24&quot;,&quot;title&quot;:&quot;Waste Wooden Pallet Grinder | Industrial Wood Shredder&quot;,&quot;width&quot;:&quot;130.9&quot;,&quot;_legend&quot;:&quot;{score}\\\/{best} - ({count} {votes})&quot;,&quot;font_factor&quot;:&quot;1.25&quot;}'>              <div class=\"kksr-stars\">      <div class=\"kksr-stars-inactive\">             <div class=\"kksr-star\" data-star=\"1\" style=\"padding-right: 5px\">               <div class=\"kksr-icon\" style=\"width: 24px; height: 24px;\"><\/div>         <\/div>             <div class=\"kksr-star\" data-star=\"2\" style=\"padding-right: 5px\">               <div class=\"kksr-icon\" style=\"width: 24px; height: 24px;\"><\/div>         <\/div>             <div class=\"kksr-star\" data-star=\"3\" style=\"padding-right: 5px\">               <div class=\"kksr-icon\" style=\"width: 24px; height: 24px;\"><\/div>         <\/div>             <div class=\"kksr-star\" data-star=\"4\" style=\"padding-right: 5px\">               <div class=\"kksr-icon\" style=\"width: 24px; height: 24px;\"><\/div>         <\/div>             <div class=\"kksr-star\" data-star=\"5\" style=\"padding-right: 5px\">               <div class=\"kksr-icon\" style=\"width: 24px; height: 24px;\"><\/div>         <\/div>     <\/div>      <div class=\"kksr-stars-active\" style=\"width: 130.9px;\">             <div class=\"kksr-star\" style=\"padding-right: 5px\">               <div class=\"kksr-icon\" style=\"width: 24px; height: 24px;\"><\/div>         <\/div>             <div class=\"kksr-star\" style=\"padding-right: 5px\">               <div class=\"kksr-icon\" style=\"width: 24px; height: 24px;\"><\/div>         <\/div>             <div class=\"kksr-star\" style=\"padding-right: 5px\">               <div class=\"kksr-icon\" style=\"width: 24px; height: 24px;\"><\/div>         <\/div>             <div class=\"kksr-star\" style=\"padding-right: 5px\">               <div class=\"kksr-icon\" style=\"width: 24px; height: 24px;\"><\/div>         <\/div>             <div class=\"kksr-star\" style=\"padding-right: 5px\">               <div class=\"kksr-icon\" style=\"width: 24px; height: 24px;\"><\/div>         <\/div>     <\/div> <\/div>                   <div class=\"kksr-legend\" style=\"font-size: 19.2px;\">             4,6\/5 - (30 voix)    <\/div>     <\/div>  <p class=\"translation-block\">Le broyeur de palettes en bois usag\u00e9es est adapt\u00e9 au broyage de mat\u00e9riaux de formes sp\u00e9ciales et peut couper directement des mat\u00e9riaux plus longs. Il peut broyer des troncs irr\u00e9guliers, du bambou, des branches,<strong> <\/strong>des palettes en bois et des m\u00e9taux l\u00e9gers. Le broyeur de bois industriel Shuliy est largement utilis\u00e9, avec une haute production, robuste et durable, et un faible bruit. En r\u00e9sum\u00e9, il est tr\u00e8s adapt\u00e9 pour le traitement continu de lot de bois. C'est un <strong><a href=\"https:\/\/charcoalplant.com\/fr\/news\/how-to-make-money-from-waste-wood-doors-and-windows\/\">appareil rentable<\/a><\/strong>. De plus, nous croyons que nous coop\u00e9rerons avec vous avec plaisir.<\/p>    <h2 class=\"wp-block-heading\" id=\"raw-materials-of-industrial-wood-shredder\"><strong>Mati\u00e8res premi\u00e8res du broyeur de bois industriel<\/strong><\/h2>    <p>Le broyeur de bois industriel est \u00e9galement appel\u00e9 broyeur complet. Parce qu\u2019il peut g\u00e9rer une grande vari\u00e9t\u00e9 de mat\u00e9riaux en bois. En bref, les mati\u00e8res premi\u00e8res du broyeur de palettes de d\u00e9chets de bois sont divis\u00e9es en deux cat\u00e9gories : les mati\u00e8res premi\u00e8res ordinaires et les mati\u00e8res premi\u00e8res contenant du m\u00e9tal.<\/p>    <ul class=\"wp-block-list\"> <li>Mati\u00e8res premi\u00e8res courantes : b\u00fbches, branches, planches de bois, bambou, restes de menuiserie, \u00e9pi de ma\u00efs, <a href=\"https:\/\/charcoalplant.com\/fr\/info\/what-are-the-uses-of-coconut-shells\/\">coquilles de noix de coco<\/a>, tabac, plantes m\u00e9dicinales chinoises, etc.<\/li> <\/ul>    <figure class=\"wp-block-gallery has-nested-images columns-4 is-cropped wp-block-gallery-2 is-layout-flex wp-block-gallery-is-layout-flex\"> <figure class=\"wp-block-image size-large\"><img loading=\"lazy\" decoding=\"async\" width=\"720\" height=\"540\" data-id=\"2179\" src=\"https:\/\/charcoalplant.com\/wp-content\/uploads\/2022\/01\/corn-cob.jpg\" alt=\"\" class=\"wp-image-2179\"\/><\/figure>    <figure class=\"wp-block-image size-large\"><img loading=\"lazy\" decoding=\"async\" width=\"720\" height=\"540\" data-id=\"2180\" src=\"https:\/\/charcoalplant.com\/wp-content\/uploads\/2022\/01\/raw-coconut-shell.jpg\" alt=\"\" class=\"wp-image-2180\"\/><\/figure>    <figure class=\"wp-block-image size-large\"><img loading=\"lazy\" decoding=\"async\" width=\"720\" height=\"540\" data-id=\"2178\" src=\"https:\/\/charcoalplant.com\/wp-content\/uploads\/2022\/01\/scrapwood.jpg\" alt=\"\" class=\"wp-image-2178\"\/><\/figure>    <figure class=\"wp-block-image size-large\"><img loading=\"lazy\" decoding=\"async\" width=\"720\" height=\"540\" data-id=\"2181\" src=\"https:\/\/charcoalplant.com\/wp-content\/uploads\/2022\/01\/tree-branch.jpg\" alt=\"\" class=\"wp-image-2181\"\/><\/figure> <\/figure>    <ul class=\"wp-block-list\"> <li> Mati\u00e8res premi\u00e8res contenant du m\u00e9tal : d\u00e9chets de palettes en bois, d\u00e9chets de meubles, portes et fen\u00eatres avec clous et caisses en bois, etc.<\/li> <\/ul>    <figure class=\"wp-block-gallery has-nested-images columns-4 is-cropped wp-block-gallery-3 is-layout-flex wp-block-gallery-is-layout-flex\"> <figure class=\"wp-block-image size-large\"><img loading=\"lazy\" decoding=\"async\" width=\"720\" height=\"540\" data-id=\"2182\" src=\"https:\/\/charcoalplant.com\/wp-content\/uploads\/2022\/01\/doors.jpg\" alt=\"\" class=\"wp-image-2182\"\/><\/figure>    <figure class=\"wp-block-image size-large\"><img loading=\"lazy\" decoding=\"async\" width=\"720\" height=\"540\" data-id=\"2183\" src=\"https:\/\/charcoalplant.com\/wp-content\/uploads\/2022\/01\/Wood-pallet.jpg\" alt=\"\" class=\"wp-image-2183\"\/><\/figure>    <figure class=\"wp-block-image size-large\"><img loading=\"lazy\" decoding=\"async\" width=\"720\" height=\"540\" data-id=\"2184\" src=\"https:\/\/charcoalplant.com\/wp-content\/uploads\/2022\/01\/boxes.jpg\" alt=\"\" class=\"wp-image-2184\"\/><\/figure>    <figure class=\"wp-block-image size-large\"><img loading=\"lazy\" decoding=\"async\" width=\"720\" height=\"540\" data-id=\"2185\" src=\"https:\/\/charcoalplant.com\/wp-content\/uploads\/2022\/01\/chair.jpg\" alt=\"\" class=\"wp-image-2185\"\/><\/figure> <\/figure>    <h2 class=\"wp-block-heading\" id=\"structure-of-waste-wooden-pallet-grinder\"><strong>Structure du broyeur de d\u00e9chets de palettes en bois<\/strong><\/h2>    <p class=\"has-text-align-left translation-block\">Le broyeur complet peut traiter le bois ordinaire et les mat\u00e9riaux durs avec du m\u00e9tal. Sa structure est complexe et ses capacit\u00e9s de s\u00e9curit\u00e9 op\u00e9rationnelle et de manipulation des mat\u00e9riaux sont tr\u00e8s \u00e9lev\u00e9es. Il comprend principalement des <strong>rouleaux presseurs, des bandes transporteuses, des scies \u00e0 griffes de tigre, des scies \u00e0 lames, des pompes hydrauliques, des rouleaux magn\u00e9tiques, des tamis et d'autres accessoires<\/strong>.<\/p>    <figure class=\"wp-block-gallery has-nested-images columns-2 is-cropped wp-block-gallery-4 is-layout-flex wp-block-gallery-is-layout-flex\"> <figure class=\"wp-block-image size-large\"><img loading=\"lazy\" decoding=\"async\" width=\"720\" height=\"540\" data-id=\"803\" src=\"https:\/\/charcoalplant.com\/wp-content\/uploads\/2021\/11\/Inlet-2.jpg\" alt=\"Entr\u00e9e\" class=\"wp-image-803\" srcset=\"https:\/\/charcoalplant.com\/wp-content\/uploads\/2021\/11\/Inlet-2.jpg 720w, https:\/\/charcoalplant.com\/wp-content\/uploads\/2021\/11\/Inlet-2-300x225.jpg 300w\" sizes=\"auto, (max-width: 720px) 100vw, 720px\" \/><figcaption class=\"wp-element-caption\">Entr\u00e9e<\/figcaption><\/figure>    <figure class=\"wp-block-image size-large\"><img loading=\"lazy\" decoding=\"async\" width=\"720\" height=\"540\" data-id=\"806\" src=\"https:\/\/charcoalplant.com\/wp-content\/uploads\/2021\/11\/screen-1.jpg\" alt=\"\u00c9cran\" class=\"wp-image-806\" srcset=\"https:\/\/charcoalplant.com\/wp-content\/uploads\/2021\/11\/screen-1.jpg 720w, https:\/\/charcoalplant.com\/wp-content\/uploads\/2021\/11\/screen-1-300x225.jpg 300w\" sizes=\"auto, (max-width: 720px) 100vw, 720px\" \/><figcaption class=\"wp-element-caption\">\u00c9cran<\/figcaption><\/figure>    <figure class=\"wp-block-image size-full\"><img loading=\"lazy\" decoding=\"async\" width=\"720\" height=\"540\" data-id=\"807\" src=\"https:\/\/charcoalplant.com\/wp-content\/uploads\/2021\/11\/Tiger-Claw-Saw-1.jpg\" alt=\"Scie \u00e0 griffes de tigre\" class=\"wp-image-807\" srcset=\"https:\/\/charcoalplant.com\/wp-content\/uploads\/2021\/11\/Tiger-Claw-Saw-1.jpg 720w, https:\/\/charcoalplant.com\/wp-content\/uploads\/2021\/11\/Tiger-Claw-Saw-1-300x225.jpg 300w\" sizes=\"auto, (max-width: 720px) 100vw, 720px\" \/><figcaption class=\"wp-element-caption\">Scie \u00e0 griffes de tigre<\/figcaption><\/figure>    <figure class=\"wp-block-image size-full\"><img loading=\"lazy\" decoding=\"async\" width=\"720\" height=\"540\" data-id=\"1820\" src=\"https:\/\/charcoalplant.com\/wp-content\/uploads\/2021\/11\/Magnetic-Roller.jpg\" alt=\"Rouleau magn\u00e9tique\" class=\"wp-image-1820\" srcset=\"https:\/\/charcoalplant.com\/wp-content\/uploads\/2021\/11\/Magnetic-Roller.jpg 720w, https:\/\/charcoalplant.com\/wp-content\/uploads\/2021\/11\/Magnetic-Roller-300x225.jpg 300w\" sizes=\"auto, (max-width: 720px) 100vw, 720px\" \/><figcaption class=\"wp-element-caption\">Rouleau magn\u00e9tique<\/figcaption><\/figure> <\/figure>    <h2 class=\"wp-block-heading\" id=\"h-working-principle-of-industrial-wood-crusher\"><strong>Principe de fonctionnement du broyeur de bois industriel<\/strong><\/h2>    <p>Tout d'abord, les palettes en bois sont transport\u00e9es vers les rouleaux presseurs par le tapis roulant \u00e0 cha\u00eene. Le rouleau presseur est utilis\u00e9 pour l\u2019alimentation forc\u00e9e. Ensuite, la palette en bois arrive \u00e0 la scie \u00e0 griffes de tigre (scie \u00e0 couteau pour le bois ordinaire) et est coup\u00e9e et bris\u00e9e par le coupeur rotatif. Enfin, lorsque les sp\u00e9cifications du mat\u00e9riau correspondent \u00e0 l'ouverture du tamis, les granul\u00e9s de bois sont \u00e9vacu\u00e9s par l'orifice de d\u00e9charge. S'il y a des clous dans la sciure, les rouleaux magn\u00e9tiques \u00e0 la sortie peuvent s\u00e9parer le m\u00e9tal.<\/p>    <figure class=\"wp-block-gallery has-nested-images columns-default is-cropped wp-block-gallery-5 is-layout-flex wp-block-gallery-is-layout-flex\"> <figure class=\"wp-block-image size-full\"><img loading=\"lazy\" decoding=\"async\" width=\"720\" height=\"540\" data-id=\"2196\" src=\"https:\/\/charcoalplant.com\/wp-content\/uploads\/2021\/11\/wood-pallet-grinder-plant.jpg\" alt=\"usine de broyage de palettes en bois\" class=\"wp-image-2196\"\/><figcaption class=\"wp-element-caption\">usine de broyage de palettes en bois<\/figcaption><\/figure> <\/figure>    <h2 class=\"wp-block-heading\" id=\"video-of-waste-wooden-pallet-shredder\"><strong>Vid\u00e9o d'un broyeur de d\u00e9chets de palettes en bois<\/strong><\/h2>    <p>Le broyeur de palettes en bois est un \u00e9quipement de concassage complet \u00e0 grande \u00e9chelle. De plus, son fonctionnement est tr\u00e8s simple. Jetons un coup d\u2019\u0153il \u00e0 son incroyable capacit\u00e9 d\u2019\u00e9crasement.<\/p>    <figure class=\"wp-block-embed is-type-video is-provider-youtube wp-block-embed-youtube wp-embed-aspect-16-9 wp-has-aspect-ratio\"><div class=\"wp-block-embed__wrapper\"> <iframe loading=\"lazy\" title=\"Broyeur de palettes en bois | Fabricant de broyeur de bois industriel #woodpallet #scrapwood\" width=\"500\" height=\"281\" src=\"https:\/\/www.youtube.com\/embed\/ivqMxGKKbVs?feature=oembed\" frameborder=\"0\" allow=\"accelerometer; autoplay; clipboard-write; encrypted-media; gyroscope; picture-in-picture; web-share\" referrerpolicy=\"strict-origin-when-cross-origin\" allowfullscreen><\/iframe> <\/div><\/figure>    <h2 class=\"wp-block-heading\" id=\"parameters-of-waste-wooden-pallet-grinder\"><strong>Param\u00e8tres du broyeur de d\u00e9chets de palettes en bois<\/strong><\/h2>    <p>Le transport d'alimentation du pulv\u00e9risateur de bois industriel est g\u00e9n\u00e9ralement de 6 m et le transport de d\u00e9charge est g\u00e9n\u00e9ralement de 8 m. Nous disposons \u00e9galement d\u2019armoires de distribution \u00e9lectrique pour les broyeurs de bois. Par cons\u00e9quent, l\u2019ensemble du processus op\u00e9rationnel sera non seulement simple mais \u00e9galement s\u00fbr.<\/p>    <figure class=\"wp-block-table is-style-stripes\"><table><tbody><tr><td>Mod\u00e8le<\/td><td>SL-C1300<\/td><td>SL-C1400<\/td><td>SL-C1600<\/td><\/tr><tr><td>Taille de l'entr\u00e9e d'alimentation<\/td><td>1300*500mm<\/td><td>1400*800mm<\/td><td>1600*800mm<\/td><\/tr><tr><td>Diam\u00e8tre maximum d'alimentation<\/td><td>400 mm<\/td><td>500mm<\/td><td>600mm<\/td><\/tr><tr><td>Taille de sortie<\/td><td>moins de 100 mm<\/td><td>moins de 100 mm<\/td><td>moins de 100 mm<\/td><\/tr><tr><td>Convoyeur d'entr\u00e9e<\/td><td>6m<\/td><td>6m<\/td><td>6m<\/td><\/tr><tr><td>Convoyeur de sortie<\/td><td>8m<\/td><td>10m<\/td><td>10m<\/td><\/tr><tr><td>Lames<\/td><td>20 pi\u00e8ces<\/td><td>32 pi\u00e8ces<\/td><td>66 pi\u00e8ces<\/td><\/tr><tr><td>Capacit\u00e9<\/td><td>8-10 t\/h<\/td><td>10-15 t\/h<\/td><td>20-30t\/heure<\/td><\/tr><tr><td>Pouvoir total<\/td><td>156,5 kW<\/td><td>213,5 kW<\/td><td>233,5 kW<\/td><\/tr><tr><td>Taille globale<\/td><td>8600*2000*2300mm<\/td><td>9600*2400*3300mm<\/td><td>12500*2800*3200mm<\/td><\/tr><\/tbody><\/table><\/figure>    <h2 class=\"wp-block-heading\" id=\"advantages-of-shuliy-wood-pallet-crusher\"><strong>Avantages du broyeur de palettes en bois Shuliy<\/strong><\/h2>    <ol class=\"wp-block-list\"> <li>Ses mati\u00e8res premi\u00e8res comprennent non seulement les mati\u00e8res premi\u00e8res d'autres \u00e9quipements de transformation du bois (tels que <strong><a href=\"https:\/\/charcoalplant.com\/fr\/wood-wastes-recycling-machine\/wood-crusher-machine\/\">machines de fabrication de sciure de bois<\/a><\/strong>et d\u00e9chiqueteuses \u00e0 bois). Il peut \u00e9galement manipuler du bois et du m\u00e9tal.<\/li>    <li>D'une part, l'utilisation de l'armoire de distribution \u00e9lectrique rend l'op\u00e9ration plus s\u00fbre et plus pratique. D'autre part, le concasseur complet est facile \u00e0 entretenir et \u00e0 nettoyer.<\/li>    <li>En raison de son port d'alimentation \u00e9lev\u00e9, il peut \u00eatre utilis\u00e9 pour une alimentation t\u00e9l\u00e9command\u00e9e (\u00e9conomie de travail).<\/li> <\/ol>    <figure class=\"wp-block-gallery has-nested-images columns-default is-cropped wp-block-gallery-6 is-layout-flex wp-block-gallery-is-layout-flex\"> <figure class=\"wp-block-image size-full\"><img loading=\"lazy\" decoding=\"async\" width=\"720\" height=\"540\" data-id=\"1825\" src=\"https:\/\/charcoalplant.com\/wp-content\/uploads\/2022\/01\/mobile-wood-crushing-machine.jpg\" alt=\"machine de concassage de bois mobile\" class=\"wp-image-1825\" srcset=\"https:\/\/charcoalplant.com\/wp-content\/uploads\/2022\/01\/mobile-wood-crushing-machine.jpg 720w, https:\/\/charcoalplant.com\/wp-content\/uploads\/2022\/01\/mobile-wood-crushing-machine-300x225.jpg 300w\" sizes=\"auto, (max-width: 720px) 100vw, 720px\" \/><figcaption class=\"wp-element-caption\">machine de concassage de bois mobile<\/figcaption><\/figure>    <figure class=\"wp-block-image size-full\"><img loading=\"lazy\" decoding=\"async\" width=\"720\" height=\"540\" data-id=\"1826\" src=\"https:\/\/charcoalplant.com\/wp-content\/uploads\/2022\/01\/wood-chips-1.jpg\" alt=\"les copeaux de bois\" class=\"wp-image-1826\" srcset=\"https:\/\/charcoalplant.com\/wp-content\/uploads\/2022\/01\/wood-chips-1.jpg 720w, https:\/\/charcoalplant.com\/wp-content\/uploads\/2022\/01\/wood-chips-1-300x225.jpg 300w\" sizes=\"auto, (max-width: 720px) 100vw, 720px\" \/><figcaption class=\"wp-element-caption\">les copeaux de bois<\/figcaption><\/figure> <\/figure>    <h2 class=\"wp-block-heading\" id=\"h-wood-shredder-price\">Industriel <strong>prix broyeur \u00e0 bois<\/strong><\/h2>    <p class=\"translation-block\">La soci\u00e9t\u00e9 Shuliy Machinery fournit divers accessoires pour les broyeurs de palettes en bois. De plus, les prix des accessoires avec diff\u00e9rents mat\u00e9riaux et sp\u00e9cifications varient \u00e9galement. Nous pouvons non seulement fournir des <strong>broyeurs de palettes en bois \u00e0 moteur diesel<\/strong> int\u00e9gr\u00e9s avec des roues, mais aussi modifier la structure de la machine selon les exigences sp\u00e9cifiques des clients. De nombreux facteurs influencent le prix. Si vous \u00eates int\u00e9ress\u00e9 par notre \u00e9quipement, veuillez nous contacter et nous le faire savoir. Nous vous proposons le bon plan et vous offrons un prix abordable.<\/p>    <figure class=\"wp-block-gallery has-nested-images columns-default is-cropped wp-block-gallery-7 is-layout-flex wp-block-gallery-is-layout-flex\"> <figure class=\"wp-block-image size-full\"><img loading=\"lazy\" decoding=\"async\" width=\"720\" height=\"540\" data-id=\"2194\" src=\"https:\/\/charcoalplant.com\/wp-content\/uploads\/2022\/01\/wood-shredder-1.jpg\" alt=\"broyeur de bois\" class=\"wp-image-2194\"\/><figcaption class=\"wp-element-caption\">broyeur de bois<\/figcaption><\/figure>    <figure class=\"wp-block-image size-full\"><img loading=\"lazy\" decoding=\"async\" width=\"720\" height=\"540\" data-id=\"2195\" src=\"https:\/\/charcoalplant.com\/wp-content\/uploads\/2022\/01\/waste-wooden-pallet-grinder-for-sale.jpg\" alt=\"broyeur de palettes en bois \u00e0 vendre\" class=\"wp-image-2195\"\/><figcaption class=\"wp-element-caption\">broyeur de palettes en bois \u00e0 vendre<\/figcaption><\/figure> <\/figure>    <h2 class=\"wp-block-heading\" id=\"h-how-to-make-money-with-a-comprehensive-crusher\"><strong>Comment gagner de l\u2019argent avec un broyeur \u00e0 bois complet ?<\/strong><\/h2>    <p class=\"translation-block\">La machine de broyage de palettes en bois peut broyer le bois \u00e0 diff\u00e9rents degr\u00e9s. De plus, cette sciure de bois ou ces <a href=\"https:\/\/charcoalplant.com\/fr\/log-chipper\/\">copeaux de bois<\/a> peuvent \u00eatre utilis\u00e9s pour fabriquer du papier dans les papeteries, des b\u00e2tons de carbone fabriqu\u00e9s dans les usines de charbon, des engrais fabriqu\u00e9s dans les usines d'engrais, etc. Les usines peuvent \u00e9galement les utiliser pour le chauffage au combustible. Par cons\u00e9quent, vous pouvez investir dans une machine de broyage compl\u00e8te sp\u00e9cifiquement pour fournir des granul\u00e9s de bois ou les placer dans la cha\u00eene de production pour une alimentation directe.<\/p>    <figure class=\"wp-block-gallery has-nested-images columns-default is-cropped wp-block-gallery-8 is-layout-flex wp-block-gallery-is-layout-flex\"> <figure class=\"wp-block-image size-large\"><img loading=\"lazy\" decoding=\"async\" width=\"720\" height=\"540\" data-id=\"2192\" src=\"https:\/\/charcoalplant.com\/wp-content\/uploads\/2022\/01\/wood-pellets-1.jpg\" alt=\"granul\u00e9s de bois\" class=\"wp-image-2192\"\/><figcaption class=\"wp-element-caption\">granul\u00e9s de bois<\/figcaption><\/figure> <\/figure>    <p><\/p>","protected":false},"excerpt":{"rendered":"<p>Le broyeur de d\u00e9chets de palettes en bois est un \u00e9quipement de recyclage du bois dot\u00e9 d'une grande capacit\u00e9 et d'une r\u00e9sistance \u00e9lev\u00e9e \u00e0 l'\u00e9crasement.<\/p>","protected":false},"author":1,"featured_media":914,"parent":0,"template":"","tags":[64],"product-type":[3],"class_list":["post-783","product","type-product","status-publish","has-post-thumbnail","hentry","tag-wood-wastes-recycling-machine","product-type-wood-wastes-recycling-machine"],"_links":{"self":[{"href":"https:\/\/charcoalplant.com\/fr\/wp-json\/wp\/v2\/product\/783","targetHints":{"allow":["GET"]}}],"collection":[{"href":"https:\/\/charcoalplant.com\/fr\/wp-json\/wp\/v2\/product"}],"about":[{"href":"https:\/\/charcoalplant.com\/fr\/wp-json\/wp\/v2\/types\/product"}],"author":[{"embeddable":true,"href":"https:\/\/charcoalplant.com\/fr\/wp-json\/wp\/v2\/users\/1"}],"wp:featuredmedia":[{"embeddable":true,"href":"https:\/\/charcoalplant.com\/fr\/wp-json\/wp\/v2\/media\/914"}],"wp:attachment":[{"href":"https:\/\/charcoalplant.com\/fr\/wp-json\/wp\/v2\/media?parent=783"}],"wp:term":[{"taxonomy":"post_tag","embeddable":true,"href":"https:\/\/charcoalplant.com\/fr\/wp-json\/wp\/v2\/tags?post=783"},{"taxonomy":"product-type","embeddable":true,"href":"https:\/\/charcoalplant.com\/fr\/wp-json\/wp\/v2\/product-type?post=783"}],"curies":[{"name":"wp","href":"https:\/\/api.w.org\/{rel}","templated":true}]}}