{"id":786,"date":"2021-11-24T05:30:57","date_gmt":"2021-11-24T05:30:57","guid":{"rendered":"https:\/\/charcoalplant.com\/?p=786"},"modified":"2023-04-03T10:59:08","modified_gmt":"2023-04-03T02:59:08","slug":"drum-chipper","status":"publish","type":"product","link":"https:\/\/charcoalplant.com\/fr\/product\/drum-chipper\/","title":{"rendered":"D\u00e9chiqueteuse \u00e0 tambour | Meilleure d\u00e9chiqueteuse \u00e0 bois"},"content":{"rendered":"<div class=\"kk-star-ratings kksr-auto kksr-align-left kksr-valign-top\"     data-payload='{&quot;align&quot;:&quot;left&quot;,&quot;id&quot;:&quot;786&quot;,&quot;slug&quot;:&quot;default&quot;,&quot;valign&quot;:&quot;top&quot;,&quot;ignore&quot;:&quot;&quot;,&quot;reference&quot;:&quot;auto&quot;,&quot;class&quot;:&quot;&quot;,&quot;count&quot;:&quot;8&quot;,&quot;legendonly&quot;:&quot;&quot;,&quot;readonly&quot;:&quot;&quot;,&quot;score&quot;:&quot;4.5&quot;,&quot;starsonly&quot;:&quot;&quot;,&quot;best&quot;:&quot;5&quot;,&quot;gap&quot;:&quot;5&quot;,&quot;greet&quot;:&quot;Rate this product&quot;,&quot;legend&quot;:&quot;4.5\\\/5 - (8 votes)&quot;,&quot;size&quot;:&quot;24&quot;,&quot;title&quot;:&quot;Drum Chipper | Best Wood Chipper Machine&quot;,&quot;width&quot;:&quot;128&quot;,&quot;_legend&quot;:&quot;{score}\\\/{best} - ({count} {votes})&quot;,&quot;font_factor&quot;:&quot;1.25&quot;}'>              <div class=\"kksr-stars\">      <div class=\"kksr-stars-inactive\">             <div class=\"kksr-star\" data-star=\"1\" style=\"padding-right: 5px\">               <div class=\"kksr-icon\" style=\"width: 24px; height: 24px;\"><\/div>         <\/div>             <div class=\"kksr-star\" data-star=\"2\" style=\"padding-right: 5px\">               <div class=\"kksr-icon\" style=\"width: 24px; height: 24px;\"><\/div>         <\/div>             <div class=\"kksr-star\" data-star=\"3\" style=\"padding-right: 5px\">               <div class=\"kksr-icon\" style=\"width: 24px; height: 24px;\"><\/div>         <\/div>             <div class=\"kksr-star\" data-star=\"4\" style=\"padding-right: 5px\">               <div class=\"kksr-icon\" style=\"width: 24px; height: 24px;\"><\/div>         <\/div>             <div class=\"kksr-star\" data-star=\"5\" style=\"padding-right: 5px\">               <div class=\"kksr-icon\" style=\"width: 24px; height: 24px;\"><\/div>         <\/div>     <\/div>      <div class=\"kksr-stars-active\" style=\"width: 128px;\">             <div class=\"kksr-star\" style=\"padding-right: 5px\">               <div class=\"kksr-icon\" style=\"width: 24px; height: 24px;\"><\/div>         <\/div>             <div class=\"kksr-star\" style=\"padding-right: 5px\">               <div class=\"kksr-icon\" style=\"width: 24px; height: 24px;\"><\/div>         <\/div>             <div class=\"kksr-star\" style=\"padding-right: 5px\">               <div class=\"kksr-icon\" style=\"width: 24px; height: 24px;\"><\/div>         <\/div>             <div class=\"kksr-star\" style=\"padding-right: 5px\">               <div class=\"kksr-icon\" style=\"width: 24px; height: 24px;\"><\/div>         <\/div>             <div class=\"kksr-star\" style=\"padding-right: 5px\">               <div class=\"kksr-icon\" style=\"width: 24px; height: 24px;\"><\/div>         <\/div>     <\/div> <\/div>                   <div class=\"kksr-legend\" style=\"font-size: 19.2px;\">             4,5\/5 - (8 votes)    <\/div>     <\/div>  <p class=\"translation-block\"><strong>Drum chipper<\/strong> est une grues \u00e0 haut d\u00e9bit, haute efficacit\u00e9 et haute productivit\u00e9. Et il appara\u00eet souvent dans le traitement pr\u00e9liminaire des mati\u00e8res premi\u00e8res dans diverses cha\u00eenes de production. C\u2019est donc un <strong><a href=\"https:\/\/charcoalplant.com\/fr\/wood-wastes-recycling-machine\/industrial-comprehensive-crusher\/\">\u00e9quipement de broyage du bois<\/a><\/strong> avec une bande transporteuse et un cabinet de distribution. En plus de cela, il dispose d\u2019un syst\u00e8me d\u2019alimentation hydraulique qui contr\u00f4le l\u2019alimentation en toute s\u00e9curit\u00e9 des gros morceaux de bois. En bref, la machine \u00e0 d\u00e9poussi\u00e9rage du bois \u00e0 tambour pr\u00e9sente les caract\u00e9ristiques d\u2019une large application, s\u00e9curit\u00e9, faible investissement et retour rapide. Si vous avez beaucoup de bois \u00e0 traiter, pourquoi ne pas l\u2019envisager ? Nous esp\u00e9rons sinc\u00e8rement collaborer avec vous.<\/p>    <h2 class=\"wp-block-heading\" id=\"raw-material-for-drum-chipper\"><strong>Mati\u00e8re premi\u00e8re pour broyeur \u00e0 tambour<\/strong> <strong>machine<\/strong><\/h2>    <p>Les mati\u00e8res premi\u00e8res de la d\u00e9chiqueteuse \u00e0 tambour en bambou comprennent des mati\u00e8res premi\u00e8res en bois et des mati\u00e8res premi\u00e8res non ligneuses. Les mati\u00e8res premi\u00e8res en bois comprennent les b\u00fbches, le bambou, les d\u00e9chets de placage, les racines d'arbres, les branches, etc. Mati\u00e8res premi\u00e8res non ligneuses\u00a0: coque de noix de coco, tige de coton, roseau, paille, etc. De plus, il peut traiter directement des mati\u00e8res premi\u00e8res de grande taille et traiter rapidement des mati\u00e8res premi\u00e8res r\u00e9guli\u00e8res. , des copeaux de bois soign\u00e9s.<\/p>    <figure class=\"wp-block-gallery has-nested-images columns-1 is-cropped wp-block-gallery-2 is-layout-flex wp-block-gallery-is-layout-flex\"> <figure class=\"wp-block-image size-large\"><img loading=\"lazy\" decoding=\"async\" width=\"900\" height=\"219\" data-id=\"2094\" src=\"https:\/\/charcoalplant.com\/wp-content\/uploads\/2022\/01\/log\uff0cbamboo-woodboard.jpg\" alt=\"b\u00fbche, bambou, planche de bois\" class=\"wp-image-2094\"\/><figcaption class=\"wp-element-caption\">b\u00fbche, bambou, planche de bois<\/figcaption><\/figure>    <figure class=\"wp-block-image size-large\"><img loading=\"lazy\" decoding=\"async\" width=\"918\" height=\"232\" data-id=\"2093\" src=\"https:\/\/charcoalplant.com\/wp-content\/uploads\/2022\/01\/coconutshell-cotton-stalk-straw-.jpg\" alt=\"noix de coco-coton-tigepaille\" class=\"wp-image-2093\"\/><figcaption class=\"wp-element-caption\">noix de coco-coton-tigepaille<\/figcaption><\/figure> <\/figure>    <h2 class=\"wp-block-heading\" id=\"h-structure-of-drum-coconut-shell-chipper\"><strong>Structure de la d\u00e9chiqueteuse \u00e0 bois \u00e0 tambour<\/strong><\/h2>    <p>La d\u00e9chiqueteuse \u00e0 bois \u00e0 tambour est en fait une grande d\u00e9chiqueteuse \u00e0 bois. De plus, sa structure est plus haut de gamme. Le corps de la machine\u00a0est soud\u00e9 avec une plaque d'acier solide pour fournir un support solide \u00e0 l'ensemble de la machine. Ses principaux composants\u00a0: corps de la machine, rouleau \u00e0 couteaux, tamis, alimentation sup\u00e9rieure et inf\u00e9rieure, syst\u00e8me hydraulique, dispositif de transport, armoire \u00e0 accessoires et autres pi\u00e8ces. <\/p>    <figure class=\"wp-block-gallery has-nested-images columns-default is-cropped wp-block-gallery-3 is-layout-flex wp-block-gallery-is-layout-flex\"> <figure class=\"wp-block-image size-large\"><img loading=\"lazy\" decoding=\"async\" width=\"720\" height=\"540\" data-id=\"838\" src=\"https:\/\/charcoalplant.com\/wp-content\/uploads\/2021\/11\/drum-wood-chipper-machine-1.jpg\" alt=\"d\u00e9chiqueteuse-\u00e0-bois-\u00e0 tambour\" class=\"wp-image-838\" srcset=\"https:\/\/charcoalplant.com\/wp-content\/uploads\/2021\/11\/drum-wood-chipper-machine-1.jpg 720w, https:\/\/charcoalplant.com\/wp-content\/uploads\/2021\/11\/drum-wood-chipper-machine-1-300x225.jpg 300w\" sizes=\"auto, (max-width: 720px) 100vw, 720px\" \/><figcaption class=\"wp-element-caption\">d\u00e9chiqueteuse-\u00e0-bois-\u00e0 tambour<\/figcaption><\/figure>    <figure class=\"wp-block-image size-large\"><img loading=\"lazy\" decoding=\"async\" width=\"720\" height=\"540\" data-id=\"848\" src=\"https:\/\/charcoalplant.com\/wp-content\/uploads\/2021\/11\/drum-wood-chippers-machine-for-sale-1-1.jpg\" alt=\"machine \u00e0 copeaux de bois \u00e0 tambour \u00e0 vendre\" class=\"wp-image-848\" srcset=\"https:\/\/charcoalplant.com\/wp-content\/uploads\/2021\/11\/drum-wood-chippers-machine-for-sale-1-1.jpg 720w, https:\/\/charcoalplant.com\/wp-content\/uploads\/2021\/11\/drum-wood-chippers-machine-for-sale-1-1-300x225.jpg 300w\" sizes=\"auto, (max-width: 720px) 100vw, 720px\" \/><figcaption class=\"wp-element-caption\">machine \u00e0 copeaux de bois \u00e0 tambour \u00e0 vendre<\/figcaption><\/figure> <\/figure>    <h2 class=\"wp-block-heading\" id=\"h-safety-system-of-drum-chipping-machine\"><strong>Syst\u00e8me de s\u00e9curit\u00e9 de la d\u00e9chiqueteuse \u00e0 bois \u00e0 tambour<\/strong><\/h2>    <p>La d\u00e9chiqueteuse d'arbres \u00e0 tambour Shuliy augmente non seulement les performances pratiques de l'\u00e9quipement, mais prend \u00e9galement en compte les performances de s\u00e9curit\u00e9 de l'\u00e9quipement. Le dispositif de s\u00e9curit\u00e9 de cette machine de fabrication de copeaux \u00e0 tambour est principalement int\u00e9gr\u00e9 au syst\u00e8me hydraulique et \u00e0 l'armoire de commande.<\/p>    <h3 class=\"wp-block-heading\" id=\"hydraulic-system\"><strong>Syst\u00e8me hydraulique<\/strong><\/h3>    <p>Dans ce processus, le syst\u00e8me hydraulique agit comme un tampon et peut contr\u00f4ler automatiquement l'orifice d'alimentation pour qu'il monte et descende \u00e0 une vitesse constante. Dans le m\u00eame temps, il prot\u00e8ge \u00e9galement la grande d\u00e9chiqueteuse de bois et am\u00e9liore la dur\u00e9e de vie de l'\u00e9quipement.<\/p>    <figure class=\"wp-block-gallery has-nested-images columns-default is-cropped wp-block-gallery-4 is-layout-flex wp-block-gallery-is-layout-flex\"> <figure class=\"wp-block-image size-large\"><img loading=\"lazy\" decoding=\"async\" width=\"720\" height=\"540\" data-id=\"2095\" src=\"https:\/\/charcoalplant.com\/wp-content\/uploads\/2022\/01\/drum-chipper-inlet.jpg\" alt=\"\" class=\"wp-image-2095\"\/><\/figure>    <figure class=\"wp-block-image size-large\"><img loading=\"lazy\" decoding=\"async\" width=\"720\" height=\"540\" data-id=\"2097\" src=\"https:\/\/charcoalplant.com\/wp-content\/uploads\/2021\/11\/prevent-wood-jam.jpg\" alt=\"\u00e9viter le bourrage de bois\" class=\"wp-image-2097\"\/><figcaption class=\"wp-element-caption\">\u00e9viter le bourrage de bois<\/figcaption><\/figure> <\/figure>    <h3 class=\"wp-block-heading\" id=\"control-cabinet\"><strong>Chambre de contr\u00f4le<\/strong><strong><\/strong><\/h3>    <p>La d\u00e9chiqueteuse \u00e0 bois \u00e0 tambour est un \u00e9quipement \u00e0 grande \u00e9chelle, sa structure est compliqu\u00e9e et \u00e9quip\u00e9e de 3 moteurs. Le but est \u00e9galement de r\u00e9duire la tension et de r\u00e9partir l'alimentation de mani\u00e8re raisonnable. Il y a plusieurs boutons sur l'armoire de commande, qui peuvent contr\u00f4ler l'ensemble de la machine de mani\u00e8re flexible. Cette m\u00e9thode est simple, efficace et s\u00fbre.<\/p>    <figure class=\"wp-block-gallery has-nested-images columns-default is-cropped wp-block-gallery-5 is-layout-flex wp-block-gallery-is-layout-flex\"> <figure class=\"wp-block-image size-large\"><img loading=\"lazy\" decoding=\"async\" width=\"720\" height=\"540\" data-id=\"2098\" src=\"https:\/\/charcoalplant.com\/wp-content\/uploads\/2022\/01\/drum-type-wood-chipper-for-sale.jpg\" alt=\"broyeur-de-bois-a-tambour-a-vendre\" class=\"wp-image-2098\"\/><figcaption class=\"wp-element-caption\">broyeur-de-bois-a-tambour-a-vendre<\/figcaption><\/figure>    <figure class=\"wp-block-image size-large\"><img loading=\"lazy\" decoding=\"async\" width=\"720\" height=\"540\" data-id=\"2099\" src=\"https:\/\/charcoalplant.com\/wp-content\/uploads\/2022\/01\/Inside-of-power-distribution-cabinet.jpg\" alt=\"\u00c0 l&#039;int\u00e9rieur de l&#039;armoire de distribution d&#039;\u00e9nergie\" class=\"wp-image-2099\"\/><figcaption class=\"wp-element-caption\">\u00c0 l'int\u00e9rieur de l'armoire de distribution d'\u00e9nergie<\/figcaption><\/figure> <\/figure>    <h2 class=\"wp-block-heading\" id=\"video-of-drum-type-chipper\"><strong>Vid\u00e9o d'une d\u00e9chiqueteuse \u00e0 tambour<\/strong><\/h2>    <p>La taille courante du bois ou du bambou trait\u00e9 avec celui-ci est de 5 mm. Il peut \u00e9galement g\u00e9rer des mati\u00e8res premi\u00e8res jusqu'\u00e0 2-3 mm. Bienvenue dans la vid\u00e9o. Et nous avons un service de consultation gratuit.<\/p>    <figure class=\"wp-block-embed is-type-video is-provider-youtube wp-block-embed-youtube wp-embed-aspect-16-9 wp-has-aspect-ratio\"><div class=\"wp-block-embed__wrapper\"> <iframe loading=\"lazy\" title=\"Broyeur de b\u00fbches Nouveau design | Bonnes performances industrielles de d\u00e9coupeuse de copeaux de bois de tambour\" width=\"500\" height=\"281\" src=\"https:\/\/www.youtube.com\/embed\/mUQ0J9ha5xA?feature=oembed\" frameborder=\"0\" allow=\"accelerometer; autoplay; clipboard-write; encrypted-media; gyroscope; picture-in-picture; web-share\" referrerpolicy=\"strict-origin-when-cross-origin\" allowfullscreen><\/iframe> <\/div><\/figure>    <h2 class=\"wp-block-heading\" id=\"h-uses-of-wood-chips\"><strong>Utilisations des copeaux de bois<\/strong><\/h2>    <ol class=\"wp-block-list\"> <li>Le produit fini produit par le broyeur de coques de noix de coco a une forme r\u00e9guli\u00e8re et une \u00e9paisseur uniforme. Vous pouvez choisir un <strong><a href=\"https:\/\/charcoalplant.com\/fr\/wood-wastes-recycling-machine\/wood-peeling-machine\/\">\u00e9plucheur de bois<\/a><\/strong> \u00e0 traiter puis \u00e0 \u00e9br\u00e9cher. Ces copeaux de bois peuvent \u00eatre vendus directement et br\u00fbl\u00e9s.<\/li>    <li>La d\u00e9chiqueteuse \u00e0 tambour peut \u00e9galement \u00eatre utilis\u00e9e avec le <strong><a href=\"https:\/\/charcoalplant.com\/fr\/wood-wastes-recycling-machine\/hammer-mill\/\">broyeur \u00e0 marteaux<\/a><\/strong> dans la cha\u00eene de production de charbon de bois et la cha\u00eene de production de sciure de bois.<\/li>    <li>Ces copeaux de bois peuvent \u00eatre utilis\u00e9s pour la cr\u00e9ation artistique dans l'industrie de l'art.<\/li> <\/ol>    <figure class=\"wp-block-gallery has-nested-images columns-default is-cropped wp-block-gallery-6 is-layout-flex wp-block-gallery-is-layout-flex\"> <figure class=\"wp-block-image size-large\"><img loading=\"lazy\" decoding=\"async\" width=\"720\" height=\"540\" data-id=\"2102\" src=\"https:\/\/charcoalplant.com\/wp-content\/uploads\/2022\/01\/waste-wood-chips.jpg\" alt=\"copeaux de bois\" class=\"wp-image-2102\"\/><figcaption class=\"wp-element-caption\">copeaux de bois<\/figcaption><\/figure> <\/figure>    <h2 class=\"wp-block-heading\" id=\"large-wood-chipper-parameters\"><strong>Param\u00e8tres de la grande d\u00e9chiqueteuse \u00e0 bois<\/strong><\/h2>    <figure class=\"wp-block-table is-style-stripes\"><table><tbody><tr><td>Mod\u00e8le<\/td><td>SL-DW218<\/td><td>SL-DW216<\/td><\/tr><tr><td>Quantit\u00e9 de couteau<\/td><td>2\/4<\/td><td>2\/4<\/td><\/tr><tr><td>Taille de l'alimentation<\/td><td>300*680\u00a0mm<\/td><td>230*500 millim\u00e8tres<\/td><\/tr><tr><td>Capacit\u00e9<\/td><td>10-15 t\/h<\/td><td>5-8 t\/h<\/td><\/tr><tr><td>Dimension mati\u00e8re premi\u00e8re<\/td><td>\u2264300\u00a0mm<\/td><td>\u2264230\u00a0mm<\/td><\/tr><tr><td>Taille des copeaux de bois<\/td><td>25\u00a0mm (r\u00e9glable)<\/td><td>25 mm (r\u00e9glable)<\/td><\/tr><tr><td>Alimentation principale<\/td><td>110 kW<\/td><td>55kw<\/td><\/tr><tr><td>Poids<\/td><td>8\u00a0600\u00a0kg<\/td><td>5600 kg<\/td><\/tr><tr><td>Convoyeur d'entr\u00e9e d'alimentation<\/td><td>6 m<\/td><td>6 m<\/td><\/tr><tr><td>Convoyeur de sortie<\/td><td>8\u00a0m<\/td><td>8 m<\/td><\/tr><tr><td>Taille<\/td><td>3105*2300*1650\u00a0mm<\/td><td>2735*2200*1200 millim\u00e8tres<\/td><\/tr><\/tbody><\/table><figcaption class=\"wp-element-caption\">Les rouleaux de couteaux des deux broyeurs \u00e0 tambour peuvent contenir 2 \u00e0 4 couteaux. Le rouleau \u00e0 couteaux \u00e0 4 couteaux broie les copeaux de bois en tailles plus fines et plus r\u00e9guli\u00e8res.<\/figcaption><\/figure>    <h2 class=\"wp-block-heading\" id=\"difference-between-drum-chipper-and-disc-wood-chipper\"><strong>Diff\u00e9rence entre la d\u00e9chiqueteuse \u00e0 tambour et la d\u00e9chiqueteuse \u00e0 bois \u00e0 disque<\/strong><\/h2>    <ol class=\"wp-block-list\"> <li>La taille d'alimentation de la grande machine de fabrication de copeaux de bois est grande. Et il peut manipuler du bois jusqu\u2019\u00e0 35 cm de diam\u00e8tre.<\/li>    <li>Le <strong><a href=\"https:\/\/charcoalplant.com\/fr\/wood-wastes-recycling-machine\/log-chipper\/\">broyeur de bois \u00e0 disque<\/a><\/strong> traite la m\u00eame quantit\u00e9 de mati\u00e8re premi\u00e8re que la grande d\u00e9chiqueteuse de bambou, et la d\u00e9chiqueteuse \u00e0 tambour consomme moins d\u2019\u00e9nergie.<\/li>    <li>La d\u00e9chiqueteuse \u00e0 bois ordinaire est de petite taille. Les broyeurs \u00e0 tambour \u00e0 grand volume \u00e9quip\u00e9s de bandes transporteuses sont encombrants et co\u00fbteux \u00e0 exp\u00e9dier.<\/li> <\/ol>    <figure class=\"wp-block-gallery has-nested-images columns-default is-cropped wp-block-gallery-7 is-layout-flex wp-block-gallery-is-layout-flex\"> <figure class=\"wp-block-image size-large\"><img loading=\"lazy\" decoding=\"async\" width=\"720\" height=\"540\" data-id=\"2105\" src=\"https:\/\/charcoalplant.com\/wp-content\/uploads\/2022\/01\/bamboo-chipper-plant.jpg\" alt=\"plante-de-broyeur de bambou\" class=\"wp-image-2105\"\/><figcaption class=\"wp-element-caption\">plante-de-broyeur de bambou<\/figcaption><\/figure> <\/figure>    <h2 class=\"wp-block-heading\" id=\"h-faq-for-drum-chips-cutting-machine\"><strong>FAQ<\/strong> <strong>pour machine de d\u00e9coupe de copeaux \u00e0 tambour<\/strong><\/h2>   <div id=\"rank-math-faq\" class=\"rank-math-block\"> <div class=\"rank-math-list\"> <div id=\"faq-question-1673252653718\" class=\"rank-math-list-item\"> <h3 class=\"rank-math-question\"><strong>Enverrez-vous l\u2019ing\u00e9nieur pour guider l\u2019installation\u00a0?<\/strong><\/h3> <div class=\"rank-math-answer\">  <p>Oui, selon les exigences du client, nous enverrons des ing\u00e9nieurs pour guider l'installation et la formation sur le fonctionnement des machines.<\/p>  <\/div> <\/div> <div id=\"faq-question-1673252663679\" class=\"rank-math-list-item\"> <h3 class=\"rank-math-question\"><strong>Comment puis-je conna\u00eetre la qualit\u00e9 de votre machine\u00a0?<\/strong><\/h3> <div class=\"rank-math-answer\">  <p>Vous pouvez nous envoyer vos \u00e9chantillons de mat\u00e9riaux de rebut et nous testerons la machine pour vous sans facturer de frais. Et nous pouvons vous envoyer la vid\u00e9o de test de la machine. Nous vous invitons \u00e9galement chaleureusement \u00e0 visiter notre usine pour tester notre machine personnellement.<\/p>  <\/div> <\/div> <div id=\"faq-question-1673252682871\" class=\"rank-math-list-item\"> <h3 class=\"rank-math-question\"><strong>L\u2019installation du broyeur \u00e0 tambour n\u00e9cessite-t-elle une fondation ?<\/strong><\/h3> <div class=\"rank-math-answer\">  <p>Non, il y a des \u00e9quipements de transport et de d\u00e9chargement sous la machine.<\/p>  <\/div> <\/div> <\/div> <\/div>   <h2 class=\"wp-block-heading\" id=\"h-large-wood-chipper-manufacturer\"><strong>Grand fabricant de broyeur de branches<\/strong><\/h2>    <figure class=\"wp-block-gallery has-nested-images columns-default is-cropped wp-block-gallery-8 is-layout-flex wp-block-gallery-is-layout-flex\"> <figure class=\"wp-block-image size-large\"><img loading=\"lazy\" decoding=\"async\" width=\"720\" height=\"540\" data-id=\"2103\" src=\"https:\/\/charcoalplant.com\/wp-content\/uploads\/2022\/01\/our-plant-.jpg\" alt=\"notre-usine\" class=\"wp-image-2103\"\/><figcaption class=\"wp-element-caption\">notre-usine<\/figcaption><\/figure>    <figure class=\"wp-block-image size-large\"><img loading=\"lazy\" decoding=\"async\" width=\"720\" height=\"540\" data-id=\"2104\" src=\"https:\/\/charcoalplant.com\/wp-content\/uploads\/2022\/01\/parts.jpg\" alt=\"les pi\u00e8ces\" class=\"wp-image-2104\"\/><figcaption class=\"wp-element-caption\">les pi\u00e8ces<\/figcaption><\/figure> <\/figure>    <p class=\"translation-block\">Shuliy Machinery Equipment Co., Ltd. est engag\u00e9e dans l'<strong><a href=\"https:\/\/charcoalplant.com\/fr\/industrial-comprehensive-crusher\/\">industrie du recyclage du bois<\/a><\/strong> depuis de nombreuses ann\u00e9es. Nous avons donc coop\u00e9r\u00e9 avec de nombreux pays. Cela a jet\u00e9 les bases du bon d\u00e9veloppement actuel de notre entreprise. Les pi\u00e8ces d\u2019\u00e9quipement que nous avons s\u00e9lectionn\u00e9es r\u00e9pondent aux indicateurs d\u2019utilisation internationale, et la machinerie est fine et durable et a re\u00e7u l\u2019approbation unanime des clients. Bienvenue \u00e0 visiter notre usine. Contactez-nous d\u00e8s maintenant pour obtenir des informations sur les prix des produits.&nbsp;<\/p>","protected":false},"excerpt":{"rendered":"<p>La d\u00e9chiqueteuse \u00e0 tambour est une d\u00e9chiqueteuse \u00e0 bois haut de gamme et de grande taille, \u00e9quip\u00e9e d'un dispositif hydraulique pour traiter rapidement des mat\u00e9riaux de grand diam\u00e8tre.<\/p>","protected":false},"author":1,"featured_media":946,"parent":0,"template":"","tags":[64],"product-type":[3],"class_list":["post-786","product","type-product","status-publish","has-post-thumbnail","hentry","tag-wood-wastes-recycling-machine","product-type-wood-wastes-recycling-machine"],"_links":{"self":[{"href":"https:\/\/charcoalplant.com\/fr\/wp-json\/wp\/v2\/product\/786","targetHints":{"allow":["GET"]}}],"collection":[{"href":"https:\/\/charcoalplant.com\/fr\/wp-json\/wp\/v2\/product"}],"about":[{"href":"https:\/\/charcoalplant.com\/fr\/wp-json\/wp\/v2\/types\/product"}],"author":[{"embeddable":true,"href":"https:\/\/charcoalplant.com\/fr\/wp-json\/wp\/v2\/users\/1"}],"wp:featuredmedia":[{"embeddable":true,"href":"https:\/\/charcoalplant.com\/fr\/wp-json\/wp\/v2\/media\/946"}],"wp:attachment":[{"href":"https:\/\/charcoalplant.com\/fr\/wp-json\/wp\/v2\/media?parent=786"}],"wp:term":[{"taxonomy":"post_tag","embeddable":true,"href":"https:\/\/charcoalplant.com\/fr\/wp-json\/wp\/v2\/tags?post=786"},{"taxonomy":"product-type","embeddable":true,"href":"https:\/\/charcoalplant.com\/fr\/wp-json\/wp\/v2\/product-type?post=786"}],"curies":[{"name":"wp","href":"https:\/\/api.w.org\/{rel}","templated":true}]}}