{"id":958,"date":"2021-11-25T10:11:39","date_gmt":"2021-11-25T10:11:39","guid":{"rendered":"https:\/\/charcoalplant.com\/?p=958"},"modified":"2023-01-14T14:25:49","modified_gmt":"2023-01-14T06:25:49","slug":"rice-husk-dryer","status":"publish","type":"product","link":"https:\/\/charcoalplant.com\/fr\/product\/rice-husk-dryer\/","title":{"rendered":"S\u00e9choir \u00e0 balles de riz | Machine de s\u00e9chage de biomasse"},"content":{"rendered":"<div class=\"kk-star-ratings kksr-auto kksr-align-left kksr-valign-top\"     data-payload='{&quot;align&quot;:&quot;left&quot;,&quot;id&quot;:&quot;958&quot;,&quot;slug&quot;:&quot;default&quot;,&quot;valign&quot;:&quot;top&quot;,&quot;ignore&quot;:&quot;&quot;,&quot;reference&quot;:&quot;auto&quot;,&quot;class&quot;:&quot;&quot;,&quot;count&quot;:&quot;23&quot;,&quot;legendonly&quot;:&quot;&quot;,&quot;readonly&quot;:&quot;&quot;,&quot;score&quot;:&quot;4.6&quot;,&quot;starsonly&quot;:&quot;&quot;,&quot;best&quot;:&quot;5&quot;,&quot;gap&quot;:&quot;5&quot;,&quot;greet&quot;:&quot;Rate this product&quot;,&quot;legend&quot;:&quot;4.6\\\/5 - (23 votes)&quot;,&quot;size&quot;:&quot;24&quot;,&quot;title&quot;:&quot;Rice Husk Dryer | Biomass Drying Machine&quot;,&quot;width&quot;:&quot;130.9&quot;,&quot;_legend&quot;:&quot;{score}\\\/{best} - ({count} {votes})&quot;,&quot;font_factor&quot;:&quot;1.25&quot;}'>              <div class=\"kksr-stars\">      <div class=\"kksr-stars-inactive\">             <div class=\"kksr-star\" data-star=\"1\" style=\"padding-right: 5px\">               <div class=\"kksr-icon\" style=\"width: 24px; height: 24px;\"><\/div>         <\/div>             <div class=\"kksr-star\" data-star=\"2\" style=\"padding-right: 5px\">               <div class=\"kksr-icon\" style=\"width: 24px; height: 24px;\"><\/div>         <\/div>             <div class=\"kksr-star\" data-star=\"3\" style=\"padding-right: 5px\">               <div class=\"kksr-icon\" style=\"width: 24px; height: 24px;\"><\/div>         <\/div>             <div class=\"kksr-star\" data-star=\"4\" style=\"padding-right: 5px\">               <div class=\"kksr-icon\" style=\"width: 24px; height: 24px;\"><\/div>         <\/div>             <div class=\"kksr-star\" data-star=\"5\" style=\"padding-right: 5px\">               <div class=\"kksr-icon\" style=\"width: 24px; height: 24px;\"><\/div>         <\/div>     <\/div>      <div class=\"kksr-stars-active\" style=\"width: 130.9px;\">             <div class=\"kksr-star\" style=\"padding-right: 5px\">               <div class=\"kksr-icon\" style=\"width: 24px; height: 24px;\"><\/div>         <\/div>             <div class=\"kksr-star\" style=\"padding-right: 5px\">               <div class=\"kksr-icon\" style=\"width: 24px; height: 24px;\"><\/div>         <\/div>             <div class=\"kksr-star\" style=\"padding-right: 5px\">               <div class=\"kksr-icon\" style=\"width: 24px; height: 24px;\"><\/div>         <\/div>             <div class=\"kksr-star\" style=\"padding-right: 5px\">               <div class=\"kksr-icon\" style=\"width: 24px; height: 24px;\"><\/div>         <\/div>             <div class=\"kksr-star\" style=\"padding-right: 5px\">               <div class=\"kksr-icon\" style=\"width: 24px; height: 24px;\"><\/div>         <\/div>     <\/div> <\/div>                   <div class=\"kksr-legend\" style=\"font-size: 19.2px;\">             4,6\/5 - (23 votes)    <\/div>     <\/div>  <p class=\"translation-block\">Le <strong>s\u00e9choir \u00e0 balle de riz<\/strong> est un \u00e9quipement de s\u00e9chage important dans la ligne de production de charbon de bois. Il peut s\u00e9cher la sciure de bois humide, les copeaux de bois humides, le bambou humide et d'autres mati\u00e8res premi\u00e8res. Par cons\u00e9quent, il peut \u00eatre utilis\u00e9 dans la m\u00e9tallurgie, les mat\u00e9riaux de construction, les produits chimiques, le lavage du charbon, les engrais, le minerai, le sable et d'autres domaines. Nous produisons des s\u00e9choirs \u00e0 tambour rotatif et des s\u00e9choirs \u00e0 flux d'air. Ils se caract\u00e9risent par des \u00e9conomies d'\u00e9nergie, un bon effet de s\u00e9chage et une utilisation simple. Vous pouvez nous appeler ou nous envoyer un courriel, et nous vous donnerons un prix comp\u00e9titif.<\/p>    <h2 class=\"wp-block-heading\" id=\"h-what-are-the-types-of-rice-husk-dryers\">Quels sont les types de s\u00e9choirs \u00e0 balles de riz\u00a0?<\/h2>    <p class=\"translation-block\">Les s\u00e9choirs industriels sont divis\u00e9s en s\u00e9choirs rotatifs horizontaux et s\u00e9choirs \u00e0 flux d'air verticaux. En fait, les deux s\u00e9choirs peuvent s\u00e9cher la <strong><a href=\"https:\/\/charcoalplant.com\/fr\/wood-wastes-recycling-machine\/waste-wooden-pallet-grinder\/\">sciure de bois<\/a><\/strong>, les copeaux de bois, le sable, les engrais, les pierres, et plus encore. Et l'effet de s\u00e9chage est \u00e9galement bon. Quelle est donc la diff\u00e9rence entre eux ? Comment choisir un s\u00e9choir ? Nous pouvons discuter de ces questions ensuite.<\/p>    <h2 class=\"wp-block-heading\"><strong>Type 1<\/strong>: s\u00e9choir rotatif horizontal<\/h2>    <p>La machine rotative de s\u00e9chage des balles de riz peut s\u00e9cher du minerai, de l'argile, du sable, de la poudre et d'autres mat\u00e9riaux. L'important est que son effet dess\u00e9chant puisse atteindre plus de 95%. Le s\u00e9choir rotatif est le plus command\u00e9 par nos clients. Autrement dit, c\u2019est le meilleur mat\u00e9riel de s\u00e9chage vendu.<\/p>    <figure class=\"wp-block-image aligncenter size-full\"><img loading=\"lazy\" decoding=\"async\" width=\"720\" height=\"540\" src=\"https:\/\/charcoalplant.com\/wp-content\/uploads\/2021\/11\/Rice-husk-dryer-1.jpg\" alt=\"S\u00e9choir \u00e0 balles de riz\" class=\"wp-image-960\" srcset=\"https:\/\/charcoalplant.com\/wp-content\/uploads\/2021\/11\/Rice-husk-dryer-1.jpg 720w, https:\/\/charcoalplant.com\/wp-content\/uploads\/2021\/11\/Rice-husk-dryer-1-300x225.jpg 300w\" sizes=\"auto, (max-width: 720px) 100vw, 720px\" \/><figcaption class=\"wp-element-caption\">S\u00e9choir \u00e0 balles de riz<\/figcaption><\/figure>    <h2 class=\"wp-block-heading\">Structure de la machine de s\u00e9chage de sciure de bois<\/h2>    <p class=\"translation-block\">Sa structure caract\u00e9ristique principale est un rouleau horizontal. Les tambours ont des diam\u00e8tres diff\u00e9rents pour obtenir des rendements diff\u00e9rents. Il y a de nombreuses plaques de levage \u00e0 l'int\u00e9rieur du tambour. Lorsque le tambour tourne, les mati\u00e8res premi\u00e8res peuvent \u00eatre transf\u00e9r\u00e9es uniform\u00e9ment. Deuxi\u00e8mement, le moteur \u00e0 engrenages et l'engrenage \u00e0 l'ext\u00e9rieur du f\u00fbt. La rotation du tambour repose sur des engrenages, et le contr\u00f4le de la vitesse d\u00e9pend d'un <strong><a href=\"https:\/\/charcoalplant.com\/fr\/industrial-comprehensive-crusher\/\">moteur \u00e0 engrenages.<\/a><\/strong><\/p>    <figure class=\"wp-block-image aligncenter size-full\"><img loading=\"lazy\" decoding=\"async\" width=\"696\" height=\"409\" src=\"https:\/\/charcoalplant.com\/wp-content\/uploads\/2022\/03\/sawdust-drying-machine.jpg\" alt=\"machine de s\u00e9chage de sciure de bois\" class=\"wp-image-2597\"\/><figcaption class=\"wp-element-caption\">machine de s\u00e9chage de sciure de bois<\/figcaption><\/figure>    <div class=\"wp-block-columns has-background is-layout-flex wp-container-core-columns-is-layout-28f84493 wp-block-columns-is-layout-flex\" style=\"background-color:#f1f1f1\"> <div class=\"wp-block-column is-layout-flow wp-block-column-is-layout-flow\" style=\"flex-basis:66.66%\"> <figure class=\"wp-block-gallery has-nested-images columns-default is-cropped wp-block-gallery-2 is-layout-flex wp-block-gallery-is-layout-flex\"> <figure class=\"wp-block-image size-large\"><img loading=\"lazy\" decoding=\"async\" width=\"720\" height=\"540\" data-id=\"968\" src=\"https:\/\/charcoalplant.com\/wp-content\/uploads\/2021\/11\/Roller-1.jpg\" alt=\"Rouleau\" class=\"wp-image-968\" srcset=\"https:\/\/charcoalplant.com\/wp-content\/uploads\/2021\/11\/Roller-1.jpg 720w, https:\/\/charcoalplant.com\/wp-content\/uploads\/2021\/11\/Roller-1-300x225.jpg 300w\" sizes=\"auto, (max-width: 720px) 100vw, 720px\" \/><figcaption class=\"wp-element-caption\">Rouleau<\/figcaption><\/figure> <\/figure> <\/div>    <div class=\"wp-block-column is-vertically-aligned-center is-layout-flow wp-block-column-is-layout-flow\" style=\"flex-basis:33.33%\"> <p class=\"translation-block\"><strong>Corps principal<\/strong><\/p>    <p>Sa structure caract\u00e9ristique principale est un rouleau horizontal. Les tambours ont diff\u00e9rents diam\u00e8tres pour obtenir des rendements diff\u00e9rents. Il y a de nombreuses plaques de levage \u00e0 l'int\u00e9rieur du tambour.<\/p> <\/div> <\/div>    <div class=\"wp-block-columns has-background is-layout-flex wp-container-core-columns-is-layout-28f84493 wp-block-columns-is-layout-flex\" style=\"background-color:#f1f1f1\"> <div class=\"wp-block-column is-vertically-aligned-center is-layout-flow wp-block-column-is-layout-flow\" style=\"flex-basis:33.33%\"> <p class=\"translation-block\"><strong>Bo\u00eetier de commande \u00e9lectrique<\/strong><\/p>    <p>L'armoire de distribution \u00e9lectrique peut facilement contr\u00f4ler la temp\u00e9rature et la vitesse du r\u00e9ducteur. Il joue donc \u00e9galement un r\u00f4le de s\u00e9curit\u00e9.<\/p> <\/div>    <div class=\"wp-block-column is-layout-flow wp-block-column-is-layout-flow\" style=\"flex-basis:66.66%\"> <figure class=\"wp-block-gallery has-nested-images columns-default is-cropped wp-block-gallery-3 is-layout-flex wp-block-gallery-is-layout-flex\"> <figure class=\"wp-block-image size-large\"><img loading=\"lazy\" decoding=\"async\" width=\"720\" height=\"540\" data-id=\"2604\" src=\"https:\/\/charcoalplant.com\/wp-content\/uploads\/2022\/03\/electric-box.jpg\" alt=\"\" class=\"wp-image-2604\"\/><\/figure> <\/figure> <\/div> <\/div>    <h2 class=\"wp-block-heading\">Param\u00e8tres de la machine de s\u00e9chage de sciure de bois<\/h2>    <figure class=\"wp-block-table is-style-stripes\"><table><tbody><tr><td>Mod\u00e8le<\/td><td>Capacit\u00e9<\/td><td>Pouvoir<\/td><td>Diam\u00e8tre rotatif<\/td><\/tr><tr><td>SL-RD800<\/td><td>400-600 kg\/heure<\/td><td>4kw<\/td><td>0,8 m de diam\u00e8tre, longueur 8 m<\/td><\/tr><tr><td>SL-RD1000<\/td><td>800-1000kg\/heure<\/td><td>5,5+5,5kw<\/td><td>1 m de diam\u00e8tre, longueur 10 m<\/td><\/tr><tr><td>SL-RD1200<\/td><td>1000-1200kg\/heure<\/td><td>7,5+7,5kw<\/td><td>1,2 m de diam\u00e8tre, longueur 12 m<\/td><\/tr><tr><td>SL-RD1500<\/td><td>1500-2000kg\/heure<\/td><td>15+15kw<\/td><td>1,5 m de diam\u00e8tre, longueur 12 m<\/td><\/tr><\/tbody><\/table><\/figure>    <h2 class=\"wp-block-heading\">Vid\u00e9o d'une machine de s\u00e9chage de sciure industrielle<\/h2>    <figure class=\"wp-block-embed is-type-video is-provider-youtube wp-block-embed-youtube wp-embed-aspect-16-9 wp-has-aspect-ratio\"><div class=\"wp-block-embed__wrapper\"> <iframe loading=\"lazy\" title=\"Merveilleuse machine de s\u00e9chage de sciure | Ligne de production de s\u00e9choir SL-800 install\u00e9e en Indon\u00e9sie#sawdustdrying\" width=\"500\" height=\"281\" src=\"https:\/\/www.youtube.com\/embed\/qOxIQAGlh44?feature=oembed\" frameborder=\"0\" allow=\"accelerometer; autoplay; clipboard-write; encrypted-media; gyroscope; picture-in-picture; web-share\" referrerpolicy=\"strict-origin-when-cross-origin\" allowfullscreen><\/iframe> <\/div><\/figure>    <h2 class=\"wp-block-heading\"><strong>Type 2<\/strong>: s\u00e9cheur \u00e0 flux d'air vertical<\/h2>    <p>Le s\u00e9choir \u00e0 flux d'air est plus adapt\u00e9 au s\u00e9chage de mat\u00e9riaux l\u00e9gers, tels que la balle de riz, la poudre, la sciure de bois, les particules de bois, etc. Sa capacit\u00e9 de d\u00e9shumidification est \u00e9galement tr\u00e8s bonne. Mais il faut calculer la hauteur de la plante, donc le rendement est limit\u00e9.<\/p>    <figure class=\"wp-block-image aligncenter size-full\"><img loading=\"lazy\" decoding=\"async\" width=\"720\" height=\"540\" src=\"https:\/\/charcoalplant.com\/wp-content\/uploads\/2022\/03\/rice-husk-dryer-machine.jpg\" alt=\"\" class=\"wp-image-2600\"\/><\/figure>    <h2 class=\"wp-block-heading\">Structure de la machine de s\u00e9chage \u00e0 flux d'air<\/h2>    <p>La structure du s\u00e9choir de balle de riz comprend principalement un four \u00e0 source de chaleur, un ventilateur \u00e0 tirage induit, une chambre de s\u00e9chage, une entr\u00e9e, une sortie, etc.<\/p>    <figure class=\"wp-block-image aligncenter size-full is-resized\"><img loading=\"lazy\" decoding=\"async\" src=\"https:\/\/charcoalplant.com\/wp-content\/uploads\/2022\/03\/rice-husk-dryer-show.png\" alt=\"spectacle-de-s\u00e9choir-de-cosses de riz\" class=\"wp-image-2599\" width=\"697\" height=\"336\"\/><figcaption class=\"wp-element-caption\">spectacle-de-s\u00e9choir-de-cosses de riz<\/figcaption><\/figure>    <div class=\"wp-block-columns has-background is-layout-flex wp-container-core-columns-is-layout-28f84493 wp-block-columns-is-layout-flex\" style=\"background-color:#f1f1f1\"> <div class=\"wp-block-column is-layout-flow wp-block-column-is-layout-flow\" style=\"flex-basis:66.66%\"> <figure class=\"wp-block-gallery has-nested-images columns-default is-cropped wp-block-gallery-4 is-layout-flex wp-block-gallery-is-layout-flex\"> <figure class=\"wp-block-image size-large\"><img loading=\"lazy\" decoding=\"async\" width=\"720\" height=\"540\" data-id=\"967\" src=\"https:\/\/charcoalplant.com\/wp-content\/uploads\/2021\/11\/Heat-source-furnace-for-airflow-dryer-1.jpg\" alt=\"Four \u00e0 source de chaleur pour s\u00e8che-linge \u00e0 flux d&#039;air\" class=\"wp-image-967\" srcset=\"https:\/\/charcoalplant.com\/wp-content\/uploads\/2021\/11\/Heat-source-furnace-for-airflow-dryer-1.jpg 720w, https:\/\/charcoalplant.com\/wp-content\/uploads\/2021\/11\/Heat-source-furnace-for-airflow-dryer-1-300x225.jpg 300w\" sizes=\"auto, (max-width: 720px) 100vw, 720px\" \/><figcaption class=\"wp-element-caption\">Four \u00e0 source de chaleur pour s\u00e8che-linge \u00e0 flux d'air<\/figcaption><\/figure> <\/figure> <\/div>    <div class=\"wp-block-column is-vertically-aligned-center is-layout-flow wp-block-column-is-layout-flow\" style=\"flex-basis:33.33%\"> <p class=\"translation-block\"><strong>Br\u00fbleur<\/strong><\/p>    <p>Il fournit une source de chaleur lors de la combustion du four. De plus, ses mati\u00e8res premi\u00e8res ne sont pas n\u00e9cessaires.<\/p> <\/div> <\/div>    <div class=\"wp-block-columns has-background is-layout-flex wp-container-core-columns-is-layout-28f84493 wp-block-columns-is-layout-flex\" style=\"background-color:#f1f1f1\"> <div class=\"wp-block-column is-vertically-aligned-center is-layout-flow wp-block-column-is-layout-flow\" style=\"flex-basis:33.33%\"> <p class=\"translation-block\"><strong>Tube<\/strong><\/p>    <p>La structure et l'apparence de la chambre de s\u00e9chage des deux s\u00e9choirs de balles de riz sont diff\u00e9rentes. Il utilise un silo vertical. Il occupe donc un espace horizontal plus petit. Mais il faut calculer la hauteur de la plante, donc le rendement est limit\u00e9.<\/p> <\/div>    <div class=\"wp-block-column is-layout-flow wp-block-column-is-layout-flow\" style=\"flex-basis:66.66%\"> <figure class=\"wp-block-gallery has-nested-images columns-default is-cropped wp-block-gallery-5 is-layout-flex wp-block-gallery-is-layout-flex\"> <figure class=\"wp-block-image size-large\"><img loading=\"lazy\" decoding=\"async\" width=\"720\" height=\"540\" data-id=\"2605\" src=\"https:\/\/charcoalplant.com\/wp-content\/uploads\/2022\/03\/airflow-dryer-for-sale.jpg\" alt=\"\" class=\"wp-image-2605\"\/><\/figure> <\/figure> <\/div> <\/div>    <h2 class=\"wp-block-heading\">Param\u00e8tres de la machine de s\u00e9chage \u00e0 flux d'air<\/h2>    <figure class=\"wp-block-table is-style-stripes\"><table><tbody><tr><td>Taper<\/td><td>Capacit\u00e9<\/td><td>Pouvoir<\/td><\/tr><tr><td>SL-AD320<\/td><td>500-600 kg\/heure<\/td><td>7,5 kW<\/td><\/tr><tr><td>SL-AD219<\/td><td>300-400kg\/heure<\/td><td>5,5 kW<\/td><\/tr><\/tbody><\/table><\/figure>    <h2 class=\"wp-block-heading\" id=\"h-related-accessories-of-rice-husk-drying-machine\">Accessoires associ\u00e9s de la machine de s\u00e9chage de balle de riz<\/h2>    <p>Les deux types de s\u00e9choirs \u00e0 sciure s'appuient sur le four \u00e0 source de chaleur pour fournir la source de chaleur, puis m\u00e9langent le mat\u00e9riau avec l'air chaud via le ventilateur \u00e0 tirage induit. La temp\u00e9rature du produit final est d'environ 50 degr\u00e9s.<\/p>    <p>Par cons\u00e9quent, afin d'assurer la s\u00e9curit\u00e9 des op\u00e9rateurs, nous recommandons g\u00e9n\u00e9ralement aux clients d'installer des dispositifs de refroidissement et de d\u00e9poussi\u00e9rage. D'une part, le refroidissement par air peut refroidir la sciure de bois \u00e0 haute temp\u00e9rature jusqu'\u00e0 20 degr\u00e9s. D'autre part, le dispositif de d\u00e9poussi\u00e9rage peut collecter la poussi\u00e8re pour garantir la puret\u00e9 du produit et l'hygi\u00e8ne de l'usine.<\/p>    <figure class=\"wp-block-image aligncenter size-full\"><img loading=\"lazy\" decoding=\"async\" width=\"720\" height=\"540\" src=\"https:\/\/charcoalplant.com\/wp-content\/uploads\/2022\/03\/dust-romovel-machine.jpg\" alt=\"\" class=\"wp-image-2606\"\/><\/figure>    <h2 class=\"wp-block-heading\" id=\"h-rice-husk-dryer-for-sale\">S\u00e9choir \u00e0 balles de riz\u00a0\u00e0 vendre<\/h2>    <p class=\"translation-block\">Il existe deux types de s\u00e9choirs \u00e0 balle de riz que nous vendons : les s\u00e9choirs \u00e0 culbutage et les s\u00e9choirs \u00e0 flux d'air. Et vous pouvez placer une <strong><a href=\"https:\/\/charcoalplant.com\/fr\/biomass-briquette-machine\/sawdust-briquette-machine\/\">machine de briquetage de biomasse<\/a><\/strong> derri\u00e8re la machine. Nous produisons des diam\u00e8tres de rouleaux de 800 mm, 1000 mm et 1200 mm. Si vous avez besoin d'un diam\u00e8tre de rouleau plus grand, nous pouvons le personnaliser pour vous. La longueur du tambour est \u00e9galement flexible. Les sp\u00e9cifications des silos du s\u00e9choir \u00e0 flux d'air sont \u00e9galement diverses. Contactez-nous d\u00e8s que possible, nous vous fournirons les param\u00e8tres d\u00e9taill\u00e9s de la machine de fabrication de balle de riz.<\/p>    <figure class=\"wp-block-gallery has-nested-images columns-2 is-cropped wp-block-gallery-6 is-layout-flex wp-block-gallery-is-layout-flex\"> <figure class=\"wp-block-image size-large\"><img loading=\"lazy\" decoding=\"async\" width=\"720\" height=\"540\" data-id=\"972\" src=\"https:\/\/charcoalplant.com\/wp-content\/uploads\/2021\/11\/Shipment-of-rice-husk-dryer-1.jpg\" alt=\"Exp\u00e9dition de s\u00e9choir \u00e0 balles de riz\" class=\"wp-image-972\" srcset=\"https:\/\/charcoalplant.com\/wp-content\/uploads\/2021\/11\/Shipment-of-rice-husk-dryer-1.jpg 720w, https:\/\/charcoalplant.com\/wp-content\/uploads\/2021\/11\/Shipment-of-rice-husk-dryer-1-300x225.jpg 300w\" sizes=\"auto, (max-width: 720px) 100vw, 720px\" \/><figcaption class=\"wp-element-caption\">Exp\u00e9dition de s\u00e9choir \u00e0 balles de riz<\/figcaption><\/figure>    <figure class=\"wp-block-image size-full\"><img loading=\"lazy\" decoding=\"async\" width=\"720\" height=\"540\" data-id=\"2607\" src=\"https:\/\/charcoalplant.com\/wp-content\/uploads\/2022\/03\/rice-husk-dryer-shipping.jpg\" alt=\"exp\u00e9dition de s\u00e9choir \u00e0 balle de riz\" class=\"wp-image-2607\"\/><figcaption class=\"wp-element-caption\">exp\u00e9dition de s\u00e9choir \u00e0 balle de riz<\/figcaption><\/figure> <\/figure>","protected":false},"excerpt":{"rendered":"<p>Le s\u00e9choir \u00e0 balles de riz peut s\u00e9cher la sciure de bois humide, la bagasse humide, le sable humide, etc. Il peut r\u00e9duire la teneur en humidit\u00e9 \u00e0 environ 8%.<\/p>","protected":false},"author":1,"featured_media":960,"parent":0,"template":"","tags":[60],"product-type":[45],"class_list":["post-958","product","type-product","status-publish","has-post-thumbnail","hentry","tag-drying-machine","product-type-drying-machine"],"_links":{"self":[{"href":"https:\/\/charcoalplant.com\/fr\/wp-json\/wp\/v2\/product\/958","targetHints":{"allow":["GET"]}}],"collection":[{"href":"https:\/\/charcoalplant.com\/fr\/wp-json\/wp\/v2\/product"}],"about":[{"href":"https:\/\/charcoalplant.com\/fr\/wp-json\/wp\/v2\/types\/product"}],"author":[{"embeddable":true,"href":"https:\/\/charcoalplant.com\/fr\/wp-json\/wp\/v2\/users\/1"}],"wp:featuredmedia":[{"embeddable":true,"href":"https:\/\/charcoalplant.com\/fr\/wp-json\/wp\/v2\/media\/960"}],"wp:attachment":[{"href":"https:\/\/charcoalplant.com\/fr\/wp-json\/wp\/v2\/media?parent=958"}],"wp:term":[{"taxonomy":"post_tag","embeddable":true,"href":"https:\/\/charcoalplant.com\/fr\/wp-json\/wp\/v2\/tags?post=958"},{"taxonomy":"product-type","embeddable":true,"href":"https:\/\/charcoalplant.com\/fr\/wp-json\/wp\/v2\/product-type?post=958"}],"curies":[{"name":"wp","href":"https:\/\/api.w.org\/{rel}","templated":true}]}}